{"id":142141,"date":"2024-09-16T12:39:42","date_gmt":"2024-09-16T10:39:42","guid":{"rendered":"https:\/\/www.metrica.it\/prodotto\/micrometro-para-exteriores\/"},"modified":"2024-09-16T21:31:16","modified_gmt":"2024-09-16T19:31:16","slug":"micrometro-para-exteriores","status":"publish","type":"product","link":"https:\/\/www.metrica.it\/es\/producto\/micrometro-para-exteriores\/","title":{"rendered":"Micr\u00f3metro Para Exteriores"},"content":{"rendered":"<ul>\n<li>Lectura 0,01 mm<\/li>\n<li>Arco cromado<\/li>\n<li>Contactos en widia \u00d8 6,5 mm<\/li>\n<li>Tambor \u00d8 18 mm<\/li>\n<li>Palanca de bloqueo<\/li>\n<li>Caja en ABS<\/li>\n<li>Precisi\u00f3n normas DIN 863<\/li>\n<\/ul>\n","protected":false},"excerpt":{"rendered":"<p>Lectura 0,01 mm<br \/>Arco cromado<br \/>Contactos en widia \u00d8 6,5 mm<br \/>Tambor \u00d8 18 mm<br \/>Palanca de bloqueo<br \/>Caja en ABS<br \/>Precisi\u00f3n normas DIN 863<\/p>\n","protected":false},"featured_media":129514,"template":"","meta":[],"product_cat":[643,663],"product_tag":[],"class_list":{"0":"post-142141","1":"product","2":"type-product","3":"status-publish","4":"has-post-thumbnail","6":"product_cat-mediciones-mecanicas","7":"product_cat-micrometros","9":"first","10":"instock","11":"sold-individually","12":"product-type-simple"},"yoast_head":"<title>Micrometro Per Esterni | Micr\u00f3metros | Mediciones Mec\u00e1nicas - Metrica<\/title>\n<meta name=\"description\" content=\"Descubre la colecci\u00f3n de productos., Micrometro Per Esterni - Micr\u00f3metros.Lettura 0,01 mm,Arco cromato,Contatti in metallo duro, &Oslash; 6,5 mm . Consulta el cat\u00e1logo en la web oficial de Metrica.\" \/>\n<meta name=\"robots\" content=\"index, follow, max-snippet:-1, max-image-preview:large, max-video-preview:-1\" \/>\n<link rel=\"canonical\" href=\"https:\/\/www.metrica.it\/es\/producto\/micrometro-para-exteriores\/\" \/>\n<meta property=\"og:locale\" content=\"es_ES\" \/>\n<meta property=\"og:type\" content=\"article\" \/>\n<meta property=\"og:title\" content=\"Micrometro Per Esterni | Micr\u00f3metros | Mediciones Mec\u00e1nicas - Metrica\" \/>\n<meta property=\"og:description\" content=\"Descubre la colecci\u00f3n de productos., Micrometro Per Esterni - Micr\u00f3metros.Lettura 0,01 mm,Arco cromato,Contatti in metallo duro, &Oslash; 6,5 mm . Consulta el cat\u00e1logo en la web oficial de Metrica.\" \/>\n<meta property=\"og:url\" content=\"https:\/\/www.metrica.it\/es\/producto\/micrometro-para-exteriores\/\" \/>\n<meta property=\"og:site_name\" content=\"Metrica\" \/>\n<meta property=\"article:modified_time\" content=\"2024-09-16T19:31:16+00:00\" \/>\n<meta property=\"og:image\" content=\"https:\/\/www.metrica.it\/wp-content\/uploads\/2024\/06\/44061.jpg\" \/>\n\t<meta property=\"og:image:width\" content=\"800\" \/>\n\t<meta property=\"og:image:height\" content=\"800\" \/>\n\t<meta property=\"og:image:type\" content=\"image\/jpeg\" \/>\n<meta name=\"twitter:card\" content=\"summary_large_image\" \/>\n<script type=\"application\/ld+json\" class=\"yoast-schema-graph\">{\"@context\":\"https:\\\/\\\/schema.org\",\"@graph\":[{\"@type\":\"WebPage\",\"@id\":\"https:\\\/\\\/www.metrica.it\\\/es\\\/producto\\\/micrometro-para-exteriores\\\/\",\"url\":\"https:\\\/\\\/www.metrica.it\\\/es\\\/producto\\\/micrometro-para-exteriores\\\/\",\"name\":\"Micrometro Per Esterni | Micr\u00f3metros | Mediciones Mec\u00e1nicas - Metrica\",\"isPartOf\":{\"@id\":\"https:\\\/\\\/www.metrica.it\\\/es\\\/#website\"},\"primaryImageOfPage\":{\"@id\":\"https:\\\/\\\/www.metrica.it\\\/es\\\/producto\\\/micrometro-para-exteriores\\\/#primaryimage\"},\"image\":{\"@id\":\"https:\\\/\\\/www.metrica.it\\\/es\\\/producto\\\/micrometro-para-exteriores\\\/#primaryimage\"},\"thumbnailUrl\":\"https:\\\/\\\/www.metrica.it\\\/wp-content\\\/uploads\\\/2024\\\/06\\\/44061.jpg\",\"datePublished\":\"2024-09-16T10:39:42+00:00\",\"dateModified\":\"2024-09-16T19:31:16+00:00\",\"description\":\"Descubre la colecci\u00f3n de productos., Micrometro Per Esterni - Micr\u00f3metros.Lettura 0,01 mm,Arco cromato,Contatti in metallo duro, &Oslash; 6,5 mm . Consulta el cat\u00e1logo en la web oficial de Metrica.\",\"breadcrumb\":{\"@id\":\"https:\\\/\\\/www.metrica.it\\\/es\\\/producto\\\/micrometro-para-exteriores\\\/#breadcrumb\"},\"inLanguage\":\"es\",\"potentialAction\":[{\"@type\":\"ReadAction\",\"target\":[\"https:\\\/\\\/www.metrica.it\\\/es\\\/producto\\\/micrometro-para-exteriores\\\/\"]}]},{\"@type\":\"ImageObject\",\"inLanguage\":\"es\",\"@id\":\"https:\\\/\\\/www.metrica.it\\\/es\\\/producto\\\/micrometro-para-exteriores\\\/#primaryimage\",\"url\":\"https:\\\/\\\/www.metrica.it\\\/wp-content\\\/uploads\\\/2024\\\/06\\\/44061.jpg\",\"contentUrl\":\"https:\\\/\\\/www.metrica.it\\\/wp-content\\\/uploads\\\/2024\\\/06\\\/44061.jpg\",\"width\":800,\"height\":800},{\"@type\":\"BreadcrumbList\",\"@id\":\"https:\\\/\\\/www.metrica.it\\\/es\\\/producto\\\/micrometro-para-exteriores\\\/#breadcrumb\",\"itemListElement\":[{\"@type\":\"ListItem\",\"position\":1,\"name\":\"Home\",\"item\":\"https:\\\/\\\/www.metrica.it\\\/es\\\/\"},{\"@type\":\"ListItem\",\"position\":2,\"name\":\"Cat\u00e1logo\",\"item\":\"https:\\\/\\\/www.metrica.it\\\/es\\\/catalogo-es\\\/\"},{\"@type\":\"ListItem\",\"position\":3,\"name\":\"Micr\u00f3metro Para Exteriores\"}]},{\"@type\":\"WebSite\",\"@id\":\"https:\\\/\\\/www.metrica.it\\\/es\\\/#website\",\"url\":\"https:\\\/\\\/www.metrica.it\\\/es\\\/\",\"name\":\"Metrica\",\"description\":\"Made to measure\",\"potentialAction\":[{\"@type\":\"SearchAction\",\"target\":{\"@type\":\"EntryPoint\",\"urlTemplate\":\"https:\\\/\\\/www.metrica.it\\\/es\\\/?s={search_term_string}\"},\"query-input\":{\"@type\":\"PropertyValueSpecification\",\"valueRequired\":true,\"valueName\":\"search_term_string\"}}],\"inLanguage\":\"es\"}]}<\/script>","yoast_head_json":{"title":"Micrometro Per Esterni | Micr\u00f3metros | Mediciones Mec\u00e1nicas - Metrica","description":"Descubre la colecci\u00f3n de productos., Micrometro Per Esterni - Micr\u00f3metros.Lettura 0,01 mm,Arco cromato,Contatti in metallo duro, &Oslash; 6,5 mm . Consulta el cat\u00e1logo en la web oficial de Metrica.","robots":{"index":"index","follow":"follow","max-snippet":"max-snippet:-1","max-image-preview":"max-image-preview:large","max-video-preview":"max-video-preview:-1"},"canonical":"https:\/\/www.metrica.it\/es\/producto\/micrometro-para-exteriores\/","og_locale":"es_ES","og_type":"article","og_title":"Micrometro Per Esterni | Micr\u00f3metros | Mediciones Mec\u00e1nicas - Metrica","og_description":"Descubre la colecci\u00f3n de productos., Micrometro Per Esterni - Micr\u00f3metros.Lettura 0,01 mm,Arco cromato,Contatti in metallo duro, &Oslash; 6,5 mm . Consulta el cat\u00e1logo en la web oficial de Metrica.","og_url":"https:\/\/www.metrica.it\/es\/producto\/micrometro-para-exteriores\/","og_site_name":"Metrica","article_modified_time":"2024-09-16T19:31:16+00:00","og_image":[{"width":800,"height":800,"url":"https:\/\/www.metrica.it\/wp-content\/uploads\/2024\/06\/44061.jpg","type":"image\/jpeg"}],"twitter_card":"summary_large_image","schema":{"@context":"https:\/\/schema.org","@graph":[{"@type":"WebPage","@id":"https:\/\/www.metrica.it\/es\/producto\/micrometro-para-exteriores\/","url":"https:\/\/www.metrica.it\/es\/producto\/micrometro-para-exteriores\/","name":"Micrometro Per Esterni | Micr\u00f3metros | Mediciones Mec\u00e1nicas - Metrica","isPartOf":{"@id":"https:\/\/www.metrica.it\/es\/#website"},"primaryImageOfPage":{"@id":"https:\/\/www.metrica.it\/es\/producto\/micrometro-para-exteriores\/#primaryimage"},"image":{"@id":"https:\/\/www.metrica.it\/es\/producto\/micrometro-para-exteriores\/#primaryimage"},"thumbnailUrl":"https:\/\/www.metrica.it\/wp-content\/uploads\/2024\/06\/44061.jpg","datePublished":"2024-09-16T10:39:42+00:00","dateModified":"2024-09-16T19:31:16+00:00","description":"Descubre la colecci\u00f3n de productos., Micrometro Per Esterni - Micr\u00f3metros.Lettura 0,01 mm,Arco cromato,Contatti in metallo duro, &Oslash; 6,5 mm . Consulta el cat\u00e1logo en la web oficial de Metrica.","breadcrumb":{"@id":"https:\/\/www.metrica.it\/es\/producto\/micrometro-para-exteriores\/#breadcrumb"},"inLanguage":"es","potentialAction":[{"@type":"ReadAction","target":["https:\/\/www.metrica.it\/es\/producto\/micrometro-para-exteriores\/"]}]},{"@type":"ImageObject","inLanguage":"es","@id":"https:\/\/www.metrica.it\/es\/producto\/micrometro-para-exteriores\/#primaryimage","url":"https:\/\/www.metrica.it\/wp-content\/uploads\/2024\/06\/44061.jpg","contentUrl":"https:\/\/www.metrica.it\/wp-content\/uploads\/2024\/06\/44061.jpg","width":800,"height":800},{"@type":"BreadcrumbList","@id":"https:\/\/www.metrica.it\/es\/producto\/micrometro-para-exteriores\/#breadcrumb","itemListElement":[{"@type":"ListItem","position":1,"name":"Home","item":"https:\/\/www.metrica.it\/es\/"},{"@type":"ListItem","position":2,"name":"Cat\u00e1logo","item":"https:\/\/www.metrica.it\/es\/catalogo-es\/"},{"@type":"ListItem","position":3,"name":"Micr\u00f3metro Para Exteriores"}]},{"@type":"WebSite","@id":"https:\/\/www.metrica.it\/es\/#website","url":"https:\/\/www.metrica.it\/es\/","name":"Metrica","description":"Made to measure","potentialAction":[{"@type":"SearchAction","target":{"@type":"EntryPoint","urlTemplate":"https:\/\/www.metrica.it\/es\/?s={search_term_string}"},"query-input":{"@type":"PropertyValueSpecification","valueRequired":true,"valueName":"search_term_string"}}],"inLanguage":"es"}]}},"meta_box":{"awr_documentation":[],"awr_manuale":[],"awr_scheda_tecnica":"","awr_youtube_video":"","awr_classe_prodotto":"","awr_customize_product":"0","awr_custom_image":false,"awr_related_products":[{"awr_product_name":"Micrometro Per Esterni","awr_product_references":"ref:44061|ean:8001066440610|a_mm:0 - 25|unit_misura_mm_mm:0.01|unit_misura_mm_inch:-|pack:1"},{"awr_product_name":"Micrometro Per Esterni","awr_product_references":"ref:44062|ean:8001066440627|a_mm:25 - 50|unit_misura_mm_mm:0.01|unit_misura_mm_inch:-|pack:1"},{"awr_product_name":"Micrometro Per Esterni","awr_product_references":"ref:44063|ean:8001066440634|a_mm:50 - 75|unit_misura_mm_mm:0.01|unit_misura_mm_inch:-|pack:1"},{"awr_product_name":"Micrometro Per Esterni","awr_product_references":"ref:44064|ean:8001066440641|a_mm:75 - 100|unit_misura_mm_mm:0.01|unit_misura_mm_inch:-|pack:1"}],"awr_consumabili":"","awr_alternativi":"","awr_aliases":"44061,44062,44063,44064","awr_skuid":"44061-it"},"_links":{"self":[{"href":"https:\/\/www.metrica.it\/es\/wp-json\/wp\/v2\/product\/142141","targetHints":{"allow":["GET"]}}],"collection":[{"href":"https:\/\/www.metrica.it\/es\/wp-json\/wp\/v2\/product"}],"about":[{"href":"https:\/\/www.metrica.it\/es\/wp-json\/wp\/v2\/types\/product"}],"wp:featuredmedia":[{"embeddable":true,"href":"https:\/\/www.metrica.it\/es\/wp-json\/wp\/v2\/media\/129514"}],"wp:attachment":[{"href":"https:\/\/www.metrica.it\/es\/wp-json\/wp\/v2\/media?parent=142141"}],"wp:term":[{"taxonomy":"product_cat","embeddable":true,"href":"https:\/\/www.metrica.it\/es\/wp-json\/wp\/v2\/product_cat?post=142141"},{"taxonomy":"product_tag","embeddable":true,"href":"https:\/\/www.metrica.it\/es\/wp-json\/wp\/v2\/product_tag?post=142141"}],"curies":[{"name":"wp","href":"https:\/\/api.w.org\/{rel}","templated":true}]}}