{"id":142196,"date":"2024-09-16T12:21:39","date_gmt":"2024-09-16T10:21:39","guid":{"rendered":"https:\/\/www.metrica.it\/prodotto\/nivel-laser-rotativo-incligrad-2\/"},"modified":"2024-11-07T09:34:57","modified_gmt":"2024-11-07T08:34:57","slug":"nivel-laser-rotativo-incligrad-2","status":"publish","type":"product","link":"https:\/\/www.metrica.it\/es\/producto\/nivel-laser-rotativo-incligrad-2\/","title":{"rendered":"Nivel L\u00e1ser Rotativo Incligrad 2"},"content":{"rendered":"<ul>\n<li>Receptor de alta sensibilidad con indicaci\u00f3n de desviaci\u00f3n en mm<\/li>\n<li>Cubierta met\u00e1lica<\/li>\n<li>Crea un plano horizontal, vertical o inclinado que puede ajustarse en \u00b110% en direcci\u00f3n X e Y y dos l\u00edneas de plomada.<\/li>\n<li>Ajuste del plano inclinado que se muestra en la pantalla<\/li>\n<li>Al girar la unidad 90\u00b0, la unidad genera un plano l\u00e1ser vertical autonivelado y dos haces horizontales.<\/li>\n<li>Funci\u00f3n SCANNER para proyectar una l\u00ednea m\u00e1s visible y m\u00e1s corta (ajustable a 4 longitudes: 10\u00b0 &#8211; 45\u00b0 &#8211; 90\u00b0 &#8211; 180\u00b0)<\/li>\n<li>Funci\u00f3n TILT (inclinaci\u00f3n): En caso de movimiento involuntario, el aparato desconecta el rayo l\u00e1ser.<\/li>\n<li>Funci\u00f3n de rotaci\u00f3n PASO A PASO<\/li>\n<li>Funci\u00f3n MANUAL que excluye la nivelaci\u00f3n autom\u00e1tica<\/li>\n<li>L\u00e1ser con 4 mangos de goma para facilitar el agarre y aumentar la protecci\u00f3n<\/li>\n<li>Recepci\u00f3n por control remoto en los 4 lados de la unidad para ajustar las inclinaciones de los ejes X e Y.<\/li>\n<li>Bater\u00edas recargables y cargador incluidos o 4 bater\u00edas alcalinas de 1,5 V LR14<\/li>\n<\/ul>\n","protected":false},"excerpt":{"rendered":"<p>Receptor de alta sensibilidad con indicaci\u00f3n de desviaci\u00f3n en mm<\/p>\n<p>Cubierta met\u00e1lica<\/p>\n<p>Crea un plano horizontal, vertical o inclinado que puede ajustarse en \u00b110% en direcci\u00f3n X e Y y dos l\u00edneas de plomada.<\/p>\n<p>Ajuste del plano inclinado que se muestra en la pantalla<\/p>\n<p>Al girar la unidad 90\u00b0, la unidad genera un plano l\u00e1ser vertical autonivelado y dos haces horizontales.<\/p>\n<p>Funci\u00f3n SCANNER para proyectar una l\u00ednea m\u00e1s visible y m\u00e1s corta (ajustable a 4 longitudes: 10\u00b0 &#8211; 45\u00b0 &#8211; 90\u00b0 &#8211; 180\u00b0)<\/p>\n<p>Funci\u00f3n TILT (inclinaci\u00f3n): En caso de movimiento involuntario, el aparato desconecta el rayo l\u00e1ser.<\/p>\n<p>Funci\u00f3n de rotaci\u00f3n PASO A PASO<\/p>\n<p>Funci\u00f3n MANUAL que excluye la nivelaci\u00f3n autom\u00e1tica<\/p>\n<p>L\u00e1ser con 4 mangos de goma para facilitar el agarre y aumentar la protecci\u00f3n<\/p>\n<p>Recepci\u00f3n por control remoto en los 4 lados de la unidad para ajustar las inclinaciones de los ejes X e Y.<\/p>\n<p>Bater\u00edas recargables y cargador incluidos o 4 bater\u00edas alcalinas de 1,5 V LR14<\/p>\n","protected":false},"featured_media":129584,"template":"","meta":[],"product_cat":[524,517],"product_tag":[],"class_list":{"0":"post-142196","1":"product","2":"type-product","3":"status-publish","4":"has-post-thumbnail","6":"product_cat-laser-autonivelantes","7":"product_cat-laser-y-termocamaras","9":"first","10":"instock","11":"sold-individually","12":"product-type-simple"},"yoast_head":"<title>AUTOLIVELLO LASER ROTATIVO CON PIANO INCLINABILE 4 MANIGLIE | L\u00e1ser Autonivelantes | Laser y Termocamaras - Metrica<\/title>\n<meta name=\"description\" content=\"Descubre la colecci\u00f3n de productos., AUTOLIVELLO LASER ROTATIVO CON PIANO INCLINABILE 4 MANIGLIE - L\u00e1ser Autonivelantes.Nuovo ricevitore con sensibilit\u00e0 maggiorata lettura mm\/inch,Nuova calott . Consulta el cat\u00e1logo en la web oficial de Metrica.\" \/>\n<meta name=\"robots\" content=\"index, follow, max-snippet:-1, max-image-preview:large, max-video-preview:-1\" \/>\n<link rel=\"canonical\" href=\"https:\/\/www.metrica.it\/es\/producto\/nivel-laser-rotativo-incligrad-2\/\" \/>\n<meta property=\"og:locale\" content=\"es_ES\" \/>\n<meta property=\"og:type\" content=\"article\" \/>\n<meta property=\"og:title\" content=\"AUTOLIVELLO LASER ROTATIVO CON PIANO INCLINABILE 4 MANIGLIE | L\u00e1ser Autonivelantes | Laser y Termocamaras - Metrica\" \/>\n<meta property=\"og:description\" content=\"Descubre la colecci\u00f3n de productos., AUTOLIVELLO LASER ROTATIVO CON PIANO INCLINABILE 4 MANIGLIE - L\u00e1ser Autonivelantes.Nuovo ricevitore con sensibilit\u00e0 maggiorata lettura mm\/inch,Nuova calott . Consulta el cat\u00e1logo en la web oficial de Metrica.\" \/>\n<meta property=\"og:url\" content=\"https:\/\/www.metrica.it\/es\/producto\/nivel-laser-rotativo-incligrad-2\/\" \/>\n<meta property=\"og:site_name\" content=\"Metrica\" \/>\n<meta property=\"article:modified_time\" content=\"2024-11-07T08:34:57+00:00\" \/>\n<meta property=\"og:image\" content=\"https:\/\/www.metrica.it\/wp-content\/uploads\/2024\/06\/61345_4.jpg\" \/>\n\t<meta property=\"og:image:width\" content=\"800\" \/>\n\t<meta property=\"og:image:height\" content=\"800\" \/>\n\t<meta property=\"og:image:type\" content=\"image\/jpeg\" \/>\n<meta name=\"twitter:card\" content=\"summary_large_image\" \/>\n<meta name=\"twitter:label1\" content=\"Tiempo de lectura\" \/>\n\t<meta name=\"twitter:data1\" content=\"2 minutos\" \/>\n<script type=\"application\/ld+json\" class=\"yoast-schema-graph\">{\"@context\":\"https:\\\/\\\/schema.org\",\"@graph\":[{\"@type\":\"WebPage\",\"@id\":\"https:\\\/\\\/www.metrica.it\\\/es\\\/producto\\\/nivel-laser-rotativo-incligrad-2\\\/\",\"url\":\"https:\\\/\\\/www.metrica.it\\\/es\\\/producto\\\/nivel-laser-rotativo-incligrad-2\\\/\",\"name\":\"AUTOLIVELLO LASER ROTATIVO CON PIANO INCLINABILE 4 MANIGLIE | L\u00e1ser Autonivelantes | Laser y Termocamaras - Metrica\",\"isPartOf\":{\"@id\":\"https:\\\/\\\/www.metrica.it\\\/es\\\/#website\"},\"primaryImageOfPage\":{\"@id\":\"https:\\\/\\\/www.metrica.it\\\/es\\\/producto\\\/nivel-laser-rotativo-incligrad-2\\\/#primaryimage\"},\"image\":{\"@id\":\"https:\\\/\\\/www.metrica.it\\\/es\\\/producto\\\/nivel-laser-rotativo-incligrad-2\\\/#primaryimage\"},\"thumbnailUrl\":\"https:\\\/\\\/www.metrica.it\\\/wp-content\\\/uploads\\\/2024\\\/06\\\/61345_4.jpg\",\"datePublished\":\"2024-09-16T10:21:39+00:00\",\"dateModified\":\"2024-11-07T08:34:57+00:00\",\"description\":\"Descubre la colecci\u00f3n de productos., AUTOLIVELLO LASER ROTATIVO CON PIANO INCLINABILE 4 MANIGLIE - L\u00e1ser Autonivelantes.Nuovo ricevitore con sensibilit\u00e0 maggiorata lettura mm\\\/inch,Nuova calott . Consulta el cat\u00e1logo en la web oficial de Metrica.\",\"breadcrumb\":{\"@id\":\"https:\\\/\\\/www.metrica.it\\\/es\\\/producto\\\/nivel-laser-rotativo-incligrad-2\\\/#breadcrumb\"},\"inLanguage\":\"es\",\"potentialAction\":[{\"@type\":\"ReadAction\",\"target\":[\"https:\\\/\\\/www.metrica.it\\\/es\\\/producto\\\/nivel-laser-rotativo-incligrad-2\\\/\"]}]},{\"@type\":\"ImageObject\",\"inLanguage\":\"es\",\"@id\":\"https:\\\/\\\/www.metrica.it\\\/es\\\/producto\\\/nivel-laser-rotativo-incligrad-2\\\/#primaryimage\",\"url\":\"https:\\\/\\\/www.metrica.it\\\/wp-content\\\/uploads\\\/2024\\\/06\\\/61345_4.jpg\",\"contentUrl\":\"https:\\\/\\\/www.metrica.it\\\/wp-content\\\/uploads\\\/2024\\\/06\\\/61345_4.jpg\",\"width\":800,\"height\":800},{\"@type\":\"BreadcrumbList\",\"@id\":\"https:\\\/\\\/www.metrica.it\\\/es\\\/producto\\\/nivel-laser-rotativo-incligrad-2\\\/#breadcrumb\",\"itemListElement\":[{\"@type\":\"ListItem\",\"position\":1,\"name\":\"Home\",\"item\":\"https:\\\/\\\/www.metrica.it\\\/es\\\/\"},{\"@type\":\"ListItem\",\"position\":2,\"name\":\"Cat\u00e1logo\",\"item\":\"https:\\\/\\\/www.metrica.it\\\/es\\\/catalogo-es\\\/\"},{\"@type\":\"ListItem\",\"position\":3,\"name\":\"Nivel L\u00e1ser Rotativo Incligrad 2\"}]},{\"@type\":\"WebSite\",\"@id\":\"https:\\\/\\\/www.metrica.it\\\/es\\\/#website\",\"url\":\"https:\\\/\\\/www.metrica.it\\\/es\\\/\",\"name\":\"Metrica\",\"description\":\"Made to measure\",\"potentialAction\":[{\"@type\":\"SearchAction\",\"target\":{\"@type\":\"EntryPoint\",\"urlTemplate\":\"https:\\\/\\\/www.metrica.it\\\/es\\\/?s={search_term_string}\"},\"query-input\":{\"@type\":\"PropertyValueSpecification\",\"valueRequired\":true,\"valueName\":\"search_term_string\"}}],\"inLanguage\":\"es\"}]}<\/script>","yoast_head_json":{"title":"AUTOLIVELLO LASER ROTATIVO CON PIANO INCLINABILE 4 MANIGLIE | L\u00e1ser Autonivelantes | Laser y Termocamaras - Metrica","description":"Descubre la colecci\u00f3n de productos., AUTOLIVELLO LASER ROTATIVO CON PIANO INCLINABILE 4 MANIGLIE - L\u00e1ser Autonivelantes.Nuovo ricevitore con sensibilit\u00e0 maggiorata lettura mm\/inch,Nuova calott . Consulta el cat\u00e1logo en la web oficial de Metrica.","robots":{"index":"index","follow":"follow","max-snippet":"max-snippet:-1","max-image-preview":"max-image-preview:large","max-video-preview":"max-video-preview:-1"},"canonical":"https:\/\/www.metrica.it\/es\/producto\/nivel-laser-rotativo-incligrad-2\/","og_locale":"es_ES","og_type":"article","og_title":"AUTOLIVELLO LASER ROTATIVO CON PIANO INCLINABILE 4 MANIGLIE | L\u00e1ser Autonivelantes | Laser y Termocamaras - Metrica","og_description":"Descubre la colecci\u00f3n de productos., AUTOLIVELLO LASER ROTATIVO CON PIANO INCLINABILE 4 MANIGLIE - L\u00e1ser Autonivelantes.Nuovo ricevitore con sensibilit\u00e0 maggiorata lettura mm\/inch,Nuova calott . Consulta el cat\u00e1logo en la web oficial de Metrica.","og_url":"https:\/\/www.metrica.it\/es\/producto\/nivel-laser-rotativo-incligrad-2\/","og_site_name":"Metrica","article_modified_time":"2024-11-07T08:34:57+00:00","og_image":[{"width":800,"height":800,"url":"https:\/\/www.metrica.it\/wp-content\/uploads\/2024\/06\/61345_4.jpg","type":"image\/jpeg"}],"twitter_card":"summary_large_image","twitter_misc":{"Tiempo de lectura":"2 minutos"},"schema":{"@context":"https:\/\/schema.org","@graph":[{"@type":"WebPage","@id":"https:\/\/www.metrica.it\/es\/producto\/nivel-laser-rotativo-incligrad-2\/","url":"https:\/\/www.metrica.it\/es\/producto\/nivel-laser-rotativo-incligrad-2\/","name":"AUTOLIVELLO LASER ROTATIVO CON PIANO INCLINABILE 4 MANIGLIE | L\u00e1ser Autonivelantes | Laser y Termocamaras - Metrica","isPartOf":{"@id":"https:\/\/www.metrica.it\/es\/#website"},"primaryImageOfPage":{"@id":"https:\/\/www.metrica.it\/es\/producto\/nivel-laser-rotativo-incligrad-2\/#primaryimage"},"image":{"@id":"https:\/\/www.metrica.it\/es\/producto\/nivel-laser-rotativo-incligrad-2\/#primaryimage"},"thumbnailUrl":"https:\/\/www.metrica.it\/wp-content\/uploads\/2024\/06\/61345_4.jpg","datePublished":"2024-09-16T10:21:39+00:00","dateModified":"2024-11-07T08:34:57+00:00","description":"Descubre la colecci\u00f3n de productos., AUTOLIVELLO LASER ROTATIVO CON PIANO INCLINABILE 4 MANIGLIE - L\u00e1ser Autonivelantes.Nuovo ricevitore con sensibilit\u00e0 maggiorata lettura mm\/inch,Nuova calott . Consulta el cat\u00e1logo en la web oficial de Metrica.","breadcrumb":{"@id":"https:\/\/www.metrica.it\/es\/producto\/nivel-laser-rotativo-incligrad-2\/#breadcrumb"},"inLanguage":"es","potentialAction":[{"@type":"ReadAction","target":["https:\/\/www.metrica.it\/es\/producto\/nivel-laser-rotativo-incligrad-2\/"]}]},{"@type":"ImageObject","inLanguage":"es","@id":"https:\/\/www.metrica.it\/es\/producto\/nivel-laser-rotativo-incligrad-2\/#primaryimage","url":"https:\/\/www.metrica.it\/wp-content\/uploads\/2024\/06\/61345_4.jpg","contentUrl":"https:\/\/www.metrica.it\/wp-content\/uploads\/2024\/06\/61345_4.jpg","width":800,"height":800},{"@type":"BreadcrumbList","@id":"https:\/\/www.metrica.it\/es\/producto\/nivel-laser-rotativo-incligrad-2\/#breadcrumb","itemListElement":[{"@type":"ListItem","position":1,"name":"Home","item":"https:\/\/www.metrica.it\/es\/"},{"@type":"ListItem","position":2,"name":"Cat\u00e1logo","item":"https:\/\/www.metrica.it\/es\/catalogo-es\/"},{"@type":"ListItem","position":3,"name":"Nivel L\u00e1ser Rotativo Incligrad 2"}]},{"@type":"WebSite","@id":"https:\/\/www.metrica.it\/es\/#website","url":"https:\/\/www.metrica.it\/es\/","name":"Metrica","description":"Made to measure","potentialAction":[{"@type":"SearchAction","target":{"@type":"EntryPoint","urlTemplate":"https:\/\/www.metrica.it\/es\/?s={search_term_string}"},"query-input":{"@type":"PropertyValueSpecification","valueRequired":true,"valueName":"search_term_string"}}],"inLanguage":"es"}]}},"meta_box":{"awr_documentation":[{"filesize":514185,"ID":"146362","name":"61345.pdf","path":"\/var\/www\/html\/wp-content\/uploads\/2024\/09\/61345.pdf","url":"https:\/\/www.metrica.it\/wp-content\/uploads\/2024\/09\/61345.pdf","title":"61345.pdf"}],"awr_manuale":[],"awr_scheda_tecnica":"<table>\n<tbody>\n<tr>\n<td><strong>Precisi\u00f3n de nivelaci\u00f3n<\/strong><\/td>\n<td>horizontal \u00b1 3 mm \/ 30 m vertical \u00b1 5 mm \/ 30 m<\/td>\n<\/tr>\n<tr>\n<td><strong>Rango de autonivelaci\u00f3n<\/strong><\/td>\n<td>\u00b1 5\u00b0<\/td>\n<\/tr>\n<tr>\n<td><strong><strong>Rango de inclination<\/strong><\/strong><\/td>\n<td>\u00b1 10\u00b0<\/td>\n<\/tr>\n<tr>\n<td><strong>Autonomi\u0301a<\/strong><\/td>\n<td>30 horas aprox<\/td>\n<\/tr>\n<tr>\n<td><strong>Rango de trabajo<\/strong><\/td>\n<td>500 m (con receptor), seg\u00fan las condiciones climatol\u00f3gicas.<\/td>\n<\/tr>\n<tr>\n<td><strong>Valores de rotaci\u00f3n<\/strong><\/td>\n<td>60-120-300-600 t \/ min<\/td>\n<\/tr>\n<tr>\n<td><strong>Funcio\u0301n Scanner<\/strong><\/td>\n<td>0\u00b0 - 10\u00b0 - 45\u00b0 - 90\u00b0 - 180\u00b0<\/td>\n<\/tr>\n<tr>\n<td><strong>Funzione Tilt<\/strong><\/td>\n<td>s\u00ec<\/td>\n<\/tr>\n<tr>\n<td><strong>Se\u00f1al fuera de nivelaci\u00f3n<\/strong><\/td>\n<td>s\u00ec<\/td>\n<\/tr>\n<tr>\n<td><strong>Tipo de l\u00e1ser<\/strong><\/td>\n<td>635 nm, 1mW<\/td>\n<\/tr>\n<tr>\n<td><strong>Potencia l\u00e1ser<\/strong><\/td>\n<td>Clase 2<\/td>\n<\/tr>\n<tr>\n<td><strong>Pilas recargables<\/strong><\/td>\n<td>4 x C4000 mAh 1,2 V NI-MH<\/td>\n<\/tr>\n<tr>\n<td><strong>Dimensiones<\/strong><\/td>\n<td>220 x 220 x 210 mm<\/td>\n<\/tr>\n<tr>\n<td><strong>Rango de temperatura<\/strong><\/td>\n<td>-10 \u00b0C \/ +50 \u00b0C<\/td>\n<\/tr>\n<tr>\n<td><strong>Peso (sin pilas)<\/strong><\/td>\n<td>35 kg<\/td>\n<\/tr>\n<tr>\n<td><strong>Impermeabilidad<\/strong><\/td>\n<td>IP 54<\/td>\n<\/tr>\n<tr>\n<td><strong>Tuerca para tr\u00edpode<\/strong><\/td>\n<td>5\/8\"<\/td>\n<\/tr>\n<tr>\n<td><strong>Mando a distancia<\/strong><\/td>\n<td>50\/20 m (entrada \/ salida)<\/td>\n<\/tr>\n<tr>\n<td><strong>Pilas para mando<\/strong><\/td>\n<td>2 da 1.5 V<\/td>\n<\/tr>\n<tr>\n<td><strong>Pilas para receptor<\/strong><\/td>\n<td>1 DC 9 V<\/td>\n<\/tr>\n<\/tbody>\n<\/table>\n","awr_youtube_video":"https:\/\/www.youtube.com\/embed\/-gWxlDv_cHA","awr_classe_prodotto":"","awr_customize_product":"0","awr_custom_image":false,"awr_related_products":[{"awr_product_name":"Autolivello Laser Rotativo Con Piano Inclinabile 4 Maniglie","awr_product_references":"ref:61345|ean:8001066613458|pack:1"}],"awr_consumabili":"60726,60747,61326,61324,60712,61319","awr_alternativi":"61385,61350","awr_aliases":"61345","awr_skuid":"61345-it"},"_links":{"self":[{"href":"https:\/\/www.metrica.it\/es\/wp-json\/wp\/v2\/product\/142196","targetHints":{"allow":["GET"]}}],"collection":[{"href":"https:\/\/www.metrica.it\/es\/wp-json\/wp\/v2\/product"}],"about":[{"href":"https:\/\/www.metrica.it\/es\/wp-json\/wp\/v2\/types\/product"}],"wp:featuredmedia":[{"embeddable":true,"href":"https:\/\/www.metrica.it\/es\/wp-json\/wp\/v2\/media\/129584"}],"wp:attachment":[{"href":"https:\/\/www.metrica.it\/es\/wp-json\/wp\/v2\/media?parent=142196"}],"wp:term":[{"taxonomy":"product_cat","embeddable":true,"href":"https:\/\/www.metrica.it\/es\/wp-json\/wp\/v2\/product_cat?post=142196"},{"taxonomy":"product_tag","embeddable":true,"href":"https:\/\/www.metrica.it\/es\/wp-json\/wp\/v2\/product_tag?post=142196"}],"curies":[{"name":"wp","href":"https:\/\/api.w.org\/{rel}","templated":true}]}}