{"id":142347,"date":"2024-09-16T12:24:48","date_gmt":"2024-09-16T10:24:48","guid":{"rendered":"https:\/\/www.metrica.it\/prodotto\/regla-flexible-graduacion-pulida-o-mate\/"},"modified":"2024-09-16T21:14:18","modified_gmt":"2024-09-16T19:14:18","slug":"regla-flexible-graduacion-pulida-o-mate","status":"publish","type":"product","link":"https:\/\/www.metrica.it\/es\/producto\/regla-flexible-graduacion-pulida-o-mate\/","title":{"rendered":"Regla Flexible Graduacion Pulida O Mate"},"content":{"rendered":"<ul>\n<li>Secci\u00f2n 20 x 0,5 mm<\/li>\n<li>Acero inox<\/li>\n<li>Graduaci\u00f2n grabada en negro<\/li>\n<li>Bordes rectificados<\/li>\n<\/ul>\n","protected":false},"excerpt":{"rendered":"<p>Secci\u00f2n 20 x 0,5 mm<br \/>Acero inox<br \/>Graduaci\u00f2n grabada en negro<br \/>Bordes rectificados<\/p>\n","protected":false},"featured_media":131199,"template":"","meta":[],"product_cat":[51,611],"product_tag":[],"class_list":{"0":"post-142347","1":"product","2":"type-product","3":"status-publish","4":"has-post-thumbnail","6":"product_cat-medidas-de-longitud","7":"product_cat-reglas-cinta-diametrometros","9":"first","10":"instock","11":"sold-individually","12":"product-type-simple"},"yoast_head":"<title>Riga Flessibile Scala Lucida O Satinata | Reglas - cinta di\u00e1metrometros | Medidas de Longitud - Metrica<\/title>\n<meta name=\"description\" content=\"Descubre la colecci\u00f3n de productos., Riga Flessibile Scala Lucida O Satinata - Reglas - cinta di\u00e1metrometros.Sezione 20 x 0,5 mm Acciao inox Graduazione incisa e annerita Bordi rettificati . Consulta el cat\u00e1logo en la web oficial de Metrica.\" \/>\n<meta name=\"robots\" content=\"index, follow, max-snippet:-1, max-image-preview:large, max-video-preview:-1\" \/>\n<link rel=\"canonical\" href=\"https:\/\/www.metrica.it\/es\/producto\/regla-flexible-graduacion-pulida-o-mate\/\" \/>\n<meta property=\"og:locale\" content=\"es_ES\" \/>\n<meta property=\"og:type\" content=\"article\" \/>\n<meta property=\"og:title\" content=\"Riga Flessibile Scala Lucida O Satinata | Reglas - cinta di\u00e1metrometros | Medidas de Longitud - Metrica\" \/>\n<meta property=\"og:description\" content=\"Descubre la colecci\u00f3n de productos., Riga Flessibile Scala Lucida O Satinata - Reglas - cinta di\u00e1metrometros.Sezione 20 x 0,5 mm Acciao inox Graduazione incisa e annerita Bordi rettificati . Consulta el cat\u00e1logo en la web oficial de Metrica.\" \/>\n<meta property=\"og:url\" content=\"https:\/\/www.metrica.it\/es\/producto\/regla-flexible-graduacion-pulida-o-mate\/\" \/>\n<meta property=\"og:site_name\" content=\"Metrica\" \/>\n<meta property=\"article:modified_time\" content=\"2024-09-16T19:14:18+00:00\" \/>\n<meta property=\"og:image\" content=\"https:\/\/www.metrica.it\/wp-content\/uploads\/2024\/06\/24072_2.jpg\" \/>\n\t<meta property=\"og:image:width\" content=\"800\" \/>\n\t<meta property=\"og:image:height\" content=\"800\" \/>\n\t<meta property=\"og:image:type\" content=\"image\/jpeg\" \/>\n<meta name=\"twitter:card\" content=\"summary_large_image\" \/>\n<script type=\"application\/ld+json\" class=\"yoast-schema-graph\">{\"@context\":\"https:\\\/\\\/schema.org\",\"@graph\":[{\"@type\":\"WebPage\",\"@id\":\"https:\\\/\\\/www.metrica.it\\\/es\\\/producto\\\/regla-flexible-graduacion-pulida-o-mate\\\/\",\"url\":\"https:\\\/\\\/www.metrica.it\\\/es\\\/producto\\\/regla-flexible-graduacion-pulida-o-mate\\\/\",\"name\":\"Riga Flessibile Scala Lucida O Satinata | Reglas - cinta di\u00e1metrometros | Medidas de Longitud - Metrica\",\"isPartOf\":{\"@id\":\"https:\\\/\\\/www.metrica.it\\\/es\\\/#website\"},\"primaryImageOfPage\":{\"@id\":\"https:\\\/\\\/www.metrica.it\\\/es\\\/producto\\\/regla-flexible-graduacion-pulida-o-mate\\\/#primaryimage\"},\"image\":{\"@id\":\"https:\\\/\\\/www.metrica.it\\\/es\\\/producto\\\/regla-flexible-graduacion-pulida-o-mate\\\/#primaryimage\"},\"thumbnailUrl\":\"https:\\\/\\\/www.metrica.it\\\/wp-content\\\/uploads\\\/2024\\\/06\\\/24072_2.jpg\",\"datePublished\":\"2024-09-16T10:24:48+00:00\",\"dateModified\":\"2024-09-16T19:14:18+00:00\",\"description\":\"Descubre la colecci\u00f3n de productos., Riga Flessibile Scala Lucida O Satinata - Reglas - cinta di\u00e1metrometros.Sezione 20 x 0,5 mm Acciao inox Graduazione incisa e annerita Bordi rettificati . Consulta el cat\u00e1logo en la web oficial de Metrica.\",\"breadcrumb\":{\"@id\":\"https:\\\/\\\/www.metrica.it\\\/es\\\/producto\\\/regla-flexible-graduacion-pulida-o-mate\\\/#breadcrumb\"},\"inLanguage\":\"es\",\"potentialAction\":[{\"@type\":\"ReadAction\",\"target\":[\"https:\\\/\\\/www.metrica.it\\\/es\\\/producto\\\/regla-flexible-graduacion-pulida-o-mate\\\/\"]}]},{\"@type\":\"ImageObject\",\"inLanguage\":\"es\",\"@id\":\"https:\\\/\\\/www.metrica.it\\\/es\\\/producto\\\/regla-flexible-graduacion-pulida-o-mate\\\/#primaryimage\",\"url\":\"https:\\\/\\\/www.metrica.it\\\/wp-content\\\/uploads\\\/2024\\\/06\\\/24072_2.jpg\",\"contentUrl\":\"https:\\\/\\\/www.metrica.it\\\/wp-content\\\/uploads\\\/2024\\\/06\\\/24072_2.jpg\",\"width\":800,\"height\":800},{\"@type\":\"BreadcrumbList\",\"@id\":\"https:\\\/\\\/www.metrica.it\\\/es\\\/producto\\\/regla-flexible-graduacion-pulida-o-mate\\\/#breadcrumb\",\"itemListElement\":[{\"@type\":\"ListItem\",\"position\":1,\"name\":\"Home\",\"item\":\"https:\\\/\\\/www.metrica.it\\\/es\\\/\"},{\"@type\":\"ListItem\",\"position\":2,\"name\":\"Cat\u00e1logo\",\"item\":\"https:\\\/\\\/www.metrica.it\\\/es\\\/catalogo-es\\\/\"},{\"@type\":\"ListItem\",\"position\":3,\"name\":\"Regla Flexible Graduacion Pulida O Mate\"}]},{\"@type\":\"WebSite\",\"@id\":\"https:\\\/\\\/www.metrica.it\\\/es\\\/#website\",\"url\":\"https:\\\/\\\/www.metrica.it\\\/es\\\/\",\"name\":\"Metrica\",\"description\":\"Made to measure\",\"potentialAction\":[{\"@type\":\"SearchAction\",\"target\":{\"@type\":\"EntryPoint\",\"urlTemplate\":\"https:\\\/\\\/www.metrica.it\\\/es\\\/?s={search_term_string}\"},\"query-input\":{\"@type\":\"PropertyValueSpecification\",\"valueRequired\":true,\"valueName\":\"search_term_string\"}}],\"inLanguage\":\"es\"}]}<\/script>","yoast_head_json":{"title":"Riga Flessibile Scala Lucida O Satinata | Reglas - cinta di\u00e1metrometros | Medidas de Longitud - Metrica","description":"Descubre la colecci\u00f3n de productos., Riga Flessibile Scala Lucida O Satinata - Reglas - cinta di\u00e1metrometros.Sezione 20 x 0,5 mm Acciao inox Graduazione incisa e annerita Bordi rettificati . Consulta el cat\u00e1logo en la web oficial de Metrica.","robots":{"index":"index","follow":"follow","max-snippet":"max-snippet:-1","max-image-preview":"max-image-preview:large","max-video-preview":"max-video-preview:-1"},"canonical":"https:\/\/www.metrica.it\/es\/producto\/regla-flexible-graduacion-pulida-o-mate\/","og_locale":"es_ES","og_type":"article","og_title":"Riga Flessibile Scala Lucida O Satinata | Reglas - cinta di\u00e1metrometros | Medidas de Longitud - Metrica","og_description":"Descubre la colecci\u00f3n de productos., Riga Flessibile Scala Lucida O Satinata - Reglas - cinta di\u00e1metrometros.Sezione 20 x 0,5 mm Acciao inox Graduazione incisa e annerita Bordi rettificati . Consulta el cat\u00e1logo en la web oficial de Metrica.","og_url":"https:\/\/www.metrica.it\/es\/producto\/regla-flexible-graduacion-pulida-o-mate\/","og_site_name":"Metrica","article_modified_time":"2024-09-16T19:14:18+00:00","og_image":[{"width":800,"height":800,"url":"https:\/\/www.metrica.it\/wp-content\/uploads\/2024\/06\/24072_2.jpg","type":"image\/jpeg"}],"twitter_card":"summary_large_image","schema":{"@context":"https:\/\/schema.org","@graph":[{"@type":"WebPage","@id":"https:\/\/www.metrica.it\/es\/producto\/regla-flexible-graduacion-pulida-o-mate\/","url":"https:\/\/www.metrica.it\/es\/producto\/regla-flexible-graduacion-pulida-o-mate\/","name":"Riga Flessibile Scala Lucida O Satinata | Reglas - cinta di\u00e1metrometros | Medidas de Longitud - Metrica","isPartOf":{"@id":"https:\/\/www.metrica.it\/es\/#website"},"primaryImageOfPage":{"@id":"https:\/\/www.metrica.it\/es\/producto\/regla-flexible-graduacion-pulida-o-mate\/#primaryimage"},"image":{"@id":"https:\/\/www.metrica.it\/es\/producto\/regla-flexible-graduacion-pulida-o-mate\/#primaryimage"},"thumbnailUrl":"https:\/\/www.metrica.it\/wp-content\/uploads\/2024\/06\/24072_2.jpg","datePublished":"2024-09-16T10:24:48+00:00","dateModified":"2024-09-16T19:14:18+00:00","description":"Descubre la colecci\u00f3n de productos., Riga Flessibile Scala Lucida O Satinata - Reglas - cinta di\u00e1metrometros.Sezione 20 x 0,5 mm Acciao inox Graduazione incisa e annerita Bordi rettificati . Consulta el cat\u00e1logo en la web oficial de Metrica.","breadcrumb":{"@id":"https:\/\/www.metrica.it\/es\/producto\/regla-flexible-graduacion-pulida-o-mate\/#breadcrumb"},"inLanguage":"es","potentialAction":[{"@type":"ReadAction","target":["https:\/\/www.metrica.it\/es\/producto\/regla-flexible-graduacion-pulida-o-mate\/"]}]},{"@type":"ImageObject","inLanguage":"es","@id":"https:\/\/www.metrica.it\/es\/producto\/regla-flexible-graduacion-pulida-o-mate\/#primaryimage","url":"https:\/\/www.metrica.it\/wp-content\/uploads\/2024\/06\/24072_2.jpg","contentUrl":"https:\/\/www.metrica.it\/wp-content\/uploads\/2024\/06\/24072_2.jpg","width":800,"height":800},{"@type":"BreadcrumbList","@id":"https:\/\/www.metrica.it\/es\/producto\/regla-flexible-graduacion-pulida-o-mate\/#breadcrumb","itemListElement":[{"@type":"ListItem","position":1,"name":"Home","item":"https:\/\/www.metrica.it\/es\/"},{"@type":"ListItem","position":2,"name":"Cat\u00e1logo","item":"https:\/\/www.metrica.it\/es\/catalogo-es\/"},{"@type":"ListItem","position":3,"name":"Regla Flexible Graduacion Pulida O Mate"}]},{"@type":"WebSite","@id":"https:\/\/www.metrica.it\/es\/#website","url":"https:\/\/www.metrica.it\/es\/","name":"Metrica","description":"Made to measure","potentialAction":[{"@type":"SearchAction","target":{"@type":"EntryPoint","urlTemplate":"https:\/\/www.metrica.it\/es\/?s={search_term_string}"},"query-input":{"@type":"PropertyValueSpecification","valueRequired":true,"valueName":"search_term_string"}}],"inLanguage":"es"}]}},"meta_box":{"awr_documentation":[],"awr_manuale":[],"awr_scheda_tecnica":"","awr_youtube_video":"","awr_classe_prodotto":"","awr_customize_product":"1","awr_custom_image":{"width":96,"height":96,"file":"2024\/06\/24070.jpg","filesize":192728,"sizes":{"dgwt-wcas-product-suggestion":{"file":"24070-64x64.jpg","width":64,"height":64,"mime-type":"image\/jpeg","filesize":1236,"url":"https:\/\/www.metrica.it\/wp-content\/uploads\/2024\/06\/24070-64x64.jpg"},"hongo-product-icon-image":{"file":"24070-64x64.jpg","width":64,"height":64,"mime-type":"image\/jpeg","filesize":1236,"url":"https:\/\/www.metrica.it\/wp-content\/uploads\/2024\/06\/24070-64x64.jpg"},"hongo-product-small-image":{"file":"24070-84x84.jpg","width":84,"height":84,"mime-type":"image\/jpeg","filesize":1574,"url":"https:\/\/www.metrica.it\/wp-content\/uploads\/2024\/06\/24070-84x84.jpg"},"hongo-medium-image":{"file":"24070-450x450.jpg","width":450,"height":450,"mime-type":"image\/jpeg","filesize":14261,"url":"https:\/\/www.metrica.it\/wp-content\/uploads\/2024\/06\/24070-450x450.jpg"},"post-thumbnail":{"file":"24070-790x790.jpg","width":790,"height":790,"mime-type":"image\/jpeg","filesize":34579,"url":"https:\/\/www.metrica.it\/wp-content\/uploads\/2024\/06\/24070-790x790.jpg"},"hongo-shop-image":{"file":"24070-660x660.jpg","width":660,"height":660,"mime-type":"image\/jpeg","filesize":26267,"url":"https:\/\/www.metrica.it\/wp-content\/uploads\/2024\/06\/24070-660x660.jpg"}},"image_meta":{"aperture":"0","credit":"","camera":"","caption":"","created_timestamp":"0","copyright":"","focal_length":"0","iso":"0","shutter_speed":"0","title":"","orientation":"1","keywords":[]},"ID":"131194","name":"24070.jpg","path":"\/var\/www\/html\/wp-content\/uploads\/2024\/06\/24070.jpg","url":"https:\/\/www.metrica.it\/wp-content\/uploads\/2024\/06\/24070.jpg","full_url":"https:\/\/www.metrica.it\/wp-content\/uploads\/2024\/06\/24070.jpg","title":"24070.jpg","caption":"","description":"","alt":"","srcset":"https:\/\/www.metrica.it\/wp-content\/uploads\/2024\/06\/24070.jpg 800w, https:\/\/www.metrica.it\/wp-content\/uploads\/2024\/06\/24070-64x64.jpg 64w, https:\/\/www.metrica.it\/wp-content\/uploads\/2024\/06\/24070-84x84.jpg 84w, https:\/\/www.metrica.it\/wp-content\/uploads\/2024\/06\/24070-450x450.jpg 450w, https:\/\/www.metrica.it\/wp-content\/uploads\/2024\/06\/24070-790x790.jpg 790w, https:\/\/www.metrica.it\/wp-content\/uploads\/2024\/06\/24070-660x660.jpg 660w"},"awr_related_products":[{"awr_product_name":"Riga Flessibile Scala Lucida O Satinata","awr_product_references":"ref:24072|ean:8001066240722|l_mm:500|unit_misura_mm_mm:x|unit_misura_mm_12_mm:-|unit_misura_mm_inch:-|lucido:x|satinato:-|pack:20"},{"awr_product_name":"Riga Flessibile Scala Lucida O Satinata","awr_product_references":"ref:24073|ean:8001066240739|l_mm:1000|unit_misura_mm_mm:x|unit_misura_mm_12_mm:-|unit_misura_mm_inch:-|lucido:x|satinato:-|pack:20"},{"awr_product_name":"Riga Flessibile Scala Lucida O Satinata","awr_product_references":"ref:24075|ean:8001066240753|l_mm:500|unit_misura_mm_mm:-|unit_misura_mm_12_mm:x|unit_misura_mm_inch:-|lucido:x|satinato:-|pack:20"},{"awr_product_name":"Riga Flessibile Scala Lucida O Satinata","awr_product_references":"ref:24076|ean:8001066240760|l_mm:1000|unit_misura_mm_mm:-|unit_misura_mm_12_mm:x|unit_misura_mm_inch:-|lucido:x|satinato:-|pack:20"},{"awr_product_name":"Riga Flessibile Scala Lucida O Satinata","awr_product_references":"ref:24082|ean:8001066240821|l_mm:500|unit_misura_mm_mm:x|unit_misura_mm_12_mm:-|unit_misura_mm_inch:-|lucido:-|satinato:x|pack:20"},{"awr_product_name":"Riga Flessibile Scala Lucida O Satinata","awr_product_references":"ref:24083|ean:8001066240838|l_mm:1000|unit_misura_mm_mm:x|unit_misura_mm_12_mm:-|unit_misura_mm_inch:-|lucido:-|satinato:x|pack:20"},{"awr_product_name":"Riga Flessibile Scala Lucida O Satinata","awr_product_references":"ref:24085|ean:8001066240852|l_mm:500|unit_misura_mm_mm:-|unit_misura_mm_12_mm:x|unit_misura_mm_inch:-|lucido:-|satinato:x|pack:20"},{"awr_product_name":"Riga Flessibile Scala Lucida O Satinata","awr_product_references":"ref:24086|ean:8001066240869|l_mm:1000|unit_misura_mm_mm:-|unit_misura_mm_12_mm:x|unit_misura_mm_inch:-|lucido:-|satinato:x|pack:20"},{"awr_product_name":"Riga Flessibile Scala Lucida O Satinata","awr_product_references":"ref:24092|ean:8001066240920|l_mm:500|unit_misura_mm_mm:-|unit_misura_mm_12_mm:-|unit_misura_mm_inch:x|lucido:x|satinato:-|pack:20"},{"awr_product_name":"Riga Flessibile Scala Lucida O Satinata","awr_product_references":"ref:24093|ean:8001066240937|l_mm:1000|unit_misura_mm_mm:-|unit_misura_mm_12_mm:-|unit_misura_mm_inch:x|lucido:x|satinato:-|pack:20"},{"awr_product_name":"Riga Flessibile Scala Lucida O Satinata","awr_product_references":"ref:24102|ean:8001066241026|l_mm:500|unit_misura_mm_mm:-|unit_misura_mm_12_mm:-|unit_misura_mm_inch:x|lucido:-|satinato:x|pack:20"},{"awr_product_name":"Riga Flessibile Scala Lucida O Satinata","awr_product_references":"ref:24103|ean:8001066241033|l_mm:1000|unit_misura_mm_mm:-|unit_misura_mm_12_mm:-|unit_misura_mm_inch:x|lucido:-|satinato:x|pack:20"}],"awr_consumabili":"","awr_alternativi":"","awr_aliases":"24072,24073,24075,24076,24082,24083,24085,24086,24092,24093,24102,24103","awr_skuid":"24072-it"},"_links":{"self":[{"href":"https:\/\/www.metrica.it\/es\/wp-json\/wp\/v2\/product\/142347","targetHints":{"allow":["GET"]}}],"collection":[{"href":"https:\/\/www.metrica.it\/es\/wp-json\/wp\/v2\/product"}],"about":[{"href":"https:\/\/www.metrica.it\/es\/wp-json\/wp\/v2\/types\/product"}],"wp:featuredmedia":[{"embeddable":true,"href":"https:\/\/www.metrica.it\/es\/wp-json\/wp\/v2\/media\/131199"}],"wp:attachment":[{"href":"https:\/\/www.metrica.it\/es\/wp-json\/wp\/v2\/media?parent=142347"}],"wp:term":[{"taxonomy":"product_cat","embeddable":true,"href":"https:\/\/www.metrica.it\/es\/wp-json\/wp\/v2\/product_cat?post=142347"},{"taxonomy":"product_tag","embeddable":true,"href":"https:\/\/www.metrica.it\/es\/wp-json\/wp\/v2\/product_tag?post=142347"}],"curies":[{"name":"wp","href":"https:\/\/api.w.org\/{rel}","templated":true}]}}