{"id":142402,"date":"2024-09-16T12:44:12","date_gmt":"2024-09-16T10:44:12","guid":{"rendered":"https:\/\/www.metrica.it\/prodotto\/metrica-green-5\/"},"modified":"2024-09-16T21:35:56","modified_gmt":"2024-09-16T19:35:56","slug":"metrica-green","status":"publish","type":"product","link":"https:\/\/www.metrica.it\/es\/producto\/metrica-green\/","title":{"rendered":"Metrica Green"},"content":{"rendered":"<ul>\n<li>L\u00e1ser verde para una mejor visibilidad<\/li>\n<li>Inclin\u00f3metro digital, frasco electr\u00f3nico<\/li>\n<li>Funci\u00f3n de medici\u00f3n continua con visualizaci\u00f3n permanente de los valores m\u00e1ximos y m\u00ednimos<\/li>\n<li>4 funciones de Pit\u00e1goras (medici\u00f3n indirecta)<\/li>\n<li>Distancias, \u00e1reas, vol\u00famenes<\/li>\n<li>Suma y resta de distancias, \u00e1reas y vol\u00famenes<\/li>\n<li>Temporizador de medici\u00f3n, apagado autom\u00e1tico<\/li>\n<li>Tiempo de medici\u00f3n retrasado que puede ser ajustado<\/li>\n<li>Funci\u00f3n de sonido: bip<\/li>\n<li>99 memorias<\/li>\n<li>Bater\u00edas recargables<\/li>\n<li>Cable de carga<\/li>\n<li>Rosca de 1\/4&#8243; para la conexi\u00f3n del tr\u00edpode<\/li>\n<li>Con correa de mano y bolsa<\/li>\n<\/ul>\n","protected":false},"excerpt":{"rendered":"<p>L\u00e1ser verde para una mejor visibilidad<\/p>\n<p>Inclin\u00f3metro digital, frasco electr\u00f3nico<\/p>\n<p>Funci\u00f3n de medici\u00f3n continua con visualizaci\u00f3n permanente de los valores m\u00e1ximos y m\u00ednimos<\/p>\n<p>4 funciones de Pit\u00e1goras (medici\u00f3n indirecta)<\/p>\n<p>Distancias, \u00e1reas, vol\u00famenes<\/p>\n<p>Suma y resta de distancias, \u00e1reas y vol\u00famenes<\/p>\n<p>Temporizador de medici\u00f3n, apagado autom\u00e1tico<\/p>\n<p>Tiempo de medici\u00f3n retrasado que puede ser ajustado<\/p>\n<p>Funci\u00f3n de sonido: bip<\/p>\n<p>99 memorias<\/p>\n<p>Bater\u00edas recargables<\/p>\n<p>Cable de carga<\/p>\n<p>Rosca de 1\/4&#8243; para la conexi\u00f3n del tr\u00edpode<\/p>\n<p>Con correa de mano y bolsa<\/p>\n","protected":false},"featured_media":125510,"template":"","meta":[],"product_cat":[517,528],"product_tag":[],"class_list":{"0":"post-142402","1":"product","2":"type-product","3":"status-publish","4":"has-post-thumbnail","6":"product_cat-laser-y-termocamaras","7":"product_cat-medidores-de-distancia-laser","9":"first","10":"instock","11":"sold-individually","12":"product-type-simple"},"yoast_head":"<title>METRICA GREEN<\/title>\n<meta name=\"robots\" content=\"index, follow, max-snippet:-1, max-image-preview:large, max-video-preview:-1\" \/>\n<link rel=\"canonical\" href=\"https:\/\/www.metrica.it\/es\/producto\/metrica-green\/\" \/>\n<meta property=\"og:locale\" content=\"es_ES\" \/>\n<meta property=\"og:type\" content=\"article\" \/>\n<meta property=\"og:title\" content=\"METRICA GREEN\" \/>\n<meta property=\"og:description\" content=\"L\u00e1ser verde para una mejor visibilidadInclin\u00f3metro digital, frasco electr\u00f3nicoFunci\u00f3n de medici\u00f3n continua con visualizaci\u00f3n permanente de los valores m\u00e1ximos y m\u00ednimos4 funciones de Pit\u00e1goras (medici\u00f3n indirecta)Distancias, \u00e1reas, vol\u00famenesSuma y resta de distancias, \u00e1reas y vol\u00famenesTemporizador de medici\u00f3n, apagado autom\u00e1ticoTiempo de medici\u00f3n retrasado que puede ser ajustadoFunci\u00f3n de sonido: bip99 memoriasBater\u00edas recargablesCable de cargaRosca de 1\/4&quot; para la conexi\u00f3n del tr\u00edpodeCon correa de mano y bolsa\" \/>\n<meta property=\"og:url\" content=\"https:\/\/www.metrica.it\/es\/producto\/metrica-green\/\" \/>\n<meta property=\"og:site_name\" content=\"Metrica\" \/>\n<meta property=\"article:modified_time\" content=\"2024-09-16T19:35:56+00:00\" \/>\n<meta property=\"og:image\" content=\"https:\/\/www.metrica.it\/wp-content\/uploads\/2024\/05\/61060_61100.jpg\" \/>\n\t<meta property=\"og:image:width\" content=\"1200\" \/>\n\t<meta property=\"og:image:height\" content=\"1200\" \/>\n\t<meta property=\"og:image:type\" content=\"image\/jpeg\" \/>\n<meta name=\"twitter:card\" content=\"summary_large_image\" \/>\n<script type=\"application\/ld+json\" class=\"yoast-schema-graph\">{\"@context\":\"https:\\\/\\\/schema.org\",\"@graph\":[{\"@type\":\"WebPage\",\"@id\":\"https:\\\/\\\/www.metrica.it\\\/es\\\/producto\\\/metrica-green\\\/\",\"url\":\"https:\\\/\\\/www.metrica.it\\\/es\\\/producto\\\/metrica-green\\\/\",\"name\":\"METRICA GREEN\",\"isPartOf\":{\"@id\":\"https:\\\/\\\/www.metrica.it\\\/es\\\/#website\"},\"primaryImageOfPage\":{\"@id\":\"https:\\\/\\\/www.metrica.it\\\/es\\\/producto\\\/metrica-green\\\/#primaryimage\"},\"image\":{\"@id\":\"https:\\\/\\\/www.metrica.it\\\/es\\\/producto\\\/metrica-green\\\/#primaryimage\"},\"thumbnailUrl\":\"https:\\\/\\\/www.metrica.it\\\/wp-content\\\/uploads\\\/2024\\\/05\\\/61060_61100.jpg\",\"datePublished\":\"2024-09-16T10:44:12+00:00\",\"dateModified\":\"2024-09-16T19:35:56+00:00\",\"breadcrumb\":{\"@id\":\"https:\\\/\\\/www.metrica.it\\\/es\\\/producto\\\/metrica-green\\\/#breadcrumb\"},\"inLanguage\":\"es\",\"potentialAction\":[{\"@type\":\"ReadAction\",\"target\":[\"https:\\\/\\\/www.metrica.it\\\/es\\\/producto\\\/metrica-green\\\/\"]}]},{\"@type\":\"ImageObject\",\"inLanguage\":\"es\",\"@id\":\"https:\\\/\\\/www.metrica.it\\\/es\\\/producto\\\/metrica-green\\\/#primaryimage\",\"url\":\"https:\\\/\\\/www.metrica.it\\\/wp-content\\\/uploads\\\/2024\\\/05\\\/61060_61100.jpg\",\"contentUrl\":\"https:\\\/\\\/www.metrica.it\\\/wp-content\\\/uploads\\\/2024\\\/05\\\/61060_61100.jpg\",\"width\":1200,\"height\":1200},{\"@type\":\"BreadcrumbList\",\"@id\":\"https:\\\/\\\/www.metrica.it\\\/es\\\/producto\\\/metrica-green\\\/#breadcrumb\",\"itemListElement\":[{\"@type\":\"ListItem\",\"position\":1,\"name\":\"Home\",\"item\":\"https:\\\/\\\/www.metrica.it\\\/es\\\/\"},{\"@type\":\"ListItem\",\"position\":2,\"name\":\"Cat\u00e1logo\",\"item\":\"https:\\\/\\\/www.metrica.it\\\/es\\\/catalogo-es\\\/\"},{\"@type\":\"ListItem\",\"position\":3,\"name\":\"Metrica Green\"}]},{\"@type\":\"WebSite\",\"@id\":\"https:\\\/\\\/www.metrica.it\\\/es\\\/#website\",\"url\":\"https:\\\/\\\/www.metrica.it\\\/es\\\/\",\"name\":\"Metrica\",\"description\":\"Made to measure\",\"potentialAction\":[{\"@type\":\"SearchAction\",\"target\":{\"@type\":\"EntryPoint\",\"urlTemplate\":\"https:\\\/\\\/www.metrica.it\\\/es\\\/?s={search_term_string}\"},\"query-input\":{\"@type\":\"PropertyValueSpecification\",\"valueRequired\":true,\"valueName\":\"search_term_string\"}}],\"inLanguage\":\"es\"}]}<\/script>","yoast_head_json":{"title":"METRICA GREEN","robots":{"index":"index","follow":"follow","max-snippet":"max-snippet:-1","max-image-preview":"max-image-preview:large","max-video-preview":"max-video-preview:-1"},"canonical":"https:\/\/www.metrica.it\/es\/producto\/metrica-green\/","og_locale":"es_ES","og_type":"article","og_title":"METRICA GREEN","og_description":"L\u00e1ser verde para una mejor visibilidadInclin\u00f3metro digital, frasco electr\u00f3nicoFunci\u00f3n de medici\u00f3n continua con visualizaci\u00f3n permanente de los valores m\u00e1ximos y m\u00ednimos4 funciones de Pit\u00e1goras (medici\u00f3n indirecta)Distancias, \u00e1reas, vol\u00famenesSuma y resta de distancias, \u00e1reas y vol\u00famenesTemporizador de medici\u00f3n, apagado autom\u00e1ticoTiempo de medici\u00f3n retrasado que puede ser ajustadoFunci\u00f3n de sonido: bip99 memoriasBater\u00edas recargablesCable de cargaRosca de 1\/4\" para la conexi\u00f3n del tr\u00edpodeCon correa de mano y bolsa","og_url":"https:\/\/www.metrica.it\/es\/producto\/metrica-green\/","og_site_name":"Metrica","article_modified_time":"2024-09-16T19:35:56+00:00","og_image":[{"width":1200,"height":1200,"url":"https:\/\/www.metrica.it\/wp-content\/uploads\/2024\/05\/61060_61100.jpg","type":"image\/jpeg"}],"twitter_card":"summary_large_image","schema":{"@context":"https:\/\/schema.org","@graph":[{"@type":"WebPage","@id":"https:\/\/www.metrica.it\/es\/producto\/metrica-green\/","url":"https:\/\/www.metrica.it\/es\/producto\/metrica-green\/","name":"METRICA GREEN","isPartOf":{"@id":"https:\/\/www.metrica.it\/es\/#website"},"primaryImageOfPage":{"@id":"https:\/\/www.metrica.it\/es\/producto\/metrica-green\/#primaryimage"},"image":{"@id":"https:\/\/www.metrica.it\/es\/producto\/metrica-green\/#primaryimage"},"thumbnailUrl":"https:\/\/www.metrica.it\/wp-content\/uploads\/2024\/05\/61060_61100.jpg","datePublished":"2024-09-16T10:44:12+00:00","dateModified":"2024-09-16T19:35:56+00:00","breadcrumb":{"@id":"https:\/\/www.metrica.it\/es\/producto\/metrica-green\/#breadcrumb"},"inLanguage":"es","potentialAction":[{"@type":"ReadAction","target":["https:\/\/www.metrica.it\/es\/producto\/metrica-green\/"]}]},{"@type":"ImageObject","inLanguage":"es","@id":"https:\/\/www.metrica.it\/es\/producto\/metrica-green\/#primaryimage","url":"https:\/\/www.metrica.it\/wp-content\/uploads\/2024\/05\/61060_61100.jpg","contentUrl":"https:\/\/www.metrica.it\/wp-content\/uploads\/2024\/05\/61060_61100.jpg","width":1200,"height":1200},{"@type":"BreadcrumbList","@id":"https:\/\/www.metrica.it\/es\/producto\/metrica-green\/#breadcrumb","itemListElement":[{"@type":"ListItem","position":1,"name":"Home","item":"https:\/\/www.metrica.it\/es\/"},{"@type":"ListItem","position":2,"name":"Cat\u00e1logo","item":"https:\/\/www.metrica.it\/es\/catalogo-es\/"},{"@type":"ListItem","position":3,"name":"Metrica Green"}]},{"@type":"WebSite","@id":"https:\/\/www.metrica.it\/es\/#website","url":"https:\/\/www.metrica.it\/es\/","name":"Metrica","description":"Made to measure","potentialAction":[{"@type":"SearchAction","target":{"@type":"EntryPoint","urlTemplate":"https:\/\/www.metrica.it\/es\/?s={search_term_string}"},"query-input":{"@type":"PropertyValueSpecification","valueRequired":true,"valueName":"search_term_string"}}],"inLanguage":"es"}]}},"meta_box":{"awr_documentation":[{"filesize":5957947,"ID":"146379","name":"61060_61100.pdf","path":"\/var\/www\/html\/wp-content\/uploads\/2024\/09\/61060_61100.pdf","url":"https:\/\/www.metrica.it\/wp-content\/uploads\/2024\/09\/61060_61100.pdf","title":"61060_61100.pdf"}],"awr_manuale":[],"awr_scheda_tecnica":"<table>\n<tbody>\n<tr>\n<td><strong>Capacidad codigo 61060*<\/strong><\/td>\n<td><span>hasta 60 m<\/span><\/td>\n<\/tr>\n<tr>\n<td><strong>Capacidad codigo 61100*<\/strong><\/td>\n<td>hasta 100 m<\/td>\n<\/tr>\n<tr>\n<td><strong>Precisi\u00f3n<\/strong><\/td>\n<td><span>+ \/ - 20 mm + (5XD*<span>10<\/span><span>-5)<\/span><\/span><\/td>\n<\/tr>\n<tr>\n<td><strong>Tipo de l\u00e1ser<\/strong><\/td>\n<td>500-535\u00a0nm <\/td>\n<\/tr>\n<tr>\n<td><strong>Lectura:<\/strong>\u00a0<\/td>\n<td>1 mm<\/td>\n<\/tr>\n<tr>\n<td><strong>Clase l\u00e1ser<\/strong><\/td>\n<td>classe II<\/td>\n<\/tr>\n<tr>\n<td><strong>Impermeabilidad<\/strong><\/td>\n<td>IP 54<\/td>\n<\/tr>\n<tr>\n<td><strong>Temperatura de funcionamiento <\/strong><\/td>\n<td>0\u00b0 C \/ 40\u00b0 C<\/td>\n<\/tr>\n<tr>\n<td><strong>Bateria<\/strong><\/td>\n<td>Li-Ion<\/td>\n<\/tr>\n<tr>\n<td><strong>Dimensiones (mm)<\/strong><\/td>\n<td>118\u00a0x 52\u00a0x 27\u00a0<\/td>\n<\/tr>\n<tr>\n<td><strong>Peso (sin pilas)<\/strong><\/td>\n<td>50\u00a0g<\/td>\n<\/tr>\n<tr>\n<td><strong>Cable de la bater\u00eda:<\/strong><\/td>\n<td>S\u00ec<\/td>\n<\/tr>\n<tr>\n<td><strong>Rosca para la conexi\u00f3n de tr\u00edpode\u00a0<\/strong><\/td>\n<td>1\/4\"<\/td>\n<\/tr>\n<\/tbody>\n<\/table>\n","awr_youtube_video":"","awr_classe_prodotto":"","awr_customize_product":"0","awr_custom_image":false,"awr_related_products":[{"awr_product_name":"Metrica Green","awr_product_references":"ref:61060|ean:8001066610600|l:0,05 &divide; 60 m|pack:1"},{"awr_product_name":"Metrica Green","awr_product_references":"ref:61100|ean:8001066611003|l:0,05 &divide; 100 m|pack:1"}],"awr_consumabili":"","awr_alternativi":"","awr_aliases":"61060,61100","awr_skuid":"61060-it"},"_links":{"self":[{"href":"https:\/\/www.metrica.it\/es\/wp-json\/wp\/v2\/product\/142402","targetHints":{"allow":["GET"]}}],"collection":[{"href":"https:\/\/www.metrica.it\/es\/wp-json\/wp\/v2\/product"}],"about":[{"href":"https:\/\/www.metrica.it\/es\/wp-json\/wp\/v2\/types\/product"}],"wp:featuredmedia":[{"embeddable":true,"href":"https:\/\/www.metrica.it\/es\/wp-json\/wp\/v2\/media\/125510"}],"wp:attachment":[{"href":"https:\/\/www.metrica.it\/es\/wp-json\/wp\/v2\/media?parent=142402"}],"wp:term":[{"taxonomy":"product_cat","embeddable":true,"href":"https:\/\/www.metrica.it\/es\/wp-json\/wp\/v2\/product_cat?post=142402"},{"taxonomy":"product_tag","embeddable":true,"href":"https:\/\/www.metrica.it\/es\/wp-json\/wp\/v2\/product_tag?post=142402"}],"curies":[{"name":"wp","href":"https:\/\/api.w.org\/{rel}","templated":true}]}}