{"id":142422,"date":"2024-09-16T11:55:11","date_gmt":"2024-09-16T09:55:11","guid":{"rendered":"https:\/\/www.metrica.it\/prodotto\/nivel-de-fundicion-base-imantada\/"},"modified":"2024-09-16T20:42:32","modified_gmt":"2024-09-16T18:42:32","slug":"nivel-de-fundicion-base-imantada","status":"publish","type":"product","link":"https:\/\/www.metrica.it\/es\/producto\/nivel-de-fundicion-base-imantada\/","title":{"rendered":"Nivel De Fundici\u00f3n Base Imantada"},"content":{"rendered":"<ul>\n<li>Cuerpo de fundici\u00f2n de aluminio<\/li>\n<li>Perfil redondeado para trabajar hasta los rincones<\/li>\n<li>Burbujas acrilicas anti-urto<\/li>\n<li>Base imantada<\/li>\n<\/ul>\n","protected":false},"excerpt":{"rendered":"<p>Cuerpo de fundici\u00f2n de aluminio<br \/>Perfil redondeado para trabajar hasta los rincones<br \/>Burbujas acrilicas anti-urto<br \/>Base imantada<\/p>\n","protected":false},"featured_media":121843,"template":"","meta":[],"product_cat":[552,568],"product_tag":[],"class_list":{"0":"post-142422","1":"product","2":"type-product","3":"status-publish","4":"has-post-thumbnail","6":"product_cat-niveles","7":"product_cat-niveles-para-la-construccion","9":"first","10":"instock","11":"sold-individually","12":"product-type-simple"},"yoast_head":"<title>Livella Trapezia Pressofusa Base Normale O Magnetica | Niveles para la construcci\u00f3n | Niveles - Metrica<\/title>\n<meta name=\"description\" content=\"Descubre la colecci\u00f3n de productos., Livella Trapezia Pressofusa Base Normale O Magnetica - Niveles para la construcci\u00f3n.Corpo in alluminio pressofuso,Profilo affusolato per lavorare anche negli ango . Consulta el cat\u00e1logo en la web oficial de Metrica.\" \/>\n<meta name=\"robots\" content=\"index, follow, max-snippet:-1, max-image-preview:large, max-video-preview:-1\" \/>\n<link rel=\"canonical\" href=\"https:\/\/www.metrica.it\/es\/producto\/nivel-de-fundicion-base-imantada\/\" \/>\n<meta property=\"og:locale\" content=\"es_ES\" \/>\n<meta property=\"og:type\" content=\"article\" \/>\n<meta property=\"og:title\" content=\"Livella Trapezia Pressofusa Base Normale O Magnetica | Niveles para la construcci\u00f3n | Niveles - Metrica\" \/>\n<meta property=\"og:description\" content=\"Descubre la colecci\u00f3n de productos., Livella Trapezia Pressofusa Base Normale O Magnetica - Niveles para la construcci\u00f3n.Corpo in alluminio pressofuso,Profilo affusolato per lavorare anche negli ango . Consulta el cat\u00e1logo en la web oficial de Metrica.\" \/>\n<meta property=\"og:url\" content=\"https:\/\/www.metrica.it\/es\/producto\/nivel-de-fundicion-base-imantada\/\" \/>\n<meta property=\"og:site_name\" content=\"Metrica\" \/>\n<meta property=\"article:modified_time\" content=\"2024-09-16T18:42:32+00:00\" \/>\n<meta property=\"og:image\" content=\"https:\/\/www.metrica.it\/wp-content\/uploads\/2024\/05\/31072_1_8.jpg\" \/>\n\t<meta property=\"og:image:width\" content=\"800\" \/>\n\t<meta property=\"og:image:height\" content=\"800\" \/>\n\t<meta property=\"og:image:type\" content=\"image\/jpeg\" \/>\n<meta name=\"twitter:card\" content=\"summary_large_image\" \/>\n<script type=\"application\/ld+json\" class=\"yoast-schema-graph\">{\"@context\":\"https:\\\/\\\/schema.org\",\"@graph\":[{\"@type\":\"WebPage\",\"@id\":\"https:\\\/\\\/www.metrica.it\\\/es\\\/producto\\\/nivel-de-fundicion-base-imantada\\\/\",\"url\":\"https:\\\/\\\/www.metrica.it\\\/es\\\/producto\\\/nivel-de-fundicion-base-imantada\\\/\",\"name\":\"Livella Trapezia Pressofusa Base Normale O Magnetica | Niveles para la construcci\u00f3n | Niveles - Metrica\",\"isPartOf\":{\"@id\":\"https:\\\/\\\/www.metrica.it\\\/es\\\/#website\"},\"primaryImageOfPage\":{\"@id\":\"https:\\\/\\\/www.metrica.it\\\/es\\\/producto\\\/nivel-de-fundicion-base-imantada\\\/#primaryimage\"},\"image\":{\"@id\":\"https:\\\/\\\/www.metrica.it\\\/es\\\/producto\\\/nivel-de-fundicion-base-imantada\\\/#primaryimage\"},\"thumbnailUrl\":\"https:\\\/\\\/www.metrica.it\\\/wp-content\\\/uploads\\\/2024\\\/05\\\/31072_1_8.jpg\",\"datePublished\":\"2024-09-16T09:55:11+00:00\",\"dateModified\":\"2024-09-16T18:42:32+00:00\",\"description\":\"Descubre la colecci\u00f3n de productos., Livella Trapezia Pressofusa Base Normale O Magnetica - Niveles para la construcci\u00f3n.Corpo in alluminio pressofuso,Profilo affusolato per lavorare anche negli ango . Consulta el cat\u00e1logo en la web oficial de Metrica.\",\"breadcrumb\":{\"@id\":\"https:\\\/\\\/www.metrica.it\\\/es\\\/producto\\\/nivel-de-fundicion-base-imantada\\\/#breadcrumb\"},\"inLanguage\":\"es\",\"potentialAction\":[{\"@type\":\"ReadAction\",\"target\":[\"https:\\\/\\\/www.metrica.it\\\/es\\\/producto\\\/nivel-de-fundicion-base-imantada\\\/\"]}]},{\"@type\":\"ImageObject\",\"inLanguage\":\"es\",\"@id\":\"https:\\\/\\\/www.metrica.it\\\/es\\\/producto\\\/nivel-de-fundicion-base-imantada\\\/#primaryimage\",\"url\":\"https:\\\/\\\/www.metrica.it\\\/wp-content\\\/uploads\\\/2024\\\/05\\\/31072_1_8.jpg\",\"contentUrl\":\"https:\\\/\\\/www.metrica.it\\\/wp-content\\\/uploads\\\/2024\\\/05\\\/31072_1_8.jpg\",\"width\":800,\"height\":800},{\"@type\":\"BreadcrumbList\",\"@id\":\"https:\\\/\\\/www.metrica.it\\\/es\\\/producto\\\/nivel-de-fundicion-base-imantada\\\/#breadcrumb\",\"itemListElement\":[{\"@type\":\"ListItem\",\"position\":1,\"name\":\"Home\",\"item\":\"https:\\\/\\\/www.metrica.it\\\/es\\\/\"},{\"@type\":\"ListItem\",\"position\":2,\"name\":\"Cat\u00e1logo\",\"item\":\"https:\\\/\\\/www.metrica.it\\\/es\\\/catalogo-es\\\/\"},{\"@type\":\"ListItem\",\"position\":3,\"name\":\"Nivel De Fundici\u00f3n Base Imantada\"}]},{\"@type\":\"WebSite\",\"@id\":\"https:\\\/\\\/www.metrica.it\\\/es\\\/#website\",\"url\":\"https:\\\/\\\/www.metrica.it\\\/es\\\/\",\"name\":\"Metrica\",\"description\":\"Made to measure\",\"potentialAction\":[{\"@type\":\"SearchAction\",\"target\":{\"@type\":\"EntryPoint\",\"urlTemplate\":\"https:\\\/\\\/www.metrica.it\\\/es\\\/?s={search_term_string}\"},\"query-input\":{\"@type\":\"PropertyValueSpecification\",\"valueRequired\":true,\"valueName\":\"search_term_string\"}}],\"inLanguage\":\"es\"}]}<\/script>","yoast_head_json":{"title":"Livella Trapezia Pressofusa Base Normale O Magnetica | Niveles para la construcci\u00f3n | Niveles - Metrica","description":"Descubre la colecci\u00f3n de productos., Livella Trapezia Pressofusa Base Normale O Magnetica - Niveles para la construcci\u00f3n.Corpo in alluminio pressofuso,Profilo affusolato per lavorare anche negli ango . Consulta el cat\u00e1logo en la web oficial de Metrica.","robots":{"index":"index","follow":"follow","max-snippet":"max-snippet:-1","max-image-preview":"max-image-preview:large","max-video-preview":"max-video-preview:-1"},"canonical":"https:\/\/www.metrica.it\/es\/producto\/nivel-de-fundicion-base-imantada\/","og_locale":"es_ES","og_type":"article","og_title":"Livella Trapezia Pressofusa Base Normale O Magnetica | Niveles para la construcci\u00f3n | Niveles - Metrica","og_description":"Descubre la colecci\u00f3n de productos., Livella Trapezia Pressofusa Base Normale O Magnetica - Niveles para la construcci\u00f3n.Corpo in alluminio pressofuso,Profilo affusolato per lavorare anche negli ango . Consulta el cat\u00e1logo en la web oficial de Metrica.","og_url":"https:\/\/www.metrica.it\/es\/producto\/nivel-de-fundicion-base-imantada\/","og_site_name":"Metrica","article_modified_time":"2024-09-16T18:42:32+00:00","og_image":[{"width":800,"height":800,"url":"https:\/\/www.metrica.it\/wp-content\/uploads\/2024\/05\/31072_1_8.jpg","type":"image\/jpeg"}],"twitter_card":"summary_large_image","schema":{"@context":"https:\/\/schema.org","@graph":[{"@type":"WebPage","@id":"https:\/\/www.metrica.it\/es\/producto\/nivel-de-fundicion-base-imantada\/","url":"https:\/\/www.metrica.it\/es\/producto\/nivel-de-fundicion-base-imantada\/","name":"Livella Trapezia Pressofusa Base Normale O Magnetica | Niveles para la construcci\u00f3n | Niveles - Metrica","isPartOf":{"@id":"https:\/\/www.metrica.it\/es\/#website"},"primaryImageOfPage":{"@id":"https:\/\/www.metrica.it\/es\/producto\/nivel-de-fundicion-base-imantada\/#primaryimage"},"image":{"@id":"https:\/\/www.metrica.it\/es\/producto\/nivel-de-fundicion-base-imantada\/#primaryimage"},"thumbnailUrl":"https:\/\/www.metrica.it\/wp-content\/uploads\/2024\/05\/31072_1_8.jpg","datePublished":"2024-09-16T09:55:11+00:00","dateModified":"2024-09-16T18:42:32+00:00","description":"Descubre la colecci\u00f3n de productos., Livella Trapezia Pressofusa Base Normale O Magnetica - Niveles para la construcci\u00f3n.Corpo in alluminio pressofuso,Profilo affusolato per lavorare anche negli ango . Consulta el cat\u00e1logo en la web oficial de Metrica.","breadcrumb":{"@id":"https:\/\/www.metrica.it\/es\/producto\/nivel-de-fundicion-base-imantada\/#breadcrumb"},"inLanguage":"es","potentialAction":[{"@type":"ReadAction","target":["https:\/\/www.metrica.it\/es\/producto\/nivel-de-fundicion-base-imantada\/"]}]},{"@type":"ImageObject","inLanguage":"es","@id":"https:\/\/www.metrica.it\/es\/producto\/nivel-de-fundicion-base-imantada\/#primaryimage","url":"https:\/\/www.metrica.it\/wp-content\/uploads\/2024\/05\/31072_1_8.jpg","contentUrl":"https:\/\/www.metrica.it\/wp-content\/uploads\/2024\/05\/31072_1_8.jpg","width":800,"height":800},{"@type":"BreadcrumbList","@id":"https:\/\/www.metrica.it\/es\/producto\/nivel-de-fundicion-base-imantada\/#breadcrumb","itemListElement":[{"@type":"ListItem","position":1,"name":"Home","item":"https:\/\/www.metrica.it\/es\/"},{"@type":"ListItem","position":2,"name":"Cat\u00e1logo","item":"https:\/\/www.metrica.it\/es\/catalogo-es\/"},{"@type":"ListItem","position":3,"name":"Nivel De Fundici\u00f3n Base Imantada"}]},{"@type":"WebSite","@id":"https:\/\/www.metrica.it\/es\/#website","url":"https:\/\/www.metrica.it\/es\/","name":"Metrica","description":"Made to measure","potentialAction":[{"@type":"SearchAction","target":{"@type":"EntryPoint","urlTemplate":"https:\/\/www.metrica.it\/es\/?s={search_term_string}"},"query-input":{"@type":"PropertyValueSpecification","valueRequired":true,"valueName":"search_term_string"}}],"inLanguage":"es"}]}},"meta_box":{"awr_documentation":[],"awr_manuale":[],"awr_scheda_tecnica":"","awr_youtube_video":"","awr_classe_prodotto":"","awr_customize_product":"0","awr_custom_image":false,"awr_related_products":[{"awr_product_name":"Livella Trapezia Pressofusa Base Normale O Magnetica","awr_product_references":"ref:31062|ean:8001066310623|l:25 cm|gr:270|magnete:*|pack:6"},{"awr_product_name":"Livella Trapezia Pressofusa Base Normale O Magnetica","awr_product_references":"ref:31063|ean:8001066310630|l:30 cm|gr:300|magnete:*|pack:6"},{"awr_product_name":"Livella Trapezia Pressofusa Base Normale O Magnetica","awr_product_references":"ref:31064|ean:8001066310647|l:40 cm|gr:380|magnete:*|pack:6"},{"awr_product_name":"Livella Trapezia Pressofusa Base Normale O Magnetica","awr_product_references":"ref:31065|ean:8001066310654|l:50 cm|gr:440|magnete:*|pack:6"},{"awr_product_name":"Livella Trapezia Pressofusa Base Normale O Magnetica","awr_product_references":"ref:31066|ean:8001066310661|l:60 cm|gr:600|magnete:*|pack:6"}],"awr_consumabili":"","awr_alternativi":"","awr_aliases":"31062,31063,31064,31065,31066","awr_skuid":"31062-it"},"_links":{"self":[{"href":"https:\/\/www.metrica.it\/es\/wp-json\/wp\/v2\/product\/142422","targetHints":{"allow":["GET"]}}],"collection":[{"href":"https:\/\/www.metrica.it\/es\/wp-json\/wp\/v2\/product"}],"about":[{"href":"https:\/\/www.metrica.it\/es\/wp-json\/wp\/v2\/types\/product"}],"wp:featuredmedia":[{"embeddable":true,"href":"https:\/\/www.metrica.it\/es\/wp-json\/wp\/v2\/media\/121843"}],"wp:attachment":[{"href":"https:\/\/www.metrica.it\/es\/wp-json\/wp\/v2\/media?parent=142422"}],"wp:term":[{"taxonomy":"product_cat","embeddable":true,"href":"https:\/\/www.metrica.it\/es\/wp-json\/wp\/v2\/product_cat?post=142422"},{"taxonomy":"product_tag","embeddable":true,"href":"https:\/\/www.metrica.it\/es\/wp-json\/wp\/v2\/product_tag?post=142422"}],"curies":[{"name":"wp","href":"https:\/\/api.w.org\/{rel}","templated":true}]}}