{"id":142427,"date":"2024-09-16T12:49:30","date_gmt":"2024-09-16T10:49:30","guid":{"rendered":"https:\/\/www.metrica.it\/prodotto\/cinta-para-calzado-en-fibra-de-vidrio\/"},"modified":"2024-09-16T21:41:38","modified_gmt":"2024-09-16T19:41:38","slug":"cinta-para-calzado-en-fibra-de-vidrio","status":"publish","type":"product","link":"https:\/\/www.metrica.it\/es\/producto\/cinta-para-calzado-en-fibra-de-vidrio\/","title":{"rendered":"Cinta Para Calzado &#8211; En Fibra De Vidrio"},"content":{"rendered":"<ul>\n<li>En fibra de vidrio<\/li>\n<li>Graduada delante mm<\/li>\n<li>Detras doble escala para calzados<\/li>\n<\/ul>\n","protected":false},"excerpt":{"rendered":"<p>En fibra de vidrio<br \/>Graduada delante mm<br \/>Detras doble escala para calzados<\/p>\n","protected":false},"featured_media":123757,"template":"","meta":[],"product_cat":[51,611],"product_tag":[],"class_list":{"0":"post-142427","1":"product","2":"type-product","3":"status-publish","4":"has-post-thumbnail","6":"product_cat-medidas-de-longitud","7":"product_cat-reglas-cinta-diametrometros","9":"first","10":"instock","11":"sold-individually","12":"product-type-simple"},"yoast_head":"<title>Nastro Speciale Per Scarpe Fibra Di Vetro | Reglas - cinta di\u00e1metrometros | Medidas de Longitud - Metrica<\/title>\n<meta name=\"description\" content=\"Descubre la colecci\u00f3n de productos., Nastro Speciale Per Scarpe Fibra Di Vetro - Reglas - cinta di\u00e1metrometros.Fibra di vetro,Graduazione fronte: mm,Graduazione retro: doppia scala speciale per scar . Consulta el cat\u00e1logo en la web oficial de Metrica.\" \/>\n<meta name=\"robots\" content=\"index, follow, max-snippet:-1, max-image-preview:large, max-video-preview:-1\" \/>\n<link rel=\"canonical\" href=\"https:\/\/www.metrica.it\/es\/producto\/cinta-para-calzado-en-fibra-de-vidrio\/\" \/>\n<meta property=\"og:locale\" content=\"es_ES\" \/>\n<meta property=\"og:type\" content=\"article\" \/>\n<meta property=\"og:title\" content=\"Nastro Speciale Per Scarpe Fibra Di Vetro | Reglas - cinta di\u00e1metrometros | Medidas de Longitud - Metrica\" \/>\n<meta property=\"og:description\" content=\"Descubre la colecci\u00f3n de productos., Nastro Speciale Per Scarpe Fibra Di Vetro - Reglas - cinta di\u00e1metrometros.Fibra di vetro,Graduazione fronte: mm,Graduazione retro: doppia scala speciale per scar . Consulta el cat\u00e1logo en la web oficial de Metrica.\" \/>\n<meta property=\"og:url\" content=\"https:\/\/www.metrica.it\/es\/producto\/cinta-para-calzado-en-fibra-de-vidrio\/\" \/>\n<meta property=\"og:site_name\" content=\"Metrica\" \/>\n<meta property=\"article:modified_time\" content=\"2024-09-16T19:41:38+00:00\" \/>\n<meta property=\"og:image\" content=\"https:\/\/www.metrica.it\/wp-content\/uploads\/2024\/05\/70300.jpg\" \/>\n\t<meta property=\"og:image:width\" content=\"800\" \/>\n\t<meta property=\"og:image:height\" content=\"800\" \/>\n\t<meta property=\"og:image:type\" content=\"image\/jpeg\" \/>\n<meta name=\"twitter:card\" content=\"summary_large_image\" \/>\n<script type=\"application\/ld+json\" class=\"yoast-schema-graph\">{\"@context\":\"https:\\\/\\\/schema.org\",\"@graph\":[{\"@type\":\"WebPage\",\"@id\":\"https:\\\/\\\/www.metrica.it\\\/es\\\/producto\\\/cinta-para-calzado-en-fibra-de-vidrio\\\/\",\"url\":\"https:\\\/\\\/www.metrica.it\\\/es\\\/producto\\\/cinta-para-calzado-en-fibra-de-vidrio\\\/\",\"name\":\"Nastro Speciale Per Scarpe Fibra Di Vetro | Reglas - cinta di\u00e1metrometros | Medidas de Longitud - Metrica\",\"isPartOf\":{\"@id\":\"https:\\\/\\\/www.metrica.it\\\/es\\\/#website\"},\"primaryImageOfPage\":{\"@id\":\"https:\\\/\\\/www.metrica.it\\\/es\\\/producto\\\/cinta-para-calzado-en-fibra-de-vidrio\\\/#primaryimage\"},\"image\":{\"@id\":\"https:\\\/\\\/www.metrica.it\\\/es\\\/producto\\\/cinta-para-calzado-en-fibra-de-vidrio\\\/#primaryimage\"},\"thumbnailUrl\":\"https:\\\/\\\/www.metrica.it\\\/wp-content\\\/uploads\\\/2024\\\/05\\\/70300.jpg\",\"datePublished\":\"2024-09-16T10:49:30+00:00\",\"dateModified\":\"2024-09-16T19:41:38+00:00\",\"description\":\"Descubre la colecci\u00f3n de productos., Nastro Speciale Per Scarpe Fibra Di Vetro - Reglas - cinta di\u00e1metrometros.Fibra di vetro,Graduazione fronte: mm,Graduazione retro: doppia scala speciale per scar . Consulta el cat\u00e1logo en la web oficial de Metrica.\",\"breadcrumb\":{\"@id\":\"https:\\\/\\\/www.metrica.it\\\/es\\\/producto\\\/cinta-para-calzado-en-fibra-de-vidrio\\\/#breadcrumb\"},\"inLanguage\":\"es\",\"potentialAction\":[{\"@type\":\"ReadAction\",\"target\":[\"https:\\\/\\\/www.metrica.it\\\/es\\\/producto\\\/cinta-para-calzado-en-fibra-de-vidrio\\\/\"]}]},{\"@type\":\"ImageObject\",\"inLanguage\":\"es\",\"@id\":\"https:\\\/\\\/www.metrica.it\\\/es\\\/producto\\\/cinta-para-calzado-en-fibra-de-vidrio\\\/#primaryimage\",\"url\":\"https:\\\/\\\/www.metrica.it\\\/wp-content\\\/uploads\\\/2024\\\/05\\\/70300.jpg\",\"contentUrl\":\"https:\\\/\\\/www.metrica.it\\\/wp-content\\\/uploads\\\/2024\\\/05\\\/70300.jpg\",\"width\":800,\"height\":800},{\"@type\":\"BreadcrumbList\",\"@id\":\"https:\\\/\\\/www.metrica.it\\\/es\\\/producto\\\/cinta-para-calzado-en-fibra-de-vidrio\\\/#breadcrumb\",\"itemListElement\":[{\"@type\":\"ListItem\",\"position\":1,\"name\":\"Home\",\"item\":\"https:\\\/\\\/www.metrica.it\\\/es\\\/\"},{\"@type\":\"ListItem\",\"position\":2,\"name\":\"Cat\u00e1logo\",\"item\":\"https:\\\/\\\/www.metrica.it\\\/es\\\/catalogo-es\\\/\"},{\"@type\":\"ListItem\",\"position\":3,\"name\":\"Cinta Para Calzado &#8211; En Fibra De Vidrio\"}]},{\"@type\":\"WebSite\",\"@id\":\"https:\\\/\\\/www.metrica.it\\\/es\\\/#website\",\"url\":\"https:\\\/\\\/www.metrica.it\\\/es\\\/\",\"name\":\"Metrica\",\"description\":\"Made to measure\",\"potentialAction\":[{\"@type\":\"SearchAction\",\"target\":{\"@type\":\"EntryPoint\",\"urlTemplate\":\"https:\\\/\\\/www.metrica.it\\\/es\\\/?s={search_term_string}\"},\"query-input\":{\"@type\":\"PropertyValueSpecification\",\"valueRequired\":true,\"valueName\":\"search_term_string\"}}],\"inLanguage\":\"es\"}]}<\/script>","yoast_head_json":{"title":"Nastro Speciale Per Scarpe Fibra Di Vetro | Reglas - cinta di\u00e1metrometros | Medidas de Longitud - Metrica","description":"Descubre la colecci\u00f3n de productos., Nastro Speciale Per Scarpe Fibra Di Vetro - Reglas - cinta di\u00e1metrometros.Fibra di vetro,Graduazione fronte: mm,Graduazione retro: doppia scala speciale per scar . Consulta el cat\u00e1logo en la web oficial de Metrica.","robots":{"index":"index","follow":"follow","max-snippet":"max-snippet:-1","max-image-preview":"max-image-preview:large","max-video-preview":"max-video-preview:-1"},"canonical":"https:\/\/www.metrica.it\/es\/producto\/cinta-para-calzado-en-fibra-de-vidrio\/","og_locale":"es_ES","og_type":"article","og_title":"Nastro Speciale Per Scarpe Fibra Di Vetro | Reglas - cinta di\u00e1metrometros | Medidas de Longitud - Metrica","og_description":"Descubre la colecci\u00f3n de productos., Nastro Speciale Per Scarpe Fibra Di Vetro - Reglas - cinta di\u00e1metrometros.Fibra di vetro,Graduazione fronte: mm,Graduazione retro: doppia scala speciale per scar . Consulta el cat\u00e1logo en la web oficial de Metrica.","og_url":"https:\/\/www.metrica.it\/es\/producto\/cinta-para-calzado-en-fibra-de-vidrio\/","og_site_name":"Metrica","article_modified_time":"2024-09-16T19:41:38+00:00","og_image":[{"width":800,"height":800,"url":"https:\/\/www.metrica.it\/wp-content\/uploads\/2024\/05\/70300.jpg","type":"image\/jpeg"}],"twitter_card":"summary_large_image","schema":{"@context":"https:\/\/schema.org","@graph":[{"@type":"WebPage","@id":"https:\/\/www.metrica.it\/es\/producto\/cinta-para-calzado-en-fibra-de-vidrio\/","url":"https:\/\/www.metrica.it\/es\/producto\/cinta-para-calzado-en-fibra-de-vidrio\/","name":"Nastro Speciale Per Scarpe Fibra Di Vetro | Reglas - cinta di\u00e1metrometros | Medidas de Longitud - Metrica","isPartOf":{"@id":"https:\/\/www.metrica.it\/es\/#website"},"primaryImageOfPage":{"@id":"https:\/\/www.metrica.it\/es\/producto\/cinta-para-calzado-en-fibra-de-vidrio\/#primaryimage"},"image":{"@id":"https:\/\/www.metrica.it\/es\/producto\/cinta-para-calzado-en-fibra-de-vidrio\/#primaryimage"},"thumbnailUrl":"https:\/\/www.metrica.it\/wp-content\/uploads\/2024\/05\/70300.jpg","datePublished":"2024-09-16T10:49:30+00:00","dateModified":"2024-09-16T19:41:38+00:00","description":"Descubre la colecci\u00f3n de productos., Nastro Speciale Per Scarpe Fibra Di Vetro - Reglas - cinta di\u00e1metrometros.Fibra di vetro,Graduazione fronte: mm,Graduazione retro: doppia scala speciale per scar . Consulta el cat\u00e1logo en la web oficial de Metrica.","breadcrumb":{"@id":"https:\/\/www.metrica.it\/es\/producto\/cinta-para-calzado-en-fibra-de-vidrio\/#breadcrumb"},"inLanguage":"es","potentialAction":[{"@type":"ReadAction","target":["https:\/\/www.metrica.it\/es\/producto\/cinta-para-calzado-en-fibra-de-vidrio\/"]}]},{"@type":"ImageObject","inLanguage":"es","@id":"https:\/\/www.metrica.it\/es\/producto\/cinta-para-calzado-en-fibra-de-vidrio\/#primaryimage","url":"https:\/\/www.metrica.it\/wp-content\/uploads\/2024\/05\/70300.jpg","contentUrl":"https:\/\/www.metrica.it\/wp-content\/uploads\/2024\/05\/70300.jpg","width":800,"height":800},{"@type":"BreadcrumbList","@id":"https:\/\/www.metrica.it\/es\/producto\/cinta-para-calzado-en-fibra-de-vidrio\/#breadcrumb","itemListElement":[{"@type":"ListItem","position":1,"name":"Home","item":"https:\/\/www.metrica.it\/es\/"},{"@type":"ListItem","position":2,"name":"Cat\u00e1logo","item":"https:\/\/www.metrica.it\/es\/catalogo-es\/"},{"@type":"ListItem","position":3,"name":"Cinta Para Calzado &#8211; En Fibra De Vidrio"}]},{"@type":"WebSite","@id":"https:\/\/www.metrica.it\/es\/#website","url":"https:\/\/www.metrica.it\/es\/","name":"Metrica","description":"Made to measure","potentialAction":[{"@type":"SearchAction","target":{"@type":"EntryPoint","urlTemplate":"https:\/\/www.metrica.it\/es\/?s={search_term_string}"},"query-input":{"@type":"PropertyValueSpecification","valueRequired":true,"valueName":"search_term_string"}}],"inLanguage":"es"}]}},"meta_box":{"awr_documentation":[],"awr_manuale":[],"awr_scheda_tecnica":"","awr_youtube_video":"","awr_classe_prodotto":"","awr_customize_product":"0","awr_custom_image":false,"awr_related_products":[{"awr_product_name":"Nastro Speciale Per Scarpe Fibra Di Vetro","awr_product_references":"ref:70300|ean:8001066703005|l_mm:600|unit_misura:mm|a_mm:10|pack:25"}],"awr_consumabili":"","awr_alternativi":"","awr_aliases":"70300","awr_skuid":"70300-it"},"_links":{"self":[{"href":"https:\/\/www.metrica.it\/es\/wp-json\/wp\/v2\/product\/142427","targetHints":{"allow":["GET"]}}],"collection":[{"href":"https:\/\/www.metrica.it\/es\/wp-json\/wp\/v2\/product"}],"about":[{"href":"https:\/\/www.metrica.it\/es\/wp-json\/wp\/v2\/types\/product"}],"wp:featuredmedia":[{"embeddable":true,"href":"https:\/\/www.metrica.it\/es\/wp-json\/wp\/v2\/media\/123757"}],"wp:attachment":[{"href":"https:\/\/www.metrica.it\/es\/wp-json\/wp\/v2\/media?parent=142427"}],"wp:term":[{"taxonomy":"product_cat","embeddable":true,"href":"https:\/\/www.metrica.it\/es\/wp-json\/wp\/v2\/product_cat?post=142427"},{"taxonomy":"product_tag","embeddable":true,"href":"https:\/\/www.metrica.it\/es\/wp-json\/wp\/v2\/product_tag?post=142427"}],"curies":[{"name":"wp","href":"https:\/\/api.w.org\/{rel}","templated":true}]}}