{"id":142437,"date":"2024-09-16T12:52:18","date_gmt":"2024-09-16T10:52:18","guid":{"rendered":"https:\/\/www.metrica.it\/prodotto\/metrica-flash-100-metros-target-camera\/"},"modified":"2024-09-16T21:44:28","modified_gmt":"2024-09-16T19:44:28","slug":"metrica-flash-100-metros-target-camera","status":"publish","type":"product","link":"https:\/\/www.metrica.it\/es\/producto\/metrica-flash-100-metros-target-camera\/","title":{"rendered":"Metrica Flash 100 Metros Target Camera"},"content":{"rendered":"<ul>\n<li><span>C\u00e1mara target, con visor del punto en el que se est\u00e1 midiendo<br \/><\/span><\/li>\n<li><span>Doble inclin\u00f3metro (horizontal y vertical)<br \/><\/span><\/li>\n<li><span>Burbuja electr\u00f3nico<br \/><\/span><\/li>\n<li><span>Funci\u00f3n de medici\u00f3n continua, con valores m\u00e1x\/m\u00edn siempre visualizados<br \/><\/span><\/li>\n<li><span>6 funciones pitag\u00f3ricos<br \/><\/span><\/li>\n<li><span>Replanteo guiado<br \/><\/span><\/li>\n<li><span>Distancias, superficies, vol\u00famenes<br \/><\/span><\/li>\n<li><span>Suma y la resta de distancias, superficies y vol\u00famenes<br \/><\/span><\/li>\n<li><span>Varilla extra\u00edble para diagonales<br \/><\/span><\/li>\n<li><span>Temporizador de medici\u00f3n, el apagado autom\u00e1tico<br \/><\/span><\/li>\n<li><span>Retraso en la medici\u00f3n ajustable<br \/><\/span><\/li>\n<li><span>Funci\u00f3n de sonido<br \/><\/span><\/li>\n<li><span>100 memorias<br \/><\/span><\/li>\n<li><span>Conexi\u00f3n del cable PC\/carga<br \/><\/span><\/li>\n<li><span>Pilas recargables<br \/><\/span><\/li>\n<li><span>Tuerca para tr\u00edpode de 1\/4\u201d<br \/><\/span><\/li>\n<li><span>Con correa, en bolsa<\/span><\/li>\n<\/ul>\n","protected":false},"excerpt":{"rendered":"<p><span>C\u00e1mara target, con visor del punto en el que se est\u00e1 midiendo<br \/><\/span><\/p>\n<p><span>Doble inclin\u00f3metro (horizontal y vertical)<br \/><\/span><\/p>\n<p><span>Burbuja electr\u00f3nico<br \/><\/span><\/p>\n<p><span>Funci\u00f3n de medici\u00f3n continua, con valores m\u00e1x\/m\u00edn siempre visualizados<br \/><\/span><\/p>\n<p><span>6 funciones pitag\u00f3ricos<br \/><\/span><\/p>\n<p><span>Replanteo guiado<br \/><\/span><\/p>\n<p><span>Distancias, superficies, vol\u00famenes<br \/><\/span><\/p>\n<p><span>Suma y la resta de distancias, superficies y vol\u00famenes<br \/><\/span><\/p>\n<p><span>Varilla extra\u00edble para diagonales<br \/><\/span><\/p>\n<p><span>Temporizador de medici\u00f3n, el apagado autom\u00e1tico<br \/><\/span><\/p>\n<p><span>Retraso en la medici\u00f3n ajustable<br \/><\/span><\/p>\n<p><span>Funci\u00f3n de sonido<br \/><\/span><\/p>\n<p><span>100 memorias<br \/><\/span><\/p>\n<p><span>Conexi\u00f3n del cable PC\/carga<br \/><\/span><\/p>\n<p><span>Pilas recargables<br \/><\/span><\/p>\n<p><span>Tuerca para tr\u00edpode de 1\/4\u201d<br \/><\/span><\/p>\n<p><span>Con correa, en bolsa<\/span><\/p>\n","protected":false},"featured_media":126171,"template":"","meta":[],"product_cat":[517,528],"product_tag":[],"class_list":{"0":"post-142437","1":"product","2":"type-product","3":"status-publish","4":"has-post-thumbnail","6":"product_cat-laser-y-termocamaras","7":"product_cat-medidores-de-distancia-laser","9":"first","10":"instock","11":"sold-individually","12":"product-type-simple"},"yoast_head":"<title>Metrica Flash 80 Metri Target Camera | Medidores De Distancia L\u00e1ser | Laser y Termocamaras - Metrica<\/title>\n<meta name=\"description\" content=\"Descubre la colecci\u00f3n de productos., Metrica Flash 80 Metri Target Camera - Medidores De Distancia L\u00e1ser.Target camera, telecamera con mirino per visualizzare il punto dove si sta misurando,Doppio in . Consulta el cat\u00e1logo en la web oficial de Metrica.\" \/>\n<meta name=\"robots\" content=\"index, follow, max-snippet:-1, max-image-preview:large, max-video-preview:-1\" \/>\n<link rel=\"canonical\" href=\"https:\/\/www.metrica.it\/es\/producto\/metrica-flash-100-metros-target-camera\/\" \/>\n<meta property=\"og:locale\" content=\"es_ES\" \/>\n<meta property=\"og:type\" content=\"article\" \/>\n<meta property=\"og:title\" content=\"Metrica Flash 80 Metri Target Camera | Medidores De Distancia L\u00e1ser | Laser y Termocamaras - Metrica\" \/>\n<meta property=\"og:description\" content=\"Descubre la colecci\u00f3n de productos., Metrica Flash 80 Metri Target Camera - Medidores De Distancia L\u00e1ser.Target camera, telecamera con mirino per visualizzare il punto dove si sta misurando,Doppio in . Consulta el cat\u00e1logo en la web oficial de Metrica.\" \/>\n<meta property=\"og:url\" content=\"https:\/\/www.metrica.it\/es\/producto\/metrica-flash-100-metros-target-camera\/\" \/>\n<meta property=\"og:site_name\" content=\"Metrica\" \/>\n<meta property=\"article:modified_time\" content=\"2024-09-16T19:44:28+00:00\" \/>\n<meta property=\"og:image\" content=\"https:\/\/www.metrica.it\/wp-content\/uploads\/2024\/06\/61186.jpg\" \/>\n\t<meta property=\"og:image:width\" content=\"1200\" \/>\n\t<meta property=\"og:image:height\" content=\"1200\" \/>\n\t<meta property=\"og:image:type\" content=\"image\/jpeg\" \/>\n<meta name=\"twitter:card\" content=\"summary_large_image\" \/>\n<script type=\"application\/ld+json\" class=\"yoast-schema-graph\">{\"@context\":\"https:\\\/\\\/schema.org\",\"@graph\":[{\"@type\":\"WebPage\",\"@id\":\"https:\\\/\\\/www.metrica.it\\\/es\\\/producto\\\/metrica-flash-100-metros-target-camera\\\/\",\"url\":\"https:\\\/\\\/www.metrica.it\\\/es\\\/producto\\\/metrica-flash-100-metros-target-camera\\\/\",\"name\":\"Metrica Flash 80 Metri Target Camera | Medidores De Distancia L\u00e1ser | Laser y Termocamaras - Metrica\",\"isPartOf\":{\"@id\":\"https:\\\/\\\/www.metrica.it\\\/es\\\/#website\"},\"primaryImageOfPage\":{\"@id\":\"https:\\\/\\\/www.metrica.it\\\/es\\\/producto\\\/metrica-flash-100-metros-target-camera\\\/#primaryimage\"},\"image\":{\"@id\":\"https:\\\/\\\/www.metrica.it\\\/es\\\/producto\\\/metrica-flash-100-metros-target-camera\\\/#primaryimage\"},\"thumbnailUrl\":\"https:\\\/\\\/www.metrica.it\\\/wp-content\\\/uploads\\\/2024\\\/06\\\/61186.jpg\",\"datePublished\":\"2024-09-16T10:52:18+00:00\",\"dateModified\":\"2024-09-16T19:44:28+00:00\",\"description\":\"Descubre la colecci\u00f3n de productos., Metrica Flash 80 Metri Target Camera - Medidores De Distancia L\u00e1ser.Target camera, telecamera con mirino per visualizzare il punto dove si sta misurando,Doppio in . Consulta el cat\u00e1logo en la web oficial de Metrica.\",\"breadcrumb\":{\"@id\":\"https:\\\/\\\/www.metrica.it\\\/es\\\/producto\\\/metrica-flash-100-metros-target-camera\\\/#breadcrumb\"},\"inLanguage\":\"es\",\"potentialAction\":[{\"@type\":\"ReadAction\",\"target\":[\"https:\\\/\\\/www.metrica.it\\\/es\\\/producto\\\/metrica-flash-100-metros-target-camera\\\/\"]}]},{\"@type\":\"ImageObject\",\"inLanguage\":\"es\",\"@id\":\"https:\\\/\\\/www.metrica.it\\\/es\\\/producto\\\/metrica-flash-100-metros-target-camera\\\/#primaryimage\",\"url\":\"https:\\\/\\\/www.metrica.it\\\/wp-content\\\/uploads\\\/2024\\\/06\\\/61186.jpg\",\"contentUrl\":\"https:\\\/\\\/www.metrica.it\\\/wp-content\\\/uploads\\\/2024\\\/06\\\/61186.jpg\",\"width\":1200,\"height\":1200},{\"@type\":\"BreadcrumbList\",\"@id\":\"https:\\\/\\\/www.metrica.it\\\/es\\\/producto\\\/metrica-flash-100-metros-target-camera\\\/#breadcrumb\",\"itemListElement\":[{\"@type\":\"ListItem\",\"position\":1,\"name\":\"Home\",\"item\":\"https:\\\/\\\/www.metrica.it\\\/es\\\/\"},{\"@type\":\"ListItem\",\"position\":2,\"name\":\"Cat\u00e1logo\",\"item\":\"https:\\\/\\\/www.metrica.it\\\/es\\\/catalogo-es\\\/\"},{\"@type\":\"ListItem\",\"position\":3,\"name\":\"Metrica Flash 100 Metros Target Camera\"}]},{\"@type\":\"WebSite\",\"@id\":\"https:\\\/\\\/www.metrica.it\\\/es\\\/#website\",\"url\":\"https:\\\/\\\/www.metrica.it\\\/es\\\/\",\"name\":\"Metrica\",\"description\":\"Made to measure\",\"potentialAction\":[{\"@type\":\"SearchAction\",\"target\":{\"@type\":\"EntryPoint\",\"urlTemplate\":\"https:\\\/\\\/www.metrica.it\\\/es\\\/?s={search_term_string}\"},\"query-input\":{\"@type\":\"PropertyValueSpecification\",\"valueRequired\":true,\"valueName\":\"search_term_string\"}}],\"inLanguage\":\"es\"}]}<\/script>","yoast_head_json":{"title":"Metrica Flash 80 Metri Target Camera | Medidores De Distancia L\u00e1ser | Laser y Termocamaras - Metrica","description":"Descubre la colecci\u00f3n de productos., Metrica Flash 80 Metri Target Camera - Medidores De Distancia L\u00e1ser.Target camera, telecamera con mirino per visualizzare il punto dove si sta misurando,Doppio in . Consulta el cat\u00e1logo en la web oficial de Metrica.","robots":{"index":"index","follow":"follow","max-snippet":"max-snippet:-1","max-image-preview":"max-image-preview:large","max-video-preview":"max-video-preview:-1"},"canonical":"https:\/\/www.metrica.it\/es\/producto\/metrica-flash-100-metros-target-camera\/","og_locale":"es_ES","og_type":"article","og_title":"Metrica Flash 80 Metri Target Camera | Medidores De Distancia L\u00e1ser | Laser y Termocamaras - Metrica","og_description":"Descubre la colecci\u00f3n de productos., Metrica Flash 80 Metri Target Camera - Medidores De Distancia L\u00e1ser.Target camera, telecamera con mirino per visualizzare il punto dove si sta misurando,Doppio in . Consulta el cat\u00e1logo en la web oficial de Metrica.","og_url":"https:\/\/www.metrica.it\/es\/producto\/metrica-flash-100-metros-target-camera\/","og_site_name":"Metrica","article_modified_time":"2024-09-16T19:44:28+00:00","og_image":[{"width":1200,"height":1200,"url":"https:\/\/www.metrica.it\/wp-content\/uploads\/2024\/06\/61186.jpg","type":"image\/jpeg"}],"twitter_card":"summary_large_image","schema":{"@context":"https:\/\/schema.org","@graph":[{"@type":"WebPage","@id":"https:\/\/www.metrica.it\/es\/producto\/metrica-flash-100-metros-target-camera\/","url":"https:\/\/www.metrica.it\/es\/producto\/metrica-flash-100-metros-target-camera\/","name":"Metrica Flash 80 Metri Target Camera | Medidores De Distancia L\u00e1ser | Laser y Termocamaras - Metrica","isPartOf":{"@id":"https:\/\/www.metrica.it\/es\/#website"},"primaryImageOfPage":{"@id":"https:\/\/www.metrica.it\/es\/producto\/metrica-flash-100-metros-target-camera\/#primaryimage"},"image":{"@id":"https:\/\/www.metrica.it\/es\/producto\/metrica-flash-100-metros-target-camera\/#primaryimage"},"thumbnailUrl":"https:\/\/www.metrica.it\/wp-content\/uploads\/2024\/06\/61186.jpg","datePublished":"2024-09-16T10:52:18+00:00","dateModified":"2024-09-16T19:44:28+00:00","description":"Descubre la colecci\u00f3n de productos., Metrica Flash 80 Metri Target Camera - Medidores De Distancia L\u00e1ser.Target camera, telecamera con mirino per visualizzare il punto dove si sta misurando,Doppio in . Consulta el cat\u00e1logo en la web oficial de Metrica.","breadcrumb":{"@id":"https:\/\/www.metrica.it\/es\/producto\/metrica-flash-100-metros-target-camera\/#breadcrumb"},"inLanguage":"es","potentialAction":[{"@type":"ReadAction","target":["https:\/\/www.metrica.it\/es\/producto\/metrica-flash-100-metros-target-camera\/"]}]},{"@type":"ImageObject","inLanguage":"es","@id":"https:\/\/www.metrica.it\/es\/producto\/metrica-flash-100-metros-target-camera\/#primaryimage","url":"https:\/\/www.metrica.it\/wp-content\/uploads\/2024\/06\/61186.jpg","contentUrl":"https:\/\/www.metrica.it\/wp-content\/uploads\/2024\/06\/61186.jpg","width":1200,"height":1200},{"@type":"BreadcrumbList","@id":"https:\/\/www.metrica.it\/es\/producto\/metrica-flash-100-metros-target-camera\/#breadcrumb","itemListElement":[{"@type":"ListItem","position":1,"name":"Home","item":"https:\/\/www.metrica.it\/es\/"},{"@type":"ListItem","position":2,"name":"Cat\u00e1logo","item":"https:\/\/www.metrica.it\/es\/catalogo-es\/"},{"@type":"ListItem","position":3,"name":"Metrica Flash 100 Metros Target Camera"}]},{"@type":"WebSite","@id":"https:\/\/www.metrica.it\/es\/#website","url":"https:\/\/www.metrica.it\/es\/","name":"Metrica","description":"Made to measure","potentialAction":[{"@type":"SearchAction","target":{"@type":"EntryPoint","urlTemplate":"https:\/\/www.metrica.it\/es\/?s={search_term_string}"},"query-input":{"@type":"PropertyValueSpecification","valueRequired":true,"valueName":"search_term_string"}}],"inLanguage":"es"}]}},"meta_box":{"awr_documentation":[{"filesize":2187359,"ID":"146389","name":"61185.pdf","path":"\/var\/www\/html\/wp-content\/uploads\/2024\/09\/61185.pdf","url":"https:\/\/www.metrica.it\/wp-content\/uploads\/2024\/09\/61185.pdf","title":"61185.pdf"}],"awr_manuale":[{"filesize":4239204,"ID":"146390","name":"Connection_software_Download.rar","path":"\/var\/www\/html\/wp-content\/uploads\/2024\/09\/Connection_software_Download.rar","url":"https:\/\/www.metrica.it\/wp-content\/uploads\/2024\/09\/Connection_software_Download.rar","title":"Connection_software_Download.rar"}],"awr_scheda_tecnica":"<table>\n<tbody>\n<tr>\n<td><strong>Capacidad *<\/strong><\/td>\n<td>100 m<\/td>\n<\/tr>\n<tr>\n<td><strong>Precisi\u00f3n<\/strong><\/td>\n<td>+ \/ - 20 mm<\/td>\n<\/tr>\n<tr>\n<td><strong>Medici\u00f3n del angulo<\/strong><\/td>\n<td>\u00b1 90\u00b0<\/td>\n<\/tr>\n<tr>\n<td><strong>Duraci\u00f3n de la bater\u00eda<\/strong><\/td>\n<td>hasta 30.000 medidas<\/td>\n<\/tr>\n<tr>\n<td><strong>Tipo de l\u00e1ser<\/strong><\/td>\n<td>635 nm <\/td>\n<\/tr>\n<tr>\n<td><strong>Clase de l\u00e1ser<\/strong><\/td>\n<td>classe II<\/td>\n<\/tr>\n<tr>\n<td><strong>Impermeabilidad<\/strong><\/td>\n<td>IP 54<\/td>\n<\/tr>\n<tr>\n<td><strong>Temperatura de funcionamiento<\/strong><\/td>\n<td>0\u00b0 C \/ 40\u00b0 C<\/td>\n<\/tr>\n<tr>\n<td><strong>Pilas<\/strong><\/td>\n<td>NiMh 3X1.2V 800mAh<\/td>\n<\/tr>\n<tr>\n<td><strong>Dimensiones (mm)<\/strong><\/td>\n<td>130 x 56 x 29\u00a0<\/td>\n<\/tr>\n<tr>\n<td><strong>Peso (sin pilas)<\/strong><\/td>\n<td>130 g<\/td>\n<\/tr>\n<tr>\n<td><strong>Tuerca para tr\u00edpode<\/strong><\/td>\n<td>1\/4\"<\/td>\n<\/tr>\n<\/tbody>\n<\/table>\n","awr_youtube_video":"","awr_classe_prodotto":"","awr_customize_product":"0","awr_custom_image":false,"awr_related_products":[{"awr_product_name":"Metrica Flash 100 Metri Target Camera","awr_product_references":"ref:61186|ean:8001066611867|l:0,05 &divide; 100 m|pack:1"}],"awr_consumabili":"","awr_alternativi":"","awr_aliases":"61186","awr_skuid":"61185-it"},"_links":{"self":[{"href":"https:\/\/www.metrica.it\/es\/wp-json\/wp\/v2\/product\/142437","targetHints":{"allow":["GET"]}}],"collection":[{"href":"https:\/\/www.metrica.it\/es\/wp-json\/wp\/v2\/product"}],"about":[{"href":"https:\/\/www.metrica.it\/es\/wp-json\/wp\/v2\/types\/product"}],"wp:featuredmedia":[{"embeddable":true,"href":"https:\/\/www.metrica.it\/es\/wp-json\/wp\/v2\/media\/126171"}],"wp:attachment":[{"href":"https:\/\/www.metrica.it\/es\/wp-json\/wp\/v2\/media?parent=142437"}],"wp:term":[{"taxonomy":"product_cat","embeddable":true,"href":"https:\/\/www.metrica.it\/es\/wp-json\/wp\/v2\/product_cat?post=142437"},{"taxonomy":"product_tag","embeddable":true,"href":"https:\/\/www.metrica.it\/es\/wp-json\/wp\/v2\/product_tag?post=142437"}],"curies":[{"name":"wp","href":"https:\/\/api.w.org\/{rel}","templated":true}]}}