{"id":142482,"date":"2024-09-16T12:04:06","date_gmt":"2024-09-16T10:04:06","guid":{"rendered":"https:\/\/www.metrica.it\/prodotto\/nivel-profesional-de-aluminio-fundido-a-presion-base-imantada\/"},"modified":"2024-09-16T20:51:21","modified_gmt":"2024-09-16T18:51:21","slug":"nivel-profesional-de-aluminio-fundido-a-presion-base-imantada","status":"publish","type":"product","link":"https:\/\/www.metrica.it\/es\/producto\/nivel-profesional-de-aluminio-fundido-a-presion-base-imantada\/","title":{"rendered":"Nivel Profesional De Aluminio Fundido A Presi\u00f3n &#8211; Base Imantada"},"content":{"rendered":"<ul>\n<li>Cuerpo macizo seccion 50 x 24 mm<\/li>\n<li>De aluminio fundido a presi\u00f3n<\/li>\n<li>Dos plantas molidas<\/li>\n<li>Burbujas acr\u00edlicos resistentes a los impactos<\/li>\n<li>Burbujas de alta visibilidad<\/li>\n<li>Precisi\u00f3n 0,5 mm\/m<\/li>\n<li>Mango ergon\u00f3mico a partir da 50 cm<\/li>\n<li>Base imantada<\/li>\n<\/ul>\n","protected":false},"excerpt":{"rendered":"<p>Cuerpo macizo seccion 50 x 24 mm<br \/>De aluminio fundido a presi\u00f3n<br \/>Dos plantas molidas<br \/>Burbujas acr\u00edlicos resistentes a los impactos<br \/>Burbujas de alta visibilidad<br \/>Precisi\u00f3n 0,5 mm\/m<br \/>Mango ergon\u00f3mico a partir da 50 cm<br \/>Base imantada<\/p>\n","protected":false},"featured_media":127570,"template":"","meta":[],"product_cat":[552,568],"product_tag":[],"class_list":{"0":"post-142482","1":"product","2":"type-product","3":"status-publish","4":"has-post-thumbnail","6":"product_cat-niveles","7":"product_cat-niveles-para-la-construccion","9":"first","10":"instock","11":"sold-individually","12":"product-type-simple"},"yoast_head":"<title>Livella Pressofusa - Base Magnetica | Niveles para la construcci\u00f3n | Niveles - Metrica<\/title>\n<meta name=\"description\" content=\"Descubre la colecci\u00f3n de productos., Livella Pressofusa - Base Magnetica - Niveles para la construcci\u00f3n.Corpo massiccio sezione 50 x 24 mm,In alluminio pressofuso,Due piani fresati . Consulta el cat\u00e1logo en la web oficial de Metrica.\" \/>\n<meta name=\"robots\" content=\"index, follow, max-snippet:-1, max-image-preview:large, max-video-preview:-1\" \/>\n<link rel=\"canonical\" href=\"https:\/\/www.metrica.it\/es\/producto\/nivel-profesional-de-aluminio-fundido-a-presion-base-imantada\/\" \/>\n<meta property=\"og:locale\" content=\"es_ES\" \/>\n<meta property=\"og:type\" content=\"article\" \/>\n<meta property=\"og:title\" content=\"Livella Pressofusa - Base Magnetica | Niveles para la construcci\u00f3n | Niveles - Metrica\" \/>\n<meta property=\"og:description\" content=\"Descubre la colecci\u00f3n de productos., Livella Pressofusa - Base Magnetica - Niveles para la construcci\u00f3n.Corpo massiccio sezione 50 x 24 mm,In alluminio pressofuso,Due piani fresati . Consulta el cat\u00e1logo en la web oficial de Metrica.\" \/>\n<meta property=\"og:url\" content=\"https:\/\/www.metrica.it\/es\/producto\/nivel-profesional-de-aluminio-fundido-a-presion-base-imantada\/\" \/>\n<meta property=\"og:site_name\" content=\"Metrica\" \/>\n<meta property=\"article:modified_time\" content=\"2024-09-16T18:51:21+00:00\" \/>\n<meta property=\"og:image\" content=\"https:\/\/www.metrica.it\/wp-content\/uploads\/2024\/06\/31084_8.jpg\" \/>\n\t<meta property=\"og:image:width\" content=\"800\" \/>\n\t<meta property=\"og:image:height\" content=\"800\" \/>\n\t<meta property=\"og:image:type\" content=\"image\/jpeg\" \/>\n<meta name=\"twitter:card\" content=\"summary_large_image\" \/>\n<script type=\"application\/ld+json\" class=\"yoast-schema-graph\">{\"@context\":\"https:\\\/\\\/schema.org\",\"@graph\":[{\"@type\":\"WebPage\",\"@id\":\"https:\\\/\\\/www.metrica.it\\\/es\\\/producto\\\/nivel-profesional-de-aluminio-fundido-a-presion-base-imantada\\\/\",\"url\":\"https:\\\/\\\/www.metrica.it\\\/es\\\/producto\\\/nivel-profesional-de-aluminio-fundido-a-presion-base-imantada\\\/\",\"name\":\"Livella Pressofusa - Base Magnetica | Niveles para la construcci\u00f3n | Niveles - Metrica\",\"isPartOf\":{\"@id\":\"https:\\\/\\\/www.metrica.it\\\/es\\\/#website\"},\"primaryImageOfPage\":{\"@id\":\"https:\\\/\\\/www.metrica.it\\\/es\\\/producto\\\/nivel-profesional-de-aluminio-fundido-a-presion-base-imantada\\\/#primaryimage\"},\"image\":{\"@id\":\"https:\\\/\\\/www.metrica.it\\\/es\\\/producto\\\/nivel-profesional-de-aluminio-fundido-a-presion-base-imantada\\\/#primaryimage\"},\"thumbnailUrl\":\"https:\\\/\\\/www.metrica.it\\\/wp-content\\\/uploads\\\/2024\\\/06\\\/31084_8.jpg\",\"datePublished\":\"2024-09-16T10:04:06+00:00\",\"dateModified\":\"2024-09-16T18:51:21+00:00\",\"description\":\"Descubre la colecci\u00f3n de productos., Livella Pressofusa - Base Magnetica - Niveles para la construcci\u00f3n.Corpo massiccio sezione 50 x 24 mm,In alluminio pressofuso,Due piani fresati . Consulta el cat\u00e1logo en la web oficial de Metrica.\",\"breadcrumb\":{\"@id\":\"https:\\\/\\\/www.metrica.it\\\/es\\\/producto\\\/nivel-profesional-de-aluminio-fundido-a-presion-base-imantada\\\/#breadcrumb\"},\"inLanguage\":\"es\",\"potentialAction\":[{\"@type\":\"ReadAction\",\"target\":[\"https:\\\/\\\/www.metrica.it\\\/es\\\/producto\\\/nivel-profesional-de-aluminio-fundido-a-presion-base-imantada\\\/\"]}]},{\"@type\":\"ImageObject\",\"inLanguage\":\"es\",\"@id\":\"https:\\\/\\\/www.metrica.it\\\/es\\\/producto\\\/nivel-profesional-de-aluminio-fundido-a-presion-base-imantada\\\/#primaryimage\",\"url\":\"https:\\\/\\\/www.metrica.it\\\/wp-content\\\/uploads\\\/2024\\\/06\\\/31084_8.jpg\",\"contentUrl\":\"https:\\\/\\\/www.metrica.it\\\/wp-content\\\/uploads\\\/2024\\\/06\\\/31084_8.jpg\",\"width\":800,\"height\":800},{\"@type\":\"BreadcrumbList\",\"@id\":\"https:\\\/\\\/www.metrica.it\\\/es\\\/producto\\\/nivel-profesional-de-aluminio-fundido-a-presion-base-imantada\\\/#breadcrumb\",\"itemListElement\":[{\"@type\":\"ListItem\",\"position\":1,\"name\":\"Home\",\"item\":\"https:\\\/\\\/www.metrica.it\\\/es\\\/\"},{\"@type\":\"ListItem\",\"position\":2,\"name\":\"Cat\u00e1logo\",\"item\":\"https:\\\/\\\/www.metrica.it\\\/es\\\/catalogo-es\\\/\"},{\"@type\":\"ListItem\",\"position\":3,\"name\":\"Nivel Profesional De Aluminio Fundido A Presi\u00f3n &#8211; Base Imantada\"}]},{\"@type\":\"WebSite\",\"@id\":\"https:\\\/\\\/www.metrica.it\\\/es\\\/#website\",\"url\":\"https:\\\/\\\/www.metrica.it\\\/es\\\/\",\"name\":\"Metrica\",\"description\":\"Made to measure\",\"potentialAction\":[{\"@type\":\"SearchAction\",\"target\":{\"@type\":\"EntryPoint\",\"urlTemplate\":\"https:\\\/\\\/www.metrica.it\\\/es\\\/?s={search_term_string}\"},\"query-input\":{\"@type\":\"PropertyValueSpecification\",\"valueRequired\":true,\"valueName\":\"search_term_string\"}}],\"inLanguage\":\"es\"}]}<\/script>","yoast_head_json":{"title":"Livella Pressofusa - Base Magnetica | Niveles para la construcci\u00f3n | Niveles - Metrica","description":"Descubre la colecci\u00f3n de productos., Livella Pressofusa - Base Magnetica - Niveles para la construcci\u00f3n.Corpo massiccio sezione 50 x 24 mm,In alluminio pressofuso,Due piani fresati . Consulta el cat\u00e1logo en la web oficial de Metrica.","robots":{"index":"index","follow":"follow","max-snippet":"max-snippet:-1","max-image-preview":"max-image-preview:large","max-video-preview":"max-video-preview:-1"},"canonical":"https:\/\/www.metrica.it\/es\/producto\/nivel-profesional-de-aluminio-fundido-a-presion-base-imantada\/","og_locale":"es_ES","og_type":"article","og_title":"Livella Pressofusa - Base Magnetica | Niveles para la construcci\u00f3n | Niveles - Metrica","og_description":"Descubre la colecci\u00f3n de productos., Livella Pressofusa - Base Magnetica - Niveles para la construcci\u00f3n.Corpo massiccio sezione 50 x 24 mm,In alluminio pressofuso,Due piani fresati . Consulta el cat\u00e1logo en la web oficial de Metrica.","og_url":"https:\/\/www.metrica.it\/es\/producto\/nivel-profesional-de-aluminio-fundido-a-presion-base-imantada\/","og_site_name":"Metrica","article_modified_time":"2024-09-16T18:51:21+00:00","og_image":[{"width":800,"height":800,"url":"https:\/\/www.metrica.it\/wp-content\/uploads\/2024\/06\/31084_8.jpg","type":"image\/jpeg"}],"twitter_card":"summary_large_image","schema":{"@context":"https:\/\/schema.org","@graph":[{"@type":"WebPage","@id":"https:\/\/www.metrica.it\/es\/producto\/nivel-profesional-de-aluminio-fundido-a-presion-base-imantada\/","url":"https:\/\/www.metrica.it\/es\/producto\/nivel-profesional-de-aluminio-fundido-a-presion-base-imantada\/","name":"Livella Pressofusa - Base Magnetica | Niveles para la construcci\u00f3n | Niveles - Metrica","isPartOf":{"@id":"https:\/\/www.metrica.it\/es\/#website"},"primaryImageOfPage":{"@id":"https:\/\/www.metrica.it\/es\/producto\/nivel-profesional-de-aluminio-fundido-a-presion-base-imantada\/#primaryimage"},"image":{"@id":"https:\/\/www.metrica.it\/es\/producto\/nivel-profesional-de-aluminio-fundido-a-presion-base-imantada\/#primaryimage"},"thumbnailUrl":"https:\/\/www.metrica.it\/wp-content\/uploads\/2024\/06\/31084_8.jpg","datePublished":"2024-09-16T10:04:06+00:00","dateModified":"2024-09-16T18:51:21+00:00","description":"Descubre la colecci\u00f3n de productos., Livella Pressofusa - Base Magnetica - Niveles para la construcci\u00f3n.Corpo massiccio sezione 50 x 24 mm,In alluminio pressofuso,Due piani fresati . Consulta el cat\u00e1logo en la web oficial de Metrica.","breadcrumb":{"@id":"https:\/\/www.metrica.it\/es\/producto\/nivel-profesional-de-aluminio-fundido-a-presion-base-imantada\/#breadcrumb"},"inLanguage":"es","potentialAction":[{"@type":"ReadAction","target":["https:\/\/www.metrica.it\/es\/producto\/nivel-profesional-de-aluminio-fundido-a-presion-base-imantada\/"]}]},{"@type":"ImageObject","inLanguage":"es","@id":"https:\/\/www.metrica.it\/es\/producto\/nivel-profesional-de-aluminio-fundido-a-presion-base-imantada\/#primaryimage","url":"https:\/\/www.metrica.it\/wp-content\/uploads\/2024\/06\/31084_8.jpg","contentUrl":"https:\/\/www.metrica.it\/wp-content\/uploads\/2024\/06\/31084_8.jpg","width":800,"height":800},{"@type":"BreadcrumbList","@id":"https:\/\/www.metrica.it\/es\/producto\/nivel-profesional-de-aluminio-fundido-a-presion-base-imantada\/#breadcrumb","itemListElement":[{"@type":"ListItem","position":1,"name":"Home","item":"https:\/\/www.metrica.it\/es\/"},{"@type":"ListItem","position":2,"name":"Cat\u00e1logo","item":"https:\/\/www.metrica.it\/es\/catalogo-es\/"},{"@type":"ListItem","position":3,"name":"Nivel Profesional De Aluminio Fundido A Presi\u00f3n &#8211; Base Imantada"}]},{"@type":"WebSite","@id":"https:\/\/www.metrica.it\/es\/#website","url":"https:\/\/www.metrica.it\/es\/","name":"Metrica","description":"Made to measure","potentialAction":[{"@type":"SearchAction","target":{"@type":"EntryPoint","urlTemplate":"https:\/\/www.metrica.it\/es\/?s={search_term_string}"},"query-input":{"@type":"PropertyValueSpecification","valueRequired":true,"valueName":"search_term_string"}}],"inLanguage":"es"}]}},"meta_box":{"awr_documentation":[],"awr_manuale":[],"awr_scheda_tecnica":"","awr_youtube_video":"","awr_classe_prodotto":"","awr_customize_product":"0","awr_custom_image":false,"awr_related_products":[{"awr_product_name":"Livella Pressofusa - Base Magnetica","awr_product_references":"ref:31094|ean:8001066310944|l:40 cm|2_fiale:*|magnete:*|pack:6"},{"awr_product_name":"Livella Pressofusa - Base Magnetica","awr_product_references":"ref:31095|ean:8001066310951|l:50 cm|2_fiale:*|magnete:*|pack:6"},{"awr_product_name":"Livella Pressofusa - Base Magnetica","awr_product_references":"ref:31096|ean:8001066310968|l:60 cm|2_fiale:*|magnete:*|pack:6"},{"awr_product_name":"Livella Pressofusa - Base Magnetica","awr_product_references":"ref:31098|ean:8001066310982|l:80 cm|2_fiale:*|magnete:*|pack:6"}],"awr_consumabili":"","awr_alternativi":"","awr_aliases":"31094,31095,31096,31098","awr_skuid":"31094-it"},"_links":{"self":[{"href":"https:\/\/www.metrica.it\/es\/wp-json\/wp\/v2\/product\/142482","targetHints":{"allow":["GET"]}}],"collection":[{"href":"https:\/\/www.metrica.it\/es\/wp-json\/wp\/v2\/product"}],"about":[{"href":"https:\/\/www.metrica.it\/es\/wp-json\/wp\/v2\/types\/product"}],"wp:featuredmedia":[{"embeddable":true,"href":"https:\/\/www.metrica.it\/es\/wp-json\/wp\/v2\/media\/127570"}],"wp:attachment":[{"href":"https:\/\/www.metrica.it\/es\/wp-json\/wp\/v2\/media?parent=142482"}],"wp:term":[{"taxonomy":"product_cat","embeddable":true,"href":"https:\/\/www.metrica.it\/es\/wp-json\/wp\/v2\/product_cat?post=142482"},{"taxonomy":"product_tag","embeddable":true,"href":"https:\/\/www.metrica.it\/es\/wp-json\/wp\/v2\/product_tag?post=142482"}],"curies":[{"name":"wp","href":"https:\/\/api.w.org\/{rel}","templated":true}]}}