{"id":142487,"date":"2024-09-16T12:40:51","date_gmt":"2024-09-16T10:40:51","guid":{"rendered":"https:\/\/www.metrica.it\/prodotto\/tripode-de-aluminio-2\/"},"modified":"2024-09-16T21:32:23","modified_gmt":"2024-09-16T19:32:23","slug":"tripode-de-aluminio-2","status":"publish","type":"product","link":"https:\/\/www.metrica.it\/es\/producto\/tripode-de-aluminio-2\/","title":{"rendered":"Tr\u00edpode De Aluminio"},"content":{"rendered":"<ul>\n<li>Elevaci\u00f3n a cremallera y manivel y tornillo de bloqueo<\/li>\n<li>3 patas extensibles de aluminio tubular robusto<\/li>\n<li>Bloqueo rapido a palanca<\/li>\n<li>Apertura a radial, 3 rayos de seguridad<\/li>\n<li>Mango recubierto de goma<\/li>\n<li>Tornillo: 5\/8&apos;&apos;, placa \u00d8 50 mm<\/li>\n<li>Bolsa de transporte<\/li>\n<li>Peso: 1,3 Kg<\/li>\n<\/ul>\n","protected":false},"excerpt":{"rendered":"<p>Elevaci\u00f3n a cremallera y manivel y tornillo de bloqueo<br \/>3 patas extensibles de aluminio tubular robusto<br \/>Bloqueo rapido a palanca<br \/>Apertura a radial, 3 rayos de seguridad<br \/>Mango recubierto de goma<br \/>Tornillo: 5\/8&apos;&apos;, placa \u00d8 50 mm<br \/>Bolsa de transporte<br \/>Peso: 1,3 Kg<\/p>\n","protected":false},"featured_media":126555,"template":"","meta":[],"product_cat":[517,548],"product_tag":[],"class_list":{"0":"post-142487","1":"product","2":"type-product","3":"status-publish","4":"has-post-thumbnail","6":"product_cat-laser-y-termocamaras","7":"product_cat-tripodes","9":"first","10":"instock","11":"sold-individually","12":"product-type-simple"},"yoast_head":"<title>Treppiede In Alluminio | Tr\u00edpodes | Laser y Termocamaras - Metrica<\/title>\n<meta name=\"description\" content=\"Descubre la colecci\u00f3n de productos., Treppiede In Alluminio - Tr\u00edpodes.Elevazione a cremagliera con manovella e vite di bloccaggio,3 gambe estensibili in alluminio tubolare robusto,Bloccaggio rapido . Consulta el cat\u00e1logo en la web oficial de Metrica.\" \/>\n<meta name=\"robots\" content=\"index, follow, max-snippet:-1, max-image-preview:large, max-video-preview:-1\" \/>\n<link rel=\"canonical\" href=\"https:\/\/www.metrica.it\/es\/producto\/tripode-de-aluminio-2\/\" \/>\n<meta property=\"og:locale\" content=\"es_ES\" \/>\n<meta property=\"og:type\" content=\"article\" \/>\n<meta property=\"og:title\" content=\"Treppiede In Alluminio | Tr\u00edpodes | Laser y Termocamaras - Metrica\" \/>\n<meta property=\"og:description\" content=\"Descubre la colecci\u00f3n de productos., Treppiede In Alluminio - Tr\u00edpodes.Elevazione a cremagliera con manovella e vite di bloccaggio,3 gambe estensibili in alluminio tubolare robusto,Bloccaggio rapido . Consulta el cat\u00e1logo en la web oficial de Metrica.\" \/>\n<meta property=\"og:url\" content=\"https:\/\/www.metrica.it\/es\/producto\/tripode-de-aluminio-2\/\" \/>\n<meta property=\"og:site_name\" content=\"Metrica\" \/>\n<meta property=\"article:modified_time\" content=\"2024-09-16T19:32:23+00:00\" \/>\n<meta property=\"og:image\" content=\"https:\/\/www.metrica.it\/wp-content\/uploads\/2024\/06\/60574.jpg\" \/>\n\t<meta property=\"og:image:width\" content=\"800\" \/>\n\t<meta property=\"og:image:height\" content=\"800\" \/>\n\t<meta property=\"og:image:type\" content=\"image\/jpeg\" \/>\n<meta name=\"twitter:card\" content=\"summary_large_image\" \/>\n<script type=\"application\/ld+json\" class=\"yoast-schema-graph\">{\"@context\":\"https:\\\/\\\/schema.org\",\"@graph\":[{\"@type\":\"WebPage\",\"@id\":\"https:\\\/\\\/www.metrica.it\\\/es\\\/producto\\\/tripode-de-aluminio-2\\\/\",\"url\":\"https:\\\/\\\/www.metrica.it\\\/es\\\/producto\\\/tripode-de-aluminio-2\\\/\",\"name\":\"Treppiede In Alluminio | Tr\u00edpodes | Laser y Termocamaras - Metrica\",\"isPartOf\":{\"@id\":\"https:\\\/\\\/www.metrica.it\\\/es\\\/#website\"},\"primaryImageOfPage\":{\"@id\":\"https:\\\/\\\/www.metrica.it\\\/es\\\/producto\\\/tripode-de-aluminio-2\\\/#primaryimage\"},\"image\":{\"@id\":\"https:\\\/\\\/www.metrica.it\\\/es\\\/producto\\\/tripode-de-aluminio-2\\\/#primaryimage\"},\"thumbnailUrl\":\"https:\\\/\\\/www.metrica.it\\\/wp-content\\\/uploads\\\/2024\\\/06\\\/60574.jpg\",\"datePublished\":\"2024-09-16T10:40:51+00:00\",\"dateModified\":\"2024-09-16T19:32:23+00:00\",\"description\":\"Descubre la colecci\u00f3n de productos., Treppiede In Alluminio - Tr\u00edpodes.Elevazione a cremagliera con manovella e vite di bloccaggio,3 gambe estensibili in alluminio tubolare robusto,Bloccaggio rapido . Consulta el cat\u00e1logo en la web oficial de Metrica.\",\"breadcrumb\":{\"@id\":\"https:\\\/\\\/www.metrica.it\\\/es\\\/producto\\\/tripode-de-aluminio-2\\\/#breadcrumb\"},\"inLanguage\":\"es\",\"potentialAction\":[{\"@type\":\"ReadAction\",\"target\":[\"https:\\\/\\\/www.metrica.it\\\/es\\\/producto\\\/tripode-de-aluminio-2\\\/\"]}]},{\"@type\":\"ImageObject\",\"inLanguage\":\"es\",\"@id\":\"https:\\\/\\\/www.metrica.it\\\/es\\\/producto\\\/tripode-de-aluminio-2\\\/#primaryimage\",\"url\":\"https:\\\/\\\/www.metrica.it\\\/wp-content\\\/uploads\\\/2024\\\/06\\\/60574.jpg\",\"contentUrl\":\"https:\\\/\\\/www.metrica.it\\\/wp-content\\\/uploads\\\/2024\\\/06\\\/60574.jpg\",\"width\":800,\"height\":800},{\"@type\":\"BreadcrumbList\",\"@id\":\"https:\\\/\\\/www.metrica.it\\\/es\\\/producto\\\/tripode-de-aluminio-2\\\/#breadcrumb\",\"itemListElement\":[{\"@type\":\"ListItem\",\"position\":1,\"name\":\"Home\",\"item\":\"https:\\\/\\\/www.metrica.it\\\/es\\\/\"},{\"@type\":\"ListItem\",\"position\":2,\"name\":\"Cat\u00e1logo\",\"item\":\"https:\\\/\\\/www.metrica.it\\\/es\\\/catalogo-es\\\/\"},{\"@type\":\"ListItem\",\"position\":3,\"name\":\"Tr\u00edpode De Aluminio\"}]},{\"@type\":\"WebSite\",\"@id\":\"https:\\\/\\\/www.metrica.it\\\/es\\\/#website\",\"url\":\"https:\\\/\\\/www.metrica.it\\\/es\\\/\",\"name\":\"Metrica\",\"description\":\"Made to measure\",\"potentialAction\":[{\"@type\":\"SearchAction\",\"target\":{\"@type\":\"EntryPoint\",\"urlTemplate\":\"https:\\\/\\\/www.metrica.it\\\/es\\\/?s={search_term_string}\"},\"query-input\":{\"@type\":\"PropertyValueSpecification\",\"valueRequired\":true,\"valueName\":\"search_term_string\"}}],\"inLanguage\":\"es\"}]}<\/script>","yoast_head_json":{"title":"Treppiede In Alluminio | Tr\u00edpodes | Laser y Termocamaras - Metrica","description":"Descubre la colecci\u00f3n de productos., Treppiede In Alluminio - Tr\u00edpodes.Elevazione a cremagliera con manovella e vite di bloccaggio,3 gambe estensibili in alluminio tubolare robusto,Bloccaggio rapido . Consulta el cat\u00e1logo en la web oficial de Metrica.","robots":{"index":"index","follow":"follow","max-snippet":"max-snippet:-1","max-image-preview":"max-image-preview:large","max-video-preview":"max-video-preview:-1"},"canonical":"https:\/\/www.metrica.it\/es\/producto\/tripode-de-aluminio-2\/","og_locale":"es_ES","og_type":"article","og_title":"Treppiede In Alluminio | Tr\u00edpodes | Laser y Termocamaras - Metrica","og_description":"Descubre la colecci\u00f3n de productos., Treppiede In Alluminio - Tr\u00edpodes.Elevazione a cremagliera con manovella e vite di bloccaggio,3 gambe estensibili in alluminio tubolare robusto,Bloccaggio rapido . Consulta el cat\u00e1logo en la web oficial de Metrica.","og_url":"https:\/\/www.metrica.it\/es\/producto\/tripode-de-aluminio-2\/","og_site_name":"Metrica","article_modified_time":"2024-09-16T19:32:23+00:00","og_image":[{"width":800,"height":800,"url":"https:\/\/www.metrica.it\/wp-content\/uploads\/2024\/06\/60574.jpg","type":"image\/jpeg"}],"twitter_card":"summary_large_image","schema":{"@context":"https:\/\/schema.org","@graph":[{"@type":"WebPage","@id":"https:\/\/www.metrica.it\/es\/producto\/tripode-de-aluminio-2\/","url":"https:\/\/www.metrica.it\/es\/producto\/tripode-de-aluminio-2\/","name":"Treppiede In Alluminio | Tr\u00edpodes | Laser y Termocamaras - Metrica","isPartOf":{"@id":"https:\/\/www.metrica.it\/es\/#website"},"primaryImageOfPage":{"@id":"https:\/\/www.metrica.it\/es\/producto\/tripode-de-aluminio-2\/#primaryimage"},"image":{"@id":"https:\/\/www.metrica.it\/es\/producto\/tripode-de-aluminio-2\/#primaryimage"},"thumbnailUrl":"https:\/\/www.metrica.it\/wp-content\/uploads\/2024\/06\/60574.jpg","datePublished":"2024-09-16T10:40:51+00:00","dateModified":"2024-09-16T19:32:23+00:00","description":"Descubre la colecci\u00f3n de productos., Treppiede In Alluminio - Tr\u00edpodes.Elevazione a cremagliera con manovella e vite di bloccaggio,3 gambe estensibili in alluminio tubolare robusto,Bloccaggio rapido . Consulta el cat\u00e1logo en la web oficial de Metrica.","breadcrumb":{"@id":"https:\/\/www.metrica.it\/es\/producto\/tripode-de-aluminio-2\/#breadcrumb"},"inLanguage":"es","potentialAction":[{"@type":"ReadAction","target":["https:\/\/www.metrica.it\/es\/producto\/tripode-de-aluminio-2\/"]}]},{"@type":"ImageObject","inLanguage":"es","@id":"https:\/\/www.metrica.it\/es\/producto\/tripode-de-aluminio-2\/#primaryimage","url":"https:\/\/www.metrica.it\/wp-content\/uploads\/2024\/06\/60574.jpg","contentUrl":"https:\/\/www.metrica.it\/wp-content\/uploads\/2024\/06\/60574.jpg","width":800,"height":800},{"@type":"BreadcrumbList","@id":"https:\/\/www.metrica.it\/es\/producto\/tripode-de-aluminio-2\/#breadcrumb","itemListElement":[{"@type":"ListItem","position":1,"name":"Home","item":"https:\/\/www.metrica.it\/es\/"},{"@type":"ListItem","position":2,"name":"Cat\u00e1logo","item":"https:\/\/www.metrica.it\/es\/catalogo-es\/"},{"@type":"ListItem","position":3,"name":"Tr\u00edpode De Aluminio"}]},{"@type":"WebSite","@id":"https:\/\/www.metrica.it\/es\/#website","url":"https:\/\/www.metrica.it\/es\/","name":"Metrica","description":"Made to measure","potentialAction":[{"@type":"SearchAction","target":{"@type":"EntryPoint","urlTemplate":"https:\/\/www.metrica.it\/es\/?s={search_term_string}"},"query-input":{"@type":"PropertyValueSpecification","valueRequired":true,"valueName":"search_term_string"}}],"inLanguage":"es"}]}},"meta_box":{"awr_documentation":[],"awr_manuale":[],"awr_scheda_tecnica":"","awr_youtube_video":"","awr_classe_prodotto":"","awr_customize_product":"0","awr_custom_image":false,"awr_related_products":[{"awr_product_name":"Treppiede In Alluminio","awr_product_references":"ref:60574|ean:8001066605743|l:55 \u00f7 150 cm|pack:1"}],"awr_consumabili":"","awr_alternativi":"","awr_aliases":"60574","awr_skuid":"60574-it"},"_links":{"self":[{"href":"https:\/\/www.metrica.it\/es\/wp-json\/wp\/v2\/product\/142487","targetHints":{"allow":["GET"]}}],"collection":[{"href":"https:\/\/www.metrica.it\/es\/wp-json\/wp\/v2\/product"}],"about":[{"href":"https:\/\/www.metrica.it\/es\/wp-json\/wp\/v2\/types\/product"}],"wp:featuredmedia":[{"embeddable":true,"href":"https:\/\/www.metrica.it\/es\/wp-json\/wp\/v2\/media\/126555"}],"wp:attachment":[{"href":"https:\/\/www.metrica.it\/es\/wp-json\/wp\/v2\/media?parent=142487"}],"wp:term":[{"taxonomy":"product_cat","embeddable":true,"href":"https:\/\/www.metrica.it\/es\/wp-json\/wp\/v2\/product_cat?post=142487"},{"taxonomy":"product_tag","embeddable":true,"href":"https:\/\/www.metrica.it\/es\/wp-json\/wp\/v2\/product_tag?post=142487"}],"curies":[{"name":"wp","href":"https:\/\/api.w.org\/{rel}","templated":true}]}}