{"id":142522,"date":"2024-09-16T12:51:40","date_gmt":"2024-09-16T10:51:40","guid":{"rendered":"https:\/\/www.metrica.it\/prodotto\/micrometro-milesimal-sin-parallax\/"},"modified":"2024-09-16T21:43:57","modified_gmt":"2024-09-16T19:43:57","slug":"micrometro-milesimal-sin-parallax","status":"publish","type":"product","link":"https:\/\/www.metrica.it\/es\/producto\/micrometro-milesimal-sin-parallax\/","title":{"rendered":"Micr\u00f3metro Mil\u00e9simal Sin Parallax"},"content":{"rendered":"<ul>\n<li>Lectura doble: 0,01 mm lectura de tambor, 0,001 mm al nonio sin retenedor<\/li>\n<li>Tambor con fricci\u00f2n para medir con una mano<\/li>\n<li>Contactos en widia<\/li>\n<li>Arco cromado<\/li>\n<li>Pulsador de bloqueo<\/li>\n<li>Tornillo 0,5 mm<\/li>\n<li>Tallo \u00d8 6,5 mm<\/li>\n<li>En caja<\/li>\n<li>Precisi\u00f3n normas DIN 863<\/li>\n<\/ul>\n","protected":false},"excerpt":{"rendered":"<p>Lectura doble: 0,01 mm lectura de tambor, 0,001 mm al nonio sin retenedor<br \/>Tambor con fricci\u00f2n para medir con una mano<br \/>Contactos en widia<br \/>Arco cromado<br \/>Pulsador de bloqueo<br \/>Tornillo 0,5 mm<br \/>Tallo \u00d8 6,5 mm<br \/>En caja<br \/>Precisi\u00f3n normas DIN 863<\/p>\n","protected":false},"featured_media":120927,"template":"","meta":[],"product_cat":[643,663],"product_tag":[],"class_list":{"0":"post-142522","1":"product","2":"type-product","3":"status-publish","4":"has-post-thumbnail","6":"product_cat-mediciones-mecanicas","7":"product_cat-micrometros","9":"first","10":"instock","11":"sold-individually","12":"product-type-simple"},"yoast_head":"<title>Micrometro Millesimale Senza Parallasse | Micr\u00f3metros | Mediciones Mec\u00e1nicas - Metrica<\/title>\n<meta name=\"description\" content=\"Descubre la colecci\u00f3n de productos., Micrometro Millesimale Senza Parallasse - Micr\u00f3metros.Doppia lettura: 0,01 mm sul tamburo, 0,001 mm sul nonio senza parallasse,Frizione sul tamburo, consente la m . Consulta el cat\u00e1logo en la web oficial de Metrica.\" \/>\n<meta name=\"robots\" content=\"index, follow, max-snippet:-1, max-image-preview:large, max-video-preview:-1\" \/>\n<link rel=\"canonical\" href=\"https:\/\/www.metrica.it\/es\/producto\/micrometro-milesimal-sin-parallax\/\" \/>\n<meta property=\"og:locale\" content=\"es_ES\" \/>\n<meta property=\"og:type\" content=\"article\" \/>\n<meta property=\"og:title\" content=\"Micrometro Millesimale Senza Parallasse | Micr\u00f3metros | Mediciones Mec\u00e1nicas - Metrica\" \/>\n<meta property=\"og:description\" content=\"Descubre la colecci\u00f3n de productos., Micrometro Millesimale Senza Parallasse - Micr\u00f3metros.Doppia lettura: 0,01 mm sul tamburo, 0,001 mm sul nonio senza parallasse,Frizione sul tamburo, consente la m . Consulta el cat\u00e1logo en la web oficial de Metrica.\" \/>\n<meta property=\"og:url\" content=\"https:\/\/www.metrica.it\/es\/producto\/micrometro-milesimal-sin-parallax\/\" \/>\n<meta property=\"og:site_name\" content=\"Metrica\" \/>\n<meta property=\"article:modified_time\" content=\"2024-09-16T19:43:57+00:00\" \/>\n<meta property=\"og:image\" content=\"https:\/\/www.metrica.it\/wp-content\/uploads\/2024\/05\/44371.jpg\" \/>\n\t<meta property=\"og:image:width\" content=\"800\" \/>\n\t<meta property=\"og:image:height\" content=\"800\" \/>\n\t<meta property=\"og:image:type\" content=\"image\/jpeg\" \/>\n<meta name=\"twitter:card\" content=\"summary_large_image\" \/>\n<script type=\"application\/ld+json\" class=\"yoast-schema-graph\">{\"@context\":\"https:\\\/\\\/schema.org\",\"@graph\":[{\"@type\":\"WebPage\",\"@id\":\"https:\\\/\\\/www.metrica.it\\\/es\\\/producto\\\/micrometro-milesimal-sin-parallax\\\/\",\"url\":\"https:\\\/\\\/www.metrica.it\\\/es\\\/producto\\\/micrometro-milesimal-sin-parallax\\\/\",\"name\":\"Micrometro Millesimale Senza Parallasse | Micr\u00f3metros | Mediciones Mec\u00e1nicas - Metrica\",\"isPartOf\":{\"@id\":\"https:\\\/\\\/www.metrica.it\\\/es\\\/#website\"},\"primaryImageOfPage\":{\"@id\":\"https:\\\/\\\/www.metrica.it\\\/es\\\/producto\\\/micrometro-milesimal-sin-parallax\\\/#primaryimage\"},\"image\":{\"@id\":\"https:\\\/\\\/www.metrica.it\\\/es\\\/producto\\\/micrometro-milesimal-sin-parallax\\\/#primaryimage\"},\"thumbnailUrl\":\"https:\\\/\\\/www.metrica.it\\\/wp-content\\\/uploads\\\/2024\\\/05\\\/44371.jpg\",\"datePublished\":\"2024-09-16T10:51:40+00:00\",\"dateModified\":\"2024-09-16T19:43:57+00:00\",\"description\":\"Descubre la colecci\u00f3n de productos., Micrometro Millesimale Senza Parallasse - Micr\u00f3metros.Doppia lettura: 0,01 mm sul tamburo, 0,001 mm sul nonio senza parallasse,Frizione sul tamburo, consente la m . Consulta el cat\u00e1logo en la web oficial de Metrica.\",\"breadcrumb\":{\"@id\":\"https:\\\/\\\/www.metrica.it\\\/es\\\/producto\\\/micrometro-milesimal-sin-parallax\\\/#breadcrumb\"},\"inLanguage\":\"es\",\"potentialAction\":[{\"@type\":\"ReadAction\",\"target\":[\"https:\\\/\\\/www.metrica.it\\\/es\\\/producto\\\/micrometro-milesimal-sin-parallax\\\/\"]}]},{\"@type\":\"ImageObject\",\"inLanguage\":\"es\",\"@id\":\"https:\\\/\\\/www.metrica.it\\\/es\\\/producto\\\/micrometro-milesimal-sin-parallax\\\/#primaryimage\",\"url\":\"https:\\\/\\\/www.metrica.it\\\/wp-content\\\/uploads\\\/2024\\\/05\\\/44371.jpg\",\"contentUrl\":\"https:\\\/\\\/www.metrica.it\\\/wp-content\\\/uploads\\\/2024\\\/05\\\/44371.jpg\",\"width\":800,\"height\":800},{\"@type\":\"BreadcrumbList\",\"@id\":\"https:\\\/\\\/www.metrica.it\\\/es\\\/producto\\\/micrometro-milesimal-sin-parallax\\\/#breadcrumb\",\"itemListElement\":[{\"@type\":\"ListItem\",\"position\":1,\"name\":\"Home\",\"item\":\"https:\\\/\\\/www.metrica.it\\\/es\\\/\"},{\"@type\":\"ListItem\",\"position\":2,\"name\":\"Cat\u00e1logo\",\"item\":\"https:\\\/\\\/www.metrica.it\\\/es\\\/catalogo-es\\\/\"},{\"@type\":\"ListItem\",\"position\":3,\"name\":\"Micr\u00f3metro Mil\u00e9simal Sin Parallax\"}]},{\"@type\":\"WebSite\",\"@id\":\"https:\\\/\\\/www.metrica.it\\\/es\\\/#website\",\"url\":\"https:\\\/\\\/www.metrica.it\\\/es\\\/\",\"name\":\"Metrica\",\"description\":\"Made to measure\",\"potentialAction\":[{\"@type\":\"SearchAction\",\"target\":{\"@type\":\"EntryPoint\",\"urlTemplate\":\"https:\\\/\\\/www.metrica.it\\\/es\\\/?s={search_term_string}\"},\"query-input\":{\"@type\":\"PropertyValueSpecification\",\"valueRequired\":true,\"valueName\":\"search_term_string\"}}],\"inLanguage\":\"es\"}]}<\/script>","yoast_head_json":{"title":"Micrometro Millesimale Senza Parallasse | Micr\u00f3metros | Mediciones Mec\u00e1nicas - Metrica","description":"Descubre la colecci\u00f3n de productos., Micrometro Millesimale Senza Parallasse - Micr\u00f3metros.Doppia lettura: 0,01 mm sul tamburo, 0,001 mm sul nonio senza parallasse,Frizione sul tamburo, consente la m . Consulta el cat\u00e1logo en la web oficial de Metrica.","robots":{"index":"index","follow":"follow","max-snippet":"max-snippet:-1","max-image-preview":"max-image-preview:large","max-video-preview":"max-video-preview:-1"},"canonical":"https:\/\/www.metrica.it\/es\/producto\/micrometro-milesimal-sin-parallax\/","og_locale":"es_ES","og_type":"article","og_title":"Micrometro Millesimale Senza Parallasse | Micr\u00f3metros | Mediciones Mec\u00e1nicas - Metrica","og_description":"Descubre la colecci\u00f3n de productos., Micrometro Millesimale Senza Parallasse - Micr\u00f3metros.Doppia lettura: 0,01 mm sul tamburo, 0,001 mm sul nonio senza parallasse,Frizione sul tamburo, consente la m . Consulta el cat\u00e1logo en la web oficial de Metrica.","og_url":"https:\/\/www.metrica.it\/es\/producto\/micrometro-milesimal-sin-parallax\/","og_site_name":"Metrica","article_modified_time":"2024-09-16T19:43:57+00:00","og_image":[{"width":800,"height":800,"url":"https:\/\/www.metrica.it\/wp-content\/uploads\/2024\/05\/44371.jpg","type":"image\/jpeg"}],"twitter_card":"summary_large_image","schema":{"@context":"https:\/\/schema.org","@graph":[{"@type":"WebPage","@id":"https:\/\/www.metrica.it\/es\/producto\/micrometro-milesimal-sin-parallax\/","url":"https:\/\/www.metrica.it\/es\/producto\/micrometro-milesimal-sin-parallax\/","name":"Micrometro Millesimale Senza Parallasse | Micr\u00f3metros | Mediciones Mec\u00e1nicas - Metrica","isPartOf":{"@id":"https:\/\/www.metrica.it\/es\/#website"},"primaryImageOfPage":{"@id":"https:\/\/www.metrica.it\/es\/producto\/micrometro-milesimal-sin-parallax\/#primaryimage"},"image":{"@id":"https:\/\/www.metrica.it\/es\/producto\/micrometro-milesimal-sin-parallax\/#primaryimage"},"thumbnailUrl":"https:\/\/www.metrica.it\/wp-content\/uploads\/2024\/05\/44371.jpg","datePublished":"2024-09-16T10:51:40+00:00","dateModified":"2024-09-16T19:43:57+00:00","description":"Descubre la colecci\u00f3n de productos., Micrometro Millesimale Senza Parallasse - Micr\u00f3metros.Doppia lettura: 0,01 mm sul tamburo, 0,001 mm sul nonio senza parallasse,Frizione sul tamburo, consente la m . Consulta el cat\u00e1logo en la web oficial de Metrica.","breadcrumb":{"@id":"https:\/\/www.metrica.it\/es\/producto\/micrometro-milesimal-sin-parallax\/#breadcrumb"},"inLanguage":"es","potentialAction":[{"@type":"ReadAction","target":["https:\/\/www.metrica.it\/es\/producto\/micrometro-milesimal-sin-parallax\/"]}]},{"@type":"ImageObject","inLanguage":"es","@id":"https:\/\/www.metrica.it\/es\/producto\/micrometro-milesimal-sin-parallax\/#primaryimage","url":"https:\/\/www.metrica.it\/wp-content\/uploads\/2024\/05\/44371.jpg","contentUrl":"https:\/\/www.metrica.it\/wp-content\/uploads\/2024\/05\/44371.jpg","width":800,"height":800},{"@type":"BreadcrumbList","@id":"https:\/\/www.metrica.it\/es\/producto\/micrometro-milesimal-sin-parallax\/#breadcrumb","itemListElement":[{"@type":"ListItem","position":1,"name":"Home","item":"https:\/\/www.metrica.it\/es\/"},{"@type":"ListItem","position":2,"name":"Cat\u00e1logo","item":"https:\/\/www.metrica.it\/es\/catalogo-es\/"},{"@type":"ListItem","position":3,"name":"Micr\u00f3metro Mil\u00e9simal Sin Parallax"}]},{"@type":"WebSite","@id":"https:\/\/www.metrica.it\/es\/#website","url":"https:\/\/www.metrica.it\/es\/","name":"Metrica","description":"Made to measure","potentialAction":[{"@type":"SearchAction","target":{"@type":"EntryPoint","urlTemplate":"https:\/\/www.metrica.it\/es\/?s={search_term_string}"},"query-input":{"@type":"PropertyValueSpecification","valueRequired":true,"valueName":"search_term_string"}}],"inLanguage":"es"}]}},"meta_box":{"awr_documentation":[],"awr_manuale":[],"awr_scheda_tecnica":"","awr_youtube_video":"","awr_classe_prodotto":"","awr_customize_product":"0","awr_custom_image":false,"awr_related_products":[{"awr_product_name":"Micrometro Millesimale Senza Parallasse","awr_product_references":"ref:44371|ean:8001066443710|a_mm:0 - 25|unit_misura_mm_mm:0.01|pack:1"},{"awr_product_name":"Micrometro Millesimale Senza Parallasse","awr_product_references":"ref:44372|ean:8001066443727|a_mm:25 - 50|unit_misura_mm_mm:0.01|pack:1"},{"awr_product_name":"Micrometro Millesimale Senza Parallasse","awr_product_references":"ref:44373|ean:8001066443734|a_mm:50 - 75|unit_misura_mm_mm:0.01|pack:1"},{"awr_product_name":"Micrometro Millesimale Senza Parallasse","awr_product_references":"ref:44374|ean:8001066443741|a_mm:75 - 100|unit_misura_mm_mm:0.01|pack:1"}],"awr_consumabili":"","awr_alternativi":"","awr_aliases":"44371,44372,44373,44374","awr_skuid":"44371-it"},"_links":{"self":[{"href":"https:\/\/www.metrica.it\/es\/wp-json\/wp\/v2\/product\/142522","targetHints":{"allow":["GET"]}}],"collection":[{"href":"https:\/\/www.metrica.it\/es\/wp-json\/wp\/v2\/product"}],"about":[{"href":"https:\/\/www.metrica.it\/es\/wp-json\/wp\/v2\/types\/product"}],"wp:featuredmedia":[{"embeddable":true,"href":"https:\/\/www.metrica.it\/es\/wp-json\/wp\/v2\/media\/120927"}],"wp:attachment":[{"href":"https:\/\/www.metrica.it\/es\/wp-json\/wp\/v2\/media?parent=142522"}],"wp:term":[{"taxonomy":"product_cat","embeddable":true,"href":"https:\/\/www.metrica.it\/es\/wp-json\/wp\/v2\/product_cat?post=142522"},{"taxonomy":"product_tag","embeddable":true,"href":"https:\/\/www.metrica.it\/es\/wp-json\/wp\/v2\/product_tag?post=142522"}],"curies":[{"name":"wp","href":"https:\/\/api.w.org\/{rel}","templated":true}]}}