{"id":142707,"date":"2024-09-16T11:38:34","date_gmt":"2024-09-16T09:38:34","guid":{"rendered":"https:\/\/www.metrica.it\/prodotto\/diametrometro-instantaneos\/"},"modified":"2024-09-16T20:29:19","modified_gmt":"2024-09-16T18:29:19","slug":"diametrometro-instantaneos","status":"publish","type":"product","link":"https:\/\/www.metrica.it\/es\/producto\/diametrometro-instantaneos\/","title":{"rendered":"Diametrometro Instant\u00e0neos"},"content":{"rendered":"<ul>\n<li>Para medidas rapidas y directas de diametros<\/li>\n<li>Sin ventanilla para rebobinar la cinta<\/li>\n<li>Espesor 0,10 mm<\/li>\n<li>Acero inox<\/li>\n<li>Lectura nonio 0,1 mm<\/li>\n<li>Graduaci\u00f2n grabada en negro<\/li>\n<\/ul>\n","protected":false},"excerpt":{"rendered":"<p>Para medidas rapidas y directas de diametros<br \/>Sin ventanilla para rebobinar la cinta<br \/>Espesor 0,10 mm<br \/>Acero inox<br \/>Lectura nonio 0,1 mm<br \/>Graduaci\u00f2n grabada en negro<\/p>\n","protected":false},"featured_media":132649,"template":"","meta":[],"product_cat":[51,611],"product_tag":[],"class_list":{"0":"post-142707","1":"product","2":"type-product","3":"status-publish","4":"has-post-thumbnail","6":"product_cat-medidas-de-longitud","7":"product_cat-reglas-cinta-diametrometros","9":"first","10":"instock","11":"sold-individually","12":"product-type-simple"},"yoast_head":"<title>Diametrometro Rapido | Reglas - cinta di\u00e1metrometros | Medidas de Longitud - Metrica<\/title>\n<meta name=\"description\" content=\"Descubre la colecci\u00f3n de productos., Diametrometro Rapido - Reglas - cinta di\u00e1metrometros.Per misure rapide e dirette del diametro,Senza finestrella per rientro del nastro,Spessore 0,10 mm . Consulta el cat\u00e1logo en la web oficial de Metrica.\" \/>\n<meta name=\"robots\" content=\"index, follow, max-snippet:-1, max-image-preview:large, max-video-preview:-1\" \/>\n<link rel=\"canonical\" href=\"https:\/\/www.metrica.it\/es\/producto\/diametrometro-instantaneos\/\" \/>\n<meta property=\"og:locale\" content=\"es_ES\" \/>\n<meta property=\"og:type\" content=\"article\" \/>\n<meta property=\"og:title\" content=\"Diametrometro Rapido | Reglas - cinta di\u00e1metrometros | Medidas de Longitud - Metrica\" \/>\n<meta property=\"og:description\" content=\"Descubre la colecci\u00f3n de productos., Diametrometro Rapido - Reglas - cinta di\u00e1metrometros.Per misure rapide e dirette del diametro,Senza finestrella per rientro del nastro,Spessore 0,10 mm . Consulta el cat\u00e1logo en la web oficial de Metrica.\" \/>\n<meta property=\"og:url\" content=\"https:\/\/www.metrica.it\/es\/producto\/diametrometro-instantaneos\/\" \/>\n<meta property=\"og:site_name\" content=\"Metrica\" \/>\n<meta property=\"article:modified_time\" content=\"2024-09-16T18:29:19+00:00\" \/>\n<meta property=\"og:image\" content=\"https:\/\/www.metrica.it\/wp-content\/uploads\/2024\/06\/25497_2.jpg\" \/>\n\t<meta property=\"og:image:width\" content=\"800\" \/>\n\t<meta property=\"og:image:height\" content=\"800\" \/>\n\t<meta property=\"og:image:type\" content=\"image\/jpeg\" \/>\n<meta name=\"twitter:card\" content=\"summary_large_image\" \/>\n<script type=\"application\/ld+json\" class=\"yoast-schema-graph\">{\"@context\":\"https:\\\/\\\/schema.org\",\"@graph\":[{\"@type\":\"WebPage\",\"@id\":\"https:\\\/\\\/www.metrica.it\\\/es\\\/producto\\\/diametrometro-instantaneos\\\/\",\"url\":\"https:\\\/\\\/www.metrica.it\\\/es\\\/producto\\\/diametrometro-instantaneos\\\/\",\"name\":\"Diametrometro Rapido | Reglas - cinta di\u00e1metrometros | Medidas de Longitud - Metrica\",\"isPartOf\":{\"@id\":\"https:\\\/\\\/www.metrica.it\\\/es\\\/#website\"},\"primaryImageOfPage\":{\"@id\":\"https:\\\/\\\/www.metrica.it\\\/es\\\/producto\\\/diametrometro-instantaneos\\\/#primaryimage\"},\"image\":{\"@id\":\"https:\\\/\\\/www.metrica.it\\\/es\\\/producto\\\/diametrometro-instantaneos\\\/#primaryimage\"},\"thumbnailUrl\":\"https:\\\/\\\/www.metrica.it\\\/wp-content\\\/uploads\\\/2024\\\/06\\\/25497_2.jpg\",\"datePublished\":\"2024-09-16T09:38:34+00:00\",\"dateModified\":\"2024-09-16T18:29:19+00:00\",\"description\":\"Descubre la colecci\u00f3n de productos., Diametrometro Rapido - Reglas - cinta di\u00e1metrometros.Per misure rapide e dirette del diametro,Senza finestrella per rientro del nastro,Spessore 0,10 mm . Consulta el cat\u00e1logo en la web oficial de Metrica.\",\"breadcrumb\":{\"@id\":\"https:\\\/\\\/www.metrica.it\\\/es\\\/producto\\\/diametrometro-instantaneos\\\/#breadcrumb\"},\"inLanguage\":\"es\",\"potentialAction\":[{\"@type\":\"ReadAction\",\"target\":[\"https:\\\/\\\/www.metrica.it\\\/es\\\/producto\\\/diametrometro-instantaneos\\\/\"]}]},{\"@type\":\"ImageObject\",\"inLanguage\":\"es\",\"@id\":\"https:\\\/\\\/www.metrica.it\\\/es\\\/producto\\\/diametrometro-instantaneos\\\/#primaryimage\",\"url\":\"https:\\\/\\\/www.metrica.it\\\/wp-content\\\/uploads\\\/2024\\\/06\\\/25497_2.jpg\",\"contentUrl\":\"https:\\\/\\\/www.metrica.it\\\/wp-content\\\/uploads\\\/2024\\\/06\\\/25497_2.jpg\",\"width\":800,\"height\":800},{\"@type\":\"BreadcrumbList\",\"@id\":\"https:\\\/\\\/www.metrica.it\\\/es\\\/producto\\\/diametrometro-instantaneos\\\/#breadcrumb\",\"itemListElement\":[{\"@type\":\"ListItem\",\"position\":1,\"name\":\"Home\",\"item\":\"https:\\\/\\\/www.metrica.it\\\/es\\\/\"},{\"@type\":\"ListItem\",\"position\":2,\"name\":\"Cat\u00e1logo\",\"item\":\"https:\\\/\\\/www.metrica.it\\\/es\\\/catalogo-es\\\/\"},{\"@type\":\"ListItem\",\"position\":3,\"name\":\"Diametrometro Instant\u00e0neos\"}]},{\"@type\":\"WebSite\",\"@id\":\"https:\\\/\\\/www.metrica.it\\\/es\\\/#website\",\"url\":\"https:\\\/\\\/www.metrica.it\\\/es\\\/\",\"name\":\"Metrica\",\"description\":\"Made to measure\",\"potentialAction\":[{\"@type\":\"SearchAction\",\"target\":{\"@type\":\"EntryPoint\",\"urlTemplate\":\"https:\\\/\\\/www.metrica.it\\\/es\\\/?s={search_term_string}\"},\"query-input\":{\"@type\":\"PropertyValueSpecification\",\"valueRequired\":true,\"valueName\":\"search_term_string\"}}],\"inLanguage\":\"es\"}]}<\/script>","yoast_head_json":{"title":"Diametrometro Rapido | Reglas - cinta di\u00e1metrometros | Medidas de Longitud - Metrica","description":"Descubre la colecci\u00f3n de productos., Diametrometro Rapido - Reglas - cinta di\u00e1metrometros.Per misure rapide e dirette del diametro,Senza finestrella per rientro del nastro,Spessore 0,10 mm . Consulta el cat\u00e1logo en la web oficial de Metrica.","robots":{"index":"index","follow":"follow","max-snippet":"max-snippet:-1","max-image-preview":"max-image-preview:large","max-video-preview":"max-video-preview:-1"},"canonical":"https:\/\/www.metrica.it\/es\/producto\/diametrometro-instantaneos\/","og_locale":"es_ES","og_type":"article","og_title":"Diametrometro Rapido | Reglas - cinta di\u00e1metrometros | Medidas de Longitud - Metrica","og_description":"Descubre la colecci\u00f3n de productos., Diametrometro Rapido - Reglas - cinta di\u00e1metrometros.Per misure rapide e dirette del diametro,Senza finestrella per rientro del nastro,Spessore 0,10 mm . Consulta el cat\u00e1logo en la web oficial de Metrica.","og_url":"https:\/\/www.metrica.it\/es\/producto\/diametrometro-instantaneos\/","og_site_name":"Metrica","article_modified_time":"2024-09-16T18:29:19+00:00","og_image":[{"width":800,"height":800,"url":"https:\/\/www.metrica.it\/wp-content\/uploads\/2024\/06\/25497_2.jpg","type":"image\/jpeg"}],"twitter_card":"summary_large_image","schema":{"@context":"https:\/\/schema.org","@graph":[{"@type":"WebPage","@id":"https:\/\/www.metrica.it\/es\/producto\/diametrometro-instantaneos\/","url":"https:\/\/www.metrica.it\/es\/producto\/diametrometro-instantaneos\/","name":"Diametrometro Rapido | Reglas - cinta di\u00e1metrometros | Medidas de Longitud - Metrica","isPartOf":{"@id":"https:\/\/www.metrica.it\/es\/#website"},"primaryImageOfPage":{"@id":"https:\/\/www.metrica.it\/es\/producto\/diametrometro-instantaneos\/#primaryimage"},"image":{"@id":"https:\/\/www.metrica.it\/es\/producto\/diametrometro-instantaneos\/#primaryimage"},"thumbnailUrl":"https:\/\/www.metrica.it\/wp-content\/uploads\/2024\/06\/25497_2.jpg","datePublished":"2024-09-16T09:38:34+00:00","dateModified":"2024-09-16T18:29:19+00:00","description":"Descubre la colecci\u00f3n de productos., Diametrometro Rapido - Reglas - cinta di\u00e1metrometros.Per misure rapide e dirette del diametro,Senza finestrella per rientro del nastro,Spessore 0,10 mm . Consulta el cat\u00e1logo en la web oficial de Metrica.","breadcrumb":{"@id":"https:\/\/www.metrica.it\/es\/producto\/diametrometro-instantaneos\/#breadcrumb"},"inLanguage":"es","potentialAction":[{"@type":"ReadAction","target":["https:\/\/www.metrica.it\/es\/producto\/diametrometro-instantaneos\/"]}]},{"@type":"ImageObject","inLanguage":"es","@id":"https:\/\/www.metrica.it\/es\/producto\/diametrometro-instantaneos\/#primaryimage","url":"https:\/\/www.metrica.it\/wp-content\/uploads\/2024\/06\/25497_2.jpg","contentUrl":"https:\/\/www.metrica.it\/wp-content\/uploads\/2024\/06\/25497_2.jpg","width":800,"height":800},{"@type":"BreadcrumbList","@id":"https:\/\/www.metrica.it\/es\/producto\/diametrometro-instantaneos\/#breadcrumb","itemListElement":[{"@type":"ListItem","position":1,"name":"Home","item":"https:\/\/www.metrica.it\/es\/"},{"@type":"ListItem","position":2,"name":"Cat\u00e1logo","item":"https:\/\/www.metrica.it\/es\/catalogo-es\/"},{"@type":"ListItem","position":3,"name":"Diametrometro Instant\u00e0neos"}]},{"@type":"WebSite","@id":"https:\/\/www.metrica.it\/es\/#website","url":"https:\/\/www.metrica.it\/es\/","name":"Metrica","description":"Made to measure","potentialAction":[{"@type":"SearchAction","target":{"@type":"EntryPoint","urlTemplate":"https:\/\/www.metrica.it\/es\/?s={search_term_string}"},"query-input":{"@type":"PropertyValueSpecification","valueRequired":true,"valueName":"search_term_string"}}],"inLanguage":"es"}]}},"meta_box":{"awr_documentation":[],"awr_manuale":[],"awr_scheda_tecnica":"","awr_youtube_video":"","awr_classe_prodotto":"","awr_customize_product":"0","awr_custom_image":false,"awr_related_products":[{"awr_product_name":"Diametrometro Rapido","awr_product_references":"ref:25497|ean:8001066254972|axb_mm:8 x 0,10|circ_mm:45 \u00f7 362|diam_mm:15 \u00f7 115|pack:1"},{"awr_product_name":"Diametrometro Rapido","awr_product_references":"ref:25498|ean:8001066254989|axb_mm:13 x 0,10|circ_mm:315 \u00f7 1000|diam_mm:100 \u00f7 320|pack:1"}],"awr_consumabili":"","awr_alternativi":"","awr_aliases":"25497,25498","awr_skuid":"25497-it"},"_links":{"self":[{"href":"https:\/\/www.metrica.it\/es\/wp-json\/wp\/v2\/product\/142707","targetHints":{"allow":["GET"]}}],"collection":[{"href":"https:\/\/www.metrica.it\/es\/wp-json\/wp\/v2\/product"}],"about":[{"href":"https:\/\/www.metrica.it\/es\/wp-json\/wp\/v2\/types\/product"}],"wp:featuredmedia":[{"embeddable":true,"href":"https:\/\/www.metrica.it\/es\/wp-json\/wp\/v2\/media\/132649"}],"wp:attachment":[{"href":"https:\/\/www.metrica.it\/es\/wp-json\/wp\/v2\/media?parent=142707"}],"wp:term":[{"taxonomy":"product_cat","embeddable":true,"href":"https:\/\/www.metrica.it\/es\/wp-json\/wp\/v2\/product_cat?post=142707"},{"taxonomy":"product_tag","embeddable":true,"href":"https:\/\/www.metrica.it\/es\/wp-json\/wp\/v2\/product_tag?post=142707"}],"curies":[{"name":"wp","href":"https:\/\/api.w.org\/{rel}","templated":true}]}}