{"id":142794,"date":"2024-09-16T11:53:32","date_gmt":"2024-09-16T09:53:32","guid":{"rendered":"https:\/\/www.metrica.it\/prodotto\/topometro-con-rueda-de-metal\/"},"modified":"2024-09-16T20:40:53","modified_gmt":"2024-09-16T18:40:53","slug":"topometro-con-rueda-de-metal","status":"publish","type":"product","link":"https:\/\/www.metrica.it\/es\/producto\/topometro-con-rueda-de-metal\/","title":{"rendered":"Topometro Con Rueda De Metal"},"content":{"rendered":"<ul>\n<li>Rueda de 1 m de circunferencia<\/li>\n<li>Con bloqueo<\/li>\n<li>Contador de 5 cifras con puesta a cero<\/li>\n<li>Capacidad 10 km &#8211; lectura 1 cm<\/li>\n<li>Estructura desmontable para el transporte<\/li>\n<li>Bolsa rigida<\/li>\n<li>C\u00f3digo 60502 con totalizador<\/li>\n<\/ul>\n","protected":false},"excerpt":{"rendered":"<p>Rueda de 1 m de circunferencia<br \/>Con bloqueo<br \/>Contador de 5 cifras con puesta a cero<br \/>Capacidad 10 km &#8211; lectura 1 cm<br \/>Estructura desmontable para el transporte<br \/>Bolsa rigida<br \/>C\u00f3digo 60502 con totalizador<\/p>\n","protected":false},"featured_media":119229,"template":"","meta":[],"product_cat":[51,599],"product_tag":[],"class_list":{"0":"post-142794","1":"product","2":"type-product","3":"status-publish","4":"has-post-thumbnail","6":"product_cat-medidas-de-longitud","7":"product_cat-topometros","9":"first","10":"instock","11":"sold-individually","12":"product-type-simple"},"yoast_head":"<title>Misuratore Stradale Con Ruota Metallica | Top\u00f3metros | Medidas de Longitud - Metrica<\/title>\n<meta name=\"description\" content=\"Descubre la colecci\u00f3n de productos., Misuratore Stradale Con Ruota Metallica - Top\u00f3metros.Circonferenza 1 m,Con bloccaggio,Contametri a 5 cifre con azzeramento . Consulta el cat\u00e1logo en la web oficial de Metrica.\" \/>\n<meta name=\"robots\" content=\"index, follow, max-snippet:-1, max-image-preview:large, max-video-preview:-1\" \/>\n<link rel=\"canonical\" href=\"https:\/\/www.metrica.it\/es\/producto\/topometro-con-rueda-de-metal\/\" \/>\n<meta property=\"og:locale\" content=\"es_ES\" \/>\n<meta property=\"og:type\" content=\"article\" \/>\n<meta property=\"og:title\" content=\"Misuratore Stradale Con Ruota Metallica | Top\u00f3metros | Medidas de Longitud - Metrica\" \/>\n<meta property=\"og:description\" content=\"Descubre la colecci\u00f3n de productos., Misuratore Stradale Con Ruota Metallica - Top\u00f3metros.Circonferenza 1 m,Con bloccaggio,Contametri a 5 cifre con azzeramento . Consulta el cat\u00e1logo en la web oficial de Metrica.\" \/>\n<meta property=\"og:url\" content=\"https:\/\/www.metrica.it\/es\/producto\/topometro-con-rueda-de-metal\/\" \/>\n<meta property=\"og:site_name\" content=\"Metrica\" \/>\n<meta property=\"article:modified_time\" content=\"2024-09-16T18:40:53+00:00\" \/>\n<meta property=\"og:image\" content=\"https:\/\/www.metrica.it\/wp-content\/uploads\/2024\/05\/60500.jpg\" \/>\n\t<meta property=\"og:image:width\" content=\"800\" \/>\n\t<meta property=\"og:image:height\" content=\"800\" \/>\n\t<meta property=\"og:image:type\" content=\"image\/jpeg\" \/>\n<meta name=\"twitter:card\" content=\"summary_large_image\" \/>\n<script type=\"application\/ld+json\" class=\"yoast-schema-graph\">{\"@context\":\"https:\\\/\\\/schema.org\",\"@graph\":[{\"@type\":\"WebPage\",\"@id\":\"https:\\\/\\\/www.metrica.it\\\/es\\\/producto\\\/topometro-con-rueda-de-metal\\\/\",\"url\":\"https:\\\/\\\/www.metrica.it\\\/es\\\/producto\\\/topometro-con-rueda-de-metal\\\/\",\"name\":\"Misuratore Stradale Con Ruota Metallica | Top\u00f3metros | Medidas de Longitud - Metrica\",\"isPartOf\":{\"@id\":\"https:\\\/\\\/www.metrica.it\\\/es\\\/#website\"},\"primaryImageOfPage\":{\"@id\":\"https:\\\/\\\/www.metrica.it\\\/es\\\/producto\\\/topometro-con-rueda-de-metal\\\/#primaryimage\"},\"image\":{\"@id\":\"https:\\\/\\\/www.metrica.it\\\/es\\\/producto\\\/topometro-con-rueda-de-metal\\\/#primaryimage\"},\"thumbnailUrl\":\"https:\\\/\\\/www.metrica.it\\\/wp-content\\\/uploads\\\/2024\\\/05\\\/60500.jpg\",\"datePublished\":\"2024-09-16T09:53:32+00:00\",\"dateModified\":\"2024-09-16T18:40:53+00:00\",\"description\":\"Descubre la colecci\u00f3n de productos., Misuratore Stradale Con Ruota Metallica - Top\u00f3metros.Circonferenza 1 m,Con bloccaggio,Contametri a 5 cifre con azzeramento . Consulta el cat\u00e1logo en la web oficial de Metrica.\",\"breadcrumb\":{\"@id\":\"https:\\\/\\\/www.metrica.it\\\/es\\\/producto\\\/topometro-con-rueda-de-metal\\\/#breadcrumb\"},\"inLanguage\":\"es\",\"potentialAction\":[{\"@type\":\"ReadAction\",\"target\":[\"https:\\\/\\\/www.metrica.it\\\/es\\\/producto\\\/topometro-con-rueda-de-metal\\\/\"]}]},{\"@type\":\"ImageObject\",\"inLanguage\":\"es\",\"@id\":\"https:\\\/\\\/www.metrica.it\\\/es\\\/producto\\\/topometro-con-rueda-de-metal\\\/#primaryimage\",\"url\":\"https:\\\/\\\/www.metrica.it\\\/wp-content\\\/uploads\\\/2024\\\/05\\\/60500.jpg\",\"contentUrl\":\"https:\\\/\\\/www.metrica.it\\\/wp-content\\\/uploads\\\/2024\\\/05\\\/60500.jpg\",\"width\":800,\"height\":800},{\"@type\":\"BreadcrumbList\",\"@id\":\"https:\\\/\\\/www.metrica.it\\\/es\\\/producto\\\/topometro-con-rueda-de-metal\\\/#breadcrumb\",\"itemListElement\":[{\"@type\":\"ListItem\",\"position\":1,\"name\":\"Home\",\"item\":\"https:\\\/\\\/www.metrica.it\\\/es\\\/\"},{\"@type\":\"ListItem\",\"position\":2,\"name\":\"Cat\u00e1logo\",\"item\":\"https:\\\/\\\/www.metrica.it\\\/es\\\/catalogo-es\\\/\"},{\"@type\":\"ListItem\",\"position\":3,\"name\":\"Topometro Con Rueda De Metal\"}]},{\"@type\":\"WebSite\",\"@id\":\"https:\\\/\\\/www.metrica.it\\\/es\\\/#website\",\"url\":\"https:\\\/\\\/www.metrica.it\\\/es\\\/\",\"name\":\"Metrica\",\"description\":\"Made to measure\",\"potentialAction\":[{\"@type\":\"SearchAction\",\"target\":{\"@type\":\"EntryPoint\",\"urlTemplate\":\"https:\\\/\\\/www.metrica.it\\\/es\\\/?s={search_term_string}\"},\"query-input\":{\"@type\":\"PropertyValueSpecification\",\"valueRequired\":true,\"valueName\":\"search_term_string\"}}],\"inLanguage\":\"es\"}]}<\/script>","yoast_head_json":{"title":"Misuratore Stradale Con Ruota Metallica | Top\u00f3metros | Medidas de Longitud - Metrica","description":"Descubre la colecci\u00f3n de productos., Misuratore Stradale Con Ruota Metallica - Top\u00f3metros.Circonferenza 1 m,Con bloccaggio,Contametri a 5 cifre con azzeramento . Consulta el cat\u00e1logo en la web oficial de Metrica.","robots":{"index":"index","follow":"follow","max-snippet":"max-snippet:-1","max-image-preview":"max-image-preview:large","max-video-preview":"max-video-preview:-1"},"canonical":"https:\/\/www.metrica.it\/es\/producto\/topometro-con-rueda-de-metal\/","og_locale":"es_ES","og_type":"article","og_title":"Misuratore Stradale Con Ruota Metallica | Top\u00f3metros | Medidas de Longitud - Metrica","og_description":"Descubre la colecci\u00f3n de productos., Misuratore Stradale Con Ruota Metallica - Top\u00f3metros.Circonferenza 1 m,Con bloccaggio,Contametri a 5 cifre con azzeramento . Consulta el cat\u00e1logo en la web oficial de Metrica.","og_url":"https:\/\/www.metrica.it\/es\/producto\/topometro-con-rueda-de-metal\/","og_site_name":"Metrica","article_modified_time":"2024-09-16T18:40:53+00:00","og_image":[{"width":800,"height":800,"url":"https:\/\/www.metrica.it\/wp-content\/uploads\/2024\/05\/60500.jpg","type":"image\/jpeg"}],"twitter_card":"summary_large_image","schema":{"@context":"https:\/\/schema.org","@graph":[{"@type":"WebPage","@id":"https:\/\/www.metrica.it\/es\/producto\/topometro-con-rueda-de-metal\/","url":"https:\/\/www.metrica.it\/es\/producto\/topometro-con-rueda-de-metal\/","name":"Misuratore Stradale Con Ruota Metallica | Top\u00f3metros | Medidas de Longitud - Metrica","isPartOf":{"@id":"https:\/\/www.metrica.it\/es\/#website"},"primaryImageOfPage":{"@id":"https:\/\/www.metrica.it\/es\/producto\/topometro-con-rueda-de-metal\/#primaryimage"},"image":{"@id":"https:\/\/www.metrica.it\/es\/producto\/topometro-con-rueda-de-metal\/#primaryimage"},"thumbnailUrl":"https:\/\/www.metrica.it\/wp-content\/uploads\/2024\/05\/60500.jpg","datePublished":"2024-09-16T09:53:32+00:00","dateModified":"2024-09-16T18:40:53+00:00","description":"Descubre la colecci\u00f3n de productos., Misuratore Stradale Con Ruota Metallica - Top\u00f3metros.Circonferenza 1 m,Con bloccaggio,Contametri a 5 cifre con azzeramento . Consulta el cat\u00e1logo en la web oficial de Metrica.","breadcrumb":{"@id":"https:\/\/www.metrica.it\/es\/producto\/topometro-con-rueda-de-metal\/#breadcrumb"},"inLanguage":"es","potentialAction":[{"@type":"ReadAction","target":["https:\/\/www.metrica.it\/es\/producto\/topometro-con-rueda-de-metal\/"]}]},{"@type":"ImageObject","inLanguage":"es","@id":"https:\/\/www.metrica.it\/es\/producto\/topometro-con-rueda-de-metal\/#primaryimage","url":"https:\/\/www.metrica.it\/wp-content\/uploads\/2024\/05\/60500.jpg","contentUrl":"https:\/\/www.metrica.it\/wp-content\/uploads\/2024\/05\/60500.jpg","width":800,"height":800},{"@type":"BreadcrumbList","@id":"https:\/\/www.metrica.it\/es\/producto\/topometro-con-rueda-de-metal\/#breadcrumb","itemListElement":[{"@type":"ListItem","position":1,"name":"Home","item":"https:\/\/www.metrica.it\/es\/"},{"@type":"ListItem","position":2,"name":"Cat\u00e1logo","item":"https:\/\/www.metrica.it\/es\/catalogo-es\/"},{"@type":"ListItem","position":3,"name":"Topometro Con Rueda De Metal"}]},{"@type":"WebSite","@id":"https:\/\/www.metrica.it\/es\/#website","url":"https:\/\/www.metrica.it\/es\/","name":"Metrica","description":"Made to measure","potentialAction":[{"@type":"SearchAction","target":{"@type":"EntryPoint","urlTemplate":"https:\/\/www.metrica.it\/es\/?s={search_term_string}"},"query-input":{"@type":"PropertyValueSpecification","valueRequired":true,"valueName":"search_term_string"}}],"inLanguage":"es"}]}},"meta_box":{"awr_documentation":[],"awr_manuale":[],"awr_scheda_tecnica":"","awr_youtube_video":"","awr_classe_prodotto":"","awr_customize_product":"0","awr_custom_image":false,"awr_related_products":[{"awr_product_name":"Misuratore Stradale Con Ruota Metallica","awr_product_references":"ref:60500|ean:8001066605002|l:9999,99 m|unit_misura:1 cm|pack:1"},{"awr_product_name":"Misuratore Stradale Con Ruota Metallica","awr_product_references":"ref:60502|ean:8001066605026|l:9999,99 m|unit_misura:1 cm|pack:1"}],"awr_consumabili":"","awr_alternativi":"","awr_aliases":"60500,60502","awr_skuid":"60500-it"},"_links":{"self":[{"href":"https:\/\/www.metrica.it\/es\/wp-json\/wp\/v2\/product\/142794","targetHints":{"allow":["GET"]}}],"collection":[{"href":"https:\/\/www.metrica.it\/es\/wp-json\/wp\/v2\/product"}],"about":[{"href":"https:\/\/www.metrica.it\/es\/wp-json\/wp\/v2\/types\/product"}],"wp:featuredmedia":[{"embeddable":true,"href":"https:\/\/www.metrica.it\/es\/wp-json\/wp\/v2\/media\/119229"}],"wp:attachment":[{"href":"https:\/\/www.metrica.it\/es\/wp-json\/wp\/v2\/media?parent=142794"}],"wp:term":[{"taxonomy":"product_cat","embeddable":true,"href":"https:\/\/www.metrica.it\/es\/wp-json\/wp\/v2\/product_cat?post=142794"},{"taxonomy":"product_tag","embeddable":true,"href":"https:\/\/www.metrica.it\/es\/wp-json\/wp\/v2\/product_tag?post=142794"}],"curies":[{"name":"wp","href":"https:\/\/api.w.org\/{rel}","templated":true}]}}