{"id":142829,"date":"2024-09-16T11:39:14","date_gmt":"2024-09-16T09:39:14","guid":{"rendered":"https:\/\/www.metrica.it\/prodotto\/metrica-double-laser-incligrad-5\/"},"modified":"2024-09-16T20:29:45","modified_gmt":"2024-09-16T18:29:45","slug":"metrica-double-laser-incligrad","status":"publish","type":"product","link":"https:\/\/www.metrica.it\/es\/producto\/metrica-double-laser-incligrad\/","title":{"rendered":"Metrica Double  Laser Incligrad"},"content":{"rendered":"<ul>\n<li>\u00a0<\/li>\n<li>\n<p>Funci\u00f3n de inclinaci\u00f3n con indicaci\u00f3n de grados en la pantalla<\/p>\n<\/li>\n<li>\n<p>2 l\u00e1seres: uno delantero y otro trasero para doble medici\u00f3n<\/p>\n<\/li>\n<li>\n<p>Pantalla retroiluminada en 4 l\u00edneas<\/p>\n<\/li>\n<li>\n<p>Pantalla de alta visibilidad con funci\u00f3n de rotaci\u00f3n autom\u00e1tica<\/p>\n<\/li>\n<li>\n<p>Funci\u00f3n de medici\u00f3n continua con MAX y MIN<\/p>\n<\/li>\n<li>\n<p>Distancias, superficies, vol\u00famenes<\/p>\n<\/li>\n<li>\n<p>2 funciones Pit\u00e1goras<\/p>\n<\/li>\n<li>\n<p>Suma, resta<\/p>\n<\/li>\n<li>\n<p>50 memorias<\/p>\n<\/li>\n<li>\n<p>Apagado autom\u00e1tico<\/p>\n<\/li>\n<li>\n<p>Con correa<\/p>\n<\/li>\n<li>Bater\u00eda recargable de LI-ION<\/li>\n<li>\n<p>En bolsa<\/p>\n<\/li>\n<\/ul>\n<p>\u00a0<\/p>\n<p><strong><span>EXPOSITORES PARA C\u00f3d. 61114<\/span><\/strong><\/p>\n<ul>\n<li><span>Composici\u00f3n 6 x C\u00f3d. 61114 + C\u00f3d. EXPO DOUBLE<br \/><\/span><\/li>\n<li><span>Gratis con el primer pedido con un m\u00ednimo de 6 piezas<\/span><\/li>\n<li>L x H X P = 18 X 27 X 11 cm<\/li>\n<\/ul>\n<p>\u00a0<\/p>\n","protected":false},"excerpt":{"rendered":"<p>Funci\u00f3n de inclinaci\u00f3n con indicaci\u00f3n de grados en la pantalla<\/p>\n<p>2 l\u00e1seres: uno delantero y otro trasero para doble medici\u00f3n<\/p>\n<p>Pantalla retroiluminada en 4 l\u00edneas<\/p>\n<p>Pantalla de alta visibilidad con funci\u00f3n de rotaci\u00f3n autom\u00e1tica<\/p>\n<p>Funci\u00f3n de medici\u00f3n continua con MAX y MIN<\/p>\n<p>Distancias, superficies, vol\u00famenes<\/p>\n<p>2 funciones Pit\u00e1goras<\/p>\n<p>Suma, resta<\/p>\n<p>50 memorias<\/p>\n<p>Apagado autom\u00e1tico<\/p>\n<p>Con correa<\/p>\n<p>Bater\u00eda recargable de LI-ION<\/p>\n<p>En bolsa<\/p>\n","protected":false},"featured_media":124780,"template":"","meta":[],"product_cat":[517,528],"product_tag":[],"class_list":{"0":"post-142829","1":"product","2":"type-product","3":"status-publish","4":"has-post-thumbnail","6":"product_cat-laser-y-termocamaras","7":"product_cat-medidores-de-distancia-laser","9":"first","10":"instock","11":"sold-individually","12":"product-type-simple"},"yoast_head":"<title>METRICA DOUBLE LASER INCLIGRAD<\/title>\n<meta name=\"robots\" content=\"index, follow, max-snippet:-1, max-image-preview:large, max-video-preview:-1\" \/>\n<link rel=\"canonical\" href=\"https:\/\/www.metrica.it\/es\/producto\/metrica-double-laser-incligrad\/\" \/>\n<meta property=\"og:locale\" content=\"es_ES\" \/>\n<meta property=\"og:type\" content=\"article\" \/>\n<meta property=\"og:title\" content=\"METRICA DOUBLE LASER INCLIGRAD\" \/>\n<meta property=\"og:description\" content=\"Funci\u00f3n de inclinaci\u00f3n con indicaci\u00f3n de grados en la pantalla2 l\u00e1seres: uno delantero y otro trasero para doble medici\u00f3nPantalla retroiluminada en 4 l\u00edneasPantalla de alta visibilidad con funci\u00f3n de rotaci\u00f3n autom\u00e1ticaFunci\u00f3n de medici\u00f3n continua con MAX y MINDistancias, superficies, vol\u00famenes2 funciones Pit\u00e1gorasSuma, resta50 memoriasApagado autom\u00e1ticoCon correaBater\u00eda recargable de LI-IONEn bolsa\" \/>\n<meta property=\"og:url\" content=\"https:\/\/www.metrica.it\/es\/producto\/metrica-double-laser-incligrad\/\" \/>\n<meta property=\"og:site_name\" content=\"Metrica\" \/>\n<meta property=\"article:modified_time\" content=\"2024-09-16T18:29:45+00:00\" \/>\n<meta property=\"og:image\" content=\"https:\/\/www.metrica.it\/wp-content\/uploads\/2024\/05\/61114_copia.jpg\" \/>\n\t<meta property=\"og:image:width\" content=\"800\" \/>\n\t<meta property=\"og:image:height\" content=\"800\" \/>\n\t<meta property=\"og:image:type\" content=\"image\/jpeg\" \/>\n<meta name=\"twitter:card\" content=\"summary_large_image\" \/>\n<script type=\"application\/ld+json\" class=\"yoast-schema-graph\">{\"@context\":\"https:\\\/\\\/schema.org\",\"@graph\":[{\"@type\":\"WebPage\",\"@id\":\"https:\\\/\\\/www.metrica.it\\\/es\\\/producto\\\/metrica-double-laser-incligrad\\\/\",\"url\":\"https:\\\/\\\/www.metrica.it\\\/es\\\/producto\\\/metrica-double-laser-incligrad\\\/\",\"name\":\"METRICA DOUBLE LASER INCLIGRAD\",\"isPartOf\":{\"@id\":\"https:\\\/\\\/www.metrica.it\\\/es\\\/#website\"},\"primaryImageOfPage\":{\"@id\":\"https:\\\/\\\/www.metrica.it\\\/es\\\/producto\\\/metrica-double-laser-incligrad\\\/#primaryimage\"},\"image\":{\"@id\":\"https:\\\/\\\/www.metrica.it\\\/es\\\/producto\\\/metrica-double-laser-incligrad\\\/#primaryimage\"},\"thumbnailUrl\":\"https:\\\/\\\/www.metrica.it\\\/wp-content\\\/uploads\\\/2024\\\/05\\\/61114_copia.jpg\",\"datePublished\":\"2024-09-16T09:39:14+00:00\",\"dateModified\":\"2024-09-16T18:29:45+00:00\",\"breadcrumb\":{\"@id\":\"https:\\\/\\\/www.metrica.it\\\/es\\\/producto\\\/metrica-double-laser-incligrad\\\/#breadcrumb\"},\"inLanguage\":\"es\",\"potentialAction\":[{\"@type\":\"ReadAction\",\"target\":[\"https:\\\/\\\/www.metrica.it\\\/es\\\/producto\\\/metrica-double-laser-incligrad\\\/\"]}]},{\"@type\":\"ImageObject\",\"inLanguage\":\"es\",\"@id\":\"https:\\\/\\\/www.metrica.it\\\/es\\\/producto\\\/metrica-double-laser-incligrad\\\/#primaryimage\",\"url\":\"https:\\\/\\\/www.metrica.it\\\/wp-content\\\/uploads\\\/2024\\\/05\\\/61114_copia.jpg\",\"contentUrl\":\"https:\\\/\\\/www.metrica.it\\\/wp-content\\\/uploads\\\/2024\\\/05\\\/61114_copia.jpg\",\"width\":800,\"height\":800},{\"@type\":\"BreadcrumbList\",\"@id\":\"https:\\\/\\\/www.metrica.it\\\/es\\\/producto\\\/metrica-double-laser-incligrad\\\/#breadcrumb\",\"itemListElement\":[{\"@type\":\"ListItem\",\"position\":1,\"name\":\"Home\",\"item\":\"https:\\\/\\\/www.metrica.it\\\/es\\\/\"},{\"@type\":\"ListItem\",\"position\":2,\"name\":\"Cat\u00e1logo\",\"item\":\"https:\\\/\\\/www.metrica.it\\\/es\\\/catalogo-es\\\/\"},{\"@type\":\"ListItem\",\"position\":3,\"name\":\"Metrica Double Laser Incligrad\"}]},{\"@type\":\"WebSite\",\"@id\":\"https:\\\/\\\/www.metrica.it\\\/es\\\/#website\",\"url\":\"https:\\\/\\\/www.metrica.it\\\/es\\\/\",\"name\":\"Metrica\",\"description\":\"Made to measure\",\"potentialAction\":[{\"@type\":\"SearchAction\",\"target\":{\"@type\":\"EntryPoint\",\"urlTemplate\":\"https:\\\/\\\/www.metrica.it\\\/es\\\/?s={search_term_string}\"},\"query-input\":{\"@type\":\"PropertyValueSpecification\",\"valueRequired\":true,\"valueName\":\"search_term_string\"}}],\"inLanguage\":\"es\"}]}<\/script>","yoast_head_json":{"title":"METRICA DOUBLE LASER INCLIGRAD","robots":{"index":"index","follow":"follow","max-snippet":"max-snippet:-1","max-image-preview":"max-image-preview:large","max-video-preview":"max-video-preview:-1"},"canonical":"https:\/\/www.metrica.it\/es\/producto\/metrica-double-laser-incligrad\/","og_locale":"es_ES","og_type":"article","og_title":"METRICA DOUBLE LASER INCLIGRAD","og_description":"Funci\u00f3n de inclinaci\u00f3n con indicaci\u00f3n de grados en la pantalla2 l\u00e1seres: uno delantero y otro trasero para doble medici\u00f3nPantalla retroiluminada en 4 l\u00edneasPantalla de alta visibilidad con funci\u00f3n de rotaci\u00f3n autom\u00e1ticaFunci\u00f3n de medici\u00f3n continua con MAX y MINDistancias, superficies, vol\u00famenes2 funciones Pit\u00e1gorasSuma, resta50 memoriasApagado autom\u00e1ticoCon correaBater\u00eda recargable de LI-IONEn bolsa","og_url":"https:\/\/www.metrica.it\/es\/producto\/metrica-double-laser-incligrad\/","og_site_name":"Metrica","article_modified_time":"2024-09-16T18:29:45+00:00","og_image":[{"width":800,"height":800,"url":"https:\/\/www.metrica.it\/wp-content\/uploads\/2024\/05\/61114_copia.jpg","type":"image\/jpeg"}],"twitter_card":"summary_large_image","schema":{"@context":"https:\/\/schema.org","@graph":[{"@type":"WebPage","@id":"https:\/\/www.metrica.it\/es\/producto\/metrica-double-laser-incligrad\/","url":"https:\/\/www.metrica.it\/es\/producto\/metrica-double-laser-incligrad\/","name":"METRICA DOUBLE LASER INCLIGRAD","isPartOf":{"@id":"https:\/\/www.metrica.it\/es\/#website"},"primaryImageOfPage":{"@id":"https:\/\/www.metrica.it\/es\/producto\/metrica-double-laser-incligrad\/#primaryimage"},"image":{"@id":"https:\/\/www.metrica.it\/es\/producto\/metrica-double-laser-incligrad\/#primaryimage"},"thumbnailUrl":"https:\/\/www.metrica.it\/wp-content\/uploads\/2024\/05\/61114_copia.jpg","datePublished":"2024-09-16T09:39:14+00:00","dateModified":"2024-09-16T18:29:45+00:00","breadcrumb":{"@id":"https:\/\/www.metrica.it\/es\/producto\/metrica-double-laser-incligrad\/#breadcrumb"},"inLanguage":"es","potentialAction":[{"@type":"ReadAction","target":["https:\/\/www.metrica.it\/es\/producto\/metrica-double-laser-incligrad\/"]}]},{"@type":"ImageObject","inLanguage":"es","@id":"https:\/\/www.metrica.it\/es\/producto\/metrica-double-laser-incligrad\/#primaryimage","url":"https:\/\/www.metrica.it\/wp-content\/uploads\/2024\/05\/61114_copia.jpg","contentUrl":"https:\/\/www.metrica.it\/wp-content\/uploads\/2024\/05\/61114_copia.jpg","width":800,"height":800},{"@type":"BreadcrumbList","@id":"https:\/\/www.metrica.it\/es\/producto\/metrica-double-laser-incligrad\/#breadcrumb","itemListElement":[{"@type":"ListItem","position":1,"name":"Home","item":"https:\/\/www.metrica.it\/es\/"},{"@type":"ListItem","position":2,"name":"Cat\u00e1logo","item":"https:\/\/www.metrica.it\/es\/catalogo-es\/"},{"@type":"ListItem","position":3,"name":"Metrica Double Laser Incligrad"}]},{"@type":"WebSite","@id":"https:\/\/www.metrica.it\/es\/#website","url":"https:\/\/www.metrica.it\/es\/","name":"Metrica","description":"Made to measure","potentialAction":[{"@type":"SearchAction","target":{"@type":"EntryPoint","urlTemplate":"https:\/\/www.metrica.it\/es\/?s={search_term_string}"},"query-input":{"@type":"PropertyValueSpecification","valueRequired":true,"valueName":"search_term_string"}}],"inLanguage":"es"}]}},"meta_box":{"awr_documentation":[{"filesize":4363455,"ID":"146317","name":"61114.pdf","path":"\/var\/www\/html\/wp-content\/uploads\/2024\/09\/61114.pdf","url":"https:\/\/www.metrica.it\/wp-content\/uploads\/2024\/09\/61114.pdf","title":"61114.pdf"}],"awr_manuale":[],"awr_scheda_tecnica":"<table>\n<tbody>\n<tr>\n<td><strong>Capacidad*:<\/strong><\/td>\n<td>50 m<\/td>\n<\/tr>\n<tr>\n<td><strong>Laser A (anterior):<\/strong><\/td>\n<td>30m<\/td>\n<\/tr>\n<tr>\n<td><strong>Laser B (posterior):<\/strong><\/td>\n<td>20m<\/td>\n<\/tr>\n<tr>\n<td><strong>Precisi\u00f3n:<\/strong><\/td>\n<td>\u00b1 (3 mm +5x10-5 D)<\/td>\n<\/tr>\n<tr>\n<td><strong>Tipo de l\u00e1ser:<\/strong><\/td>\n<td>620-690 nm <\/td>\n<\/tr>\n<tr>\n<td><strong>Lectura:<\/strong><\/td>\n<td>1 mm<\/td>\n<\/tr>\n<tr>\n<td><strong>Clase de l\u00e1ser:<\/strong><\/td>\n<td>II<\/td>\n<\/tr>\n<tr>\n<td><strong>Impermeabilidad:<\/strong><\/td>\n<td>IP 54<\/td>\n<\/tr>\n<tr>\n<td><strong>Temperatura de funcionamiento:<\/strong><\/td>\n<td>0 \u00b0 C \/ 40 \u00b0 C<\/td>\n<\/tr>\n<tr>\n<td><strong>Pilas:<\/strong><\/td>\n<td>LI-ION 3.7V-500mAh<\/td>\n<\/tr>\n<tr>\n<td><strong>Dimensi\u00f3nes (cm):<\/strong><\/td>\n<td>85,5 x 38 x 195<\/td>\n<\/tr>\n<tr>\n<td><strong>Peso (sin pilas):<\/strong><\/td>\n<td>50 g<\/td>\n<\/tr>\n<tr>\n<td><strong>Cable de carga:<\/strong><\/td>\n<td>s\u00ed<\/td>\n<\/tr>\n<tr>\n<td><strong>* dependiente de la luminosidad ambiental<\/strong><\/td>\n<\/tr>\n<\/tbody>\n<\/table>\n","awr_youtube_video":"https:\/\/www.youtube.com\/embed\/ISPsQCXFQlE","awr_classe_prodotto":"","awr_customize_product":"1","awr_custom_image":{"width":96,"height":96,"file":"2024\/05\/61114.jpg","filesize":269738,"sizes":{"dgwt-wcas-product-suggestion":{"file":"61114-64x64.jpg","width":64,"height":64,"mime-type":"image\/jpeg","filesize":1539,"url":"https:\/\/www.metrica.it\/wp-content\/uploads\/2024\/05\/61114-64x64.jpg"},"hongo-product-icon-image":{"file":"61114-64x64.jpg","width":64,"height":64,"mime-type":"image\/jpeg","filesize":1539,"url":"https:\/\/www.metrica.it\/wp-content\/uploads\/2024\/05\/61114-64x64.jpg"},"hongo-product-small-image":{"file":"61114-84x84.jpg","width":84,"height":84,"mime-type":"image\/jpeg","filesize":2064,"url":"https:\/\/www.metrica.it\/wp-content\/uploads\/2024\/05\/61114-84x84.jpg"},"hongo-medium-image":{"file":"61114-450x450.jpg","width":450,"height":450,"mime-type":"image\/jpeg","filesize":18020,"url":"https:\/\/www.metrica.it\/wp-content\/uploads\/2024\/05\/61114-450x450.jpg"},"post-thumbnail":{"file":"61114-790x790.jpg","width":790,"height":790,"mime-type":"image\/jpeg","filesize":39520,"url":"https:\/\/www.metrica.it\/wp-content\/uploads\/2024\/05\/61114-790x790.jpg"},"hongo-shop-image":{"file":"61114-660x660.jpg","width":660,"height":660,"mime-type":"image\/jpeg","filesize":30989,"url":"https:\/\/www.metrica.it\/wp-content\/uploads\/2024\/05\/61114-660x660.jpg"}},"image_meta":{"aperture":"0","credit":"","camera":"","caption":"","created_timestamp":"0","copyright":"","focal_length":"0","iso":"0","shutter_speed":"0","title":"","orientation":"1","keywords":[]},"ID":"124775","name":"61114.jpg","path":"\/var\/www\/html\/wp-content\/uploads\/2024\/05\/61114.jpg","url":"https:\/\/www.metrica.it\/wp-content\/uploads\/2024\/05\/61114.jpg","full_url":"https:\/\/www.metrica.it\/wp-content\/uploads\/2024\/05\/61114.jpg","title":"61114.jpg","caption":"","description":"","alt":"","srcset":"https:\/\/www.metrica.it\/wp-content\/uploads\/2024\/05\/61114.jpg 800w, https:\/\/www.metrica.it\/wp-content\/uploads\/2024\/05\/61114-64x64.jpg 64w, https:\/\/www.metrica.it\/wp-content\/uploads\/2024\/05\/61114-84x84.jpg 84w, https:\/\/www.metrica.it\/wp-content\/uploads\/2024\/05\/61114-450x450.jpg 450w, https:\/\/www.metrica.it\/wp-content\/uploads\/2024\/05\/61114-790x790.jpg 790w, https:\/\/www.metrica.it\/wp-content\/uploads\/2024\/05\/61114-660x660.jpg 660w"},"awr_related_products":[{"awr_product_name":"Metrica Double Laser Incligrad","awr_product_references":"ref:61114|ean:8001066611140|l:0,05-50m|pack:1"},{"awr_product_name":"Espositore Per Ref. 61114","awr_product_references":"ref:89296|ean:8001066892969|pack:1"}],"awr_consumabili":"","awr_alternativi":"","awr_aliases":"61114,89296","awr_skuid":"61114-it"},"_links":{"self":[{"href":"https:\/\/www.metrica.it\/es\/wp-json\/wp\/v2\/product\/142829","targetHints":{"allow":["GET"]}}],"collection":[{"href":"https:\/\/www.metrica.it\/es\/wp-json\/wp\/v2\/product"}],"about":[{"href":"https:\/\/www.metrica.it\/es\/wp-json\/wp\/v2\/types\/product"}],"wp:featuredmedia":[{"embeddable":true,"href":"https:\/\/www.metrica.it\/es\/wp-json\/wp\/v2\/media\/124780"}],"wp:attachment":[{"href":"https:\/\/www.metrica.it\/es\/wp-json\/wp\/v2\/media?parent=142829"}],"wp:term":[{"taxonomy":"product_cat","embeddable":true,"href":"https:\/\/www.metrica.it\/es\/wp-json\/wp\/v2\/product_cat?post=142829"},{"taxonomy":"product_tag","embeddable":true,"href":"https:\/\/www.metrica.it\/es\/wp-json\/wp\/v2\/product_tag?post=142829"}],"curies":[{"name":"wp","href":"https:\/\/api.w.org\/{rel}","templated":true}]}}