{"id":143004,"date":"2024-09-16T12:50:32","date_gmt":"2024-09-16T10:50:32","guid":{"rendered":"https:\/\/www.metrica.it\/prodotto\/indicador-digital-de-distancia\/"},"modified":"2024-09-16T21:42:33","modified_gmt":"2024-09-16T19:42:33","slug":"indicador-digital-de-distancia","status":"publish","type":"product","link":"https:\/\/www.metrica.it\/es\/producto\/indicador-digital-de-distancia\/","title":{"rendered":"Indicador Digital De Distancia"},"content":{"rendered":"<ul>\n<li>Calibro digital de fibra de carbono<\/li>\n<li>Capacidad 150 x 0,1 mm<\/li>\n<li>Peque\u00f1o, ligero, preciso<\/li>\n<li>Gran pantalla digital con un gran n\u00famero (en mil\u00edmetros y pulgadas)<\/li>\n<li>Brazo con anillos, disponible en 3 tama\u00f1os<\/li>\n<li>Malet\u00edn de ABS<\/li>\n<li>Modelo Patentado<\/li>\n<\/ul>\n","protected":false},"excerpt":{"rendered":"<p>Calibro digital de fibra de carbono<\/p>\n<p>Capacidad 150 x 0,1 mm<\/p>\n<p>Peque\u00f1o, ligero, preciso<\/p>\n<p>Gran pantalla digital con un gran n\u00famero (en mil\u00edmetros y pulgadas)<\/p>\n<p>Brazo con anillos, disponible en 3 tama\u00f1os<\/p>\n<p>Malet\u00edn de ABS<\/p>\n<p>Modelo Patentado<\/p>\n","protected":false},"featured_media":125911,"template":"","meta":[],"product_cat":[651,643],"product_tag":[],"class_list":{"0":"post-143004","1":"product","2":"type-product","3":"status-publish","4":"has-post-thumbnail","6":"product_cat-calibres","7":"product_cat-mediciones-mecanicas","9":"first","10":"instock","11":"sold-individually","12":"product-type-simple"},"yoast_head":"<title>INDICATORE DIGITALE DI DISTANZA<\/title>\n<meta name=\"robots\" content=\"index, follow, max-snippet:-1, max-image-preview:large, max-video-preview:-1\" \/>\n<link rel=\"canonical\" href=\"https:\/\/www.metrica.it\/es\/producto\/indicador-digital-de-distancia\/\" \/>\n<meta property=\"og:locale\" content=\"es_ES\" \/>\n<meta property=\"og:type\" content=\"article\" \/>\n<meta property=\"og:title\" content=\"INDICATORE DIGITALE DI DISTANZA\" \/>\n<meta property=\"og:description\" content=\"Calibro digital de fibra de carbonoCapacidad 150 x 0,1 mmPeque\u00f1o, ligero, precisoGran pantalla digital con un gran n\u00famero (en mil\u00edmetros y pulgadas)Brazo con anillos, disponible en 3 tama\u00f1osMalet\u00edn de ABSModelo Patentado\" \/>\n<meta property=\"og:url\" content=\"https:\/\/www.metrica.it\/es\/producto\/indicador-digital-de-distancia\/\" \/>\n<meta property=\"og:site_name\" content=\"Metrica\" \/>\n<meta property=\"article:modified_time\" content=\"2024-09-16T19:42:33+00:00\" \/>\n<meta property=\"og:image\" content=\"https:\/\/www.metrica.it\/wp-content\/uploads\/2024\/06\/10770_3.jpg\" \/>\n\t<meta property=\"og:image:width\" content=\"800\" \/>\n\t<meta property=\"og:image:height\" content=\"800\" \/>\n\t<meta property=\"og:image:type\" content=\"image\/jpeg\" \/>\n<meta name=\"twitter:card\" content=\"summary_large_image\" \/>\n<script type=\"application\/ld+json\" class=\"yoast-schema-graph\">{\"@context\":\"https:\\\/\\\/schema.org\",\"@graph\":[{\"@type\":\"WebPage\",\"@id\":\"https:\\\/\\\/www.metrica.it\\\/es\\\/producto\\\/indicador-digital-de-distancia\\\/\",\"url\":\"https:\\\/\\\/www.metrica.it\\\/es\\\/producto\\\/indicador-digital-de-distancia\\\/\",\"name\":\"INDICATORE DIGITALE DI DISTANZA\",\"isPartOf\":{\"@id\":\"https:\\\/\\\/www.metrica.it\\\/es\\\/#website\"},\"primaryImageOfPage\":{\"@id\":\"https:\\\/\\\/www.metrica.it\\\/es\\\/producto\\\/indicador-digital-de-distancia\\\/#primaryimage\"},\"image\":{\"@id\":\"https:\\\/\\\/www.metrica.it\\\/es\\\/producto\\\/indicador-digital-de-distancia\\\/#primaryimage\"},\"thumbnailUrl\":\"https:\\\/\\\/www.metrica.it\\\/wp-content\\\/uploads\\\/2024\\\/06\\\/10770_3.jpg\",\"datePublished\":\"2024-09-16T10:50:32+00:00\",\"dateModified\":\"2024-09-16T19:42:33+00:00\",\"breadcrumb\":{\"@id\":\"https:\\\/\\\/www.metrica.it\\\/es\\\/producto\\\/indicador-digital-de-distancia\\\/#breadcrumb\"},\"inLanguage\":\"es\",\"potentialAction\":[{\"@type\":\"ReadAction\",\"target\":[\"https:\\\/\\\/www.metrica.it\\\/es\\\/producto\\\/indicador-digital-de-distancia\\\/\"]}]},{\"@type\":\"ImageObject\",\"inLanguage\":\"es\",\"@id\":\"https:\\\/\\\/www.metrica.it\\\/es\\\/producto\\\/indicador-digital-de-distancia\\\/#primaryimage\",\"url\":\"https:\\\/\\\/www.metrica.it\\\/wp-content\\\/uploads\\\/2024\\\/06\\\/10770_3.jpg\",\"contentUrl\":\"https:\\\/\\\/www.metrica.it\\\/wp-content\\\/uploads\\\/2024\\\/06\\\/10770_3.jpg\",\"width\":800,\"height\":800},{\"@type\":\"BreadcrumbList\",\"@id\":\"https:\\\/\\\/www.metrica.it\\\/es\\\/producto\\\/indicador-digital-de-distancia\\\/#breadcrumb\",\"itemListElement\":[{\"@type\":\"ListItem\",\"position\":1,\"name\":\"Home\",\"item\":\"https:\\\/\\\/www.metrica.it\\\/es\\\/\"},{\"@type\":\"ListItem\",\"position\":2,\"name\":\"Cat\u00e1logo\",\"item\":\"https:\\\/\\\/www.metrica.it\\\/es\\\/catalogo-es\\\/\"},{\"@type\":\"ListItem\",\"position\":3,\"name\":\"Indicador Digital De Distancia\"}]},{\"@type\":\"WebSite\",\"@id\":\"https:\\\/\\\/www.metrica.it\\\/es\\\/#website\",\"url\":\"https:\\\/\\\/www.metrica.it\\\/es\\\/\",\"name\":\"Metrica\",\"description\":\"Made to measure\",\"potentialAction\":[{\"@type\":\"SearchAction\",\"target\":{\"@type\":\"EntryPoint\",\"urlTemplate\":\"https:\\\/\\\/www.metrica.it\\\/es\\\/?s={search_term_string}\"},\"query-input\":{\"@type\":\"PropertyValueSpecification\",\"valueRequired\":true,\"valueName\":\"search_term_string\"}}],\"inLanguage\":\"es\"}]}<\/script>","yoast_head_json":{"title":"INDICATORE DIGITALE DI DISTANZA","robots":{"index":"index","follow":"follow","max-snippet":"max-snippet:-1","max-image-preview":"max-image-preview:large","max-video-preview":"max-video-preview:-1"},"canonical":"https:\/\/www.metrica.it\/es\/producto\/indicador-digital-de-distancia\/","og_locale":"es_ES","og_type":"article","og_title":"INDICATORE DIGITALE DI DISTANZA","og_description":"Calibro digital de fibra de carbonoCapacidad 150 x 0,1 mmPeque\u00f1o, ligero, precisoGran pantalla digital con un gran n\u00famero (en mil\u00edmetros y pulgadas)Brazo con anillos, disponible en 3 tama\u00f1osMalet\u00edn de ABSModelo Patentado","og_url":"https:\/\/www.metrica.it\/es\/producto\/indicador-digital-de-distancia\/","og_site_name":"Metrica","article_modified_time":"2024-09-16T19:42:33+00:00","og_image":[{"width":800,"height":800,"url":"https:\/\/www.metrica.it\/wp-content\/uploads\/2024\/06\/10770_3.jpg","type":"image\/jpeg"}],"twitter_card":"summary_large_image","schema":{"@context":"https:\/\/schema.org","@graph":[{"@type":"WebPage","@id":"https:\/\/www.metrica.it\/es\/producto\/indicador-digital-de-distancia\/","url":"https:\/\/www.metrica.it\/es\/producto\/indicador-digital-de-distancia\/","name":"INDICATORE DIGITALE DI DISTANZA","isPartOf":{"@id":"https:\/\/www.metrica.it\/es\/#website"},"primaryImageOfPage":{"@id":"https:\/\/www.metrica.it\/es\/producto\/indicador-digital-de-distancia\/#primaryimage"},"image":{"@id":"https:\/\/www.metrica.it\/es\/producto\/indicador-digital-de-distancia\/#primaryimage"},"thumbnailUrl":"https:\/\/www.metrica.it\/wp-content\/uploads\/2024\/06\/10770_3.jpg","datePublished":"2024-09-16T10:50:32+00:00","dateModified":"2024-09-16T19:42:33+00:00","breadcrumb":{"@id":"https:\/\/www.metrica.it\/es\/producto\/indicador-digital-de-distancia\/#breadcrumb"},"inLanguage":"es","potentialAction":[{"@type":"ReadAction","target":["https:\/\/www.metrica.it\/es\/producto\/indicador-digital-de-distancia\/"]}]},{"@type":"ImageObject","inLanguage":"es","@id":"https:\/\/www.metrica.it\/es\/producto\/indicador-digital-de-distancia\/#primaryimage","url":"https:\/\/www.metrica.it\/wp-content\/uploads\/2024\/06\/10770_3.jpg","contentUrl":"https:\/\/www.metrica.it\/wp-content\/uploads\/2024\/06\/10770_3.jpg","width":800,"height":800},{"@type":"BreadcrumbList","@id":"https:\/\/www.metrica.it\/es\/producto\/indicador-digital-de-distancia\/#breadcrumb","itemListElement":[{"@type":"ListItem","position":1,"name":"Home","item":"https:\/\/www.metrica.it\/es\/"},{"@type":"ListItem","position":2,"name":"Cat\u00e1logo","item":"https:\/\/www.metrica.it\/es\/catalogo-es\/"},{"@type":"ListItem","position":3,"name":"Indicador Digital De Distancia"}]},{"@type":"WebSite","@id":"https:\/\/www.metrica.it\/es\/#website","url":"https:\/\/www.metrica.it\/es\/","name":"Metrica","description":"Made to measure","potentialAction":[{"@type":"SearchAction","target":{"@type":"EntryPoint","urlTemplate":"https:\/\/www.metrica.it\/es\/?s={search_term_string}"},"query-input":{"@type":"PropertyValueSpecification","valueRequired":true,"valueName":"search_term_string"}}],"inLanguage":"es"}]}},"meta_box":{"awr_documentation":[],"awr_manuale":[],"awr_scheda_tecnica":"","awr_youtube_video":"","awr_classe_prodotto":"","awr_customize_product":"0","awr_custom_image":false,"awr_related_products":[{"awr_product_name":"Indicatore Digitale Di Distanza","awr_product_references":"ref:10770NM|ean:8001066107704|a_mm:0-150|b_mm:40|unit_misura_mm:0,1|unit_misura_inch:-|pack:1"}],"awr_consumabili":"","awr_alternativi":"","awr_aliases":"10770NM","awr_skuid":"10770-it"},"_links":{"self":[{"href":"https:\/\/www.metrica.it\/es\/wp-json\/wp\/v2\/product\/143004","targetHints":{"allow":["GET"]}}],"collection":[{"href":"https:\/\/www.metrica.it\/es\/wp-json\/wp\/v2\/product"}],"about":[{"href":"https:\/\/www.metrica.it\/es\/wp-json\/wp\/v2\/types\/product"}],"wp:featuredmedia":[{"embeddable":true,"href":"https:\/\/www.metrica.it\/es\/wp-json\/wp\/v2\/media\/125911"}],"wp:attachment":[{"href":"https:\/\/www.metrica.it\/es\/wp-json\/wp\/v2\/media?parent=143004"}],"wp:term":[{"taxonomy":"product_cat","embeddable":true,"href":"https:\/\/www.metrica.it\/es\/wp-json\/wp\/v2\/product_cat?post=143004"},{"taxonomy":"product_tag","embeddable":true,"href":"https:\/\/www.metrica.it\/es\/wp-json\/wp\/v2\/product_tag?post=143004"}],"curies":[{"name":"wp","href":"https:\/\/api.w.org\/{rel}","templated":true}]}}