{"id":143149,"date":"2024-09-16T12:35:11","date_gmt":"2024-09-16T10:35:11","guid":{"rendered":"https:\/\/www.metrica.it\/prodotto\/cinta-de-senalizacion\/"},"modified":"2024-09-16T21:26:37","modified_gmt":"2024-09-16T19:26:37","slug":"cinta-de-senalizacion","status":"publish","type":"product","link":"https:\/\/www.metrica.it\/es\/producto\/cinta-de-senalizacion\/","title":{"rendered":"Cinta De Se\u00f1alizacion"},"content":{"rendered":"<ul>\n<li>Cinta de se\u00f1alizacion<\/li>\n<li>Blanco\/rojo de polietileno<\/li>\n<li>Cada cinta en cart\u00f3n individual<\/li>\n<\/ul>\n","protected":false},"excerpt":{"rendered":"<p>Cinta de se\u00f1alizacion<br \/>Blanco\/rojo de polietileno<br \/>Cada cinta en cart\u00f3n individual<\/p>\n","protected":false},"featured_media":120792,"template":"","meta":[],"product_cat":[603,51],"product_tag":[],"class_list":{"0":"post-143149","1":"product","2":"type-product","3":"status-publish","4":"has-post-thumbnail","6":"product_cat-cintas-de-senalizacion","7":"product_cat-medidas-de-longitud","9":"first","10":"instock","11":"sold-individually","12":"product-type-simple"},"yoast_head":"<title>Nastro Stradale | Cintas De Se\u00f1alizacion | Medidas de Longitud - Metrica<\/title>\n<meta name=\"description\" content=\"Descubre la colecci\u00f3n de productos., Nastro Stradale - Cintas De Se\u00f1alizacion.Nastro stradale,In polietilene bianco\/rosso,In scatola singola . Consulta el cat\u00e1logo en la web oficial de Metrica.\" \/>\n<meta name=\"robots\" content=\"index, follow, max-snippet:-1, max-image-preview:large, max-video-preview:-1\" \/>\n<link rel=\"canonical\" href=\"https:\/\/www.metrica.it\/es\/producto\/cinta-de-senalizacion\/\" \/>\n<meta property=\"og:locale\" content=\"es_ES\" \/>\n<meta property=\"og:type\" content=\"article\" \/>\n<meta property=\"og:title\" content=\"Nastro Stradale | Cintas De Se\u00f1alizacion | Medidas de Longitud - Metrica\" \/>\n<meta property=\"og:description\" content=\"Descubre la colecci\u00f3n de productos., Nastro Stradale - Cintas De Se\u00f1alizacion.Nastro stradale,In polietilene bianco\/rosso,In scatola singola . Consulta el cat\u00e1logo en la web oficial de Metrica.\" \/>\n<meta property=\"og:url\" content=\"https:\/\/www.metrica.it\/es\/producto\/cinta-de-senalizacion\/\" \/>\n<meta property=\"og:site_name\" content=\"Metrica\" \/>\n<meta property=\"article:modified_time\" content=\"2024-09-16T19:26:37+00:00\" \/>\n<meta property=\"og:image\" content=\"https:\/\/www.metrica.it\/wp-content\/uploads\/2024\/05\/60120.jpg\" \/>\n\t<meta property=\"og:image:width\" content=\"800\" \/>\n\t<meta property=\"og:image:height\" content=\"800\" \/>\n\t<meta property=\"og:image:type\" content=\"image\/jpeg\" \/>\n<meta name=\"twitter:card\" content=\"summary_large_image\" \/>\n<script type=\"application\/ld+json\" class=\"yoast-schema-graph\">{\"@context\":\"https:\\\/\\\/schema.org\",\"@graph\":[{\"@type\":\"WebPage\",\"@id\":\"https:\\\/\\\/www.metrica.it\\\/es\\\/producto\\\/cinta-de-senalizacion\\\/\",\"url\":\"https:\\\/\\\/www.metrica.it\\\/es\\\/producto\\\/cinta-de-senalizacion\\\/\",\"name\":\"Nastro Stradale | Cintas De Se\u00f1alizacion | Medidas de Longitud - Metrica\",\"isPartOf\":{\"@id\":\"https:\\\/\\\/www.metrica.it\\\/es\\\/#website\"},\"primaryImageOfPage\":{\"@id\":\"https:\\\/\\\/www.metrica.it\\\/es\\\/producto\\\/cinta-de-senalizacion\\\/#primaryimage\"},\"image\":{\"@id\":\"https:\\\/\\\/www.metrica.it\\\/es\\\/producto\\\/cinta-de-senalizacion\\\/#primaryimage\"},\"thumbnailUrl\":\"https:\\\/\\\/www.metrica.it\\\/wp-content\\\/uploads\\\/2024\\\/05\\\/60120.jpg\",\"datePublished\":\"2024-09-16T10:35:11+00:00\",\"dateModified\":\"2024-09-16T19:26:37+00:00\",\"description\":\"Descubre la colecci\u00f3n de productos., Nastro Stradale - Cintas De Se\u00f1alizacion.Nastro stradale,In polietilene bianco\\\/rosso,In scatola singola . Consulta el cat\u00e1logo en la web oficial de Metrica.\",\"breadcrumb\":{\"@id\":\"https:\\\/\\\/www.metrica.it\\\/es\\\/producto\\\/cinta-de-senalizacion\\\/#breadcrumb\"},\"inLanguage\":\"es\",\"potentialAction\":[{\"@type\":\"ReadAction\",\"target\":[\"https:\\\/\\\/www.metrica.it\\\/es\\\/producto\\\/cinta-de-senalizacion\\\/\"]}]},{\"@type\":\"ImageObject\",\"inLanguage\":\"es\",\"@id\":\"https:\\\/\\\/www.metrica.it\\\/es\\\/producto\\\/cinta-de-senalizacion\\\/#primaryimage\",\"url\":\"https:\\\/\\\/www.metrica.it\\\/wp-content\\\/uploads\\\/2024\\\/05\\\/60120.jpg\",\"contentUrl\":\"https:\\\/\\\/www.metrica.it\\\/wp-content\\\/uploads\\\/2024\\\/05\\\/60120.jpg\",\"width\":800,\"height\":800},{\"@type\":\"BreadcrumbList\",\"@id\":\"https:\\\/\\\/www.metrica.it\\\/es\\\/producto\\\/cinta-de-senalizacion\\\/#breadcrumb\",\"itemListElement\":[{\"@type\":\"ListItem\",\"position\":1,\"name\":\"Home\",\"item\":\"https:\\\/\\\/www.metrica.it\\\/es\\\/\"},{\"@type\":\"ListItem\",\"position\":2,\"name\":\"Cat\u00e1logo\",\"item\":\"https:\\\/\\\/www.metrica.it\\\/es\\\/catalogo-es\\\/\"},{\"@type\":\"ListItem\",\"position\":3,\"name\":\"Cinta De Se\u00f1alizacion\"}]},{\"@type\":\"WebSite\",\"@id\":\"https:\\\/\\\/www.metrica.it\\\/es\\\/#website\",\"url\":\"https:\\\/\\\/www.metrica.it\\\/es\\\/\",\"name\":\"Metrica\",\"description\":\"Made to measure\",\"potentialAction\":[{\"@type\":\"SearchAction\",\"target\":{\"@type\":\"EntryPoint\",\"urlTemplate\":\"https:\\\/\\\/www.metrica.it\\\/es\\\/?s={search_term_string}\"},\"query-input\":{\"@type\":\"PropertyValueSpecification\",\"valueRequired\":true,\"valueName\":\"search_term_string\"}}],\"inLanguage\":\"es\"}]}<\/script>","yoast_head_json":{"title":"Nastro Stradale | Cintas De Se\u00f1alizacion | Medidas de Longitud - Metrica","description":"Descubre la colecci\u00f3n de productos., Nastro Stradale - Cintas De Se\u00f1alizacion.Nastro stradale,In polietilene bianco\/rosso,In scatola singola . Consulta el cat\u00e1logo en la web oficial de Metrica.","robots":{"index":"index","follow":"follow","max-snippet":"max-snippet:-1","max-image-preview":"max-image-preview:large","max-video-preview":"max-video-preview:-1"},"canonical":"https:\/\/www.metrica.it\/es\/producto\/cinta-de-senalizacion\/","og_locale":"es_ES","og_type":"article","og_title":"Nastro Stradale | Cintas De Se\u00f1alizacion | Medidas de Longitud - Metrica","og_description":"Descubre la colecci\u00f3n de productos., Nastro Stradale - Cintas De Se\u00f1alizacion.Nastro stradale,In polietilene bianco\/rosso,In scatola singola . Consulta el cat\u00e1logo en la web oficial de Metrica.","og_url":"https:\/\/www.metrica.it\/es\/producto\/cinta-de-senalizacion\/","og_site_name":"Metrica","article_modified_time":"2024-09-16T19:26:37+00:00","og_image":[{"width":800,"height":800,"url":"https:\/\/www.metrica.it\/wp-content\/uploads\/2024\/05\/60120.jpg","type":"image\/jpeg"}],"twitter_card":"summary_large_image","schema":{"@context":"https:\/\/schema.org","@graph":[{"@type":"WebPage","@id":"https:\/\/www.metrica.it\/es\/producto\/cinta-de-senalizacion\/","url":"https:\/\/www.metrica.it\/es\/producto\/cinta-de-senalizacion\/","name":"Nastro Stradale | Cintas De Se\u00f1alizacion | Medidas de Longitud - Metrica","isPartOf":{"@id":"https:\/\/www.metrica.it\/es\/#website"},"primaryImageOfPage":{"@id":"https:\/\/www.metrica.it\/es\/producto\/cinta-de-senalizacion\/#primaryimage"},"image":{"@id":"https:\/\/www.metrica.it\/es\/producto\/cinta-de-senalizacion\/#primaryimage"},"thumbnailUrl":"https:\/\/www.metrica.it\/wp-content\/uploads\/2024\/05\/60120.jpg","datePublished":"2024-09-16T10:35:11+00:00","dateModified":"2024-09-16T19:26:37+00:00","description":"Descubre la colecci\u00f3n de productos., Nastro Stradale - Cintas De Se\u00f1alizacion.Nastro stradale,In polietilene bianco\/rosso,In scatola singola . Consulta el cat\u00e1logo en la web oficial de Metrica.","breadcrumb":{"@id":"https:\/\/www.metrica.it\/es\/producto\/cinta-de-senalizacion\/#breadcrumb"},"inLanguage":"es","potentialAction":[{"@type":"ReadAction","target":["https:\/\/www.metrica.it\/es\/producto\/cinta-de-senalizacion\/"]}]},{"@type":"ImageObject","inLanguage":"es","@id":"https:\/\/www.metrica.it\/es\/producto\/cinta-de-senalizacion\/#primaryimage","url":"https:\/\/www.metrica.it\/wp-content\/uploads\/2024\/05\/60120.jpg","contentUrl":"https:\/\/www.metrica.it\/wp-content\/uploads\/2024\/05\/60120.jpg","width":800,"height":800},{"@type":"BreadcrumbList","@id":"https:\/\/www.metrica.it\/es\/producto\/cinta-de-senalizacion\/#breadcrumb","itemListElement":[{"@type":"ListItem","position":1,"name":"Home","item":"https:\/\/www.metrica.it\/es\/"},{"@type":"ListItem","position":2,"name":"Cat\u00e1logo","item":"https:\/\/www.metrica.it\/es\/catalogo-es\/"},{"@type":"ListItem","position":3,"name":"Cinta De Se\u00f1alizacion"}]},{"@type":"WebSite","@id":"https:\/\/www.metrica.it\/es\/#website","url":"https:\/\/www.metrica.it\/es\/","name":"Metrica","description":"Made to measure","potentialAction":[{"@type":"SearchAction","target":{"@type":"EntryPoint","urlTemplate":"https:\/\/www.metrica.it\/es\/?s={search_term_string}"},"query-input":{"@type":"PropertyValueSpecification","valueRequired":true,"valueName":"search_term_string"}}],"inLanguage":"es"}]}},"meta_box":{"awr_documentation":[],"awr_manuale":[],"awr_scheda_tecnica":"","awr_youtube_video":"","awr_classe_prodotto":"","awr_customize_product":"0","awr_custom_image":false,"awr_related_products":[{"awr_product_name":"Nastro Stradale","awr_product_references":"ref:60120|ean:8001066601202|l:200 m|a:70 mm|pack:1"},{"awr_product_name":"Nastro Stradale","awr_product_references":"ref:60122|ean:8001066601226|l:100 m|a:70 mm|pack:1"},{"awr_product_name":"Nastro Stradale","awr_product_references":"ref:60132|ean:8001066601325|l:100 m|a:50 mm|pack:1"}],"awr_consumabili":"","awr_alternativi":"","awr_aliases":"60120,60122,60132","awr_skuid":"60120-it"},"_links":{"self":[{"href":"https:\/\/www.metrica.it\/es\/wp-json\/wp\/v2\/product\/143149","targetHints":{"allow":["GET"]}}],"collection":[{"href":"https:\/\/www.metrica.it\/es\/wp-json\/wp\/v2\/product"}],"about":[{"href":"https:\/\/www.metrica.it\/es\/wp-json\/wp\/v2\/types\/product"}],"wp:featuredmedia":[{"embeddable":true,"href":"https:\/\/www.metrica.it\/es\/wp-json\/wp\/v2\/media\/120792"}],"wp:attachment":[{"href":"https:\/\/www.metrica.it\/es\/wp-json\/wp\/v2\/media?parent=143149"}],"wp:term":[{"taxonomy":"product_cat","embeddable":true,"href":"https:\/\/www.metrica.it\/es\/wp-json\/wp\/v2\/product_cat?post=143149"},{"taxonomy":"product_tag","embeddable":true,"href":"https:\/\/www.metrica.it\/es\/wp-json\/wp\/v2\/product_tag?post=143149"}],"curies":[{"name":"wp","href":"https:\/\/api.w.org\/{rel}","templated":true}]}}