{"id":143214,"date":"2024-09-16T11:52:51","date_gmt":"2024-09-16T09:52:51","guid":{"rendered":"https:\/\/www.metrica.it\/prodotto\/regla-ridiga-de-control-graduada-embotada-y-sin-bisel\/"},"modified":"2024-09-16T20:40:09","modified_gmt":"2024-09-16T18:40:09","slug":"regla-ridiga-de-control-graduada-embotada-y-sin-bisel","status":"publish","type":"product","link":"https:\/\/www.metrica.it\/es\/producto\/regla-ridiga-de-control-graduada-embotada-y-sin-bisel\/","title":{"rendered":"Regla Ridiga De Control Graduada &#8211; Embotada Y Sin Bisel"},"content":{"rendered":"<ul>\n<li>Regla ridiga de control<\/li>\n<li>Secci\u00f3n 43 x 6 mm<\/li>\n<li>Acero inox rectificado<\/li>\n<li>Graduaci\u00f2n grabada en negro<\/li>\n<li>5 mm sin graduaci\u00f2n a los principios<\/li>\n<\/ul>\n","protected":false},"excerpt":{"rendered":"<p>Regla ridiga de control<br \/>Secci\u00f3n 43 x 6 mm<br \/>Acero inox rectificado<br \/>Graduaci\u00f2n grabada en negro<br \/>5 mm sin graduaci\u00f2n a los principios<\/p>\n","protected":false},"featured_media":121072,"template":"","meta":[],"product_cat":[51,611],"product_tag":[],"class_list":{"0":"post-143214","1":"product","2":"type-product","3":"status-publish","4":"has-post-thumbnail","6":"product_cat-medidas-de-longitud","7":"product_cat-reglas-cinta-diametrometros","9":"first","10":"instock","11":"sold-individually","12":"product-type-simple"},"yoast_head":"<title>Riga Rigida Di Controllo Graduata, Con Smusso E Senza Smusso | Reglas - cinta di\u00e1metrometros | Medidas de Longitud - Metrica<\/title>\n<meta name=\"description\" content=\"Descubre la colecci\u00f3n de productos., Riga Rigida Di Controllo Graduata, Con Smusso E Senza Smusso - Reglas - cinta di\u00e1metrometros.Riga rigida di controllo,Sezione 43 x 6 mm,Acciaio inox rettificato . Consulta el cat\u00e1logo en la web oficial de Metrica.\" \/>\n<meta name=\"robots\" content=\"index, follow, max-snippet:-1, max-image-preview:large, max-video-preview:-1\" \/>\n<link rel=\"canonical\" href=\"https:\/\/www.metrica.it\/es\/producto\/regla-ridiga-de-control-graduada-embotada-y-sin-bisel\/\" \/>\n<meta property=\"og:locale\" content=\"es_ES\" \/>\n<meta property=\"og:type\" content=\"article\" \/>\n<meta property=\"og:title\" content=\"Riga Rigida Di Controllo Graduata, Con Smusso E Senza Smusso | Reglas - cinta di\u00e1metrometros | Medidas de Longitud - Metrica\" \/>\n<meta property=\"og:description\" content=\"Descubre la colecci\u00f3n de productos., Riga Rigida Di Controllo Graduata, Con Smusso E Senza Smusso - Reglas - cinta di\u00e1metrometros.Riga rigida di controllo,Sezione 43 x 6 mm,Acciaio inox rettificato . Consulta el cat\u00e1logo en la web oficial de Metrica.\" \/>\n<meta property=\"og:url\" content=\"https:\/\/www.metrica.it\/es\/producto\/regla-ridiga-de-control-graduada-embotada-y-sin-bisel\/\" \/>\n<meta property=\"og:site_name\" content=\"Metrica\" \/>\n<meta property=\"article:modified_time\" content=\"2024-09-16T18:40:09+00:00\" \/>\n<meta property=\"og:image\" content=\"https:\/\/www.metrica.it\/wp-content\/uploads\/2024\/05\/25201.jpg\" \/>\n\t<meta property=\"og:image:width\" content=\"800\" \/>\n\t<meta property=\"og:image:height\" content=\"800\" \/>\n\t<meta property=\"og:image:type\" content=\"image\/jpeg\" \/>\n<meta name=\"twitter:card\" content=\"summary_large_image\" \/>\n<script type=\"application\/ld+json\" class=\"yoast-schema-graph\">{\"@context\":\"https:\\\/\\\/schema.org\",\"@graph\":[{\"@type\":\"WebPage\",\"@id\":\"https:\\\/\\\/www.metrica.it\\\/es\\\/producto\\\/regla-ridiga-de-control-graduada-embotada-y-sin-bisel\\\/\",\"url\":\"https:\\\/\\\/www.metrica.it\\\/es\\\/producto\\\/regla-ridiga-de-control-graduada-embotada-y-sin-bisel\\\/\",\"name\":\"Riga Rigida Di Controllo Graduata, Con Smusso E Senza Smusso | Reglas - cinta di\u00e1metrometros | Medidas de Longitud - Metrica\",\"isPartOf\":{\"@id\":\"https:\\\/\\\/www.metrica.it\\\/es\\\/#website\"},\"primaryImageOfPage\":{\"@id\":\"https:\\\/\\\/www.metrica.it\\\/es\\\/producto\\\/regla-ridiga-de-control-graduada-embotada-y-sin-bisel\\\/#primaryimage\"},\"image\":{\"@id\":\"https:\\\/\\\/www.metrica.it\\\/es\\\/producto\\\/regla-ridiga-de-control-graduada-embotada-y-sin-bisel\\\/#primaryimage\"},\"thumbnailUrl\":\"https:\\\/\\\/www.metrica.it\\\/wp-content\\\/uploads\\\/2024\\\/05\\\/25201.jpg\",\"datePublished\":\"2024-09-16T09:52:51+00:00\",\"dateModified\":\"2024-09-16T18:40:09+00:00\",\"description\":\"Descubre la colecci\u00f3n de productos., Riga Rigida Di Controllo Graduata, Con Smusso E Senza Smusso - Reglas - cinta di\u00e1metrometros.Riga rigida di controllo,Sezione 43 x 6 mm,Acciaio inox rettificato . Consulta el cat\u00e1logo en la web oficial de Metrica.\",\"breadcrumb\":{\"@id\":\"https:\\\/\\\/www.metrica.it\\\/es\\\/producto\\\/regla-ridiga-de-control-graduada-embotada-y-sin-bisel\\\/#breadcrumb\"},\"inLanguage\":\"es\",\"potentialAction\":[{\"@type\":\"ReadAction\",\"target\":[\"https:\\\/\\\/www.metrica.it\\\/es\\\/producto\\\/regla-ridiga-de-control-graduada-embotada-y-sin-bisel\\\/\"]}]},{\"@type\":\"ImageObject\",\"inLanguage\":\"es\",\"@id\":\"https:\\\/\\\/www.metrica.it\\\/es\\\/producto\\\/regla-ridiga-de-control-graduada-embotada-y-sin-bisel\\\/#primaryimage\",\"url\":\"https:\\\/\\\/www.metrica.it\\\/wp-content\\\/uploads\\\/2024\\\/05\\\/25201.jpg\",\"contentUrl\":\"https:\\\/\\\/www.metrica.it\\\/wp-content\\\/uploads\\\/2024\\\/05\\\/25201.jpg\",\"width\":800,\"height\":800},{\"@type\":\"BreadcrumbList\",\"@id\":\"https:\\\/\\\/www.metrica.it\\\/es\\\/producto\\\/regla-ridiga-de-control-graduada-embotada-y-sin-bisel\\\/#breadcrumb\",\"itemListElement\":[{\"@type\":\"ListItem\",\"position\":1,\"name\":\"Home\",\"item\":\"https:\\\/\\\/www.metrica.it\\\/es\\\/\"},{\"@type\":\"ListItem\",\"position\":2,\"name\":\"Cat\u00e1logo\",\"item\":\"https:\\\/\\\/www.metrica.it\\\/es\\\/catalogo-es\\\/\"},{\"@type\":\"ListItem\",\"position\":3,\"name\":\"Regla Ridiga De Control Graduada &#8211; Embotada Y Sin Bisel\"}]},{\"@type\":\"WebSite\",\"@id\":\"https:\\\/\\\/www.metrica.it\\\/es\\\/#website\",\"url\":\"https:\\\/\\\/www.metrica.it\\\/es\\\/\",\"name\":\"Metrica\",\"description\":\"Made to measure\",\"potentialAction\":[{\"@type\":\"SearchAction\",\"target\":{\"@type\":\"EntryPoint\",\"urlTemplate\":\"https:\\\/\\\/www.metrica.it\\\/es\\\/?s={search_term_string}\"},\"query-input\":{\"@type\":\"PropertyValueSpecification\",\"valueRequired\":true,\"valueName\":\"search_term_string\"}}],\"inLanguage\":\"es\"}]}<\/script>","yoast_head_json":{"title":"Riga Rigida Di Controllo Graduata, Con Smusso E Senza Smusso | Reglas - cinta di\u00e1metrometros | Medidas de Longitud - Metrica","description":"Descubre la colecci\u00f3n de productos., Riga Rigida Di Controllo Graduata, Con Smusso E Senza Smusso - Reglas - cinta di\u00e1metrometros.Riga rigida di controllo,Sezione 43 x 6 mm,Acciaio inox rettificato . Consulta el cat\u00e1logo en la web oficial de Metrica.","robots":{"index":"index","follow":"follow","max-snippet":"max-snippet:-1","max-image-preview":"max-image-preview:large","max-video-preview":"max-video-preview:-1"},"canonical":"https:\/\/www.metrica.it\/es\/producto\/regla-ridiga-de-control-graduada-embotada-y-sin-bisel\/","og_locale":"es_ES","og_type":"article","og_title":"Riga Rigida Di Controllo Graduata, Con Smusso E Senza Smusso | Reglas - cinta di\u00e1metrometros | Medidas de Longitud - Metrica","og_description":"Descubre la colecci\u00f3n de productos., Riga Rigida Di Controllo Graduata, Con Smusso E Senza Smusso - Reglas - cinta di\u00e1metrometros.Riga rigida di controllo,Sezione 43 x 6 mm,Acciaio inox rettificato . Consulta el cat\u00e1logo en la web oficial de Metrica.","og_url":"https:\/\/www.metrica.it\/es\/producto\/regla-ridiga-de-control-graduada-embotada-y-sin-bisel\/","og_site_name":"Metrica","article_modified_time":"2024-09-16T18:40:09+00:00","og_image":[{"width":800,"height":800,"url":"https:\/\/www.metrica.it\/wp-content\/uploads\/2024\/05\/25201.jpg","type":"image\/jpeg"}],"twitter_card":"summary_large_image","schema":{"@context":"https:\/\/schema.org","@graph":[{"@type":"WebPage","@id":"https:\/\/www.metrica.it\/es\/producto\/regla-ridiga-de-control-graduada-embotada-y-sin-bisel\/","url":"https:\/\/www.metrica.it\/es\/producto\/regla-ridiga-de-control-graduada-embotada-y-sin-bisel\/","name":"Riga Rigida Di Controllo Graduata, Con Smusso E Senza Smusso | Reglas - cinta di\u00e1metrometros | Medidas de Longitud - Metrica","isPartOf":{"@id":"https:\/\/www.metrica.it\/es\/#website"},"primaryImageOfPage":{"@id":"https:\/\/www.metrica.it\/es\/producto\/regla-ridiga-de-control-graduada-embotada-y-sin-bisel\/#primaryimage"},"image":{"@id":"https:\/\/www.metrica.it\/es\/producto\/regla-ridiga-de-control-graduada-embotada-y-sin-bisel\/#primaryimage"},"thumbnailUrl":"https:\/\/www.metrica.it\/wp-content\/uploads\/2024\/05\/25201.jpg","datePublished":"2024-09-16T09:52:51+00:00","dateModified":"2024-09-16T18:40:09+00:00","description":"Descubre la colecci\u00f3n de productos., Riga Rigida Di Controllo Graduata, Con Smusso E Senza Smusso - Reglas - cinta di\u00e1metrometros.Riga rigida di controllo,Sezione 43 x 6 mm,Acciaio inox rettificato . Consulta el cat\u00e1logo en la web oficial de Metrica.","breadcrumb":{"@id":"https:\/\/www.metrica.it\/es\/producto\/regla-ridiga-de-control-graduada-embotada-y-sin-bisel\/#breadcrumb"},"inLanguage":"es","potentialAction":[{"@type":"ReadAction","target":["https:\/\/www.metrica.it\/es\/producto\/regla-ridiga-de-control-graduada-embotada-y-sin-bisel\/"]}]},{"@type":"ImageObject","inLanguage":"es","@id":"https:\/\/www.metrica.it\/es\/producto\/regla-ridiga-de-control-graduada-embotada-y-sin-bisel\/#primaryimage","url":"https:\/\/www.metrica.it\/wp-content\/uploads\/2024\/05\/25201.jpg","contentUrl":"https:\/\/www.metrica.it\/wp-content\/uploads\/2024\/05\/25201.jpg","width":800,"height":800},{"@type":"BreadcrumbList","@id":"https:\/\/www.metrica.it\/es\/producto\/regla-ridiga-de-control-graduada-embotada-y-sin-bisel\/#breadcrumb","itemListElement":[{"@type":"ListItem","position":1,"name":"Home","item":"https:\/\/www.metrica.it\/es\/"},{"@type":"ListItem","position":2,"name":"Cat\u00e1logo","item":"https:\/\/www.metrica.it\/es\/catalogo-es\/"},{"@type":"ListItem","position":3,"name":"Regla Ridiga De Control Graduada &#8211; Embotada Y Sin Bisel"}]},{"@type":"WebSite","@id":"https:\/\/www.metrica.it\/es\/#website","url":"https:\/\/www.metrica.it\/es\/","name":"Metrica","description":"Made to measure","potentialAction":[{"@type":"SearchAction","target":{"@type":"EntryPoint","urlTemplate":"https:\/\/www.metrica.it\/es\/?s={search_term_string}"},"query-input":{"@type":"PropertyValueSpecification","valueRequired":true,"valueName":"search_term_string"}}],"inLanguage":"es"}]}},"meta_box":{"awr_documentation":[],"awr_manuale":[],"awr_scheda_tecnica":"","awr_youtube_video":"","awr_classe_prodotto":"","awr_customize_product":"0","awr_custom_image":false,"awr_related_products":[{"awr_product_name":"Riga Rigida Di Controllo Graduata, Con Smusso E Senza Smusso","awr_product_references":"ref:25201|ean:8001066252015|l_mm:500|unit_misura:mm|senza_smusso:x|con_smusso:-|pack:1"},{"awr_product_name":"Riga Rigida Di Controllo Graduata, Con Smusso E Senza Smusso","awr_product_references":"ref:25202|ean:8001066252022|l_mm:750|unit_misura:mm|senza_smusso:x|con_smusso:-|pack:1"},{"awr_product_name":"Riga Rigida Di Controllo Graduata, Con Smusso E Senza Smusso","awr_product_references":"ref:25203|ean:8001066252039|l_mm:1000|unit_misura:mm|senza_smusso:x|con_smusso:-|pack:1"},{"awr_product_name":"Riga Rigida Di Controllo Graduata, Con Smusso E Senza Smusso","awr_product_references":"ref:25204|ean:8001066252046|l_mm:1500|unit_misura:mm|senza_smusso:x|con_smusso:-|pack:1"},{"awr_product_name":"Riga Rigida Di Controllo Graduata, Con Smusso E Senza Smusso","awr_product_references":"ref:25205|ean:8001066252053|l_mm:2000|unit_misura:mm|senza_smusso:x|con_smusso:-|pack:1"},{"awr_product_name":"Riga Rigida Di Controllo Graduata, Con Smusso E Senza Smusso","awr_product_references":"ref:25221|ean:8001066252213|l_mm:500|unit_misura:mm|senza_smusso:-|con_smusso:x|pack:1"},{"awr_product_name":"Riga Rigida Di Controllo Graduata, Con Smusso E Senza Smusso","awr_product_references":"ref:25222|ean:8001066252220|l_mm:750|unit_misura:mm|senza_smusso:-|con_smusso:x|pack:1"},{"awr_product_name":"Riga Rigida Di Controllo Graduata, Con Smusso E Senza Smusso","awr_product_references":"ref:25223|ean:8001066252237|l_mm:1000|unit_misura:mm|senza_smusso:-|con_smusso:x|pack:1"},{"awr_product_name":"Riga Rigida Di Controllo Graduata, Con Smusso E Senza Smusso","awr_product_references":"ref:25224|ean:8001066252244|l_mm:1500|unit_misura:mm|senza_smusso:-|con_smusso:x|pack:1"},{"awr_product_name":"Riga Rigida Di Controllo Graduata, Con Smusso E Senza Smusso","awr_product_references":"ref:25225|ean:8001066252251|l_mm:2000|unit_misura:mm|senza_smusso:-|con_smusso:x|pack:1"}],"awr_consumabili":"","awr_alternativi":"","awr_aliases":"25201,25202,25203,25204,25205,25221,25222,25223,25224,25225","awr_skuid":"25201-it"},"_links":{"self":[{"href":"https:\/\/www.metrica.it\/es\/wp-json\/wp\/v2\/product\/143214","targetHints":{"allow":["GET"]}}],"collection":[{"href":"https:\/\/www.metrica.it\/es\/wp-json\/wp\/v2\/product"}],"about":[{"href":"https:\/\/www.metrica.it\/es\/wp-json\/wp\/v2\/types\/product"}],"wp:featuredmedia":[{"embeddable":true,"href":"https:\/\/www.metrica.it\/es\/wp-json\/wp\/v2\/media\/121072"}],"wp:attachment":[{"href":"https:\/\/www.metrica.it\/es\/wp-json\/wp\/v2\/media?parent=143214"}],"wp:term":[{"taxonomy":"product_cat","embeddable":true,"href":"https:\/\/www.metrica.it\/es\/wp-json\/wp\/v2\/product_cat?post=143214"},{"taxonomy":"product_tag","embeddable":true,"href":"https:\/\/www.metrica.it\/es\/wp-json\/wp\/v2\/product_tag?post=143214"}],"curies":[{"name":"wp","href":"https:\/\/api.w.org\/{rel}","templated":true}]}}