{"id":143219,"date":"2024-09-16T12:51:40","date_gmt":"2024-09-16T10:51:40","guid":{"rendered":"https:\/\/www.metrica.it\/prodotto\/metrica-xl-33-5\/"},"modified":"2025-06-23T09:27:30","modified_gmt":"2025-06-23T07:27:30","slug":"metrica-xl-33","status":"publish","type":"product","link":"https:\/\/www.metrica.it\/es\/producto\/metrica-xl-33\/","title":{"rendered":"Metrica Xl 33"},"content":{"rendered":"<ul>\n<li>Cinta de 33 mm de ancho, revestida en nylon<\/li>\n<li>De larga duraci\u00f3n, anti-abrasi\u00f3n, anti-\u00e1cido, anti-reflejo<\/li>\n<li>Rigidez super: hasta 3 m en horizontal, y 4,5 m en vertical<\/li>\n<li>U\u00f1a revestido en caucho, consiente un mejor agarre (PATENTADO)<\/li>\n<li>Numeraci\u00f3n gigante para facilitar la lectura<\/li>\n<li>Caja en bi-material con superficies revestidas en goma antideslizamiento y acero inox<\/li>\n<li>Freno y rebobinado autom\u00e1tico con amortiguador<\/li>\n<li>Con clip<\/li>\n<\/ul>\n","protected":false},"excerpt":{"rendered":"<p>Cinta de 33 mm de ancho, revestida en nylon<br \/>\nDe larga duraci\u00f3n, anti-abrasi\u00f3n, anti-\u00e1cido, anti-reflejo<br \/>\nRigidez super: hasta 3 m en horizontal, y 4,5 m en vertical<br \/>\nU\u00f1a revestido en caucho, consiente un mejor agarre (PATENTADO)<br \/>\nNumeraci\u00f3n gigante para facilitar la lectura<br \/>\nCaja en bi-material con superficies revestidas en goma antideslizamiento y acero inox<br \/>\nFreno y rebobinado autom\u00e1tico con amortiguador<br \/>\nCon clip<\/p>\n","protected":false},"featured_media":117788,"template":"","meta":[],"product_cat":[592,51],"product_tag":[],"class_list":{"0":"post-143219","1":"product","2":"type-product","3":"status-publish","4":"has-post-thumbnail","6":"product_cat-flexometros","7":"product_cat-medidas-de-longitud","9":"first","10":"instock","11":"sold-individually","12":"product-type-simple"},"yoast_head":"<title>Metrica Xl 33 | Flexometros | Medidas de Longitud - Metrica<\/title>\n<meta name=\"description\" content=\"Descubre la colecci\u00f3n de productos., Metrica Xl 33 - Flexometros.Nastro largo 33 mm rivestito in nylon,Lunga durata, antiabrasione, antiacido e antiriflesso,Rigidit\u00e0 eccezionale: sino a 3 m in . Consulta el cat\u00e1logo en la web oficial de Metrica.\" \/>\n<meta name=\"robots\" content=\"index, follow, max-snippet:-1, max-image-preview:large, max-video-preview:-1\" \/>\n<link rel=\"canonical\" href=\"https:\/\/www.metrica.it\/es\/producto\/metrica-xl-33\/\" \/>\n<meta property=\"og:locale\" content=\"es_ES\" \/>\n<meta property=\"og:type\" content=\"article\" \/>\n<meta property=\"og:title\" content=\"Metrica Xl 33 | Flexometros | Medidas de Longitud - Metrica\" \/>\n<meta property=\"og:description\" content=\"Descubre la colecci\u00f3n de productos., Metrica Xl 33 - Flexometros.Nastro largo 33 mm rivestito in nylon,Lunga durata, antiabrasione, antiacido e antiriflesso,Rigidit\u00e0 eccezionale: sino a 3 m in . Consulta el cat\u00e1logo en la web oficial de Metrica.\" \/>\n<meta property=\"og:url\" content=\"https:\/\/www.metrica.it\/es\/producto\/metrica-xl-33\/\" \/>\n<meta property=\"og:site_name\" content=\"Metrica\" \/>\n<meta property=\"article:modified_time\" content=\"2025-06-23T07:27:30+00:00\" \/>\n<meta property=\"og:image\" content=\"https:\/\/www.metrica.it\/wp-content\/uploads\/2024\/05\/08755_5.jpg\" \/>\n\t<meta property=\"og:image:width\" content=\"1200\" \/>\n\t<meta property=\"og:image:height\" content=\"1200\" \/>\n\t<meta property=\"og:image:type\" content=\"image\/jpeg\" \/>\n<meta name=\"twitter:card\" content=\"summary_large_image\" \/>\n<meta name=\"twitter:label1\" content=\"Tiempo de lectura\" \/>\n\t<meta name=\"twitter:data1\" content=\"1 minuto\" \/>\n<script type=\"application\/ld+json\" class=\"yoast-schema-graph\">{\"@context\":\"https:\\\/\\\/schema.org\",\"@graph\":[{\"@type\":\"WebPage\",\"@id\":\"https:\\\/\\\/www.metrica.it\\\/es\\\/producto\\\/metrica-xl-33\\\/\",\"url\":\"https:\\\/\\\/www.metrica.it\\\/es\\\/producto\\\/metrica-xl-33\\\/\",\"name\":\"Metrica Xl 33 | Flexometros | Medidas de Longitud - Metrica\",\"isPartOf\":{\"@id\":\"https:\\\/\\\/www.metrica.it\\\/es\\\/#website\"},\"primaryImageOfPage\":{\"@id\":\"https:\\\/\\\/www.metrica.it\\\/es\\\/producto\\\/metrica-xl-33\\\/#primaryimage\"},\"image\":{\"@id\":\"https:\\\/\\\/www.metrica.it\\\/es\\\/producto\\\/metrica-xl-33\\\/#primaryimage\"},\"thumbnailUrl\":\"https:\\\/\\\/www.metrica.it\\\/wp-content\\\/uploads\\\/2024\\\/05\\\/08755_5.jpg\",\"datePublished\":\"2024-09-16T10:51:40+00:00\",\"dateModified\":\"2025-06-23T07:27:30+00:00\",\"description\":\"Descubre la colecci\u00f3n de productos., Metrica Xl 33 - Flexometros.Nastro largo 33 mm rivestito in nylon,Lunga durata, antiabrasione, antiacido e antiriflesso,Rigidit\u00e0 eccezionale: sino a 3 m in . Consulta el cat\u00e1logo en la web oficial de Metrica.\",\"breadcrumb\":{\"@id\":\"https:\\\/\\\/www.metrica.it\\\/es\\\/producto\\\/metrica-xl-33\\\/#breadcrumb\"},\"inLanguage\":\"es\",\"potentialAction\":[{\"@type\":\"ReadAction\",\"target\":[\"https:\\\/\\\/www.metrica.it\\\/es\\\/producto\\\/metrica-xl-33\\\/\"]}]},{\"@type\":\"ImageObject\",\"inLanguage\":\"es\",\"@id\":\"https:\\\/\\\/www.metrica.it\\\/es\\\/producto\\\/metrica-xl-33\\\/#primaryimage\",\"url\":\"https:\\\/\\\/www.metrica.it\\\/wp-content\\\/uploads\\\/2024\\\/05\\\/08755_5.jpg\",\"contentUrl\":\"https:\\\/\\\/www.metrica.it\\\/wp-content\\\/uploads\\\/2024\\\/05\\\/08755_5.jpg\",\"width\":1200,\"height\":1200},{\"@type\":\"BreadcrumbList\",\"@id\":\"https:\\\/\\\/www.metrica.it\\\/es\\\/producto\\\/metrica-xl-33\\\/#breadcrumb\",\"itemListElement\":[{\"@type\":\"ListItem\",\"position\":1,\"name\":\"Home\",\"item\":\"https:\\\/\\\/www.metrica.it\\\/es\\\/\"},{\"@type\":\"ListItem\",\"position\":2,\"name\":\"Cat\u00e1logo\",\"item\":\"https:\\\/\\\/www.metrica.it\\\/es\\\/catalogo-es\\\/\"},{\"@type\":\"ListItem\",\"position\":3,\"name\":\"Metrica Xl 33\"}]},{\"@type\":\"WebSite\",\"@id\":\"https:\\\/\\\/www.metrica.it\\\/es\\\/#website\",\"url\":\"https:\\\/\\\/www.metrica.it\\\/es\\\/\",\"name\":\"Metrica\",\"description\":\"Made to measure\",\"potentialAction\":[{\"@type\":\"SearchAction\",\"target\":{\"@type\":\"EntryPoint\",\"urlTemplate\":\"https:\\\/\\\/www.metrica.it\\\/es\\\/?s={search_term_string}\"},\"query-input\":{\"@type\":\"PropertyValueSpecification\",\"valueRequired\":true,\"valueName\":\"search_term_string\"}}],\"inLanguage\":\"es\"}]}<\/script>","yoast_head_json":{"title":"Metrica Xl 33 | Flexometros | Medidas de Longitud - Metrica","description":"Descubre la colecci\u00f3n de productos., Metrica Xl 33 - Flexometros.Nastro largo 33 mm rivestito in nylon,Lunga durata, antiabrasione, antiacido e antiriflesso,Rigidit\u00e0 eccezionale: sino a 3 m in . Consulta el cat\u00e1logo en la web oficial de Metrica.","robots":{"index":"index","follow":"follow","max-snippet":"max-snippet:-1","max-image-preview":"max-image-preview:large","max-video-preview":"max-video-preview:-1"},"canonical":"https:\/\/www.metrica.it\/es\/producto\/metrica-xl-33\/","og_locale":"es_ES","og_type":"article","og_title":"Metrica Xl 33 | Flexometros | Medidas de Longitud - Metrica","og_description":"Descubre la colecci\u00f3n de productos., Metrica Xl 33 - Flexometros.Nastro largo 33 mm rivestito in nylon,Lunga durata, antiabrasione, antiacido e antiriflesso,Rigidit\u00e0 eccezionale: sino a 3 m in . Consulta el cat\u00e1logo en la web oficial de Metrica.","og_url":"https:\/\/www.metrica.it\/es\/producto\/metrica-xl-33\/","og_site_name":"Metrica","article_modified_time":"2025-06-23T07:27:30+00:00","og_image":[{"width":1200,"height":1200,"url":"https:\/\/www.metrica.it\/wp-content\/uploads\/2024\/05\/08755_5.jpg","type":"image\/jpeg"}],"twitter_card":"summary_large_image","twitter_misc":{"Tiempo de lectura":"1 minuto"},"schema":{"@context":"https:\/\/schema.org","@graph":[{"@type":"WebPage","@id":"https:\/\/www.metrica.it\/es\/producto\/metrica-xl-33\/","url":"https:\/\/www.metrica.it\/es\/producto\/metrica-xl-33\/","name":"Metrica Xl 33 | Flexometros | Medidas de Longitud - Metrica","isPartOf":{"@id":"https:\/\/www.metrica.it\/es\/#website"},"primaryImageOfPage":{"@id":"https:\/\/www.metrica.it\/es\/producto\/metrica-xl-33\/#primaryimage"},"image":{"@id":"https:\/\/www.metrica.it\/es\/producto\/metrica-xl-33\/#primaryimage"},"thumbnailUrl":"https:\/\/www.metrica.it\/wp-content\/uploads\/2024\/05\/08755_5.jpg","datePublished":"2024-09-16T10:51:40+00:00","dateModified":"2025-06-23T07:27:30+00:00","description":"Descubre la colecci\u00f3n de productos., Metrica Xl 33 - Flexometros.Nastro largo 33 mm rivestito in nylon,Lunga durata, antiabrasione, antiacido e antiriflesso,Rigidit\u00e0 eccezionale: sino a 3 m in . Consulta el cat\u00e1logo en la web oficial de Metrica.","breadcrumb":{"@id":"https:\/\/www.metrica.it\/es\/producto\/metrica-xl-33\/#breadcrumb"},"inLanguage":"es","potentialAction":[{"@type":"ReadAction","target":["https:\/\/www.metrica.it\/es\/producto\/metrica-xl-33\/"]}]},{"@type":"ImageObject","inLanguage":"es","@id":"https:\/\/www.metrica.it\/es\/producto\/metrica-xl-33\/#primaryimage","url":"https:\/\/www.metrica.it\/wp-content\/uploads\/2024\/05\/08755_5.jpg","contentUrl":"https:\/\/www.metrica.it\/wp-content\/uploads\/2024\/05\/08755_5.jpg","width":1200,"height":1200},{"@type":"BreadcrumbList","@id":"https:\/\/www.metrica.it\/es\/producto\/metrica-xl-33\/#breadcrumb","itemListElement":[{"@type":"ListItem","position":1,"name":"Home","item":"https:\/\/www.metrica.it\/es\/"},{"@type":"ListItem","position":2,"name":"Cat\u00e1logo","item":"https:\/\/www.metrica.it\/es\/catalogo-es\/"},{"@type":"ListItem","position":3,"name":"Metrica Xl 33"}]},{"@type":"WebSite","@id":"https:\/\/www.metrica.it\/es\/#website","url":"https:\/\/www.metrica.it\/es\/","name":"Metrica","description":"Made to measure","potentialAction":[{"@type":"SearchAction","target":{"@type":"EntryPoint","urlTemplate":"https:\/\/www.metrica.it\/es\/?s={search_term_string}"},"query-input":{"@type":"PropertyValueSpecification","valueRequired":true,"valueName":"search_term_string"}}],"inLanguage":"es"}]}},"meta_box":{"awr_documentation":[],"awr_manuale":[],"awr_scheda_tecnica":"","awr_youtube_video":"","awr_classe_prodotto":"CE_2","awr_customize_product":"0","awr_custom_image":false,"awr_related_products":[{"awr_product_name":"Metrica Xl 33","awr_product_references":"ref:08755|ean:8001066087556|l:5 m|larghezza:33 mm|unit_misura:mm|b_mm:70|num_pz_gdo:6"},{"awr_product_name":"Metrica Xl 33","awr_product_references":"ref:08758|ean:8001066087587|l:8 m|larghezza:33 mm|unit_misura:mm|b_mm:80|num_pz_gdo:6"}],"awr_consumabili":"","awr_alternativi":"","awr_aliases":"08755,08758","awr_skuid":"08755-it"},"_links":{"self":[{"href":"https:\/\/www.metrica.it\/es\/wp-json\/wp\/v2\/product\/143219","targetHints":{"allow":["GET"]}}],"collection":[{"href":"https:\/\/www.metrica.it\/es\/wp-json\/wp\/v2\/product"}],"about":[{"href":"https:\/\/www.metrica.it\/es\/wp-json\/wp\/v2\/types\/product"}],"wp:featuredmedia":[{"embeddable":true,"href":"https:\/\/www.metrica.it\/es\/wp-json\/wp\/v2\/media\/117788"}],"wp:attachment":[{"href":"https:\/\/www.metrica.it\/es\/wp-json\/wp\/v2\/media?parent=143219"}],"wp:term":[{"taxonomy":"product_cat","embeddable":true,"href":"https:\/\/www.metrica.it\/es\/wp-json\/wp\/v2\/product_cat?post=143219"},{"taxonomy":"product_tag","embeddable":true,"href":"https:\/\/www.metrica.it\/es\/wp-json\/wp\/v2\/product_tag?post=143219"}],"curies":[{"name":"wp","href":"https:\/\/api.w.org\/{rel}","templated":true}]}}