{"id":143310,"date":"2024-09-16T12:04:40","date_gmt":"2024-09-16T10:04:40","guid":{"rendered":"https:\/\/www.metrica.it\/prodotto\/formula-invisible-5\/"},"modified":"2024-09-16T20:52:21","modified_gmt":"2024-09-16T18:52:21","slug":"formula-invisible","status":"publish","type":"product","link":"https:\/\/www.metrica.it\/es\/producto\/formula-invisible\/","title":{"rendered":"Formula Invisible"},"content":{"rendered":"<ul>\n<li>Imanes invisibles incorporados en la base<\/li>\n<li>Base sin apertura, f\u00e1cil de limpiar<\/li>\n<li>Imanes muy fuertes, resistentes a golpes y vibraciones<\/li>\n<li>Para trabajar con tus manos libres<\/li>\n<li>Burbujas de acr\u00edlico anti-choque<\/li>\n<li>Tapas de goma<\/li>\n<li>Exactitud 0.50 mm\/m<\/li>\n<li>Garant\u00eda: 5 a\u00f1os<\/li>\n<\/ul>\n","protected":false},"excerpt":{"rendered":"<ul>\n<li>Imanes invisibles incorporados en la base<\/li>\n<li>Base sin apertura, f\u00e1cil de limpiar<\/li>\n<li>Imanes muy fuertes, resistentes a golpes y vibraciones<\/li>\n<li>Para trabajar con tus manos libres<\/li>\n<li>Burbujas de acr\u00edlico anti-choque<\/li>\n<li>Tapas de goma<\/li>\n<li>Exactitud 0.50 mm\/m<\/li>\n<li>Garant\u00eda: 5 a\u00f1os<\/li>\n<\/ul>\n","protected":false},"featured_media":128550,"template":"","meta":[],"product_cat":[552,568],"product_tag":[],"class_list":{"0":"post-143310","1":"product","2":"type-product","3":"status-publish","4":"has-post-thumbnail","6":"product_cat-niveles","7":"product_cat-niveles-para-la-construccion","9":"first","10":"instock","11":"sold-individually","12":"product-type-simple"},"yoast_head":"<title>FORMULA INVISIBLE | Niveles para la construcci\u00f3n | Niveles - Metrica<\/title>\n<meta name=\"description\" content=\"Descubre la colecci\u00f3n de productos., FORMULA INVISIBLE - Niveles para la construcci\u00f3n.Magneti Invisibili incorporati nella base,Base senza apertura, facilmente pulibile.,Magneti molto forti, resisten . Consulta el cat\u00e1logo en la web oficial de Metrica.\" \/>\n<meta name=\"robots\" content=\"index, follow, max-snippet:-1, max-image-preview:large, max-video-preview:-1\" \/>\n<link rel=\"canonical\" href=\"https:\/\/www.metrica.it\/es\/producto\/formula-invisible\/\" \/>\n<meta property=\"og:locale\" content=\"es_ES\" \/>\n<meta property=\"og:type\" content=\"article\" \/>\n<meta property=\"og:title\" content=\"FORMULA INVISIBLE | Niveles para la construcci\u00f3n | Niveles - Metrica\" \/>\n<meta property=\"og:description\" content=\"Descubre la colecci\u00f3n de productos., FORMULA INVISIBLE - Niveles para la construcci\u00f3n.Magneti Invisibili incorporati nella base,Base senza apertura, facilmente pulibile.,Magneti molto forti, resisten . Consulta el cat\u00e1logo en la web oficial de Metrica.\" \/>\n<meta property=\"og:url\" content=\"https:\/\/www.metrica.it\/es\/producto\/formula-invisible\/\" \/>\n<meta property=\"og:site_name\" content=\"Metrica\" \/>\n<meta property=\"article:modified_time\" content=\"2024-09-16T18:52:21+00:00\" \/>\n<meta property=\"og:image\" content=\"https:\/\/www.metrica.it\/wp-content\/uploads\/2024\/06\/32834_4.jpg\" \/>\n\t<meta property=\"og:image:width\" content=\"800\" \/>\n\t<meta property=\"og:image:height\" content=\"800\" \/>\n\t<meta property=\"og:image:type\" content=\"image\/jpeg\" \/>\n<meta name=\"twitter:card\" content=\"summary_large_image\" \/>\n<script type=\"application\/ld+json\" class=\"yoast-schema-graph\">{\"@context\":\"https:\\\/\\\/schema.org\",\"@graph\":[{\"@type\":\"WebPage\",\"@id\":\"https:\\\/\\\/www.metrica.it\\\/es\\\/producto\\\/formula-invisible\\\/\",\"url\":\"https:\\\/\\\/www.metrica.it\\\/es\\\/producto\\\/formula-invisible\\\/\",\"name\":\"FORMULA INVISIBLE | Niveles para la construcci\u00f3n | Niveles - Metrica\",\"isPartOf\":{\"@id\":\"https:\\\/\\\/www.metrica.it\\\/es\\\/#website\"},\"primaryImageOfPage\":{\"@id\":\"https:\\\/\\\/www.metrica.it\\\/es\\\/producto\\\/formula-invisible\\\/#primaryimage\"},\"image\":{\"@id\":\"https:\\\/\\\/www.metrica.it\\\/es\\\/producto\\\/formula-invisible\\\/#primaryimage\"},\"thumbnailUrl\":\"https:\\\/\\\/www.metrica.it\\\/wp-content\\\/uploads\\\/2024\\\/06\\\/32834_4.jpg\",\"datePublished\":\"2024-09-16T10:04:40+00:00\",\"dateModified\":\"2024-09-16T18:52:21+00:00\",\"description\":\"Descubre la colecci\u00f3n de productos., FORMULA INVISIBLE - Niveles para la construcci\u00f3n.Magneti Invisibili incorporati nella base,Base senza apertura, facilmente pulibile.,Magneti molto forti, resisten . Consulta el cat\u00e1logo en la web oficial de Metrica.\",\"breadcrumb\":{\"@id\":\"https:\\\/\\\/www.metrica.it\\\/es\\\/producto\\\/formula-invisible\\\/#breadcrumb\"},\"inLanguage\":\"es\",\"potentialAction\":[{\"@type\":\"ReadAction\",\"target\":[\"https:\\\/\\\/www.metrica.it\\\/es\\\/producto\\\/formula-invisible\\\/\"]}]},{\"@type\":\"ImageObject\",\"inLanguage\":\"es\",\"@id\":\"https:\\\/\\\/www.metrica.it\\\/es\\\/producto\\\/formula-invisible\\\/#primaryimage\",\"url\":\"https:\\\/\\\/www.metrica.it\\\/wp-content\\\/uploads\\\/2024\\\/06\\\/32834_4.jpg\",\"contentUrl\":\"https:\\\/\\\/www.metrica.it\\\/wp-content\\\/uploads\\\/2024\\\/06\\\/32834_4.jpg\",\"width\":800,\"height\":800},{\"@type\":\"BreadcrumbList\",\"@id\":\"https:\\\/\\\/www.metrica.it\\\/es\\\/producto\\\/formula-invisible\\\/#breadcrumb\",\"itemListElement\":[{\"@type\":\"ListItem\",\"position\":1,\"name\":\"Home\",\"item\":\"https:\\\/\\\/www.metrica.it\\\/es\\\/\"},{\"@type\":\"ListItem\",\"position\":2,\"name\":\"Cat\u00e1logo\",\"item\":\"https:\\\/\\\/www.metrica.it\\\/es\\\/catalogo-es\\\/\"},{\"@type\":\"ListItem\",\"position\":3,\"name\":\"Formula Invisible\"}]},{\"@type\":\"WebSite\",\"@id\":\"https:\\\/\\\/www.metrica.it\\\/es\\\/#website\",\"url\":\"https:\\\/\\\/www.metrica.it\\\/es\\\/\",\"name\":\"Metrica\",\"description\":\"Made to measure\",\"potentialAction\":[{\"@type\":\"SearchAction\",\"target\":{\"@type\":\"EntryPoint\",\"urlTemplate\":\"https:\\\/\\\/www.metrica.it\\\/es\\\/?s={search_term_string}\"},\"query-input\":{\"@type\":\"PropertyValueSpecification\",\"valueRequired\":true,\"valueName\":\"search_term_string\"}}],\"inLanguage\":\"es\"}]}<\/script>","yoast_head_json":{"title":"FORMULA INVISIBLE | Niveles para la construcci\u00f3n | Niveles - Metrica","description":"Descubre la colecci\u00f3n de productos., FORMULA INVISIBLE - Niveles para la construcci\u00f3n.Magneti Invisibili incorporati nella base,Base senza apertura, facilmente pulibile.,Magneti molto forti, resisten . Consulta el cat\u00e1logo en la web oficial de Metrica.","robots":{"index":"index","follow":"follow","max-snippet":"max-snippet:-1","max-image-preview":"max-image-preview:large","max-video-preview":"max-video-preview:-1"},"canonical":"https:\/\/www.metrica.it\/es\/producto\/formula-invisible\/","og_locale":"es_ES","og_type":"article","og_title":"FORMULA INVISIBLE | Niveles para la construcci\u00f3n | Niveles - Metrica","og_description":"Descubre la colecci\u00f3n de productos., FORMULA INVISIBLE - Niveles para la construcci\u00f3n.Magneti Invisibili incorporati nella base,Base senza apertura, facilmente pulibile.,Magneti molto forti, resisten . Consulta el cat\u00e1logo en la web oficial de Metrica.","og_url":"https:\/\/www.metrica.it\/es\/producto\/formula-invisible\/","og_site_name":"Metrica","article_modified_time":"2024-09-16T18:52:21+00:00","og_image":[{"width":800,"height":800,"url":"https:\/\/www.metrica.it\/wp-content\/uploads\/2024\/06\/32834_4.jpg","type":"image\/jpeg"}],"twitter_card":"summary_large_image","schema":{"@context":"https:\/\/schema.org","@graph":[{"@type":"WebPage","@id":"https:\/\/www.metrica.it\/es\/producto\/formula-invisible\/","url":"https:\/\/www.metrica.it\/es\/producto\/formula-invisible\/","name":"FORMULA INVISIBLE | Niveles para la construcci\u00f3n | Niveles - Metrica","isPartOf":{"@id":"https:\/\/www.metrica.it\/es\/#website"},"primaryImageOfPage":{"@id":"https:\/\/www.metrica.it\/es\/producto\/formula-invisible\/#primaryimage"},"image":{"@id":"https:\/\/www.metrica.it\/es\/producto\/formula-invisible\/#primaryimage"},"thumbnailUrl":"https:\/\/www.metrica.it\/wp-content\/uploads\/2024\/06\/32834_4.jpg","datePublished":"2024-09-16T10:04:40+00:00","dateModified":"2024-09-16T18:52:21+00:00","description":"Descubre la colecci\u00f3n de productos., FORMULA INVISIBLE - Niveles para la construcci\u00f3n.Magneti Invisibili incorporati nella base,Base senza apertura, facilmente pulibile.,Magneti molto forti, resisten . Consulta el cat\u00e1logo en la web oficial de Metrica.","breadcrumb":{"@id":"https:\/\/www.metrica.it\/es\/producto\/formula-invisible\/#breadcrumb"},"inLanguage":"es","potentialAction":[{"@type":"ReadAction","target":["https:\/\/www.metrica.it\/es\/producto\/formula-invisible\/"]}]},{"@type":"ImageObject","inLanguage":"es","@id":"https:\/\/www.metrica.it\/es\/producto\/formula-invisible\/#primaryimage","url":"https:\/\/www.metrica.it\/wp-content\/uploads\/2024\/06\/32834_4.jpg","contentUrl":"https:\/\/www.metrica.it\/wp-content\/uploads\/2024\/06\/32834_4.jpg","width":800,"height":800},{"@type":"BreadcrumbList","@id":"https:\/\/www.metrica.it\/es\/producto\/formula-invisible\/#breadcrumb","itemListElement":[{"@type":"ListItem","position":1,"name":"Home","item":"https:\/\/www.metrica.it\/es\/"},{"@type":"ListItem","position":2,"name":"Cat\u00e1logo","item":"https:\/\/www.metrica.it\/es\/catalogo-es\/"},{"@type":"ListItem","position":3,"name":"Formula Invisible"}]},{"@type":"WebSite","@id":"https:\/\/www.metrica.it\/es\/#website","url":"https:\/\/www.metrica.it\/es\/","name":"Metrica","description":"Made to measure","potentialAction":[{"@type":"SearchAction","target":{"@type":"EntryPoint","urlTemplate":"https:\/\/www.metrica.it\/es\/?s={search_term_string}"},"query-input":{"@type":"PropertyValueSpecification","valueRequired":true,"valueName":"search_term_string"}}],"inLanguage":"es"}]}},"meta_box":{"awr_documentation":[],"awr_manuale":[],"awr_scheda_tecnica":"","awr_youtube_video":"https:\/\/www.youtube.com\/embed\/6ekqD6kXhag","awr_classe_prodotto":"","awr_customize_product":"0","awr_custom_image":false,"awr_related_products":[{"awr_product_name":"Formula Invisible","awr_product_references":"ref:32834|ean:8001066328345|l:40 cm|2_fiale:*|magnete:*|pack:3"},{"awr_product_name":"Formula Invisible","awr_product_references":"ref:32835|ean:8001066328352|l:50 cm|2_fiale:*|magnete:*|pack:3"},{"awr_product_name":"Formula Invisible","awr_product_references":"ref:32836|ean:8001066328369|l:60 cm|2_fiale:*|magnete:*|pack:3"},{"awr_product_name":"Formula Invisible","awr_product_references":"ref:32837|ean:8001066328376|l:150 cm|2_fiale:*|magnete:*|pack:1"},{"awr_product_name":"Formula Invisible","awr_product_references":"ref:32838|ean:8001066328383|l:80 cm|2_fiale:*|magnete:*|pack:1"},{"awr_product_name":"Formula Invisible","awr_product_references":"ref:32839|ean:8001066328390|l:180 cm|2_fiale:*|magnete:*|pack:1"},{"awr_product_name":"Formula Invisible","awr_product_references":"ref:32840|ean:8001066328406|l:100 cm|2_fiale:*|magnete:*|pack:1"},{"awr_product_name":"Formula Invisible","awr_product_references":"ref:32841|ean:8001066328413|l:200 cm|2_fiale:*|magnete:*|pack:1"},{"awr_product_name":"Formula Invisible","awr_product_references":"ref:32842|ean:8001066328420|l:120 cm|2_fiale:*|magnete:*|pack:1"}],"awr_consumabili":"","awr_alternativi":"","awr_aliases":"32834,32835,32836,32837,32838,32839,32840,32841,32842","awr_skuid":"32834-it"},"_links":{"self":[{"href":"https:\/\/www.metrica.it\/es\/wp-json\/wp\/v2\/product\/143310","targetHints":{"allow":["GET"]}}],"collection":[{"href":"https:\/\/www.metrica.it\/es\/wp-json\/wp\/v2\/product"}],"about":[{"href":"https:\/\/www.metrica.it\/es\/wp-json\/wp\/v2\/types\/product"}],"wp:featuredmedia":[{"embeddable":true,"href":"https:\/\/www.metrica.it\/es\/wp-json\/wp\/v2\/media\/128550"}],"wp:attachment":[{"href":"https:\/\/www.metrica.it\/es\/wp-json\/wp\/v2\/media?parent=143310"}],"wp:term":[{"taxonomy":"product_cat","embeddable":true,"href":"https:\/\/www.metrica.it\/es\/wp-json\/wp\/v2\/product_cat?post=143310"},{"taxonomy":"product_tag","embeddable":true,"href":"https:\/\/www.metrica.it\/es\/wp-json\/wp\/v2\/product_tag?post=143310"}],"curies":[{"name":"wp","href":"https:\/\/api.w.org\/{rel}","templated":true}]}}