{"id":143396,"date":"2024-09-16T12:37:54","date_gmt":"2024-09-16T10:37:54","guid":{"rendered":"https:\/\/www.metrica.it\/prodotto\/micrometro-eletronico-digital-ip65\/"},"modified":"2024-09-16T21:29:19","modified_gmt":"2024-09-16T19:29:19","slug":"micrometro-eletronico-digital-ip65","status":"publish","type":"product","link":"https:\/\/www.metrica.it\/es\/producto\/micrometro-eletronico-digital-ip65\/","title":{"rendered":"Micr\u00d3metro Eletr\u00d3nico Digital Ip65"},"content":{"rendered":"<ul>\n<li>Display digital de 5 d\u00edgitos<\/li>\n<li>Protecci\u00f3n IP 65<\/li>\n<li>Fabricado a DIN 863<\/li>\n<li>Llaves: ON\/OFF, origen, ABS\/mm\/pulgadas<\/li>\n<li>Resoluci\u00f3n de 0,001 mm<\/li>\n<li>Contacto y cuerpo de metal duro<\/li>\n<li>No para la venta en Alemania\/Reino Unido\/USA\/JAP\u00d3N<\/li>\n<\/ul>\n","protected":false},"excerpt":{"rendered":"<ul>\n<li>Display digital de 5 d\u00edgitos<\/li>\n<li>Protecci\u00f3n IP 65<\/li>\n<li>Fabricado a DIN 863<\/li>\n<li>Llaves: ON\/OFF, origen, ABS\/mm\/pulgadas<\/li>\n<li>Resoluci\u00f3n de 0,001 mm<\/li>\n<li>Contacto y cuerpo de metal duro<\/li>\n<li>No para la venta en Alemania\/Reino Unido\/USA\/JAP\u00d3N<\/li>\n<\/ul>\n","protected":false},"featured_media":120602,"template":"","meta":[],"product_cat":[643,663],"product_tag":[],"class_list":{"0":"post-143396","1":"product","2":"type-product","3":"status-publish","4":"has-post-thumbnail","6":"product_cat-mediciones-mecanicas","7":"product_cat-micrometros","9":"first","10":"instock","11":"sold-individually","12":"product-type-simple"},"yoast_head":"<title>MICROMETRO ELETTRONICO DIGITALE IP65 | Micr\u00f3metros | Mediciones Mec\u00e1nicas - Metrica<\/title>\n<meta name=\"description\" content=\"Descubre la colecci\u00f3n de productos., MICROMETRO ELETTRONICO DIGITALE IP65 - Micr\u00f3metros.Display digitale a 5 cifre,Protezione IP 65,Realizzato secondo DIN863 . Consulta el cat\u00e1logo en la web oficial de Metrica.\" \/>\n<meta name=\"robots\" content=\"index, follow, max-snippet:-1, max-image-preview:large, max-video-preview:-1\" \/>\n<link rel=\"canonical\" href=\"https:\/\/www.metrica.it\/es\/producto\/micrometro-eletronico-digital-ip65\/\" \/>\n<meta property=\"og:locale\" content=\"es_ES\" \/>\n<meta property=\"og:type\" content=\"article\" \/>\n<meta property=\"og:title\" content=\"MICROMETRO ELETTRONICO DIGITALE IP65 | Micr\u00f3metros | Mediciones Mec\u00e1nicas - Metrica\" \/>\n<meta property=\"og:description\" content=\"Descubre la colecci\u00f3n de productos., MICROMETRO ELETTRONICO DIGITALE IP65 - Micr\u00f3metros.Display digitale a 5 cifre,Protezione IP 65,Realizzato secondo DIN863 . Consulta el cat\u00e1logo en la web oficial de Metrica.\" \/>\n<meta property=\"og:url\" content=\"https:\/\/www.metrica.it\/es\/producto\/micrometro-eletronico-digital-ip65\/\" \/>\n<meta property=\"og:site_name\" content=\"Metrica\" \/>\n<meta property=\"article:modified_time\" content=\"2024-09-16T19:29:19+00:00\" \/>\n<meta property=\"og:image\" content=\"https:\/\/www.metrica.it\/wp-content\/uploads\/2024\/05\/44230_1.jpg\" \/>\n\t<meta property=\"og:image:width\" content=\"800\" \/>\n\t<meta property=\"og:image:height\" content=\"800\" \/>\n\t<meta property=\"og:image:type\" content=\"image\/jpeg\" \/>\n<meta name=\"twitter:card\" content=\"summary_large_image\" \/>\n<script type=\"application\/ld+json\" class=\"yoast-schema-graph\">{\"@context\":\"https:\\\/\\\/schema.org\",\"@graph\":[{\"@type\":\"WebPage\",\"@id\":\"https:\\\/\\\/www.metrica.it\\\/es\\\/producto\\\/micrometro-eletronico-digital-ip65\\\/\",\"url\":\"https:\\\/\\\/www.metrica.it\\\/es\\\/producto\\\/micrometro-eletronico-digital-ip65\\\/\",\"name\":\"MICROMETRO ELETTRONICO DIGITALE IP65 | Micr\u00f3metros | Mediciones Mec\u00e1nicas - Metrica\",\"isPartOf\":{\"@id\":\"https:\\\/\\\/www.metrica.it\\\/es\\\/#website\"},\"primaryImageOfPage\":{\"@id\":\"https:\\\/\\\/www.metrica.it\\\/es\\\/producto\\\/micrometro-eletronico-digital-ip65\\\/#primaryimage\"},\"image\":{\"@id\":\"https:\\\/\\\/www.metrica.it\\\/es\\\/producto\\\/micrometro-eletronico-digital-ip65\\\/#primaryimage\"},\"thumbnailUrl\":\"https:\\\/\\\/www.metrica.it\\\/wp-content\\\/uploads\\\/2024\\\/05\\\/44230_1.jpg\",\"datePublished\":\"2024-09-16T10:37:54+00:00\",\"dateModified\":\"2024-09-16T19:29:19+00:00\",\"description\":\"Descubre la colecci\u00f3n de productos., MICROMETRO ELETTRONICO DIGITALE IP65 - Micr\u00f3metros.Display digitale a 5 cifre,Protezione IP 65,Realizzato secondo DIN863 . Consulta el cat\u00e1logo en la web oficial de Metrica.\",\"breadcrumb\":{\"@id\":\"https:\\\/\\\/www.metrica.it\\\/es\\\/producto\\\/micrometro-eletronico-digital-ip65\\\/#breadcrumb\"},\"inLanguage\":\"es\",\"potentialAction\":[{\"@type\":\"ReadAction\",\"target\":[\"https:\\\/\\\/www.metrica.it\\\/es\\\/producto\\\/micrometro-eletronico-digital-ip65\\\/\"]}]},{\"@type\":\"ImageObject\",\"inLanguage\":\"es\",\"@id\":\"https:\\\/\\\/www.metrica.it\\\/es\\\/producto\\\/micrometro-eletronico-digital-ip65\\\/#primaryimage\",\"url\":\"https:\\\/\\\/www.metrica.it\\\/wp-content\\\/uploads\\\/2024\\\/05\\\/44230_1.jpg\",\"contentUrl\":\"https:\\\/\\\/www.metrica.it\\\/wp-content\\\/uploads\\\/2024\\\/05\\\/44230_1.jpg\",\"width\":800,\"height\":800},{\"@type\":\"BreadcrumbList\",\"@id\":\"https:\\\/\\\/www.metrica.it\\\/es\\\/producto\\\/micrometro-eletronico-digital-ip65\\\/#breadcrumb\",\"itemListElement\":[{\"@type\":\"ListItem\",\"position\":1,\"name\":\"Home\",\"item\":\"https:\\\/\\\/www.metrica.it\\\/es\\\/\"},{\"@type\":\"ListItem\",\"position\":2,\"name\":\"Cat\u00e1logo\",\"item\":\"https:\\\/\\\/www.metrica.it\\\/es\\\/catalogo-es\\\/\"},{\"@type\":\"ListItem\",\"position\":3,\"name\":\"Micr\u00d3metro Eletr\u00d3nico Digital Ip65\"}]},{\"@type\":\"WebSite\",\"@id\":\"https:\\\/\\\/www.metrica.it\\\/es\\\/#website\",\"url\":\"https:\\\/\\\/www.metrica.it\\\/es\\\/\",\"name\":\"Metrica\",\"description\":\"Made to measure\",\"potentialAction\":[{\"@type\":\"SearchAction\",\"target\":{\"@type\":\"EntryPoint\",\"urlTemplate\":\"https:\\\/\\\/www.metrica.it\\\/es\\\/?s={search_term_string}\"},\"query-input\":{\"@type\":\"PropertyValueSpecification\",\"valueRequired\":true,\"valueName\":\"search_term_string\"}}],\"inLanguage\":\"es\"}]}<\/script>","yoast_head_json":{"title":"MICROMETRO ELETTRONICO DIGITALE IP65 | Micr\u00f3metros | Mediciones Mec\u00e1nicas - Metrica","description":"Descubre la colecci\u00f3n de productos., MICROMETRO ELETTRONICO DIGITALE IP65 - Micr\u00f3metros.Display digitale a 5 cifre,Protezione IP 65,Realizzato secondo DIN863 . Consulta el cat\u00e1logo en la web oficial de Metrica.","robots":{"index":"index","follow":"follow","max-snippet":"max-snippet:-1","max-image-preview":"max-image-preview:large","max-video-preview":"max-video-preview:-1"},"canonical":"https:\/\/www.metrica.it\/es\/producto\/micrometro-eletronico-digital-ip65\/","og_locale":"es_ES","og_type":"article","og_title":"MICROMETRO ELETTRONICO DIGITALE IP65 | Micr\u00f3metros | Mediciones Mec\u00e1nicas - Metrica","og_description":"Descubre la colecci\u00f3n de productos., MICROMETRO ELETTRONICO DIGITALE IP65 - Micr\u00f3metros.Display digitale a 5 cifre,Protezione IP 65,Realizzato secondo DIN863 . Consulta el cat\u00e1logo en la web oficial de Metrica.","og_url":"https:\/\/www.metrica.it\/es\/producto\/micrometro-eletronico-digital-ip65\/","og_site_name":"Metrica","article_modified_time":"2024-09-16T19:29:19+00:00","og_image":[{"width":800,"height":800,"url":"https:\/\/www.metrica.it\/wp-content\/uploads\/2024\/05\/44230_1.jpg","type":"image\/jpeg"}],"twitter_card":"summary_large_image","schema":{"@context":"https:\/\/schema.org","@graph":[{"@type":"WebPage","@id":"https:\/\/www.metrica.it\/es\/producto\/micrometro-eletronico-digital-ip65\/","url":"https:\/\/www.metrica.it\/es\/producto\/micrometro-eletronico-digital-ip65\/","name":"MICROMETRO ELETTRONICO DIGITALE IP65 | Micr\u00f3metros | Mediciones Mec\u00e1nicas - Metrica","isPartOf":{"@id":"https:\/\/www.metrica.it\/es\/#website"},"primaryImageOfPage":{"@id":"https:\/\/www.metrica.it\/es\/producto\/micrometro-eletronico-digital-ip65\/#primaryimage"},"image":{"@id":"https:\/\/www.metrica.it\/es\/producto\/micrometro-eletronico-digital-ip65\/#primaryimage"},"thumbnailUrl":"https:\/\/www.metrica.it\/wp-content\/uploads\/2024\/05\/44230_1.jpg","datePublished":"2024-09-16T10:37:54+00:00","dateModified":"2024-09-16T19:29:19+00:00","description":"Descubre la colecci\u00f3n de productos., MICROMETRO ELETTRONICO DIGITALE IP65 - Micr\u00f3metros.Display digitale a 5 cifre,Protezione IP 65,Realizzato secondo DIN863 . Consulta el cat\u00e1logo en la web oficial de Metrica.","breadcrumb":{"@id":"https:\/\/www.metrica.it\/es\/producto\/micrometro-eletronico-digital-ip65\/#breadcrumb"},"inLanguage":"es","potentialAction":[{"@type":"ReadAction","target":["https:\/\/www.metrica.it\/es\/producto\/micrometro-eletronico-digital-ip65\/"]}]},{"@type":"ImageObject","inLanguage":"es","@id":"https:\/\/www.metrica.it\/es\/producto\/micrometro-eletronico-digital-ip65\/#primaryimage","url":"https:\/\/www.metrica.it\/wp-content\/uploads\/2024\/05\/44230_1.jpg","contentUrl":"https:\/\/www.metrica.it\/wp-content\/uploads\/2024\/05\/44230_1.jpg","width":800,"height":800},{"@type":"BreadcrumbList","@id":"https:\/\/www.metrica.it\/es\/producto\/micrometro-eletronico-digital-ip65\/#breadcrumb","itemListElement":[{"@type":"ListItem","position":1,"name":"Home","item":"https:\/\/www.metrica.it\/es\/"},{"@type":"ListItem","position":2,"name":"Cat\u00e1logo","item":"https:\/\/www.metrica.it\/es\/catalogo-es\/"},{"@type":"ListItem","position":3,"name":"Micr\u00d3metro Eletr\u00d3nico Digital Ip65"}]},{"@type":"WebSite","@id":"https:\/\/www.metrica.it\/es\/#website","url":"https:\/\/www.metrica.it\/es\/","name":"Metrica","description":"Made to measure","potentialAction":[{"@type":"SearchAction","target":{"@type":"EntryPoint","urlTemplate":"https:\/\/www.metrica.it\/es\/?s={search_term_string}"},"query-input":{"@type":"PropertyValueSpecification","valueRequired":true,"valueName":"search_term_string"}}],"inLanguage":"es"}]}},"meta_box":{"awr_documentation":[{"filesize":268632,"ID":"146371","name":"44230.pdf","path":"\/var\/www\/html\/wp-content\/uploads\/2024\/09\/44230.pdf","url":"https:\/\/www.metrica.it\/wp-content\/uploads\/2024\/09\/44230.pdf","title":"44230.pdf"}],"awr_manuale":[],"awr_scheda_tecnica":"","awr_youtube_video":"","awr_classe_prodotto":"","awr_customize_product":"0","awr_custom_image":false,"awr_related_products":[{"awr_product_name":"Micrometro Elettronico Digitale Ip65","awr_product_references":"ref:44230|ean:8001066442300|a_mm:0-25|unit_misura_mm:0,001|unit_misura_inch:0,0005|pack:1"}],"awr_consumabili":"","awr_alternativi":"","awr_aliases":"44230","awr_skuid":"44230-it"},"_links":{"self":[{"href":"https:\/\/www.metrica.it\/es\/wp-json\/wp\/v2\/product\/143396","targetHints":{"allow":["GET"]}}],"collection":[{"href":"https:\/\/www.metrica.it\/es\/wp-json\/wp\/v2\/product"}],"about":[{"href":"https:\/\/www.metrica.it\/es\/wp-json\/wp\/v2\/types\/product"}],"wp:featuredmedia":[{"embeddable":true,"href":"https:\/\/www.metrica.it\/es\/wp-json\/wp\/v2\/media\/120602"}],"wp:attachment":[{"href":"https:\/\/www.metrica.it\/es\/wp-json\/wp\/v2\/media?parent=143396"}],"wp:term":[{"taxonomy":"product_cat","embeddable":true,"href":"https:\/\/www.metrica.it\/es\/wp-json\/wp\/v2\/product_cat?post=143396"},{"taxonomy":"product_tag","embeddable":true,"href":"https:\/\/www.metrica.it\/es\/wp-json\/wp\/v2\/product_tag?post=143396"}],"curies":[{"name":"wp","href":"https:\/\/api.w.org\/{rel}","templated":true}]}}