{"id":143502,"date":"2024-09-16T11:38:34","date_gmt":"2024-09-16T09:38:34","guid":{"rendered":"https:\/\/www.metrica.it\/prodotto\/metrica-magneteforte-5\/"},"modified":"2024-09-16T20:29:13","modified_gmt":"2024-09-16T18:29:13","slug":"metrica-magneteforte","status":"publish","type":"product","link":"https:\/\/www.metrica.it\/es\/producto\/metrica-magneteforte\/","title":{"rendered":"Metrica Magneteforte"},"content":{"rendered":"<ul>\n<li>Exclusivo sistema de enganche magn\u00e9tico (patentado) de la cinta en una superficie met\u00e1lica<\/li>\n<li>Permite medir con mucha precisi\u00f3n, sin errores como en los con im\u00e1n fijado al enganche m\u00f3vil<\/li>\n<li>Cinta revestida en nylon, anti-abrasi\u00f3n, anti-\u00e1cido, anti-reflejo<\/li>\n<li>Caja cromada con revestimiento de goma, freno gomado<\/li>\n<li>Con clip<\/li>\n<\/ul>\n","protected":false},"excerpt":{"rendered":"<p>Exclusivo sistema de enganche magn\u00e9tico (patentado) de la cinta en una superficie met\u00e1lica<br \/>Permite medir con mucha precisi\u00f3n, sin errores como en los con im\u00e1n fijado al enganche m\u00f3vil<br \/>Cinta revestida en nylon, anti-abrasi\u00f3n, anti-\u00e1cido, anti-reflejo<br \/>Caja cromada con revestimiento de goma, freno gomado<br \/>Con clip<\/p>\n","protected":false},"featured_media":128910,"template":"","meta":[],"product_cat":[592,51],"product_tag":[],"class_list":{"0":"post-143502","1":"product","2":"type-product","3":"status-publish","4":"has-post-thumbnail","6":"product_cat-flexometros","7":"product_cat-medidas-de-longitud","9":"first","10":"instock","11":"sold-individually","12":"product-type-simple"},"yoast_head":"<title>Metrica Magneteforte | Flexometros | Medidas de Longitud - Metrica<\/title>\n<meta name=\"description\" content=\"Descubre la colecci\u00f3n de productos., Metrica Magneteforte - Flexometros.,Magnete fisso brevettato a filo della partenza del nastro,Elimina l\u0092errore comune a tutti i flessometri con il magnete sul gan . Consulta el cat\u00e1logo en la web oficial de Metrica.\" \/>\n<meta name=\"robots\" content=\"index, follow, max-snippet:-1, max-image-preview:large, max-video-preview:-1\" \/>\n<link rel=\"canonical\" href=\"https:\/\/www.metrica.it\/es\/producto\/metrica-magneteforte\/\" \/>\n<meta property=\"og:locale\" content=\"es_ES\" \/>\n<meta property=\"og:type\" content=\"article\" \/>\n<meta property=\"og:title\" content=\"Metrica Magneteforte | Flexometros | Medidas de Longitud - Metrica\" \/>\n<meta property=\"og:description\" content=\"Descubre la colecci\u00f3n de productos., Metrica Magneteforte - Flexometros.,Magnete fisso brevettato a filo della partenza del nastro,Elimina l\u0092errore comune a tutti i flessometri con il magnete sul gan . Consulta el cat\u00e1logo en la web oficial de Metrica.\" \/>\n<meta property=\"og:url\" content=\"https:\/\/www.metrica.it\/es\/producto\/metrica-magneteforte\/\" \/>\n<meta property=\"og:site_name\" content=\"Metrica\" \/>\n<meta property=\"article:modified_time\" content=\"2024-09-16T18:29:13+00:00\" \/>\n<meta property=\"og:image\" content=\"https:\/\/www.metrica.it\/wp-content\/uploads\/2024\/06\/38597.jpg\" \/>\n\t<meta property=\"og:image:width\" content=\"800\" \/>\n\t<meta property=\"og:image:height\" content=\"800\" \/>\n\t<meta property=\"og:image:type\" content=\"image\/jpeg\" \/>\n<meta name=\"twitter:card\" content=\"summary_large_image\" \/>\n<script type=\"application\/ld+json\" class=\"yoast-schema-graph\">{\"@context\":\"https:\\\/\\\/schema.org\",\"@graph\":[{\"@type\":\"WebPage\",\"@id\":\"https:\\\/\\\/www.metrica.it\\\/es\\\/producto\\\/metrica-magneteforte\\\/\",\"url\":\"https:\\\/\\\/www.metrica.it\\\/es\\\/producto\\\/metrica-magneteforte\\\/\",\"name\":\"Metrica Magneteforte | Flexometros | Medidas de Longitud - Metrica\",\"isPartOf\":{\"@id\":\"https:\\\/\\\/www.metrica.it\\\/es\\\/#website\"},\"primaryImageOfPage\":{\"@id\":\"https:\\\/\\\/www.metrica.it\\\/es\\\/producto\\\/metrica-magneteforte\\\/#primaryimage\"},\"image\":{\"@id\":\"https:\\\/\\\/www.metrica.it\\\/es\\\/producto\\\/metrica-magneteforte\\\/#primaryimage\"},\"thumbnailUrl\":\"https:\\\/\\\/www.metrica.it\\\/wp-content\\\/uploads\\\/2024\\\/06\\\/38597.jpg\",\"datePublished\":\"2024-09-16T09:38:34+00:00\",\"dateModified\":\"2024-09-16T18:29:13+00:00\",\"description\":\"Descubre la colecci\u00f3n de productos., Metrica Magneteforte - Flexometros.,Magnete fisso brevettato a filo della partenza del nastro,Elimina l\u0092errore comune a tutti i flessometri con il magnete sul gan . Consulta el cat\u00e1logo en la web oficial de Metrica.\",\"breadcrumb\":{\"@id\":\"https:\\\/\\\/www.metrica.it\\\/es\\\/producto\\\/metrica-magneteforte\\\/#breadcrumb\"},\"inLanguage\":\"es\",\"potentialAction\":[{\"@type\":\"ReadAction\",\"target\":[\"https:\\\/\\\/www.metrica.it\\\/es\\\/producto\\\/metrica-magneteforte\\\/\"]}]},{\"@type\":\"ImageObject\",\"inLanguage\":\"es\",\"@id\":\"https:\\\/\\\/www.metrica.it\\\/es\\\/producto\\\/metrica-magneteforte\\\/#primaryimage\",\"url\":\"https:\\\/\\\/www.metrica.it\\\/wp-content\\\/uploads\\\/2024\\\/06\\\/38597.jpg\",\"contentUrl\":\"https:\\\/\\\/www.metrica.it\\\/wp-content\\\/uploads\\\/2024\\\/06\\\/38597.jpg\",\"width\":800,\"height\":800},{\"@type\":\"BreadcrumbList\",\"@id\":\"https:\\\/\\\/www.metrica.it\\\/es\\\/producto\\\/metrica-magneteforte\\\/#breadcrumb\",\"itemListElement\":[{\"@type\":\"ListItem\",\"position\":1,\"name\":\"Home\",\"item\":\"https:\\\/\\\/www.metrica.it\\\/es\\\/\"},{\"@type\":\"ListItem\",\"position\":2,\"name\":\"Cat\u00e1logo\",\"item\":\"https:\\\/\\\/www.metrica.it\\\/es\\\/catalogo-es\\\/\"},{\"@type\":\"ListItem\",\"position\":3,\"name\":\"Metrica Magneteforte\"}]},{\"@type\":\"WebSite\",\"@id\":\"https:\\\/\\\/www.metrica.it\\\/es\\\/#website\",\"url\":\"https:\\\/\\\/www.metrica.it\\\/es\\\/\",\"name\":\"Metrica\",\"description\":\"Made to measure\",\"potentialAction\":[{\"@type\":\"SearchAction\",\"target\":{\"@type\":\"EntryPoint\",\"urlTemplate\":\"https:\\\/\\\/www.metrica.it\\\/es\\\/?s={search_term_string}\"},\"query-input\":{\"@type\":\"PropertyValueSpecification\",\"valueRequired\":true,\"valueName\":\"search_term_string\"}}],\"inLanguage\":\"es\"}]}<\/script>","yoast_head_json":{"title":"Metrica Magneteforte | Flexometros | Medidas de Longitud - Metrica","description":"Descubre la colecci\u00f3n de productos., Metrica Magneteforte - Flexometros.,Magnete fisso brevettato a filo della partenza del nastro,Elimina l\u0092errore comune a tutti i flessometri con il magnete sul gan . Consulta el cat\u00e1logo en la web oficial de Metrica.","robots":{"index":"index","follow":"follow","max-snippet":"max-snippet:-1","max-image-preview":"max-image-preview:large","max-video-preview":"max-video-preview:-1"},"canonical":"https:\/\/www.metrica.it\/es\/producto\/metrica-magneteforte\/","og_locale":"es_ES","og_type":"article","og_title":"Metrica Magneteforte | Flexometros | Medidas de Longitud - Metrica","og_description":"Descubre la colecci\u00f3n de productos., Metrica Magneteforte - Flexometros.,Magnete fisso brevettato a filo della partenza del nastro,Elimina l\u0092errore comune a tutti i flessometri con il magnete sul gan . Consulta el cat\u00e1logo en la web oficial de Metrica.","og_url":"https:\/\/www.metrica.it\/es\/producto\/metrica-magneteforte\/","og_site_name":"Metrica","article_modified_time":"2024-09-16T18:29:13+00:00","og_image":[{"width":800,"height":800,"url":"https:\/\/www.metrica.it\/wp-content\/uploads\/2024\/06\/38597.jpg","type":"image\/jpeg"}],"twitter_card":"summary_large_image","schema":{"@context":"https:\/\/schema.org","@graph":[{"@type":"WebPage","@id":"https:\/\/www.metrica.it\/es\/producto\/metrica-magneteforte\/","url":"https:\/\/www.metrica.it\/es\/producto\/metrica-magneteforte\/","name":"Metrica Magneteforte | Flexometros | Medidas de Longitud - Metrica","isPartOf":{"@id":"https:\/\/www.metrica.it\/es\/#website"},"primaryImageOfPage":{"@id":"https:\/\/www.metrica.it\/es\/producto\/metrica-magneteforte\/#primaryimage"},"image":{"@id":"https:\/\/www.metrica.it\/es\/producto\/metrica-magneteforte\/#primaryimage"},"thumbnailUrl":"https:\/\/www.metrica.it\/wp-content\/uploads\/2024\/06\/38597.jpg","datePublished":"2024-09-16T09:38:34+00:00","dateModified":"2024-09-16T18:29:13+00:00","description":"Descubre la colecci\u00f3n de productos., Metrica Magneteforte - Flexometros.,Magnete fisso brevettato a filo della partenza del nastro,Elimina l\u0092errore comune a tutti i flessometri con il magnete sul gan . Consulta el cat\u00e1logo en la web oficial de Metrica.","breadcrumb":{"@id":"https:\/\/www.metrica.it\/es\/producto\/metrica-magneteforte\/#breadcrumb"},"inLanguage":"es","potentialAction":[{"@type":"ReadAction","target":["https:\/\/www.metrica.it\/es\/producto\/metrica-magneteforte\/"]}]},{"@type":"ImageObject","inLanguage":"es","@id":"https:\/\/www.metrica.it\/es\/producto\/metrica-magneteforte\/#primaryimage","url":"https:\/\/www.metrica.it\/wp-content\/uploads\/2024\/06\/38597.jpg","contentUrl":"https:\/\/www.metrica.it\/wp-content\/uploads\/2024\/06\/38597.jpg","width":800,"height":800},{"@type":"BreadcrumbList","@id":"https:\/\/www.metrica.it\/es\/producto\/metrica-magneteforte\/#breadcrumb","itemListElement":[{"@type":"ListItem","position":1,"name":"Home","item":"https:\/\/www.metrica.it\/es\/"},{"@type":"ListItem","position":2,"name":"Cat\u00e1logo","item":"https:\/\/www.metrica.it\/es\/catalogo-es\/"},{"@type":"ListItem","position":3,"name":"Metrica Magneteforte"}]},{"@type":"WebSite","@id":"https:\/\/www.metrica.it\/es\/#website","url":"https:\/\/www.metrica.it\/es\/","name":"Metrica","description":"Made to measure","potentialAction":[{"@type":"SearchAction","target":{"@type":"EntryPoint","urlTemplate":"https:\/\/www.metrica.it\/es\/?s={search_term_string}"},"query-input":{"@type":"PropertyValueSpecification","valueRequired":true,"valueName":"search_term_string"}}],"inLanguage":"es"}]}},"meta_box":{"awr_documentation":[],"awr_manuale":[],"awr_scheda_tecnica":"<table>\n<tbody>\n<tr>\n<td><strong>Capacidad*<\/strong><\/td>\n<td>15 m<\/td>\n<\/tr>\n<tr>\n<td><strong>Precisi\u00f3n<\/strong><\/td>\n<td>\u00b1 3 mm<\/td>\n<\/tr>\n<tr>\n<td><strong>Tipo de l\u00e1ser<\/strong><\/td>\n<td>620-690 nm <\/td>\n<\/tr>\n<tr>\n<td><strong>Clase de l\u00e1ser<\/strong><\/td>\n<td>classe II<\/td>\n<\/tr>\n<tr>\n<td><strong>Impermeabilit\u00e0<\/strong><\/td>\n<td>IP 54<\/td>\n<\/tr>\n<tr>\n<td><strong>Temperatura de funcionamiento<\/strong><\/td>\n<td>0\u00b0 C \/ 40\u00b0 C<\/td>\n<\/tr>\n<tr>\n<td><strong>Pilas<\/strong><\/td>\n<td>LI-ION<\/td>\n<\/tr>\n<tr>\n<td><strong>Dimensiones (cm)<\/strong><\/td>\n<td>76 x 39 x 145<\/td>\n<\/tr>\n<tr>\n<td><strong>Peso (senza batterie)<\/strong><\/td>\n<td>35 g<\/td>\n<\/tr>\n<tr>\n<td><strong>Cable de carga<\/strong><\/td>\n<td>si<\/td>\n<\/tr>\n<tr>\n<td><strong>* secondo luminosit\u00e0 ambientale<\/strong><\/td>\n<\/tr>\n<\/tbody>\n<\/table>\n","awr_youtube_video":"https:\/\/www.youtube.com\/embed\/NG8Yxd-YFik","awr_classe_prodotto":"CE_2","awr_customize_product":"0","awr_custom_image":false,"awr_related_products":[{"awr_product_name":"Metrica Magneteforte","awr_product_references":"ref:08597|ean:8001066085972|l:5 m|larghezza:25 mm|unit_misura:mm|b_mm:70|num_pz_gdo:6"},{"awr_product_name":"Metrica Magneteforte","awr_product_references":"ref:38597|ean:8001066385973|l:5 m|larghezza:25 mm|unit_misura:mm|b_mm:70|pack:6"}],"awr_consumabili":"","awr_alternativi":"","awr_aliases":"08597,38597","awr_skuid":"38597-it"},"_links":{"self":[{"href":"https:\/\/www.metrica.it\/es\/wp-json\/wp\/v2\/product\/143502","targetHints":{"allow":["GET"]}}],"collection":[{"href":"https:\/\/www.metrica.it\/es\/wp-json\/wp\/v2\/product"}],"about":[{"href":"https:\/\/www.metrica.it\/es\/wp-json\/wp\/v2\/types\/product"}],"wp:featuredmedia":[{"embeddable":true,"href":"https:\/\/www.metrica.it\/es\/wp-json\/wp\/v2\/media\/128910"}],"wp:attachment":[{"href":"https:\/\/www.metrica.it\/es\/wp-json\/wp\/v2\/media?parent=143502"}],"wp:term":[{"taxonomy":"product_cat","embeddable":true,"href":"https:\/\/www.metrica.it\/es\/wp-json\/wp\/v2\/product_cat?post=143502"},{"taxonomy":"product_tag","embeddable":true,"href":"https:\/\/www.metrica.it\/es\/wp-json\/wp\/v2\/product_tag?post=143502"}],"curies":[{"name":"wp","href":"https:\/\/api.w.org\/{rel}","templated":true}]}}