{"id":143701,"date":"2024-09-16T12:52:18","date_gmt":"2024-09-16T10:52:18","guid":{"rendered":"https:\/\/www.metrica.it\/prodotto\/calibre-digital-de-profundidad\/"},"modified":"2024-09-16T21:44:35","modified_gmt":"2024-09-16T19:44:35","slug":"calibre-digital-de-profundidad","status":"publish","type":"product","link":"https:\/\/www.metrica.it\/es\/producto\/calibre-digital-de-profundidad\/","title":{"rendered":"Calibre Digital De Profundidad"},"content":{"rendered":"<ul>\n<li>Inox templado<\/li>\n<li>3 botones:<\/li>\n<li>&#8211; encendido manual \/ apagamento automatico<\/li>\n<li>&#8211; puesta a cero para mediciones comparativas \u00b1<\/li>\n<li>&#8211; conversi\u00f2n mm \/pulgadas<\/li>\n<li>Repetibilidad 0,01 mm<\/li>\n<li>Caja en ABS<\/li>\n<li>Precisi\u00f3n \u00b1 0,02 mm<\/li>\n<\/ul>\n","protected":false},"excerpt":{"rendered":"<p>Inox templado<br \/>3 botones:<br \/>&#8211; encendido manual \/ apagamento automatico<br \/>&#8211; puesta a cero para mediciones comparativas \u00b1<br \/>&#8211; conversi\u00f2n mm \/pulgadas<br \/>Repetibilidad 0,01 mm<br \/>Caja en ABS<br \/>Precisi\u00f3n \u00b1 0,02 mm<\/p>\n","protected":false},"featured_media":120962,"template":"","meta":[],"product_cat":[651,643],"product_tag":[],"class_list":{"0":"post-143701","1":"product","2":"type-product","3":"status-publish","4":"has-post-thumbnail","6":"product_cat-calibres","7":"product_cat-mediciones-mecanicas","9":"first","10":"instock","11":"sold-individually","12":"product-type-simple"},"yoast_head":"<title>Calibro Digitale Di Profondit\u00e0 | Calibres | Mediciones Mec\u00e1nicas - Metrica<\/title>\n<meta name=\"description\" content=\"Descubre la colecci\u00f3n de productos., Calibro Digitale Di Profondit\u00e0 - Calibres.Acciaio inox temprato,3 tasti:,- accensione manuale \/ spegnimento automatico . Consulta el cat\u00e1logo en la web oficial de Metrica.\" \/>\n<meta name=\"robots\" content=\"index, follow, max-snippet:-1, max-image-preview:large, max-video-preview:-1\" \/>\n<link rel=\"canonical\" href=\"https:\/\/www.metrica.it\/es\/producto\/calibre-digital-de-profundidad\/\" \/>\n<meta property=\"og:locale\" content=\"es_ES\" \/>\n<meta property=\"og:type\" content=\"article\" \/>\n<meta property=\"og:title\" content=\"Calibro Digitale Di Profondit\u00e0 | Calibres | Mediciones Mec\u00e1nicas - Metrica\" \/>\n<meta property=\"og:description\" content=\"Descubre la colecci\u00f3n de productos., Calibro Digitale Di Profondit\u00e0 - Calibres.Acciaio inox temprato,3 tasti:,- accensione manuale \/ spegnimento automatico . Consulta el cat\u00e1logo en la web oficial de Metrica.\" \/>\n<meta property=\"og:url\" content=\"https:\/\/www.metrica.it\/es\/producto\/calibre-digital-de-profundidad\/\" \/>\n<meta property=\"og:site_name\" content=\"Metrica\" \/>\n<meta property=\"article:modified_time\" content=\"2024-09-16T19:44:35+00:00\" \/>\n<meta property=\"og:image\" content=\"https:\/\/www.metrica.it\/wp-content\/uploads\/2024\/05\/12145.jpg\" \/>\n\t<meta property=\"og:image:width\" content=\"800\" \/>\n\t<meta property=\"og:image:height\" content=\"800\" \/>\n\t<meta property=\"og:image:type\" content=\"image\/jpeg\" \/>\n<meta name=\"twitter:card\" content=\"summary_large_image\" \/>\n<script type=\"application\/ld+json\" class=\"yoast-schema-graph\">{\"@context\":\"https:\\\/\\\/schema.org\",\"@graph\":[{\"@type\":\"WebPage\",\"@id\":\"https:\\\/\\\/www.metrica.it\\\/es\\\/producto\\\/calibre-digital-de-profundidad\\\/\",\"url\":\"https:\\\/\\\/www.metrica.it\\\/es\\\/producto\\\/calibre-digital-de-profundidad\\\/\",\"name\":\"Calibro Digitale Di Profondit\u00e0 | Calibres | Mediciones Mec\u00e1nicas - Metrica\",\"isPartOf\":{\"@id\":\"https:\\\/\\\/www.metrica.it\\\/es\\\/#website\"},\"primaryImageOfPage\":{\"@id\":\"https:\\\/\\\/www.metrica.it\\\/es\\\/producto\\\/calibre-digital-de-profundidad\\\/#primaryimage\"},\"image\":{\"@id\":\"https:\\\/\\\/www.metrica.it\\\/es\\\/producto\\\/calibre-digital-de-profundidad\\\/#primaryimage\"},\"thumbnailUrl\":\"https:\\\/\\\/www.metrica.it\\\/wp-content\\\/uploads\\\/2024\\\/05\\\/12145.jpg\",\"datePublished\":\"2024-09-16T10:52:18+00:00\",\"dateModified\":\"2024-09-16T19:44:35+00:00\",\"description\":\"Descubre la colecci\u00f3n de productos., Calibro Digitale Di Profondit\u00e0 - Calibres.Acciaio inox temprato,3 tasti:,- accensione manuale \\\/ spegnimento automatico . Consulta el cat\u00e1logo en la web oficial de Metrica.\",\"breadcrumb\":{\"@id\":\"https:\\\/\\\/www.metrica.it\\\/es\\\/producto\\\/calibre-digital-de-profundidad\\\/#breadcrumb\"},\"inLanguage\":\"es\",\"potentialAction\":[{\"@type\":\"ReadAction\",\"target\":[\"https:\\\/\\\/www.metrica.it\\\/es\\\/producto\\\/calibre-digital-de-profundidad\\\/\"]}]},{\"@type\":\"ImageObject\",\"inLanguage\":\"es\",\"@id\":\"https:\\\/\\\/www.metrica.it\\\/es\\\/producto\\\/calibre-digital-de-profundidad\\\/#primaryimage\",\"url\":\"https:\\\/\\\/www.metrica.it\\\/wp-content\\\/uploads\\\/2024\\\/05\\\/12145.jpg\",\"contentUrl\":\"https:\\\/\\\/www.metrica.it\\\/wp-content\\\/uploads\\\/2024\\\/05\\\/12145.jpg\",\"width\":800,\"height\":800},{\"@type\":\"BreadcrumbList\",\"@id\":\"https:\\\/\\\/www.metrica.it\\\/es\\\/producto\\\/calibre-digital-de-profundidad\\\/#breadcrumb\",\"itemListElement\":[{\"@type\":\"ListItem\",\"position\":1,\"name\":\"Home\",\"item\":\"https:\\\/\\\/www.metrica.it\\\/es\\\/\"},{\"@type\":\"ListItem\",\"position\":2,\"name\":\"Cat\u00e1logo\",\"item\":\"https:\\\/\\\/www.metrica.it\\\/es\\\/catalogo-es\\\/\"},{\"@type\":\"ListItem\",\"position\":3,\"name\":\"Calibre Digital De Profundidad\"}]},{\"@type\":\"WebSite\",\"@id\":\"https:\\\/\\\/www.metrica.it\\\/es\\\/#website\",\"url\":\"https:\\\/\\\/www.metrica.it\\\/es\\\/\",\"name\":\"Metrica\",\"description\":\"Made to measure\",\"potentialAction\":[{\"@type\":\"SearchAction\",\"target\":{\"@type\":\"EntryPoint\",\"urlTemplate\":\"https:\\\/\\\/www.metrica.it\\\/es\\\/?s={search_term_string}\"},\"query-input\":{\"@type\":\"PropertyValueSpecification\",\"valueRequired\":true,\"valueName\":\"search_term_string\"}}],\"inLanguage\":\"es\"}]}<\/script>","yoast_head_json":{"title":"Calibro Digitale Di Profondit\u00e0 | Calibres | Mediciones Mec\u00e1nicas - Metrica","description":"Descubre la colecci\u00f3n de productos., Calibro Digitale Di Profondit\u00e0 - Calibres.Acciaio inox temprato,3 tasti:,- accensione manuale \/ spegnimento automatico . Consulta el cat\u00e1logo en la web oficial de Metrica.","robots":{"index":"index","follow":"follow","max-snippet":"max-snippet:-1","max-image-preview":"max-image-preview:large","max-video-preview":"max-video-preview:-1"},"canonical":"https:\/\/www.metrica.it\/es\/producto\/calibre-digital-de-profundidad\/","og_locale":"es_ES","og_type":"article","og_title":"Calibro Digitale Di Profondit\u00e0 | Calibres | Mediciones Mec\u00e1nicas - Metrica","og_description":"Descubre la colecci\u00f3n de productos., Calibro Digitale Di Profondit\u00e0 - Calibres.Acciaio inox temprato,3 tasti:,- accensione manuale \/ spegnimento automatico . Consulta el cat\u00e1logo en la web oficial de Metrica.","og_url":"https:\/\/www.metrica.it\/es\/producto\/calibre-digital-de-profundidad\/","og_site_name":"Metrica","article_modified_time":"2024-09-16T19:44:35+00:00","og_image":[{"width":800,"height":800,"url":"https:\/\/www.metrica.it\/wp-content\/uploads\/2024\/05\/12145.jpg","type":"image\/jpeg"}],"twitter_card":"summary_large_image","schema":{"@context":"https:\/\/schema.org","@graph":[{"@type":"WebPage","@id":"https:\/\/www.metrica.it\/es\/producto\/calibre-digital-de-profundidad\/","url":"https:\/\/www.metrica.it\/es\/producto\/calibre-digital-de-profundidad\/","name":"Calibro Digitale Di Profondit\u00e0 | Calibres | Mediciones Mec\u00e1nicas - Metrica","isPartOf":{"@id":"https:\/\/www.metrica.it\/es\/#website"},"primaryImageOfPage":{"@id":"https:\/\/www.metrica.it\/es\/producto\/calibre-digital-de-profundidad\/#primaryimage"},"image":{"@id":"https:\/\/www.metrica.it\/es\/producto\/calibre-digital-de-profundidad\/#primaryimage"},"thumbnailUrl":"https:\/\/www.metrica.it\/wp-content\/uploads\/2024\/05\/12145.jpg","datePublished":"2024-09-16T10:52:18+00:00","dateModified":"2024-09-16T19:44:35+00:00","description":"Descubre la colecci\u00f3n de productos., Calibro Digitale Di Profondit\u00e0 - Calibres.Acciaio inox temprato,3 tasti:,- accensione manuale \/ spegnimento automatico . Consulta el cat\u00e1logo en la web oficial de Metrica.","breadcrumb":{"@id":"https:\/\/www.metrica.it\/es\/producto\/calibre-digital-de-profundidad\/#breadcrumb"},"inLanguage":"es","potentialAction":[{"@type":"ReadAction","target":["https:\/\/www.metrica.it\/es\/producto\/calibre-digital-de-profundidad\/"]}]},{"@type":"ImageObject","inLanguage":"es","@id":"https:\/\/www.metrica.it\/es\/producto\/calibre-digital-de-profundidad\/#primaryimage","url":"https:\/\/www.metrica.it\/wp-content\/uploads\/2024\/05\/12145.jpg","contentUrl":"https:\/\/www.metrica.it\/wp-content\/uploads\/2024\/05\/12145.jpg","width":800,"height":800},{"@type":"BreadcrumbList","@id":"https:\/\/www.metrica.it\/es\/producto\/calibre-digital-de-profundidad\/#breadcrumb","itemListElement":[{"@type":"ListItem","position":1,"name":"Home","item":"https:\/\/www.metrica.it\/es\/"},{"@type":"ListItem","position":2,"name":"Cat\u00e1logo","item":"https:\/\/www.metrica.it\/es\/catalogo-es\/"},{"@type":"ListItem","position":3,"name":"Calibre Digital De Profundidad"}]},{"@type":"WebSite","@id":"https:\/\/www.metrica.it\/es\/#website","url":"https:\/\/www.metrica.it\/es\/","name":"Metrica","description":"Made to measure","potentialAction":[{"@type":"SearchAction","target":{"@type":"EntryPoint","urlTemplate":"https:\/\/www.metrica.it\/es\/?s={search_term_string}"},"query-input":{"@type":"PropertyValueSpecification","valueRequired":true,"valueName":"search_term_string"}}],"inLanguage":"es"}]}},"meta_box":{"awr_documentation":[],"awr_manuale":[],"awr_scheda_tecnica":"","awr_youtube_video":"","awr_classe_prodotto":"","awr_customize_product":"0","awr_custom_image":false,"awr_related_products":[{"awr_product_name":"Calibro Digitale Di Profondit\u00e0","awr_product_references":"ref:12145|ean:8001066121458|a_mm:200|b_mm:100|unit_misura_mm:0.01|unit_misura_inch:0.0005|pack:1"}],"awr_consumabili":"","awr_alternativi":"","awr_aliases":"12145","awr_skuid":"12145-it"},"_links":{"self":[{"href":"https:\/\/www.metrica.it\/es\/wp-json\/wp\/v2\/product\/143701","targetHints":{"allow":["GET"]}}],"collection":[{"href":"https:\/\/www.metrica.it\/es\/wp-json\/wp\/v2\/product"}],"about":[{"href":"https:\/\/www.metrica.it\/es\/wp-json\/wp\/v2\/types\/product"}],"wp:featuredmedia":[{"embeddable":true,"href":"https:\/\/www.metrica.it\/es\/wp-json\/wp\/v2\/media\/120962"}],"wp:attachment":[{"href":"https:\/\/www.metrica.it\/es\/wp-json\/wp\/v2\/media?parent=143701"}],"wp:term":[{"taxonomy":"product_cat","embeddable":true,"href":"https:\/\/www.metrica.it\/es\/wp-json\/wp\/v2\/product_cat?post=143701"},{"taxonomy":"product_tag","embeddable":true,"href":"https:\/\/www.metrica.it\/es\/wp-json\/wp\/v2\/product_tag?post=143701"}],"curies":[{"name":"wp","href":"https:\/\/api.w.org\/{rel}","templated":true}]}}