{"id":143741,"date":"2024-09-16T11:45:15","date_gmt":"2024-09-16T09:45:15","guid":{"rendered":"https:\/\/www.metrica.it\/prodotto\/flash-green-360-5\/"},"modified":"2024-09-16T20:34:39","modified_gmt":"2024-09-16T18:34:39","slug":"flash-green-360","status":"publish","type":"product","link":"https:\/\/www.metrica.it\/es\/producto\/flash-green-360\/","title":{"rendered":"Flash Green 360\u00b0"},"content":{"rendered":"<ul>\n<li>I Nivel l\u00e1ser verde. Proyecta: un plano horizontal a 360\u00b0 m\u00e1s un plano vertical a 90\u00b0 formando 1 cruz en la pared<\/li>\n<li>L\u00e1ser de intensidad regulable<\/li>\n<li>Uso interior\/exterior (con receptor no incluido c\u00f3digo 60749)<\/li>\n<li>Parpadeo autom\u00e1tico del l\u00e1ser si el aparato est\u00e1 fuera del rango de autonivelaci\u00f3n<\/li>\n<li>Sistema de bloqueo autom\u00e1tico para evitar vibraciones durante el transporte<\/li>\n<li>Dise\u00f1o compacto, revestimiento de goma antideslizante y resistente a los golpes<\/li>\n<li>Conexi\u00f3n de \u00bc\u00bb para tr\u00edpode<\/li>\n<li>Base magn\u00e9tica y tapa met\u00e1lica para facilitar el apilamiento<\/li>\n<li>Bater\u00edas Ion-Li recargables mediante el cable USB suministrado<\/li>\n<\/ul>\n","protected":false},"excerpt":{"rendered":"<p>I Nivel l\u00e1ser verde. Proyecta: un plano horizontal a 360\u00b0 m\u00e1s un plano vertical a 90\u00b0 formando 1 cruz en la pared<\/p>\n<p>L\u00e1ser de intensidad regulable<\/p>\n<p>Uso interior\/exterior (con receptor no incluido c\u00f3digo 60749)<\/p>\n<p>Parpadeo autom\u00e1tico del l\u00e1ser si el aparato est\u00e1 fuera del rango de autonivelaci\u00f3n<\/p>\n<p>Sistema de bloqueo autom\u00e1tico para evitar vibraciones durante el transporte<\/p>\n<p>Dise\u00f1o compacto, revestimiento de goma antideslizante y resistente a los golpes<\/p>\n<p>Conexi\u00f3n de \u00bc\u00bb para tr\u00edpode<\/p>\n<p>Base magn\u00e9tica y tapa met\u00e1lica para facilitar el apilamiento<\/p>\n<p>Bater\u00edas Ion-Li recargables mediante el cable USB suministrado<\/p>\n","protected":false},"featured_media":117573,"template":"","meta":[],"product_cat":[524,517],"product_tag":[],"class_list":{"0":"post-143741","1":"product","2":"type-product","3":"status-publish","4":"has-post-thumbnail","6":"product_cat-laser-autonivelantes","7":"product_cat-laser-y-termocamaras","9":"first","10":"instock","11":"sold-individually","12":"product-type-simple"},"yoast_head":"<title>FLASH GREEN 360\u00b0<\/title>\n<meta name=\"robots\" content=\"index, follow, max-snippet:-1, max-image-preview:large, max-video-preview:-1\" \/>\n<link rel=\"canonical\" href=\"https:\/\/www.metrica.it\/es\/producto\/flash-green-360\/\" \/>\n<meta property=\"og:locale\" content=\"es_ES\" \/>\n<meta property=\"og:type\" content=\"article\" \/>\n<meta property=\"og:title\" content=\"FLASH GREEN 360\u00b0\" \/>\n<meta property=\"og:description\" content=\"I Nivel l\u00e1ser verde. Proyecta: un plano horizontal a 360\u00b0 m\u00e1s un plano vertical a 90\u00b0 formando 1 cruz en la paredL\u00e1ser de intensidad regulableUso interior\/exterior (con receptor no incluido c\u00f3digo 60749)Parpadeo autom\u00e1tico del l\u00e1ser si el aparato est\u00e1 fuera del rango de autonivelaci\u00f3nSistema de bloqueo autom\u00e1tico para evitar vibraciones durante el transporteDise\u00f1o compacto, revestimiento de goma antideslizante y resistente a los golpesConexi\u00f3n de \u00bc&quot; para tr\u00edpodeBase magn\u00e9tica y tapa met\u00e1lica para facilitar el apilamientoBater\u00edas Ion-Li recargables mediante el cable USB suministrado\" \/>\n<meta property=\"og:url\" content=\"https:\/\/www.metrica.it\/es\/producto\/flash-green-360\/\" \/>\n<meta property=\"og:site_name\" content=\"Metrica\" \/>\n<meta property=\"article:modified_time\" content=\"2024-09-16T18:34:39+00:00\" \/>\n<meta property=\"og:image\" content=\"https:\/\/www.metrica.it\/wp-content\/uploads\/2024\/05\/61435.jpg\" \/>\n\t<meta property=\"og:image:width\" content=\"800\" \/>\n\t<meta property=\"og:image:height\" content=\"800\" \/>\n\t<meta property=\"og:image:type\" content=\"image\/jpeg\" \/>\n<meta name=\"twitter:card\" content=\"summary_large_image\" \/>\n<script type=\"application\/ld+json\" class=\"yoast-schema-graph\">{\"@context\":\"https:\\\/\\\/schema.org\",\"@graph\":[{\"@type\":\"WebPage\",\"@id\":\"https:\\\/\\\/www.metrica.it\\\/es\\\/producto\\\/flash-green-360\\\/\",\"url\":\"https:\\\/\\\/www.metrica.it\\\/es\\\/producto\\\/flash-green-360\\\/\",\"name\":\"FLASH GREEN 360\u00b0\",\"isPartOf\":{\"@id\":\"https:\\\/\\\/www.metrica.it\\\/es\\\/#website\"},\"primaryImageOfPage\":{\"@id\":\"https:\\\/\\\/www.metrica.it\\\/es\\\/producto\\\/flash-green-360\\\/#primaryimage\"},\"image\":{\"@id\":\"https:\\\/\\\/www.metrica.it\\\/es\\\/producto\\\/flash-green-360\\\/#primaryimage\"},\"thumbnailUrl\":\"https:\\\/\\\/www.metrica.it\\\/wp-content\\\/uploads\\\/2024\\\/05\\\/61435.jpg\",\"datePublished\":\"2024-09-16T09:45:15+00:00\",\"dateModified\":\"2024-09-16T18:34:39+00:00\",\"breadcrumb\":{\"@id\":\"https:\\\/\\\/www.metrica.it\\\/es\\\/producto\\\/flash-green-360\\\/#breadcrumb\"},\"inLanguage\":\"es\",\"potentialAction\":[{\"@type\":\"ReadAction\",\"target\":[\"https:\\\/\\\/www.metrica.it\\\/es\\\/producto\\\/flash-green-360\\\/\"]}]},{\"@type\":\"ImageObject\",\"inLanguage\":\"es\",\"@id\":\"https:\\\/\\\/www.metrica.it\\\/es\\\/producto\\\/flash-green-360\\\/#primaryimage\",\"url\":\"https:\\\/\\\/www.metrica.it\\\/wp-content\\\/uploads\\\/2024\\\/05\\\/61435.jpg\",\"contentUrl\":\"https:\\\/\\\/www.metrica.it\\\/wp-content\\\/uploads\\\/2024\\\/05\\\/61435.jpg\",\"width\":800,\"height\":800},{\"@type\":\"BreadcrumbList\",\"@id\":\"https:\\\/\\\/www.metrica.it\\\/es\\\/producto\\\/flash-green-360\\\/#breadcrumb\",\"itemListElement\":[{\"@type\":\"ListItem\",\"position\":1,\"name\":\"Home\",\"item\":\"https:\\\/\\\/www.metrica.it\\\/es\\\/\"},{\"@type\":\"ListItem\",\"position\":2,\"name\":\"Cat\u00e1logo\",\"item\":\"https:\\\/\\\/www.metrica.it\\\/es\\\/catalogo-es\\\/\"},{\"@type\":\"ListItem\",\"position\":3,\"name\":\"Flash Green 360\u00b0\"}]},{\"@type\":\"WebSite\",\"@id\":\"https:\\\/\\\/www.metrica.it\\\/es\\\/#website\",\"url\":\"https:\\\/\\\/www.metrica.it\\\/es\\\/\",\"name\":\"Metrica\",\"description\":\"Made to measure\",\"potentialAction\":[{\"@type\":\"SearchAction\",\"target\":{\"@type\":\"EntryPoint\",\"urlTemplate\":\"https:\\\/\\\/www.metrica.it\\\/es\\\/?s={search_term_string}\"},\"query-input\":{\"@type\":\"PropertyValueSpecification\",\"valueRequired\":true,\"valueName\":\"search_term_string\"}}],\"inLanguage\":\"es\"}]}<\/script>","yoast_head_json":{"title":"FLASH GREEN 360\u00b0","robots":{"index":"index","follow":"follow","max-snippet":"max-snippet:-1","max-image-preview":"max-image-preview:large","max-video-preview":"max-video-preview:-1"},"canonical":"https:\/\/www.metrica.it\/es\/producto\/flash-green-360\/","og_locale":"es_ES","og_type":"article","og_title":"FLASH GREEN 360\u00b0","og_description":"I Nivel l\u00e1ser verde. Proyecta: un plano horizontal a 360\u00b0 m\u00e1s un plano vertical a 90\u00b0 formando 1 cruz en la paredL\u00e1ser de intensidad regulableUso interior\/exterior (con receptor no incluido c\u00f3digo 60749)Parpadeo autom\u00e1tico del l\u00e1ser si el aparato est\u00e1 fuera del rango de autonivelaci\u00f3nSistema de bloqueo autom\u00e1tico para evitar vibraciones durante el transporteDise\u00f1o compacto, revestimiento de goma antideslizante y resistente a los golpesConexi\u00f3n de \u00bc\" para tr\u00edpodeBase magn\u00e9tica y tapa met\u00e1lica para facilitar el apilamientoBater\u00edas Ion-Li recargables mediante el cable USB suministrado","og_url":"https:\/\/www.metrica.it\/es\/producto\/flash-green-360\/","og_site_name":"Metrica","article_modified_time":"2024-09-16T18:34:39+00:00","og_image":[{"width":800,"height":800,"url":"https:\/\/www.metrica.it\/wp-content\/uploads\/2024\/05\/61435.jpg","type":"image\/jpeg"}],"twitter_card":"summary_large_image","schema":{"@context":"https:\/\/schema.org","@graph":[{"@type":"WebPage","@id":"https:\/\/www.metrica.it\/es\/producto\/flash-green-360\/","url":"https:\/\/www.metrica.it\/es\/producto\/flash-green-360\/","name":"FLASH GREEN 360\u00b0","isPartOf":{"@id":"https:\/\/www.metrica.it\/es\/#website"},"primaryImageOfPage":{"@id":"https:\/\/www.metrica.it\/es\/producto\/flash-green-360\/#primaryimage"},"image":{"@id":"https:\/\/www.metrica.it\/es\/producto\/flash-green-360\/#primaryimage"},"thumbnailUrl":"https:\/\/www.metrica.it\/wp-content\/uploads\/2024\/05\/61435.jpg","datePublished":"2024-09-16T09:45:15+00:00","dateModified":"2024-09-16T18:34:39+00:00","breadcrumb":{"@id":"https:\/\/www.metrica.it\/es\/producto\/flash-green-360\/#breadcrumb"},"inLanguage":"es","potentialAction":[{"@type":"ReadAction","target":["https:\/\/www.metrica.it\/es\/producto\/flash-green-360\/"]}]},{"@type":"ImageObject","inLanguage":"es","@id":"https:\/\/www.metrica.it\/es\/producto\/flash-green-360\/#primaryimage","url":"https:\/\/www.metrica.it\/wp-content\/uploads\/2024\/05\/61435.jpg","contentUrl":"https:\/\/www.metrica.it\/wp-content\/uploads\/2024\/05\/61435.jpg","width":800,"height":800},{"@type":"BreadcrumbList","@id":"https:\/\/www.metrica.it\/es\/producto\/flash-green-360\/#breadcrumb","itemListElement":[{"@type":"ListItem","position":1,"name":"Home","item":"https:\/\/www.metrica.it\/es\/"},{"@type":"ListItem","position":2,"name":"Cat\u00e1logo","item":"https:\/\/www.metrica.it\/es\/catalogo-es\/"},{"@type":"ListItem","position":3,"name":"Flash Green 360\u00b0"}]},{"@type":"WebSite","@id":"https:\/\/www.metrica.it\/es\/#website","url":"https:\/\/www.metrica.it\/es\/","name":"Metrica","description":"Made to measure","potentialAction":[{"@type":"SearchAction","target":{"@type":"EntryPoint","urlTemplate":"https:\/\/www.metrica.it\/es\/?s={search_term_string}"},"query-input":{"@type":"PropertyValueSpecification","valueRequired":true,"valueName":"search_term_string"}}],"inLanguage":"es"}]}},"meta_box":{"awr_documentation":[{"filesize":500454,"ID":"146320","name":"61435.pdf","path":"\/var\/www\/html\/wp-content\/uploads\/2024\/09\/61435.pdf","url":"https:\/\/www.metrica.it\/wp-content\/uploads\/2024\/09\/61435.pdf","title":"61435.pdf"}],"awr_manuale":[],"awr_scheda_tecnica":"<table>\n<tbody>\n<tr>\n<td>\n<h4>Capacidad (dependiendo de la luminosidad)<\/h4>\n<\/td>\n<td>\u00a040 m<\/td>\n<\/tr>\n<tr>\n<td>\n<h4>Capacidad con receptor<\/h4>\n<\/td>\n<td>\u00a060 m<\/td>\n<\/tr>\n<tr>\n<td>\n<div>\n<h4>Precisi\u00f3n de nivelaci\u00f3n<\/h4>\n<\/div>\n<\/td>\n<td>\u00a0\u00b1 3\u00a0mm \/ 10 m<\/td>\n<\/tr>\n<tr>\n<td>\n<h4>Rango de autonivelaci\u00f3n<\/h4>\n<\/td>\n<td>\u00a0\u00b1 4\u00b0<\/td>\n<\/tr>\n<tr>\n<td>\n<h4>Se\u00f1al fuera de nivelaci\u00f3n<\/h4>\n<\/td>\n<td>\u00a0si<\/td>\n<\/tr>\n<tr>\n<td>\n<h4>Tipo de l\u00e1ser<\/h4>\n<\/td>\n<td>\n<p>\u00a0505-550\u00a0nm <\/p>\n<\/td>\n<\/tr>\n<tr>\n<td>\n<h4>Potencia l\u00e1ser<\/h4>\n<\/td>\n<td>\u00a0Classe II<\/td>\n<\/tr>\n<tr>\n<td>\n<h4>Pilas<\/h4>\n<\/td>\n<td>\u00a0 2000 mAh li-ion<\/td>\n<\/tr>\n<tr>\n<td>\n<h4>Dimensiones (mm)<\/h4>\n<\/td>\n<td>\u00a0114 x 66\u00a0mm<\/td>\n<\/tr>\n<tr>\n<td>\n<h4>Peso (sin pilas)<\/h4>\n<\/td>\n<td>\u00a00275\u00a0Kg<\/td>\n<\/tr>\n<tr>\n<td>\n<h4>Impermeabilidad<\/h4>\n<\/td>\n<td>\u00a0IP 54<\/td>\n<\/tr>\n<tr>\n<td>\n<h4>Tuerca para tr\u00edpode<\/h4>\n<\/td>\n<td>\u00a01\/4\"<\/td>\n<\/tr>\n<\/tbody>\n<\/table>\n","awr_youtube_video":"https:\/\/www.youtube.com\/embed\/xBlmq9vr_Z8","awr_classe_prodotto":"","awr_customize_product":"0","awr_custom_image":false,"awr_related_products":[{"awr_product_name":"Flash Green 360\u00b0","awr_product_references":"ref:61435|ean:8001066614356|pack:1"}],"awr_consumabili":"","awr_alternativi":"","awr_aliases":"61435","awr_skuid":"61435-it"},"_links":{"self":[{"href":"https:\/\/www.metrica.it\/es\/wp-json\/wp\/v2\/product\/143741","targetHints":{"allow":["GET"]}}],"collection":[{"href":"https:\/\/www.metrica.it\/es\/wp-json\/wp\/v2\/product"}],"about":[{"href":"https:\/\/www.metrica.it\/es\/wp-json\/wp\/v2\/types\/product"}],"wp:featuredmedia":[{"embeddable":true,"href":"https:\/\/www.metrica.it\/es\/wp-json\/wp\/v2\/media\/117573"}],"wp:attachment":[{"href":"https:\/\/www.metrica.it\/es\/wp-json\/wp\/v2\/media?parent=143741"}],"wp:term":[{"taxonomy":"product_cat","embeddable":true,"href":"https:\/\/www.metrica.it\/es\/wp-json\/wp\/v2\/product_cat?post=143741"},{"taxonomy":"product_tag","embeddable":true,"href":"https:\/\/www.metrica.it\/es\/wp-json\/wp\/v2\/product_tag?post=143741"}],"curies":[{"name":"wp","href":"https:\/\/api.w.org\/{rel}","templated":true}]}}