{"id":143791,"date":"2024-09-16T12:21:08","date_gmt":"2024-09-16T10:21:08","guid":{"rendered":"https:\/\/www.metrica.it\/prodotto\/tripode-de-elevacion\/"},"modified":"2024-09-16T21:10:14","modified_gmt":"2024-09-16T19:10:14","slug":"tripode-de-elevacion","status":"publish","type":"product","link":"https:\/\/www.metrica.it\/es\/producto\/tripode-de-elevacion\/","title":{"rendered":"Tr\u00edpode De Elevaci\u00f3n"},"content":{"rendered":"<ul>\n<li>Modelo profesional robusto<\/li>\n<li>Elevaci\u00f3n a cremallera graduada<\/li>\n<li>Bloqueo de palanca, cadena de seguridad<\/li>\n<li>Burbuja de centraje<\/li>\n<li>Tornillo: 5\/8&apos;&apos;, placa \u00d8 110 mm<\/li>\n<li>Correa de hombro<\/li>\n<li>Pies de pl\u00e1stico para interior y a punta para exterior<\/li>\n<li>C\u00f3digo 60582 con asta telesc\u00f3pica 84 cm<\/li>\n<li>Peso: 5,4 kg (C\u00f3digo 60581)<\/li>\n<li>Peso: 6 kg (C\u00f3digo 60582)<\/li>\n<\/ul>\n","protected":false},"excerpt":{"rendered":"<p>Modelo profesional robusto<br \/>Elevaci\u00f3n a cremallera graduada<br \/>Bloqueo de palanca, cadena de seguridad<br \/>Burbuja de centraje<br \/>Tornillo: 5\/8&apos;&apos;, placa \u00d8 110 mm<br \/>Correa de hombro<br \/>Pies de pl\u00e1stico para interior y a punta para exterior<br \/>C\u00f3digo 60582 con asta telesc\u00f3pica 84 cm<br \/>Peso: 5,4 kg (C\u00f3digo 60581)<br \/>Peso: 6 kg (C\u00f3digo 60582)<\/p>\n","protected":false},"featured_media":128860,"template":"","meta":[],"product_cat":[517,548],"product_tag":[],"class_list":{"0":"post-143791","1":"product","2":"type-product","3":"status-publish","4":"has-post-thumbnail","6":"product_cat-laser-y-termocamaras","7":"product_cat-tripodes","9":"first","10":"instock","11":"sold-individually","12":"product-type-simple"},"yoast_head":"<title>Treppiede Ad Elevazione | Tr\u00edpodes | Laser y Termocamaras - Metrica<\/title>\n<meta name=\"description\" content=\"Descubre la colecci\u00f3n de productos., Treppiede Ad Elevazione - Tr\u00edpodes.Modello professionale robusto,Elevazione a cremagliera graduata,Bloccaggio a leva, catenella di sicurezza . Consulta el cat\u00e1logo en la web oficial de Metrica.\" \/>\n<meta name=\"robots\" content=\"index, follow, max-snippet:-1, max-image-preview:large, max-video-preview:-1\" \/>\n<link rel=\"canonical\" href=\"https:\/\/www.metrica.it\/es\/producto\/tripode-de-elevacion\/\" \/>\n<meta property=\"og:locale\" content=\"es_ES\" \/>\n<meta property=\"og:type\" content=\"article\" \/>\n<meta property=\"og:title\" content=\"Treppiede Ad Elevazione | Tr\u00edpodes | Laser y Termocamaras - Metrica\" \/>\n<meta property=\"og:description\" content=\"Descubre la colecci\u00f3n de productos., Treppiede Ad Elevazione - Tr\u00edpodes.Modello professionale robusto,Elevazione a cremagliera graduata,Bloccaggio a leva, catenella di sicurezza . Consulta el cat\u00e1logo en la web oficial de Metrica.\" \/>\n<meta property=\"og:url\" content=\"https:\/\/www.metrica.it\/es\/producto\/tripode-de-elevacion\/\" \/>\n<meta property=\"og:site_name\" content=\"Metrica\" \/>\n<meta property=\"article:modified_time\" content=\"2024-09-16T19:10:14+00:00\" \/>\n<meta property=\"og:image\" content=\"https:\/\/www.metrica.it\/wp-content\/uploads\/2024\/06\/60581_60582_2.jpg\" \/>\n\t<meta property=\"og:image:width\" content=\"800\" \/>\n\t<meta property=\"og:image:height\" content=\"800\" \/>\n\t<meta property=\"og:image:type\" content=\"image\/jpeg\" \/>\n<meta name=\"twitter:card\" content=\"summary_large_image\" \/>\n<script type=\"application\/ld+json\" class=\"yoast-schema-graph\">{\"@context\":\"https:\\\/\\\/schema.org\",\"@graph\":[{\"@type\":\"WebPage\",\"@id\":\"https:\\\/\\\/www.metrica.it\\\/es\\\/producto\\\/tripode-de-elevacion\\\/\",\"url\":\"https:\\\/\\\/www.metrica.it\\\/es\\\/producto\\\/tripode-de-elevacion\\\/\",\"name\":\"Treppiede Ad Elevazione | Tr\u00edpodes | Laser y Termocamaras - Metrica\",\"isPartOf\":{\"@id\":\"https:\\\/\\\/www.metrica.it\\\/es\\\/#website\"},\"primaryImageOfPage\":{\"@id\":\"https:\\\/\\\/www.metrica.it\\\/es\\\/producto\\\/tripode-de-elevacion\\\/#primaryimage\"},\"image\":{\"@id\":\"https:\\\/\\\/www.metrica.it\\\/es\\\/producto\\\/tripode-de-elevacion\\\/#primaryimage\"},\"thumbnailUrl\":\"https:\\\/\\\/www.metrica.it\\\/wp-content\\\/uploads\\\/2024\\\/06\\\/60581_60582_2.jpg\",\"datePublished\":\"2024-09-16T10:21:08+00:00\",\"dateModified\":\"2024-09-16T19:10:14+00:00\",\"description\":\"Descubre la colecci\u00f3n de productos., Treppiede Ad Elevazione - Tr\u00edpodes.Modello professionale robusto,Elevazione a cremagliera graduata,Bloccaggio a leva, catenella di sicurezza . Consulta el cat\u00e1logo en la web oficial de Metrica.\",\"breadcrumb\":{\"@id\":\"https:\\\/\\\/www.metrica.it\\\/es\\\/producto\\\/tripode-de-elevacion\\\/#breadcrumb\"},\"inLanguage\":\"es\",\"potentialAction\":[{\"@type\":\"ReadAction\",\"target\":[\"https:\\\/\\\/www.metrica.it\\\/es\\\/producto\\\/tripode-de-elevacion\\\/\"]}]},{\"@type\":\"ImageObject\",\"inLanguage\":\"es\",\"@id\":\"https:\\\/\\\/www.metrica.it\\\/es\\\/producto\\\/tripode-de-elevacion\\\/#primaryimage\",\"url\":\"https:\\\/\\\/www.metrica.it\\\/wp-content\\\/uploads\\\/2024\\\/06\\\/60581_60582_2.jpg\",\"contentUrl\":\"https:\\\/\\\/www.metrica.it\\\/wp-content\\\/uploads\\\/2024\\\/06\\\/60581_60582_2.jpg\",\"width\":800,\"height\":800},{\"@type\":\"BreadcrumbList\",\"@id\":\"https:\\\/\\\/www.metrica.it\\\/es\\\/producto\\\/tripode-de-elevacion\\\/#breadcrumb\",\"itemListElement\":[{\"@type\":\"ListItem\",\"position\":1,\"name\":\"Home\",\"item\":\"https:\\\/\\\/www.metrica.it\\\/es\\\/\"},{\"@type\":\"ListItem\",\"position\":2,\"name\":\"Cat\u00e1logo\",\"item\":\"https:\\\/\\\/www.metrica.it\\\/es\\\/catalogo-es\\\/\"},{\"@type\":\"ListItem\",\"position\":3,\"name\":\"Tr\u00edpode De Elevaci\u00f3n\"}]},{\"@type\":\"WebSite\",\"@id\":\"https:\\\/\\\/www.metrica.it\\\/es\\\/#website\",\"url\":\"https:\\\/\\\/www.metrica.it\\\/es\\\/\",\"name\":\"Metrica\",\"description\":\"Made to measure\",\"potentialAction\":[{\"@type\":\"SearchAction\",\"target\":{\"@type\":\"EntryPoint\",\"urlTemplate\":\"https:\\\/\\\/www.metrica.it\\\/es\\\/?s={search_term_string}\"},\"query-input\":{\"@type\":\"PropertyValueSpecification\",\"valueRequired\":true,\"valueName\":\"search_term_string\"}}],\"inLanguage\":\"es\"}]}<\/script>","yoast_head_json":{"title":"Treppiede Ad Elevazione | Tr\u00edpodes | Laser y Termocamaras - Metrica","description":"Descubre la colecci\u00f3n de productos., Treppiede Ad Elevazione - Tr\u00edpodes.Modello professionale robusto,Elevazione a cremagliera graduata,Bloccaggio a leva, catenella di sicurezza . Consulta el cat\u00e1logo en la web oficial de Metrica.","robots":{"index":"index","follow":"follow","max-snippet":"max-snippet:-1","max-image-preview":"max-image-preview:large","max-video-preview":"max-video-preview:-1"},"canonical":"https:\/\/www.metrica.it\/es\/producto\/tripode-de-elevacion\/","og_locale":"es_ES","og_type":"article","og_title":"Treppiede Ad Elevazione | Tr\u00edpodes | Laser y Termocamaras - Metrica","og_description":"Descubre la colecci\u00f3n de productos., Treppiede Ad Elevazione - Tr\u00edpodes.Modello professionale robusto,Elevazione a cremagliera graduata,Bloccaggio a leva, catenella di sicurezza . Consulta el cat\u00e1logo en la web oficial de Metrica.","og_url":"https:\/\/www.metrica.it\/es\/producto\/tripode-de-elevacion\/","og_site_name":"Metrica","article_modified_time":"2024-09-16T19:10:14+00:00","og_image":[{"width":800,"height":800,"url":"https:\/\/www.metrica.it\/wp-content\/uploads\/2024\/06\/60581_60582_2.jpg","type":"image\/jpeg"}],"twitter_card":"summary_large_image","schema":{"@context":"https:\/\/schema.org","@graph":[{"@type":"WebPage","@id":"https:\/\/www.metrica.it\/es\/producto\/tripode-de-elevacion\/","url":"https:\/\/www.metrica.it\/es\/producto\/tripode-de-elevacion\/","name":"Treppiede Ad Elevazione | Tr\u00edpodes | Laser y Termocamaras - Metrica","isPartOf":{"@id":"https:\/\/www.metrica.it\/es\/#website"},"primaryImageOfPage":{"@id":"https:\/\/www.metrica.it\/es\/producto\/tripode-de-elevacion\/#primaryimage"},"image":{"@id":"https:\/\/www.metrica.it\/es\/producto\/tripode-de-elevacion\/#primaryimage"},"thumbnailUrl":"https:\/\/www.metrica.it\/wp-content\/uploads\/2024\/06\/60581_60582_2.jpg","datePublished":"2024-09-16T10:21:08+00:00","dateModified":"2024-09-16T19:10:14+00:00","description":"Descubre la colecci\u00f3n de productos., Treppiede Ad Elevazione - Tr\u00edpodes.Modello professionale robusto,Elevazione a cremagliera graduata,Bloccaggio a leva, catenella di sicurezza . Consulta el cat\u00e1logo en la web oficial de Metrica.","breadcrumb":{"@id":"https:\/\/www.metrica.it\/es\/producto\/tripode-de-elevacion\/#breadcrumb"},"inLanguage":"es","potentialAction":[{"@type":"ReadAction","target":["https:\/\/www.metrica.it\/es\/producto\/tripode-de-elevacion\/"]}]},{"@type":"ImageObject","inLanguage":"es","@id":"https:\/\/www.metrica.it\/es\/producto\/tripode-de-elevacion\/#primaryimage","url":"https:\/\/www.metrica.it\/wp-content\/uploads\/2024\/06\/60581_60582_2.jpg","contentUrl":"https:\/\/www.metrica.it\/wp-content\/uploads\/2024\/06\/60581_60582_2.jpg","width":800,"height":800},{"@type":"BreadcrumbList","@id":"https:\/\/www.metrica.it\/es\/producto\/tripode-de-elevacion\/#breadcrumb","itemListElement":[{"@type":"ListItem","position":1,"name":"Home","item":"https:\/\/www.metrica.it\/es\/"},{"@type":"ListItem","position":2,"name":"Cat\u00e1logo","item":"https:\/\/www.metrica.it\/es\/catalogo-es\/"},{"@type":"ListItem","position":3,"name":"Tr\u00edpode De Elevaci\u00f3n"}]},{"@type":"WebSite","@id":"https:\/\/www.metrica.it\/es\/#website","url":"https:\/\/www.metrica.it\/es\/","name":"Metrica","description":"Made to measure","potentialAction":[{"@type":"SearchAction","target":{"@type":"EntryPoint","urlTemplate":"https:\/\/www.metrica.it\/es\/?s={search_term_string}"},"query-input":{"@type":"PropertyValueSpecification","valueRequired":true,"valueName":"search_term_string"}}],"inLanguage":"es"}]}},"meta_box":{"awr_documentation":[],"awr_manuale":[],"awr_scheda_tecnica":"","awr_youtube_video":"","awr_classe_prodotto":"","awr_customize_product":"0","awr_custom_image":false,"awr_related_products":[{"awr_product_name":"Treppiede Ad Elevazione","awr_product_references":"ref:60581|ean:8001066605811|l:95 \u00f7 195 cm|pack:1"},{"awr_product_name":"Treppiede Ad Elevazione","awr_product_references":"ref:60582|ean:8001066605828|l:112 \u00f7 335 cm|pack:1"}],"awr_consumabili":"","awr_alternativi":"","awr_aliases":"60581,60582","awr_skuid":"60581-it"},"_links":{"self":[{"href":"https:\/\/www.metrica.it\/es\/wp-json\/wp\/v2\/product\/143791","targetHints":{"allow":["GET"]}}],"collection":[{"href":"https:\/\/www.metrica.it\/es\/wp-json\/wp\/v2\/product"}],"about":[{"href":"https:\/\/www.metrica.it\/es\/wp-json\/wp\/v2\/types\/product"}],"wp:featuredmedia":[{"embeddable":true,"href":"https:\/\/www.metrica.it\/es\/wp-json\/wp\/v2\/media\/128860"}],"wp:attachment":[{"href":"https:\/\/www.metrica.it\/es\/wp-json\/wp\/v2\/media?parent=143791"}],"wp:term":[{"taxonomy":"product_cat","embeddable":true,"href":"https:\/\/www.metrica.it\/es\/wp-json\/wp\/v2\/product_cat?post=143791"},{"taxonomy":"product_tag","embeddable":true,"href":"https:\/\/www.metrica.it\/es\/wp-json\/wp\/v2\/product_tag?post=143791"}],"curies":[{"name":"wp","href":"https:\/\/api.w.org\/{rel}","templated":true}]}}