{"id":143811,"date":"2024-09-16T12:13:59","date_gmt":"2024-09-16T10:13:59","guid":{"rendered":"https:\/\/www.metrica.it\/prodotto\/megalevel-6-imanes\/"},"modified":"2024-09-16T21:02:27","modified_gmt":"2024-09-16T19:02:27","slug":"megalevel-6-imanes","status":"publish","type":"product","link":"https:\/\/www.metrica.it\/es\/producto\/megalevel-6-imanes\/","title":{"rendered":"Megalevel 6 Imanes"},"content":{"rendered":"<ul>\n<li>Nivel con imanes muy fuertes en la base y en la parte frontal<\/li>\n<li>Puede trabajar con las manos libres<\/li>\n<li>Burbujas acrilicas de alta visibilidad<\/li>\n<li>Precisi\u00f3n 0,50 mm\/m<\/li>\n<li>Garantia 5 a\u00f1os<\/li>\n<\/ul>\n","protected":false},"excerpt":{"rendered":"<p>Nivel con imanes muy fuertes en la base y en la parte frontal<br \/>Puede trabajar con las manos libres<br \/>Burbujas acrilicas de alta visibilidad<br \/>Precisi\u00f3n 0,50 mm\/m<br \/>Garantia 5 a\u00f1os<\/p>\n","protected":false},"featured_media":131574,"template":"","meta":[],"product_cat":[552,568],"product_tag":[],"class_list":{"0":"post-143811","1":"product","2":"type-product","3":"status-publish","4":"has-post-thumbnail","6":"product_cat-niveles","7":"product_cat-niveles-para-la-construccion","9":"first","10":"instock","11":"sold-individually","12":"product-type-simple"},"yoast_head":"<title>Megalevel 6 Magneti | Niveles para la construcci\u00f3n | Niveles - Metrica<\/title>\n<meta name=\"description\" content=\"Descubre la colecci\u00f3n de productos., Megalevel 6 Magneti - Niveles para la construcci\u00f3n.Livella con magneti molto forti sulla base e sulla faccia frontale,Permette di lavorare con mani libere,Fiale a . Consulta el cat\u00e1logo en la web oficial de Metrica.\" \/>\n<meta name=\"robots\" content=\"index, follow, max-snippet:-1, max-image-preview:large, max-video-preview:-1\" \/>\n<link rel=\"canonical\" href=\"https:\/\/www.metrica.it\/es\/producto\/megalevel-6-imanes\/\" \/>\n<meta property=\"og:locale\" content=\"es_ES\" \/>\n<meta property=\"og:type\" content=\"article\" \/>\n<meta property=\"og:title\" content=\"Megalevel 6 Magneti | Niveles para la construcci\u00f3n | Niveles - Metrica\" \/>\n<meta property=\"og:description\" content=\"Descubre la colecci\u00f3n de productos., Megalevel 6 Magneti - Niveles para la construcci\u00f3n.Livella con magneti molto forti sulla base e sulla faccia frontale,Permette di lavorare con mani libere,Fiale a . Consulta el cat\u00e1logo en la web oficial de Metrica.\" \/>\n<meta property=\"og:url\" content=\"https:\/\/www.metrica.it\/es\/producto\/megalevel-6-imanes\/\" \/>\n<meta property=\"og:site_name\" content=\"Metrica\" \/>\n<meta property=\"article:modified_time\" content=\"2024-09-16T19:02:27+00:00\" \/>\n<meta property=\"og:image\" content=\"https:\/\/www.metrica.it\/wp-content\/uploads\/2024\/06\/32936.jpg\" \/>\n\t<meta property=\"og:image:width\" content=\"800\" \/>\n\t<meta property=\"og:image:height\" content=\"800\" \/>\n\t<meta property=\"og:image:type\" content=\"image\/jpeg\" \/>\n<meta name=\"twitter:card\" content=\"summary_large_image\" \/>\n<script type=\"application\/ld+json\" class=\"yoast-schema-graph\">{\"@context\":\"https:\\\/\\\/schema.org\",\"@graph\":[{\"@type\":\"WebPage\",\"@id\":\"https:\\\/\\\/www.metrica.it\\\/es\\\/producto\\\/megalevel-6-imanes\\\/\",\"url\":\"https:\\\/\\\/www.metrica.it\\\/es\\\/producto\\\/megalevel-6-imanes\\\/\",\"name\":\"Megalevel 6 Magneti | Niveles para la construcci\u00f3n | Niveles - Metrica\",\"isPartOf\":{\"@id\":\"https:\\\/\\\/www.metrica.it\\\/es\\\/#website\"},\"primaryImageOfPage\":{\"@id\":\"https:\\\/\\\/www.metrica.it\\\/es\\\/producto\\\/megalevel-6-imanes\\\/#primaryimage\"},\"image\":{\"@id\":\"https:\\\/\\\/www.metrica.it\\\/es\\\/producto\\\/megalevel-6-imanes\\\/#primaryimage\"},\"thumbnailUrl\":\"https:\\\/\\\/www.metrica.it\\\/wp-content\\\/uploads\\\/2024\\\/06\\\/32936.jpg\",\"datePublished\":\"2024-09-16T10:13:59+00:00\",\"dateModified\":\"2024-09-16T19:02:27+00:00\",\"description\":\"Descubre la colecci\u00f3n de productos., Megalevel 6 Magneti - Niveles para la construcci\u00f3n.Livella con magneti molto forti sulla base e sulla faccia frontale,Permette di lavorare con mani libere,Fiale a . Consulta el cat\u00e1logo en la web oficial de Metrica.\",\"breadcrumb\":{\"@id\":\"https:\\\/\\\/www.metrica.it\\\/es\\\/producto\\\/megalevel-6-imanes\\\/#breadcrumb\"},\"inLanguage\":\"es\",\"potentialAction\":[{\"@type\":\"ReadAction\",\"target\":[\"https:\\\/\\\/www.metrica.it\\\/es\\\/producto\\\/megalevel-6-imanes\\\/\"]}]},{\"@type\":\"ImageObject\",\"inLanguage\":\"es\",\"@id\":\"https:\\\/\\\/www.metrica.it\\\/es\\\/producto\\\/megalevel-6-imanes\\\/#primaryimage\",\"url\":\"https:\\\/\\\/www.metrica.it\\\/wp-content\\\/uploads\\\/2024\\\/06\\\/32936.jpg\",\"contentUrl\":\"https:\\\/\\\/www.metrica.it\\\/wp-content\\\/uploads\\\/2024\\\/06\\\/32936.jpg\",\"width\":800,\"height\":800},{\"@type\":\"BreadcrumbList\",\"@id\":\"https:\\\/\\\/www.metrica.it\\\/es\\\/producto\\\/megalevel-6-imanes\\\/#breadcrumb\",\"itemListElement\":[{\"@type\":\"ListItem\",\"position\":1,\"name\":\"Home\",\"item\":\"https:\\\/\\\/www.metrica.it\\\/es\\\/\"},{\"@type\":\"ListItem\",\"position\":2,\"name\":\"Cat\u00e1logo\",\"item\":\"https:\\\/\\\/www.metrica.it\\\/es\\\/catalogo-es\\\/\"},{\"@type\":\"ListItem\",\"position\":3,\"name\":\"Megalevel 6 Imanes\"}]},{\"@type\":\"WebSite\",\"@id\":\"https:\\\/\\\/www.metrica.it\\\/es\\\/#website\",\"url\":\"https:\\\/\\\/www.metrica.it\\\/es\\\/\",\"name\":\"Metrica\",\"description\":\"Made to measure\",\"potentialAction\":[{\"@type\":\"SearchAction\",\"target\":{\"@type\":\"EntryPoint\",\"urlTemplate\":\"https:\\\/\\\/www.metrica.it\\\/es\\\/?s={search_term_string}\"},\"query-input\":{\"@type\":\"PropertyValueSpecification\",\"valueRequired\":true,\"valueName\":\"search_term_string\"}}],\"inLanguage\":\"es\"}]}<\/script>","yoast_head_json":{"title":"Megalevel 6 Magneti | Niveles para la construcci\u00f3n | Niveles - Metrica","description":"Descubre la colecci\u00f3n de productos., Megalevel 6 Magneti - Niveles para la construcci\u00f3n.Livella con magneti molto forti sulla base e sulla faccia frontale,Permette di lavorare con mani libere,Fiale a . Consulta el cat\u00e1logo en la web oficial de Metrica.","robots":{"index":"index","follow":"follow","max-snippet":"max-snippet:-1","max-image-preview":"max-image-preview:large","max-video-preview":"max-video-preview:-1"},"canonical":"https:\/\/www.metrica.it\/es\/producto\/megalevel-6-imanes\/","og_locale":"es_ES","og_type":"article","og_title":"Megalevel 6 Magneti | Niveles para la construcci\u00f3n | Niveles - Metrica","og_description":"Descubre la colecci\u00f3n de productos., Megalevel 6 Magneti - Niveles para la construcci\u00f3n.Livella con magneti molto forti sulla base e sulla faccia frontale,Permette di lavorare con mani libere,Fiale a . Consulta el cat\u00e1logo en la web oficial de Metrica.","og_url":"https:\/\/www.metrica.it\/es\/producto\/megalevel-6-imanes\/","og_site_name":"Metrica","article_modified_time":"2024-09-16T19:02:27+00:00","og_image":[{"width":800,"height":800,"url":"https:\/\/www.metrica.it\/wp-content\/uploads\/2024\/06\/32936.jpg","type":"image\/jpeg"}],"twitter_card":"summary_large_image","schema":{"@context":"https:\/\/schema.org","@graph":[{"@type":"WebPage","@id":"https:\/\/www.metrica.it\/es\/producto\/megalevel-6-imanes\/","url":"https:\/\/www.metrica.it\/es\/producto\/megalevel-6-imanes\/","name":"Megalevel 6 Magneti | Niveles para la construcci\u00f3n | Niveles - Metrica","isPartOf":{"@id":"https:\/\/www.metrica.it\/es\/#website"},"primaryImageOfPage":{"@id":"https:\/\/www.metrica.it\/es\/producto\/megalevel-6-imanes\/#primaryimage"},"image":{"@id":"https:\/\/www.metrica.it\/es\/producto\/megalevel-6-imanes\/#primaryimage"},"thumbnailUrl":"https:\/\/www.metrica.it\/wp-content\/uploads\/2024\/06\/32936.jpg","datePublished":"2024-09-16T10:13:59+00:00","dateModified":"2024-09-16T19:02:27+00:00","description":"Descubre la colecci\u00f3n de productos., Megalevel 6 Magneti - Niveles para la construcci\u00f3n.Livella con magneti molto forti sulla base e sulla faccia frontale,Permette di lavorare con mani libere,Fiale a . Consulta el cat\u00e1logo en la web oficial de Metrica.","breadcrumb":{"@id":"https:\/\/www.metrica.it\/es\/producto\/megalevel-6-imanes\/#breadcrumb"},"inLanguage":"es","potentialAction":[{"@type":"ReadAction","target":["https:\/\/www.metrica.it\/es\/producto\/megalevel-6-imanes\/"]}]},{"@type":"ImageObject","inLanguage":"es","@id":"https:\/\/www.metrica.it\/es\/producto\/megalevel-6-imanes\/#primaryimage","url":"https:\/\/www.metrica.it\/wp-content\/uploads\/2024\/06\/32936.jpg","contentUrl":"https:\/\/www.metrica.it\/wp-content\/uploads\/2024\/06\/32936.jpg","width":800,"height":800},{"@type":"BreadcrumbList","@id":"https:\/\/www.metrica.it\/es\/producto\/megalevel-6-imanes\/#breadcrumb","itemListElement":[{"@type":"ListItem","position":1,"name":"Home","item":"https:\/\/www.metrica.it\/es\/"},{"@type":"ListItem","position":2,"name":"Cat\u00e1logo","item":"https:\/\/www.metrica.it\/es\/catalogo-es\/"},{"@type":"ListItem","position":3,"name":"Megalevel 6 Imanes"}]},{"@type":"WebSite","@id":"https:\/\/www.metrica.it\/es\/#website","url":"https:\/\/www.metrica.it\/es\/","name":"Metrica","description":"Made to measure","potentialAction":[{"@type":"SearchAction","target":{"@type":"EntryPoint","urlTemplate":"https:\/\/www.metrica.it\/es\/?s={search_term_string}"},"query-input":{"@type":"PropertyValueSpecification","valueRequired":true,"valueName":"search_term_string"}}],"inLanguage":"es"}]}},"meta_box":{"awr_documentation":[],"awr_manuale":[],"awr_scheda_tecnica":"","awr_youtube_video":"","awr_classe_prodotto":"","awr_customize_product":"0","awr_custom_image":false,"awr_related_products":[{"awr_product_name":"Megalevel 6 Magneti","awr_product_references":"ref:32936|ean:8001066329366|l:40 cm|2_fiale:*|magnete:5|pack:6"},{"awr_product_name":"Megalevel 6 Magneti","awr_product_references":"ref:32938|ean:8001066329380|l:50 cm|2_fiale:*|magnete:6|pack:6"},{"awr_product_name":"Megalevel 6 Magneti","awr_product_references":"ref:32940|ean:8001066329403|l:80 cm|2_fiale:*|magnete:6|pack:6"}],"awr_consumabili":"","awr_alternativi":"","awr_aliases":"32936,32938,32940","awr_skuid":"32936-it"},"_links":{"self":[{"href":"https:\/\/www.metrica.it\/es\/wp-json\/wp\/v2\/product\/143811","targetHints":{"allow":["GET"]}}],"collection":[{"href":"https:\/\/www.metrica.it\/es\/wp-json\/wp\/v2\/product"}],"about":[{"href":"https:\/\/www.metrica.it\/es\/wp-json\/wp\/v2\/types\/product"}],"wp:featuredmedia":[{"embeddable":true,"href":"https:\/\/www.metrica.it\/es\/wp-json\/wp\/v2\/media\/131574"}],"wp:attachment":[{"href":"https:\/\/www.metrica.it\/es\/wp-json\/wp\/v2\/media?parent=143811"}],"wp:term":[{"taxonomy":"product_cat","embeddable":true,"href":"https:\/\/www.metrica.it\/es\/wp-json\/wp\/v2\/product_cat?post=143811"},{"taxonomy":"product_tag","embeddable":true,"href":"https:\/\/www.metrica.it\/es\/wp-json\/wp\/v2\/product_tag?post=143811"}],"curies":[{"name":"wp","href":"https:\/\/api.w.org\/{rel}","templated":true}]}}