{"id":143832,"date":"2024-09-16T12:16:11","date_gmt":"2024-09-16T10:16:11","guid":{"rendered":"https:\/\/www.metrica.it\/prodotto\/medidor-de-espesor\/"},"modified":"2024-09-16T21:04:34","modified_gmt":"2024-09-16T19:04:34","slug":"medidor-de-espesor","status":"publish","type":"product","link":"https:\/\/www.metrica.it\/es\/producto\/medidor-de-espesor\/","title":{"rendered":"Medidor De Espesor"},"content":{"rendered":"<ul>\n<li>Caja de metal<\/li>\n<\/ul>\n","protected":false},"excerpt":{"rendered":"<p>Caja de metal<\/p>\n","protected":false},"featured_media":131909,"template":"","meta":[],"product_cat":[651,643],"product_tag":[],"class_list":{"0":"post-143832","1":"product","2":"type-product","3":"status-publish","4":"has-post-thumbnail","6":"product_cat-calibres","7":"product_cat-mediciones-mecanicas","9":"first","10":"instock","11":"sold-individually","12":"product-type-simple"},"yoast_head":"<title>Spessimetri | Calibres | Mediciones Mec\u00e1nicas - Metrica<\/title>\n<meta name=\"description\" content=\"Descubre la colecci\u00f3n de productos., Spessimetri - Calibres.Custodia in metallo . Consulta el cat\u00e1logo en la web oficial de Metrica.\" \/>\n<meta name=\"robots\" content=\"index, follow, max-snippet:-1, max-image-preview:large, max-video-preview:-1\" \/>\n<link rel=\"canonical\" href=\"https:\/\/www.metrica.it\/es\/producto\/medidor-de-espesor\/\" \/>\n<meta property=\"og:locale\" content=\"es_ES\" \/>\n<meta property=\"og:type\" content=\"article\" \/>\n<meta property=\"og:title\" content=\"Spessimetri | Calibres | Mediciones Mec\u00e1nicas - Metrica\" \/>\n<meta property=\"og:description\" content=\"Descubre la colecci\u00f3n de productos., Spessimetri - Calibres.Custodia in metallo . Consulta el cat\u00e1logo en la web oficial de Metrica.\" \/>\n<meta property=\"og:url\" content=\"https:\/\/www.metrica.it\/es\/producto\/medidor-de-espesor\/\" \/>\n<meta property=\"og:site_name\" content=\"Metrica\" \/>\n<meta property=\"article:modified_time\" content=\"2024-09-16T19:04:34+00:00\" \/>\n<meta property=\"og:image\" content=\"https:\/\/www.metrica.it\/wp-content\/uploads\/2024\/06\/35100.jpg\" \/>\n\t<meta property=\"og:image:width\" content=\"800\" \/>\n\t<meta property=\"og:image:height\" content=\"800\" \/>\n\t<meta property=\"og:image:type\" content=\"image\/jpeg\" \/>\n<meta name=\"twitter:card\" content=\"summary_large_image\" \/>\n<script type=\"application\/ld+json\" class=\"yoast-schema-graph\">{\"@context\":\"https:\\\/\\\/schema.org\",\"@graph\":[{\"@type\":\"WebPage\",\"@id\":\"https:\\\/\\\/www.metrica.it\\\/es\\\/producto\\\/medidor-de-espesor\\\/\",\"url\":\"https:\\\/\\\/www.metrica.it\\\/es\\\/producto\\\/medidor-de-espesor\\\/\",\"name\":\"Spessimetri | Calibres | Mediciones Mec\u00e1nicas - Metrica\",\"isPartOf\":{\"@id\":\"https:\\\/\\\/www.metrica.it\\\/es\\\/#website\"},\"primaryImageOfPage\":{\"@id\":\"https:\\\/\\\/www.metrica.it\\\/es\\\/producto\\\/medidor-de-espesor\\\/#primaryimage\"},\"image\":{\"@id\":\"https:\\\/\\\/www.metrica.it\\\/es\\\/producto\\\/medidor-de-espesor\\\/#primaryimage\"},\"thumbnailUrl\":\"https:\\\/\\\/www.metrica.it\\\/wp-content\\\/uploads\\\/2024\\\/06\\\/35100.jpg\",\"datePublished\":\"2024-09-16T10:16:11+00:00\",\"dateModified\":\"2024-09-16T19:04:34+00:00\",\"description\":\"Descubre la colecci\u00f3n de productos., Spessimetri - Calibres.Custodia in metallo . Consulta el cat\u00e1logo en la web oficial de Metrica.\",\"breadcrumb\":{\"@id\":\"https:\\\/\\\/www.metrica.it\\\/es\\\/producto\\\/medidor-de-espesor\\\/#breadcrumb\"},\"inLanguage\":\"es\",\"potentialAction\":[{\"@type\":\"ReadAction\",\"target\":[\"https:\\\/\\\/www.metrica.it\\\/es\\\/producto\\\/medidor-de-espesor\\\/\"]}]},{\"@type\":\"ImageObject\",\"inLanguage\":\"es\",\"@id\":\"https:\\\/\\\/www.metrica.it\\\/es\\\/producto\\\/medidor-de-espesor\\\/#primaryimage\",\"url\":\"https:\\\/\\\/www.metrica.it\\\/wp-content\\\/uploads\\\/2024\\\/06\\\/35100.jpg\",\"contentUrl\":\"https:\\\/\\\/www.metrica.it\\\/wp-content\\\/uploads\\\/2024\\\/06\\\/35100.jpg\",\"width\":800,\"height\":800},{\"@type\":\"BreadcrumbList\",\"@id\":\"https:\\\/\\\/www.metrica.it\\\/es\\\/producto\\\/medidor-de-espesor\\\/#breadcrumb\",\"itemListElement\":[{\"@type\":\"ListItem\",\"position\":1,\"name\":\"Home\",\"item\":\"https:\\\/\\\/www.metrica.it\\\/es\\\/\"},{\"@type\":\"ListItem\",\"position\":2,\"name\":\"Cat\u00e1logo\",\"item\":\"https:\\\/\\\/www.metrica.it\\\/es\\\/catalogo-es\\\/\"},{\"@type\":\"ListItem\",\"position\":3,\"name\":\"Medidor De Espesor\"}]},{\"@type\":\"WebSite\",\"@id\":\"https:\\\/\\\/www.metrica.it\\\/es\\\/#website\",\"url\":\"https:\\\/\\\/www.metrica.it\\\/es\\\/\",\"name\":\"Metrica\",\"description\":\"Made to measure\",\"potentialAction\":[{\"@type\":\"SearchAction\",\"target\":{\"@type\":\"EntryPoint\",\"urlTemplate\":\"https:\\\/\\\/www.metrica.it\\\/es\\\/?s={search_term_string}\"},\"query-input\":{\"@type\":\"PropertyValueSpecification\",\"valueRequired\":true,\"valueName\":\"search_term_string\"}}],\"inLanguage\":\"es\"}]}<\/script>","yoast_head_json":{"title":"Spessimetri | Calibres | Mediciones Mec\u00e1nicas - Metrica","description":"Descubre la colecci\u00f3n de productos., Spessimetri - Calibres.Custodia in metallo . Consulta el cat\u00e1logo en la web oficial de Metrica.","robots":{"index":"index","follow":"follow","max-snippet":"max-snippet:-1","max-image-preview":"max-image-preview:large","max-video-preview":"max-video-preview:-1"},"canonical":"https:\/\/www.metrica.it\/es\/producto\/medidor-de-espesor\/","og_locale":"es_ES","og_type":"article","og_title":"Spessimetri | Calibres | Mediciones Mec\u00e1nicas - Metrica","og_description":"Descubre la colecci\u00f3n de productos., Spessimetri - Calibres.Custodia in metallo . Consulta el cat\u00e1logo en la web oficial de Metrica.","og_url":"https:\/\/www.metrica.it\/es\/producto\/medidor-de-espesor\/","og_site_name":"Metrica","article_modified_time":"2024-09-16T19:04:34+00:00","og_image":[{"width":800,"height":800,"url":"https:\/\/www.metrica.it\/wp-content\/uploads\/2024\/06\/35100.jpg","type":"image\/jpeg"}],"twitter_card":"summary_large_image","schema":{"@context":"https:\/\/schema.org","@graph":[{"@type":"WebPage","@id":"https:\/\/www.metrica.it\/es\/producto\/medidor-de-espesor\/","url":"https:\/\/www.metrica.it\/es\/producto\/medidor-de-espesor\/","name":"Spessimetri | Calibres | Mediciones Mec\u00e1nicas - Metrica","isPartOf":{"@id":"https:\/\/www.metrica.it\/es\/#website"},"primaryImageOfPage":{"@id":"https:\/\/www.metrica.it\/es\/producto\/medidor-de-espesor\/#primaryimage"},"image":{"@id":"https:\/\/www.metrica.it\/es\/producto\/medidor-de-espesor\/#primaryimage"},"thumbnailUrl":"https:\/\/www.metrica.it\/wp-content\/uploads\/2024\/06\/35100.jpg","datePublished":"2024-09-16T10:16:11+00:00","dateModified":"2024-09-16T19:04:34+00:00","description":"Descubre la colecci\u00f3n de productos., Spessimetri - Calibres.Custodia in metallo . Consulta el cat\u00e1logo en la web oficial de Metrica.","breadcrumb":{"@id":"https:\/\/www.metrica.it\/es\/producto\/medidor-de-espesor\/#breadcrumb"},"inLanguage":"es","potentialAction":[{"@type":"ReadAction","target":["https:\/\/www.metrica.it\/es\/producto\/medidor-de-espesor\/"]}]},{"@type":"ImageObject","inLanguage":"es","@id":"https:\/\/www.metrica.it\/es\/producto\/medidor-de-espesor\/#primaryimage","url":"https:\/\/www.metrica.it\/wp-content\/uploads\/2024\/06\/35100.jpg","contentUrl":"https:\/\/www.metrica.it\/wp-content\/uploads\/2024\/06\/35100.jpg","width":800,"height":800},{"@type":"BreadcrumbList","@id":"https:\/\/www.metrica.it\/es\/producto\/medidor-de-espesor\/#breadcrumb","itemListElement":[{"@type":"ListItem","position":1,"name":"Home","item":"https:\/\/www.metrica.it\/es\/"},{"@type":"ListItem","position":2,"name":"Cat\u00e1logo","item":"https:\/\/www.metrica.it\/es\/catalogo-es\/"},{"@type":"ListItem","position":3,"name":"Medidor De Espesor"}]},{"@type":"WebSite","@id":"https:\/\/www.metrica.it\/es\/#website","url":"https:\/\/www.metrica.it\/es\/","name":"Metrica","description":"Made to measure","potentialAction":[{"@type":"SearchAction","target":{"@type":"EntryPoint","urlTemplate":"https:\/\/www.metrica.it\/es\/?s={search_term_string}"},"query-input":{"@type":"PropertyValueSpecification","valueRequired":true,"valueName":"search_term_string"}}],"inLanguage":"es"}]}},"meta_box":{"awr_documentation":[],"awr_manuale":[],"awr_scheda_tecnica":"","awr_youtube_video":"","awr_classe_prodotto":"","awr_customize_product":"0","awr_custom_image":false,"awr_related_products":[{"awr_product_name":"Spessimetri","awr_product_references":"ref:05100|ean:8001066051007|l_mm:100|n:8|s_mm:0,05\u00f70,5|num_pz_gdo:5"},{"awr_product_name":"Spessimetri","awr_product_references":"ref:05101|ean:8001066051014|l_mm:100|n:13|s_mm:0,05\u00f71|num_pz_gdo:5"},{"awr_product_name":"Spessimetri","awr_product_references":"ref:05102|ean:8001066051021|l_mm:100|n:20|s_mm:0,05\u00f71|num_pz_gdo:5"},{"awr_product_name":"Spessimetri","awr_product_references":"ref:05103|ean:8001066051038|l_mm:100|n:20|s_mm:0,05\u00f72|num_pz_gdo:5"},{"awr_product_name":"Spessimetri","awr_product_references":"ref:05104|ean:8001066051045|l_mm:75|n:5|s_mm:0,1\u00f70,3|num_pz_gdo:5"},{"awr_product_name":"Spessimetri","awr_product_references":"ref:05105|ean:8001066051052|l_mm:100|n:8|s_mm:0,03\u00f70,1|num_pz_gdo:5"},{"awr_product_name":"Spessimetri","awr_product_references":"ref:35100|ean:8001066351008|l_mm:100|n:8|s_mm:0,05\u00f70,5|pack:4"},{"awr_product_name":"Spessimetri","awr_product_references":"ref:35101|ean:8001066351015|l_mm:100|n:13|s_mm:0,05\u00f71|pack:4"},{"awr_product_name":"Spessimetri","awr_product_references":"ref:35102|ean:8001066351022|l_mm:100|n:20|s_mm:0,05\u00f71|pack:4"},{"awr_product_name":"Spessimetri","awr_product_references":"ref:35103|ean:8001066351039|l_mm:100|n:20|s_mm:0,05\u00f72|pack:4"},{"awr_product_name":"Spessimetri","awr_product_references":"ref:35104|ean:8001066351046|l_mm:75|n:5|s_mm:0,1\u00f70,3|pack:4"},{"awr_product_name":"Spessimetri","awr_product_references":"ref:35105|ean:8001066351053|l_mm:100|n:8|s_mm:0,03\u00f70,1|pack:4"}],"awr_consumabili":"","awr_alternativi":"","awr_aliases":"05100,05101,05102,05103,05104,05105,35100,35101,35102,35103,35104,35105","awr_skuid":"35100-it"},"_links":{"self":[{"href":"https:\/\/www.metrica.it\/es\/wp-json\/wp\/v2\/product\/143832","targetHints":{"allow":["GET"]}}],"collection":[{"href":"https:\/\/www.metrica.it\/es\/wp-json\/wp\/v2\/product"}],"about":[{"href":"https:\/\/www.metrica.it\/es\/wp-json\/wp\/v2\/types\/product"}],"wp:featuredmedia":[{"embeddable":true,"href":"https:\/\/www.metrica.it\/es\/wp-json\/wp\/v2\/media\/131909"}],"wp:attachment":[{"href":"https:\/\/www.metrica.it\/es\/wp-json\/wp\/v2\/media?parent=143832"}],"wp:term":[{"taxonomy":"product_cat","embeddable":true,"href":"https:\/\/www.metrica.it\/es\/wp-json\/wp\/v2\/product_cat?post=143832"},{"taxonomy":"product_tag","embeddable":true,"href":"https:\/\/www.metrica.it\/es\/wp-json\/wp\/v2\/product_tag?post=143832"}],"curies":[{"name":"wp","href":"https:\/\/api.w.org\/{rel}","templated":true}]}}