{"id":143927,"date":"2024-09-16T12:44:51","date_gmt":"2024-09-16T10:44:51","guid":{"rendered":"https:\/\/www.metrica.it\/prodotto\/termocamara-flir-c3-x-c5\/"},"modified":"2024-09-16T21:36:38","modified_gmt":"2024-09-16T19:36:38","slug":"termocamara-flir-c3-x-c5","status":"publish","type":"product","link":"https:\/\/www.metrica.it\/es\/producto\/termocamara-flir-c3-x-c5\/","title":{"rendered":"Termoc\u00c1mara Flir C3-x \/ C5"},"content":{"rendered":"<ul>\n<li>C\u00f3d. 60393- FLIR C3-X<\/li>\n<li>Pantalla t\u00e1ctil 3,5\u201d intuitiva<\/li>\n<li>Resoluci\u00f3n 128 x 96 p\u00edxeles (12,288 p\u00edxeles)<\/li>\n<li>Intervalo de medici\u00f3n de -20 a +300 \u00b0C<\/li>\n<li>Funci\u00f3n de MSX: imagen real y de infrarrojos combinados<\/li>\n<li>Could FLIR Ignite incluido<\/li>\n<li>Wi-Fi<\/li>\n<li>5000 im\u00e1genes de memoria<\/li>\n<li>\u00a0<\/li>\n<li>C\u00f3d. 60395- FLIR C5<\/li>\n<li>Pantalla t\u00e1ctil 3,5\u201d intuitiva<\/li>\n<li>Resoluci\u00f3n 128 x 96 p\u00edxeles (12,288 p\u00edxeles)<\/li>\n<li>Intervalo de medici\u00f3n de -20 a +400 \u00b0C<\/li>\n<li>Funci\u00f3n de MSX: imagen real y de infrarrojos combinados<\/li>\n<li>Flir Tools Software incluso<\/li>\n<li>Wi-Fi<\/li>\n<li>5000 im\u00e1genes de memoria<\/li>\n<\/ul>\n","protected":false},"excerpt":{"rendered":"<ul>\n<li>C\u00f3d. 60393- FLIR C3-X<\/li>\n<li>Pantalla t\u00e1ctil 3,5\u201d intuitiva<\/li>\n<li>Resoluci\u00f3n 128 x 96 p\u00edxeles (12,288 p\u00edxeles)<\/li>\n<li>Intervalo de medici\u00f3n de -20 a +300 \u00b0C<\/li>\n<li>Funci\u00f3n de MSX: imagen real y de infrarrojos combinados<\/li>\n<li>Could FLIR Ignite incluido<\/li>\n<li>Wi-Fi<\/li>\n<li>5000 im\u00e1genes de memoria<\/li>\n<li>\u00a0<\/li>\n<li>C\u00f3d. 60395- FLIR C5<\/li>\n<li>Pantalla t\u00e1ctil 3,5\u201d intuitiva<\/li>\n<li>Resoluci\u00f3n 128 x 96 p\u00edxeles (12,288 p\u00edxeles)<\/li>\n<li>Intervalo de medici\u00f3n de -20 a +400 \u00b0C<\/li>\n<li>Funci\u00f3n de MSX: imagen real y de infrarrojos combinados<\/li>\n<li>Flir Tools Software incluso<\/li>\n<li>Wi-Fi<\/li>\n<li>5000 im\u00e1genes de memoria<\/li>\n<li>\u00a0<\/li>\n<\/ul>\n","protected":false},"featured_media":121047,"template":"","meta":[],"product_cat":[517,544],"product_tag":[],"class_list":{"0":"post-143927","1":"product","2":"type-product","3":"status-publish","4":"has-post-thumbnail","6":"product_cat-laser-y-termocamaras","7":"product_cat-termocamaras","9":"first","10":"instock","11":"sold-individually","12":"product-type-simple"},"yoast_head":"<title>TERMOCAMERA FLIR C2 \/ C3 | Termoc\u00e1maras | Laser y Termocamaras - Metrica<\/title>\n<meta name=\"description\" content=\"Descubre la colecci\u00f3n de productos., TERMOCAMERA FLIR C2 \/ C3 - Termoc\u00e1maras.C2 - Ref. 60402,Immagini radiometriche a 4800 pixel\/punti di misura,Schermo touch screen da 3&rdquo; intuitivo (320 x 240 . Consulta el cat\u00e1logo en la web oficial de Metrica.\" \/>\n<meta name=\"robots\" content=\"index, follow, max-snippet:-1, max-image-preview:large, max-video-preview:-1\" \/>\n<link rel=\"canonical\" href=\"https:\/\/www.metrica.it\/es\/producto\/termocamara-flir-c3-x-c5\/\" \/>\n<meta property=\"og:locale\" content=\"es_ES\" \/>\n<meta property=\"og:type\" content=\"article\" \/>\n<meta property=\"og:title\" content=\"TERMOCAMERA FLIR C2 \/ C3 | Termoc\u00e1maras | Laser y Termocamaras - Metrica\" \/>\n<meta property=\"og:description\" content=\"Descubre la colecci\u00f3n de productos., TERMOCAMERA FLIR C2 \/ C3 - Termoc\u00e1maras.C2 - Ref. 60402,Immagini radiometriche a 4800 pixel\/punti di misura,Schermo touch screen da 3&rdquo; intuitivo (320 x 240 . Consulta el cat\u00e1logo en la web oficial de Metrica.\" \/>\n<meta property=\"og:url\" content=\"https:\/\/www.metrica.it\/es\/producto\/termocamara-flir-c3-x-c5\/\" \/>\n<meta property=\"og:site_name\" content=\"Metrica\" \/>\n<meta property=\"article:modified_time\" content=\"2024-09-16T19:36:38+00:00\" \/>\n<meta property=\"og:image\" content=\"https:\/\/www.metrica.it\/wp-content\/uploads\/2024\/05\/60393_c3x.jpg\" \/>\n\t<meta property=\"og:image:width\" content=\"1200\" \/>\n\t<meta property=\"og:image:height\" content=\"1200\" \/>\n\t<meta property=\"og:image:type\" content=\"image\/jpeg\" \/>\n<meta name=\"twitter:card\" content=\"summary_large_image\" \/>\n<script type=\"application\/ld+json\" class=\"yoast-schema-graph\">{\"@context\":\"https:\\\/\\\/schema.org\",\"@graph\":[{\"@type\":\"WebPage\",\"@id\":\"https:\\\/\\\/www.metrica.it\\\/es\\\/producto\\\/termocamara-flir-c3-x-c5\\\/\",\"url\":\"https:\\\/\\\/www.metrica.it\\\/es\\\/producto\\\/termocamara-flir-c3-x-c5\\\/\",\"name\":\"TERMOCAMERA FLIR C2 \\\/ C3 | Termoc\u00e1maras | Laser y Termocamaras - Metrica\",\"isPartOf\":{\"@id\":\"https:\\\/\\\/www.metrica.it\\\/es\\\/#website\"},\"primaryImageOfPage\":{\"@id\":\"https:\\\/\\\/www.metrica.it\\\/es\\\/producto\\\/termocamara-flir-c3-x-c5\\\/#primaryimage\"},\"image\":{\"@id\":\"https:\\\/\\\/www.metrica.it\\\/es\\\/producto\\\/termocamara-flir-c3-x-c5\\\/#primaryimage\"},\"thumbnailUrl\":\"https:\\\/\\\/www.metrica.it\\\/wp-content\\\/uploads\\\/2024\\\/05\\\/60393_c3x.jpg\",\"datePublished\":\"2024-09-16T10:44:51+00:00\",\"dateModified\":\"2024-09-16T19:36:38+00:00\",\"description\":\"Descubre la colecci\u00f3n de productos., TERMOCAMERA FLIR C2 \\\/ C3 - Termoc\u00e1maras.C2 - Ref. 60402,Immagini radiometriche a 4800 pixel\\\/punti di misura,Schermo touch screen da 3&rdquo; intuitivo (320 x 240 . Consulta el cat\u00e1logo en la web oficial de Metrica.\",\"breadcrumb\":{\"@id\":\"https:\\\/\\\/www.metrica.it\\\/es\\\/producto\\\/termocamara-flir-c3-x-c5\\\/#breadcrumb\"},\"inLanguage\":\"es\",\"potentialAction\":[{\"@type\":\"ReadAction\",\"target\":[\"https:\\\/\\\/www.metrica.it\\\/es\\\/producto\\\/termocamara-flir-c3-x-c5\\\/\"]}]},{\"@type\":\"ImageObject\",\"inLanguage\":\"es\",\"@id\":\"https:\\\/\\\/www.metrica.it\\\/es\\\/producto\\\/termocamara-flir-c3-x-c5\\\/#primaryimage\",\"url\":\"https:\\\/\\\/www.metrica.it\\\/wp-content\\\/uploads\\\/2024\\\/05\\\/60393_c3x.jpg\",\"contentUrl\":\"https:\\\/\\\/www.metrica.it\\\/wp-content\\\/uploads\\\/2024\\\/05\\\/60393_c3x.jpg\",\"width\":1200,\"height\":1200},{\"@type\":\"BreadcrumbList\",\"@id\":\"https:\\\/\\\/www.metrica.it\\\/es\\\/producto\\\/termocamara-flir-c3-x-c5\\\/#breadcrumb\",\"itemListElement\":[{\"@type\":\"ListItem\",\"position\":1,\"name\":\"Home\",\"item\":\"https:\\\/\\\/www.metrica.it\\\/es\\\/\"},{\"@type\":\"ListItem\",\"position\":2,\"name\":\"Cat\u00e1logo\",\"item\":\"https:\\\/\\\/www.metrica.it\\\/es\\\/catalogo-es\\\/\"},{\"@type\":\"ListItem\",\"position\":3,\"name\":\"Termoc\u00c1mara Flir C3-x \\\/ C5\"}]},{\"@type\":\"WebSite\",\"@id\":\"https:\\\/\\\/www.metrica.it\\\/es\\\/#website\",\"url\":\"https:\\\/\\\/www.metrica.it\\\/es\\\/\",\"name\":\"Metrica\",\"description\":\"Made to measure\",\"potentialAction\":[{\"@type\":\"SearchAction\",\"target\":{\"@type\":\"EntryPoint\",\"urlTemplate\":\"https:\\\/\\\/www.metrica.it\\\/es\\\/?s={search_term_string}\"},\"query-input\":{\"@type\":\"PropertyValueSpecification\",\"valueRequired\":true,\"valueName\":\"search_term_string\"}}],\"inLanguage\":\"es\"}]}<\/script>","yoast_head_json":{"title":"TERMOCAMERA FLIR C2 \/ C3 | Termoc\u00e1maras | Laser y Termocamaras - Metrica","description":"Descubre la colecci\u00f3n de productos., TERMOCAMERA FLIR C2 \/ C3 - Termoc\u00e1maras.C2 - Ref. 60402,Immagini radiometriche a 4800 pixel\/punti di misura,Schermo touch screen da 3&rdquo; intuitivo (320 x 240 . Consulta el cat\u00e1logo en la web oficial de Metrica.","robots":{"index":"index","follow":"follow","max-snippet":"max-snippet:-1","max-image-preview":"max-image-preview:large","max-video-preview":"max-video-preview:-1"},"canonical":"https:\/\/www.metrica.it\/es\/producto\/termocamara-flir-c3-x-c5\/","og_locale":"es_ES","og_type":"article","og_title":"TERMOCAMERA FLIR C2 \/ C3 | Termoc\u00e1maras | Laser y Termocamaras - Metrica","og_description":"Descubre la colecci\u00f3n de productos., TERMOCAMERA FLIR C2 \/ C3 - Termoc\u00e1maras.C2 - Ref. 60402,Immagini radiometriche a 4800 pixel\/punti di misura,Schermo touch screen da 3&rdquo; intuitivo (320 x 240 . Consulta el cat\u00e1logo en la web oficial de Metrica.","og_url":"https:\/\/www.metrica.it\/es\/producto\/termocamara-flir-c3-x-c5\/","og_site_name":"Metrica","article_modified_time":"2024-09-16T19:36:38+00:00","og_image":[{"width":1200,"height":1200,"url":"https:\/\/www.metrica.it\/wp-content\/uploads\/2024\/05\/60393_c3x.jpg","type":"image\/jpeg"}],"twitter_card":"summary_large_image","schema":{"@context":"https:\/\/schema.org","@graph":[{"@type":"WebPage","@id":"https:\/\/www.metrica.it\/es\/producto\/termocamara-flir-c3-x-c5\/","url":"https:\/\/www.metrica.it\/es\/producto\/termocamara-flir-c3-x-c5\/","name":"TERMOCAMERA FLIR C2 \/ C3 | Termoc\u00e1maras | Laser y Termocamaras - Metrica","isPartOf":{"@id":"https:\/\/www.metrica.it\/es\/#website"},"primaryImageOfPage":{"@id":"https:\/\/www.metrica.it\/es\/producto\/termocamara-flir-c3-x-c5\/#primaryimage"},"image":{"@id":"https:\/\/www.metrica.it\/es\/producto\/termocamara-flir-c3-x-c5\/#primaryimage"},"thumbnailUrl":"https:\/\/www.metrica.it\/wp-content\/uploads\/2024\/05\/60393_c3x.jpg","datePublished":"2024-09-16T10:44:51+00:00","dateModified":"2024-09-16T19:36:38+00:00","description":"Descubre la colecci\u00f3n de productos., TERMOCAMERA FLIR C2 \/ C3 - Termoc\u00e1maras.C2 - Ref. 60402,Immagini radiometriche a 4800 pixel\/punti di misura,Schermo touch screen da 3&rdquo; intuitivo (320 x 240 . Consulta el cat\u00e1logo en la web oficial de Metrica.","breadcrumb":{"@id":"https:\/\/www.metrica.it\/es\/producto\/termocamara-flir-c3-x-c5\/#breadcrumb"},"inLanguage":"es","potentialAction":[{"@type":"ReadAction","target":["https:\/\/www.metrica.it\/es\/producto\/termocamara-flir-c3-x-c5\/"]}]},{"@type":"ImageObject","inLanguage":"es","@id":"https:\/\/www.metrica.it\/es\/producto\/termocamara-flir-c3-x-c5\/#primaryimage","url":"https:\/\/www.metrica.it\/wp-content\/uploads\/2024\/05\/60393_c3x.jpg","contentUrl":"https:\/\/www.metrica.it\/wp-content\/uploads\/2024\/05\/60393_c3x.jpg","width":1200,"height":1200},{"@type":"BreadcrumbList","@id":"https:\/\/www.metrica.it\/es\/producto\/termocamara-flir-c3-x-c5\/#breadcrumb","itemListElement":[{"@type":"ListItem","position":1,"name":"Home","item":"https:\/\/www.metrica.it\/es\/"},{"@type":"ListItem","position":2,"name":"Cat\u00e1logo","item":"https:\/\/www.metrica.it\/es\/catalogo-es\/"},{"@type":"ListItem","position":3,"name":"Termoc\u00c1mara Flir C3-x \/ C5"}]},{"@type":"WebSite","@id":"https:\/\/www.metrica.it\/es\/#website","url":"https:\/\/www.metrica.it\/es\/","name":"Metrica","description":"Made to measure","potentialAction":[{"@type":"SearchAction","target":{"@type":"EntryPoint","urlTemplate":"https:\/\/www.metrica.it\/es\/?s={search_term_string}"},"query-input":{"@type":"PropertyValueSpecification","valueRequired":true,"valueName":"search_term_string"}}],"inLanguage":"es"}]}},"meta_box":{"awr_documentation":[],"awr_manuale":[],"awr_scheda_tecnica":"","awr_youtube_video":"","awr_classe_prodotto":"","awr_customize_product":"0","awr_custom_image":false,"awr_related_products":[{"awr_product_name":"Termocamera Flir C3-x \/ C5","awr_product_references":"ref:60393|ean:8001066603930|pack:1"},{"awr_product_name":"Termocamera Flir C3-x \/ C5","awr_product_references":"ref:60395|ean:8001066603954|pack:1"}],"awr_consumabili":"","awr_alternativi":"","awr_aliases":"60393,60395","awr_skuid":"60393-it"},"_links":{"self":[{"href":"https:\/\/www.metrica.it\/es\/wp-json\/wp\/v2\/product\/143927","targetHints":{"allow":["GET"]}}],"collection":[{"href":"https:\/\/www.metrica.it\/es\/wp-json\/wp\/v2\/product"}],"about":[{"href":"https:\/\/www.metrica.it\/es\/wp-json\/wp\/v2\/types\/product"}],"wp:featuredmedia":[{"embeddable":true,"href":"https:\/\/www.metrica.it\/es\/wp-json\/wp\/v2\/media\/121047"}],"wp:attachment":[{"href":"https:\/\/www.metrica.it\/es\/wp-json\/wp\/v2\/media?parent=143927"}],"wp:term":[{"taxonomy":"product_cat","embeddable":true,"href":"https:\/\/www.metrica.it\/es\/wp-json\/wp\/v2\/product_cat?post=143927"},{"taxonomy":"product_tag","embeddable":true,"href":"https:\/\/www.metrica.it\/es\/wp-json\/wp\/v2\/product_tag?post=143927"}],"curies":[{"name":"wp","href":"https:\/\/api.w.org\/{rel}","templated":true}]}}