{"id":144033,"date":"2024-09-16T12:39:03","date_gmt":"2024-09-16T10:39:03","guid":{"rendered":"https:\/\/www.metrica.it\/prodotto\/alexametro-contactos-metal-duro\/"},"modified":"2025-06-12T12:27:21","modified_gmt":"2025-06-12T10:27:21","slug":"alexametro-contactos-metal-duro","status":"publish","type":"product","link":"https:\/\/www.metrica.it\/es\/producto\/alexametro-contactos-metal-duro\/","title":{"rendered":"Alexametro, Contactos Metal Duro"},"content":{"rendered":"<ul>\n<li>Contacto mobil y alargadores en metal duro (Fig. A)<\/li>\n<li>Caja de madera<\/li>\n<li>Sin comparador<\/li>\n<\/ul>\n","protected":false},"excerpt":{"rendered":"<p>Contacto mobil y alargadores en metal duro (Fig. A)<br \/>\nCaja de madera<br \/>\nSin comparador<\/p>\n","protected":false},"featured_media":244062,"template":"","meta":[],"product_cat":[647,643],"product_tag":[],"class_list":{"0":"post-144033","1":"product","2":"type-product","3":"status-publish","4":"has-post-thumbnail","6":"product_cat-calibres-de-perforacion","7":"product_cat-mediciones-mecanicas","9":"first","10":"instock","11":"sold-individually","12":"product-type-simple"},"yoast_head":"<title>Alesametro Contatti In Metallo Duro | Calibres de perforaci\u00f3n | Mediciones Mec\u00e1nicas - Metrica<\/title>\n<meta name=\"description\" content=\"Descubre la colecci\u00f3n de productos., Alesametro Contatti In Metallo Duro - Calibres de perforaci\u00f3n.Tastatore mobile e prolunghe con contatti in metallo duro (Fig. A),Astuccio in legno,Fornito senza c . Consulta el cat\u00e1logo en la web oficial de Metrica.\" \/>\n<meta name=\"robots\" content=\"index, follow, max-snippet:-1, max-image-preview:large, max-video-preview:-1\" \/>\n<link rel=\"canonical\" href=\"https:\/\/www.metrica.it\/es\/producto\/alexametro-contactos-metal-duro\/\" \/>\n<meta property=\"og:locale\" content=\"es_ES\" \/>\n<meta property=\"og:type\" content=\"article\" \/>\n<meta property=\"og:title\" content=\"Alesametro Contatti In Metallo Duro | Calibres de perforaci\u00f3n | Mediciones Mec\u00e1nicas - Metrica\" \/>\n<meta property=\"og:description\" content=\"Descubre la colecci\u00f3n de productos., Alesametro Contatti In Metallo Duro - Calibres de perforaci\u00f3n.Tastatore mobile e prolunghe con contatti in metallo duro (Fig. A),Astuccio in legno,Fornito senza c . Consulta el cat\u00e1logo en la web oficial de Metrica.\" \/>\n<meta property=\"og:url\" content=\"https:\/\/www.metrica.it\/es\/producto\/alexametro-contactos-metal-duro\/\" \/>\n<meta property=\"og:site_name\" content=\"Metrica\" \/>\n<meta property=\"article:modified_time\" content=\"2025-06-12T10:27:21+00:00\" \/>\n<meta property=\"og:image\" content=\"https:\/\/www.metrica.it\/wp-content\/uploads\/2024\/09\/42120-5.jpg\" \/>\n\t<meta property=\"og:image:width\" content=\"1200\" \/>\n\t<meta property=\"og:image:height\" content=\"1200\" \/>\n\t<meta property=\"og:image:type\" content=\"image\/jpeg\" \/>\n<meta name=\"twitter:card\" content=\"summary_large_image\" \/>\n<meta name=\"twitter:label1\" content=\"Tiempo de lectura\" \/>\n\t<meta name=\"twitter:data1\" content=\"1 minuto\" \/>\n<script type=\"application\/ld+json\" class=\"yoast-schema-graph\">{\"@context\":\"https:\\\/\\\/schema.org\",\"@graph\":[{\"@type\":\"WebPage\",\"@id\":\"https:\\\/\\\/www.metrica.it\\\/es\\\/producto\\\/alexametro-contactos-metal-duro\\\/\",\"url\":\"https:\\\/\\\/www.metrica.it\\\/es\\\/producto\\\/alexametro-contactos-metal-duro\\\/\",\"name\":\"Alesametro Contatti In Metallo Duro | Calibres de perforaci\u00f3n | Mediciones Mec\u00e1nicas - Metrica\",\"isPartOf\":{\"@id\":\"https:\\\/\\\/www.metrica.it\\\/es\\\/#website\"},\"primaryImageOfPage\":{\"@id\":\"https:\\\/\\\/www.metrica.it\\\/es\\\/producto\\\/alexametro-contactos-metal-duro\\\/#primaryimage\"},\"image\":{\"@id\":\"https:\\\/\\\/www.metrica.it\\\/es\\\/producto\\\/alexametro-contactos-metal-duro\\\/#primaryimage\"},\"thumbnailUrl\":\"https:\\\/\\\/www.metrica.it\\\/wp-content\\\/uploads\\\/2024\\\/09\\\/42120-5.jpg\",\"datePublished\":\"2024-09-16T10:39:03+00:00\",\"dateModified\":\"2025-06-12T10:27:21+00:00\",\"description\":\"Descubre la colecci\u00f3n de productos., Alesametro Contatti In Metallo Duro - Calibres de perforaci\u00f3n.Tastatore mobile e prolunghe con contatti in metallo duro (Fig. A),Astuccio in legno,Fornito senza c . Consulta el cat\u00e1logo en la web oficial de Metrica.\",\"breadcrumb\":{\"@id\":\"https:\\\/\\\/www.metrica.it\\\/es\\\/producto\\\/alexametro-contactos-metal-duro\\\/#breadcrumb\"},\"inLanguage\":\"es\",\"potentialAction\":[{\"@type\":\"ReadAction\",\"target\":[\"https:\\\/\\\/www.metrica.it\\\/es\\\/producto\\\/alexametro-contactos-metal-duro\\\/\"]}]},{\"@type\":\"ImageObject\",\"inLanguage\":\"es\",\"@id\":\"https:\\\/\\\/www.metrica.it\\\/es\\\/producto\\\/alexametro-contactos-metal-duro\\\/#primaryimage\",\"url\":\"https:\\\/\\\/www.metrica.it\\\/wp-content\\\/uploads\\\/2024\\\/09\\\/42120-5.jpg\",\"contentUrl\":\"https:\\\/\\\/www.metrica.it\\\/wp-content\\\/uploads\\\/2024\\\/09\\\/42120-5.jpg\",\"width\":1200,\"height\":1200},{\"@type\":\"BreadcrumbList\",\"@id\":\"https:\\\/\\\/www.metrica.it\\\/es\\\/producto\\\/alexametro-contactos-metal-duro\\\/#breadcrumb\",\"itemListElement\":[{\"@type\":\"ListItem\",\"position\":1,\"name\":\"Home\",\"item\":\"https:\\\/\\\/www.metrica.it\\\/es\\\/\"},{\"@type\":\"ListItem\",\"position\":2,\"name\":\"Cat\u00e1logo\",\"item\":\"https:\\\/\\\/www.metrica.it\\\/es\\\/catalogo-es\\\/\"},{\"@type\":\"ListItem\",\"position\":3,\"name\":\"Alexametro, Contactos Metal Duro\"}]},{\"@type\":\"WebSite\",\"@id\":\"https:\\\/\\\/www.metrica.it\\\/es\\\/#website\",\"url\":\"https:\\\/\\\/www.metrica.it\\\/es\\\/\",\"name\":\"Metrica\",\"description\":\"Made to measure\",\"potentialAction\":[{\"@type\":\"SearchAction\",\"target\":{\"@type\":\"EntryPoint\",\"urlTemplate\":\"https:\\\/\\\/www.metrica.it\\\/es\\\/?s={search_term_string}\"},\"query-input\":{\"@type\":\"PropertyValueSpecification\",\"valueRequired\":true,\"valueName\":\"search_term_string\"}}],\"inLanguage\":\"es\"}]}<\/script>","yoast_head_json":{"title":"Alesametro Contatti In Metallo Duro | Calibres de perforaci\u00f3n | Mediciones Mec\u00e1nicas - Metrica","description":"Descubre la colecci\u00f3n de productos., Alesametro Contatti In Metallo Duro - Calibres de perforaci\u00f3n.Tastatore mobile e prolunghe con contatti in metallo duro (Fig. A),Astuccio in legno,Fornito senza c . Consulta el cat\u00e1logo en la web oficial de Metrica.","robots":{"index":"index","follow":"follow","max-snippet":"max-snippet:-1","max-image-preview":"max-image-preview:large","max-video-preview":"max-video-preview:-1"},"canonical":"https:\/\/www.metrica.it\/es\/producto\/alexametro-contactos-metal-duro\/","og_locale":"es_ES","og_type":"article","og_title":"Alesametro Contatti In Metallo Duro | Calibres de perforaci\u00f3n | Mediciones Mec\u00e1nicas - Metrica","og_description":"Descubre la colecci\u00f3n de productos., Alesametro Contatti In Metallo Duro - Calibres de perforaci\u00f3n.Tastatore mobile e prolunghe con contatti in metallo duro (Fig. A),Astuccio in legno,Fornito senza c . Consulta el cat\u00e1logo en la web oficial de Metrica.","og_url":"https:\/\/www.metrica.it\/es\/producto\/alexametro-contactos-metal-duro\/","og_site_name":"Metrica","article_modified_time":"2025-06-12T10:27:21+00:00","og_image":[{"width":1200,"height":1200,"url":"https:\/\/www.metrica.it\/wp-content\/uploads\/2024\/09\/42120-5.jpg","type":"image\/jpeg"}],"twitter_card":"summary_large_image","twitter_misc":{"Tiempo de lectura":"1 minuto"},"schema":{"@context":"https:\/\/schema.org","@graph":[{"@type":"WebPage","@id":"https:\/\/www.metrica.it\/es\/producto\/alexametro-contactos-metal-duro\/","url":"https:\/\/www.metrica.it\/es\/producto\/alexametro-contactos-metal-duro\/","name":"Alesametro Contatti In Metallo Duro | Calibres de perforaci\u00f3n | Mediciones Mec\u00e1nicas - Metrica","isPartOf":{"@id":"https:\/\/www.metrica.it\/es\/#website"},"primaryImageOfPage":{"@id":"https:\/\/www.metrica.it\/es\/producto\/alexametro-contactos-metal-duro\/#primaryimage"},"image":{"@id":"https:\/\/www.metrica.it\/es\/producto\/alexametro-contactos-metal-duro\/#primaryimage"},"thumbnailUrl":"https:\/\/www.metrica.it\/wp-content\/uploads\/2024\/09\/42120-5.jpg","datePublished":"2024-09-16T10:39:03+00:00","dateModified":"2025-06-12T10:27:21+00:00","description":"Descubre la colecci\u00f3n de productos., Alesametro Contatti In Metallo Duro - Calibres de perforaci\u00f3n.Tastatore mobile e prolunghe con contatti in metallo duro (Fig. A),Astuccio in legno,Fornito senza c . Consulta el cat\u00e1logo en la web oficial de Metrica.","breadcrumb":{"@id":"https:\/\/www.metrica.it\/es\/producto\/alexametro-contactos-metal-duro\/#breadcrumb"},"inLanguage":"es","potentialAction":[{"@type":"ReadAction","target":["https:\/\/www.metrica.it\/es\/producto\/alexametro-contactos-metal-duro\/"]}]},{"@type":"ImageObject","inLanguage":"es","@id":"https:\/\/www.metrica.it\/es\/producto\/alexametro-contactos-metal-duro\/#primaryimage","url":"https:\/\/www.metrica.it\/wp-content\/uploads\/2024\/09\/42120-5.jpg","contentUrl":"https:\/\/www.metrica.it\/wp-content\/uploads\/2024\/09\/42120-5.jpg","width":1200,"height":1200},{"@type":"BreadcrumbList","@id":"https:\/\/www.metrica.it\/es\/producto\/alexametro-contactos-metal-duro\/#breadcrumb","itemListElement":[{"@type":"ListItem","position":1,"name":"Home","item":"https:\/\/www.metrica.it\/es\/"},{"@type":"ListItem","position":2,"name":"Cat\u00e1logo","item":"https:\/\/www.metrica.it\/es\/catalogo-es\/"},{"@type":"ListItem","position":3,"name":"Alexametro, Contactos Metal Duro"}]},{"@type":"WebSite","@id":"https:\/\/www.metrica.it\/es\/#website","url":"https:\/\/www.metrica.it\/es\/","name":"Metrica","description":"Made to measure","potentialAction":[{"@type":"SearchAction","target":{"@type":"EntryPoint","urlTemplate":"https:\/\/www.metrica.it\/es\/?s={search_term_string}"},"query-input":{"@type":"PropertyValueSpecification","valueRequired":true,"valueName":"search_term_string"}}],"inLanguage":"es"}]}},"meta_box":{"awr_documentation":[],"awr_manuale":[],"awr_scheda_tecnica":"","awr_youtube_video":"","awr_classe_prodotto":"","awr_customize_product":"0","awr_custom_image":false,"awr_related_products":[{"awr_product_name":"Alesametro Contatti In Metallo Duro","awr_product_references":"ref:42110|ean:8001066421107|a_mm:15 \u00f7 35|l_mm:200|pack:1"},{"awr_product_name":"Alesametro Contatti In Metallo Duro","awr_product_references":"ref:42120|ean:8001066421206|a_mm:30 \u00f7 100|l_mm:300|pack:1"},{"awr_product_name":"Alesametro Contatti In Metallo Duro","awr_product_references":"ref:42130|ean:8001066421305|a_mm:50 \u00f7 178|l_mm:300|pack:1"},{"awr_product_name":"Alesametro Contatti In Metallo Duro","awr_product_references":"ref:42140|ean:8001066421404|a_mm:100 \u00f7 300|l_mm:300|pack:1"}],"awr_consumabili":"","awr_alternativi":"","awr_aliases":"42110,42120,42130,42140","awr_skuid":"42110-it"},"_links":{"self":[{"href":"https:\/\/www.metrica.it\/es\/wp-json\/wp\/v2\/product\/144033","targetHints":{"allow":["GET"]}}],"collection":[{"href":"https:\/\/www.metrica.it\/es\/wp-json\/wp\/v2\/product"}],"about":[{"href":"https:\/\/www.metrica.it\/es\/wp-json\/wp\/v2\/types\/product"}],"wp:featuredmedia":[{"embeddable":true,"href":"https:\/\/www.metrica.it\/es\/wp-json\/wp\/v2\/media\/244062"}],"wp:attachment":[{"href":"https:\/\/www.metrica.it\/es\/wp-json\/wp\/v2\/media?parent=144033"}],"wp:term":[{"taxonomy":"product_cat","embeddable":true,"href":"https:\/\/www.metrica.it\/es\/wp-json\/wp\/v2\/product_cat?post=144033"},{"taxonomy":"product_tag","embeddable":true,"href":"https:\/\/www.metrica.it\/es\/wp-json\/wp\/v2\/product_tag?post=144033"}],"curies":[{"name":"wp","href":"https:\/\/api.w.org\/{rel}","templated":true}]}}