{"id":144103,"date":"2024-09-16T11:35:32","date_gmt":"2024-09-16T09:35:32","guid":{"rendered":"https:\/\/www.metrica.it\/prodotto\/compas-a-muelle-para-interiores\/"},"modified":"2024-09-16T20:27:22","modified_gmt":"2024-09-16T18:27:22","slug":"compas-a-muelle-para-interiores","status":"publish","type":"product","link":"https:\/\/www.metrica.it\/es\/producto\/compas-a-muelle-para-interiores\/","title":{"rendered":"Comp\u00e0s A Muelle Para Interiores"},"content":{"rendered":"<ul>\n<li>Comp\u00e0s a muelle para interiores<\/li>\n<li>Apertura r\u00e1pida<\/li>\n<li>Gama pesada de secci\u00f3n quadrada<\/li>\n<li>Puntas rectas en acero templado<\/li>\n<\/ul>\n","protected":false},"excerpt":{"rendered":"<p>Comp\u00e0s a muelle para interiores<br \/>Apertura r\u00e1pida<br \/>Gama pesada de secci\u00f3n quadrada<br \/>Puntas rectas en acero templado<\/p>\n","protected":false},"featured_media":127670,"template":"","meta":[],"product_cat":[707,703],"product_tag":[],"class_list":{"0":"post-144103","1":"product","2":"type-product","3":"status-publish","4":"has-post-thumbnail","6":"product_cat-compas-es","7":"product_cat-trazado-y-marcado","9":"first","10":"instock","11":"sold-individually","12":"product-type-simple"},"yoast_head":"<title>Compasso A Molla Per Interni | Comp\u00e0s | Trazado y Marcado - Metrica<\/title>\n<meta name=\"description\" content=\"Descubre la colecci\u00f3n de productos., Compasso A Molla Per Interni - Comp\u00e0s .Compasso a molla per interni,Apertura rapida,Serie pesante a sezione quadrata . Consulta el cat\u00e1logo en la web oficial de Metrica.\" \/>\n<meta name=\"robots\" content=\"index, follow, max-snippet:-1, max-image-preview:large, max-video-preview:-1\" \/>\n<link rel=\"canonical\" href=\"https:\/\/www.metrica.it\/es\/producto\/compas-a-muelle-para-interiores\/\" \/>\n<meta property=\"og:locale\" content=\"es_ES\" \/>\n<meta property=\"og:type\" content=\"article\" \/>\n<meta property=\"og:title\" content=\"Compasso A Molla Per Interni | Comp\u00e0s | Trazado y Marcado - Metrica\" \/>\n<meta property=\"og:description\" content=\"Descubre la colecci\u00f3n de productos., Compasso A Molla Per Interni - Comp\u00e0s .Compasso a molla per interni,Apertura rapida,Serie pesante a sezione quadrata . Consulta el cat\u00e1logo en la web oficial de Metrica.\" \/>\n<meta property=\"og:url\" content=\"https:\/\/www.metrica.it\/es\/producto\/compas-a-muelle-para-interiores\/\" \/>\n<meta property=\"og:site_name\" content=\"Metrica\" \/>\n<meta property=\"article:modified_time\" content=\"2024-09-16T18:27:22+00:00\" \/>\n<meta property=\"og:image\" content=\"https:\/\/www.metrica.it\/wp-content\/uploads\/2024\/06\/48031.jpg\" \/>\n\t<meta property=\"og:image:width\" content=\"800\" \/>\n\t<meta property=\"og:image:height\" content=\"800\" \/>\n\t<meta property=\"og:image:type\" content=\"image\/jpeg\" \/>\n<meta name=\"twitter:card\" content=\"summary_large_image\" \/>\n<script type=\"application\/ld+json\" class=\"yoast-schema-graph\">{\"@context\":\"https:\\\/\\\/schema.org\",\"@graph\":[{\"@type\":\"WebPage\",\"@id\":\"https:\\\/\\\/www.metrica.it\\\/es\\\/producto\\\/compas-a-muelle-para-interiores\\\/\",\"url\":\"https:\\\/\\\/www.metrica.it\\\/es\\\/producto\\\/compas-a-muelle-para-interiores\\\/\",\"name\":\"Compasso A Molla Per Interni | Comp\u00e0s | Trazado y Marcado - Metrica\",\"isPartOf\":{\"@id\":\"https:\\\/\\\/www.metrica.it\\\/es\\\/#website\"},\"primaryImageOfPage\":{\"@id\":\"https:\\\/\\\/www.metrica.it\\\/es\\\/producto\\\/compas-a-muelle-para-interiores\\\/#primaryimage\"},\"image\":{\"@id\":\"https:\\\/\\\/www.metrica.it\\\/es\\\/producto\\\/compas-a-muelle-para-interiores\\\/#primaryimage\"},\"thumbnailUrl\":\"https:\\\/\\\/www.metrica.it\\\/wp-content\\\/uploads\\\/2024\\\/06\\\/48031.jpg\",\"datePublished\":\"2024-09-16T09:35:32+00:00\",\"dateModified\":\"2024-09-16T18:27:22+00:00\",\"description\":\"Descubre la colecci\u00f3n de productos., Compasso A Molla Per Interni - Comp\u00e0s .Compasso a molla per interni,Apertura rapida,Serie pesante a sezione quadrata . Consulta el cat\u00e1logo en la web oficial de Metrica.\",\"breadcrumb\":{\"@id\":\"https:\\\/\\\/www.metrica.it\\\/es\\\/producto\\\/compas-a-muelle-para-interiores\\\/#breadcrumb\"},\"inLanguage\":\"es\",\"potentialAction\":[{\"@type\":\"ReadAction\",\"target\":[\"https:\\\/\\\/www.metrica.it\\\/es\\\/producto\\\/compas-a-muelle-para-interiores\\\/\"]}]},{\"@type\":\"ImageObject\",\"inLanguage\":\"es\",\"@id\":\"https:\\\/\\\/www.metrica.it\\\/es\\\/producto\\\/compas-a-muelle-para-interiores\\\/#primaryimage\",\"url\":\"https:\\\/\\\/www.metrica.it\\\/wp-content\\\/uploads\\\/2024\\\/06\\\/48031.jpg\",\"contentUrl\":\"https:\\\/\\\/www.metrica.it\\\/wp-content\\\/uploads\\\/2024\\\/06\\\/48031.jpg\",\"width\":800,\"height\":800},{\"@type\":\"BreadcrumbList\",\"@id\":\"https:\\\/\\\/www.metrica.it\\\/es\\\/producto\\\/compas-a-muelle-para-interiores\\\/#breadcrumb\",\"itemListElement\":[{\"@type\":\"ListItem\",\"position\":1,\"name\":\"Home\",\"item\":\"https:\\\/\\\/www.metrica.it\\\/es\\\/\"},{\"@type\":\"ListItem\",\"position\":2,\"name\":\"Cat\u00e1logo\",\"item\":\"https:\\\/\\\/www.metrica.it\\\/es\\\/catalogo-es\\\/\"},{\"@type\":\"ListItem\",\"position\":3,\"name\":\"Comp\u00e0s A Muelle Para Interiores\"}]},{\"@type\":\"WebSite\",\"@id\":\"https:\\\/\\\/www.metrica.it\\\/es\\\/#website\",\"url\":\"https:\\\/\\\/www.metrica.it\\\/es\\\/\",\"name\":\"Metrica\",\"description\":\"Made to measure\",\"potentialAction\":[{\"@type\":\"SearchAction\",\"target\":{\"@type\":\"EntryPoint\",\"urlTemplate\":\"https:\\\/\\\/www.metrica.it\\\/es\\\/?s={search_term_string}\"},\"query-input\":{\"@type\":\"PropertyValueSpecification\",\"valueRequired\":true,\"valueName\":\"search_term_string\"}}],\"inLanguage\":\"es\"}]}<\/script>","yoast_head_json":{"title":"Compasso A Molla Per Interni | Comp\u00e0s | Trazado y Marcado - Metrica","description":"Descubre la colecci\u00f3n de productos., Compasso A Molla Per Interni - Comp\u00e0s .Compasso a molla per interni,Apertura rapida,Serie pesante a sezione quadrata . Consulta el cat\u00e1logo en la web oficial de Metrica.","robots":{"index":"index","follow":"follow","max-snippet":"max-snippet:-1","max-image-preview":"max-image-preview:large","max-video-preview":"max-video-preview:-1"},"canonical":"https:\/\/www.metrica.it\/es\/producto\/compas-a-muelle-para-interiores\/","og_locale":"es_ES","og_type":"article","og_title":"Compasso A Molla Per Interni | Comp\u00e0s | Trazado y Marcado - Metrica","og_description":"Descubre la colecci\u00f3n de productos., Compasso A Molla Per Interni - Comp\u00e0s .Compasso a molla per interni,Apertura rapida,Serie pesante a sezione quadrata . Consulta el cat\u00e1logo en la web oficial de Metrica.","og_url":"https:\/\/www.metrica.it\/es\/producto\/compas-a-muelle-para-interiores\/","og_site_name":"Metrica","article_modified_time":"2024-09-16T18:27:22+00:00","og_image":[{"width":800,"height":800,"url":"https:\/\/www.metrica.it\/wp-content\/uploads\/2024\/06\/48031.jpg","type":"image\/jpeg"}],"twitter_card":"summary_large_image","schema":{"@context":"https:\/\/schema.org","@graph":[{"@type":"WebPage","@id":"https:\/\/www.metrica.it\/es\/producto\/compas-a-muelle-para-interiores\/","url":"https:\/\/www.metrica.it\/es\/producto\/compas-a-muelle-para-interiores\/","name":"Compasso A Molla Per Interni | Comp\u00e0s | Trazado y Marcado - Metrica","isPartOf":{"@id":"https:\/\/www.metrica.it\/es\/#website"},"primaryImageOfPage":{"@id":"https:\/\/www.metrica.it\/es\/producto\/compas-a-muelle-para-interiores\/#primaryimage"},"image":{"@id":"https:\/\/www.metrica.it\/es\/producto\/compas-a-muelle-para-interiores\/#primaryimage"},"thumbnailUrl":"https:\/\/www.metrica.it\/wp-content\/uploads\/2024\/06\/48031.jpg","datePublished":"2024-09-16T09:35:32+00:00","dateModified":"2024-09-16T18:27:22+00:00","description":"Descubre la colecci\u00f3n de productos., Compasso A Molla Per Interni - Comp\u00e0s .Compasso a molla per interni,Apertura rapida,Serie pesante a sezione quadrata . Consulta el cat\u00e1logo en la web oficial de Metrica.","breadcrumb":{"@id":"https:\/\/www.metrica.it\/es\/producto\/compas-a-muelle-para-interiores\/#breadcrumb"},"inLanguage":"es","potentialAction":[{"@type":"ReadAction","target":["https:\/\/www.metrica.it\/es\/producto\/compas-a-muelle-para-interiores\/"]}]},{"@type":"ImageObject","inLanguage":"es","@id":"https:\/\/www.metrica.it\/es\/producto\/compas-a-muelle-para-interiores\/#primaryimage","url":"https:\/\/www.metrica.it\/wp-content\/uploads\/2024\/06\/48031.jpg","contentUrl":"https:\/\/www.metrica.it\/wp-content\/uploads\/2024\/06\/48031.jpg","width":800,"height":800},{"@type":"BreadcrumbList","@id":"https:\/\/www.metrica.it\/es\/producto\/compas-a-muelle-para-interiores\/#breadcrumb","itemListElement":[{"@type":"ListItem","position":1,"name":"Home","item":"https:\/\/www.metrica.it\/es\/"},{"@type":"ListItem","position":2,"name":"Cat\u00e1logo","item":"https:\/\/www.metrica.it\/es\/catalogo-es\/"},{"@type":"ListItem","position":3,"name":"Comp\u00e0s A Muelle Para Interiores"}]},{"@type":"WebSite","@id":"https:\/\/www.metrica.it\/es\/#website","url":"https:\/\/www.metrica.it\/es\/","name":"Metrica","description":"Made to measure","potentialAction":[{"@type":"SearchAction","target":{"@type":"EntryPoint","urlTemplate":"https:\/\/www.metrica.it\/es\/?s={search_term_string}"},"query-input":{"@type":"PropertyValueSpecification","valueRequired":true,"valueName":"search_term_string"}}],"inLanguage":"es"}]}},"meta_box":{"awr_documentation":[],"awr_manuale":[],"awr_scheda_tecnica":"","awr_youtube_video":"","awr_classe_prodotto":"","awr_customize_product":"0","awr_custom_image":false,"awr_related_products":[{"awr_product_name":"Compasso A Molla Per Interni","awr_product_references":"ref:08033|ean:8001066080335|l_mm:150|num_pz_gdo:5"},{"awr_product_name":"Compasso A Molla Per Interni","awr_product_references":"ref:48031|ean:8001066480319|l_mm:100|pack:2"},{"awr_product_name":"Compasso A Molla Per Interni","awr_product_references":"ref:48032|ean:8001066480326|l_mm:125|pack:2"},{"awr_product_name":"Compasso A Molla Per Interni","awr_product_references":"ref:48033|ean:8001066480333|l_mm:150|pack:2"},{"awr_product_name":"Compasso A Molla Per Interni","awr_product_references":"ref:48034|ean:8001066480340|l_mm:175|pack:2"},{"awr_product_name":"Compasso A Molla Per Interni","awr_product_references":"ref:48035|ean:8001066480357|l_mm:200|pack:2"},{"awr_product_name":"Compasso A Molla Per Interni","awr_product_references":"ref:48036|ean:8001066480364|l_mm:250|pack:2"},{"awr_product_name":"Compasso A Molla Per Interni","awr_product_references":"ref:48037|ean:8001066480371|l_mm:300|pack:2"}],"awr_consumabili":"","awr_alternativi":"","awr_aliases":"08033,48031,48032,48033,48034,48035,48036,48037","awr_skuid":"48031-it"},"_links":{"self":[{"href":"https:\/\/www.metrica.it\/es\/wp-json\/wp\/v2\/product\/144103","targetHints":{"allow":["GET"]}}],"collection":[{"href":"https:\/\/www.metrica.it\/es\/wp-json\/wp\/v2\/product"}],"about":[{"href":"https:\/\/www.metrica.it\/es\/wp-json\/wp\/v2\/types\/product"}],"wp:featuredmedia":[{"embeddable":true,"href":"https:\/\/www.metrica.it\/es\/wp-json\/wp\/v2\/media\/127670"}],"wp:attachment":[{"href":"https:\/\/www.metrica.it\/es\/wp-json\/wp\/v2\/media?parent=144103"}],"wp:term":[{"taxonomy":"product_cat","embeddable":true,"href":"https:\/\/www.metrica.it\/es\/wp-json\/wp\/v2\/product_cat?post=144103"},{"taxonomy":"product_tag","embeddable":true,"href":"https:\/\/www.metrica.it\/es\/wp-json\/wp\/v2\/product_tag?post=144103"}],"curies":[{"name":"wp","href":"https:\/\/api.w.org\/{rel}","templated":true}]}}