{"id":144123,"date":"2024-09-16T11:33:16","date_gmt":"2024-09-16T09:33:16","guid":{"rendered":"https:\/\/www.metrica.it\/prodotto\/nivel-profesional-base-prismatica\/"},"modified":"2024-09-16T20:25:55","modified_gmt":"2024-09-16T18:25:55","slug":"nivel-profesional-base-prismatica","status":"publish","type":"product","link":"https:\/\/www.metrica.it\/es\/producto\/nivel-profesional-base-prismatica\/","title":{"rendered":"Nivel Profesional Base Prismatica"},"content":{"rendered":"<ul>\n<li>Base prismatica fresada: ideal para tubos, bordes y placas finas<\/li>\n<li>Secci\u00f2n grande 62 x 25 mm<\/li>\n<li>Refuerzo interno para una rigidez extrema<\/li>\n<li>Doble nervadura lateral para un agarre seguro<\/li>\n<li>Base frezada<\/li>\n<li>Burbujas acrilicas de alta transparencia<\/li>\n<li>Burbuja central redondeada para una perfecta visibilidad en todas posturas<\/li>\n<li>Indicaci\u00f3n directa pendencia 2% sobre la burbujas central<\/li>\n<li>Precisi\u00f2n 0,50 mm\/m<\/li>\n<li>Garantia 5 anos<\/li>\n<\/ul>\n","protected":false},"excerpt":{"rendered":"<p>Base prismatica fresada: ideal para tubos, bordes y placas finas<br \/>Secci\u00f2n grande 62 x 25 mm<br \/>Refuerzo interno para una rigidez extrema<br \/>Doble nervadura lateral para un agarre seguro<br \/>Base frezada<br \/>Burbujas acrilicas de alta transparencia<br \/>Burbuja central redondeada para una perfecta visibilidad en todas posturas<br \/>Indicaci\u00f3n directa pendencia 2% sobre la burbujas central<br \/>Precisi\u00f2n 0,50 mm\/m<br \/>Garantia 5 anos<\/p>\n","protected":false},"featured_media":118228,"template":"","meta":[],"product_cat":[552,568],"product_tag":[],"class_list":{"0":"post-144123","1":"product","2":"type-product","3":"status-publish","4":"has-post-thumbnail","6":"product_cat-niveles","7":"product_cat-niveles-para-la-construccion","9":"first","10":"instock","11":"sold-individually","12":"product-type-simple"},"yoast_head":"<title>Livella Professionale Base Prismatica | Niveles para la construcci\u00f3n | Niveles - Metrica<\/title>\n<meta name=\"description\" content=\"Descubre la colecci\u00f3n de productos., Livella Professionale Base Prismatica - Niveles para la construcci\u00f3n.Base prismatica: ideale per tubi, spigoli e lastre sottili,Sezione maggiorata 62 x 25 mm,Barr . Consulta el cat\u00e1logo en la web oficial de Metrica.\" \/>\n<meta name=\"robots\" content=\"index, follow, max-snippet:-1, max-image-preview:large, max-video-preview:-1\" \/>\n<link rel=\"canonical\" href=\"https:\/\/www.metrica.it\/es\/producto\/nivel-profesional-base-prismatica\/\" \/>\n<meta property=\"og:locale\" content=\"es_ES\" \/>\n<meta property=\"og:type\" content=\"article\" \/>\n<meta property=\"og:title\" content=\"Livella Professionale Base Prismatica | Niveles para la construcci\u00f3n | Niveles - Metrica\" \/>\n<meta property=\"og:description\" content=\"Descubre la colecci\u00f3n de productos., Livella Professionale Base Prismatica - Niveles para la construcci\u00f3n.Base prismatica: ideale per tubi, spigoli e lastre sottili,Sezione maggiorata 62 x 25 mm,Barr . Consulta el cat\u00e1logo en la web oficial de Metrica.\" \/>\n<meta property=\"og:url\" content=\"https:\/\/www.metrica.it\/es\/producto\/nivel-profesional-base-prismatica\/\" \/>\n<meta property=\"og:site_name\" content=\"Metrica\" \/>\n<meta property=\"article:modified_time\" content=\"2024-09-16T18:25:55+00:00\" \/>\n<meta property=\"og:image\" content=\"https:\/\/www.metrica.it\/wp-content\/uploads\/2024\/05\/32704.jpg\" \/>\n\t<meta property=\"og:image:width\" content=\"800\" \/>\n\t<meta property=\"og:image:height\" content=\"800\" \/>\n\t<meta property=\"og:image:type\" content=\"image\/jpeg\" \/>\n<meta name=\"twitter:card\" content=\"summary_large_image\" \/>\n<script type=\"application\/ld+json\" class=\"yoast-schema-graph\">{\"@context\":\"https:\\\/\\\/schema.org\",\"@graph\":[{\"@type\":\"WebPage\",\"@id\":\"https:\\\/\\\/www.metrica.it\\\/es\\\/producto\\\/nivel-profesional-base-prismatica\\\/\",\"url\":\"https:\\\/\\\/www.metrica.it\\\/es\\\/producto\\\/nivel-profesional-base-prismatica\\\/\",\"name\":\"Livella Professionale Base Prismatica | Niveles para la construcci\u00f3n | Niveles - Metrica\",\"isPartOf\":{\"@id\":\"https:\\\/\\\/www.metrica.it\\\/es\\\/#website\"},\"primaryImageOfPage\":{\"@id\":\"https:\\\/\\\/www.metrica.it\\\/es\\\/producto\\\/nivel-profesional-base-prismatica\\\/#primaryimage\"},\"image\":{\"@id\":\"https:\\\/\\\/www.metrica.it\\\/es\\\/producto\\\/nivel-profesional-base-prismatica\\\/#primaryimage\"},\"thumbnailUrl\":\"https:\\\/\\\/www.metrica.it\\\/wp-content\\\/uploads\\\/2024\\\/05\\\/32704.jpg\",\"datePublished\":\"2024-09-16T09:33:16+00:00\",\"dateModified\":\"2024-09-16T18:25:55+00:00\",\"description\":\"Descubre la colecci\u00f3n de productos., Livella Professionale Base Prismatica - Niveles para la construcci\u00f3n.Base prismatica: ideale per tubi, spigoli e lastre sottili,Sezione maggiorata 62 x 25 mm,Barr . Consulta el cat\u00e1logo en la web oficial de Metrica.\",\"breadcrumb\":{\"@id\":\"https:\\\/\\\/www.metrica.it\\\/es\\\/producto\\\/nivel-profesional-base-prismatica\\\/#breadcrumb\"},\"inLanguage\":\"es\",\"potentialAction\":[{\"@type\":\"ReadAction\",\"target\":[\"https:\\\/\\\/www.metrica.it\\\/es\\\/producto\\\/nivel-profesional-base-prismatica\\\/\"]}]},{\"@type\":\"ImageObject\",\"inLanguage\":\"es\",\"@id\":\"https:\\\/\\\/www.metrica.it\\\/es\\\/producto\\\/nivel-profesional-base-prismatica\\\/#primaryimage\",\"url\":\"https:\\\/\\\/www.metrica.it\\\/wp-content\\\/uploads\\\/2024\\\/05\\\/32704.jpg\",\"contentUrl\":\"https:\\\/\\\/www.metrica.it\\\/wp-content\\\/uploads\\\/2024\\\/05\\\/32704.jpg\",\"width\":800,\"height\":800},{\"@type\":\"BreadcrumbList\",\"@id\":\"https:\\\/\\\/www.metrica.it\\\/es\\\/producto\\\/nivel-profesional-base-prismatica\\\/#breadcrumb\",\"itemListElement\":[{\"@type\":\"ListItem\",\"position\":1,\"name\":\"Home\",\"item\":\"https:\\\/\\\/www.metrica.it\\\/es\\\/\"},{\"@type\":\"ListItem\",\"position\":2,\"name\":\"Cat\u00e1logo\",\"item\":\"https:\\\/\\\/www.metrica.it\\\/es\\\/catalogo-es\\\/\"},{\"@type\":\"ListItem\",\"position\":3,\"name\":\"Nivel Profesional Base Prismatica\"}]},{\"@type\":\"WebSite\",\"@id\":\"https:\\\/\\\/www.metrica.it\\\/es\\\/#website\",\"url\":\"https:\\\/\\\/www.metrica.it\\\/es\\\/\",\"name\":\"Metrica\",\"description\":\"Made to measure\",\"potentialAction\":[{\"@type\":\"SearchAction\",\"target\":{\"@type\":\"EntryPoint\",\"urlTemplate\":\"https:\\\/\\\/www.metrica.it\\\/es\\\/?s={search_term_string}\"},\"query-input\":{\"@type\":\"PropertyValueSpecification\",\"valueRequired\":true,\"valueName\":\"search_term_string\"}}],\"inLanguage\":\"es\"}]}<\/script>","yoast_head_json":{"title":"Livella Professionale Base Prismatica | Niveles para la construcci\u00f3n | Niveles - Metrica","description":"Descubre la colecci\u00f3n de productos., Livella Professionale Base Prismatica - Niveles para la construcci\u00f3n.Base prismatica: ideale per tubi, spigoli e lastre sottili,Sezione maggiorata 62 x 25 mm,Barr . Consulta el cat\u00e1logo en la web oficial de Metrica.","robots":{"index":"index","follow":"follow","max-snippet":"max-snippet:-1","max-image-preview":"max-image-preview:large","max-video-preview":"max-video-preview:-1"},"canonical":"https:\/\/www.metrica.it\/es\/producto\/nivel-profesional-base-prismatica\/","og_locale":"es_ES","og_type":"article","og_title":"Livella Professionale Base Prismatica | Niveles para la construcci\u00f3n | Niveles - Metrica","og_description":"Descubre la colecci\u00f3n de productos., Livella Professionale Base Prismatica - Niveles para la construcci\u00f3n.Base prismatica: ideale per tubi, spigoli e lastre sottili,Sezione maggiorata 62 x 25 mm,Barr . Consulta el cat\u00e1logo en la web oficial de Metrica.","og_url":"https:\/\/www.metrica.it\/es\/producto\/nivel-profesional-base-prismatica\/","og_site_name":"Metrica","article_modified_time":"2024-09-16T18:25:55+00:00","og_image":[{"width":800,"height":800,"url":"https:\/\/www.metrica.it\/wp-content\/uploads\/2024\/05\/32704.jpg","type":"image\/jpeg"}],"twitter_card":"summary_large_image","schema":{"@context":"https:\/\/schema.org","@graph":[{"@type":"WebPage","@id":"https:\/\/www.metrica.it\/es\/producto\/nivel-profesional-base-prismatica\/","url":"https:\/\/www.metrica.it\/es\/producto\/nivel-profesional-base-prismatica\/","name":"Livella Professionale Base Prismatica | Niveles para la construcci\u00f3n | Niveles - Metrica","isPartOf":{"@id":"https:\/\/www.metrica.it\/es\/#website"},"primaryImageOfPage":{"@id":"https:\/\/www.metrica.it\/es\/producto\/nivel-profesional-base-prismatica\/#primaryimage"},"image":{"@id":"https:\/\/www.metrica.it\/es\/producto\/nivel-profesional-base-prismatica\/#primaryimage"},"thumbnailUrl":"https:\/\/www.metrica.it\/wp-content\/uploads\/2024\/05\/32704.jpg","datePublished":"2024-09-16T09:33:16+00:00","dateModified":"2024-09-16T18:25:55+00:00","description":"Descubre la colecci\u00f3n de productos., Livella Professionale Base Prismatica - Niveles para la construcci\u00f3n.Base prismatica: ideale per tubi, spigoli e lastre sottili,Sezione maggiorata 62 x 25 mm,Barr . Consulta el cat\u00e1logo en la web oficial de Metrica.","breadcrumb":{"@id":"https:\/\/www.metrica.it\/es\/producto\/nivel-profesional-base-prismatica\/#breadcrumb"},"inLanguage":"es","potentialAction":[{"@type":"ReadAction","target":["https:\/\/www.metrica.it\/es\/producto\/nivel-profesional-base-prismatica\/"]}]},{"@type":"ImageObject","inLanguage":"es","@id":"https:\/\/www.metrica.it\/es\/producto\/nivel-profesional-base-prismatica\/#primaryimage","url":"https:\/\/www.metrica.it\/wp-content\/uploads\/2024\/05\/32704.jpg","contentUrl":"https:\/\/www.metrica.it\/wp-content\/uploads\/2024\/05\/32704.jpg","width":800,"height":800},{"@type":"BreadcrumbList","@id":"https:\/\/www.metrica.it\/es\/producto\/nivel-profesional-base-prismatica\/#breadcrumb","itemListElement":[{"@type":"ListItem","position":1,"name":"Home","item":"https:\/\/www.metrica.it\/es\/"},{"@type":"ListItem","position":2,"name":"Cat\u00e1logo","item":"https:\/\/www.metrica.it\/es\/catalogo-es\/"},{"@type":"ListItem","position":3,"name":"Nivel Profesional Base Prismatica"}]},{"@type":"WebSite","@id":"https:\/\/www.metrica.it\/es\/#website","url":"https:\/\/www.metrica.it\/es\/","name":"Metrica","description":"Made to measure","potentialAction":[{"@type":"SearchAction","target":{"@type":"EntryPoint","urlTemplate":"https:\/\/www.metrica.it\/es\/?s={search_term_string}"},"query-input":{"@type":"PropertyValueSpecification","valueRequired":true,"valueName":"search_term_string"}}],"inLanguage":"es"}]}},"meta_box":{"awr_documentation":[],"awr_manuale":[],"awr_scheda_tecnica":"","awr_youtube_video":"","awr_classe_prodotto":"","awr_customize_product":"0","awr_custom_image":false,"awr_related_products":[{"awr_product_name":"Livella Professionale Base Prismatica","awr_product_references":"ref:32704|ean:8001066327041|l:40 cm|gr:364|2_fiale:*|3_fiale: |pack:6"},{"awr_product_name":"Livella Professionale Base Prismatica","awr_product_references":"ref:32705|ean:8001066327058|l:50 cm|gr:455|2_fiale:*|3_fiale: |pack:6"},{"awr_product_name":"Livella Professionale Base Prismatica","awr_product_references":"ref:32706|ean:8001066327065|l:60 cm|gr:546|2_fiale:*|3_fiale: |pack:6"},{"awr_product_name":"Livella Professionale Base Prismatica","awr_product_references":"ref:32708|ean:8001066327089|l:80 cm|gr:728|2_fiale:*|3_fiale: |pack:6"},{"awr_product_name":"Livella Professionale Base Prismatica","awr_product_references":"ref:32710|ean:8001066327102|l:100 cm|gr:910|2_fiale:*|3_fiale: |pack:6"},{"awr_product_name":"Livella Professionale Base Prismatica","awr_product_references":"ref:32734|ean:8001066327348|l:40 cm|gr:364|2_fiale: |3_fiale:*|pack:6"},{"awr_product_name":"Livella Professionale Base Prismatica","awr_product_references":"ref:32735|ean:8001066327355|l:50 cm|gr:455|2_fiale: |3_fiale:*|pack:6"},{"awr_product_name":"Livella Professionale Base Prismatica","awr_product_references":"ref:32736|ean:8001066327362|l:60 cm|gr:546|2_fiale: |3_fiale:*|pack:6"},{"awr_product_name":"Livella Professionale Base Prismatica","awr_product_references":"ref:32738|ean:8001066327386|l:80 cm|gr:724|2_fiale:|3_fiale:* |pack:6"},{"awr_product_name":"Livella Professionale Base Prismatica","awr_product_references":"ref:32740|ean:8001066327409|l:100 cm|gr:910|2_fiale: |3_fiale:*|pack:6"}],"awr_consumabili":"","awr_alternativi":"","awr_aliases":"32704,32705,32706,32708,32710,32734,32735,32736,32738,32740","awr_skuid":"32704-it"},"_links":{"self":[{"href":"https:\/\/www.metrica.it\/es\/wp-json\/wp\/v2\/product\/144123","targetHints":{"allow":["GET"]}}],"collection":[{"href":"https:\/\/www.metrica.it\/es\/wp-json\/wp\/v2\/product"}],"about":[{"href":"https:\/\/www.metrica.it\/es\/wp-json\/wp\/v2\/types\/product"}],"wp:featuredmedia":[{"embeddable":true,"href":"https:\/\/www.metrica.it\/es\/wp-json\/wp\/v2\/media\/118228"}],"wp:attachment":[{"href":"https:\/\/www.metrica.it\/es\/wp-json\/wp\/v2\/media?parent=144123"}],"wp:term":[{"taxonomy":"product_cat","embeddable":true,"href":"https:\/\/www.metrica.it\/es\/wp-json\/wp\/v2\/product_cat?post=144123"},{"taxonomy":"product_tag","embeddable":true,"href":"https:\/\/www.metrica.it\/es\/wp-json\/wp\/v2\/product_tag?post=144123"}],"curies":[{"name":"wp","href":"https:\/\/api.w.org\/{rel}","templated":true}]}}