{"id":144158,"date":"2024-09-16T12:41:21","date_gmt":"2024-09-16T10:41:21","guid":{"rendered":"https:\/\/www.metrica.it\/prodotto\/telefix-para-geodesia\/"},"modified":"2024-09-16T21:32:57","modified_gmt":"2024-09-16T19:32:57","slug":"telefix-para-geodesia","status":"publish","type":"product","link":"https:\/\/www.metrica.it\/es\/producto\/telefix-para-geodesia\/","title":{"rendered":"Telefix Para Geodesia"},"content":{"rendered":"<ul>\n<li>Modelo para geodesia<\/li>\n<li>Con tornillo de bloqueo de cada elemento en cada postura<\/li>\n<li>Base impermeable con funda aislante (Patentada)<\/li>\n<\/ul>\n<p>\u00a0<\/p>\n<p><strong><span>ACCESORIOS (*)<\/span><\/strong><\/p>\n<ul>\n<li>C\u00f3d. 49373 &#8211; Adaptador 5\/8\u201d para geodesia con bloqueo<\/li>\n<li>C\u00f3d. 49374 &#8211; Adaptador en aluminio para miras<\/li>\n<li>La utilizaci\u00f3n de accesorios invalidar\u00e1 la certificaci\u00f3n <strong>CE<\/strong><\/li>\n<\/ul>\n","protected":false},"excerpt":{"rendered":"<p>Modelo para geodesia<br \/>Con tornillo de bloqueo de cada elemento en cada postura<br \/>Base impermeable con funda aislante (Patentada)<\/p>\n","protected":false},"featured_media":127550,"template":"","meta":[],"product_cat":[51,619],"product_tag":[],"class_list":{"0":"post-144158","1":"product","2":"type-product","3":"status-publish","4":"has-post-thumbnail","6":"product_cat-medidas-de-longitud","7":"product_cat-medidores-telescopico","9":"first","10":"instock","11":"sold-individually","12":"product-type-simple"},"yoast_head":"<title>Telefix Per Geodesia | Medidores telesc\u00f3pico | Medidas de Longitud - Metrica<\/title>\n<meta name=\"description\" content=\"Descubre la colecci\u00f3n de productos., Telefix Per Geodesia - Medidores telesc\u00f3pico.Modello per geodesia,Bloccaggio a vite di ogni asta in tutte le posizioni per sostenere maggior peso,Base a tenuta st . Consulta el cat\u00e1logo en la web oficial de Metrica.\" \/>\n<meta name=\"robots\" content=\"index, follow, max-snippet:-1, max-image-preview:large, max-video-preview:-1\" \/>\n<link rel=\"canonical\" href=\"https:\/\/www.metrica.it\/es\/producto\/telefix-para-geodesia\/\" \/>\n<meta property=\"og:locale\" content=\"es_ES\" \/>\n<meta property=\"og:type\" content=\"article\" \/>\n<meta property=\"og:title\" content=\"Telefix Per Geodesia | Medidores telesc\u00f3pico | Medidas de Longitud - Metrica\" \/>\n<meta property=\"og:description\" content=\"Descubre la colecci\u00f3n de productos., Telefix Per Geodesia - Medidores telesc\u00f3pico.Modello per geodesia,Bloccaggio a vite di ogni asta in tutte le posizioni per sostenere maggior peso,Base a tenuta st . Consulta el cat\u00e1logo en la web oficial de Metrica.\" \/>\n<meta property=\"og:url\" content=\"https:\/\/www.metrica.it\/es\/producto\/telefix-para-geodesia\/\" \/>\n<meta property=\"og:site_name\" content=\"Metrica\" \/>\n<meta property=\"article:modified_time\" content=\"2024-09-16T19:32:57+00:00\" \/>\n<meta property=\"og:image\" content=\"https:\/\/www.metrica.it\/wp-content\/uploads\/2024\/06\/49356.jpg\" \/>\n\t<meta property=\"og:image:width\" content=\"800\" \/>\n\t<meta property=\"og:image:height\" content=\"800\" \/>\n\t<meta property=\"og:image:type\" content=\"image\/jpeg\" \/>\n<meta name=\"twitter:card\" content=\"summary_large_image\" \/>\n<script type=\"application\/ld+json\" class=\"yoast-schema-graph\">{\"@context\":\"https:\\\/\\\/schema.org\",\"@graph\":[{\"@type\":\"WebPage\",\"@id\":\"https:\\\/\\\/www.metrica.it\\\/es\\\/producto\\\/telefix-para-geodesia\\\/\",\"url\":\"https:\\\/\\\/www.metrica.it\\\/es\\\/producto\\\/telefix-para-geodesia\\\/\",\"name\":\"Telefix Per Geodesia | Medidores telesc\u00f3pico | Medidas de Longitud - Metrica\",\"isPartOf\":{\"@id\":\"https:\\\/\\\/www.metrica.it\\\/es\\\/#website\"},\"primaryImageOfPage\":{\"@id\":\"https:\\\/\\\/www.metrica.it\\\/es\\\/producto\\\/telefix-para-geodesia\\\/#primaryimage\"},\"image\":{\"@id\":\"https:\\\/\\\/www.metrica.it\\\/es\\\/producto\\\/telefix-para-geodesia\\\/#primaryimage\"},\"thumbnailUrl\":\"https:\\\/\\\/www.metrica.it\\\/wp-content\\\/uploads\\\/2024\\\/06\\\/49356.jpg\",\"datePublished\":\"2024-09-16T10:41:21+00:00\",\"dateModified\":\"2024-09-16T19:32:57+00:00\",\"description\":\"Descubre la colecci\u00f3n de productos., Telefix Per Geodesia - Medidores telesc\u00f3pico.Modello per geodesia,Bloccaggio a vite di ogni asta in tutte le posizioni per sostenere maggior peso,Base a tenuta st . Consulta el cat\u00e1logo en la web oficial de Metrica.\",\"breadcrumb\":{\"@id\":\"https:\\\/\\\/www.metrica.it\\\/es\\\/producto\\\/telefix-para-geodesia\\\/#breadcrumb\"},\"inLanguage\":\"es\",\"potentialAction\":[{\"@type\":\"ReadAction\",\"target\":[\"https:\\\/\\\/www.metrica.it\\\/es\\\/producto\\\/telefix-para-geodesia\\\/\"]}]},{\"@type\":\"ImageObject\",\"inLanguage\":\"es\",\"@id\":\"https:\\\/\\\/www.metrica.it\\\/es\\\/producto\\\/telefix-para-geodesia\\\/#primaryimage\",\"url\":\"https:\\\/\\\/www.metrica.it\\\/wp-content\\\/uploads\\\/2024\\\/06\\\/49356.jpg\",\"contentUrl\":\"https:\\\/\\\/www.metrica.it\\\/wp-content\\\/uploads\\\/2024\\\/06\\\/49356.jpg\",\"width\":800,\"height\":800},{\"@type\":\"BreadcrumbList\",\"@id\":\"https:\\\/\\\/www.metrica.it\\\/es\\\/producto\\\/telefix-para-geodesia\\\/#breadcrumb\",\"itemListElement\":[{\"@type\":\"ListItem\",\"position\":1,\"name\":\"Home\",\"item\":\"https:\\\/\\\/www.metrica.it\\\/es\\\/\"},{\"@type\":\"ListItem\",\"position\":2,\"name\":\"Cat\u00e1logo\",\"item\":\"https:\\\/\\\/www.metrica.it\\\/es\\\/catalogo-es\\\/\"},{\"@type\":\"ListItem\",\"position\":3,\"name\":\"Telefix Para Geodesia\"}]},{\"@type\":\"WebSite\",\"@id\":\"https:\\\/\\\/www.metrica.it\\\/es\\\/#website\",\"url\":\"https:\\\/\\\/www.metrica.it\\\/es\\\/\",\"name\":\"Metrica\",\"description\":\"Made to measure\",\"potentialAction\":[{\"@type\":\"SearchAction\",\"target\":{\"@type\":\"EntryPoint\",\"urlTemplate\":\"https:\\\/\\\/www.metrica.it\\\/es\\\/?s={search_term_string}\"},\"query-input\":{\"@type\":\"PropertyValueSpecification\",\"valueRequired\":true,\"valueName\":\"search_term_string\"}}],\"inLanguage\":\"es\"}]}<\/script>","yoast_head_json":{"title":"Telefix Per Geodesia | Medidores telesc\u00f3pico | Medidas de Longitud - Metrica","description":"Descubre la colecci\u00f3n de productos., Telefix Per Geodesia - Medidores telesc\u00f3pico.Modello per geodesia,Bloccaggio a vite di ogni asta in tutte le posizioni per sostenere maggior peso,Base a tenuta st . Consulta el cat\u00e1logo en la web oficial de Metrica.","robots":{"index":"index","follow":"follow","max-snippet":"max-snippet:-1","max-image-preview":"max-image-preview:large","max-video-preview":"max-video-preview:-1"},"canonical":"https:\/\/www.metrica.it\/es\/producto\/telefix-para-geodesia\/","og_locale":"es_ES","og_type":"article","og_title":"Telefix Per Geodesia | Medidores telesc\u00f3pico | Medidas de Longitud - Metrica","og_description":"Descubre la colecci\u00f3n de productos., Telefix Per Geodesia - Medidores telesc\u00f3pico.Modello per geodesia,Bloccaggio a vite di ogni asta in tutte le posizioni per sostenere maggior peso,Base a tenuta st . Consulta el cat\u00e1logo en la web oficial de Metrica.","og_url":"https:\/\/www.metrica.it\/es\/producto\/telefix-para-geodesia\/","og_site_name":"Metrica","article_modified_time":"2024-09-16T19:32:57+00:00","og_image":[{"width":800,"height":800,"url":"https:\/\/www.metrica.it\/wp-content\/uploads\/2024\/06\/49356.jpg","type":"image\/jpeg"}],"twitter_card":"summary_large_image","schema":{"@context":"https:\/\/schema.org","@graph":[{"@type":"WebPage","@id":"https:\/\/www.metrica.it\/es\/producto\/telefix-para-geodesia\/","url":"https:\/\/www.metrica.it\/es\/producto\/telefix-para-geodesia\/","name":"Telefix Per Geodesia | Medidores telesc\u00f3pico | Medidas de Longitud - Metrica","isPartOf":{"@id":"https:\/\/www.metrica.it\/es\/#website"},"primaryImageOfPage":{"@id":"https:\/\/www.metrica.it\/es\/producto\/telefix-para-geodesia\/#primaryimage"},"image":{"@id":"https:\/\/www.metrica.it\/es\/producto\/telefix-para-geodesia\/#primaryimage"},"thumbnailUrl":"https:\/\/www.metrica.it\/wp-content\/uploads\/2024\/06\/49356.jpg","datePublished":"2024-09-16T10:41:21+00:00","dateModified":"2024-09-16T19:32:57+00:00","description":"Descubre la colecci\u00f3n de productos., Telefix Per Geodesia - Medidores telesc\u00f3pico.Modello per geodesia,Bloccaggio a vite di ogni asta in tutte le posizioni per sostenere maggior peso,Base a tenuta st . Consulta el cat\u00e1logo en la web oficial de Metrica.","breadcrumb":{"@id":"https:\/\/www.metrica.it\/es\/producto\/telefix-para-geodesia\/#breadcrumb"},"inLanguage":"es","potentialAction":[{"@type":"ReadAction","target":["https:\/\/www.metrica.it\/es\/producto\/telefix-para-geodesia\/"]}]},{"@type":"ImageObject","inLanguage":"es","@id":"https:\/\/www.metrica.it\/es\/producto\/telefix-para-geodesia\/#primaryimage","url":"https:\/\/www.metrica.it\/wp-content\/uploads\/2024\/06\/49356.jpg","contentUrl":"https:\/\/www.metrica.it\/wp-content\/uploads\/2024\/06\/49356.jpg","width":800,"height":800},{"@type":"BreadcrumbList","@id":"https:\/\/www.metrica.it\/es\/producto\/telefix-para-geodesia\/#breadcrumb","itemListElement":[{"@type":"ListItem","position":1,"name":"Home","item":"https:\/\/www.metrica.it\/es\/"},{"@type":"ListItem","position":2,"name":"Cat\u00e1logo","item":"https:\/\/www.metrica.it\/es\/catalogo-es\/"},{"@type":"ListItem","position":3,"name":"Telefix Para Geodesia"}]},{"@type":"WebSite","@id":"https:\/\/www.metrica.it\/es\/#website","url":"https:\/\/www.metrica.it\/es\/","name":"Metrica","description":"Made to measure","potentialAction":[{"@type":"SearchAction","target":{"@type":"EntryPoint","urlTemplate":"https:\/\/www.metrica.it\/es\/?s={search_term_string}"},"query-input":{"@type":"PropertyValueSpecification","valueRequired":true,"valueName":"search_term_string"}}],"inLanguage":"es"}]}},"meta_box":{"awr_documentation":[{"filesize":18319824,"ID":"146369","name":"telefix.pdf","path":"\/var\/www\/html\/wp-content\/uploads\/2024\/09\/telefix.pdf","url":"https:\/\/www.metrica.it\/wp-content\/uploads\/2024\/09\/telefix.pdf","title":"telefix.pdf"}],"awr_manuale":[],"awr_scheda_tecnica":"","awr_youtube_video":"https:\/\/www.youtube.com\/embed\/WdjSDGUXhXE","awr_classe_prodotto":"","awr_customize_product":"0","awr_custom_image":false,"awr_related_products":[{"awr_product_name":"Telefix Per Geodesia","awr_product_references":"ref:49356|ean:8001066493562|telescopico_aperto:5 m|telescopico_chiuso:104 cm|unit_misura:mm|pack:1"},{"awr_product_name":"Accessorio Per Telefix","awr_product_references":"ref:49373|ean:8001066493739|pack:1"},{"awr_product_name":"Accessorio Per Telefix","awr_product_references":"ref:49374|ean:8001066493746|pack:1"}],"awr_consumabili":"","awr_alternativi":"","awr_aliases":"49356,49373,49374","awr_skuid":"49356-it"},"_links":{"self":[{"href":"https:\/\/www.metrica.it\/es\/wp-json\/wp\/v2\/product\/144158","targetHints":{"allow":["GET"]}}],"collection":[{"href":"https:\/\/www.metrica.it\/es\/wp-json\/wp\/v2\/product"}],"about":[{"href":"https:\/\/www.metrica.it\/es\/wp-json\/wp\/v2\/types\/product"}],"wp:featuredmedia":[{"embeddable":true,"href":"https:\/\/www.metrica.it\/es\/wp-json\/wp\/v2\/media\/127550"}],"wp:attachment":[{"href":"https:\/\/www.metrica.it\/es\/wp-json\/wp\/v2\/media?parent=144158"}],"wp:term":[{"taxonomy":"product_cat","embeddable":true,"href":"https:\/\/www.metrica.it\/es\/wp-json\/wp\/v2\/product_cat?post=144158"},{"taxonomy":"product_tag","embeddable":true,"href":"https:\/\/www.metrica.it\/es\/wp-json\/wp\/v2\/product_tag?post=144158"}],"curies":[{"name":"wp","href":"https:\/\/api.w.org\/{rel}","templated":true}]}}