{"id":144198,"date":"2024-09-16T11:34:06","date_gmt":"2024-09-16T09:34:06","guid":{"rendered":"https:\/\/www.metrica.it\/prodotto\/tiralinea-caja-de-abs-recarcable\/"},"modified":"2024-09-16T20:26:11","modified_gmt":"2024-09-16T18:26:11","slug":"tiralinea-caja-de-abs-recarcable","status":"publish","type":"product","link":"https:\/\/www.metrica.it\/es\/producto\/tiralinea-caja-de-abs-recarcable\/","title":{"rendered":"Tiralinea &#8211; Caja De Abs Recarcable"},"content":{"rendered":"<ul>\n<li>Tiralinea recargable<\/li>\n<li>Incluye 30 metros de cable y 100 g de polvo azul<\/li>\n<li>Ergon\u00f3mico cuerpo de pl\u00e1stico ABS con conexi\u00f3n para botella<\/li>\n<li>Capacidad total 200 g<\/li>\n<li>En blister<\/li>\n<\/ul>\n","protected":false},"excerpt":{"rendered":"<p>Tiralinea recargable<br \/>Incluye 30 metros de cable y 100 g de polvo azul<br \/>Ergon\u00f3mico cuerpo de pl\u00e1stico ABS con conexi\u00f3n para botella<br \/>Capacidad total 200 g<br \/>En blister<\/p>\n","protected":false},"featured_media":127350,"template":"","meta":[],"product_cat":[735,703],"product_tag":[],"class_list":{"0":"post-144198","1":"product","2":"type-product","3":"status-publish","4":"has-post-thumbnail","6":"product_cat-tiralineas","7":"product_cat-trazado-y-marcado","9":"first","10":"instock","11":"sold-individually","12":"product-type-simple"},"yoast_head":"<title>Tracciatore Cassa Abs Ad Innesto | Tiralineas | Trazado y Marcado - Metrica<\/title>\n<meta name=\"description\" content=\"Descubre la colecci\u00f3n de productos., Tracciatore Cassa Abs Ad Innesto - Tiralineas.Tracciatore ricaricabile,Include 30 m di cordoncino e 100 g di polvere blu,Cassa in ABS ergonomica con innesto fl aco . Consulta el cat\u00e1logo en la web oficial de Metrica.\" \/>\n<meta name=\"robots\" content=\"index, follow, max-snippet:-1, max-image-preview:large, max-video-preview:-1\" \/>\n<link rel=\"canonical\" href=\"https:\/\/www.metrica.it\/es\/producto\/tiralinea-caja-de-abs-recarcable\/\" \/>\n<meta property=\"og:locale\" content=\"es_ES\" \/>\n<meta property=\"og:type\" content=\"article\" \/>\n<meta property=\"og:title\" content=\"Tracciatore Cassa Abs Ad Innesto | Tiralineas | Trazado y Marcado - Metrica\" \/>\n<meta property=\"og:description\" content=\"Descubre la colecci\u00f3n de productos., Tracciatore Cassa Abs Ad Innesto - Tiralineas.Tracciatore ricaricabile,Include 30 m di cordoncino e 100 g di polvere blu,Cassa in ABS ergonomica con innesto fl aco . Consulta el cat\u00e1logo en la web oficial de Metrica.\" \/>\n<meta property=\"og:url\" content=\"https:\/\/www.metrica.it\/es\/producto\/tiralinea-caja-de-abs-recarcable\/\" \/>\n<meta property=\"og:site_name\" content=\"Metrica\" \/>\n<meta property=\"article:modified_time\" content=\"2024-09-16T18:26:11+00:00\" \/>\n<meta property=\"og:image\" content=\"https:\/\/www.metrica.it\/wp-content\/uploads\/2024\/06\/60095.jpg\" \/>\n\t<meta property=\"og:image:width\" content=\"800\" \/>\n\t<meta property=\"og:image:height\" content=\"800\" \/>\n\t<meta property=\"og:image:type\" content=\"image\/jpeg\" \/>\n<meta name=\"twitter:card\" content=\"summary_large_image\" \/>\n<script type=\"application\/ld+json\" class=\"yoast-schema-graph\">{\"@context\":\"https:\\\/\\\/schema.org\",\"@graph\":[{\"@type\":\"WebPage\",\"@id\":\"https:\\\/\\\/www.metrica.it\\\/es\\\/producto\\\/tiralinea-caja-de-abs-recarcable\\\/\",\"url\":\"https:\\\/\\\/www.metrica.it\\\/es\\\/producto\\\/tiralinea-caja-de-abs-recarcable\\\/\",\"name\":\"Tracciatore Cassa Abs Ad Innesto | Tiralineas | Trazado y Marcado - Metrica\",\"isPartOf\":{\"@id\":\"https:\\\/\\\/www.metrica.it\\\/es\\\/#website\"},\"primaryImageOfPage\":{\"@id\":\"https:\\\/\\\/www.metrica.it\\\/es\\\/producto\\\/tiralinea-caja-de-abs-recarcable\\\/#primaryimage\"},\"image\":{\"@id\":\"https:\\\/\\\/www.metrica.it\\\/es\\\/producto\\\/tiralinea-caja-de-abs-recarcable\\\/#primaryimage\"},\"thumbnailUrl\":\"https:\\\/\\\/www.metrica.it\\\/wp-content\\\/uploads\\\/2024\\\/06\\\/60095.jpg\",\"datePublished\":\"2024-09-16T09:34:06+00:00\",\"dateModified\":\"2024-09-16T18:26:11+00:00\",\"description\":\"Descubre la colecci\u00f3n de productos., Tracciatore Cassa Abs Ad Innesto - Tiralineas.Tracciatore ricaricabile,Include 30 m di cordoncino e 100 g di polvere blu,Cassa in ABS ergonomica con innesto fl aco . Consulta el cat\u00e1logo en la web oficial de Metrica.\",\"breadcrumb\":{\"@id\":\"https:\\\/\\\/www.metrica.it\\\/es\\\/producto\\\/tiralinea-caja-de-abs-recarcable\\\/#breadcrumb\"},\"inLanguage\":\"es\",\"potentialAction\":[{\"@type\":\"ReadAction\",\"target\":[\"https:\\\/\\\/www.metrica.it\\\/es\\\/producto\\\/tiralinea-caja-de-abs-recarcable\\\/\"]}]},{\"@type\":\"ImageObject\",\"inLanguage\":\"es\",\"@id\":\"https:\\\/\\\/www.metrica.it\\\/es\\\/producto\\\/tiralinea-caja-de-abs-recarcable\\\/#primaryimage\",\"url\":\"https:\\\/\\\/www.metrica.it\\\/wp-content\\\/uploads\\\/2024\\\/06\\\/60095.jpg\",\"contentUrl\":\"https:\\\/\\\/www.metrica.it\\\/wp-content\\\/uploads\\\/2024\\\/06\\\/60095.jpg\",\"width\":800,\"height\":800},{\"@type\":\"BreadcrumbList\",\"@id\":\"https:\\\/\\\/www.metrica.it\\\/es\\\/producto\\\/tiralinea-caja-de-abs-recarcable\\\/#breadcrumb\",\"itemListElement\":[{\"@type\":\"ListItem\",\"position\":1,\"name\":\"Home\",\"item\":\"https:\\\/\\\/www.metrica.it\\\/es\\\/\"},{\"@type\":\"ListItem\",\"position\":2,\"name\":\"Cat\u00e1logo\",\"item\":\"https:\\\/\\\/www.metrica.it\\\/es\\\/catalogo-es\\\/\"},{\"@type\":\"ListItem\",\"position\":3,\"name\":\"Tiralinea &#8211; Caja De Abs Recarcable\"}]},{\"@type\":\"WebSite\",\"@id\":\"https:\\\/\\\/www.metrica.it\\\/es\\\/#website\",\"url\":\"https:\\\/\\\/www.metrica.it\\\/es\\\/\",\"name\":\"Metrica\",\"description\":\"Made to measure\",\"potentialAction\":[{\"@type\":\"SearchAction\",\"target\":{\"@type\":\"EntryPoint\",\"urlTemplate\":\"https:\\\/\\\/www.metrica.it\\\/es\\\/?s={search_term_string}\"},\"query-input\":{\"@type\":\"PropertyValueSpecification\",\"valueRequired\":true,\"valueName\":\"search_term_string\"}}],\"inLanguage\":\"es\"}]}<\/script>","yoast_head_json":{"title":"Tracciatore Cassa Abs Ad Innesto | Tiralineas | Trazado y Marcado - Metrica","description":"Descubre la colecci\u00f3n de productos., Tracciatore Cassa Abs Ad Innesto - Tiralineas.Tracciatore ricaricabile,Include 30 m di cordoncino e 100 g di polvere blu,Cassa in ABS ergonomica con innesto fl aco . Consulta el cat\u00e1logo en la web oficial de Metrica.","robots":{"index":"index","follow":"follow","max-snippet":"max-snippet:-1","max-image-preview":"max-image-preview:large","max-video-preview":"max-video-preview:-1"},"canonical":"https:\/\/www.metrica.it\/es\/producto\/tiralinea-caja-de-abs-recarcable\/","og_locale":"es_ES","og_type":"article","og_title":"Tracciatore Cassa Abs Ad Innesto | Tiralineas | Trazado y Marcado - Metrica","og_description":"Descubre la colecci\u00f3n de productos., Tracciatore Cassa Abs Ad Innesto - Tiralineas.Tracciatore ricaricabile,Include 30 m di cordoncino e 100 g di polvere blu,Cassa in ABS ergonomica con innesto fl aco . Consulta el cat\u00e1logo en la web oficial de Metrica.","og_url":"https:\/\/www.metrica.it\/es\/producto\/tiralinea-caja-de-abs-recarcable\/","og_site_name":"Metrica","article_modified_time":"2024-09-16T18:26:11+00:00","og_image":[{"width":800,"height":800,"url":"https:\/\/www.metrica.it\/wp-content\/uploads\/2024\/06\/60095.jpg","type":"image\/jpeg"}],"twitter_card":"summary_large_image","schema":{"@context":"https:\/\/schema.org","@graph":[{"@type":"WebPage","@id":"https:\/\/www.metrica.it\/es\/producto\/tiralinea-caja-de-abs-recarcable\/","url":"https:\/\/www.metrica.it\/es\/producto\/tiralinea-caja-de-abs-recarcable\/","name":"Tracciatore Cassa Abs Ad Innesto | Tiralineas | Trazado y Marcado - Metrica","isPartOf":{"@id":"https:\/\/www.metrica.it\/es\/#website"},"primaryImageOfPage":{"@id":"https:\/\/www.metrica.it\/es\/producto\/tiralinea-caja-de-abs-recarcable\/#primaryimage"},"image":{"@id":"https:\/\/www.metrica.it\/es\/producto\/tiralinea-caja-de-abs-recarcable\/#primaryimage"},"thumbnailUrl":"https:\/\/www.metrica.it\/wp-content\/uploads\/2024\/06\/60095.jpg","datePublished":"2024-09-16T09:34:06+00:00","dateModified":"2024-09-16T18:26:11+00:00","description":"Descubre la colecci\u00f3n de productos., Tracciatore Cassa Abs Ad Innesto - Tiralineas.Tracciatore ricaricabile,Include 30 m di cordoncino e 100 g di polvere blu,Cassa in ABS ergonomica con innesto fl aco . Consulta el cat\u00e1logo en la web oficial de Metrica.","breadcrumb":{"@id":"https:\/\/www.metrica.it\/es\/producto\/tiralinea-caja-de-abs-recarcable\/#breadcrumb"},"inLanguage":"es","potentialAction":[{"@type":"ReadAction","target":["https:\/\/www.metrica.it\/es\/producto\/tiralinea-caja-de-abs-recarcable\/"]}]},{"@type":"ImageObject","inLanguage":"es","@id":"https:\/\/www.metrica.it\/es\/producto\/tiralinea-caja-de-abs-recarcable\/#primaryimage","url":"https:\/\/www.metrica.it\/wp-content\/uploads\/2024\/06\/60095.jpg","contentUrl":"https:\/\/www.metrica.it\/wp-content\/uploads\/2024\/06\/60095.jpg","width":800,"height":800},{"@type":"BreadcrumbList","@id":"https:\/\/www.metrica.it\/es\/producto\/tiralinea-caja-de-abs-recarcable\/#breadcrumb","itemListElement":[{"@type":"ListItem","position":1,"name":"Home","item":"https:\/\/www.metrica.it\/es\/"},{"@type":"ListItem","position":2,"name":"Cat\u00e1logo","item":"https:\/\/www.metrica.it\/es\/catalogo-es\/"},{"@type":"ListItem","position":3,"name":"Tiralinea &#8211; Caja De Abs Recarcable"}]},{"@type":"WebSite","@id":"https:\/\/www.metrica.it\/es\/#website","url":"https:\/\/www.metrica.it\/es\/","name":"Metrica","description":"Made to measure","potentialAction":[{"@type":"SearchAction","target":{"@type":"EntryPoint","urlTemplate":"https:\/\/www.metrica.it\/es\/?s={search_term_string}"},"query-input":{"@type":"PropertyValueSpecification","valueRequired":true,"valueName":"search_term_string"}}],"inLanguage":"es"}]}},"meta_box":{"awr_documentation":[],"awr_manuale":[],"awr_scheda_tecnica":"","awr_youtube_video":"","awr_classe_prodotto":"","awr_customize_product":"0","awr_custom_image":false,"awr_related_products":[{"awr_product_name":"Tracciatore Cassa Abs Ad Innesto","awr_product_references":"ref:60095|ean:8001066600953|l:30 m|num_pz_gdo:12"},{"awr_product_name":"Ricambi 100 G Polvere","awr_product_references":"ref:60096|ean:8001066600960|:<img src=\"\/media\/tabelle\/colore_blu.png\"\/>| pack:12"}],"awr_consumabili":"","awr_alternativi":"","awr_aliases":"60095,60096","awr_skuid":"60095-it"},"_links":{"self":[{"href":"https:\/\/www.metrica.it\/es\/wp-json\/wp\/v2\/product\/144198","targetHints":{"allow":["GET"]}}],"collection":[{"href":"https:\/\/www.metrica.it\/es\/wp-json\/wp\/v2\/product"}],"about":[{"href":"https:\/\/www.metrica.it\/es\/wp-json\/wp\/v2\/types\/product"}],"wp:featuredmedia":[{"embeddable":true,"href":"https:\/\/www.metrica.it\/es\/wp-json\/wp\/v2\/media\/127350"}],"wp:attachment":[{"href":"https:\/\/www.metrica.it\/es\/wp-json\/wp\/v2\/media?parent=144198"}],"wp:term":[{"taxonomy":"product_cat","embeddable":true,"href":"https:\/\/www.metrica.it\/es\/wp-json\/wp\/v2\/product_cat?post=144198"},{"taxonomy":"product_tag","embeddable":true,"href":"https:\/\/www.metrica.it\/es\/wp-json\/wp\/v2\/product_tag?post=144198"}],"curies":[{"name":"wp","href":"https:\/\/api.w.org\/{rel}","templated":true}]}}