{"id":144248,"date":"2024-09-16T12:28:04","date_gmt":"2024-09-16T10:28:04","guid":{"rendered":"https:\/\/www.metrica.it\/prodotto\/ragla-especial-graduacion-a-retiro-para-modelista\/"},"modified":"2024-09-16T21:18:32","modified_gmt":"2024-09-16T19:18:32","slug":"ragla-especial-graduacion-a-retiro-para-modelista","status":"publish","type":"product","link":"https:\/\/www.metrica.it\/es\/producto\/ragla-especial-graduacion-a-retiro-para-modelista\/","title":{"rendered":"Ragla Especial Graduaci\u00f2n A Retiro % Para Modelista"},"content":{"rendered":"<ul>\n<li>Ragla especial graduaci\u00f2n a retiro %<\/li>\n<li>Acero inox<\/li>\n<li>Graduaci\u00f2n grabada en negro<\/li>\n<li>Bordes rectificados<\/li>\n<\/ul>\n","protected":false},"excerpt":{"rendered":"<p>Ragla especial graduaci\u00f2n a retiro %<br \/>Acero inox<br \/>Graduaci\u00f2n grabada en negro<br \/>Bordes rectificados<\/p>\n","protected":false},"featured_media":132189,"template":"","meta":[],"product_cat":[51,611],"product_tag":[],"class_list":{"0":"post-144248","1":"product","2":"type-product","3":"status-publish","4":"has-post-thumbnail","6":"product_cat-medidas-de-longitud","7":"product_cat-reglas-cinta-diametrometros","9":"first","10":"instock","11":"sold-individually","12":"product-type-simple"},"yoast_head":"<title>Righe Speciali Satinate Con Graduazione A Ritiro % Per Modellisti | Reglas - cinta di\u00e1metrometros | Medidas de Longitud - Metrica<\/title>\n<meta name=\"description\" content=\"Descubre la colecci\u00f3n de productos., Righe Speciali Satinate Con Graduazione A Ritiro % Per Modellisti - Reglas - cinta di\u00e1metrometros.Riga speciale con graduazione a ritiro %,Riga satinata,Acciaio . Consulta el cat\u00e1logo en la web oficial de Metrica.\" \/>\n<meta name=\"robots\" content=\"index, follow, max-snippet:-1, max-image-preview:large, max-video-preview:-1\" \/>\n<link rel=\"canonical\" href=\"https:\/\/www.metrica.it\/es\/producto\/ragla-especial-graduacion-a-retiro-para-modelista\/\" \/>\n<meta property=\"og:locale\" content=\"es_ES\" \/>\n<meta property=\"og:type\" content=\"article\" \/>\n<meta property=\"og:title\" content=\"Righe Speciali Satinate Con Graduazione A Ritiro % Per Modellisti | Reglas - cinta di\u00e1metrometros | Medidas de Longitud - Metrica\" \/>\n<meta property=\"og:description\" content=\"Descubre la colecci\u00f3n de productos., Righe Speciali Satinate Con Graduazione A Ritiro % Per Modellisti - Reglas - cinta di\u00e1metrometros.Riga speciale con graduazione a ritiro %,Riga satinata,Acciaio . Consulta el cat\u00e1logo en la web oficial de Metrica.\" \/>\n<meta property=\"og:url\" content=\"https:\/\/www.metrica.it\/es\/producto\/ragla-especial-graduacion-a-retiro-para-modelista\/\" \/>\n<meta property=\"og:site_name\" content=\"Metrica\" \/>\n<meta property=\"article:modified_time\" content=\"2024-09-16T19:18:32+00:00\" \/>\n<meta property=\"og:image\" content=\"https:\/\/www.metrica.it\/wp-content\/uploads\/2024\/06\/24151.jpg\" \/>\n\t<meta property=\"og:image:width\" content=\"800\" \/>\n\t<meta property=\"og:image:height\" content=\"800\" \/>\n\t<meta property=\"og:image:type\" content=\"image\/jpeg\" \/>\n<meta name=\"twitter:card\" content=\"summary_large_image\" \/>\n<script type=\"application\/ld+json\" class=\"yoast-schema-graph\">{\"@context\":\"https:\\\/\\\/schema.org\",\"@graph\":[{\"@type\":\"WebPage\",\"@id\":\"https:\\\/\\\/www.metrica.it\\\/es\\\/producto\\\/ragla-especial-graduacion-a-retiro-para-modelista\\\/\",\"url\":\"https:\\\/\\\/www.metrica.it\\\/es\\\/producto\\\/ragla-especial-graduacion-a-retiro-para-modelista\\\/\",\"name\":\"Righe Speciali Satinate Con Graduazione A Ritiro % Per Modellisti | Reglas - cinta di\u00e1metrometros | Medidas de Longitud - Metrica\",\"isPartOf\":{\"@id\":\"https:\\\/\\\/www.metrica.it\\\/es\\\/#website\"},\"primaryImageOfPage\":{\"@id\":\"https:\\\/\\\/www.metrica.it\\\/es\\\/producto\\\/ragla-especial-graduacion-a-retiro-para-modelista\\\/#primaryimage\"},\"image\":{\"@id\":\"https:\\\/\\\/www.metrica.it\\\/es\\\/producto\\\/ragla-especial-graduacion-a-retiro-para-modelista\\\/#primaryimage\"},\"thumbnailUrl\":\"https:\\\/\\\/www.metrica.it\\\/wp-content\\\/uploads\\\/2024\\\/06\\\/24151.jpg\",\"datePublished\":\"2024-09-16T10:28:04+00:00\",\"dateModified\":\"2024-09-16T19:18:32+00:00\",\"description\":\"Descubre la colecci\u00f3n de productos., Righe Speciali Satinate Con Graduazione A Ritiro % Per Modellisti - Reglas - cinta di\u00e1metrometros.Riga speciale con graduazione a ritiro %,Riga satinata,Acciaio . Consulta el cat\u00e1logo en la web oficial de Metrica.\",\"breadcrumb\":{\"@id\":\"https:\\\/\\\/www.metrica.it\\\/es\\\/producto\\\/ragla-especial-graduacion-a-retiro-para-modelista\\\/#breadcrumb\"},\"inLanguage\":\"es\",\"potentialAction\":[{\"@type\":\"ReadAction\",\"target\":[\"https:\\\/\\\/www.metrica.it\\\/es\\\/producto\\\/ragla-especial-graduacion-a-retiro-para-modelista\\\/\"]}]},{\"@type\":\"ImageObject\",\"inLanguage\":\"es\",\"@id\":\"https:\\\/\\\/www.metrica.it\\\/es\\\/producto\\\/ragla-especial-graduacion-a-retiro-para-modelista\\\/#primaryimage\",\"url\":\"https:\\\/\\\/www.metrica.it\\\/wp-content\\\/uploads\\\/2024\\\/06\\\/24151.jpg\",\"contentUrl\":\"https:\\\/\\\/www.metrica.it\\\/wp-content\\\/uploads\\\/2024\\\/06\\\/24151.jpg\",\"width\":800,\"height\":800},{\"@type\":\"BreadcrumbList\",\"@id\":\"https:\\\/\\\/www.metrica.it\\\/es\\\/producto\\\/ragla-especial-graduacion-a-retiro-para-modelista\\\/#breadcrumb\",\"itemListElement\":[{\"@type\":\"ListItem\",\"position\":1,\"name\":\"Home\",\"item\":\"https:\\\/\\\/www.metrica.it\\\/es\\\/\"},{\"@type\":\"ListItem\",\"position\":2,\"name\":\"Cat\u00e1logo\",\"item\":\"https:\\\/\\\/www.metrica.it\\\/es\\\/catalogo-es\\\/\"},{\"@type\":\"ListItem\",\"position\":3,\"name\":\"Ragla Especial Graduaci\u00f2n A Retiro % Para Modelista\"}]},{\"@type\":\"WebSite\",\"@id\":\"https:\\\/\\\/www.metrica.it\\\/es\\\/#website\",\"url\":\"https:\\\/\\\/www.metrica.it\\\/es\\\/\",\"name\":\"Metrica\",\"description\":\"Made to measure\",\"potentialAction\":[{\"@type\":\"SearchAction\",\"target\":{\"@type\":\"EntryPoint\",\"urlTemplate\":\"https:\\\/\\\/www.metrica.it\\\/es\\\/?s={search_term_string}\"},\"query-input\":{\"@type\":\"PropertyValueSpecification\",\"valueRequired\":true,\"valueName\":\"search_term_string\"}}],\"inLanguage\":\"es\"}]}<\/script>","yoast_head_json":{"title":"Righe Speciali Satinate Con Graduazione A Ritiro % Per Modellisti | Reglas - cinta di\u00e1metrometros | Medidas de Longitud - Metrica","description":"Descubre la colecci\u00f3n de productos., Righe Speciali Satinate Con Graduazione A Ritiro % Per Modellisti - Reglas - cinta di\u00e1metrometros.Riga speciale con graduazione a ritiro %,Riga satinata,Acciaio . Consulta el cat\u00e1logo en la web oficial de Metrica.","robots":{"index":"index","follow":"follow","max-snippet":"max-snippet:-1","max-image-preview":"max-image-preview:large","max-video-preview":"max-video-preview:-1"},"canonical":"https:\/\/www.metrica.it\/es\/producto\/ragla-especial-graduacion-a-retiro-para-modelista\/","og_locale":"es_ES","og_type":"article","og_title":"Righe Speciali Satinate Con Graduazione A Ritiro % Per Modellisti | Reglas - cinta di\u00e1metrometros | Medidas de Longitud - Metrica","og_description":"Descubre la colecci\u00f3n de productos., Righe Speciali Satinate Con Graduazione A Ritiro % Per Modellisti - Reglas - cinta di\u00e1metrometros.Riga speciale con graduazione a ritiro %,Riga satinata,Acciaio . Consulta el cat\u00e1logo en la web oficial de Metrica.","og_url":"https:\/\/www.metrica.it\/es\/producto\/ragla-especial-graduacion-a-retiro-para-modelista\/","og_site_name":"Metrica","article_modified_time":"2024-09-16T19:18:32+00:00","og_image":[{"width":800,"height":800,"url":"https:\/\/www.metrica.it\/wp-content\/uploads\/2024\/06\/24151.jpg","type":"image\/jpeg"}],"twitter_card":"summary_large_image","schema":{"@context":"https:\/\/schema.org","@graph":[{"@type":"WebPage","@id":"https:\/\/www.metrica.it\/es\/producto\/ragla-especial-graduacion-a-retiro-para-modelista\/","url":"https:\/\/www.metrica.it\/es\/producto\/ragla-especial-graduacion-a-retiro-para-modelista\/","name":"Righe Speciali Satinate Con Graduazione A Ritiro % Per Modellisti | Reglas - cinta di\u00e1metrometros | Medidas de Longitud - Metrica","isPartOf":{"@id":"https:\/\/www.metrica.it\/es\/#website"},"primaryImageOfPage":{"@id":"https:\/\/www.metrica.it\/es\/producto\/ragla-especial-graduacion-a-retiro-para-modelista\/#primaryimage"},"image":{"@id":"https:\/\/www.metrica.it\/es\/producto\/ragla-especial-graduacion-a-retiro-para-modelista\/#primaryimage"},"thumbnailUrl":"https:\/\/www.metrica.it\/wp-content\/uploads\/2024\/06\/24151.jpg","datePublished":"2024-09-16T10:28:04+00:00","dateModified":"2024-09-16T19:18:32+00:00","description":"Descubre la colecci\u00f3n de productos., Righe Speciali Satinate Con Graduazione A Ritiro % Per Modellisti - Reglas - cinta di\u00e1metrometros.Riga speciale con graduazione a ritiro %,Riga satinata,Acciaio . Consulta el cat\u00e1logo en la web oficial de Metrica.","breadcrumb":{"@id":"https:\/\/www.metrica.it\/es\/producto\/ragla-especial-graduacion-a-retiro-para-modelista\/#breadcrumb"},"inLanguage":"es","potentialAction":[{"@type":"ReadAction","target":["https:\/\/www.metrica.it\/es\/producto\/ragla-especial-graduacion-a-retiro-para-modelista\/"]}]},{"@type":"ImageObject","inLanguage":"es","@id":"https:\/\/www.metrica.it\/es\/producto\/ragla-especial-graduacion-a-retiro-para-modelista\/#primaryimage","url":"https:\/\/www.metrica.it\/wp-content\/uploads\/2024\/06\/24151.jpg","contentUrl":"https:\/\/www.metrica.it\/wp-content\/uploads\/2024\/06\/24151.jpg","width":800,"height":800},{"@type":"BreadcrumbList","@id":"https:\/\/www.metrica.it\/es\/producto\/ragla-especial-graduacion-a-retiro-para-modelista\/#breadcrumb","itemListElement":[{"@type":"ListItem","position":1,"name":"Home","item":"https:\/\/www.metrica.it\/es\/"},{"@type":"ListItem","position":2,"name":"Cat\u00e1logo","item":"https:\/\/www.metrica.it\/es\/catalogo-es\/"},{"@type":"ListItem","position":3,"name":"Ragla Especial Graduaci\u00f2n A Retiro % Para Modelista"}]},{"@type":"WebSite","@id":"https:\/\/www.metrica.it\/es\/#website","url":"https:\/\/www.metrica.it\/es\/","name":"Metrica","description":"Made to measure","potentialAction":[{"@type":"SearchAction","target":{"@type":"EntryPoint","urlTemplate":"https:\/\/www.metrica.it\/es\/?s={search_term_string}"},"query-input":{"@type":"PropertyValueSpecification","valueRequired":true,"valueName":"search_term_string"}}],"inLanguage":"es"}]}},"meta_box":{"awr_documentation":[],"awr_manuale":[],"awr_scheda_tecnica":"","awr_youtube_video":"","awr_classe_prodotto":"","awr_customize_product":"0","awr_custom_image":false,"awr_related_products":[{"awr_product_name":"Righe Speciali Satinate Con Graduazione A Ritiro % Per Modellisti","awr_product_references":"ref:24151|ean:8001066241514|l_mm:300|percentuale:0.5|unit_misura:mm|satinato:x|flessibile:x|semirigida:-|pack:10"},{"awr_product_name":"Righe Speciali Satinate Con Graduazione A Ritiro % Per Modellisti","awr_product_references":"ref:24152|ean:8001066241521|l_mm:300|percentuale:0.8|unit_misura:mm|satinato:x|flessibile:x|semirigida:-|pack:10"},{"awr_product_name":"Righe Speciali Satinate Con Graduazione A Ritiro % Per Modellisti","awr_product_references":"ref:24153|ean:8001066241538|l_mm:300|percentuale:1.25|unit_misura:mm|satinato:x|flessibile:x|semirigida:-|pack:10"},{"awr_product_name":"Righe Speciali Satinate Con Graduazione A Ritiro % Per Modellisti","awr_product_references":"ref:24154|ean:8001066241545|l_mm:300|percentuale:1.5|unit_misura:mm|satinato:x|flessibile:x|semirigida:-|pack:10"},{"awr_product_name":"Righe Speciali Satinate Con Graduazione A Ritiro % Per Modellisti","awr_product_references":"ref:24156|ean:8001066241569|l_mm:300|percentuale:1.75|unit_misura:mm|satinato:x|flessibile:x|semirigida:-|pack:10"},{"awr_product_name":"Righe Speciali Satinate Con Graduazione A Ritiro % Per Modellisti","awr_product_references":"ref:24158|ean:8001066241583|l_mm:300|percentuale:2.0|unit_misura:mm|satinato:x|flessibile:x|semirigida:-|pack:10"},{"awr_product_name":"Righe Speciali Satinate Con Graduazione A Ritiro % Per Modellisti","awr_product_references":"ref:24159|ean:8001066241590|l_mm:300|percentuale:2.25|unit_misura:mm|satinato:x|flessibile:x|semirigida:-|pack:10"},{"awr_product_name":"Righe Speciali Satinate Con Graduazione A Ritiro % Per Modellisti","awr_product_references":"ref:24160|ean:8001066241606|l_mm:300|percentuale:3.0|unit_misura:mm|satinato:x|flessibile:x|semirigida:-|pack:10"},{"awr_product_name":"Righe Speciali Satinate Con Graduazione A Ritiro % Per Modellisti","awr_product_references":"ref:24176|ean:8001066241767|l_mm:300|percentuale:1.0|unit_misura:mm|satinato:x|flessibile:x|semirigida:-|pack:10"},{"awr_product_name":"Righe Speciali Satinate Con Graduazione A Ritiro % Per Modellisti","awr_product_references":"ref:24177|ean:8001066241774|l_mm:300|percentuale:2.5|unit_misura:mm|satinato:x|flessibile:x|semirigida:-|pack:10"},{"awr_product_name":"Righe Speciali Satinate Con Graduazione A Ritiro % Per Modellisti","awr_product_references":"ref:25010|ean:8001066250103|l_mm:500|percentuale:0.5|unit_misura:mm|satinato:x|flessibile:-|semirigida:x|pack:10"},{"awr_product_name":"Righe Speciali Satinate Con Graduazione A Ritiro % Per Modellisti","awr_product_references":"ref:25011|ean:8001066250110|l_mm:500|percentuale:0.8|unit_misura:mm|satinato:x|flessibile:-|semirigida:x|pack:10"},{"awr_product_name":"Righe Speciali Satinate Con Graduazione A Ritiro % Per Modellisti","awr_product_references":"ref:25012|ean:8001066250127|l_mm:500|percentuale:1.25|unit_misura:mm|satinato:x|flessibile:-|semirigida:x|pack:10"},{"awr_product_name":"Righe Speciali Satinate Con Graduazione A Ritiro % Per Modellisti","awr_product_references":"ref:25013|ean:8001066250134|l_mm:500|percentuale:1.5|unit_misura:mm|satinato:x|flessibile:-|semirigida:x|pack:10"},{"awr_product_name":"Righe Speciali Satinate Con Graduazione A Ritiro % Per Modellisti","awr_product_references":"ref:25015|ean:8001066250158|l_mm:500|percentuale:1.75|unit_misura:mm|satinato:x|flessibile:-|semirigida:x|pack:10"},{"awr_product_name":"Righe Speciali Satinate Con Graduazione A Ritiro % Per Modellisti","awr_product_references":"ref:25017|ean:8001066250172|l_mm:500|percentuale:2.0|unit_misura:mm|satinato:x|flessibile:-|semirigida:x|pack:10"},{"awr_product_name":"Righe Speciali Satinate Con Graduazione A Ritiro % Per Modellisti","awr_product_references":"ref:25018|ean:8001066250189|l_mm:500|percentuale:2.25|unit_misura:mm|satinato:x|flessibile:-|semirigida:x|pack:10"},{"awr_product_name":"Righe Speciali Satinate Con Graduazione A Ritiro % Per Modellisti","awr_product_references":"ref:25019|ean:8001066250196|l_mm:500|percentuale:3.0|unit_misura:mm|satinato:x|flessibile:-|semirigida:x|pack:10"},{"awr_product_name":"Righe Speciali Satinate Con Graduazione A Ritiro % Per Modellisti","awr_product_references":"ref:25030|ean:8001066250301|l_mm:1000|percentuale:0.5|unit_misura:mm|satinato:x|flessibile:-|semirigida:x|pack:5"},{"awr_product_name":"Righe Speciali Satinate Con Graduazione A Ritiro % Per Modellisti","awr_product_references":"ref:25031|ean:8001066250318|l_mm:1000|percentuale:0.8|unit_misura:mm|satinato:x|flessibile:-|semirigida:x|pack:5"},{"awr_product_name":"Righe Speciali Satinate Con Graduazione A Ritiro % Per Modellisti","awr_product_references":"ref:25032|ean:8001066250325|l_mm:1000|percentuale:1.25|unit_misura:mm|satinato:x|flessibile:-|semirigida:x|pack:5"},{"awr_product_name":"Righe Speciali Satinate Con Graduazione A Ritiro % Per Modellisti","awr_product_references":"ref:25033|ean:8001066250332|l_mm:1000|percentuale:1.5|unit_misura:mm|satinato:x|flessibile:-|semirigida:x|pack:5"},{"awr_product_name":"Righe Speciali Satinate Con Graduazione A Ritiro % Per Modellisti","awr_product_references":"ref:25035|ean:8001066250356|l_mm:1000|percentuale:1.75|unit_misura:mm|satinato:x|flessibile:-|semirigida:x|pack:5"},{"awr_product_name":"Righe Speciali Satinate Con Graduazione A Ritiro % Per Modellisti","awr_product_references":"ref:25037|ean:8001066250370|l_mm:1000|percentuale:2.0|unit_misura:mm|satinato:x|flessibile:-|semirigida:x|pack:5"},{"awr_product_name":"Righe Speciali Satinate Con Graduazione A Ritiro % Per Modellisti","awr_product_references":"ref:25038|ean:8001066250387|l_mm:1000|percentuale:2.25|unit_misura:mm|satinato:x|flessibile:-|semirigida:x|pack:5"},{"awr_product_name":"Righe Speciali Satinate Con Graduazione A Ritiro % Per Modellisti","awr_product_references":"ref:25039|ean:8001066250394|l_mm:1000|percentuale:3.0|unit_misura:mm|satinato:x|flessibile:-|semirigida:x|pack:5"},{"awr_product_name":"Righe Speciali Satinate Con Graduazione A Ritiro % Per Modellisti","awr_product_references":"ref:25050|ean:8001066250509|l_mm:1500|percentuale:0.5|unit_misura:mm|satinato:x|flessibile:-|semirigida:x|pack:3"},{"awr_product_name":"Righe Speciali Satinate Con Graduazione A Ritiro % Per Modellisti","awr_product_references":"ref:25051|ean:8001066250516|l_mm:1500|percentuale:0.8|unit_misura:mm|satinato:x|flessibile:-|semirigida:x|pack:3"},{"awr_product_name":"Righe Speciali Satinate Con Graduazione A Ritiro % Per Modellisti","awr_product_references":"ref:25052|ean:8001066250523|l_mm:1500|percentuale:1.25|unit_misura:mm|satinato:x|flessibile:-|semirigida:x|pack:3"},{"awr_product_name":"Righe Speciali Satinate Con Graduazione A Ritiro % Per Modellisti","awr_product_references":"ref:25053|ean:8001066250530|l_mm:1500|percentuale:1.5|unit_misura:mm|satinato:x|flessibile:-|semirigida:x|pack:3"},{"awr_product_name":"Righe Speciali Satinate Con Graduazione A Ritiro % Per Modellisti","awr_product_references":"ref:25055|ean:8001066250554|l_mm:1500|percentuale:1.75|unit_misura:mm|satinato:x|flessibile:-|semirigida:x|pack:3"},{"awr_product_name":"Righe Speciali Satinate Con Graduazione A Ritiro % Per Modellisti","awr_product_references":"ref:25057|ean:8001066250578|l_mm:1500|percentuale:2.0|unit_misura:mm|satinato:x|flessibile:-|semirigida:x|pack:3"},{"awr_product_name":"Righe Speciali Satinate Con Graduazione A Ritiro % Per Modellisti","awr_product_references":"ref:25058|ean:8001066250585|l_mm:1500|percentuale:2.25|unit_misura:mm|satinato:x|flessibile:-|semirigida:x|pack:3"},{"awr_product_name":"Righe Speciali Satinate Con Graduazione A Ritiro % Per Modellisti","awr_product_references":"ref:25059|ean:8001066250592|l_mm:1500|percentuale:3.0|unit_misura:mm|satinato:x|flessibile:-|semirigida:x|pack:3"},{"awr_product_name":"Righe Speciali Satinate Con Graduazione A Ritiro % Per Modellisti","awr_product_references":"ref:25060|ean:8001066250608|l_mm:1500|percentuale:2.5|unit_misura:mm|satinato:x|flessibile:-|semirigida:x|pack:3"},{"awr_product_name":"Righe Speciali Satinate Con Graduazione A Ritiro % Per Modellisti","awr_product_references":"ref:25070|ean:8001066250707|l_mm:2000|percentuale:0.5|unit_misura:mm|satinato:x|flessibile:-|semirigida:x|pack:2"},{"awr_product_name":"Righe Speciali Satinate Con Graduazione A Ritiro % Per Modellisti","awr_product_references":"ref:25071|ean:8001066250714|l_mm:2000|percentuale:0.8|unit_misura:mm|satinato:x|flessibile:-|semirigida:x|pack:2"},{"awr_product_name":"Righe Speciali Satinate Con Graduazione A Ritiro % Per Modellisti","awr_product_references":"ref:25072|ean:8001066250721|l_mm:2000|percentuale:1.25|unit_misura:mm|satinato:x|flessibile:-|semirigida:x|pack:2"},{"awr_product_name":"Righe Speciali Satinate Con Graduazione A Ritiro % Per Modellisti","awr_product_references":"ref:25073|ean:8001066250738|l_mm:2000|percentuale:1.5|unit_misura:mm|satinato:x|flessibile:-|semirigida:x|pack:2"},{"awr_product_name":"Righe Speciali Satinate Con Graduazione A Ritiro % Per Modellisti","awr_product_references":"ref:25075|ean:8001066250752|l_mm:2000|percentuale:1.75|unit_misura:mm|satinato:x|flessibile:-|semirigida:x|pack:2"},{"awr_product_name":"Righe Speciali Satinate Con Graduazione A Ritiro % Per Modellisti","awr_product_references":"ref:25077|ean:8001066250776|l_mm:2000|percentuale:2.0|unit_misura:mm|satinato:x|flessibile:-|semirigida:x|pack:2"},{"awr_product_name":"Righe Speciali Satinate Con Graduazione A Ritiro % Per Modellisti","awr_product_references":"ref:25078|ean:8001066250783|l_mm:2000|percentuale:2.25|unit_misura:mm|satinato:x|flessibile:-|semirigida:x|pack:2"},{"awr_product_name":"Righe Speciali Satinate Con Graduazione A Ritiro % Per Modellisti","awr_product_references":"ref:25079|ean:8001066250790|l_mm:2000|percentuale:3.0|unit_misura:mm|satinato:x|flessibile:-|semirigida:x|pack:2"},{"awr_product_name":"Righe Speciali Satinate Con Graduazione A Ritiro % Per Modellisti","awr_product_references":"ref:25084|ean:8001066250844|l_mm:2000|percentuale:2.5|unit_misura:mm|satinato:x|flessibile:-|semirigida:x|pack:2"},{"awr_product_name":"Righe Speciali Satinate Con Graduazione A Ritiro % Per Modellisti","awr_product_references":"ref:25091|ean:8001066250912|l_mm:500|percentuale:1.0|unit_misura:mm|satinato:x|flessibile:-|semirigida:x|pack:10"},{"awr_product_name":"Righe Speciali Satinate Con Graduazione A Ritiro % Per Modellisti","awr_product_references":"ref:25092|ean:8001066250929|l_mm:500|percentuale:2.5|unit_misura:mm|satinato:x|flessibile:-|semirigida:x|pack:10"},{"awr_product_name":"Righe Speciali Satinate Con Graduazione A Ritiro % Per Modellisti","awr_product_references":"ref:25095|ean:8001066250950|l_mm:1000|percentuale:1.0|unit_misura:mm|satinato:x|flessibile:-|semirigida:x|pack:5"},{"awr_product_name":"Righe Speciali Satinate Con Graduazione A Ritiro % Per Modellisti","awr_product_references":"ref:25097|ean:8001066250974|l_mm:1000|percentuale:2.5|unit_misura:mm|satinato:x|flessibile:-|semirigida:x|pack:5"},{"awr_product_name":"Righe Speciali Satinate Con Graduazione A Ritiro % Per Modellisti","awr_product_references":"ref:25098|ean:8001066250981|l_mm:1500|percentuale:1.0|unit_misura:mm|satinato:x|flessibile:-|semirigida:x|pack:3"},{"awr_product_name":"Righe Speciali Satinate Con Graduazione A Ritiro % Per Modellisti","awr_product_references":"ref:25099|ean:8001066250998|l_mm:2000|percentuale:1.0|unit_misura:mm|satinato:x|flessibile:-|semirigida:x|pack:2"}],"awr_consumabili":"","awr_alternativi":"","awr_aliases":"24151,24152,24153,24154,24156,24158,24159,24160,24176,24177,25010,25011,25012,25013,25015,25017,25018,25019,25030,25031,25032,25033,25035,25037,25038,25039,25050,25051,25052,25053,25055,25057,25058,25059,25060,25070,25071,25072,25073,25075,25077,25078,25079,25084,25091,25092,25095,25097,25098,25099","awr_skuid":"24151-it"},"_links":{"self":[{"href":"https:\/\/www.metrica.it\/es\/wp-json\/wp\/v2\/product\/144248","targetHints":{"allow":["GET"]}}],"collection":[{"href":"https:\/\/www.metrica.it\/es\/wp-json\/wp\/v2\/product"}],"about":[{"href":"https:\/\/www.metrica.it\/es\/wp-json\/wp\/v2\/types\/product"}],"wp:featuredmedia":[{"embeddable":true,"href":"https:\/\/www.metrica.it\/es\/wp-json\/wp\/v2\/media\/132189"}],"wp:attachment":[{"href":"https:\/\/www.metrica.it\/es\/wp-json\/wp\/v2\/media?parent=144248"}],"wp:term":[{"taxonomy":"product_cat","embeddable":true,"href":"https:\/\/www.metrica.it\/es\/wp-json\/wp\/v2\/product_cat?post=144248"},{"taxonomy":"product_tag","embeddable":true,"href":"https:\/\/www.metrica.it\/es\/wp-json\/wp\/v2\/product_tag?post=144248"}],"curies":[{"name":"wp","href":"https:\/\/api.w.org\/{rel}","templated":true}]}}