{"id":144278,"date":"2024-09-16T12:01:18","date_gmt":"2024-09-16T10:01:18","guid":{"rendered":"https:\/\/www.metrica.it\/prodotto\/metrica-flash-120-zoom-5\/"},"modified":"2024-09-16T20:48:50","modified_gmt":"2024-09-16T18:48:50","slug":"metrica-flash-120-zoom","status":"publish","type":"product","link":"https:\/\/www.metrica.it\/es\/producto\/metrica-flash-120-zoom\/","title":{"rendered":"Metrica Flash 120 Zoom"},"content":{"rendered":"<ul>\n<li>Camera zoom 4X con visor<\/li>\n<li>Foto del punto medido con memoria de medici\u00f3n<\/li>\n<li>Video y grabaci\u00f3n de voz con memo<\/li>\n<li>Conexi\u00f3n WiFi<\/li>\n<li>Inclin\u00f3metro dual digital (horizontal y vertical)<\/li>\n<li>Funci\u00f3n de medici\u00f3n continua, con valores max \/ min siempre visualizados<\/li>\n<li>7 funciones de Pit\u00e1goras<\/li>\n<li>Seguimiento guiado<\/li>\n<li>Distancias, superficies, vol\u00famenes<\/li>\n<li>Suma y resta de distancias, superficies y vol\u00famenes<\/li>\n<li>Soporte para diagonales<\/li>\n<li>16 GB de memoria interna<\/li>\n<li>Cable de conexi\u00f3n para PC \/ recarga<\/li>\n<li>Pilas recargables<\/li>\n<li>Tuerca de 1\/4 \u00bb para montaje en tr\u00edpode<\/li>\n<li>Con correa, en bolsa<\/li>\n<\/ul>\n","protected":false},"excerpt":{"rendered":"<ul>\n<li>Camera zoom 4X con visor<\/li>\n<li>Foto del punto medido con memoria de medici\u00f3n<\/li>\n<li>Video y grabaci\u00f3n de voz con memo<\/li>\n<li>Conexi\u00f3n WiFi<\/li>\n<li>Inclin\u00f3metro dual digital (horizontal y vertical)<\/li>\n<li>Funci\u00f3n de medici\u00f3n continua, con valores max \/ min siempre visualizados<\/li>\n<li>7 funciones de Pit\u00e1goras<\/li>\n<li>Seguimiento guiado<\/li>\n<li>Distancias, superficies, vol\u00famenes<\/li>\n<li>Suma y resta de distancias, superficies y vol\u00famenes<\/li>\n<li>Soporte para diagonales<\/li>\n<li>16 GB de memoria interna<\/li>\n<li>Cable de conexi\u00f3n para PC \/ recarga<\/li>\n<li>Pilas recargables<\/li>\n<li>Tuerca de 1\/4 \u00bb para montaje en tr\u00edpode<\/li>\n<li>Con correa, en bolsa<\/li>\n<\/ul>\n","protected":false},"featured_media":127850,"template":"","meta":[],"product_cat":[517,528],"product_tag":[],"class_list":{"0":"post-144278","1":"product","2":"type-product","3":"status-publish","4":"has-post-thumbnail","6":"product_cat-laser-y-termocamaras","7":"product_cat-medidores-de-distancia-laser","9":"first","10":"instock","11":"sold-individually","12":"product-type-simple"},"yoast_head":"<title>METRICA FLASH 120 zoom | Medidores De Distancia L\u00e1ser | Laser y Termocamaras - Metrica<\/title>\n<meta name=\"description\" content=\"Descubre la colecci\u00f3n de productos., METRICA FLASH 120 zoom - Medidores De Distancia L\u00e1ser.Telecamera zoom 4X con mirino Foto del punto misurato con memoria di misura,Trasmissione dati wireless,Video . Consulta el cat\u00e1logo en la web oficial de Metrica.\" \/>\n<meta name=\"robots\" content=\"index, follow, max-snippet:-1, max-image-preview:large, max-video-preview:-1\" \/>\n<link rel=\"canonical\" href=\"https:\/\/www.metrica.it\/es\/producto\/metrica-flash-120-zoom\/\" \/>\n<meta property=\"og:locale\" content=\"es_ES\" \/>\n<meta property=\"og:type\" content=\"article\" \/>\n<meta property=\"og:title\" content=\"METRICA FLASH 120 zoom | Medidores De Distancia L\u00e1ser | Laser y Termocamaras - Metrica\" \/>\n<meta property=\"og:description\" content=\"Descubre la colecci\u00f3n de productos., METRICA FLASH 120 zoom - Medidores De Distancia L\u00e1ser.Telecamera zoom 4X con mirino Foto del punto misurato con memoria di misura,Trasmissione dati wireless,Video . Consulta el cat\u00e1logo en la web oficial de Metrica.\" \/>\n<meta property=\"og:url\" content=\"https:\/\/www.metrica.it\/es\/producto\/metrica-flash-120-zoom\/\" \/>\n<meta property=\"og:site_name\" content=\"Metrica\" \/>\n<meta property=\"article:modified_time\" content=\"2024-09-16T18:48:50+00:00\" \/>\n<meta property=\"og:image\" content=\"https:\/\/www.metrica.it\/wp-content\/uploads\/2024\/06\/61190_4_1.jpg\" \/>\n\t<meta property=\"og:image:width\" content=\"800\" \/>\n\t<meta property=\"og:image:height\" content=\"800\" \/>\n\t<meta property=\"og:image:type\" content=\"image\/jpeg\" \/>\n<meta name=\"twitter:card\" content=\"summary_large_image\" \/>\n<script type=\"application\/ld+json\" class=\"yoast-schema-graph\">{\"@context\":\"https:\\\/\\\/schema.org\",\"@graph\":[{\"@type\":\"WebPage\",\"@id\":\"https:\\\/\\\/www.metrica.it\\\/es\\\/producto\\\/metrica-flash-120-zoom\\\/\",\"url\":\"https:\\\/\\\/www.metrica.it\\\/es\\\/producto\\\/metrica-flash-120-zoom\\\/\",\"name\":\"METRICA FLASH 120 zoom | Medidores De Distancia L\u00e1ser | Laser y Termocamaras - Metrica\",\"isPartOf\":{\"@id\":\"https:\\\/\\\/www.metrica.it\\\/es\\\/#website\"},\"primaryImageOfPage\":{\"@id\":\"https:\\\/\\\/www.metrica.it\\\/es\\\/producto\\\/metrica-flash-120-zoom\\\/#primaryimage\"},\"image\":{\"@id\":\"https:\\\/\\\/www.metrica.it\\\/es\\\/producto\\\/metrica-flash-120-zoom\\\/#primaryimage\"},\"thumbnailUrl\":\"https:\\\/\\\/www.metrica.it\\\/wp-content\\\/uploads\\\/2024\\\/06\\\/61190_4_1.jpg\",\"datePublished\":\"2024-09-16T10:01:18+00:00\",\"dateModified\":\"2024-09-16T18:48:50+00:00\",\"description\":\"Descubre la colecci\u00f3n de productos., METRICA FLASH 120 zoom - Medidores De Distancia L\u00e1ser.Telecamera zoom 4X con mirino Foto del punto misurato con memoria di misura,Trasmissione dati wireless,Video . Consulta el cat\u00e1logo en la web oficial de Metrica.\",\"breadcrumb\":{\"@id\":\"https:\\\/\\\/www.metrica.it\\\/es\\\/producto\\\/metrica-flash-120-zoom\\\/#breadcrumb\"},\"inLanguage\":\"es\",\"potentialAction\":[{\"@type\":\"ReadAction\",\"target\":[\"https:\\\/\\\/www.metrica.it\\\/es\\\/producto\\\/metrica-flash-120-zoom\\\/\"]}]},{\"@type\":\"ImageObject\",\"inLanguage\":\"es\",\"@id\":\"https:\\\/\\\/www.metrica.it\\\/es\\\/producto\\\/metrica-flash-120-zoom\\\/#primaryimage\",\"url\":\"https:\\\/\\\/www.metrica.it\\\/wp-content\\\/uploads\\\/2024\\\/06\\\/61190_4_1.jpg\",\"contentUrl\":\"https:\\\/\\\/www.metrica.it\\\/wp-content\\\/uploads\\\/2024\\\/06\\\/61190_4_1.jpg\",\"width\":800,\"height\":800},{\"@type\":\"BreadcrumbList\",\"@id\":\"https:\\\/\\\/www.metrica.it\\\/es\\\/producto\\\/metrica-flash-120-zoom\\\/#breadcrumb\",\"itemListElement\":[{\"@type\":\"ListItem\",\"position\":1,\"name\":\"Home\",\"item\":\"https:\\\/\\\/www.metrica.it\\\/es\\\/\"},{\"@type\":\"ListItem\",\"position\":2,\"name\":\"Cat\u00e1logo\",\"item\":\"https:\\\/\\\/www.metrica.it\\\/es\\\/catalogo-es\\\/\"},{\"@type\":\"ListItem\",\"position\":3,\"name\":\"Metrica Flash 120 Zoom\"}]},{\"@type\":\"WebSite\",\"@id\":\"https:\\\/\\\/www.metrica.it\\\/es\\\/#website\",\"url\":\"https:\\\/\\\/www.metrica.it\\\/es\\\/\",\"name\":\"Metrica\",\"description\":\"Made to measure\",\"potentialAction\":[{\"@type\":\"SearchAction\",\"target\":{\"@type\":\"EntryPoint\",\"urlTemplate\":\"https:\\\/\\\/www.metrica.it\\\/es\\\/?s={search_term_string}\"},\"query-input\":{\"@type\":\"PropertyValueSpecification\",\"valueRequired\":true,\"valueName\":\"search_term_string\"}}],\"inLanguage\":\"es\"}]}<\/script>","yoast_head_json":{"title":"METRICA FLASH 120 zoom | Medidores De Distancia L\u00e1ser | Laser y Termocamaras - Metrica","description":"Descubre la colecci\u00f3n de productos., METRICA FLASH 120 zoom - Medidores De Distancia L\u00e1ser.Telecamera zoom 4X con mirino Foto del punto misurato con memoria di misura,Trasmissione dati wireless,Video . Consulta el cat\u00e1logo en la web oficial de Metrica.","robots":{"index":"index","follow":"follow","max-snippet":"max-snippet:-1","max-image-preview":"max-image-preview:large","max-video-preview":"max-video-preview:-1"},"canonical":"https:\/\/www.metrica.it\/es\/producto\/metrica-flash-120-zoom\/","og_locale":"es_ES","og_type":"article","og_title":"METRICA FLASH 120 zoom | Medidores De Distancia L\u00e1ser | Laser y Termocamaras - Metrica","og_description":"Descubre la colecci\u00f3n de productos., METRICA FLASH 120 zoom - Medidores De Distancia L\u00e1ser.Telecamera zoom 4X con mirino Foto del punto misurato con memoria di misura,Trasmissione dati wireless,Video . Consulta el cat\u00e1logo en la web oficial de Metrica.","og_url":"https:\/\/www.metrica.it\/es\/producto\/metrica-flash-120-zoom\/","og_site_name":"Metrica","article_modified_time":"2024-09-16T18:48:50+00:00","og_image":[{"width":800,"height":800,"url":"https:\/\/www.metrica.it\/wp-content\/uploads\/2024\/06\/61190_4_1.jpg","type":"image\/jpeg"}],"twitter_card":"summary_large_image","schema":{"@context":"https:\/\/schema.org","@graph":[{"@type":"WebPage","@id":"https:\/\/www.metrica.it\/es\/producto\/metrica-flash-120-zoom\/","url":"https:\/\/www.metrica.it\/es\/producto\/metrica-flash-120-zoom\/","name":"METRICA FLASH 120 zoom | Medidores De Distancia L\u00e1ser | Laser y Termocamaras - Metrica","isPartOf":{"@id":"https:\/\/www.metrica.it\/es\/#website"},"primaryImageOfPage":{"@id":"https:\/\/www.metrica.it\/es\/producto\/metrica-flash-120-zoom\/#primaryimage"},"image":{"@id":"https:\/\/www.metrica.it\/es\/producto\/metrica-flash-120-zoom\/#primaryimage"},"thumbnailUrl":"https:\/\/www.metrica.it\/wp-content\/uploads\/2024\/06\/61190_4_1.jpg","datePublished":"2024-09-16T10:01:18+00:00","dateModified":"2024-09-16T18:48:50+00:00","description":"Descubre la colecci\u00f3n de productos., METRICA FLASH 120 zoom - Medidores De Distancia L\u00e1ser.Telecamera zoom 4X con mirino Foto del punto misurato con memoria di misura,Trasmissione dati wireless,Video . Consulta el cat\u00e1logo en la web oficial de Metrica.","breadcrumb":{"@id":"https:\/\/www.metrica.it\/es\/producto\/metrica-flash-120-zoom\/#breadcrumb"},"inLanguage":"es","potentialAction":[{"@type":"ReadAction","target":["https:\/\/www.metrica.it\/es\/producto\/metrica-flash-120-zoom\/"]}]},{"@type":"ImageObject","inLanguage":"es","@id":"https:\/\/www.metrica.it\/es\/producto\/metrica-flash-120-zoom\/#primaryimage","url":"https:\/\/www.metrica.it\/wp-content\/uploads\/2024\/06\/61190_4_1.jpg","contentUrl":"https:\/\/www.metrica.it\/wp-content\/uploads\/2024\/06\/61190_4_1.jpg","width":800,"height":800},{"@type":"BreadcrumbList","@id":"https:\/\/www.metrica.it\/es\/producto\/metrica-flash-120-zoom\/#breadcrumb","itemListElement":[{"@type":"ListItem","position":1,"name":"Home","item":"https:\/\/www.metrica.it\/es\/"},{"@type":"ListItem","position":2,"name":"Cat\u00e1logo","item":"https:\/\/www.metrica.it\/es\/catalogo-es\/"},{"@type":"ListItem","position":3,"name":"Metrica Flash 120 Zoom"}]},{"@type":"WebSite","@id":"https:\/\/www.metrica.it\/es\/#website","url":"https:\/\/www.metrica.it\/es\/","name":"Metrica","description":"Made to measure","potentialAction":[{"@type":"SearchAction","target":{"@type":"EntryPoint","urlTemplate":"https:\/\/www.metrica.it\/es\/?s={search_term_string}"},"query-input":{"@type":"PropertyValueSpecification","valueRequired":true,"valueName":"search_term_string"}}],"inLanguage":"es"}]}},"meta_box":{"awr_documentation":[{"filesize":3424909,"ID":"146343","name":"61190.pdf","path":"\/var\/www\/html\/wp-content\/uploads\/2024\/09\/61190.pdf","url":"https:\/\/www.metrica.it\/wp-content\/uploads\/2024\/09\/61190.pdf","title":"61190.pdf"}],"awr_manuale":[],"awr_scheda_tecnica":"<table>\n<tbody>\n<tr>\n<td><strong>Precisi\u00f3n<\/strong><\/td>\n<td>\u00b1 2 mm<\/td>\n<\/tr>\n<tr>\n<td><strong>Medida de \u00e1ngulo<\/strong><\/td>\n<td>\u00b1 90 \u00b0<\/td>\n<\/tr>\n<tr>\n<td><strong>Duraci\u00f3n pilas<\/strong><\/td>\n<td>30000 mediciones individuales<\/td>\n<\/tr>\n<tr>\n<td><strong>Tipo de l\u00e1ser<\/strong><\/td>\n<td>635 nm <\/td>\n<\/tr>\n<tr>\n<td><strong>Clase de l\u00e1ser<\/strong><\/td>\n<td>Clase II<\/td>\n<\/tr>\n<tr>\n<td><strong>Impermeabilidad<\/strong><\/td>\n<td>IP 54<\/td>\n<\/tr>\n<tr>\n<td><strong>Temperatura de funcionamiento<\/strong><\/td>\n<td>0 \u00b0 C \/ 40 \u00b0 C<\/td>\n<\/tr>\n<tr>\n<td><strong>Pilas<\/strong><\/td>\n<td>3 NiMh 1.2V 800mAh<\/td>\n<\/tr>\n<tr>\n<td><strong>Dimensiones (mm)<\/strong><\/td>\n<td>145 x 60 x 29<\/td>\n<\/tr>\n<tr>\n<td><strong>Peso (sin pilas<\/strong><\/td>\n<td>160 g<\/td>\n<\/tr>\n<tr>\n<td><strong>Tuerca para tr\u00edpode<\/strong><\/td>\n<td>1\/4\"<\/td>\n<\/tr>\n<tr>\n<td><strong>Cable conexi\u00f3n<\/strong><\/td>\n<td>PC \/ carga<\/td>\n<\/tr>\n<\/tbody>\n<\/table>\n","awr_youtube_video":"https:\/\/www.youtube.com\/embed\/NbOIzzlKQBE","awr_classe_prodotto":"","awr_customize_product":"0","awr_custom_image":false,"awr_related_products":[{"awr_product_name":"Metrica Flash 120 Zoom","awr_product_references":"ref:61190|ean:8001066611904|l:0,15-120m|pack:1"}],"awr_consumabili":"","awr_alternativi":"","awr_aliases":"61190","awr_skuid":"61190-it"},"_links":{"self":[{"href":"https:\/\/www.metrica.it\/es\/wp-json\/wp\/v2\/product\/144278","targetHints":{"allow":["GET"]}}],"collection":[{"href":"https:\/\/www.metrica.it\/es\/wp-json\/wp\/v2\/product"}],"about":[{"href":"https:\/\/www.metrica.it\/es\/wp-json\/wp\/v2\/types\/product"}],"wp:featuredmedia":[{"embeddable":true,"href":"https:\/\/www.metrica.it\/es\/wp-json\/wp\/v2\/media\/127850"}],"wp:attachment":[{"href":"https:\/\/www.metrica.it\/es\/wp-json\/wp\/v2\/media?parent=144278"}],"wp:term":[{"taxonomy":"product_cat","embeddable":true,"href":"https:\/\/www.metrica.it\/es\/wp-json\/wp\/v2\/product_cat?post=144278"},{"taxonomy":"product_tag","embeddable":true,"href":"https:\/\/www.metrica.it\/es\/wp-json\/wp\/v2\/product_tag?post=144278"}],"curies":[{"name":"wp","href":"https:\/\/api.w.org\/{rel}","templated":true}]}}