{"id":144329,"date":"2024-09-16T11:50:32","date_gmt":"2024-09-16T09:50:32","guid":{"rendered":"https:\/\/www.metrica.it\/prodotto\/medidor-de-humedad-flir-mr40\/"},"modified":"2024-09-16T20:38:36","modified_gmt":"2024-09-16T18:38:36","slug":"medidor-de-humedad-flir-mr40","status":"publish","type":"product","link":"https:\/\/www.metrica.it\/es\/producto\/medidor-de-humedad-flir-mr40\/","title":{"rendered":"Medidor De Humedad Flir Mr40"},"content":{"rendered":"<ul>\n<li>Medidor de humedad de 2 puntos para madera y otros materiales de construcci\u00f3n<\/li>\n<li>Indicaci\u00f3n ac\u00fastica del rango medido (5-12%, 13-60%, m\u00e1s del 60%)<\/li>\n<li>Pantalla LCD<\/li>\n<li>L\u00e1mpara LED de 40 l\u00famenes de potencia<\/li>\n<li>Protecci\u00f3n contra ca\u00eddas: 3 m<\/li>\n<\/ul>\n","protected":false},"excerpt":{"rendered":"<ul>\n<li>Medidor de humedad de 2 puntos para madera y otros materiales de construcci\u00f3n<\/li>\n<li>Indicaci\u00f3n ac\u00fastica del rango medido (5-12%, 13-60%, m\u00e1s del 60%)<\/li>\n<li>Pantalla LCD<\/li>\n<li>L\u00e1mpara LED de 40 l\u00famenes de potencia<\/li>\n<li>Protecci\u00f3n contra ca\u00eddas: 3 m<\/li>\n<\/ul>\n","protected":false},"featured_media":124920,"template":"","meta":[],"product_cat":[517,544],"product_tag":[],"class_list":{"0":"post-144329","1":"product","2":"type-product","3":"status-publish","4":"has-post-thumbnail","6":"product_cat-laser-y-termocamaras","7":"product_cat-termocamaras","9":"first","10":"instock","11":"sold-individually","12":"product-type-simple"},"yoast_head":"<title>PENNA UMIDITA&#039; FLIR MR40 | Termoc\u00e1maras | Laser y Termocamaras - Metrica<\/title>\n<meta name=\"description\" content=\"Descubre la colecci\u00f3n de productos., PENNA UMIDITA&#039; FLIR MR40 - Termoc\u00e1maras.Misuratore di umidit&agrave; a 2 puntali per legno ed altri materiali da costruzione,Indicazione acustica del range misura . Consulta el cat\u00e1logo en la web oficial de Metrica.\" \/>\n<meta name=\"robots\" content=\"index, follow, max-snippet:-1, max-image-preview:large, max-video-preview:-1\" \/>\n<link rel=\"canonical\" href=\"https:\/\/www.metrica.it\/es\/producto\/medidor-de-humedad-flir-mr40\/\" \/>\n<meta property=\"og:locale\" content=\"es_ES\" \/>\n<meta property=\"og:type\" content=\"article\" \/>\n<meta property=\"og:title\" content=\"PENNA UMIDITA&#039; FLIR MR40 | Termoc\u00e1maras | Laser y Termocamaras - Metrica\" \/>\n<meta property=\"og:description\" content=\"Descubre la colecci\u00f3n de productos., PENNA UMIDITA&#039; FLIR MR40 - Termoc\u00e1maras.Misuratore di umidit&agrave; a 2 puntali per legno ed altri materiali da costruzione,Indicazione acustica del range misura . Consulta el cat\u00e1logo en la web oficial de Metrica.\" \/>\n<meta property=\"og:url\" content=\"https:\/\/www.metrica.it\/es\/producto\/medidor-de-humedad-flir-mr40\/\" \/>\n<meta property=\"og:site_name\" content=\"Metrica\" \/>\n<meta property=\"article:modified_time\" content=\"2024-09-16T18:38:36+00:00\" \/>\n<meta property=\"og:image\" content=\"https:\/\/www.metrica.it\/wp-content\/uploads\/2024\/05\/70110_5.jpg\" \/>\n\t<meta property=\"og:image:width\" content=\"800\" \/>\n\t<meta property=\"og:image:height\" content=\"800\" \/>\n\t<meta property=\"og:image:type\" content=\"image\/jpeg\" \/>\n<meta name=\"twitter:card\" content=\"summary_large_image\" \/>\n<script type=\"application\/ld+json\" class=\"yoast-schema-graph\">{\"@context\":\"https:\\\/\\\/schema.org\",\"@graph\":[{\"@type\":\"WebPage\",\"@id\":\"https:\\\/\\\/www.metrica.it\\\/es\\\/producto\\\/medidor-de-humedad-flir-mr40\\\/\",\"url\":\"https:\\\/\\\/www.metrica.it\\\/es\\\/producto\\\/medidor-de-humedad-flir-mr40\\\/\",\"name\":\"PENNA UMIDITA' FLIR MR40 | Termoc\u00e1maras | Laser y Termocamaras - Metrica\",\"isPartOf\":{\"@id\":\"https:\\\/\\\/www.metrica.it\\\/es\\\/#website\"},\"primaryImageOfPage\":{\"@id\":\"https:\\\/\\\/www.metrica.it\\\/es\\\/producto\\\/medidor-de-humedad-flir-mr40\\\/#primaryimage\"},\"image\":{\"@id\":\"https:\\\/\\\/www.metrica.it\\\/es\\\/producto\\\/medidor-de-humedad-flir-mr40\\\/#primaryimage\"},\"thumbnailUrl\":\"https:\\\/\\\/www.metrica.it\\\/wp-content\\\/uploads\\\/2024\\\/05\\\/70110_5.jpg\",\"datePublished\":\"2024-09-16T09:50:32+00:00\",\"dateModified\":\"2024-09-16T18:38:36+00:00\",\"description\":\"Descubre la colecci\u00f3n de productos., PENNA UMIDITA' FLIR MR40 - Termoc\u00e1maras.Misuratore di umidit&agrave; a 2 puntali per legno ed altri materiali da costruzione,Indicazione acustica del range misura . Consulta el cat\u00e1logo en la web oficial de Metrica.\",\"breadcrumb\":{\"@id\":\"https:\\\/\\\/www.metrica.it\\\/es\\\/producto\\\/medidor-de-humedad-flir-mr40\\\/#breadcrumb\"},\"inLanguage\":\"es\",\"potentialAction\":[{\"@type\":\"ReadAction\",\"target\":[\"https:\\\/\\\/www.metrica.it\\\/es\\\/producto\\\/medidor-de-humedad-flir-mr40\\\/\"]}]},{\"@type\":\"ImageObject\",\"inLanguage\":\"es\",\"@id\":\"https:\\\/\\\/www.metrica.it\\\/es\\\/producto\\\/medidor-de-humedad-flir-mr40\\\/#primaryimage\",\"url\":\"https:\\\/\\\/www.metrica.it\\\/wp-content\\\/uploads\\\/2024\\\/05\\\/70110_5.jpg\",\"contentUrl\":\"https:\\\/\\\/www.metrica.it\\\/wp-content\\\/uploads\\\/2024\\\/05\\\/70110_5.jpg\",\"width\":800,\"height\":800},{\"@type\":\"BreadcrumbList\",\"@id\":\"https:\\\/\\\/www.metrica.it\\\/es\\\/producto\\\/medidor-de-humedad-flir-mr40\\\/#breadcrumb\",\"itemListElement\":[{\"@type\":\"ListItem\",\"position\":1,\"name\":\"Home\",\"item\":\"https:\\\/\\\/www.metrica.it\\\/es\\\/\"},{\"@type\":\"ListItem\",\"position\":2,\"name\":\"Cat\u00e1logo\",\"item\":\"https:\\\/\\\/www.metrica.it\\\/es\\\/catalogo-es\\\/\"},{\"@type\":\"ListItem\",\"position\":3,\"name\":\"Medidor De Humedad Flir Mr40\"}]},{\"@type\":\"WebSite\",\"@id\":\"https:\\\/\\\/www.metrica.it\\\/es\\\/#website\",\"url\":\"https:\\\/\\\/www.metrica.it\\\/es\\\/\",\"name\":\"Metrica\",\"description\":\"Made to measure\",\"potentialAction\":[{\"@type\":\"SearchAction\",\"target\":{\"@type\":\"EntryPoint\",\"urlTemplate\":\"https:\\\/\\\/www.metrica.it\\\/es\\\/?s={search_term_string}\"},\"query-input\":{\"@type\":\"PropertyValueSpecification\",\"valueRequired\":true,\"valueName\":\"search_term_string\"}}],\"inLanguage\":\"es\"}]}<\/script>","yoast_head_json":{"title":"PENNA UMIDITA' FLIR MR40 | Termoc\u00e1maras | Laser y Termocamaras - Metrica","description":"Descubre la colecci\u00f3n de productos., PENNA UMIDITA' FLIR MR40 - Termoc\u00e1maras.Misuratore di umidit&agrave; a 2 puntali per legno ed altri materiali da costruzione,Indicazione acustica del range misura . Consulta el cat\u00e1logo en la web oficial de Metrica.","robots":{"index":"index","follow":"follow","max-snippet":"max-snippet:-1","max-image-preview":"max-image-preview:large","max-video-preview":"max-video-preview:-1"},"canonical":"https:\/\/www.metrica.it\/es\/producto\/medidor-de-humedad-flir-mr40\/","og_locale":"es_ES","og_type":"article","og_title":"PENNA UMIDITA' FLIR MR40 | Termoc\u00e1maras | Laser y Termocamaras - Metrica","og_description":"Descubre la colecci\u00f3n de productos., PENNA UMIDITA' FLIR MR40 - Termoc\u00e1maras.Misuratore di umidit&agrave; a 2 puntali per legno ed altri materiali da costruzione,Indicazione acustica del range misura . Consulta el cat\u00e1logo en la web oficial de Metrica.","og_url":"https:\/\/www.metrica.it\/es\/producto\/medidor-de-humedad-flir-mr40\/","og_site_name":"Metrica","article_modified_time":"2024-09-16T18:38:36+00:00","og_image":[{"width":800,"height":800,"url":"https:\/\/www.metrica.it\/wp-content\/uploads\/2024\/05\/70110_5.jpg","type":"image\/jpeg"}],"twitter_card":"summary_large_image","schema":{"@context":"https:\/\/schema.org","@graph":[{"@type":"WebPage","@id":"https:\/\/www.metrica.it\/es\/producto\/medidor-de-humedad-flir-mr40\/","url":"https:\/\/www.metrica.it\/es\/producto\/medidor-de-humedad-flir-mr40\/","name":"PENNA UMIDITA' FLIR MR40 | Termoc\u00e1maras | Laser y Termocamaras - Metrica","isPartOf":{"@id":"https:\/\/www.metrica.it\/es\/#website"},"primaryImageOfPage":{"@id":"https:\/\/www.metrica.it\/es\/producto\/medidor-de-humedad-flir-mr40\/#primaryimage"},"image":{"@id":"https:\/\/www.metrica.it\/es\/producto\/medidor-de-humedad-flir-mr40\/#primaryimage"},"thumbnailUrl":"https:\/\/www.metrica.it\/wp-content\/uploads\/2024\/05\/70110_5.jpg","datePublished":"2024-09-16T09:50:32+00:00","dateModified":"2024-09-16T18:38:36+00:00","description":"Descubre la colecci\u00f3n de productos., PENNA UMIDITA' FLIR MR40 - Termoc\u00e1maras.Misuratore di umidit&agrave; a 2 puntali per legno ed altri materiali da costruzione,Indicazione acustica del range misura . Consulta el cat\u00e1logo en la web oficial de Metrica.","breadcrumb":{"@id":"https:\/\/www.metrica.it\/es\/producto\/medidor-de-humedad-flir-mr40\/#breadcrumb"},"inLanguage":"es","potentialAction":[{"@type":"ReadAction","target":["https:\/\/www.metrica.it\/es\/producto\/medidor-de-humedad-flir-mr40\/"]}]},{"@type":"ImageObject","inLanguage":"es","@id":"https:\/\/www.metrica.it\/es\/producto\/medidor-de-humedad-flir-mr40\/#primaryimage","url":"https:\/\/www.metrica.it\/wp-content\/uploads\/2024\/05\/70110_5.jpg","contentUrl":"https:\/\/www.metrica.it\/wp-content\/uploads\/2024\/05\/70110_5.jpg","width":800,"height":800},{"@type":"BreadcrumbList","@id":"https:\/\/www.metrica.it\/es\/producto\/medidor-de-humedad-flir-mr40\/#breadcrumb","itemListElement":[{"@type":"ListItem","position":1,"name":"Home","item":"https:\/\/www.metrica.it\/es\/"},{"@type":"ListItem","position":2,"name":"Cat\u00e1logo","item":"https:\/\/www.metrica.it\/es\/catalogo-es\/"},{"@type":"ListItem","position":3,"name":"Medidor De Humedad Flir Mr40"}]},{"@type":"WebSite","@id":"https:\/\/www.metrica.it\/es\/#website","url":"https:\/\/www.metrica.it\/es\/","name":"Metrica","description":"Made to measure","potentialAction":[{"@type":"SearchAction","target":{"@type":"EntryPoint","urlTemplate":"https:\/\/www.metrica.it\/es\/?s={search_term_string}"},"query-input":{"@type":"PropertyValueSpecification","valueRequired":true,"valueName":"search_term_string"}}],"inLanguage":"es"}]}},"meta_box":{"awr_documentation":[{"filesize":19583,"ID":"146325","name":"70110.pdf","path":"\/var\/www\/html\/wp-content\/uploads\/2024\/09\/70110.pdf","url":"https:\/\/www.metrica.it\/wp-content\/uploads\/2024\/09\/70110.pdf","title":"70110.pdf"}],"awr_manuale":[],"awr_scheda_tecnica":"","awr_youtube_video":"","awr_classe_prodotto":"","awr_customize_product":"1","awr_custom_image":{"width":96,"height":96,"file":"2024\/05\/70110.jpg","filesize":271238,"sizes":{"dgwt-wcas-product-suggestion":{"file":"70110-64x64.jpg","width":64,"height":64,"mime-type":"image\/jpeg","filesize":1547,"url":"https:\/\/www.metrica.it\/wp-content\/uploads\/2024\/05\/70110-64x64.jpg"},"hongo-product-icon-image":{"file":"70110-64x64.jpg","width":64,"height":64,"mime-type":"image\/jpeg","filesize":1547,"url":"https:\/\/www.metrica.it\/wp-content\/uploads\/2024\/05\/70110-64x64.jpg"},"hongo-product-small-image":{"file":"70110-84x84.jpg","width":84,"height":84,"mime-type":"image\/jpeg","filesize":1942,"url":"https:\/\/www.metrica.it\/wp-content\/uploads\/2024\/05\/70110-84x84.jpg"},"hongo-medium-image":{"file":"70110-450x450.jpg","width":450,"height":450,"mime-type":"image\/jpeg","filesize":15861,"url":"https:\/\/www.metrica.it\/wp-content\/uploads\/2024\/05\/70110-450x450.jpg"},"post-thumbnail":{"file":"70110-790x790.jpg","width":790,"height":790,"mime-type":"image\/jpeg","filesize":35731,"url":"https:\/\/www.metrica.it\/wp-content\/uploads\/2024\/05\/70110-790x790.jpg"},"hongo-shop-image":{"file":"70110-660x660.jpg","width":660,"height":660,"mime-type":"image\/jpeg","filesize":27577,"url":"https:\/\/www.metrica.it\/wp-content\/uploads\/2024\/05\/70110-660x660.jpg"}},"image_meta":{"aperture":"0","credit":"","camera":"","caption":"","created_timestamp":"0","copyright":"","focal_length":"0","iso":"0","shutter_speed":"0","title":"","orientation":"1","keywords":[]},"ID":"124915","name":"70110.jpg","path":"\/var\/www\/html\/wp-content\/uploads\/2024\/05\/70110.jpg","url":"https:\/\/www.metrica.it\/wp-content\/uploads\/2024\/05\/70110.jpg","full_url":"https:\/\/www.metrica.it\/wp-content\/uploads\/2024\/05\/70110.jpg","title":"70110.jpg","caption":"","description":"","alt":"","srcset":"https:\/\/www.metrica.it\/wp-content\/uploads\/2024\/05\/70110.jpg 800w, https:\/\/www.metrica.it\/wp-content\/uploads\/2024\/05\/70110-64x64.jpg 64w, https:\/\/www.metrica.it\/wp-content\/uploads\/2024\/05\/70110-84x84.jpg 84w, https:\/\/www.metrica.it\/wp-content\/uploads\/2024\/05\/70110-450x450.jpg 450w, https:\/\/www.metrica.it\/wp-content\/uploads\/2024\/05\/70110-790x790.jpg 790w, https:\/\/www.metrica.it\/wp-content\/uploads\/2024\/05\/70110-660x660.jpg 660w"},"awr_related_products":[{"awr_product_name":"Penna Umidita' Flir Mr40","awr_product_references":"ref:70110|ean:8001066701100|pack:1"}],"awr_consumabili":"","awr_alternativi":"","awr_aliases":"70110","awr_skuid":"70110-it"},"_links":{"self":[{"href":"https:\/\/www.metrica.it\/es\/wp-json\/wp\/v2\/product\/144329","targetHints":{"allow":["GET"]}}],"collection":[{"href":"https:\/\/www.metrica.it\/es\/wp-json\/wp\/v2\/product"}],"about":[{"href":"https:\/\/www.metrica.it\/es\/wp-json\/wp\/v2\/types\/product"}],"wp:featuredmedia":[{"embeddable":true,"href":"https:\/\/www.metrica.it\/es\/wp-json\/wp\/v2\/media\/124920"}],"wp:attachment":[{"href":"https:\/\/www.metrica.it\/es\/wp-json\/wp\/v2\/media?parent=144329"}],"wp:term":[{"taxonomy":"product_cat","embeddable":true,"href":"https:\/\/www.metrica.it\/es\/wp-json\/wp\/v2\/product_cat?post=144329"},{"taxonomy":"product_tag","embeddable":true,"href":"https:\/\/www.metrica.it\/es\/wp-json\/wp\/v2\/product_tag?post=144329"}],"curies":[{"name":"wp","href":"https:\/\/api.w.org\/{rel}","templated":true}]}}