{"id":144384,"date":"2024-09-16T12:01:56","date_gmt":"2024-09-16T10:01:56","guid":{"rendered":"https:\/\/www.metrica.it\/prodotto\/compas-con-cremallera-con-soporte\/"},"modified":"2024-09-16T20:49:10","modified_gmt":"2024-09-16T18:49:10","slug":"compas-con-cremallera-con-soporte","status":"publish","type":"product","link":"https:\/\/www.metrica.it\/es\/producto\/compas-con-cremallera-con-soporte\/","title":{"rendered":"Compas Con Cremallera Con Soporte"},"content":{"rendered":"<ul>\n<li>Compas con cremallera<\/li>\n<li>Con soporte para lapiz<\/li>\n<li>En acero<\/li>\n<li>Secci\u00f3n pesada<\/li>\n<li>Caja en ABS<\/li>\n<\/ul>\n","protected":false},"excerpt":{"rendered":"<p>Compas con cremallera<br \/>Con soporte para lapiz<br \/>En acero<br \/>Secci\u00f3n pesada<br \/>Caja en ABS<\/p>\n","protected":false},"featured_media":120514,"template":"","meta":[],"product_cat":[703,707],"product_tag":[],"class_list":{"0":"post-144384","1":"product","2":"type-product","3":"status-publish","4":"has-post-thumbnail","6":"product_cat-trazado-y-marcado","7":"product_cat-compas-es","9":"first","10":"instock","11":"sold-individually","12":"product-type-simple"},"yoast_head":"<title>Compasso A Cerniera Con Supporto | Comp\u00e0s | Trazado y Marcado - Metrica<\/title>\n<meta name=\"description\" content=\"Descubre la colecci\u00f3n de productos., Compasso A Cerniera Con Supporto - Comp\u00e0s .Compasso a cerniera,Con supporto per matita,In acciaio . Consulta el cat\u00e1logo en la web oficial de Metrica.\" \/>\n<meta name=\"robots\" content=\"index, follow, max-snippet:-1, max-image-preview:large, max-video-preview:-1\" \/>\n<link rel=\"canonical\" href=\"https:\/\/www.metrica.it\/es\/producto\/compas-con-cremallera-con-soporte\/\" \/>\n<meta property=\"og:locale\" content=\"es_ES\" \/>\n<meta property=\"og:type\" content=\"article\" \/>\n<meta property=\"og:title\" content=\"Compasso A Cerniera Con Supporto | Comp\u00e0s | Trazado y Marcado - Metrica\" \/>\n<meta property=\"og:description\" content=\"Descubre la colecci\u00f3n de productos., Compasso A Cerniera Con Supporto - Comp\u00e0s .Compasso a cerniera,Con supporto per matita,In acciaio . Consulta el cat\u00e1logo en la web oficial de Metrica.\" \/>\n<meta property=\"og:url\" content=\"https:\/\/www.metrica.it\/es\/producto\/compas-con-cremallera-con-soporte\/\" \/>\n<meta property=\"og:site_name\" content=\"Metrica\" \/>\n<meta property=\"article:modified_time\" content=\"2024-09-16T18:49:10+00:00\" \/>\n<meta property=\"og:image\" content=\"https:\/\/www.metrica.it\/wp-content\/uploads\/2024\/05\/48075.jpg\" \/>\n\t<meta property=\"og:image:width\" content=\"800\" \/>\n\t<meta property=\"og:image:height\" content=\"800\" \/>\n\t<meta property=\"og:image:type\" content=\"image\/jpeg\" \/>\n<meta name=\"twitter:card\" content=\"summary_large_image\" \/>\n<script type=\"application\/ld+json\" class=\"yoast-schema-graph\">{\"@context\":\"https:\\\/\\\/schema.org\",\"@graph\":[{\"@type\":\"WebPage\",\"@id\":\"https:\\\/\\\/www.metrica.it\\\/es\\\/producto\\\/compas-con-cremallera-con-soporte\\\/\",\"url\":\"https:\\\/\\\/www.metrica.it\\\/es\\\/producto\\\/compas-con-cremallera-con-soporte\\\/\",\"name\":\"Compasso A Cerniera Con Supporto | Comp\u00e0s | Trazado y Marcado - Metrica\",\"isPartOf\":{\"@id\":\"https:\\\/\\\/www.metrica.it\\\/es\\\/#website\"},\"primaryImageOfPage\":{\"@id\":\"https:\\\/\\\/www.metrica.it\\\/es\\\/producto\\\/compas-con-cremallera-con-soporte\\\/#primaryimage\"},\"image\":{\"@id\":\"https:\\\/\\\/www.metrica.it\\\/es\\\/producto\\\/compas-con-cremallera-con-soporte\\\/#primaryimage\"},\"thumbnailUrl\":\"https:\\\/\\\/www.metrica.it\\\/wp-content\\\/uploads\\\/2024\\\/05\\\/48075.jpg\",\"datePublished\":\"2024-09-16T10:01:56+00:00\",\"dateModified\":\"2024-09-16T18:49:10+00:00\",\"description\":\"Descubre la colecci\u00f3n de productos., Compasso A Cerniera Con Supporto - Comp\u00e0s .Compasso a cerniera,Con supporto per matita,In acciaio . Consulta el cat\u00e1logo en la web oficial de Metrica.\",\"breadcrumb\":{\"@id\":\"https:\\\/\\\/www.metrica.it\\\/es\\\/producto\\\/compas-con-cremallera-con-soporte\\\/#breadcrumb\"},\"inLanguage\":\"es\",\"potentialAction\":[{\"@type\":\"ReadAction\",\"target\":[\"https:\\\/\\\/www.metrica.it\\\/es\\\/producto\\\/compas-con-cremallera-con-soporte\\\/\"]}]},{\"@type\":\"ImageObject\",\"inLanguage\":\"es\",\"@id\":\"https:\\\/\\\/www.metrica.it\\\/es\\\/producto\\\/compas-con-cremallera-con-soporte\\\/#primaryimage\",\"url\":\"https:\\\/\\\/www.metrica.it\\\/wp-content\\\/uploads\\\/2024\\\/05\\\/48075.jpg\",\"contentUrl\":\"https:\\\/\\\/www.metrica.it\\\/wp-content\\\/uploads\\\/2024\\\/05\\\/48075.jpg\",\"width\":800,\"height\":800},{\"@type\":\"BreadcrumbList\",\"@id\":\"https:\\\/\\\/www.metrica.it\\\/es\\\/producto\\\/compas-con-cremallera-con-soporte\\\/#breadcrumb\",\"itemListElement\":[{\"@type\":\"ListItem\",\"position\":1,\"name\":\"Home\",\"item\":\"https:\\\/\\\/www.metrica.it\\\/es\\\/\"},{\"@type\":\"ListItem\",\"position\":2,\"name\":\"Cat\u00e1logo\",\"item\":\"https:\\\/\\\/www.metrica.it\\\/es\\\/catalogo-es\\\/\"},{\"@type\":\"ListItem\",\"position\":3,\"name\":\"Compas Con Cremallera Con Soporte\"}]},{\"@type\":\"WebSite\",\"@id\":\"https:\\\/\\\/www.metrica.it\\\/es\\\/#website\",\"url\":\"https:\\\/\\\/www.metrica.it\\\/es\\\/\",\"name\":\"Metrica\",\"description\":\"Made to measure\",\"potentialAction\":[{\"@type\":\"SearchAction\",\"target\":{\"@type\":\"EntryPoint\",\"urlTemplate\":\"https:\\\/\\\/www.metrica.it\\\/es\\\/?s={search_term_string}\"},\"query-input\":{\"@type\":\"PropertyValueSpecification\",\"valueRequired\":true,\"valueName\":\"search_term_string\"}}],\"inLanguage\":\"es\"}]}<\/script>","yoast_head_json":{"title":"Compasso A Cerniera Con Supporto | Comp\u00e0s | Trazado y Marcado - Metrica","description":"Descubre la colecci\u00f3n de productos., Compasso A Cerniera Con Supporto - Comp\u00e0s .Compasso a cerniera,Con supporto per matita,In acciaio . Consulta el cat\u00e1logo en la web oficial de Metrica.","robots":{"index":"index","follow":"follow","max-snippet":"max-snippet:-1","max-image-preview":"max-image-preview:large","max-video-preview":"max-video-preview:-1"},"canonical":"https:\/\/www.metrica.it\/es\/producto\/compas-con-cremallera-con-soporte\/","og_locale":"es_ES","og_type":"article","og_title":"Compasso A Cerniera Con Supporto | Comp\u00e0s | Trazado y Marcado - Metrica","og_description":"Descubre la colecci\u00f3n de productos., Compasso A Cerniera Con Supporto - Comp\u00e0s .Compasso a cerniera,Con supporto per matita,In acciaio . Consulta el cat\u00e1logo en la web oficial de Metrica.","og_url":"https:\/\/www.metrica.it\/es\/producto\/compas-con-cremallera-con-soporte\/","og_site_name":"Metrica","article_modified_time":"2024-09-16T18:49:10+00:00","og_image":[{"width":800,"height":800,"url":"https:\/\/www.metrica.it\/wp-content\/uploads\/2024\/05\/48075.jpg","type":"image\/jpeg"}],"twitter_card":"summary_large_image","schema":{"@context":"https:\/\/schema.org","@graph":[{"@type":"WebPage","@id":"https:\/\/www.metrica.it\/es\/producto\/compas-con-cremallera-con-soporte\/","url":"https:\/\/www.metrica.it\/es\/producto\/compas-con-cremallera-con-soporte\/","name":"Compasso A Cerniera Con Supporto | Comp\u00e0s | Trazado y Marcado - Metrica","isPartOf":{"@id":"https:\/\/www.metrica.it\/es\/#website"},"primaryImageOfPage":{"@id":"https:\/\/www.metrica.it\/es\/producto\/compas-con-cremallera-con-soporte\/#primaryimage"},"image":{"@id":"https:\/\/www.metrica.it\/es\/producto\/compas-con-cremallera-con-soporte\/#primaryimage"},"thumbnailUrl":"https:\/\/www.metrica.it\/wp-content\/uploads\/2024\/05\/48075.jpg","datePublished":"2024-09-16T10:01:56+00:00","dateModified":"2024-09-16T18:49:10+00:00","description":"Descubre la colecci\u00f3n de productos., Compasso A Cerniera Con Supporto - Comp\u00e0s .Compasso a cerniera,Con supporto per matita,In acciaio . Consulta el cat\u00e1logo en la web oficial de Metrica.","breadcrumb":{"@id":"https:\/\/www.metrica.it\/es\/producto\/compas-con-cremallera-con-soporte\/#breadcrumb"},"inLanguage":"es","potentialAction":[{"@type":"ReadAction","target":["https:\/\/www.metrica.it\/es\/producto\/compas-con-cremallera-con-soporte\/"]}]},{"@type":"ImageObject","inLanguage":"es","@id":"https:\/\/www.metrica.it\/es\/producto\/compas-con-cremallera-con-soporte\/#primaryimage","url":"https:\/\/www.metrica.it\/wp-content\/uploads\/2024\/05\/48075.jpg","contentUrl":"https:\/\/www.metrica.it\/wp-content\/uploads\/2024\/05\/48075.jpg","width":800,"height":800},{"@type":"BreadcrumbList","@id":"https:\/\/www.metrica.it\/es\/producto\/compas-con-cremallera-con-soporte\/#breadcrumb","itemListElement":[{"@type":"ListItem","position":1,"name":"Home","item":"https:\/\/www.metrica.it\/es\/"},{"@type":"ListItem","position":2,"name":"Cat\u00e1logo","item":"https:\/\/www.metrica.it\/es\/catalogo-es\/"},{"@type":"ListItem","position":3,"name":"Compas Con Cremallera Con Soporte"}]},{"@type":"WebSite","@id":"https:\/\/www.metrica.it\/es\/#website","url":"https:\/\/www.metrica.it\/es\/","name":"Metrica","description":"Made to measure","potentialAction":[{"@type":"SearchAction","target":{"@type":"EntryPoint","urlTemplate":"https:\/\/www.metrica.it\/es\/?s={search_term_string}"},"query-input":{"@type":"PropertyValueSpecification","valueRequired":true,"valueName":"search_term_string"}}],"inLanguage":"es"}]}},"meta_box":{"awr_documentation":[],"awr_manuale":[],"awr_scheda_tecnica":"","awr_youtube_video":"","awr_classe_prodotto":"","awr_customize_product":"0","awr_custom_image":false,"awr_related_products":[{"awr_product_name":"Compasso A Cerniera Con Supporto","awr_product_references":"ref:48075|ean:8001066480753|l_mm:150|pack:2"},{"awr_product_name":"Compasso A Cerniera Con Supporto","awr_product_references":"ref:48076|ean:8001066480760|l_mm:200|pack:2"},{"awr_product_name":"Compasso A Cerniera Con Supporto","awr_product_references":"ref:48077|ean:8001066480777|l_mm:300|pack:2"},{"awr_product_name":"Compasso A Cerniera Con Supporto","awr_product_references":"ref:48078|ean:8001066480784|l_mm:500|pack:2"}],"awr_consumabili":"","awr_alternativi":"","awr_aliases":"48075,48076,48077,48078","awr_skuid":"48075-it"},"_links":{"self":[{"href":"https:\/\/www.metrica.it\/es\/wp-json\/wp\/v2\/product\/144384","targetHints":{"allow":["GET"]}}],"collection":[{"href":"https:\/\/www.metrica.it\/es\/wp-json\/wp\/v2\/product"}],"about":[{"href":"https:\/\/www.metrica.it\/es\/wp-json\/wp\/v2\/types\/product"}],"wp:featuredmedia":[{"embeddable":true,"href":"https:\/\/www.metrica.it\/es\/wp-json\/wp\/v2\/media\/120514"}],"wp:attachment":[{"href":"https:\/\/www.metrica.it\/es\/wp-json\/wp\/v2\/media?parent=144384"}],"wp:term":[{"taxonomy":"product_cat","embeddable":true,"href":"https:\/\/www.metrica.it\/es\/wp-json\/wp\/v2\/product_cat?post=144384"},{"taxonomy":"product_tag","embeddable":true,"href":"https:\/\/www.metrica.it\/es\/wp-json\/wp\/v2\/product_tag?post=144384"}],"curies":[{"name":"wp","href":"https:\/\/api.w.org\/{rel}","templated":true}]}}