{"id":144684,"date":"2024-09-16T11:57:58","date_gmt":"2024-09-16T09:57:58","guid":{"rendered":"https:\/\/www.metrica.it\/prodotto\/nivel-graduado-en-perfil-de-aluminio-3\/"},"modified":"2024-09-16T20:45:21","modified_gmt":"2024-09-16T18:45:21","slug":"nivel-graduado-en-perfil-de-aluminio-3","status":"publish","type":"product","link":"https:\/\/www.metrica.it\/es\/producto\/nivel-graduado-en-perfil-de-aluminio-3\/","title":{"rendered":"Nivel Graduado En Perfil De Aluminio"},"content":{"rendered":"<ul>\n<li>Nivel en perfil de aluminio, pratico y ligero<\/li>\n<li>Burbujas acrilicas resistentes<\/li>\n<li>4 superficies barnizadas<\/li>\n<li>Precisi\u00f3n: 1 mm\/m<\/li>\n<\/ul>\n","protected":false},"excerpt":{"rendered":"<ul>\n<li>Nivel en perfil de aluminio, pratico y ligero<\/li>\n<li>Burbujas acrilicas resistentes<\/li>\n<li>4 superficies barnizadas<\/li>\n<li>Precisi\u00f3n: 1 mm\/m<\/li>\n<\/ul>\n","protected":false},"featured_media":129129,"template":"","meta":[],"product_cat":[552,568],"product_tag":[],"class_list":{"0":"post-144684","1":"product","2":"type-product","3":"status-publish","4":"has-post-thumbnail","6":"product_cat-niveles","7":"product_cat-niveles-para-la-construccion","9":"first","10":"instock","11":"sold-individually","12":"product-type-simple"},"yoast_head":"<title>LIVELLA GRADUATA GIALLA | Niveles para la construcci\u00f3n | Niveles - Metrica<\/title>\n<meta name=\"description\" content=\"Descubre la colecci\u00f3n de productos., LIVELLA GRADUATA GIALLA - Niveles para la construcci\u00f3n.Livella in alluminio profilato pratico e leggero,Fiale acriliche resistenti agli urti,4 superfici verniciat . Consulta el cat\u00e1logo en la web oficial de Metrica.\" \/>\n<meta name=\"robots\" content=\"index, follow, max-snippet:-1, max-image-preview:large, max-video-preview:-1\" \/>\n<link rel=\"canonical\" href=\"https:\/\/www.metrica.it\/es\/producto\/nivel-graduado-en-perfil-de-aluminio-3\/\" \/>\n<meta property=\"og:locale\" content=\"es_ES\" \/>\n<meta property=\"og:type\" content=\"article\" \/>\n<meta property=\"og:title\" content=\"LIVELLA GRADUATA GIALLA | Niveles para la construcci\u00f3n | Niveles - Metrica\" \/>\n<meta property=\"og:description\" content=\"Descubre la colecci\u00f3n de productos., LIVELLA GRADUATA GIALLA - Niveles para la construcci\u00f3n.Livella in alluminio profilato pratico e leggero,Fiale acriliche resistenti agli urti,4 superfici verniciat . Consulta el cat\u00e1logo en la web oficial de Metrica.\" \/>\n<meta property=\"og:url\" content=\"https:\/\/www.metrica.it\/es\/producto\/nivel-graduado-en-perfil-de-aluminio-3\/\" \/>\n<meta property=\"og:site_name\" content=\"Metrica\" \/>\n<meta property=\"article:modified_time\" content=\"2024-09-16T18:45:21+00:00\" \/>\n<meta property=\"og:image\" content=\"https:\/\/www.metrica.it\/wp-content\/uploads\/2024\/06\/32534_1.jpg\" \/>\n\t<meta property=\"og:image:width\" content=\"800\" \/>\n\t<meta property=\"og:image:height\" content=\"800\" \/>\n\t<meta property=\"og:image:type\" content=\"image\/jpeg\" \/>\n<meta name=\"twitter:card\" content=\"summary_large_image\" \/>\n<script type=\"application\/ld+json\" class=\"yoast-schema-graph\">{\"@context\":\"https:\\\/\\\/schema.org\",\"@graph\":[{\"@type\":\"WebPage\",\"@id\":\"https:\\\/\\\/www.metrica.it\\\/es\\\/producto\\\/nivel-graduado-en-perfil-de-aluminio-3\\\/\",\"url\":\"https:\\\/\\\/www.metrica.it\\\/es\\\/producto\\\/nivel-graduado-en-perfil-de-aluminio-3\\\/\",\"name\":\"LIVELLA GRADUATA GIALLA | Niveles para la construcci\u00f3n | Niveles - Metrica\",\"isPartOf\":{\"@id\":\"https:\\\/\\\/www.metrica.it\\\/es\\\/#website\"},\"primaryImageOfPage\":{\"@id\":\"https:\\\/\\\/www.metrica.it\\\/es\\\/producto\\\/nivel-graduado-en-perfil-de-aluminio-3\\\/#primaryimage\"},\"image\":{\"@id\":\"https:\\\/\\\/www.metrica.it\\\/es\\\/producto\\\/nivel-graduado-en-perfil-de-aluminio-3\\\/#primaryimage\"},\"thumbnailUrl\":\"https:\\\/\\\/www.metrica.it\\\/wp-content\\\/uploads\\\/2024\\\/06\\\/32534_1.jpg\",\"datePublished\":\"2024-09-16T09:57:58+00:00\",\"dateModified\":\"2024-09-16T18:45:21+00:00\",\"description\":\"Descubre la colecci\u00f3n de productos., LIVELLA GRADUATA GIALLA - Niveles para la construcci\u00f3n.Livella in alluminio profilato pratico e leggero,Fiale acriliche resistenti agli urti,4 superfici verniciat . Consulta el cat\u00e1logo en la web oficial de Metrica.\",\"breadcrumb\":{\"@id\":\"https:\\\/\\\/www.metrica.it\\\/es\\\/producto\\\/nivel-graduado-en-perfil-de-aluminio-3\\\/#breadcrumb\"},\"inLanguage\":\"es\",\"potentialAction\":[{\"@type\":\"ReadAction\",\"target\":[\"https:\\\/\\\/www.metrica.it\\\/es\\\/producto\\\/nivel-graduado-en-perfil-de-aluminio-3\\\/\"]}]},{\"@type\":\"ImageObject\",\"inLanguage\":\"es\",\"@id\":\"https:\\\/\\\/www.metrica.it\\\/es\\\/producto\\\/nivel-graduado-en-perfil-de-aluminio-3\\\/#primaryimage\",\"url\":\"https:\\\/\\\/www.metrica.it\\\/wp-content\\\/uploads\\\/2024\\\/06\\\/32534_1.jpg\",\"contentUrl\":\"https:\\\/\\\/www.metrica.it\\\/wp-content\\\/uploads\\\/2024\\\/06\\\/32534_1.jpg\",\"width\":800,\"height\":800},{\"@type\":\"BreadcrumbList\",\"@id\":\"https:\\\/\\\/www.metrica.it\\\/es\\\/producto\\\/nivel-graduado-en-perfil-de-aluminio-3\\\/#breadcrumb\",\"itemListElement\":[{\"@type\":\"ListItem\",\"position\":1,\"name\":\"Home\",\"item\":\"https:\\\/\\\/www.metrica.it\\\/es\\\/\"},{\"@type\":\"ListItem\",\"position\":2,\"name\":\"Cat\u00e1logo\",\"item\":\"https:\\\/\\\/www.metrica.it\\\/es\\\/catalogo-es\\\/\"},{\"@type\":\"ListItem\",\"position\":3,\"name\":\"Nivel Graduado En Perfil De Aluminio\"}]},{\"@type\":\"WebSite\",\"@id\":\"https:\\\/\\\/www.metrica.it\\\/es\\\/#website\",\"url\":\"https:\\\/\\\/www.metrica.it\\\/es\\\/\",\"name\":\"Metrica\",\"description\":\"Made to measure\",\"potentialAction\":[{\"@type\":\"SearchAction\",\"target\":{\"@type\":\"EntryPoint\",\"urlTemplate\":\"https:\\\/\\\/www.metrica.it\\\/es\\\/?s={search_term_string}\"},\"query-input\":{\"@type\":\"PropertyValueSpecification\",\"valueRequired\":true,\"valueName\":\"search_term_string\"}}],\"inLanguage\":\"es\"}]}<\/script>","yoast_head_json":{"title":"LIVELLA GRADUATA GIALLA | Niveles para la construcci\u00f3n | Niveles - Metrica","description":"Descubre la colecci\u00f3n de productos., LIVELLA GRADUATA GIALLA - Niveles para la construcci\u00f3n.Livella in alluminio profilato pratico e leggero,Fiale acriliche resistenti agli urti,4 superfici verniciat . Consulta el cat\u00e1logo en la web oficial de Metrica.","robots":{"index":"index","follow":"follow","max-snippet":"max-snippet:-1","max-image-preview":"max-image-preview:large","max-video-preview":"max-video-preview:-1"},"canonical":"https:\/\/www.metrica.it\/es\/producto\/nivel-graduado-en-perfil-de-aluminio-3\/","og_locale":"es_ES","og_type":"article","og_title":"LIVELLA GRADUATA GIALLA | Niveles para la construcci\u00f3n | Niveles - Metrica","og_description":"Descubre la colecci\u00f3n de productos., LIVELLA GRADUATA GIALLA - Niveles para la construcci\u00f3n.Livella in alluminio profilato pratico e leggero,Fiale acriliche resistenti agli urti,4 superfici verniciat . Consulta el cat\u00e1logo en la web oficial de Metrica.","og_url":"https:\/\/www.metrica.it\/es\/producto\/nivel-graduado-en-perfil-de-aluminio-3\/","og_site_name":"Metrica","article_modified_time":"2024-09-16T18:45:21+00:00","og_image":[{"width":800,"height":800,"url":"https:\/\/www.metrica.it\/wp-content\/uploads\/2024\/06\/32534_1.jpg","type":"image\/jpeg"}],"twitter_card":"summary_large_image","schema":{"@context":"https:\/\/schema.org","@graph":[{"@type":"WebPage","@id":"https:\/\/www.metrica.it\/es\/producto\/nivel-graduado-en-perfil-de-aluminio-3\/","url":"https:\/\/www.metrica.it\/es\/producto\/nivel-graduado-en-perfil-de-aluminio-3\/","name":"LIVELLA GRADUATA GIALLA | Niveles para la construcci\u00f3n | Niveles - Metrica","isPartOf":{"@id":"https:\/\/www.metrica.it\/es\/#website"},"primaryImageOfPage":{"@id":"https:\/\/www.metrica.it\/es\/producto\/nivel-graduado-en-perfil-de-aluminio-3\/#primaryimage"},"image":{"@id":"https:\/\/www.metrica.it\/es\/producto\/nivel-graduado-en-perfil-de-aluminio-3\/#primaryimage"},"thumbnailUrl":"https:\/\/www.metrica.it\/wp-content\/uploads\/2024\/06\/32534_1.jpg","datePublished":"2024-09-16T09:57:58+00:00","dateModified":"2024-09-16T18:45:21+00:00","description":"Descubre la colecci\u00f3n de productos., LIVELLA GRADUATA GIALLA - Niveles para la construcci\u00f3n.Livella in alluminio profilato pratico e leggero,Fiale acriliche resistenti agli urti,4 superfici verniciat . Consulta el cat\u00e1logo en la web oficial de Metrica.","breadcrumb":{"@id":"https:\/\/www.metrica.it\/es\/producto\/nivel-graduado-en-perfil-de-aluminio-3\/#breadcrumb"},"inLanguage":"es","potentialAction":[{"@type":"ReadAction","target":["https:\/\/www.metrica.it\/es\/producto\/nivel-graduado-en-perfil-de-aluminio-3\/"]}]},{"@type":"ImageObject","inLanguage":"es","@id":"https:\/\/www.metrica.it\/es\/producto\/nivel-graduado-en-perfil-de-aluminio-3\/#primaryimage","url":"https:\/\/www.metrica.it\/wp-content\/uploads\/2024\/06\/32534_1.jpg","contentUrl":"https:\/\/www.metrica.it\/wp-content\/uploads\/2024\/06\/32534_1.jpg","width":800,"height":800},{"@type":"BreadcrumbList","@id":"https:\/\/www.metrica.it\/es\/producto\/nivel-graduado-en-perfil-de-aluminio-3\/#breadcrumb","itemListElement":[{"@type":"ListItem","position":1,"name":"Home","item":"https:\/\/www.metrica.it\/es\/"},{"@type":"ListItem","position":2,"name":"Cat\u00e1logo","item":"https:\/\/www.metrica.it\/es\/catalogo-es\/"},{"@type":"ListItem","position":3,"name":"Nivel Graduado En Perfil De Aluminio"}]},{"@type":"WebSite","@id":"https:\/\/www.metrica.it\/es\/#website","url":"https:\/\/www.metrica.it\/es\/","name":"Metrica","description":"Made to measure","potentialAction":[{"@type":"SearchAction","target":{"@type":"EntryPoint","urlTemplate":"https:\/\/www.metrica.it\/es\/?s={search_term_string}"},"query-input":{"@type":"PropertyValueSpecification","valueRequired":true,"valueName":"search_term_string"}}],"inLanguage":"es"}]}},"meta_box":{"awr_documentation":[],"awr_manuale":[],"awr_scheda_tecnica":"","awr_youtube_video":"","awr_classe_prodotto":"","awr_customize_product":"0","awr_custom_image":false,"awr_related_products":[{"awr_product_name":"Livella Graduata Gialla","awr_product_references":"ref:32534|ean:8001066325344|l:40 cm|2_fiale:*|pack:6"},{"awr_product_name":"Livella Graduata Gialla","awr_product_references":"ref:32535|ean:8001066325351|l:50 cm|2_fiale:*|pack:6"},{"awr_product_name":"Livella Graduata Gialla","awr_product_references":"ref:32536|ean:8001066325368|l:60 cm|2_fiale:*|pack:6"},{"awr_product_name":"Livella Graduata Gialla","awr_product_references":"ref:32538|ean:8001066325382|l:80 cm|2_fiale:*|pack:6"},{"awr_product_name":"Livella Graduata Gialla","awr_product_references":"ref:32540|ean:8001066325405|l:100 cm|2_fiale:*|pack:6"}],"awr_consumabili":"","awr_alternativi":"","awr_aliases":"32534,32535,32536,32538,32540","awr_skuid":"32534-it"},"_links":{"self":[{"href":"https:\/\/www.metrica.it\/es\/wp-json\/wp\/v2\/product\/144684","targetHints":{"allow":["GET"]}}],"collection":[{"href":"https:\/\/www.metrica.it\/es\/wp-json\/wp\/v2\/product"}],"about":[{"href":"https:\/\/www.metrica.it\/es\/wp-json\/wp\/v2\/types\/product"}],"wp:featuredmedia":[{"embeddable":true,"href":"https:\/\/www.metrica.it\/es\/wp-json\/wp\/v2\/media\/129129"}],"wp:attachment":[{"href":"https:\/\/www.metrica.it\/es\/wp-json\/wp\/v2\/media?parent=144684"}],"wp:term":[{"taxonomy":"product_cat","embeddable":true,"href":"https:\/\/www.metrica.it\/es\/wp-json\/wp\/v2\/product_cat?post=144684"},{"taxonomy":"product_tag","embeddable":true,"href":"https:\/\/www.metrica.it\/es\/wp-json\/wp\/v2\/product_tag?post=144684"}],"curies":[{"name":"wp","href":"https:\/\/api.w.org\/{rel}","templated":true}]}}