{"id":144810,"date":"2024-09-16T12:02:27","date_gmt":"2024-09-16T10:02:27","guid":{"rendered":"https:\/\/www.metrica.it\/prodotto\/follow-me-spray-5\/"},"modified":"2024-09-16T20:49:50","modified_gmt":"2024-09-16T18:49:50","slug":"follow-me-spray","status":"publish","type":"product","link":"https:\/\/www.metrica.it\/es\/producto\/follow-me-spray\/","title":{"rendered":"Follow Me Spray"},"content":{"rendered":"<ul>\n<li>Marcador spray para obras 500 ml<\/li>\n<li>Colores fosforitos no permanentes<\/li>\n<li>Sin plomo, sin CFC<\/li>\n<li>Para marcar limpio y visible encima de cualquier superficie tambi\u00e9n h\u00fameda (hormig\u00f3n, asfalto, piedra, hierba, obras, re\u00f1\u00edas, madera, suelos industriales etc.)<\/li>\n<li>Tap\u00f3n de seguridad bloquea aerosol<\/li>\n<li>V\u00e1lvula de auto-limpieza<\/li>\n<li>Aplicabilidad hasta -20 \u00b0C<\/li>\n<li>Larga vida<\/li>\n<li>Estabilidad a largo plazo<\/li>\n<li>No es nocivo para la naturaleza<\/li>\n<\/ul>\n","protected":false},"excerpt":{"rendered":"<p>Marcador spray para obras 500 ml<br \/>Colores fosforitos no permanentes<br \/>Sin plomo, sin CFC<br \/>Para marcar limpio y visible encima de cualquier superficie tambi\u00e9n h\u00fameda (hormig\u00f3n, asfalto, piedra, hierba, obras, re\u00f1\u00edas, madera, suelos industriales etc.)<br \/>Tap\u00f3n de seguridad bloquea aerosol<br \/>V\u00e1lvula de auto-limpieza<br \/>Aplicabilidad hasta -20 \u00b0C<br \/>Larga vida<br \/>Estabilidad a largo plazo<br \/>No es nocivo para la naturaleza<\/p>\n","protected":false},"featured_media":131404,"template":"","meta":[],"product_cat":[719,703],"product_tag":[],"class_list":{"0":"post-144810","1":"product","2":"type-product","3":"status-publish","4":"has-post-thumbnail","6":"product_cat-marcadores-de-pulverizacion-y-marcadores","7":"product_cat-trazado-y-marcado","9":"first","10":"instock","11":"sold-individually","12":"product-type-simple"},"yoast_head":"<title>Follow Me Spray | Marcadores de Pulverizaci\u00f3n y Marcadores | Trazado y Marcado - Metrica<\/title>\n<meta name=\"description\" content=\"Descubre la colecci\u00f3n de productos., Follow Me Spray - Marcadores de Pulverizaci\u00f3n y Marcadores.Marcatore spray da cantiere 500 ml,Colori fluorescenti - non permanenti,Senza piombo e senza CFC . Consulta el cat\u00e1logo en la web oficial de Metrica.\" \/>\n<meta name=\"robots\" content=\"index, follow, max-snippet:-1, max-image-preview:large, max-video-preview:-1\" \/>\n<link rel=\"canonical\" href=\"https:\/\/www.metrica.it\/es\/producto\/follow-me-spray\/\" \/>\n<meta property=\"og:locale\" content=\"es_ES\" \/>\n<meta property=\"og:type\" content=\"article\" \/>\n<meta property=\"og:title\" content=\"Follow Me Spray | Marcadores de Pulverizaci\u00f3n y Marcadores | Trazado y Marcado - Metrica\" \/>\n<meta property=\"og:description\" content=\"Descubre la colecci\u00f3n de productos., Follow Me Spray - Marcadores de Pulverizaci\u00f3n y Marcadores.Marcatore spray da cantiere 500 ml,Colori fluorescenti - non permanenti,Senza piombo e senza CFC . Consulta el cat\u00e1logo en la web oficial de Metrica.\" \/>\n<meta property=\"og:url\" content=\"https:\/\/www.metrica.it\/es\/producto\/follow-me-spray\/\" \/>\n<meta property=\"og:site_name\" content=\"Metrica\" \/>\n<meta property=\"article:modified_time\" content=\"2024-09-16T18:49:50+00:00\" \/>\n<meta property=\"og:image\" content=\"https:\/\/www.metrica.it\/wp-content\/uploads\/2024\/06\/50181_1.jpg\" \/>\n\t<meta property=\"og:image:width\" content=\"800\" \/>\n\t<meta property=\"og:image:height\" content=\"800\" \/>\n\t<meta property=\"og:image:type\" content=\"image\/jpeg\" \/>\n<meta name=\"twitter:card\" content=\"summary_large_image\" \/>\n<script type=\"application\/ld+json\" class=\"yoast-schema-graph\">{\"@context\":\"https:\\\/\\\/schema.org\",\"@graph\":[{\"@type\":\"WebPage\",\"@id\":\"https:\\\/\\\/www.metrica.it\\\/es\\\/producto\\\/follow-me-spray\\\/\",\"url\":\"https:\\\/\\\/www.metrica.it\\\/es\\\/producto\\\/follow-me-spray\\\/\",\"name\":\"Follow Me Spray | Marcadores de Pulverizaci\u00f3n y Marcadores | Trazado y Marcado - Metrica\",\"isPartOf\":{\"@id\":\"https:\\\/\\\/www.metrica.it\\\/es\\\/#website\"},\"primaryImageOfPage\":{\"@id\":\"https:\\\/\\\/www.metrica.it\\\/es\\\/producto\\\/follow-me-spray\\\/#primaryimage\"},\"image\":{\"@id\":\"https:\\\/\\\/www.metrica.it\\\/es\\\/producto\\\/follow-me-spray\\\/#primaryimage\"},\"thumbnailUrl\":\"https:\\\/\\\/www.metrica.it\\\/wp-content\\\/uploads\\\/2024\\\/06\\\/50181_1.jpg\",\"datePublished\":\"2024-09-16T10:02:27+00:00\",\"dateModified\":\"2024-09-16T18:49:50+00:00\",\"description\":\"Descubre la colecci\u00f3n de productos., Follow Me Spray - Marcadores de Pulverizaci\u00f3n y Marcadores.Marcatore spray da cantiere 500 ml,Colori fluorescenti - non permanenti,Senza piombo e senza CFC . Consulta el cat\u00e1logo en la web oficial de Metrica.\",\"breadcrumb\":{\"@id\":\"https:\\\/\\\/www.metrica.it\\\/es\\\/producto\\\/follow-me-spray\\\/#breadcrumb\"},\"inLanguage\":\"es\",\"potentialAction\":[{\"@type\":\"ReadAction\",\"target\":[\"https:\\\/\\\/www.metrica.it\\\/es\\\/producto\\\/follow-me-spray\\\/\"]}]},{\"@type\":\"ImageObject\",\"inLanguage\":\"es\",\"@id\":\"https:\\\/\\\/www.metrica.it\\\/es\\\/producto\\\/follow-me-spray\\\/#primaryimage\",\"url\":\"https:\\\/\\\/www.metrica.it\\\/wp-content\\\/uploads\\\/2024\\\/06\\\/50181_1.jpg\",\"contentUrl\":\"https:\\\/\\\/www.metrica.it\\\/wp-content\\\/uploads\\\/2024\\\/06\\\/50181_1.jpg\",\"width\":800,\"height\":800},{\"@type\":\"BreadcrumbList\",\"@id\":\"https:\\\/\\\/www.metrica.it\\\/es\\\/producto\\\/follow-me-spray\\\/#breadcrumb\",\"itemListElement\":[{\"@type\":\"ListItem\",\"position\":1,\"name\":\"Home\",\"item\":\"https:\\\/\\\/www.metrica.it\\\/es\\\/\"},{\"@type\":\"ListItem\",\"position\":2,\"name\":\"Cat\u00e1logo\",\"item\":\"https:\\\/\\\/www.metrica.it\\\/es\\\/catalogo-es\\\/\"},{\"@type\":\"ListItem\",\"position\":3,\"name\":\"Follow Me Spray\"}]},{\"@type\":\"WebSite\",\"@id\":\"https:\\\/\\\/www.metrica.it\\\/es\\\/#website\",\"url\":\"https:\\\/\\\/www.metrica.it\\\/es\\\/\",\"name\":\"Metrica\",\"description\":\"Made to measure\",\"potentialAction\":[{\"@type\":\"SearchAction\",\"target\":{\"@type\":\"EntryPoint\",\"urlTemplate\":\"https:\\\/\\\/www.metrica.it\\\/es\\\/?s={search_term_string}\"},\"query-input\":{\"@type\":\"PropertyValueSpecification\",\"valueRequired\":true,\"valueName\":\"search_term_string\"}}],\"inLanguage\":\"es\"}]}<\/script>","yoast_head_json":{"title":"Follow Me Spray | Marcadores de Pulverizaci\u00f3n y Marcadores | Trazado y Marcado - Metrica","description":"Descubre la colecci\u00f3n de productos., Follow Me Spray - Marcadores de Pulverizaci\u00f3n y Marcadores.Marcatore spray da cantiere 500 ml,Colori fluorescenti - non permanenti,Senza piombo e senza CFC . Consulta el cat\u00e1logo en la web oficial de Metrica.","robots":{"index":"index","follow":"follow","max-snippet":"max-snippet:-1","max-image-preview":"max-image-preview:large","max-video-preview":"max-video-preview:-1"},"canonical":"https:\/\/www.metrica.it\/es\/producto\/follow-me-spray\/","og_locale":"es_ES","og_type":"article","og_title":"Follow Me Spray | Marcadores de Pulverizaci\u00f3n y Marcadores | Trazado y Marcado - Metrica","og_description":"Descubre la colecci\u00f3n de productos., Follow Me Spray - Marcadores de Pulverizaci\u00f3n y Marcadores.Marcatore spray da cantiere 500 ml,Colori fluorescenti - non permanenti,Senza piombo e senza CFC . Consulta el cat\u00e1logo en la web oficial de Metrica.","og_url":"https:\/\/www.metrica.it\/es\/producto\/follow-me-spray\/","og_site_name":"Metrica","article_modified_time":"2024-09-16T18:49:50+00:00","og_image":[{"width":800,"height":800,"url":"https:\/\/www.metrica.it\/wp-content\/uploads\/2024\/06\/50181_1.jpg","type":"image\/jpeg"}],"twitter_card":"summary_large_image","schema":{"@context":"https:\/\/schema.org","@graph":[{"@type":"WebPage","@id":"https:\/\/www.metrica.it\/es\/producto\/follow-me-spray\/","url":"https:\/\/www.metrica.it\/es\/producto\/follow-me-spray\/","name":"Follow Me Spray | Marcadores de Pulverizaci\u00f3n y Marcadores | Trazado y Marcado - Metrica","isPartOf":{"@id":"https:\/\/www.metrica.it\/es\/#website"},"primaryImageOfPage":{"@id":"https:\/\/www.metrica.it\/es\/producto\/follow-me-spray\/#primaryimage"},"image":{"@id":"https:\/\/www.metrica.it\/es\/producto\/follow-me-spray\/#primaryimage"},"thumbnailUrl":"https:\/\/www.metrica.it\/wp-content\/uploads\/2024\/06\/50181_1.jpg","datePublished":"2024-09-16T10:02:27+00:00","dateModified":"2024-09-16T18:49:50+00:00","description":"Descubre la colecci\u00f3n de productos., Follow Me Spray - Marcadores de Pulverizaci\u00f3n y Marcadores.Marcatore spray da cantiere 500 ml,Colori fluorescenti - non permanenti,Senza piombo e senza CFC . Consulta el cat\u00e1logo en la web oficial de Metrica.","breadcrumb":{"@id":"https:\/\/www.metrica.it\/es\/producto\/follow-me-spray\/#breadcrumb"},"inLanguage":"es","potentialAction":[{"@type":"ReadAction","target":["https:\/\/www.metrica.it\/es\/producto\/follow-me-spray\/"]}]},{"@type":"ImageObject","inLanguage":"es","@id":"https:\/\/www.metrica.it\/es\/producto\/follow-me-spray\/#primaryimage","url":"https:\/\/www.metrica.it\/wp-content\/uploads\/2024\/06\/50181_1.jpg","contentUrl":"https:\/\/www.metrica.it\/wp-content\/uploads\/2024\/06\/50181_1.jpg","width":800,"height":800},{"@type":"BreadcrumbList","@id":"https:\/\/www.metrica.it\/es\/producto\/follow-me-spray\/#breadcrumb","itemListElement":[{"@type":"ListItem","position":1,"name":"Home","item":"https:\/\/www.metrica.it\/es\/"},{"@type":"ListItem","position":2,"name":"Cat\u00e1logo","item":"https:\/\/www.metrica.it\/es\/catalogo-es\/"},{"@type":"ListItem","position":3,"name":"Follow Me Spray"}]},{"@type":"WebSite","@id":"https:\/\/www.metrica.it\/es\/#website","url":"https:\/\/www.metrica.it\/es\/","name":"Metrica","description":"Made to measure","potentialAction":[{"@type":"SearchAction","target":{"@type":"EntryPoint","urlTemplate":"https:\/\/www.metrica.it\/es\/?s={search_term_string}"},"query-input":{"@type":"PropertyValueSpecification","valueRequired":true,"valueName":"search_term_string"}}],"inLanguage":"es"}]}},"meta_box":{"awr_documentation":[],"awr_manuale":[],"awr_scheda_tecnica":"","awr_youtube_video":"","awr_classe_prodotto":"","awr_customize_product":"0","awr_custom_image":false,"awr_related_products":[{"awr_product_name":"Follow Me Spray","awr_product_references":"ref:50181|ean:8001066501816|:<img src=\"\/media\/tabelle\/colore_rosso.png\"\/>|pack:12"},{"awr_product_name":"Follow Me Spray","awr_product_references":"ref:50182|ean:8001066501823|:<img src=\"\/media\/tabelle\/colore_verde.png\"\/>|pack:12"},{"awr_product_name":"Follow Me Spray","awr_product_references":"ref:50183|ean:8001066501830|:<img src=\"\/media\/tabelle\/colore_giallo.png\"\/>|pack:12"},{"awr_product_name":"Follow Me Spray","awr_product_references":"ref:50184|ean:8001066501847|:<img src=\"\/media\/tabelle\/colore_blu.png\"\/>|pack:12"},{"awr_product_name":"Follow Me Spray","awr_product_references":"ref:50185|ean:8001066501854|:<img src=\"\/media\/tabelle\/colore_bianco.png\"\/>|pack:12"},{"awr_product_name":"Follow Me Spray","awr_product_references":"ref:50186|ean:8001066501861|:<img src=\"\/media\/tabelle\/colore_arancio.png\"\/>|pack:12"}],"awr_consumabili":"","awr_alternativi":"","awr_aliases":"50181,50182,50183,50184,50185,50186","awr_skuid":"50181-it"},"_links":{"self":[{"href":"https:\/\/www.metrica.it\/es\/wp-json\/wp\/v2\/product\/144810","targetHints":{"allow":["GET"]}}],"collection":[{"href":"https:\/\/www.metrica.it\/es\/wp-json\/wp\/v2\/product"}],"about":[{"href":"https:\/\/www.metrica.it\/es\/wp-json\/wp\/v2\/types\/product"}],"wp:featuredmedia":[{"embeddable":true,"href":"https:\/\/www.metrica.it\/es\/wp-json\/wp\/v2\/media\/131404"}],"wp:attachment":[{"href":"https:\/\/www.metrica.it\/es\/wp-json\/wp\/v2\/media?parent=144810"}],"wp:term":[{"taxonomy":"product_cat","embeddable":true,"href":"https:\/\/www.metrica.it\/es\/wp-json\/wp\/v2\/product_cat?post=144810"},{"taxonomy":"product_tag","embeddable":true,"href":"https:\/\/www.metrica.it\/es\/wp-json\/wp\/v2\/product_tag?post=144810"}],"curies":[{"name":"wp","href":"https:\/\/api.w.org\/{rel}","templated":true}]}}