{"id":154254,"date":"2025-01-14T09:53:16","date_gmt":"2025-01-14T08:53:16","guid":{"rendered":"https:\/\/www.metrica.it\/prodotto\/bravo-laserbox-green-2-5\/"},"modified":"2025-01-14T09:53:25","modified_gmt":"2025-01-14T08:53:25","slug":"bravo-laserbox-green-2-5","status":"publish","type":"product","link":"https:\/\/www.metrica.it\/es\/producto\/bravo-laserbox-green-2-5\/","title":{"rendered":"Bravo Laserbox Green 2"},"content":{"rendered":"<ul>\n<li>Modelo robusto con muy buena visibilidad (LED verde)<\/li>\n<li>Dos bater\u00edas recargables en puerto USB-C<\/li>\n<li>Fijaci\u00f3n directa con imanes incorporados o con el soporte magn\u00e9tico incluido<\/li>\n<li>Funci\u00f3n \u00abPulse\u00bb para uso en exteriores (con receptor 60749, no incluido).<\/li>\n<\/ul>\n","protected":false},"excerpt":{"rendered":"<p>Modelo robusto con muy buena visibilidad (LED verde) <br \/>Dos bater\u00edas recargables en puerto USB-C <br \/>Fijaci\u00f3n directa con imanes incorporados o con el soporte magn\u00e9tico incluido <br \/>Funci\u00f3n \u00abPulse\u00bb para uso en exteriores (con receptor 60749, no incluido). <\/p>\n","protected":false},"featured_media":150273,"template":"","meta":[],"product_cat":[524,517],"product_tag":[],"class_list":{"0":"post-154254","1":"product","2":"type-product","3":"status-publish","4":"has-post-thumbnail","6":"product_cat-laser-autonivelantes","7":"product_cat-laser-y-termocamaras","9":"first","10":"instock","11":"featured","12":"sold-individually","13":"product-type-simple"},"yoast_head":"<title>Bravo Laserbox Green 2 - Metrica<\/title>\n<meta name=\"robots\" content=\"index, follow, max-snippet:-1, max-image-preview:large, max-video-preview:-1\" \/>\n<link rel=\"canonical\" href=\"https:\/\/www.metrica.it\/es\/producto\/bravo-laserbox-green-2-5\/\" \/>\n<meta property=\"og:locale\" content=\"es_ES\" \/>\n<meta property=\"og:type\" content=\"article\" \/>\n<meta property=\"og:title\" content=\"Bravo Laserbox Green 2 - Metrica\" \/>\n<meta property=\"og:description\" content=\"Modelo robusto con muy buena visibilidad (LED verde) Dos bater\u00edas recargables en puerto USB-C Fijaci\u00f3n directa con imanes incorporados o con el soporte magn\u00e9tico incluido Funci\u00f3n &quot;Pulse&quot; para uso en exteriores (con receptor 60749, no incluido).\" \/>\n<meta property=\"og:url\" content=\"https:\/\/www.metrica.it\/es\/producto\/bravo-laserbox-green-2-5\/\" \/>\n<meta property=\"og:site_name\" content=\"Metrica\" \/>\n<meta property=\"article:modified_time\" content=\"2025-01-14T08:53:25+00:00\" \/>\n<meta property=\"og:image\" content=\"https:\/\/www.metrica.it\/wp-content\/uploads\/2024\/12\/61302-scaled.jpg\" \/>\n\t<meta property=\"og:image:width\" content=\"2560\" \/>\n\t<meta property=\"og:image:height\" content=\"2560\" \/>\n\t<meta property=\"og:image:type\" content=\"image\/jpeg\" \/>\n<meta name=\"twitter:card\" content=\"summary_large_image\" \/>\n<script type=\"application\/ld+json\" class=\"yoast-schema-graph\">{\"@context\":\"https:\\\/\\\/schema.org\",\"@graph\":[{\"@type\":\"WebPage\",\"@id\":\"https:\\\/\\\/www.metrica.it\\\/es\\\/producto\\\/bravo-laserbox-green-2-5\\\/\",\"url\":\"https:\\\/\\\/www.metrica.it\\\/es\\\/producto\\\/bravo-laserbox-green-2-5\\\/\",\"name\":\"Bravo Laserbox Green 2 - Metrica\",\"isPartOf\":{\"@id\":\"https:\\\/\\\/www.metrica.it\\\/es\\\/#website\"},\"primaryImageOfPage\":{\"@id\":\"https:\\\/\\\/www.metrica.it\\\/es\\\/producto\\\/bravo-laserbox-green-2-5\\\/#primaryimage\"},\"image\":{\"@id\":\"https:\\\/\\\/www.metrica.it\\\/es\\\/producto\\\/bravo-laserbox-green-2-5\\\/#primaryimage\"},\"thumbnailUrl\":\"https:\\\/\\\/www.metrica.it\\\/wp-content\\\/uploads\\\/2024\\\/12\\\/61302-scaled.jpg\",\"datePublished\":\"2025-01-14T08:53:16+00:00\",\"dateModified\":\"2025-01-14T08:53:25+00:00\",\"breadcrumb\":{\"@id\":\"https:\\\/\\\/www.metrica.it\\\/es\\\/producto\\\/bravo-laserbox-green-2-5\\\/#breadcrumb\"},\"inLanguage\":\"es\",\"potentialAction\":[{\"@type\":\"ReadAction\",\"target\":[\"https:\\\/\\\/www.metrica.it\\\/es\\\/producto\\\/bravo-laserbox-green-2-5\\\/\"]}]},{\"@type\":\"ImageObject\",\"inLanguage\":\"es\",\"@id\":\"https:\\\/\\\/www.metrica.it\\\/es\\\/producto\\\/bravo-laserbox-green-2-5\\\/#primaryimage\",\"url\":\"https:\\\/\\\/www.metrica.it\\\/wp-content\\\/uploads\\\/2024\\\/12\\\/61302-scaled.jpg\",\"contentUrl\":\"https:\\\/\\\/www.metrica.it\\\/wp-content\\\/uploads\\\/2024\\\/12\\\/61302-scaled.jpg\",\"width\":2560,\"height\":2560},{\"@type\":\"BreadcrumbList\",\"@id\":\"https:\\\/\\\/www.metrica.it\\\/es\\\/producto\\\/bravo-laserbox-green-2-5\\\/#breadcrumb\",\"itemListElement\":[{\"@type\":\"ListItem\",\"position\":1,\"name\":\"Home\",\"item\":\"https:\\\/\\\/www.metrica.it\\\/es\\\/\"},{\"@type\":\"ListItem\",\"position\":2,\"name\":\"Cat\u00e1logo\",\"item\":\"https:\\\/\\\/www.metrica.it\\\/es\\\/catalogo-es\\\/\"},{\"@type\":\"ListItem\",\"position\":3,\"name\":\"Bravo Laserbox Green 2\"}]},{\"@type\":\"WebSite\",\"@id\":\"https:\\\/\\\/www.metrica.it\\\/es\\\/#website\",\"url\":\"https:\\\/\\\/www.metrica.it\\\/es\\\/\",\"name\":\"Metrica\",\"description\":\"Made to measure\",\"potentialAction\":[{\"@type\":\"SearchAction\",\"target\":{\"@type\":\"EntryPoint\",\"urlTemplate\":\"https:\\\/\\\/www.metrica.it\\\/es\\\/?s={search_term_string}\"},\"query-input\":{\"@type\":\"PropertyValueSpecification\",\"valueRequired\":true,\"valueName\":\"search_term_string\"}}],\"inLanguage\":\"es\"}]}<\/script>","yoast_head_json":{"title":"Bravo Laserbox Green 2 - Metrica","robots":{"index":"index","follow":"follow","max-snippet":"max-snippet:-1","max-image-preview":"max-image-preview:large","max-video-preview":"max-video-preview:-1"},"canonical":"https:\/\/www.metrica.it\/es\/producto\/bravo-laserbox-green-2-5\/","og_locale":"es_ES","og_type":"article","og_title":"Bravo Laserbox Green 2 - Metrica","og_description":"Modelo robusto con muy buena visibilidad (LED verde) Dos bater\u00edas recargables en puerto USB-C Fijaci\u00f3n directa con imanes incorporados o con el soporte magn\u00e9tico incluido Funci\u00f3n \"Pulse\" para uso en exteriores (con receptor 60749, no incluido).","og_url":"https:\/\/www.metrica.it\/es\/producto\/bravo-laserbox-green-2-5\/","og_site_name":"Metrica","article_modified_time":"2025-01-14T08:53:25+00:00","og_image":[{"width":2560,"height":2560,"url":"https:\/\/www.metrica.it\/wp-content\/uploads\/2024\/12\/61302-scaled.jpg","type":"image\/jpeg"}],"twitter_card":"summary_large_image","schema":{"@context":"https:\/\/schema.org","@graph":[{"@type":"WebPage","@id":"https:\/\/www.metrica.it\/es\/producto\/bravo-laserbox-green-2-5\/","url":"https:\/\/www.metrica.it\/es\/producto\/bravo-laserbox-green-2-5\/","name":"Bravo Laserbox Green 2 - Metrica","isPartOf":{"@id":"https:\/\/www.metrica.it\/es\/#website"},"primaryImageOfPage":{"@id":"https:\/\/www.metrica.it\/es\/producto\/bravo-laserbox-green-2-5\/#primaryimage"},"image":{"@id":"https:\/\/www.metrica.it\/es\/producto\/bravo-laserbox-green-2-5\/#primaryimage"},"thumbnailUrl":"https:\/\/www.metrica.it\/wp-content\/uploads\/2024\/12\/61302-scaled.jpg","datePublished":"2025-01-14T08:53:16+00:00","dateModified":"2025-01-14T08:53:25+00:00","breadcrumb":{"@id":"https:\/\/www.metrica.it\/es\/producto\/bravo-laserbox-green-2-5\/#breadcrumb"},"inLanguage":"es","potentialAction":[{"@type":"ReadAction","target":["https:\/\/www.metrica.it\/es\/producto\/bravo-laserbox-green-2-5\/"]}]},{"@type":"ImageObject","inLanguage":"es","@id":"https:\/\/www.metrica.it\/es\/producto\/bravo-laserbox-green-2-5\/#primaryimage","url":"https:\/\/www.metrica.it\/wp-content\/uploads\/2024\/12\/61302-scaled.jpg","contentUrl":"https:\/\/www.metrica.it\/wp-content\/uploads\/2024\/12\/61302-scaled.jpg","width":2560,"height":2560},{"@type":"BreadcrumbList","@id":"https:\/\/www.metrica.it\/es\/producto\/bravo-laserbox-green-2-5\/#breadcrumb","itemListElement":[{"@type":"ListItem","position":1,"name":"Home","item":"https:\/\/www.metrica.it\/es\/"},{"@type":"ListItem","position":2,"name":"Cat\u00e1logo","item":"https:\/\/www.metrica.it\/es\/catalogo-es\/"},{"@type":"ListItem","position":3,"name":"Bravo Laserbox Green 2"}]},{"@type":"WebSite","@id":"https:\/\/www.metrica.it\/es\/#website","url":"https:\/\/www.metrica.it\/es\/","name":"Metrica","description":"Made to measure","potentialAction":[{"@type":"SearchAction","target":{"@type":"EntryPoint","urlTemplate":"https:\/\/www.metrica.it\/es\/?s={search_term_string}"},"query-input":{"@type":"PropertyValueSpecification","valueRequired":true,"valueName":"search_term_string"}}],"inLanguage":"es"}]}},"meta_box":{"awr_documentation":[{"filesize":908828,"ID":"150272","name":"61302.pdf","path":"\/var\/www\/html\/wp-content\/uploads\/2024\/12\/61302.pdf","url":"https:\/\/www.metrica.it\/wp-content\/uploads\/2024\/12\/61302.pdf","title":"61302.pdf"}],"awr_manuale":[],"awr_scheda_tecnica":"<table>\n<tr>\n<td>Capacidad interior\/exterior <\/td>\n<td>30 m \/ 50 m<\/td>\n<\/tr>\n<tr>\n<td>Precisi\u00f3n de nivelaci\u00f3n <\/td>\n<td>\u00b13 mm \/ 10 m<\/td>\n<\/tr>\n<tr>\n<td>Rango de autonivelaci\u00f3n <\/td>\n<td>3,5\u00b0<\/td>\n<\/tr>\n<tr>\n<td>Se\u00f1al fuera de nivelaci\u00f3n <\/td>\n<td>s\u00ed<\/td>\n<\/tr>\n<tr>\n<td>Potencia l\u00e1ser <\/td>\n<td>Clase II<\/td>\n<\/tr>\n<tr>\n<td>Tipo de l\u00e1ser <\/td>\n<td>515 nm<\/td>\n<\/tr>\n<tr>\n<td>Alimentaci\u00f3n recargables <\/td>\n<td>2 x 1,2V AA 1000 mAh Nimh<\/td>\n<\/tr>\n<tr>\n<td>Recarga <\/td>\n<td>USB-C<\/td>\n<\/tr>\n<tr>\n<td>Dimensiones (mm) <\/td>\n<td>90 x 64 x 87<\/td>\n<\/tr>\n<tr>\n<td>Peso <\/td>\n<td>380 g<\/td>\n<\/tr>\n<tr>\n<td>Impermeabilidad<\/td>\n<td>IP 55<\/td>\n<\/tr>\n<tr>\n<td>Tuerca para tr\u00edpode <\/td>\n<td>1\/4\u201d<\/td>\n<\/tr>\n<\/table>\n","awr_youtube_video":"","awr_classe_prodotto":"","awr_customize_product":"0","awr_custom_image":false,"awr_related_products":[{"awr_product_references":"ref:61302|ean:8001066613021|pack:1"}],"awr_consumabili":"60749,60746,60867,60816,60714M","awr_alternativi":"61432,61435,60845","awr_aliases":"61302","awr_skuid":"61302-it"},"_links":{"self":[{"href":"https:\/\/www.metrica.it\/es\/wp-json\/wp\/v2\/product\/154254","targetHints":{"allow":["GET"]}}],"collection":[{"href":"https:\/\/www.metrica.it\/es\/wp-json\/wp\/v2\/product"}],"about":[{"href":"https:\/\/www.metrica.it\/es\/wp-json\/wp\/v2\/types\/product"}],"wp:featuredmedia":[{"embeddable":true,"href":"https:\/\/www.metrica.it\/es\/wp-json\/wp\/v2\/media\/150273"}],"wp:attachment":[{"href":"https:\/\/www.metrica.it\/es\/wp-json\/wp\/v2\/media?parent=154254"}],"wp:term":[{"taxonomy":"product_cat","embeddable":true,"href":"https:\/\/www.metrica.it\/es\/wp-json\/wp\/v2\/product_cat?post=154254"},{"taxonomy":"product_tag","embeddable":true,"href":"https:\/\/www.metrica.it\/es\/wp-json\/wp\/v2\/product_tag?post=154254"}],"curies":[{"name":"wp","href":"https:\/\/api.w.org\/{rel}","templated":true}]}}