{"id":154259,"date":"2025-01-14T09:53:23","date_gmt":"2025-01-14T08:53:23","guid":{"rendered":"https:\/\/www.metrica.it\/prodotto\/bravo-laser-rotativo-hv4-5\/"},"modified":"2025-01-14T09:53:35","modified_gmt":"2025-01-14T08:53:35","slug":"bravo-laser-rotativo-hv4-5","status":"publish","type":"product","link":"https:\/\/www.metrica.it\/es\/producto\/bravo-laser-rotativo-hv4-5\/","title":{"rendered":"BRAVO LASER ROTATIVO HV4"},"content":{"rendered":"<ul>\n<li>L\u00e1ser autonivelante con rayo rojo giratorio visible: genera un plano horizontal autonivelante y una l\u00ednea de plomo<\/li>\n<li>Receptor de alta sensibilidad de 4 l\u00edneas<\/li>\n<li>Cubierta met\u00e1lica<\/li>\n<li>IP 66 impermeabilidad: protegido contra la entrada de polvo y agua<\/li>\n<li>Al girar la unidad 90\u00b0, la unidad genera un plano l\u00e1ser vertical autonivelado y dos haces horizontales.<\/li>\n<li>Funci\u00f3n SCANNER para proyectar una l\u00ednea m\u00e1s visible y m\u00e1s corta (ajustable a 4 longitudes)<\/li>\n<li>Funci\u00f3n SLOPE (inclinaciones manuales X, Y)<\/li>\n<li>Funci\u00f3n MANUAL, que excluye la nivelaci\u00f3n autom\u00e1tica y permite inclinar la unidad a voluntad.<\/li>\n<li>Funci\u00f3n TILT (inclinaci\u00f3n): en caso de movimiento involuntario, el aparato desconecta el rayo l\u00e1ser.<\/li>\n<li>L\u00e1ser con 4 mangos de goma para facilitar el agarre y aumentar la protecci\u00f3n<\/li>\n<li>Recepci\u00f3n del mando a distancia en los 4 lados de la unidad<\/li>\n<li>Pilas recargables Ni-Mh de larga vida.<\/li>\n<\/ul>\n","protected":false},"excerpt":{"rendered":"<p>L\u00e1ser autonivelante con rayo rojo giratorio visible: genera un plano horizontal autonivelante y una l\u00ednea de plomo <br \/>Receptor de alta sensibilidad de 4 l\u00edneas <br \/>Cubierta met\u00e1lica <br \/>IP 66 impermeabilidad: protegido contra la entrada de polvo y agua <br \/>Al girar la unidad 90\u00b0, la unidad genera un plano l\u00e1ser vertical autonivelado y dos haces horizontales. <br \/>Funci\u00f3n SCANNER para proyectar una l\u00ednea m\u00e1s visible y m\u00e1s corta (ajustable a 4 longitudes) <br \/>Funci\u00f3n SLOPE (inclinaciones manuales X, Y) <br \/>Funci\u00f3n MANUAL, que excluye la nivelaci\u00f3n autom\u00e1tica y permite inclinar la unidad a voluntad. <br \/>Funci\u00f3n TILT (inclinaci\u00f3n): en caso de movimiento involuntario, el aparato desconecta el rayo l\u00e1ser. <br \/>L\u00e1ser con 4 mangos de goma para facilitar el agarre y aumentar la protecci\u00f3n <br \/>Recepci\u00f3n del mando a distancia en los 4 lados de la unidad <br \/>Pilas recargables Ni-Mh de larga vida. <\/p>\n","protected":false},"featured_media":150280,"template":"","meta":[],"product_cat":[524,517],"product_tag":[],"class_list":{"0":"post-154259","1":"product","2":"type-product","3":"status-publish","4":"has-post-thumbnail","6":"product_cat-laser-autonivelantes","7":"product_cat-laser-y-termocamaras","9":"first","10":"instock","11":"featured","12":"sold-individually","13":"product-type-simple"},"yoast_head":"<title>BRAVO LASER ROTATIVO HV4 - Metrica<\/title>\n<meta name=\"robots\" content=\"index, follow, max-snippet:-1, max-image-preview:large, max-video-preview:-1\" \/>\n<link rel=\"canonical\" href=\"https:\/\/www.metrica.it\/es\/producto\/bravo-laser-rotativo-hv4-5\/\" \/>\n<meta property=\"og:locale\" content=\"es_ES\" \/>\n<meta property=\"og:type\" content=\"article\" \/>\n<meta property=\"og:title\" content=\"BRAVO LASER ROTATIVO HV4 - Metrica\" \/>\n<meta property=\"og:description\" content=\"L\u00e1ser autonivelante con rayo rojo giratorio visible: genera un plano horizontal autonivelante y una l\u00ednea de plomo Receptor de alta sensibilidad de 4 l\u00edneas Cubierta met\u00e1lica IP 66 impermeabilidad: protegido contra la entrada de polvo y agua Al girar la unidad 90\u00b0, la unidad genera un plano l\u00e1ser vertical autonivelado y dos haces horizontales. Funci\u00f3n SCANNER para proyectar una l\u00ednea m\u00e1s visible y m\u00e1s corta (ajustable a 4 longitudes) Funci\u00f3n SLOPE (inclinaciones manuales X, Y) Funci\u00f3n MANUAL, que excluye la nivelaci\u00f3n autom\u00e1tica y permite inclinar la unidad a voluntad. Funci\u00f3n TILT (inclinaci\u00f3n): en caso de movimiento involuntario, el aparato desconecta el rayo l\u00e1ser. L\u00e1ser con 4 mangos de goma para facilitar el agarre y aumentar la protecci\u00f3n Recepci\u00f3n del mando a distancia en los 4 lados de la unidad Pilas recargables Ni-Mh de larga vida.\" \/>\n<meta property=\"og:url\" content=\"https:\/\/www.metrica.it\/es\/producto\/bravo-laser-rotativo-hv4-5\/\" \/>\n<meta property=\"og:site_name\" content=\"Metrica\" \/>\n<meta property=\"article:modified_time\" content=\"2025-01-14T08:53:35+00:00\" \/>\n<meta property=\"og:image\" content=\"https:\/\/www.metrica.it\/wp-content\/uploads\/2024\/12\/61350-scaled.jpg\" \/>\n\t<meta property=\"og:image:width\" content=\"2560\" \/>\n\t<meta property=\"og:image:height\" content=\"2560\" \/>\n\t<meta property=\"og:image:type\" content=\"image\/jpeg\" \/>\n<meta name=\"twitter:card\" content=\"summary_large_image\" \/>\n<meta name=\"twitter:label1\" content=\"Tiempo de lectura\" \/>\n\t<meta name=\"twitter:data1\" content=\"1 minuto\" \/>\n<script type=\"application\/ld+json\" class=\"yoast-schema-graph\">{\"@context\":\"https:\\\/\\\/schema.org\",\"@graph\":[{\"@type\":\"WebPage\",\"@id\":\"https:\\\/\\\/www.metrica.it\\\/es\\\/producto\\\/bravo-laser-rotativo-hv4-5\\\/\",\"url\":\"https:\\\/\\\/www.metrica.it\\\/es\\\/producto\\\/bravo-laser-rotativo-hv4-5\\\/\",\"name\":\"BRAVO LASER ROTATIVO HV4 - Metrica\",\"isPartOf\":{\"@id\":\"https:\\\/\\\/www.metrica.it\\\/es\\\/#website\"},\"primaryImageOfPage\":{\"@id\":\"https:\\\/\\\/www.metrica.it\\\/es\\\/producto\\\/bravo-laser-rotativo-hv4-5\\\/#primaryimage\"},\"image\":{\"@id\":\"https:\\\/\\\/www.metrica.it\\\/es\\\/producto\\\/bravo-laser-rotativo-hv4-5\\\/#primaryimage\"},\"thumbnailUrl\":\"https:\\\/\\\/www.metrica.it\\\/wp-content\\\/uploads\\\/2024\\\/12\\\/61350-scaled.jpg\",\"datePublished\":\"2025-01-14T08:53:23+00:00\",\"dateModified\":\"2025-01-14T08:53:35+00:00\",\"breadcrumb\":{\"@id\":\"https:\\\/\\\/www.metrica.it\\\/es\\\/producto\\\/bravo-laser-rotativo-hv4-5\\\/#breadcrumb\"},\"inLanguage\":\"es\",\"potentialAction\":[{\"@type\":\"ReadAction\",\"target\":[\"https:\\\/\\\/www.metrica.it\\\/es\\\/producto\\\/bravo-laser-rotativo-hv4-5\\\/\"]}]},{\"@type\":\"ImageObject\",\"inLanguage\":\"es\",\"@id\":\"https:\\\/\\\/www.metrica.it\\\/es\\\/producto\\\/bravo-laser-rotativo-hv4-5\\\/#primaryimage\",\"url\":\"https:\\\/\\\/www.metrica.it\\\/wp-content\\\/uploads\\\/2024\\\/12\\\/61350-scaled.jpg\",\"contentUrl\":\"https:\\\/\\\/www.metrica.it\\\/wp-content\\\/uploads\\\/2024\\\/12\\\/61350-scaled.jpg\",\"width\":2560,\"height\":2560},{\"@type\":\"BreadcrumbList\",\"@id\":\"https:\\\/\\\/www.metrica.it\\\/es\\\/producto\\\/bravo-laser-rotativo-hv4-5\\\/#breadcrumb\",\"itemListElement\":[{\"@type\":\"ListItem\",\"position\":1,\"name\":\"Home\",\"item\":\"https:\\\/\\\/www.metrica.it\\\/es\\\/\"},{\"@type\":\"ListItem\",\"position\":2,\"name\":\"Cat\u00e1logo\",\"item\":\"https:\\\/\\\/www.metrica.it\\\/es\\\/catalogo-es\\\/\"},{\"@type\":\"ListItem\",\"position\":3,\"name\":\"BRAVO LASER ROTATIVO HV4\"}]},{\"@type\":\"WebSite\",\"@id\":\"https:\\\/\\\/www.metrica.it\\\/es\\\/#website\",\"url\":\"https:\\\/\\\/www.metrica.it\\\/es\\\/\",\"name\":\"Metrica\",\"description\":\"Made to measure\",\"potentialAction\":[{\"@type\":\"SearchAction\",\"target\":{\"@type\":\"EntryPoint\",\"urlTemplate\":\"https:\\\/\\\/www.metrica.it\\\/es\\\/?s={search_term_string}\"},\"query-input\":{\"@type\":\"PropertyValueSpecification\",\"valueRequired\":true,\"valueName\":\"search_term_string\"}}],\"inLanguage\":\"es\"}]}<\/script>","yoast_head_json":{"title":"BRAVO LASER ROTATIVO HV4 - Metrica","robots":{"index":"index","follow":"follow","max-snippet":"max-snippet:-1","max-image-preview":"max-image-preview:large","max-video-preview":"max-video-preview:-1"},"canonical":"https:\/\/www.metrica.it\/es\/producto\/bravo-laser-rotativo-hv4-5\/","og_locale":"es_ES","og_type":"article","og_title":"BRAVO LASER ROTATIVO HV4 - Metrica","og_description":"L\u00e1ser autonivelante con rayo rojo giratorio visible: genera un plano horizontal autonivelante y una l\u00ednea de plomo Receptor de alta sensibilidad de 4 l\u00edneas Cubierta met\u00e1lica IP 66 impermeabilidad: protegido contra la entrada de polvo y agua Al girar la unidad 90\u00b0, la unidad genera un plano l\u00e1ser vertical autonivelado y dos haces horizontales. Funci\u00f3n SCANNER para proyectar una l\u00ednea m\u00e1s visible y m\u00e1s corta (ajustable a 4 longitudes) Funci\u00f3n SLOPE (inclinaciones manuales X, Y) Funci\u00f3n MANUAL, que excluye la nivelaci\u00f3n autom\u00e1tica y permite inclinar la unidad a voluntad. Funci\u00f3n TILT (inclinaci\u00f3n): en caso de movimiento involuntario, el aparato desconecta el rayo l\u00e1ser. L\u00e1ser con 4 mangos de goma para facilitar el agarre y aumentar la protecci\u00f3n Recepci\u00f3n del mando a distancia en los 4 lados de la unidad Pilas recargables Ni-Mh de larga vida.","og_url":"https:\/\/www.metrica.it\/es\/producto\/bravo-laser-rotativo-hv4-5\/","og_site_name":"Metrica","article_modified_time":"2025-01-14T08:53:35+00:00","og_image":[{"width":2560,"height":2560,"url":"https:\/\/www.metrica.it\/wp-content\/uploads\/2024\/12\/61350-scaled.jpg","type":"image\/jpeg"}],"twitter_card":"summary_large_image","twitter_misc":{"Tiempo de lectura":"1 minuto"},"schema":{"@context":"https:\/\/schema.org","@graph":[{"@type":"WebPage","@id":"https:\/\/www.metrica.it\/es\/producto\/bravo-laser-rotativo-hv4-5\/","url":"https:\/\/www.metrica.it\/es\/producto\/bravo-laser-rotativo-hv4-5\/","name":"BRAVO LASER ROTATIVO HV4 - Metrica","isPartOf":{"@id":"https:\/\/www.metrica.it\/es\/#website"},"primaryImageOfPage":{"@id":"https:\/\/www.metrica.it\/es\/producto\/bravo-laser-rotativo-hv4-5\/#primaryimage"},"image":{"@id":"https:\/\/www.metrica.it\/es\/producto\/bravo-laser-rotativo-hv4-5\/#primaryimage"},"thumbnailUrl":"https:\/\/www.metrica.it\/wp-content\/uploads\/2024\/12\/61350-scaled.jpg","datePublished":"2025-01-14T08:53:23+00:00","dateModified":"2025-01-14T08:53:35+00:00","breadcrumb":{"@id":"https:\/\/www.metrica.it\/es\/producto\/bravo-laser-rotativo-hv4-5\/#breadcrumb"},"inLanguage":"es","potentialAction":[{"@type":"ReadAction","target":["https:\/\/www.metrica.it\/es\/producto\/bravo-laser-rotativo-hv4-5\/"]}]},{"@type":"ImageObject","inLanguage":"es","@id":"https:\/\/www.metrica.it\/es\/producto\/bravo-laser-rotativo-hv4-5\/#primaryimage","url":"https:\/\/www.metrica.it\/wp-content\/uploads\/2024\/12\/61350-scaled.jpg","contentUrl":"https:\/\/www.metrica.it\/wp-content\/uploads\/2024\/12\/61350-scaled.jpg","width":2560,"height":2560},{"@type":"BreadcrumbList","@id":"https:\/\/www.metrica.it\/es\/producto\/bravo-laser-rotativo-hv4-5\/#breadcrumb","itemListElement":[{"@type":"ListItem","position":1,"name":"Home","item":"https:\/\/www.metrica.it\/es\/"},{"@type":"ListItem","position":2,"name":"Cat\u00e1logo","item":"https:\/\/www.metrica.it\/es\/catalogo-es\/"},{"@type":"ListItem","position":3,"name":"BRAVO LASER ROTATIVO HV4"}]},{"@type":"WebSite","@id":"https:\/\/www.metrica.it\/es\/#website","url":"https:\/\/www.metrica.it\/es\/","name":"Metrica","description":"Made to measure","potentialAction":[{"@type":"SearchAction","target":{"@type":"EntryPoint","urlTemplate":"https:\/\/www.metrica.it\/es\/?s={search_term_string}"},"query-input":{"@type":"PropertyValueSpecification","valueRequired":true,"valueName":"search_term_string"}}],"inLanguage":"es"}]}},"meta_box":{"awr_documentation":[{"filesize":522435,"ID":"150279","name":"61350.pdf","path":"\/var\/www\/html\/wp-content\/uploads\/2024\/12\/61350.pdf","url":"https:\/\/www.metrica.it\/wp-content\/uploads\/2024\/12\/61350.pdf","title":"61350.pdf"}],"awr_manuale":[],"awr_scheda_tecnica":"<table>\n<tr>\n<td>Precisi\u00f3n de nivelaci\u00f3n horizontal <\/td>\n<td>\u00b1 3 mm \/ 30 m <br \/> vertical \u00b1 5 mm \/ 30 m<\/td>\n<\/tr>\n<tr>\n<td>Rango de autonivelaci\u00f3n <\/td>\n<td>\u00b1 5\u00b0<\/td>\n<\/tr>\n<tr>\n<td>Autonom\u00eda <\/td>\n<td>~ 30 horas <\/td>\n<\/tr>\n<tr>\n<td>Rango de trabajo <\/td>\n<td>500 m \u00d8 (con receptor) dependiendo <br \/> del las condiciones clim\u00e1ticas<\/td>\n<\/tr>\n<tr>\n<td>Valores de rotaci\u00f3n <\/td>\n<td>0 - 60 - 120 - 300 - 600 rpm<\/td>\n<\/tr>\n<tr>\n<td>Funci\u00f3n scanner <\/td>\n<td>10\u00b0 - 45\u00b0 - 90\u00b0 - 180\u00b0<\/td>\n<\/tr>\n<tr>\n<td>Funci\u00f3n Tilt <\/td>\n<td>s\u00ed<\/td>\n<\/tr>\n<tr>\n<td>Se\u00f1al fuera de nivelaci\u00f3n <\/td>\n<td>s\u00ed<\/td>\n<\/tr>\n<tr>\n<td>Tipo de l\u00e1ser <\/td>\n<td>635 nm, &lt;1 mW<\/td>\n<\/tr>\n<tr>\n<td>Potencia l\u00e1ser <\/td>\n<td>Clase II<\/td>\n<\/tr>\n<tr>\n<td>Pilas recargables <\/td>\n<td>4 x C4000 mAh 1,2 V NI-MH<\/td>\n<\/tr>\n<tr>\n<td>Dimensiones (mm) <\/td>\n<td>220 x 220 x 210<\/td>\n<\/tr>\n<tr>\n<td>Peso (sin pilas) <\/td>\n<td>3,5 Kg<\/td>\n<\/tr>\n<tr>\n<td>Rango de temperatura <\/td>\n<td>-10 \u00b0C \/ +50 \u00b0C<\/td>\n<\/tr>\n<tr>\n<td>Impermeabilidad <\/td>\n<td>IP 66<\/td>\n<\/tr>\n<tr>\n<td>Tuerca para tr\u00edpode <\/td>\n<td>5\/8\u201d<\/td>\n<\/tr>\n<tr>\n<td>Mando a distancia <\/td>\n<td>\u00b1 30 \/ 10 m (in\/out)<\/td>\n<\/tr>\n<tr>\n<td>Pilas del mando <\/td>\n<td>2 x 1,5 V DC<\/td>\n<\/tr>\n<tr>\n<td>Pilas del receptor <\/td>\n<td>9 V DC<\/td>\n<\/tr>\n<\/table>\n","awr_youtube_video":"","awr_classe_prodotto":"","awr_customize_product":"0","awr_custom_image":false,"awr_related_products":[{"awr_product_references":"ref:61350|ean:8001066613502|pack:1"}],"awr_consumabili":"61328,61319,60735,60747,60726,60712","awr_alternativi":"61385,61386,61395,61345,61392","awr_aliases":"61350","awr_skuid":"61350-it"},"_links":{"self":[{"href":"https:\/\/www.metrica.it\/es\/wp-json\/wp\/v2\/product\/154259","targetHints":{"allow":["GET"]}}],"collection":[{"href":"https:\/\/www.metrica.it\/es\/wp-json\/wp\/v2\/product"}],"about":[{"href":"https:\/\/www.metrica.it\/es\/wp-json\/wp\/v2\/types\/product"}],"wp:featuredmedia":[{"embeddable":true,"href":"https:\/\/www.metrica.it\/es\/wp-json\/wp\/v2\/media\/150280"}],"wp:attachment":[{"href":"https:\/\/www.metrica.it\/es\/wp-json\/wp\/v2\/media?parent=154259"}],"wp:term":[{"taxonomy":"product_cat","embeddable":true,"href":"https:\/\/www.metrica.it\/es\/wp-json\/wp\/v2\/product_cat?post=154259"},{"taxonomy":"product_tag","embeddable":true,"href":"https:\/\/www.metrica.it\/es\/wp-json\/wp\/v2\/product_tag?post=154259"}],"curies":[{"name":"wp","href":"https:\/\/api.w.org\/{rel}","templated":true}]}}