{"id":154269,"date":"2025-01-14T09:53:45","date_gmt":"2025-01-14T08:53:45","guid":{"rendered":"https:\/\/www.metrica.it\/prodotto\/ground-360-5\/"},"modified":"2025-01-14T09:53:52","modified_gmt":"2025-01-14T08:53:52","slug":"ground-360-5","status":"publish","type":"product","link":"https:\/\/www.metrica.it\/es\/producto\/ground-360-5\/","title":{"rendered":"Ground 360"},"content":{"rendered":"<ul>\n<li>Nivel l\u00e1ser verde. Proyecta: un plano horizontal a 360\u00b0 m\u00e1s un plano vertical a 90\u00b0 formando 1 cruz en la pared<\/li>\n<li>Posicionamiento f\u00e1cil a ras del pavimiento (< 1 cm)<\/li>\n<li>L\u00e1ser de intensidad regulable<\/li>\n<li>Uso interior\/exterior (con receptor no incluido c\u00f3digo 60749)<\/li>\n<li>Parpadeo autom\u00e1tico del l\u00e1ser si el aparato est\u00e1 fuera del rango de autonivelaci\u00f3n<\/li>\n<li>Sistema de bloqueo autom\u00e1tico para evitar vibraciones durante el transporte<\/li>\n<li>Dise\u00f1o compacto, revestimiento de goma antideslizante y resistente a los golpes<\/li>\n<li>Conexi\u00f3n de \u00bc\u00bb para tr\u00edpode<\/li>\n<li>Base magn\u00e9tica y tapa met\u00e1lica para facilitar el apilamiento<\/li>\n<li>Bater\u00edas Ion-Li recargables mediante el cable USB suministrado<\/li>\n<\/ul>\n","protected":false},"excerpt":{"rendered":"<p>Nivel l\u00e1ser verde. Proyecta: un plano horizontal a 360\u00b0 m\u00e1s un plano vertical a 90\u00b0 formando 1 cruz en la pared <br \/>Posicionamiento f\u00e1cil a ras del pavimiento (< 1 cm) <br \/>L\u00e1ser de intensidad regulable <br \/>Uso interior\/exterior (con receptor no incluido c\u00f3digo 60749) <br \/>Parpadeo autom\u00e1tico del l\u00e1ser si el aparato est\u00e1 fuera del rango de autonivelaci\u00f3n <br \/>Sistema de bloqueo autom\u00e1tico para evitar vibraciones durante el transporte <br \/>Dise\u00f1o compacto, revestimiento de goma antideslizante y resistente a los golpes <br \/>Conexi\u00f3n de \u00bc\u00bb para tr\u00edpode <br \/>Base magn\u00e9tica y tapa met\u00e1lica para facilitar el apilamiento <br \/>Bater\u00edas Ion-Li recargables mediante el cable USB suministrado <\/p>\n","protected":false},"featured_media":150307,"template":"","meta":[],"product_cat":[524,517],"product_tag":[],"class_list":{"0":"post-154269","1":"product","2":"type-product","3":"status-publish","4":"has-post-thumbnail","6":"product_cat-laser-autonivelantes","7":"product_cat-laser-y-termocamaras","9":"first","10":"instock","11":"featured","12":"sold-individually","13":"product-type-simple"},"yoast_head":"<title>Ground 360 - Metrica<\/title>\n<meta name=\"robots\" content=\"index, follow, max-snippet:-1, max-image-preview:large, max-video-preview:-1\" \/>\n<link rel=\"canonical\" href=\"https:\/\/www.metrica.it\/es\/producto\/ground-360-5\/\" \/>\n<meta property=\"og:locale\" content=\"es_ES\" \/>\n<meta property=\"og:type\" content=\"article\" \/>\n<meta property=\"og:title\" content=\"Ground 360 - Metrica\" \/>\n<meta property=\"og:description\" content=\"Nivel l\u00e1ser verde. Proyecta: un plano horizontal a 360\u00b0 m\u00e1s un plano vertical a 90\u00b0 formando 1 cruz en la pared Posicionamiento f\u00e1cil a ras del pavimiento (&lt; 1 cm) L\u00e1ser de intensidad regulable Uso interior\/exterior (con receptor no incluido c\u00f3digo 60749) Parpadeo autom\u00e1tico del l\u00e1ser si el aparato est\u00e1 fuera del rango de autonivelaci\u00f3n Sistema de bloqueo autom\u00e1tico para evitar vibraciones durante el transporte Dise\u00f1o compacto, revestimiento de goma antideslizante y resistente a los golpes Conexi\u00f3n de \u00bc&quot; para tr\u00edpode Base magn\u00e9tica y tapa met\u00e1lica para facilitar el apilamiento Bater\u00edas Ion-Li recargables mediante el cable USB suministrado\" \/>\n<meta property=\"og:url\" content=\"https:\/\/www.metrica.it\/es\/producto\/ground-360-5\/\" \/>\n<meta property=\"og:site_name\" content=\"Metrica\" \/>\n<meta property=\"article:modified_time\" content=\"2025-01-14T08:53:52+00:00\" \/>\n<meta property=\"og:image\" content=\"https:\/\/www.metrica.it\/wp-content\/uploads\/2024\/12\/61425-scaled.jpg\" \/>\n\t<meta property=\"og:image:width\" content=\"2560\" \/>\n\t<meta property=\"og:image:height\" content=\"2560\" \/>\n\t<meta property=\"og:image:type\" content=\"image\/jpeg\" \/>\n<meta name=\"twitter:card\" content=\"summary_large_image\" \/>\n<meta name=\"twitter:label1\" content=\"Tiempo de lectura\" \/>\n\t<meta name=\"twitter:data1\" content=\"1 minuto\" \/>\n<script type=\"application\/ld+json\" class=\"yoast-schema-graph\">{\"@context\":\"https:\\\/\\\/schema.org\",\"@graph\":[{\"@type\":\"WebPage\",\"@id\":\"https:\\\/\\\/www.metrica.it\\\/es\\\/producto\\\/ground-360-5\\\/\",\"url\":\"https:\\\/\\\/www.metrica.it\\\/es\\\/producto\\\/ground-360-5\\\/\",\"name\":\"Ground 360 - Metrica\",\"isPartOf\":{\"@id\":\"https:\\\/\\\/www.metrica.it\\\/es\\\/#website\"},\"primaryImageOfPage\":{\"@id\":\"https:\\\/\\\/www.metrica.it\\\/es\\\/producto\\\/ground-360-5\\\/#primaryimage\"},\"image\":{\"@id\":\"https:\\\/\\\/www.metrica.it\\\/es\\\/producto\\\/ground-360-5\\\/#primaryimage\"},\"thumbnailUrl\":\"https:\\\/\\\/www.metrica.it\\\/wp-content\\\/uploads\\\/2024\\\/12\\\/61425-scaled.jpg\",\"datePublished\":\"2025-01-14T08:53:45+00:00\",\"dateModified\":\"2025-01-14T08:53:52+00:00\",\"breadcrumb\":{\"@id\":\"https:\\\/\\\/www.metrica.it\\\/es\\\/producto\\\/ground-360-5\\\/#breadcrumb\"},\"inLanguage\":\"es\",\"potentialAction\":[{\"@type\":\"ReadAction\",\"target\":[\"https:\\\/\\\/www.metrica.it\\\/es\\\/producto\\\/ground-360-5\\\/\"]}]},{\"@type\":\"ImageObject\",\"inLanguage\":\"es\",\"@id\":\"https:\\\/\\\/www.metrica.it\\\/es\\\/producto\\\/ground-360-5\\\/#primaryimage\",\"url\":\"https:\\\/\\\/www.metrica.it\\\/wp-content\\\/uploads\\\/2024\\\/12\\\/61425-scaled.jpg\",\"contentUrl\":\"https:\\\/\\\/www.metrica.it\\\/wp-content\\\/uploads\\\/2024\\\/12\\\/61425-scaled.jpg\",\"width\":2560,\"height\":2560},{\"@type\":\"BreadcrumbList\",\"@id\":\"https:\\\/\\\/www.metrica.it\\\/es\\\/producto\\\/ground-360-5\\\/#breadcrumb\",\"itemListElement\":[{\"@type\":\"ListItem\",\"position\":1,\"name\":\"Home\",\"item\":\"https:\\\/\\\/www.metrica.it\\\/es\\\/\"},{\"@type\":\"ListItem\",\"position\":2,\"name\":\"Cat\u00e1logo\",\"item\":\"https:\\\/\\\/www.metrica.it\\\/es\\\/catalogo-es\\\/\"},{\"@type\":\"ListItem\",\"position\":3,\"name\":\"Ground 360\"}]},{\"@type\":\"WebSite\",\"@id\":\"https:\\\/\\\/www.metrica.it\\\/es\\\/#website\",\"url\":\"https:\\\/\\\/www.metrica.it\\\/es\\\/\",\"name\":\"Metrica\",\"description\":\"Made to measure\",\"potentialAction\":[{\"@type\":\"SearchAction\",\"target\":{\"@type\":\"EntryPoint\",\"urlTemplate\":\"https:\\\/\\\/www.metrica.it\\\/es\\\/?s={search_term_string}\"},\"query-input\":{\"@type\":\"PropertyValueSpecification\",\"valueRequired\":true,\"valueName\":\"search_term_string\"}}],\"inLanguage\":\"es\"}]}<\/script>","yoast_head_json":{"title":"Ground 360 - Metrica","robots":{"index":"index","follow":"follow","max-snippet":"max-snippet:-1","max-image-preview":"max-image-preview:large","max-video-preview":"max-video-preview:-1"},"canonical":"https:\/\/www.metrica.it\/es\/producto\/ground-360-5\/","og_locale":"es_ES","og_type":"article","og_title":"Ground 360 - Metrica","og_description":"Nivel l\u00e1ser verde. Proyecta: un plano horizontal a 360\u00b0 m\u00e1s un plano vertical a 90\u00b0 formando 1 cruz en la pared Posicionamiento f\u00e1cil a ras del pavimiento (< 1 cm) L\u00e1ser de intensidad regulable Uso interior\/exterior (con receptor no incluido c\u00f3digo 60749) Parpadeo autom\u00e1tico del l\u00e1ser si el aparato est\u00e1 fuera del rango de autonivelaci\u00f3n Sistema de bloqueo autom\u00e1tico para evitar vibraciones durante el transporte Dise\u00f1o compacto, revestimiento de goma antideslizante y resistente a los golpes Conexi\u00f3n de \u00bc\" para tr\u00edpode Base magn\u00e9tica y tapa met\u00e1lica para facilitar el apilamiento Bater\u00edas Ion-Li recargables mediante el cable USB suministrado","og_url":"https:\/\/www.metrica.it\/es\/producto\/ground-360-5\/","og_site_name":"Metrica","article_modified_time":"2025-01-14T08:53:52+00:00","og_image":[{"width":2560,"height":2560,"url":"https:\/\/www.metrica.it\/wp-content\/uploads\/2024\/12\/61425-scaled.jpg","type":"image\/jpeg"}],"twitter_card":"summary_large_image","twitter_misc":{"Tiempo de lectura":"1 minuto"},"schema":{"@context":"https:\/\/schema.org","@graph":[{"@type":"WebPage","@id":"https:\/\/www.metrica.it\/es\/producto\/ground-360-5\/","url":"https:\/\/www.metrica.it\/es\/producto\/ground-360-5\/","name":"Ground 360 - Metrica","isPartOf":{"@id":"https:\/\/www.metrica.it\/es\/#website"},"primaryImageOfPage":{"@id":"https:\/\/www.metrica.it\/es\/producto\/ground-360-5\/#primaryimage"},"image":{"@id":"https:\/\/www.metrica.it\/es\/producto\/ground-360-5\/#primaryimage"},"thumbnailUrl":"https:\/\/www.metrica.it\/wp-content\/uploads\/2024\/12\/61425-scaled.jpg","datePublished":"2025-01-14T08:53:45+00:00","dateModified":"2025-01-14T08:53:52+00:00","breadcrumb":{"@id":"https:\/\/www.metrica.it\/es\/producto\/ground-360-5\/#breadcrumb"},"inLanguage":"es","potentialAction":[{"@type":"ReadAction","target":["https:\/\/www.metrica.it\/es\/producto\/ground-360-5\/"]}]},{"@type":"ImageObject","inLanguage":"es","@id":"https:\/\/www.metrica.it\/es\/producto\/ground-360-5\/#primaryimage","url":"https:\/\/www.metrica.it\/wp-content\/uploads\/2024\/12\/61425-scaled.jpg","contentUrl":"https:\/\/www.metrica.it\/wp-content\/uploads\/2024\/12\/61425-scaled.jpg","width":2560,"height":2560},{"@type":"BreadcrumbList","@id":"https:\/\/www.metrica.it\/es\/producto\/ground-360-5\/#breadcrumb","itemListElement":[{"@type":"ListItem","position":1,"name":"Home","item":"https:\/\/www.metrica.it\/es\/"},{"@type":"ListItem","position":2,"name":"Cat\u00e1logo","item":"https:\/\/www.metrica.it\/es\/catalogo-es\/"},{"@type":"ListItem","position":3,"name":"Ground 360"}]},{"@type":"WebSite","@id":"https:\/\/www.metrica.it\/es\/#website","url":"https:\/\/www.metrica.it\/es\/","name":"Metrica","description":"Made to measure","potentialAction":[{"@type":"SearchAction","target":{"@type":"EntryPoint","urlTemplate":"https:\/\/www.metrica.it\/es\/?s={search_term_string}"},"query-input":{"@type":"PropertyValueSpecification","valueRequired":true,"valueName":"search_term_string"}}],"inLanguage":"es"}]}},"meta_box":{"awr_documentation":[{"filesize":582399,"ID":"150306","name":"61425.pdf","path":"\/var\/www\/html\/wp-content\/uploads\/2024\/12\/61425.pdf","url":"https:\/\/www.metrica.it\/wp-content\/uploads\/2024\/12\/61425.pdf","title":"61425.pdf"}],"awr_manuale":[],"awr_scheda_tecnica":"<table>\n<tr>\n<td>Capacidad (dependiendo de la luminosidad) <\/td>\n<td>30 m (\u00d8 60 m)<\/td>\n<\/tr>\n<tr>\n<td>Capacidad con receptor <\/td>\n<td>50 m (\u00d8 100 m)<\/td>\n<\/tr>\n<tr>\n<td>Precisi\u00f3n de nivelaci\u00f3n<\/td>\n<td>\u00b1 3 mm \/ 10 m<\/td>\n<\/tr>\n<tr>\n<td>Rango de autonivelaci\u00f3n <\/td>\n<td>\u00b1 4\u00b0<\/td>\n<\/tr>\n<tr>\n<td>Se\u00f1al fuera de nivelaci\u00f3n <\/td>\n<td>si<\/td>\n<\/tr>\n<tr>\n<td>Tipo de l\u00e1ser <\/td>\n<td>505-550 nm &lt; 1mw<\/td>\n<\/tr>\n<tr>\n<td>Potencia l\u00e1ser<\/td>\n<td>Classe II<\/td>\n<\/tr>\n<tr>\n<td>Pilas recarcables<\/td>\n<td>3,7 4400 mAh li-ion<\/td>\n<\/tr>\n<tr>\n<td>Dimensiones (mm) <\/td>\n<td>104 x 83 x 83<\/td>\n<\/tr>\n<tr>\n<td>Peso <\/td>\n<td>0,450 Kg<\/td>\n<\/tr>\n<tr>\n<td>Impermeabilidad<\/td>\n<td>IP 54<\/td>\n<\/tr>\n<tr>\n<td>Tuerca para tr\u00edpode<\/td>\n<td>1\/4\u201d<\/td>\n<\/tr>\n<\/table>\n","awr_youtube_video":"","awr_classe_prodotto":"","awr_customize_product":"0","awr_custom_image":false,"awr_related_products":[{"awr_product_references":"ref:61425|ean:80010666143257|pack:1"}],"awr_consumabili":"60749","awr_alternativi":"61432,61435,61438,60845","awr_aliases":"61425","awr_skuid":"61425-it"},"_links":{"self":[{"href":"https:\/\/www.metrica.it\/es\/wp-json\/wp\/v2\/product\/154269","targetHints":{"allow":["GET"]}}],"collection":[{"href":"https:\/\/www.metrica.it\/es\/wp-json\/wp\/v2\/product"}],"about":[{"href":"https:\/\/www.metrica.it\/es\/wp-json\/wp\/v2\/types\/product"}],"wp:featuredmedia":[{"embeddable":true,"href":"https:\/\/www.metrica.it\/es\/wp-json\/wp\/v2\/media\/150307"}],"wp:attachment":[{"href":"https:\/\/www.metrica.it\/es\/wp-json\/wp\/v2\/media?parent=154269"}],"wp:term":[{"taxonomy":"product_cat","embeddable":true,"href":"https:\/\/www.metrica.it\/es\/wp-json\/wp\/v2\/product_cat?post=154269"},{"taxonomy":"product_tag","embeddable":true,"href":"https:\/\/www.metrica.it\/es\/wp-json\/wp\/v2\/product_tag?post=154269"}],"curies":[{"name":"wp","href":"https:\/\/api.w.org\/{rel}","templated":true}]}}