{"id":154284,"date":"2025-01-14T09:54:11","date_gmt":"2025-01-14T08:54:11","guid":{"rendered":"https:\/\/www.metrica.it\/prodotto\/double-6060-alu-5\/"},"modified":"2025-05-27T14:11:52","modified_gmt":"2025-05-27T12:11:52","slug":"double-6060-alu-5","status":"publish","type":"product","link":"https:\/\/www.metrica.it\/es\/producto\/double-6060-alu-5\/","title":{"rendered":"DOUBLE 60+60 ALU"},"content":{"rendered":"<ul>\n<li>Funci\u00f3n exclusiva HSA (asistente de sonido horizontal)<\/li>\n<li>Alcance de 120 m (interno): 60 m (frontal) + 60 m (trasero)<\/li>\n<li>Opci\u00f3n de seleccionar s\u00f3lo el rayo delantero o s\u00f3lo el rayo trasero<\/li>\n<li>Carcasa de aluminio<\/li>\n<li>Posibilidad de elegir entre pantalla blanca o negra<\/li>\n<li>Im\u00e1n incorporado en la parte trasera<\/li>\n<li>Inclin\u00f3metro horizontal\/vertical e indicaci\u00f3n de 0\u00b0 y 90<\/li>\n<li>Rotaci\u00f3n de la pantalla<\/li>\n<li>Funci\u00f3n de pintor<\/li>\n<li>Precisi\u00f3n \u00b1 2 mm unidireccional<\/li>\n<li>5 funciones Pit\u00e1goras<\/li>\n<li>Bater\u00eda recargable incorporada, USB-C<\/li>\n<\/ul>\n","protected":false},"excerpt":{"rendered":"<p>Funci\u00f3n exclusiva HSA (asistente de sonido horizontal)<br \/>\nAlcance de 120 m (interno): 60 m (frontal) + 60 m (trasero)<br \/>\nOpci\u00f3n de seleccionar s\u00f3lo el rayo delantero o s\u00f3lo el rayo trasero<br \/>\nCarcasa de aluminio<br \/>\nPosibilidad de elegir entre pantalla blanca o negra<br \/>\nIm\u00e1n incorporado en la parte trasera<br \/>\nInclin\u00f3metro horizontal\/vertical e indicaci\u00f3n de 0\u00b0 y 90<br \/>\nRotaci\u00f3n de la pantalla<br \/>\nFunci\u00f3n de pintor<br \/>\nPrecisi\u00f3n \u00b1 2 mm unidireccional<br \/>\n5 funciones Pit\u00e1goras<br \/>\nBater\u00eda recargable incorporada, USB-C<\/p>\n","protected":false},"featured_media":150346,"template":"","meta":[],"product_cat":[517,528],"product_tag":[],"class_list":{"0":"post-154284","1":"product","2":"type-product","3":"status-publish","4":"has-post-thumbnail","6":"product_cat-laser-y-termocamaras","7":"product_cat-medidores-de-distancia-laser","9":"first","10":"instock","11":"featured","12":"sold-individually","13":"product-type-simple"},"yoast_head":"<title>DOUBLE 60+60 ALU - Metrica<\/title>\n<meta name=\"robots\" content=\"index, follow, max-snippet:-1, max-image-preview:large, max-video-preview:-1\" \/>\n<link rel=\"canonical\" href=\"https:\/\/www.metrica.it\/es\/producto\/double-6060-alu-5\/\" \/>\n<meta property=\"og:locale\" content=\"es_ES\" \/>\n<meta property=\"og:type\" content=\"article\" \/>\n<meta property=\"og:title\" content=\"DOUBLE 60+60 ALU - Metrica\" \/>\n<meta property=\"og:description\" content=\"Funci\u00f3n exclusiva HSA (asistente de sonido horizontal) Alcance de 120 m (interno): 60 m (frontal) + 60 m (trasero) Opci\u00f3n de seleccionar s\u00f3lo el rayo delantero o s\u00f3lo el rayo trasero Carcasa de aluminio Posibilidad de elegir entre pantalla blanca o negra Im\u00e1n incorporado en la parte trasera Inclin\u00f3metro horizontal\/vertical e indicaci\u00f3n de 0\u00b0 y 90 Rotaci\u00f3n de la pantalla Funci\u00f3n de pintor Precisi\u00f3n \u00b1 2 mm unidireccional 5 funciones Pit\u00e1goras Bater\u00eda recargable incorporada, USB-C\" \/>\n<meta property=\"og:url\" content=\"https:\/\/www.metrica.it\/es\/producto\/double-6060-alu-5\/\" \/>\n<meta property=\"og:site_name\" content=\"Metrica\" \/>\n<meta property=\"article:modified_time\" content=\"2025-05-27T12:11:52+00:00\" \/>\n<meta property=\"og:image\" content=\"https:\/\/www.metrica.it\/wp-content\/uploads\/2024\/12\/61662_1-scaled.jpg\" \/>\n\t<meta property=\"og:image:width\" content=\"2560\" \/>\n\t<meta property=\"og:image:height\" content=\"2560\" \/>\n\t<meta property=\"og:image:type\" content=\"image\/jpeg\" \/>\n<meta name=\"twitter:card\" content=\"summary_large_image\" \/>\n<meta name=\"twitter:label1\" content=\"Tiempo de lectura\" \/>\n\t<meta name=\"twitter:data1\" content=\"1 minuto\" \/>\n<script type=\"application\/ld+json\" class=\"yoast-schema-graph\">{\"@context\":\"https:\\\/\\\/schema.org\",\"@graph\":[{\"@type\":\"WebPage\",\"@id\":\"https:\\\/\\\/www.metrica.it\\\/es\\\/producto\\\/double-6060-alu-5\\\/\",\"url\":\"https:\\\/\\\/www.metrica.it\\\/es\\\/producto\\\/double-6060-alu-5\\\/\",\"name\":\"DOUBLE 60+60 ALU - Metrica\",\"isPartOf\":{\"@id\":\"https:\\\/\\\/www.metrica.it\\\/es\\\/#website\"},\"primaryImageOfPage\":{\"@id\":\"https:\\\/\\\/www.metrica.it\\\/es\\\/producto\\\/double-6060-alu-5\\\/#primaryimage\"},\"image\":{\"@id\":\"https:\\\/\\\/www.metrica.it\\\/es\\\/producto\\\/double-6060-alu-5\\\/#primaryimage\"},\"thumbnailUrl\":\"https:\\\/\\\/www.metrica.it\\\/wp-content\\\/uploads\\\/2024\\\/12\\\/61662_1-scaled.jpg\",\"datePublished\":\"2025-01-14T08:54:11+00:00\",\"dateModified\":\"2025-05-27T12:11:52+00:00\",\"breadcrumb\":{\"@id\":\"https:\\\/\\\/www.metrica.it\\\/es\\\/producto\\\/double-6060-alu-5\\\/#breadcrumb\"},\"inLanguage\":\"es\",\"potentialAction\":[{\"@type\":\"ReadAction\",\"target\":[\"https:\\\/\\\/www.metrica.it\\\/es\\\/producto\\\/double-6060-alu-5\\\/\"]}]},{\"@type\":\"ImageObject\",\"inLanguage\":\"es\",\"@id\":\"https:\\\/\\\/www.metrica.it\\\/es\\\/producto\\\/double-6060-alu-5\\\/#primaryimage\",\"url\":\"https:\\\/\\\/www.metrica.it\\\/wp-content\\\/uploads\\\/2024\\\/12\\\/61662_1-scaled.jpg\",\"contentUrl\":\"https:\\\/\\\/www.metrica.it\\\/wp-content\\\/uploads\\\/2024\\\/12\\\/61662_1-scaled.jpg\",\"width\":2560,\"height\":2560},{\"@type\":\"BreadcrumbList\",\"@id\":\"https:\\\/\\\/www.metrica.it\\\/es\\\/producto\\\/double-6060-alu-5\\\/#breadcrumb\",\"itemListElement\":[{\"@type\":\"ListItem\",\"position\":1,\"name\":\"Home\",\"item\":\"https:\\\/\\\/www.metrica.it\\\/es\\\/\"},{\"@type\":\"ListItem\",\"position\":2,\"name\":\"Cat\u00e1logo\",\"item\":\"https:\\\/\\\/www.metrica.it\\\/es\\\/catalogo-es\\\/\"},{\"@type\":\"ListItem\",\"position\":3,\"name\":\"DOUBLE 60+60 ALU\"}]},{\"@type\":\"WebSite\",\"@id\":\"https:\\\/\\\/www.metrica.it\\\/es\\\/#website\",\"url\":\"https:\\\/\\\/www.metrica.it\\\/es\\\/\",\"name\":\"Metrica\",\"description\":\"Made to measure\",\"potentialAction\":[{\"@type\":\"SearchAction\",\"target\":{\"@type\":\"EntryPoint\",\"urlTemplate\":\"https:\\\/\\\/www.metrica.it\\\/es\\\/?s={search_term_string}\"},\"query-input\":{\"@type\":\"PropertyValueSpecification\",\"valueRequired\":true,\"valueName\":\"search_term_string\"}}],\"inLanguage\":\"es\"}]}<\/script>","yoast_head_json":{"title":"DOUBLE 60+60 ALU - Metrica","robots":{"index":"index","follow":"follow","max-snippet":"max-snippet:-1","max-image-preview":"max-image-preview:large","max-video-preview":"max-video-preview:-1"},"canonical":"https:\/\/www.metrica.it\/es\/producto\/double-6060-alu-5\/","og_locale":"es_ES","og_type":"article","og_title":"DOUBLE 60+60 ALU - Metrica","og_description":"Funci\u00f3n exclusiva HSA (asistente de sonido horizontal) Alcance de 120 m (interno): 60 m (frontal) + 60 m (trasero) Opci\u00f3n de seleccionar s\u00f3lo el rayo delantero o s\u00f3lo el rayo trasero Carcasa de aluminio Posibilidad de elegir entre pantalla blanca o negra Im\u00e1n incorporado en la parte trasera Inclin\u00f3metro horizontal\/vertical e indicaci\u00f3n de 0\u00b0 y 90 Rotaci\u00f3n de la pantalla Funci\u00f3n de pintor Precisi\u00f3n \u00b1 2 mm unidireccional 5 funciones Pit\u00e1goras Bater\u00eda recargable incorporada, USB-C","og_url":"https:\/\/www.metrica.it\/es\/producto\/double-6060-alu-5\/","og_site_name":"Metrica","article_modified_time":"2025-05-27T12:11:52+00:00","og_image":[{"width":2560,"height":2560,"url":"https:\/\/www.metrica.it\/wp-content\/uploads\/2024\/12\/61662_1-scaled.jpg","type":"image\/jpeg"}],"twitter_card":"summary_large_image","twitter_misc":{"Tiempo de lectura":"1 minuto"},"schema":{"@context":"https:\/\/schema.org","@graph":[{"@type":"WebPage","@id":"https:\/\/www.metrica.it\/es\/producto\/double-6060-alu-5\/","url":"https:\/\/www.metrica.it\/es\/producto\/double-6060-alu-5\/","name":"DOUBLE 60+60 ALU - Metrica","isPartOf":{"@id":"https:\/\/www.metrica.it\/es\/#website"},"primaryImageOfPage":{"@id":"https:\/\/www.metrica.it\/es\/producto\/double-6060-alu-5\/#primaryimage"},"image":{"@id":"https:\/\/www.metrica.it\/es\/producto\/double-6060-alu-5\/#primaryimage"},"thumbnailUrl":"https:\/\/www.metrica.it\/wp-content\/uploads\/2024\/12\/61662_1-scaled.jpg","datePublished":"2025-01-14T08:54:11+00:00","dateModified":"2025-05-27T12:11:52+00:00","breadcrumb":{"@id":"https:\/\/www.metrica.it\/es\/producto\/double-6060-alu-5\/#breadcrumb"},"inLanguage":"es","potentialAction":[{"@type":"ReadAction","target":["https:\/\/www.metrica.it\/es\/producto\/double-6060-alu-5\/"]}]},{"@type":"ImageObject","inLanguage":"es","@id":"https:\/\/www.metrica.it\/es\/producto\/double-6060-alu-5\/#primaryimage","url":"https:\/\/www.metrica.it\/wp-content\/uploads\/2024\/12\/61662_1-scaled.jpg","contentUrl":"https:\/\/www.metrica.it\/wp-content\/uploads\/2024\/12\/61662_1-scaled.jpg","width":2560,"height":2560},{"@type":"BreadcrumbList","@id":"https:\/\/www.metrica.it\/es\/producto\/double-6060-alu-5\/#breadcrumb","itemListElement":[{"@type":"ListItem","position":1,"name":"Home","item":"https:\/\/www.metrica.it\/es\/"},{"@type":"ListItem","position":2,"name":"Cat\u00e1logo","item":"https:\/\/www.metrica.it\/es\/catalogo-es\/"},{"@type":"ListItem","position":3,"name":"DOUBLE 60+60 ALU"}]},{"@type":"WebSite","@id":"https:\/\/www.metrica.it\/es\/#website","url":"https:\/\/www.metrica.it\/es\/","name":"Metrica","description":"Made to measure","potentialAction":[{"@type":"SearchAction","target":{"@type":"EntryPoint","urlTemplate":"https:\/\/www.metrica.it\/es\/?s={search_term_string}"},"query-input":{"@type":"PropertyValueSpecification","valueRequired":true,"valueName":"search_term_string"}}],"inLanguage":"es"}]}},"meta_box":{"awr_documentation":[{"filesize":1776060,"ID":"156472","name":"61662.pdf","path":"\/var\/www\/html\/wp-content\/uploads\/2025\/01\/61662.pdf","url":"https:\/\/www.metrica.it\/wp-content\/uploads\/2025\/01\/61662.pdf","title":"61662"}],"awr_manuale":[],"awr_scheda_tecnica":"<table>\n<tbody>\n<tr>\n<td>Rango de trabajo<\/td>\n<td>60m (unidireccional interno) 120m (bidireccional interno)<\/td>\n<\/tr>\n<tr>\n<td>Precisi\u00f3n<\/td>\n<td>\u00b1 (2mm+d * 1\/10000) *<\/td>\n<\/tr>\n<tr>\n<td>HSA Technology<\/td>\n<td>s\u00ed<\/td>\n<\/tr>\n<tr>\n<td>Rango de medici\u00f3n angular<\/td>\n<td>\u00b190\u02da<\/td>\n<\/tr>\n<tr>\n<td>Medici\u00f3n continua<\/td>\n<td>s\u00ed<\/td>\n<\/tr>\n<tr>\n<td>Medici\u00f3n de superficie\/volumen<\/td>\n<td>s\u00ed<\/td>\n<\/tr>\n<tr>\n<td>Pit\u00e1goras<\/td>\n<td>s\u00ed<\/td>\n<\/tr>\n<tr>\n<td>M\u00ednimo\/m\u00e1ximo<\/td>\n<td>s\u00ed<\/td>\n<\/tr>\n<tr>\n<td>Suma\/resta<\/td>\n<td>s\u00ed<\/td>\n<\/tr>\n<tr>\n<td>Autocalibraci\u00f3n<\/td>\n<td>s\u00ed<\/td>\n<\/tr>\n<tr>\n<td>Nivel electr\u00f3nico de burbuja<\/td>\n<td>s\u00ed<\/td>\n<\/tr>\n<tr>\n<td>Rotaci\u00f3n autom\u00e1tica de pantalla<\/td>\n<td>s\u00ed<\/td>\n<\/tr>\n<tr>\n<td>Cambio de pantalla blanco\/negro<\/td>\n<td>s\u00ed<\/td>\n<\/tr>\n<tr>\n<td>Base magn\u00e9tica<\/td>\n<td>s\u00ed<\/td>\n<\/tr>\n<tr>\n<td>L\u00e1ser clase<\/td>\n<td>II<\/td>\n<\/tr>\n<tr>\n<td>Tipo de l\u00e1ser<\/td>\n<td>630-670nm, &lt;1mW<\/td>\n<\/tr>\n<tr>\n<td>Apagado autom\u00e1tico del diodo<\/td>\n<td>20s<\/td>\n<\/tr>\n<tr>\n<td>El aparato se apaga despu\u00e9s de<\/td>\n<td>180s<\/td>\n<\/tr>\n<tr>\n<td>Duraci\u00f3n de la bater\u00eda<\/td>\n<td>8000 mediciones<\/td>\n<\/tr>\n<tr>\n<td>Bip<\/td>\n<td>s\u00ed<\/td>\n<\/tr>\n<tr>\n<td>Temperatura de almacenamiento<\/td>\n<td>-20\u00b0C~60\u00b0C<\/td>\n<\/tr>\n<tr>\n<td>Temperatura de funcionamiento<\/td>\n<td>0\u00b0C~40\u00b0C<\/td>\n<\/tr>\n<tr>\n<td>Humedad m\u00e1xima<\/td>\n<td>20%~80% RH<\/td>\n<\/tr>\n<tr>\n<td>Pilas<\/td>\n<td>Ion-Li 3,7V 850mAh<\/td>\n<\/tr>\n<tr>\n<td>Dimensiones<\/td>\n<td>115x50x24.5mm<\/td>\n<\/tr>\n<\/tbody>\n<\/table>\n","awr_youtube_video":"https:\/\/www.youtube.com\/embed\/OMejl2kzwXc","awr_classe_prodotto":"","awr_customize_product":"0","awr_custom_image":false,"awr_related_products":[{"awr_product_references":"ref:61662|l:0,05 - 120 m|ean:8001066616626|pack:1"}],"awr_consumabili":"","awr_alternativi":"61660,61661,61114,61190","awr_aliases":"61662","awr_skuid":"61662-it"},"_links":{"self":[{"href":"https:\/\/www.metrica.it\/es\/wp-json\/wp\/v2\/product\/154284","targetHints":{"allow":["GET"]}}],"collection":[{"href":"https:\/\/www.metrica.it\/es\/wp-json\/wp\/v2\/product"}],"about":[{"href":"https:\/\/www.metrica.it\/es\/wp-json\/wp\/v2\/types\/product"}],"wp:featuredmedia":[{"embeddable":true,"href":"https:\/\/www.metrica.it\/es\/wp-json\/wp\/v2\/media\/150346"}],"wp:attachment":[{"href":"https:\/\/www.metrica.it\/es\/wp-json\/wp\/v2\/media?parent=154284"}],"wp:term":[{"taxonomy":"product_cat","embeddable":true,"href":"https:\/\/www.metrica.it\/es\/wp-json\/wp\/v2\/product_cat?post=154284"},{"taxonomy":"product_tag","embeddable":true,"href":"https:\/\/www.metrica.it\/es\/wp-json\/wp\/v2\/product_tag?post=154284"}],"curies":[{"name":"wp","href":"https:\/\/api.w.org\/{rel}","templated":true}]}}