{"id":156500,"date":"2025-01-26T17:10:04","date_gmt":"2025-01-26T16:10:04","guid":{"rendered":"https:\/\/www.metrica.it\/prodotto\/autolivello-bravo-laser-rotativo-h4-green-5\/"},"modified":"2025-01-26T17:11:17","modified_gmt":"2025-01-26T16:11:17","slug":"autolivello-bravo-laser-rotativo-h4-green-5","status":"publish","type":"product","link":"https:\/\/www.metrica.it\/es\/producto\/autolivello-bravo-laser-rotativo-h4-green-5\/","title":{"rendered":"AUTOLIVELLO BRAVO LASER ROTATIVO H4 GREEN"},"content":{"rendered":"<ul>\n<li>L\u00e1ser autonivelante con rayo vierde giratorio visible: genera un plano horizontal autonivelante y una l\u00ednea de plomo<\/li>\n<li>Impermeabilidad IP 66 Resistente al polvo: totalmente protegido contra la entrada de polvo. Protecci\u00f3n del agua: protegido de los fuertes chorros de agua que vienen de cualquier direcci\u00f3n<\/li>\n<li>Funci\u00f3n de esc\u00e1ner para dibujar una l\u00ednea m\u00e1s visible y corta en 4 longitudes de su elecci\u00f3n<\/li>\n<li>Funci\u00f3n SLOPE (inclinaci\u00f3n manual X, Y)<\/li>\n<li>Funci\u00f3n MANUAL que excluye la nivelaci\u00f3n autom\u00e1tica y permite que el dispositivo se incline a voluntad para el seguimiento de los planos inclinados<\/li>\n<li>Funci\u00f3n TILT: el rayo se detiene en caso de movimiento involuntario<\/li>\n<li>L\u00e1ser equipado con 4 mangos de goma para un agarre m\u00e1s f\u00e1cil y una mayor protecci\u00f3n<\/li>\n<li>Recepci\u00f3n del distancia en los 4 lados de la unidad<\/li>\n<li>Indicador LED de carga de la bater\u00eda<\/li>\n<li>Pilas recargables Li-ion de larga vida.<\/li>\n<\/ul>\n","protected":false},"excerpt":{"rendered":"<p>L\u00e1ser autonivelante con rayo vierde giratorio visible: genera un plano horizontal autonivelante y una l\u00ednea de plomo <br \/>Impermeabilidad IP 66 Resistente al polvo: totalmente protegido contra la entrada de polvo. Protecci\u00f3n del agua: protegido de los fuertes chorros de agua que vienen de cualquier direcci\u00f3n <br \/>Funci\u00f3n de esc\u00e1ner para dibujar una l\u00ednea m\u00e1s visible y corta en 4 longitudes de su elecci\u00f3n <br \/>Funci\u00f3n SLOPE (inclinaci\u00f3n manual X, Y) <br \/>Funci\u00f3n MANUAL que excluye la nivelaci\u00f3n autom\u00e1tica y permite que el dispositivo se incline a voluntad para el seguimiento de los planos inclinados <br \/>Funci\u00f3n TILT: el rayo se detiene en caso de movimiento involuntario <br \/>L\u00e1ser equipado con 4 mangos de goma para un agarre m\u00e1s f\u00e1cil y una mayor protecci\u00f3n <br \/>Recepci\u00f3n del distancia en los 4 lados de la unidad <br \/>Indicador LED de carga de la bater\u00eda <br \/>Pilas recargables Li-ion de larga vida. <\/p>\n","protected":false},"featured_media":156489,"template":"","meta":[],"product_cat":[524,517],"product_tag":[],"class_list":{"0":"post-156500","1":"product","2":"type-product","3":"status-publish","4":"has-post-thumbnail","6":"product_cat-laser-autonivelantes","7":"product_cat-laser-y-termocamaras","9":"first","10":"instock","11":"sold-individually","12":"product-type-simple"},"yoast_head":"<title>AUTOLIVELLO BRAVO LASER ROTATIVO H4 GREEN - Metrica<\/title>\n<meta name=\"robots\" content=\"index, follow, max-snippet:-1, max-image-preview:large, max-video-preview:-1\" \/>\n<link rel=\"canonical\" href=\"https:\/\/www.metrica.it\/es\/producto\/autolivello-bravo-laser-rotativo-h4-green-5\/\" \/>\n<meta property=\"og:locale\" content=\"es_ES\" \/>\n<meta property=\"og:type\" content=\"article\" \/>\n<meta property=\"og:title\" content=\"AUTOLIVELLO BRAVO LASER ROTATIVO H4 GREEN - Metrica\" \/>\n<meta property=\"og:description\" content=\"L\u00e1ser autonivelante con rayo vierde giratorio visible: genera un plano horizontal autonivelante y una l\u00ednea de plomo Impermeabilidad IP 66 Resistente al polvo: totalmente protegido contra la entrada de polvo. Protecci\u00f3n del agua: protegido de los fuertes chorros de agua que vienen de cualquier direcci\u00f3n Funci\u00f3n de esc\u00e1ner para dibujar una l\u00ednea m\u00e1s visible y corta en 4 longitudes de su elecci\u00f3n Funci\u00f3n SLOPE (inclinaci\u00f3n manual X, Y) Funci\u00f3n MANUAL que excluye la nivelaci\u00f3n autom\u00e1tica y permite que el dispositivo se incline a voluntad para el seguimiento de los planos inclinados Funci\u00f3n TILT: el rayo se detiene en caso de movimiento involuntario L\u00e1ser equipado con 4 mangos de goma para un agarre m\u00e1s f\u00e1cil y una mayor protecci\u00f3n Recepci\u00f3n del distancia en los 4 lados de la unidad Indicador LED de carga de la bater\u00eda Pilas recargables Li-ion de larga vida.\" \/>\n<meta property=\"og:url\" content=\"https:\/\/www.metrica.it\/es\/producto\/autolivello-bravo-laser-rotativo-h4-green-5\/\" \/>\n<meta property=\"og:site_name\" content=\"Metrica\" \/>\n<meta property=\"article:modified_time\" content=\"2025-01-26T16:11:17+00:00\" \/>\n<meta property=\"og:image\" content=\"https:\/\/www.metrica.it\/wp-content\/uploads\/2025\/01\/61386-scaled.jpg\" \/>\n\t<meta property=\"og:image:width\" content=\"2560\" \/>\n\t<meta property=\"og:image:height\" content=\"2560\" \/>\n\t<meta property=\"og:image:type\" content=\"image\/jpeg\" \/>\n<meta name=\"twitter:card\" content=\"summary_large_image\" \/>\n<meta name=\"twitter:label1\" content=\"Tiempo de lectura\" \/>\n\t<meta name=\"twitter:data1\" content=\"1 minuto\" \/>\n<script type=\"application\/ld+json\" class=\"yoast-schema-graph\">{\"@context\":\"https:\\\/\\\/schema.org\",\"@graph\":[{\"@type\":\"WebPage\",\"@id\":\"https:\\\/\\\/www.metrica.it\\\/es\\\/producto\\\/autolivello-bravo-laser-rotativo-h4-green-5\\\/\",\"url\":\"https:\\\/\\\/www.metrica.it\\\/es\\\/producto\\\/autolivello-bravo-laser-rotativo-h4-green-5\\\/\",\"name\":\"AUTOLIVELLO BRAVO LASER ROTATIVO H4 GREEN - Metrica\",\"isPartOf\":{\"@id\":\"https:\\\/\\\/www.metrica.it\\\/es\\\/#website\"},\"primaryImageOfPage\":{\"@id\":\"https:\\\/\\\/www.metrica.it\\\/es\\\/producto\\\/autolivello-bravo-laser-rotativo-h4-green-5\\\/#primaryimage\"},\"image\":{\"@id\":\"https:\\\/\\\/www.metrica.it\\\/es\\\/producto\\\/autolivello-bravo-laser-rotativo-h4-green-5\\\/#primaryimage\"},\"thumbnailUrl\":\"https:\\\/\\\/www.metrica.it\\\/wp-content\\\/uploads\\\/2025\\\/01\\\/61386-scaled.jpg\",\"datePublished\":\"2025-01-26T16:10:04+00:00\",\"dateModified\":\"2025-01-26T16:11:17+00:00\",\"breadcrumb\":{\"@id\":\"https:\\\/\\\/www.metrica.it\\\/es\\\/producto\\\/autolivello-bravo-laser-rotativo-h4-green-5\\\/#breadcrumb\"},\"inLanguage\":\"es\",\"potentialAction\":[{\"@type\":\"ReadAction\",\"target\":[\"https:\\\/\\\/www.metrica.it\\\/es\\\/producto\\\/autolivello-bravo-laser-rotativo-h4-green-5\\\/\"]}]},{\"@type\":\"ImageObject\",\"inLanguage\":\"es\",\"@id\":\"https:\\\/\\\/www.metrica.it\\\/es\\\/producto\\\/autolivello-bravo-laser-rotativo-h4-green-5\\\/#primaryimage\",\"url\":\"https:\\\/\\\/www.metrica.it\\\/wp-content\\\/uploads\\\/2025\\\/01\\\/61386-scaled.jpg\",\"contentUrl\":\"https:\\\/\\\/www.metrica.it\\\/wp-content\\\/uploads\\\/2025\\\/01\\\/61386-scaled.jpg\",\"width\":2560,\"height\":2560},{\"@type\":\"BreadcrumbList\",\"@id\":\"https:\\\/\\\/www.metrica.it\\\/es\\\/producto\\\/autolivello-bravo-laser-rotativo-h4-green-5\\\/#breadcrumb\",\"itemListElement\":[{\"@type\":\"ListItem\",\"position\":1,\"name\":\"Home\",\"item\":\"https:\\\/\\\/www.metrica.it\\\/es\\\/\"},{\"@type\":\"ListItem\",\"position\":2,\"name\":\"Cat\u00e1logo\",\"item\":\"https:\\\/\\\/www.metrica.it\\\/es\\\/catalogo-es\\\/\"},{\"@type\":\"ListItem\",\"position\":3,\"name\":\"AUTOLIVELLO BRAVO LASER ROTATIVO H4 GREEN\"}]},{\"@type\":\"WebSite\",\"@id\":\"https:\\\/\\\/www.metrica.it\\\/es\\\/#website\",\"url\":\"https:\\\/\\\/www.metrica.it\\\/es\\\/\",\"name\":\"Metrica\",\"description\":\"Made to measure\",\"potentialAction\":[{\"@type\":\"SearchAction\",\"target\":{\"@type\":\"EntryPoint\",\"urlTemplate\":\"https:\\\/\\\/www.metrica.it\\\/es\\\/?s={search_term_string}\"},\"query-input\":{\"@type\":\"PropertyValueSpecification\",\"valueRequired\":true,\"valueName\":\"search_term_string\"}}],\"inLanguage\":\"es\"}]}<\/script>","yoast_head_json":{"title":"AUTOLIVELLO BRAVO LASER ROTATIVO H4 GREEN - Metrica","robots":{"index":"index","follow":"follow","max-snippet":"max-snippet:-1","max-image-preview":"max-image-preview:large","max-video-preview":"max-video-preview:-1"},"canonical":"https:\/\/www.metrica.it\/es\/producto\/autolivello-bravo-laser-rotativo-h4-green-5\/","og_locale":"es_ES","og_type":"article","og_title":"AUTOLIVELLO BRAVO LASER ROTATIVO H4 GREEN - Metrica","og_description":"L\u00e1ser autonivelante con rayo vierde giratorio visible: genera un plano horizontal autonivelante y una l\u00ednea de plomo Impermeabilidad IP 66 Resistente al polvo: totalmente protegido contra la entrada de polvo. Protecci\u00f3n del agua: protegido de los fuertes chorros de agua que vienen de cualquier direcci\u00f3n Funci\u00f3n de esc\u00e1ner para dibujar una l\u00ednea m\u00e1s visible y corta en 4 longitudes de su elecci\u00f3n Funci\u00f3n SLOPE (inclinaci\u00f3n manual X, Y) Funci\u00f3n MANUAL que excluye la nivelaci\u00f3n autom\u00e1tica y permite que el dispositivo se incline a voluntad para el seguimiento de los planos inclinados Funci\u00f3n TILT: el rayo se detiene en caso de movimiento involuntario L\u00e1ser equipado con 4 mangos de goma para un agarre m\u00e1s f\u00e1cil y una mayor protecci\u00f3n Recepci\u00f3n del distancia en los 4 lados de la unidad Indicador LED de carga de la bater\u00eda Pilas recargables Li-ion de larga vida.","og_url":"https:\/\/www.metrica.it\/es\/producto\/autolivello-bravo-laser-rotativo-h4-green-5\/","og_site_name":"Metrica","article_modified_time":"2025-01-26T16:11:17+00:00","og_image":[{"width":2560,"height":2560,"url":"https:\/\/www.metrica.it\/wp-content\/uploads\/2025\/01\/61386-scaled.jpg","type":"image\/jpeg"}],"twitter_card":"summary_large_image","twitter_misc":{"Tiempo de lectura":"1 minuto"},"schema":{"@context":"https:\/\/schema.org","@graph":[{"@type":"WebPage","@id":"https:\/\/www.metrica.it\/es\/producto\/autolivello-bravo-laser-rotativo-h4-green-5\/","url":"https:\/\/www.metrica.it\/es\/producto\/autolivello-bravo-laser-rotativo-h4-green-5\/","name":"AUTOLIVELLO BRAVO LASER ROTATIVO H4 GREEN - Metrica","isPartOf":{"@id":"https:\/\/www.metrica.it\/es\/#website"},"primaryImageOfPage":{"@id":"https:\/\/www.metrica.it\/es\/producto\/autolivello-bravo-laser-rotativo-h4-green-5\/#primaryimage"},"image":{"@id":"https:\/\/www.metrica.it\/es\/producto\/autolivello-bravo-laser-rotativo-h4-green-5\/#primaryimage"},"thumbnailUrl":"https:\/\/www.metrica.it\/wp-content\/uploads\/2025\/01\/61386-scaled.jpg","datePublished":"2025-01-26T16:10:04+00:00","dateModified":"2025-01-26T16:11:17+00:00","breadcrumb":{"@id":"https:\/\/www.metrica.it\/es\/producto\/autolivello-bravo-laser-rotativo-h4-green-5\/#breadcrumb"},"inLanguage":"es","potentialAction":[{"@type":"ReadAction","target":["https:\/\/www.metrica.it\/es\/producto\/autolivello-bravo-laser-rotativo-h4-green-5\/"]}]},{"@type":"ImageObject","inLanguage":"es","@id":"https:\/\/www.metrica.it\/es\/producto\/autolivello-bravo-laser-rotativo-h4-green-5\/#primaryimage","url":"https:\/\/www.metrica.it\/wp-content\/uploads\/2025\/01\/61386-scaled.jpg","contentUrl":"https:\/\/www.metrica.it\/wp-content\/uploads\/2025\/01\/61386-scaled.jpg","width":2560,"height":2560},{"@type":"BreadcrumbList","@id":"https:\/\/www.metrica.it\/es\/producto\/autolivello-bravo-laser-rotativo-h4-green-5\/#breadcrumb","itemListElement":[{"@type":"ListItem","position":1,"name":"Home","item":"https:\/\/www.metrica.it\/es\/"},{"@type":"ListItem","position":2,"name":"Cat\u00e1logo","item":"https:\/\/www.metrica.it\/es\/catalogo-es\/"},{"@type":"ListItem","position":3,"name":"AUTOLIVELLO BRAVO LASER ROTATIVO H4 GREEN"}]},{"@type":"WebSite","@id":"https:\/\/www.metrica.it\/es\/#website","url":"https:\/\/www.metrica.it\/es\/","name":"Metrica","description":"Made to measure","potentialAction":[{"@type":"SearchAction","target":{"@type":"EntryPoint","urlTemplate":"https:\/\/www.metrica.it\/es\/?s={search_term_string}"},"query-input":{"@type":"PropertyValueSpecification","valueRequired":true,"valueName":"search_term_string"}}],"inLanguage":"es"}]}},"meta_box":{"awr_documentation":[{"filesize":4191500,"ID":"156488","name":"61386.pdf","path":"\/var\/www\/html\/wp-content\/uploads\/2025\/01\/61386.pdf","url":"https:\/\/www.metrica.it\/wp-content\/uploads\/2025\/01\/61386.pdf","title":"61386.pdf"}],"awr_manuale":[],"awr_scheda_tecnica":"<table>\n<tr>\n<td>Precisi\u00f3n de nivelaci\u00f3n horizontal<\/td>\n<td>\u00b1 1 mm \/ 10 m<\/td>\n<\/tr>\n<tr>\n<td>Rango de autonivelaci\u00f3n<\/td>\n<td>\u00b1 5\u00b0<\/td>\n<\/tr>\n<tr>\n<td>Autonom\u00eda<\/td>\n<td>~ 35 ore<\/td>\n<\/tr>\n<tr>\n<td>Rango de trabajo<\/td>\n<td>500 m \u00d8<\/td>\n<\/tr>\n<tr>\n<td>Valores de rotaci\u00f3n<\/td>\n<td>0-60-120-300-600 u\/min<\/td>\n<\/tr>\n<tr>\n<td>Funci\u00f3n de esc\u00e1ner<\/td>\n<td>0\u00b0 - 10\u00b0 - 45\u00b0 - 90\u00b0 - 180\u00b0<\/td>\n<\/tr>\n<tr>\n<td>Se\u00f1al de nivelaci\u00f3n<\/td>\n<td>si<\/td>\n<\/tr>\n<tr>\n<td>Tipo de l\u00e1ser<\/td>\n<td>515\/638nm,<\/td>\n<\/tr>\n<tr>\n<td>Potencia l\u00e1ser<\/td>\n<td>Clase 2<\/td>\n<\/tr>\n<tr>\n<td>Pilas<\/td>\n<td>4 x Li-ion 4000mAh 1,2 V<\/td>\n<\/tr>\n<tr>\n<td>Dimensiones<\/td>\n<td>220 x 220 x 210 mm<\/td>\n<\/tr>\n<tr>\n<td>Temperatura de funcionamiento<\/td>\n<td>-10 \u00b0C \/ +50 \u00b0C<\/td>\n<\/tr>\n<tr>\n<td>Peso (sin bater\u00edas)<\/td>\n<td>3,5 kg<\/td>\n<\/tr>\n<tr>\n<td>Impermeabilidad<\/td>\n<td>IP 66<\/td>\n<\/tr>\n<tr>\n<td>Tornillo para montura tr\u00edpode<\/td>\n<td>5\/8\"<\/td>\n<\/tr>\n<tr>\n<td>Alcance mando a distancia<\/td>\n<td>30 \/ 10 m (in\/out)<\/td>\n<\/tr>\n<tr>\n<td>Pilas mando a distancia<\/td>\n<td>2 x 15 V DC<\/td>\n<\/tr>\n<tr>\n<td>Pila del receptor<\/td>\n<td>1 x 9 V DC<\/td>\n<\/tr>\n<\/table>\n","awr_youtube_video":"","awr_classe_prodotto":"","awr_customize_product":"0","awr_custom_image":false,"awr_related_products":[{"awr_product_references":"ref:61386|ean:8001066613861|pack:1"}],"awr_consumabili":"61387,61388,61389,61391,60712","awr_alternativi":"61385,61350,61395,61345,61392","awr_aliases":"61386","awr_skuid":"61386-it"},"_links":{"self":[{"href":"https:\/\/www.metrica.it\/es\/wp-json\/wp\/v2\/product\/156500","targetHints":{"allow":["GET"]}}],"collection":[{"href":"https:\/\/www.metrica.it\/es\/wp-json\/wp\/v2\/product"}],"about":[{"href":"https:\/\/www.metrica.it\/es\/wp-json\/wp\/v2\/types\/product"}],"wp:featuredmedia":[{"embeddable":true,"href":"https:\/\/www.metrica.it\/es\/wp-json\/wp\/v2\/media\/156489"}],"wp:attachment":[{"href":"https:\/\/www.metrica.it\/es\/wp-json\/wp\/v2\/media?parent=156500"}],"wp:term":[{"taxonomy":"product_cat","embeddable":true,"href":"https:\/\/www.metrica.it\/es\/wp-json\/wp\/v2\/product_cat?post=156500"},{"taxonomy":"product_tag","embeddable":true,"href":"https:\/\/www.metrica.it\/es\/wp-json\/wp\/v2\/product_tag?post=156500"}],"curies":[{"name":"wp","href":"https:\/\/api.w.org\/{rel}","templated":true}]}}