{"id":156546,"date":"2025-01-26T17:15:42","date_gmt":"2025-01-26T16:15:42","guid":{"rendered":"https:\/\/www.metrica.it\/prodotto\/metrica-3d-green-junior-5\/"},"modified":"2025-05-15T14:14:36","modified_gmt":"2025-05-15T12:14:36","slug":"metrica-3d-green-junior-5","status":"publish","type":"product","link":"https:\/\/www.metrica.it\/es\/producto\/metrica-3d-green-junior-5\/","title":{"rendered":"METRICA 3D GREEN JUNIOR"},"content":{"rendered":"<ul>\n<li>Nivel l\u00e1ser autom\u00e1tico verde (C\u00f3d. 61415MPLUS). Proyecta 3 planos de l\u00e1ser 360\u00b0: un plano horizontal y dos planos verticales en 90\u00b0 entre s\u00ed<\/li>\n<li>Plomada siempre visible con 4 cuadrados a pared<\/li>\n<li>2 cruces al techo y a piso externas de la base de la estructura<\/li>\n<li>Posicionamiento f\u00e1cil a ras del techo (&lt;2 cm)<\/li>\n<li>Uso de interior y al aire libre ( con el receptor, no incluido)<\/li>\n<li>Flash autom\u00e1tico del l\u00e1ser y aviso audible si el dispositivo est\u00e1 fuera de rango de autonivelaci\u00f3n<\/li>\n<li>Sistema de cierre integrado para evitar la vibraci\u00f3n durante el transporte, capacidad de proyectar planos de l\u00e1ser incluso en posici\u00f3n fija y inclinado<\/li>\n<li>Forma compacta, revestimiento antideslizante y caucho a prueba de golpes<\/li>\n<li>Pilas recargables Li-ion de larga vida, provisto de bater\u00eda de repuesto y cargador para la carga externa.<\/li>\n<li>Puerto USB-C integrado en el instrumento<\/li>\n<li>Indicador LED de carga de la bater\u00eda<\/li>\n<li>Mando a distancia<\/li>\n<li>Se suministra con soporte magn\u00e9tico para paredes y placas de<br \/>\nyeso en estuche r\u00edgido<\/li>\n<\/ul>\n","protected":false},"excerpt":{"rendered":"<p>Nivel l\u00e1ser autom\u00e1tico verde (C\u00f3d. 61415MPLUS). Proyecta 3 planos de l\u00e1ser 360\u00b0: un plano horizontal y dos planos verticales en 90\u00b0 entre s\u00ed<br \/>\nPlomada siempre visible con 4 cuadrados a pared<br \/>\n2 cruces al techo y a piso externas de la base de la estructura<br \/>\nPosicionamiento f\u00e1cil a ras del techo (&lt;2 cm)<br \/>\nUso de interior y al aire libre ( con el receptor, no incluido)<br \/>\nFlash autom\u00e1tico del l\u00e1ser y aviso audible si el dispositivo est\u00e1 fuera de rango de autonivelaci\u00f3n<br \/>\nSistema de cierre integrado para evitar la vibraci\u00f3n durante el transporte, capacidad de proyectar planos de l\u00e1ser incluso en posici\u00f3n fija y inclinado<br \/>\nForma compacta, revestimiento antideslizante y caucho a prueba de golpes<br \/>\nPilas recargables Li-ion de larga vida, provisto de bater\u00eda de repuesto y cargador para la carga externa.<br \/>\nPuerto USB-C integrado en el instrumento<br \/>\nIndicador LED de carga de la bater\u00eda<br \/>\nMando a distancia<br \/>\nSe suministra con soporte magn\u00e9tico para paredes y placas de<br \/>\nyeso en estuche r\u00edgido<\/p>\n","protected":false},"featured_media":156534,"template":"","meta":[],"product_cat":[524,517],"product_tag":[],"class_list":{"0":"post-156546","1":"product","2":"type-product","3":"status-publish","4":"has-post-thumbnail","6":"product_cat-laser-autonivelantes","7":"product_cat-laser-y-termocamaras","9":"first","10":"instock","11":"sold-individually","12":"product-type-simple"},"yoast_head":"<title>METRICA 3D GREEN JUNIOR - Metrica<\/title>\n<meta name=\"robots\" content=\"index, follow, max-snippet:-1, max-image-preview:large, max-video-preview:-1\" \/>\n<link rel=\"canonical\" href=\"https:\/\/www.metrica.it\/es\/producto\/metrica-3d-green-junior-5\/\" \/>\n<meta property=\"og:locale\" content=\"es_ES\" \/>\n<meta property=\"og:type\" content=\"article\" \/>\n<meta property=\"og:title\" content=\"METRICA 3D GREEN JUNIOR - Metrica\" \/>\n<meta property=\"og:description\" content=\"Nivel l\u00e1ser autom\u00e1tico verde (C\u00f3d. 61415MPLUS). Proyecta 3 planos de l\u00e1ser 360\u00b0: un plano horizontal y dos planos verticales en 90\u00b0 entre s\u00ed Plomada siempre visible con 4 cuadrados a pared 2 cruces al techo y a piso externas de la base de la estructura Posicionamiento f\u00e1cil a ras del techo (&lt;2 cm) Uso de interior y al aire libre ( con el receptor, no incluido) Flash autom\u00e1tico del l\u00e1ser y aviso audible si el dispositivo est\u00e1 fuera de rango de autonivelaci\u00f3n Sistema de cierre integrado para evitar la vibraci\u00f3n durante el transporte, capacidad de proyectar planos de l\u00e1ser incluso en posici\u00f3n fija y inclinado Forma compacta, revestimiento antideslizante y caucho a prueba de golpes Pilas recargables Li-ion de larga vida, provisto de bater\u00eda de repuesto y cargador para la carga externa. Puerto USB-C integrado en el instrumento Indicador LED de carga de la bater\u00eda Mando a distancia Se suministra con soporte magn\u00e9tico para paredes y placas de yeso en estuche r\u00edgido\" \/>\n<meta property=\"og:url\" content=\"https:\/\/www.metrica.it\/es\/producto\/metrica-3d-green-junior-5\/\" \/>\n<meta property=\"og:site_name\" content=\"Metrica\" \/>\n<meta property=\"article:modified_time\" content=\"2025-05-15T12:14:36+00:00\" \/>\n<meta property=\"og:image\" content=\"https:\/\/www.metrica.it\/wp-content\/uploads\/2025\/01\/61415MPLUS-scaled.jpg\" \/>\n\t<meta property=\"og:image:width\" content=\"2560\" \/>\n\t<meta property=\"og:image:height\" content=\"2560\" \/>\n\t<meta property=\"og:image:type\" content=\"image\/jpeg\" \/>\n<meta name=\"twitter:card\" content=\"summary_large_image\" \/>\n<meta name=\"twitter:label1\" content=\"Tiempo de lectura\" \/>\n\t<meta name=\"twitter:data1\" content=\"2 minutos\" \/>\n<script type=\"application\/ld+json\" class=\"yoast-schema-graph\">{\"@context\":\"https:\\\/\\\/schema.org\",\"@graph\":[{\"@type\":\"WebPage\",\"@id\":\"https:\\\/\\\/www.metrica.it\\\/es\\\/producto\\\/metrica-3d-green-junior-5\\\/\",\"url\":\"https:\\\/\\\/www.metrica.it\\\/es\\\/producto\\\/metrica-3d-green-junior-5\\\/\",\"name\":\"METRICA 3D GREEN JUNIOR - Metrica\",\"isPartOf\":{\"@id\":\"https:\\\/\\\/www.metrica.it\\\/es\\\/#website\"},\"primaryImageOfPage\":{\"@id\":\"https:\\\/\\\/www.metrica.it\\\/es\\\/producto\\\/metrica-3d-green-junior-5\\\/#primaryimage\"},\"image\":{\"@id\":\"https:\\\/\\\/www.metrica.it\\\/es\\\/producto\\\/metrica-3d-green-junior-5\\\/#primaryimage\"},\"thumbnailUrl\":\"https:\\\/\\\/www.metrica.it\\\/wp-content\\\/uploads\\\/2025\\\/01\\\/61415MPLUS-scaled.jpg\",\"datePublished\":\"2025-01-26T16:15:42+00:00\",\"dateModified\":\"2025-05-15T12:14:36+00:00\",\"breadcrumb\":{\"@id\":\"https:\\\/\\\/www.metrica.it\\\/es\\\/producto\\\/metrica-3d-green-junior-5\\\/#breadcrumb\"},\"inLanguage\":\"es\",\"potentialAction\":[{\"@type\":\"ReadAction\",\"target\":[\"https:\\\/\\\/www.metrica.it\\\/es\\\/producto\\\/metrica-3d-green-junior-5\\\/\"]}]},{\"@type\":\"ImageObject\",\"inLanguage\":\"es\",\"@id\":\"https:\\\/\\\/www.metrica.it\\\/es\\\/producto\\\/metrica-3d-green-junior-5\\\/#primaryimage\",\"url\":\"https:\\\/\\\/www.metrica.it\\\/wp-content\\\/uploads\\\/2025\\\/01\\\/61415MPLUS-scaled.jpg\",\"contentUrl\":\"https:\\\/\\\/www.metrica.it\\\/wp-content\\\/uploads\\\/2025\\\/01\\\/61415MPLUS-scaled.jpg\",\"width\":2560,\"height\":2560},{\"@type\":\"BreadcrumbList\",\"@id\":\"https:\\\/\\\/www.metrica.it\\\/es\\\/producto\\\/metrica-3d-green-junior-5\\\/#breadcrumb\",\"itemListElement\":[{\"@type\":\"ListItem\",\"position\":1,\"name\":\"Home\",\"item\":\"https:\\\/\\\/www.metrica.it\\\/es\\\/\"},{\"@type\":\"ListItem\",\"position\":2,\"name\":\"Cat\u00e1logo\",\"item\":\"https:\\\/\\\/www.metrica.it\\\/es\\\/catalogo-es\\\/\"},{\"@type\":\"ListItem\",\"position\":3,\"name\":\"METRICA 3D GREEN JUNIOR\"}]},{\"@type\":\"WebSite\",\"@id\":\"https:\\\/\\\/www.metrica.it\\\/es\\\/#website\",\"url\":\"https:\\\/\\\/www.metrica.it\\\/es\\\/\",\"name\":\"Metrica\",\"description\":\"Made to measure\",\"potentialAction\":[{\"@type\":\"SearchAction\",\"target\":{\"@type\":\"EntryPoint\",\"urlTemplate\":\"https:\\\/\\\/www.metrica.it\\\/es\\\/?s={search_term_string}\"},\"query-input\":{\"@type\":\"PropertyValueSpecification\",\"valueRequired\":true,\"valueName\":\"search_term_string\"}}],\"inLanguage\":\"es\"}]}<\/script>","yoast_head_json":{"title":"METRICA 3D GREEN JUNIOR - Metrica","robots":{"index":"index","follow":"follow","max-snippet":"max-snippet:-1","max-image-preview":"max-image-preview:large","max-video-preview":"max-video-preview:-1"},"canonical":"https:\/\/www.metrica.it\/es\/producto\/metrica-3d-green-junior-5\/","og_locale":"es_ES","og_type":"article","og_title":"METRICA 3D GREEN JUNIOR - Metrica","og_description":"Nivel l\u00e1ser autom\u00e1tico verde (C\u00f3d. 61415MPLUS). Proyecta 3 planos de l\u00e1ser 360\u00b0: un plano horizontal y dos planos verticales en 90\u00b0 entre s\u00ed Plomada siempre visible con 4 cuadrados a pared 2 cruces al techo y a piso externas de la base de la estructura Posicionamiento f\u00e1cil a ras del techo (&lt;2 cm) Uso de interior y al aire libre ( con el receptor, no incluido) Flash autom\u00e1tico del l\u00e1ser y aviso audible si el dispositivo est\u00e1 fuera de rango de autonivelaci\u00f3n Sistema de cierre integrado para evitar la vibraci\u00f3n durante el transporte, capacidad de proyectar planos de l\u00e1ser incluso en posici\u00f3n fija y inclinado Forma compacta, revestimiento antideslizante y caucho a prueba de golpes Pilas recargables Li-ion de larga vida, provisto de bater\u00eda de repuesto y cargador para la carga externa. Puerto USB-C integrado en el instrumento Indicador LED de carga de la bater\u00eda Mando a distancia Se suministra con soporte magn\u00e9tico para paredes y placas de yeso en estuche r\u00edgido","og_url":"https:\/\/www.metrica.it\/es\/producto\/metrica-3d-green-junior-5\/","og_site_name":"Metrica","article_modified_time":"2025-05-15T12:14:36+00:00","og_image":[{"width":2560,"height":2560,"url":"https:\/\/www.metrica.it\/wp-content\/uploads\/2025\/01\/61415MPLUS-scaled.jpg","type":"image\/jpeg"}],"twitter_card":"summary_large_image","twitter_misc":{"Tiempo de lectura":"2 minutos"},"schema":{"@context":"https:\/\/schema.org","@graph":[{"@type":"WebPage","@id":"https:\/\/www.metrica.it\/es\/producto\/metrica-3d-green-junior-5\/","url":"https:\/\/www.metrica.it\/es\/producto\/metrica-3d-green-junior-5\/","name":"METRICA 3D GREEN JUNIOR - Metrica","isPartOf":{"@id":"https:\/\/www.metrica.it\/es\/#website"},"primaryImageOfPage":{"@id":"https:\/\/www.metrica.it\/es\/producto\/metrica-3d-green-junior-5\/#primaryimage"},"image":{"@id":"https:\/\/www.metrica.it\/es\/producto\/metrica-3d-green-junior-5\/#primaryimage"},"thumbnailUrl":"https:\/\/www.metrica.it\/wp-content\/uploads\/2025\/01\/61415MPLUS-scaled.jpg","datePublished":"2025-01-26T16:15:42+00:00","dateModified":"2025-05-15T12:14:36+00:00","breadcrumb":{"@id":"https:\/\/www.metrica.it\/es\/producto\/metrica-3d-green-junior-5\/#breadcrumb"},"inLanguage":"es","potentialAction":[{"@type":"ReadAction","target":["https:\/\/www.metrica.it\/es\/producto\/metrica-3d-green-junior-5\/"]}]},{"@type":"ImageObject","inLanguage":"es","@id":"https:\/\/www.metrica.it\/es\/producto\/metrica-3d-green-junior-5\/#primaryimage","url":"https:\/\/www.metrica.it\/wp-content\/uploads\/2025\/01\/61415MPLUS-scaled.jpg","contentUrl":"https:\/\/www.metrica.it\/wp-content\/uploads\/2025\/01\/61415MPLUS-scaled.jpg","width":2560,"height":2560},{"@type":"BreadcrumbList","@id":"https:\/\/www.metrica.it\/es\/producto\/metrica-3d-green-junior-5\/#breadcrumb","itemListElement":[{"@type":"ListItem","position":1,"name":"Home","item":"https:\/\/www.metrica.it\/es\/"},{"@type":"ListItem","position":2,"name":"Cat\u00e1logo","item":"https:\/\/www.metrica.it\/es\/catalogo-es\/"},{"@type":"ListItem","position":3,"name":"METRICA 3D GREEN JUNIOR"}]},{"@type":"WebSite","@id":"https:\/\/www.metrica.it\/es\/#website","url":"https:\/\/www.metrica.it\/es\/","name":"Metrica","description":"Made to measure","potentialAction":[{"@type":"SearchAction","target":{"@type":"EntryPoint","urlTemplate":"https:\/\/www.metrica.it\/es\/?s={search_term_string}"},"query-input":{"@type":"PropertyValueSpecification","valueRequired":true,"valueName":"search_term_string"}}],"inLanguage":"es"}]}},"meta_box":{"awr_documentation":[{"filesize":2815663,"ID":"243830","name":"61415MPLUS-1.pdf","path":"\/var\/www\/html\/wp-content\/uploads\/2025\/01\/61415MPLUS-1.pdf","url":"https:\/\/www.metrica.it\/wp-content\/uploads\/2025\/01\/61415MPLUS-1.pdf","title":"61415MPLUS"}],"awr_manuale":[],"awr_scheda_tecnica":"<table>\n<tbody>\n<tr>\n<td>Capacidad (dependiendo de la luminosidad)<\/td>\n<td>20 m (\u00d8 40 m)<\/td>\n<\/tr>\n<tr>\n<td>Capacidad con receptor<\/td>\n<td>40 m (\u00d8 80 m)<\/td>\n<\/tr>\n<tr>\n<td>Precisi\u00f3n de nivelaci\u00f3n<\/td>\n<td>\u00b1 2 mm \/ 10 m<\/td>\n<\/tr>\n<tr>\n<td>Campo de auto-nivelaci\u00f3n<\/td>\n<td>\u00b1 4\u00b0<\/td>\n<\/tr>\n<tr>\n<td>Se\u00f1al fuera de nivelaci\u00f3n<\/td>\n<td>si<\/td>\n<\/tr>\n<tr>\n<td>Tipo de l\u00e1ser<\/td>\n<td>515 nm &lt;1mw<\/td>\n<\/tr>\n<tr>\n<td>Potencia l\u00e1ser<\/td>\n<td>Clase II<\/td>\n<\/tr>\n<tr>\n<td>Pilas<\/td>\n<td>7.4V 2600 mAh<\/td>\n<\/tr>\n<tr>\n<td>Dimensiones<\/td>\n<td>140 x 160 x 85<\/td>\n<\/tr>\n<tr>\n<td>Peso sin pilas<\/td>\n<td>0,65 Kg<\/td>\n<\/tr>\n<tr>\n<td>Impermeabilidad<\/td>\n<td>IP 54<\/td>\n<\/tr>\n<tr>\n<td>Tuerca para tr\u00edpode<\/td>\n<td>1\/4\u201d - 5\/8\u201d<\/td>\n<\/tr>\n<\/tbody>\n<\/table>\n","awr_youtube_video":"","awr_classe_prodotto":"","awr_customize_product":"0","awr_custom_image":false,"awr_related_products":[{"awr_product_references":"ref:61415MPLUS|ean:8001066614155|pack:1"}],"awr_consumabili":"61447,60866,61453,61454,61450,61451,61465","awr_alternativi":"61410MPLUS,60845,61438,61470","awr_aliases":"61415MPLUS","awr_skuid":"61415MPLUS-it"},"_links":{"self":[{"href":"https:\/\/www.metrica.it\/es\/wp-json\/wp\/v2\/product\/156546","targetHints":{"allow":["GET"]}}],"collection":[{"href":"https:\/\/www.metrica.it\/es\/wp-json\/wp\/v2\/product"}],"about":[{"href":"https:\/\/www.metrica.it\/es\/wp-json\/wp\/v2\/types\/product"}],"wp:featuredmedia":[{"embeddable":true,"href":"https:\/\/www.metrica.it\/es\/wp-json\/wp\/v2\/media\/156534"}],"wp:attachment":[{"href":"https:\/\/www.metrica.it\/es\/wp-json\/wp\/v2\/media?parent=156546"}],"wp:term":[{"taxonomy":"product_cat","embeddable":true,"href":"https:\/\/www.metrica.it\/es\/wp-json\/wp\/v2\/product_cat?post=156546"},{"taxonomy":"product_tag","embeddable":true,"href":"https:\/\/www.metrica.it\/es\/wp-json\/wp\/v2\/product_tag?post=156546"}],"curies":[{"name":"wp","href":"https:\/\/api.w.org\/{rel}","templated":true}]}}