{"id":156684,"date":"2025-02-02T13:03:57","date_gmt":"2025-02-02T12:03:57","guid":{"rendered":"https:\/\/www.metrica.it\/prodotto\/300-zoom-5\/"},"modified":"2025-02-03T15:39:25","modified_gmt":"2025-02-03T14:39:25","slug":"300-zoom-5","status":"publish","type":"product","link":"https:\/\/www.metrica.it\/es\/producto\/300-zoom-5\/","title":{"rendered":"300 ZOOM"},"content":{"rendered":"<ul>\n<li> C\u00e1mara de hasta 300 m<\/li>\n<li>Zoom 4x y visor de punter\u00eda<\/li>\n<li>Fotos con mediciones<\/li>\n<li>Grabaci\u00f3n en pantalla con medici\u00f3n grabada<\/li>\n<li>Memoria de 100 fotos con mediciones<\/li>\n<li>Funci\u00f3n exclusiva HSA (Asistente de sonido horizontal)<\/li>\n<li>Inclin\u00f3metro horizontal\/vertical con pantalla<\/li>\n<li>Funci\u00f3n punto a punto: proporciona distancias desde 2 puntos orizontales<\/li>\n<li>Precisi\u00f3n \u00b1 2 mm<\/li>\n<li>IP 65<\/li>\n<li>Bateria recargable por calbe o a induccion<\/li>\n<li>\u00c1rea, cilindro y volumen del cilindro; Funci\u00f3n tri\u00e1ngulo-trapecio<\/li>\n<li>Rotaci\u00f3n de la pantalla<\/li>\n<li>Rosca de 1\/4\u201d para conexi\u00f3n a tr\u00edpode<\/li>\n<li>5 funciones Pit\u00e1goras<\/li>\n<li>Elecci\u00f3n entre pantalla en blanco y negro<\/li>\n<\/ul>\n","protected":false},"excerpt":{"rendered":"<p> C\u00e1mara de hasta 300 m <br \/>Zoom 4x y visor de punter\u00eda <br \/>Fotos con mediciones <br \/>Grabaci\u00f3n en pantalla con medici\u00f3n grabada <br \/>Memoria de 100 fotos con mediciones <br \/>Funci\u00f3n exclusiva HSA (Asistente de sonido horizontal) <br \/>Inclin\u00f3metro horizontal\/vertical con pantalla <br \/>Funci\u00f3n punto a punto: proporciona distancias desde 2 puntos orizontales <br \/>Precisi\u00f3n \u00b1 2 mm <br \/>IP 65 <br \/>Bateria recargable por calbe o a induccion <br \/>\u00c1rea, cilindro y volumen del cilindro; Funci\u00f3n tri\u00e1ngulo-trapecio <br \/>Rotaci\u00f3n de la pantalla <br \/>Rosca de 1\/4\u201d para conexi\u00f3n a tr\u00edpode <br \/>5 funciones Pit\u00e1goras <br \/>Elecci\u00f3n entre pantalla en blanco y negro <\/p>\n","protected":false},"featured_media":156670,"template":"","meta":[],"product_cat":[517,528],"product_tag":[],"class_list":{"0":"post-156684","1":"product","2":"type-product","3":"status-publish","4":"has-post-thumbnail","6":"product_cat-laser-y-termocamaras","7":"product_cat-medidores-de-distancia-laser","9":"first","10":"instock","11":"sold-individually","12":"product-type-simple"},"yoast_head":"<title>300 ZOOM - Metrica<\/title>\n<meta name=\"robots\" content=\"index, follow, max-snippet:-1, max-image-preview:large, max-video-preview:-1\" \/>\n<link rel=\"canonical\" href=\"https:\/\/www.metrica.it\/es\/producto\/300-zoom-5\/\" \/>\n<meta property=\"og:locale\" content=\"es_ES\" \/>\n<meta property=\"og:type\" content=\"article\" \/>\n<meta property=\"og:title\" content=\"300 ZOOM - Metrica\" \/>\n<meta property=\"og:description\" content=\"C\u00e1mara de hasta 300 m Zoom 4x y visor de punter\u00eda Fotos con mediciones Grabaci\u00f3n en pantalla con medici\u00f3n grabada Memoria de 100 fotos con mediciones Funci\u00f3n exclusiva HSA (Asistente de sonido horizontal) Inclin\u00f3metro horizontal\/vertical con pantalla Funci\u00f3n punto a punto: proporciona distancias desde 2 puntos orizontales Precisi\u00f3n \u00b1 2 mm IP 65 Bateria recargable por calbe o a induccion \u00c1rea, cilindro y volumen del cilindro; Funci\u00f3n tri\u00e1ngulo-trapecio Rotaci\u00f3n de la pantalla Rosca de 1\/4\u201d para conexi\u00f3n a tr\u00edpode 5 funciones Pit\u00e1goras Elecci\u00f3n entre pantalla en blanco y negro\" \/>\n<meta property=\"og:url\" content=\"https:\/\/www.metrica.it\/es\/producto\/300-zoom-5\/\" \/>\n<meta property=\"og:site_name\" content=\"Metrica\" \/>\n<meta property=\"article:modified_time\" content=\"2025-02-03T14:39:25+00:00\" \/>\n<meta property=\"og:image\" content=\"https:\/\/www.metrica.it\/wp-content\/uploads\/2025\/02\/61270.jpg\" \/>\n\t<meta property=\"og:image:width\" content=\"1200\" \/>\n\t<meta property=\"og:image:height\" content=\"1200\" \/>\n\t<meta property=\"og:image:type\" content=\"image\/jpeg\" \/>\n<meta name=\"twitter:card\" content=\"summary_large_image\" \/>\n<meta name=\"twitter:label1\" content=\"Tiempo de lectura\" \/>\n\t<meta name=\"twitter:data1\" content=\"1 minuto\" \/>\n<script type=\"application\/ld+json\" class=\"yoast-schema-graph\">{\"@context\":\"https:\\\/\\\/schema.org\",\"@graph\":[{\"@type\":\"WebPage\",\"@id\":\"https:\\\/\\\/www.metrica.it\\\/es\\\/producto\\\/300-zoom-5\\\/\",\"url\":\"https:\\\/\\\/www.metrica.it\\\/es\\\/producto\\\/300-zoom-5\\\/\",\"name\":\"300 ZOOM - Metrica\",\"isPartOf\":{\"@id\":\"https:\\\/\\\/www.metrica.it\\\/es\\\/#website\"},\"primaryImageOfPage\":{\"@id\":\"https:\\\/\\\/www.metrica.it\\\/es\\\/producto\\\/300-zoom-5\\\/#primaryimage\"},\"image\":{\"@id\":\"https:\\\/\\\/www.metrica.it\\\/es\\\/producto\\\/300-zoom-5\\\/#primaryimage\"},\"thumbnailUrl\":\"https:\\\/\\\/www.metrica.it\\\/wp-content\\\/uploads\\\/2025\\\/02\\\/61270.jpg\",\"datePublished\":\"2025-02-02T12:03:57+00:00\",\"dateModified\":\"2025-02-03T14:39:25+00:00\",\"breadcrumb\":{\"@id\":\"https:\\\/\\\/www.metrica.it\\\/es\\\/producto\\\/300-zoom-5\\\/#breadcrumb\"},\"inLanguage\":\"es\",\"potentialAction\":[{\"@type\":\"ReadAction\",\"target\":[\"https:\\\/\\\/www.metrica.it\\\/es\\\/producto\\\/300-zoom-5\\\/\"]}]},{\"@type\":\"ImageObject\",\"inLanguage\":\"es\",\"@id\":\"https:\\\/\\\/www.metrica.it\\\/es\\\/producto\\\/300-zoom-5\\\/#primaryimage\",\"url\":\"https:\\\/\\\/www.metrica.it\\\/wp-content\\\/uploads\\\/2025\\\/02\\\/61270.jpg\",\"contentUrl\":\"https:\\\/\\\/www.metrica.it\\\/wp-content\\\/uploads\\\/2025\\\/02\\\/61270.jpg\",\"width\":1200,\"height\":1200},{\"@type\":\"BreadcrumbList\",\"@id\":\"https:\\\/\\\/www.metrica.it\\\/es\\\/producto\\\/300-zoom-5\\\/#breadcrumb\",\"itemListElement\":[{\"@type\":\"ListItem\",\"position\":1,\"name\":\"Home\",\"item\":\"https:\\\/\\\/www.metrica.it\\\/es\\\/\"},{\"@type\":\"ListItem\",\"position\":2,\"name\":\"Cat\u00e1logo\",\"item\":\"https:\\\/\\\/www.metrica.it\\\/es\\\/catalogo-es\\\/\"},{\"@type\":\"ListItem\",\"position\":3,\"name\":\"300 ZOOM\"}]},{\"@type\":\"WebSite\",\"@id\":\"https:\\\/\\\/www.metrica.it\\\/es\\\/#website\",\"url\":\"https:\\\/\\\/www.metrica.it\\\/es\\\/\",\"name\":\"Metrica\",\"description\":\"Made to measure\",\"potentialAction\":[{\"@type\":\"SearchAction\",\"target\":{\"@type\":\"EntryPoint\",\"urlTemplate\":\"https:\\\/\\\/www.metrica.it\\\/es\\\/?s={search_term_string}\"},\"query-input\":{\"@type\":\"PropertyValueSpecification\",\"valueRequired\":true,\"valueName\":\"search_term_string\"}}],\"inLanguage\":\"es\"}]}<\/script>","yoast_head_json":{"title":"300 ZOOM - Metrica","robots":{"index":"index","follow":"follow","max-snippet":"max-snippet:-1","max-image-preview":"max-image-preview:large","max-video-preview":"max-video-preview:-1"},"canonical":"https:\/\/www.metrica.it\/es\/producto\/300-zoom-5\/","og_locale":"es_ES","og_type":"article","og_title":"300 ZOOM - Metrica","og_description":"C\u00e1mara de hasta 300 m Zoom 4x y visor de punter\u00eda Fotos con mediciones Grabaci\u00f3n en pantalla con medici\u00f3n grabada Memoria de 100 fotos con mediciones Funci\u00f3n exclusiva HSA (Asistente de sonido horizontal) Inclin\u00f3metro horizontal\/vertical con pantalla Funci\u00f3n punto a punto: proporciona distancias desde 2 puntos orizontales Precisi\u00f3n \u00b1 2 mm IP 65 Bateria recargable por calbe o a induccion \u00c1rea, cilindro y volumen del cilindro; Funci\u00f3n tri\u00e1ngulo-trapecio Rotaci\u00f3n de la pantalla Rosca de 1\/4\u201d para conexi\u00f3n a tr\u00edpode 5 funciones Pit\u00e1goras Elecci\u00f3n entre pantalla en blanco y negro","og_url":"https:\/\/www.metrica.it\/es\/producto\/300-zoom-5\/","og_site_name":"Metrica","article_modified_time":"2025-02-03T14:39:25+00:00","og_image":[{"width":1200,"height":1200,"url":"https:\/\/www.metrica.it\/wp-content\/uploads\/2025\/02\/61270.jpg","type":"image\/jpeg"}],"twitter_card":"summary_large_image","twitter_misc":{"Tiempo de lectura":"1 minuto"},"schema":{"@context":"https:\/\/schema.org","@graph":[{"@type":"WebPage","@id":"https:\/\/www.metrica.it\/es\/producto\/300-zoom-5\/","url":"https:\/\/www.metrica.it\/es\/producto\/300-zoom-5\/","name":"300 ZOOM - Metrica","isPartOf":{"@id":"https:\/\/www.metrica.it\/es\/#website"},"primaryImageOfPage":{"@id":"https:\/\/www.metrica.it\/es\/producto\/300-zoom-5\/#primaryimage"},"image":{"@id":"https:\/\/www.metrica.it\/es\/producto\/300-zoom-5\/#primaryimage"},"thumbnailUrl":"https:\/\/www.metrica.it\/wp-content\/uploads\/2025\/02\/61270.jpg","datePublished":"2025-02-02T12:03:57+00:00","dateModified":"2025-02-03T14:39:25+00:00","breadcrumb":{"@id":"https:\/\/www.metrica.it\/es\/producto\/300-zoom-5\/#breadcrumb"},"inLanguage":"es","potentialAction":[{"@type":"ReadAction","target":["https:\/\/www.metrica.it\/es\/producto\/300-zoom-5\/"]}]},{"@type":"ImageObject","inLanguage":"es","@id":"https:\/\/www.metrica.it\/es\/producto\/300-zoom-5\/#primaryimage","url":"https:\/\/www.metrica.it\/wp-content\/uploads\/2025\/02\/61270.jpg","contentUrl":"https:\/\/www.metrica.it\/wp-content\/uploads\/2025\/02\/61270.jpg","width":1200,"height":1200},{"@type":"BreadcrumbList","@id":"https:\/\/www.metrica.it\/es\/producto\/300-zoom-5\/#breadcrumb","itemListElement":[{"@type":"ListItem","position":1,"name":"Home","item":"https:\/\/www.metrica.it\/es\/"},{"@type":"ListItem","position":2,"name":"Cat\u00e1logo","item":"https:\/\/www.metrica.it\/es\/catalogo-es\/"},{"@type":"ListItem","position":3,"name":"300 ZOOM"}]},{"@type":"WebSite","@id":"https:\/\/www.metrica.it\/es\/#website","url":"https:\/\/www.metrica.it\/es\/","name":"Metrica","description":"Made to measure","potentialAction":[{"@type":"SearchAction","target":{"@type":"EntryPoint","urlTemplate":"https:\/\/www.metrica.it\/es\/?s={search_term_string}"},"query-input":{"@type":"PropertyValueSpecification","valueRequired":true,"valueName":"search_term_string"}}],"inLanguage":"es"}]}},"meta_box":{"awr_documentation":[{"filesize":1653524,"ID":"156669","name":"61270.pdf","path":"\/var\/www\/html\/wp-content\/uploads\/2025\/02\/61270.pdf","url":"https:\/\/www.metrica.it\/wp-content\/uploads\/2025\/02\/61270.pdf","title":"61270.pdf"}],"awr_manuale":[],"awr_scheda_tecnica":"<table>\n<tr>\n<td>Alcance<\/td>\n<td>0,2-300 m<\/td>\n<\/tr>\n<tr>\n<td>Precisi\u00f3n<\/td>\n<td>+\/- (2,0 mm+5x10-5 D)<\/td>\n<\/tr>\n<tr>\n<td>HSA Technology<\/td>\n<td> s\u00ed<\/td>\n<\/tr>\n<tr>\n<td>Medida individual <\/td>\n<td> s\u00ed<\/td>\n<\/tr>\n<tr>\n<td>Medici\u00f3n continua<\/td>\n<td> s\u00ed<\/td>\n<\/tr>\n<tr>\n<td>\u00c1rea<\/td>\n<td> s\u00ed<\/td>\n<\/tr>\n<tr>\n<td>Volumen<\/td>\n<td> s\u00ed<\/td>\n<\/tr>\n<tr>\n<td>Pit\u00e1goras <\/td>\n<td> s\u00ed<\/td>\n<\/tr>\n<tr>\n<td>Nivel autom\u00e1tico<\/td>\n<td> s\u00ed<\/td>\n<\/tr>\n<tr>\n<td>Altura autom\u00e1tica<\/td>\n<td> s\u00ed<\/td>\n<\/tr>\n<tr>\n<td>Punto a punto (P2P) <\/td>\n<td> s\u00ed<\/td>\n<\/tr>\n<tr>\n<td>Trapecio <\/td>\n<td> s\u00ed<\/td>\n<\/tr>\n<tr>\n<td>Tri\u00e1ngulo <\/td>\n<td> s\u00ed<\/td>\n<\/tr>\n<tr>\n<td>Volumen cil\u00edndrico <\/td>\n<td> s\u00ed<\/td>\n<\/tr>\n<tr>\n<td>Funci\u00f3n paso a paso <\/td>\n<td> s\u00ed<\/td>\n<\/tr>\n<tr>\n<td>Medici\u00f3n retardada<\/td>\n<td> s\u00ed<\/td>\n<\/tr>\n<tr>\n<td>C\u00e1mara de buscador de puntos <\/td>\n<td> s\u00ed<\/td>\n<\/tr>\n<tr>\n<td>Ajuste constante <\/td>\n<td> s\u00ed<\/td>\n<\/tr>\n<tr>\n<td>Suma\/resta<\/td>\n<td> s\u00ed<\/td>\n<\/tr>\n<tr>\n<td>Sensor de inclinaci\u00f3n <\/td>\n<td> s\u00ed<\/td>\n<\/tr>\n<tr>\n<td>Carga inal\u00e1mbrica<\/td>\n<td> s\u00ed<\/td>\n<\/tr>\n<tr>\n<td>Rotaci\u00f3n de pantalla<\/td>\n<td> s\u00ed<\/td>\n<\/tr>\n<tr>\n<td>Pantalla a color HD de 3\u201d <\/td>\n<td> s\u00ed<\/td>\n<\/tr>\n<tr>\n<td>Brillo de pantalla interior\/exterior <\/td>\n<td> s\u00ed<\/td>\n<\/tr>\n<tr>\n<td>Interfaz USB Micro USB <\/td>\n<td> s\u00ed<\/td>\n<\/tr>\n<tr>\n<td>Almacenamiento <\/td>\n<td>de 100 capturas<\/td>\n<\/tr>\n<tr>\n<td>Memoria <\/td>\n<td>1000 medidas<\/td>\n<\/tr>\n<tr>\n<td>Medida de referencia: sup\/inf\/tr\u00edpode<\/td>\n<td> s\u00ed<\/td>\n<\/tr>\n<tr>\n<td>Unidad m\/ft\/in\/ft+in\/mm<\/td>\n<td> s\u00ed<\/td>\n<\/tr>\n<tr>\n<td>Apagado autom\u00e1tico <\/td>\n<td>despu\u00e9s de 180 s de inactividad<\/td>\n<\/tr>\n<tr>\n<td>Clase de protecci\u00f3n<\/td>\n<td> IP65<\/td>\n<\/tr>\n<tr>\n<td>Clase de l\u00e1ser <\/td>\n<td>Clase 2<\/td>\n<\/tr>\n<tr>\n<td>Tipo de l\u00e1ser <\/td>\n<td>630-670nm, &lt;1mw<\/td>\n<\/tr>\n<tr>\n<td>Pilas <\/td>\n<td>3* AAA NI-MH recargables<\/td>\n<\/tr>\n<tr>\n<td>Temperatura de funcionamiento <\/td>\n<td>0 C~+40 C (32 F~+104 F)<\/td>\n<\/tr>\n<tr>\n<td>Dimensiones mm <\/td>\n<td>130x54x28<\/td>\n<\/tr>\n<tr>\n<td>Peso con bater\u00eda <\/td>\n<td>190 g<\/td>\n<\/tr>\n<\/table>\n","awr_youtube_video":"https:\/\/www.youtube.com\/embed\/uZZK-K9vwjc","awr_classe_prodotto":"","awr_customize_product":"0","awr_custom_image":false,"awr_related_products":[{"awr_product_references":"ref:61270|l:0,05 - 300 m|ean:8001066612703|pack:1"}],"awr_consumabili":"","awr_alternativi":"61190,6126","awr_aliases":"61270","awr_skuid":"61270-it"},"_links":{"self":[{"href":"https:\/\/www.metrica.it\/es\/wp-json\/wp\/v2\/product\/156684","targetHints":{"allow":["GET"]}}],"collection":[{"href":"https:\/\/www.metrica.it\/es\/wp-json\/wp\/v2\/product"}],"about":[{"href":"https:\/\/www.metrica.it\/es\/wp-json\/wp\/v2\/types\/product"}],"wp:featuredmedia":[{"embeddable":true,"href":"https:\/\/www.metrica.it\/es\/wp-json\/wp\/v2\/media\/156670"}],"wp:attachment":[{"href":"https:\/\/www.metrica.it\/es\/wp-json\/wp\/v2\/media?parent=156684"}],"wp:term":[{"taxonomy":"product_cat","embeddable":true,"href":"https:\/\/www.metrica.it\/es\/wp-json\/wp\/v2\/product_cat?post=156684"},{"taxonomy":"product_tag","embeddable":true,"href":"https:\/\/www.metrica.it\/es\/wp-json\/wp\/v2\/product_tag?post=156684"}],"curies":[{"name":"wp","href":"https:\/\/api.w.org\/{rel}","templated":true}]}}