{"id":156710,"date":"2025-02-02T13:04:56","date_gmt":"2025-02-02T12:04:56","guid":{"rendered":"https:\/\/www.metrica.it\/prodotto\/alu60-5\/"},"modified":"2025-02-02T13:05:21","modified_gmt":"2025-02-02T12:05:21","slug":"alu60-5","status":"publish","type":"product","link":"https:\/\/www.metrica.it\/es\/producto\/alu60-5\/","title":{"rendered":"ALU60"},"content":{"rendered":"<ul>\n<li>Carcasa de aluminio<\/li>\n<li>Pantalla horizontal y d\u00edgitos grandes<\/li>\n<li>Pantalla blanca de alta visibilidad<\/li>\n<li>Funci\u00f3n de medici\u00f3n continua, con m\u00e1x \/ m\u00edn valores siempre visibles<\/li>\n<li>Funci\u00f3n de pintor<\/li>\n<li>4 funciones pit\u00e1goras<\/li>\n<li>Bater\u00eda recargable incorporada, USB-C<\/li>\n<li>Ligero, robusto y de bolsillo<\/li>\n<\/ul>\n","protected":false},"excerpt":{"rendered":"<p>Carcasa de aluminio <br \/>Pantalla horizontal y d\u00edgitos grandes <br \/>Pantalla blanca de alta visibilidad <br \/>Funci\u00f3n de medici\u00f3n continua, con m\u00e1x \/ m\u00edn valores siempre visibles <br \/>Funci\u00f3n de pintor <br \/>4 funciones pit\u00e1goras <br \/>Bater\u00eda recargable incorporada, USB-C <br \/>Ligero, robusto y de bolsillo <\/p>\n","protected":false},"featured_media":156701,"template":"","meta":[],"product_cat":[517,528],"product_tag":[],"class_list":{"0":"post-156710","1":"product","2":"type-product","3":"status-publish","4":"has-post-thumbnail","6":"product_cat-laser-y-termocamaras","7":"product_cat-medidores-de-distancia-laser","9":"first","10":"instock","11":"sold-individually","12":"product-type-simple"},"yoast_head":"<title>ALU60 - Metrica<\/title>\n<meta name=\"robots\" content=\"index, follow, max-snippet:-1, max-image-preview:large, max-video-preview:-1\" \/>\n<link rel=\"canonical\" href=\"https:\/\/www.metrica.it\/es\/producto\/alu60-5\/\" \/>\n<meta property=\"og:locale\" content=\"es_ES\" \/>\n<meta property=\"og:type\" content=\"article\" \/>\n<meta property=\"og:title\" content=\"ALU60 - Metrica\" \/>\n<meta property=\"og:description\" content=\"Carcasa de aluminio Pantalla horizontal y d\u00edgitos grandes Pantalla blanca de alta visibilidad Funci\u00f3n de medici\u00f3n continua, con m\u00e1x \/ m\u00edn valores siempre visibles Funci\u00f3n de pintor 4 funciones pit\u00e1goras Bater\u00eda recargable incorporada, USB-C Ligero, robusto y de bolsillo\" \/>\n<meta property=\"og:url\" content=\"https:\/\/www.metrica.it\/es\/producto\/alu60-5\/\" \/>\n<meta property=\"og:site_name\" content=\"Metrica\" \/>\n<meta property=\"article:modified_time\" content=\"2025-02-02T12:05:21+00:00\" \/>\n<meta property=\"og:image\" content=\"https:\/\/www.metrica.it\/wp-content\/uploads\/2025\/02\/61661.jpg\" \/>\n\t<meta property=\"og:image:width\" content=\"1200\" \/>\n\t<meta property=\"og:image:height\" content=\"1200\" \/>\n\t<meta property=\"og:image:type\" content=\"image\/jpeg\" \/>\n<meta name=\"twitter:card\" content=\"summary_large_image\" \/>\n<script type=\"application\/ld+json\" class=\"yoast-schema-graph\">{\"@context\":\"https:\\\/\\\/schema.org\",\"@graph\":[{\"@type\":\"WebPage\",\"@id\":\"https:\\\/\\\/www.metrica.it\\\/es\\\/producto\\\/alu60-5\\\/\",\"url\":\"https:\\\/\\\/www.metrica.it\\\/es\\\/producto\\\/alu60-5\\\/\",\"name\":\"ALU60 - Metrica\",\"isPartOf\":{\"@id\":\"https:\\\/\\\/www.metrica.it\\\/es\\\/#website\"},\"primaryImageOfPage\":{\"@id\":\"https:\\\/\\\/www.metrica.it\\\/es\\\/producto\\\/alu60-5\\\/#primaryimage\"},\"image\":{\"@id\":\"https:\\\/\\\/www.metrica.it\\\/es\\\/producto\\\/alu60-5\\\/#primaryimage\"},\"thumbnailUrl\":\"https:\\\/\\\/www.metrica.it\\\/wp-content\\\/uploads\\\/2025\\\/02\\\/61661.jpg\",\"datePublished\":\"2025-02-02T12:04:56+00:00\",\"dateModified\":\"2025-02-02T12:05:21+00:00\",\"breadcrumb\":{\"@id\":\"https:\\\/\\\/www.metrica.it\\\/es\\\/producto\\\/alu60-5\\\/#breadcrumb\"},\"inLanguage\":\"es\",\"potentialAction\":[{\"@type\":\"ReadAction\",\"target\":[\"https:\\\/\\\/www.metrica.it\\\/es\\\/producto\\\/alu60-5\\\/\"]}]},{\"@type\":\"ImageObject\",\"inLanguage\":\"es\",\"@id\":\"https:\\\/\\\/www.metrica.it\\\/es\\\/producto\\\/alu60-5\\\/#primaryimage\",\"url\":\"https:\\\/\\\/www.metrica.it\\\/wp-content\\\/uploads\\\/2025\\\/02\\\/61661.jpg\",\"contentUrl\":\"https:\\\/\\\/www.metrica.it\\\/wp-content\\\/uploads\\\/2025\\\/02\\\/61661.jpg\",\"width\":1200,\"height\":1200},{\"@type\":\"BreadcrumbList\",\"@id\":\"https:\\\/\\\/www.metrica.it\\\/es\\\/producto\\\/alu60-5\\\/#breadcrumb\",\"itemListElement\":[{\"@type\":\"ListItem\",\"position\":1,\"name\":\"Home\",\"item\":\"https:\\\/\\\/www.metrica.it\\\/es\\\/\"},{\"@type\":\"ListItem\",\"position\":2,\"name\":\"Cat\u00e1logo\",\"item\":\"https:\\\/\\\/www.metrica.it\\\/es\\\/catalogo-es\\\/\"},{\"@type\":\"ListItem\",\"position\":3,\"name\":\"ALU60\"}]},{\"@type\":\"WebSite\",\"@id\":\"https:\\\/\\\/www.metrica.it\\\/es\\\/#website\",\"url\":\"https:\\\/\\\/www.metrica.it\\\/es\\\/\",\"name\":\"Metrica\",\"description\":\"Made to measure\",\"potentialAction\":[{\"@type\":\"SearchAction\",\"target\":{\"@type\":\"EntryPoint\",\"urlTemplate\":\"https:\\\/\\\/www.metrica.it\\\/es\\\/?s={search_term_string}\"},\"query-input\":{\"@type\":\"PropertyValueSpecification\",\"valueRequired\":true,\"valueName\":\"search_term_string\"}}],\"inLanguage\":\"es\"}]}<\/script>","yoast_head_json":{"title":"ALU60 - Metrica","robots":{"index":"index","follow":"follow","max-snippet":"max-snippet:-1","max-image-preview":"max-image-preview:large","max-video-preview":"max-video-preview:-1"},"canonical":"https:\/\/www.metrica.it\/es\/producto\/alu60-5\/","og_locale":"es_ES","og_type":"article","og_title":"ALU60 - Metrica","og_description":"Carcasa de aluminio Pantalla horizontal y d\u00edgitos grandes Pantalla blanca de alta visibilidad Funci\u00f3n de medici\u00f3n continua, con m\u00e1x \/ m\u00edn valores siempre visibles Funci\u00f3n de pintor 4 funciones pit\u00e1goras Bater\u00eda recargable incorporada, USB-C Ligero, robusto y de bolsillo","og_url":"https:\/\/www.metrica.it\/es\/producto\/alu60-5\/","og_site_name":"Metrica","article_modified_time":"2025-02-02T12:05:21+00:00","og_image":[{"width":1200,"height":1200,"url":"https:\/\/www.metrica.it\/wp-content\/uploads\/2025\/02\/61661.jpg","type":"image\/jpeg"}],"twitter_card":"summary_large_image","schema":{"@context":"https:\/\/schema.org","@graph":[{"@type":"WebPage","@id":"https:\/\/www.metrica.it\/es\/producto\/alu60-5\/","url":"https:\/\/www.metrica.it\/es\/producto\/alu60-5\/","name":"ALU60 - Metrica","isPartOf":{"@id":"https:\/\/www.metrica.it\/es\/#website"},"primaryImageOfPage":{"@id":"https:\/\/www.metrica.it\/es\/producto\/alu60-5\/#primaryimage"},"image":{"@id":"https:\/\/www.metrica.it\/es\/producto\/alu60-5\/#primaryimage"},"thumbnailUrl":"https:\/\/www.metrica.it\/wp-content\/uploads\/2025\/02\/61661.jpg","datePublished":"2025-02-02T12:04:56+00:00","dateModified":"2025-02-02T12:05:21+00:00","breadcrumb":{"@id":"https:\/\/www.metrica.it\/es\/producto\/alu60-5\/#breadcrumb"},"inLanguage":"es","potentialAction":[{"@type":"ReadAction","target":["https:\/\/www.metrica.it\/es\/producto\/alu60-5\/"]}]},{"@type":"ImageObject","inLanguage":"es","@id":"https:\/\/www.metrica.it\/es\/producto\/alu60-5\/#primaryimage","url":"https:\/\/www.metrica.it\/wp-content\/uploads\/2025\/02\/61661.jpg","contentUrl":"https:\/\/www.metrica.it\/wp-content\/uploads\/2025\/02\/61661.jpg","width":1200,"height":1200},{"@type":"BreadcrumbList","@id":"https:\/\/www.metrica.it\/es\/producto\/alu60-5\/#breadcrumb","itemListElement":[{"@type":"ListItem","position":1,"name":"Home","item":"https:\/\/www.metrica.it\/es\/"},{"@type":"ListItem","position":2,"name":"Cat\u00e1logo","item":"https:\/\/www.metrica.it\/es\/catalogo-es\/"},{"@type":"ListItem","position":3,"name":"ALU60"}]},{"@type":"WebSite","@id":"https:\/\/www.metrica.it\/es\/#website","url":"https:\/\/www.metrica.it\/es\/","name":"Metrica","description":"Made to measure","potentialAction":[{"@type":"SearchAction","target":{"@type":"EntryPoint","urlTemplate":"https:\/\/www.metrica.it\/es\/?s={search_term_string}"},"query-input":{"@type":"PropertyValueSpecification","valueRequired":true,"valueName":"search_term_string"}}],"inLanguage":"es"}]}},"meta_box":{"awr_documentation":[{"filesize":9819033,"ID":"156699","name":"61661.pdf","path":"\/var\/www\/html\/wp-content\/uploads\/2025\/02\/61661.pdf","url":"https:\/\/www.metrica.it\/wp-content\/uploads\/2025\/02\/61661.pdf","title":"61661.pdf"}],"awr_manuale":[],"awr_scheda_tecnica":"<table>\n<tr>\n<td>Rango de trabajo<\/td>\n<td>0.05-60m<\/td>\n<\/tr>\n<tr>\n<td>Precisi\u00f3n <\/td>\n<td>\u00b1 (2mm+d * 1\/10000)<\/td>\n<\/tr>\n<tr>\n<td>Medici\u00f3n continua<\/td>\n<td> s\u00ed<\/td>\n<\/tr>\n<tr>\n<td>Medici\u00f3n de superficie\/volumen<\/td>\n<td> s\u00ed<\/td>\n<\/tr>\n<tr>\n<td>Pit\u00e1goras<\/td>\n<td> s\u00ed<\/td>\n<\/tr>\n<tr>\n<td>M\u00ednimo\/m\u00e1ximo<\/td>\n<td> s\u00ed<\/td>\n<\/tr>\n<tr>\n<td>Autocalibraci\u00f3n<\/td>\n<td> s\u00ed<\/td>\n<\/tr>\n<tr>\n<td>L\u00e1ser clase<\/td>\n<td> II<\/td>\n<\/tr>\n<tr>\n<td>Tipo de l\u00e1ser<\/td>\n<td> 630-670nm, &lt;1mW<\/td>\n<\/tr>\n<tr>\n<td>Apagado autom\u00e1tico del diodo<\/td>\n<td> 20s<\/td>\n<\/tr>\n<tr>\n<td>El aparato se apaga despu\u00e9s de<\/td>\n<td>150s<\/td>\n<\/tr>\n<tr>\n<td>Duraci\u00f3n de la bater\u00eda<\/td>\n<td>8000 mediciones<\/td>\n<\/tr>\n<tr>\n<td>Bip<\/td>\n<td> s\u00ed<\/td>\n<\/tr>\n<tr>\n<td>Temperatura de almacenamiento<\/td>\n<td>-20\u00b0C~60\u00b0C<\/td>\n<\/tr>\n<tr>\n<td>Temperatura de funcionamiento<\/td>\n<td>0\u00b0C~40\u00b0C<\/td>\n<\/tr>\n<tr>\n<td>Humedad m\u00e1xima <\/td>\n<td>20%~80% RH<\/td>\n<\/tr>\n<tr>\n<td>Pilas<\/td>\n<td>Ion-Li 3,7V 850mAh<\/td>\n<\/tr>\n<tr>\n<td>Dimensiones <\/td>\n<td>104 x 43 x 25.5 mm<\/td>\n<\/tr>\n<\/table>\n","awr_youtube_video":"","awr_classe_prodotto":"","awr_customize_product":"1","awr_custom_image":{"width":96,"height":96,"file":"2025\/02\/61661_06.jpg","filesize":562948,"sizes":{"hongo-product-icon-image":{"file":"61661_06-64x64.jpg","width":64,"height":64,"mime-type":"image\/jpeg","filesize":31776,"url":"https:\/\/www.metrica.it\/wp-content\/uploads\/2025\/02\/61661_06-64x64.jpg"},"hongo-product-small-image":{"file":"61661_06-84x84.jpg","width":84,"height":84,"mime-type":"image\/jpeg","filesize":32324,"url":"https:\/\/www.metrica.it\/wp-content\/uploads\/2025\/02\/61661_06-84x84.jpg"},"hongo-medium-image":{"file":"61661_06-450x450.jpg","width":450,"height":450,"mime-type":"image\/jpeg","filesize":63908,"url":"https:\/\/www.metrica.it\/wp-content\/uploads\/2025\/02\/61661_06-450x450.jpg"},"post-thumbnail":{"file":"61661_06-790x790.jpg","width":790,"height":790,"mime-type":"image\/jpeg","filesize":109291,"url":"https:\/\/www.metrica.it\/wp-content\/uploads\/2025\/02\/61661_06-790x790.jpg"},"dgwt-wcas-product-suggestion":{"file":"61661_06-64x64.jpg","width":64,"height":64,"mime-type":"image\/jpeg","filesize":31776,"url":"https:\/\/www.metrica.it\/wp-content\/uploads\/2025\/02\/61661_06-64x64.jpg"},"hongo-shop-image":{"file":"61661_06-660x660.jpg","width":660,"height":660,"mime-type":"image\/jpeg","filesize":91273,"url":"https:\/\/www.metrica.it\/wp-content\/uploads\/2025\/02\/61661_06-660x660.jpg"}},"image_meta":{"aperture":"0","credit":"","camera":"","caption":"","created_timestamp":"0","copyright":"","focal_length":"0","iso":"0","shutter_speed":"0","title":"","orientation":"1","keywords":[]},"ID":"156700","name":"61661_06.jpg","path":"\/var\/www\/html\/wp-content\/uploads\/2025\/02\/61661_06.jpg","url":"https:\/\/www.metrica.it\/wp-content\/uploads\/2025\/02\/61661_06.jpg","full_url":"https:\/\/www.metrica.it\/wp-content\/uploads\/2025\/02\/61661_06.jpg","title":"61661_06.jpg","caption":"","description":"","alt":"","srcset":"https:\/\/www.metrica.it\/wp-content\/uploads\/2025\/02\/61661_06.jpg 1200w, https:\/\/www.metrica.it\/wp-content\/uploads\/2025\/02\/61661_06-64x64.jpg 64w, https:\/\/www.metrica.it\/wp-content\/uploads\/2025\/02\/61661_06-84x84.jpg 84w, https:\/\/www.metrica.it\/wp-content\/uploads\/2025\/02\/61661_06-450x450.jpg 450w, https:\/\/www.metrica.it\/wp-content\/uploads\/2025\/02\/61661_06-790x790.jpg 790w, https:\/\/www.metrica.it\/wp-content\/uploads\/2025\/02\/61661_06-660x660.jpg 660w"},"awr_related_products":[{"awr_product_references":"ref:61661|l:0,05 - 60 m|ean:8001066616619|pack:1"}],"awr_consumabili":"","awr_alternativi":"61160,61662,61155","awr_aliases":"61160,61662,61155,60m,disto","awr_skuid":"61661-it"},"_links":{"self":[{"href":"https:\/\/www.metrica.it\/es\/wp-json\/wp\/v2\/product\/156710","targetHints":{"allow":["GET"]}}],"collection":[{"href":"https:\/\/www.metrica.it\/es\/wp-json\/wp\/v2\/product"}],"about":[{"href":"https:\/\/www.metrica.it\/es\/wp-json\/wp\/v2\/types\/product"}],"wp:featuredmedia":[{"embeddable":true,"href":"https:\/\/www.metrica.it\/es\/wp-json\/wp\/v2\/media\/156701"}],"wp:attachment":[{"href":"https:\/\/www.metrica.it\/es\/wp-json\/wp\/v2\/media?parent=156710"}],"wp:term":[{"taxonomy":"product_cat","embeddable":true,"href":"https:\/\/www.metrica.it\/es\/wp-json\/wp\/v2\/product_cat?post=156710"},{"taxonomy":"product_tag","embeddable":true,"href":"https:\/\/www.metrica.it\/es\/wp-json\/wp\/v2\/product_tag?post=156710"}],"curies":[{"name":"wp","href":"https:\/\/api.w.org\/{rel}","templated":true}]}}