{"id":156926,"date":"2025-02-09T14:19:10","date_gmt":"2025-02-09T13:19:10","guid":{"rendered":"https:\/\/www.metrica.it\/prodotto\/receptor-laser-de-control-maquina\/"},"modified":"2025-02-09T14:19:55","modified_gmt":"2025-02-09T13:19:55","slug":"receptor-laser-de-control-maquina","status":"publish","type":"product","link":"https:\/\/www.metrica.it\/es\/producto\/receptor-laser-de-control-maquina\/","title":{"rendered":"Receptor Laser De Control M\u00e1quina"},"content":{"rendered":"<ul>\n<li>Puede utilizarse para l\u00e1seres rojos y verdes<\/li>\n<li>Permite el control de la nivelaci\u00f3n de la tierra con m\u00e1quina de movimiento de tierras<\/li>\n<li>Intercepta la se\u00f1al de cualquier l\u00e1ser rotativo<\/li>\n<li>Longitud de la barra de recibir 25 cm sobre un arco de 360\u00b0<\/li>\n<li>Diodos emisores de luz interceptan la l\u00ednea l\u00e1ser<\/li>\n<li>Con soportes de conexi\u00f3n para montar en la m\u00e1quina de movimiento de tierras<\/li>\n<li>Opci\u00f3n de doble precisi\u00f3n<\/li>\n<li>Resistente al polvo y al agua: IP 66<\/li>\n<li>Mando a distancia en la cabina<\/li>\n<li>Con cargador 220 V, cable 12 V de la bater\u00eda del veh\u00edculo, cable de conexi\u00f3n entre el receptor y el receptor a distancia<\/li>\n<li>Duraci\u00f3n de la bater\u00eda \u00b1 40 horas<\/li>\n<li>Ref. 60871 &#8211; 2 cierres de pinza (recambio)<\/li>\n<li>Ref. 60872 &#8211; 2 cierres magn\u00e9ticos (recambio)<\/li>\n<\/ul>\n","protected":false},"excerpt":{"rendered":"<p>Puede utilizarse para l\u00e1seres rojos y verdes <br \/>Permite el control de la nivelaci\u00f3n de la tierra con m\u00e1quina de movimiento de tierras <br \/>Intercepta la se\u00f1al de cualquier l\u00e1ser rotativo <br \/>Longitud de la barra de recibir 25 cm sobre un arco de 360\u00b0 <br \/>Diodos emisores de luz interceptan la l\u00ednea l\u00e1ser <br \/>Con soportes de conexi\u00f3n para montar en la m\u00e1quina de movimiento de tierras <br \/>Opci\u00f3n de doble precisi\u00f3n <br \/>Resistente al polvo y al agua: IP 66 <br \/>Mando a distancia en la cabina <br \/>Con cargador 220 V, cable 12 V de la bater\u00eda del veh\u00edculo, cable de conexi\u00f3n entre el receptor y el receptor a distancia <br \/>Duraci\u00f3n de la bater\u00eda \u00b1 40 horas <br \/>Ref. 60871 &#8211; 2 cierres de pinza (recambio) <br \/>Ref. 60872 &#8211; 2 cierres magn\u00e9ticos (recambio) <\/p>\n","protected":false},"featured_media":156915,"template":"","meta":[],"product_cat":[520,517],"product_tag":[],"class_list":{"0":"post-156926","1":"product","2":"type-product","3":"status-publish","4":"has-post-thumbnail","6":"product_cat-accesorios-de-laser-autonivelantes","7":"product_cat-laser-y-termocamaras","9":"first","10":"instock","11":"sold-individually","12":"product-type-simple"},"yoast_head":"<title>Receptor Laser De Control M\u00e1quina - Metrica<\/title>\n<meta name=\"robots\" content=\"index, follow, max-snippet:-1, max-image-preview:large, max-video-preview:-1\" \/>\n<link rel=\"canonical\" href=\"https:\/\/www.metrica.it\/es\/producto\/receptor-laser-de-control-maquina\/\" \/>\n<meta property=\"og:locale\" content=\"es_ES\" \/>\n<meta property=\"og:type\" content=\"article\" \/>\n<meta property=\"og:title\" content=\"Receptor Laser De Control M\u00e1quina - Metrica\" \/>\n<meta property=\"og:description\" content=\"Puede utilizarse para l\u00e1seres rojos y verdes Permite el control de la nivelaci\u00f3n de la tierra con m\u00e1quina de movimiento de tierras Intercepta la se\u00f1al de cualquier l\u00e1ser rotativo Longitud de la barra de recibir 25 cm sobre un arco de 360\u00b0 Diodos emisores de luz interceptan la l\u00ednea l\u00e1ser Con soportes de conexi\u00f3n para montar en la m\u00e1quina de movimiento de tierras Opci\u00f3n de doble precisi\u00f3n Resistente al polvo y al agua: IP 66 Mando a distancia en la cabina Con cargador 220 V, cable 12 V de la bater\u00eda del veh\u00edculo, cable de conexi\u00f3n entre el receptor y el receptor a distancia Duraci\u00f3n de la bater\u00eda \u00b1 40 horas Ref. 60871 - 2 cierres de pinza (recambio) Ref. 60872 - 2 cierres magn\u00e9ticos (recambio)\" \/>\n<meta property=\"og:url\" content=\"https:\/\/www.metrica.it\/es\/producto\/receptor-laser-de-control-maquina\/\" \/>\n<meta property=\"og:site_name\" content=\"Metrica\" \/>\n<meta property=\"article:modified_time\" content=\"2025-02-09T13:19:55+00:00\" \/>\n<meta property=\"og:image\" content=\"https:\/\/www.metrica.it\/wp-content\/uploads\/2025\/02\/60895.jpg\" \/>\n\t<meta property=\"og:image:width\" content=\"660\" \/>\n\t<meta property=\"og:image:height\" content=\"660\" \/>\n\t<meta property=\"og:image:type\" content=\"image\/jpeg\" \/>\n<meta name=\"twitter:card\" content=\"summary_large_image\" \/>\n<meta name=\"twitter:label1\" content=\"Tiempo de lectura\" \/>\n\t<meta name=\"twitter:data1\" content=\"1 minuto\" \/>\n<script type=\"application\/ld+json\" class=\"yoast-schema-graph\">{\"@context\":\"https:\\\/\\\/schema.org\",\"@graph\":[{\"@type\":\"WebPage\",\"@id\":\"https:\\\/\\\/www.metrica.it\\\/es\\\/producto\\\/receptor-laser-de-control-maquina\\\/\",\"url\":\"https:\\\/\\\/www.metrica.it\\\/es\\\/producto\\\/receptor-laser-de-control-maquina\\\/\",\"name\":\"Receptor Laser De Control M\u00e1quina - Metrica\",\"isPartOf\":{\"@id\":\"https:\\\/\\\/www.metrica.it\\\/es\\\/#website\"},\"primaryImageOfPage\":{\"@id\":\"https:\\\/\\\/www.metrica.it\\\/es\\\/producto\\\/receptor-laser-de-control-maquina\\\/#primaryimage\"},\"image\":{\"@id\":\"https:\\\/\\\/www.metrica.it\\\/es\\\/producto\\\/receptor-laser-de-control-maquina\\\/#primaryimage\"},\"thumbnailUrl\":\"https:\\\/\\\/www.metrica.it\\\/wp-content\\\/uploads\\\/2025\\\/02\\\/60895.jpg\",\"datePublished\":\"2025-02-09T13:19:10+00:00\",\"dateModified\":\"2025-02-09T13:19:55+00:00\",\"breadcrumb\":{\"@id\":\"https:\\\/\\\/www.metrica.it\\\/es\\\/producto\\\/receptor-laser-de-control-maquina\\\/#breadcrumb\"},\"inLanguage\":\"es\",\"potentialAction\":[{\"@type\":\"ReadAction\",\"target\":[\"https:\\\/\\\/www.metrica.it\\\/es\\\/producto\\\/receptor-laser-de-control-maquina\\\/\"]}]},{\"@type\":\"ImageObject\",\"inLanguage\":\"es\",\"@id\":\"https:\\\/\\\/www.metrica.it\\\/es\\\/producto\\\/receptor-laser-de-control-maquina\\\/#primaryimage\",\"url\":\"https:\\\/\\\/www.metrica.it\\\/wp-content\\\/uploads\\\/2025\\\/02\\\/60895.jpg\",\"contentUrl\":\"https:\\\/\\\/www.metrica.it\\\/wp-content\\\/uploads\\\/2025\\\/02\\\/60895.jpg\",\"width\":660,\"height\":660},{\"@type\":\"BreadcrumbList\",\"@id\":\"https:\\\/\\\/www.metrica.it\\\/es\\\/producto\\\/receptor-laser-de-control-maquina\\\/#breadcrumb\",\"itemListElement\":[{\"@type\":\"ListItem\",\"position\":1,\"name\":\"Home\",\"item\":\"https:\\\/\\\/www.metrica.it\\\/es\\\/\"},{\"@type\":\"ListItem\",\"position\":2,\"name\":\"Cat\u00e1logo\",\"item\":\"https:\\\/\\\/www.metrica.it\\\/es\\\/catalogo-es\\\/\"},{\"@type\":\"ListItem\",\"position\":3,\"name\":\"Receptor Laser De Control M\u00e1quina\"}]},{\"@type\":\"WebSite\",\"@id\":\"https:\\\/\\\/www.metrica.it\\\/es\\\/#website\",\"url\":\"https:\\\/\\\/www.metrica.it\\\/es\\\/\",\"name\":\"Metrica\",\"description\":\"Made to measure\",\"potentialAction\":[{\"@type\":\"SearchAction\",\"target\":{\"@type\":\"EntryPoint\",\"urlTemplate\":\"https:\\\/\\\/www.metrica.it\\\/es\\\/?s={search_term_string}\"},\"query-input\":{\"@type\":\"PropertyValueSpecification\",\"valueRequired\":true,\"valueName\":\"search_term_string\"}}],\"inLanguage\":\"es\"}]}<\/script>","yoast_head_json":{"title":"Receptor Laser De Control M\u00e1quina - Metrica","robots":{"index":"index","follow":"follow","max-snippet":"max-snippet:-1","max-image-preview":"max-image-preview:large","max-video-preview":"max-video-preview:-1"},"canonical":"https:\/\/www.metrica.it\/es\/producto\/receptor-laser-de-control-maquina\/","og_locale":"es_ES","og_type":"article","og_title":"Receptor Laser De Control M\u00e1quina - Metrica","og_description":"Puede utilizarse para l\u00e1seres rojos y verdes Permite el control de la nivelaci\u00f3n de la tierra con m\u00e1quina de movimiento de tierras Intercepta la se\u00f1al de cualquier l\u00e1ser rotativo Longitud de la barra de recibir 25 cm sobre un arco de 360\u00b0 Diodos emisores de luz interceptan la l\u00ednea l\u00e1ser Con soportes de conexi\u00f3n para montar en la m\u00e1quina de movimiento de tierras Opci\u00f3n de doble precisi\u00f3n Resistente al polvo y al agua: IP 66 Mando a distancia en la cabina Con cargador 220 V, cable 12 V de la bater\u00eda del veh\u00edculo, cable de conexi\u00f3n entre el receptor y el receptor a distancia Duraci\u00f3n de la bater\u00eda \u00b1 40 horas Ref. 60871 - 2 cierres de pinza (recambio) Ref. 60872 - 2 cierres magn\u00e9ticos (recambio)","og_url":"https:\/\/www.metrica.it\/es\/producto\/receptor-laser-de-control-maquina\/","og_site_name":"Metrica","article_modified_time":"2025-02-09T13:19:55+00:00","og_image":[{"width":660,"height":660,"url":"https:\/\/www.metrica.it\/wp-content\/uploads\/2025\/02\/60895.jpg","type":"image\/jpeg"}],"twitter_card":"summary_large_image","twitter_misc":{"Tiempo de lectura":"1 minuto"},"schema":{"@context":"https:\/\/schema.org","@graph":[{"@type":"WebPage","@id":"https:\/\/www.metrica.it\/es\/producto\/receptor-laser-de-control-maquina\/","url":"https:\/\/www.metrica.it\/es\/producto\/receptor-laser-de-control-maquina\/","name":"Receptor Laser De Control M\u00e1quina - Metrica","isPartOf":{"@id":"https:\/\/www.metrica.it\/es\/#website"},"primaryImageOfPage":{"@id":"https:\/\/www.metrica.it\/es\/producto\/receptor-laser-de-control-maquina\/#primaryimage"},"image":{"@id":"https:\/\/www.metrica.it\/es\/producto\/receptor-laser-de-control-maquina\/#primaryimage"},"thumbnailUrl":"https:\/\/www.metrica.it\/wp-content\/uploads\/2025\/02\/60895.jpg","datePublished":"2025-02-09T13:19:10+00:00","dateModified":"2025-02-09T13:19:55+00:00","breadcrumb":{"@id":"https:\/\/www.metrica.it\/es\/producto\/receptor-laser-de-control-maquina\/#breadcrumb"},"inLanguage":"es","potentialAction":[{"@type":"ReadAction","target":["https:\/\/www.metrica.it\/es\/producto\/receptor-laser-de-control-maquina\/"]}]},{"@type":"ImageObject","inLanguage":"es","@id":"https:\/\/www.metrica.it\/es\/producto\/receptor-laser-de-control-maquina\/#primaryimage","url":"https:\/\/www.metrica.it\/wp-content\/uploads\/2025\/02\/60895.jpg","contentUrl":"https:\/\/www.metrica.it\/wp-content\/uploads\/2025\/02\/60895.jpg","width":660,"height":660},{"@type":"BreadcrumbList","@id":"https:\/\/www.metrica.it\/es\/producto\/receptor-laser-de-control-maquina\/#breadcrumb","itemListElement":[{"@type":"ListItem","position":1,"name":"Home","item":"https:\/\/www.metrica.it\/es\/"},{"@type":"ListItem","position":2,"name":"Cat\u00e1logo","item":"https:\/\/www.metrica.it\/es\/catalogo-es\/"},{"@type":"ListItem","position":3,"name":"Receptor Laser De Control M\u00e1quina"}]},{"@type":"WebSite","@id":"https:\/\/www.metrica.it\/es\/#website","url":"https:\/\/www.metrica.it\/es\/","name":"Metrica","description":"Made to measure","potentialAction":[{"@type":"SearchAction","target":{"@type":"EntryPoint","urlTemplate":"https:\/\/www.metrica.it\/es\/?s={search_term_string}"},"query-input":{"@type":"PropertyValueSpecification","valueRequired":true,"valueName":"search_term_string"}}],"inLanguage":"es"}]}},"meta_box":{"awr_documentation":[{"filesize":1430386,"ID":"244874","name":"60895.pdf","path":"\/var\/www\/html\/wp-content\/uploads\/2025\/02\/60895.pdf","url":"https:\/\/www.metrica.it\/wp-content\/uploads\/2025\/02\/60895.pdf","title":"60895"}],"awr_manuale":[],"awr_scheda_tecnica":"<table>\n<tr>\n<td>Precisi\u00f3n fina<\/td>\n<td>\u00b1 2 mm \/ \u00b1 10 mm<\/td>\n<\/tr>\n<tr>\n<td>Precisi\u00f3n tosco<\/td>\n<td>\u00b1 5 mm \/ \u00b1 23 mm<\/td>\n<\/tr>\n<tr>\n<td>Pilas<\/td>\n<td>7,2 V NiMh\/2500 mAh, Cargador<\/td>\n<\/tr>\n<tr>\n<td>Autonom\u00eda<\/td>\n<td>\u00b1 40 horas<\/td>\n<\/tr>\n<tr>\n<td>Tiempo de carga<\/td>\n<td>\u00b1 15 horas<\/td>\n<\/tr>\n<tr>\n<td>Dimensiones<\/td>\n<td>376 x 180 x 60 mm<\/td>\n<\/tr>\n<tr>\n<td>Rango de temperatura<\/td>\n<td>-20 \u00b0C \/ +50 \u00b0C<\/td>\n<\/tr>\n<tr>\n<td>Peso (sin pilas)<\/td>\n<td>3,10 Kg<\/td>\n<\/tr>\n<tr>\n<td>Impermeabilidad<\/td>\n<td>IP 66<\/td>\n<\/tr>\n<\/table>\n","awr_youtube_video":"","awr_classe_prodotto":"","awr_customize_product":"0","awr_custom_image":false,"awr_related_products":[{"awr_product_references":"ref:60895|ean:8001066608959|pack:1"}],"awr_consumabili":"","awr_alternativi":"61385,61386,61350,61395,61345","awr_aliases":"60895","awr_skuid":"60895-it"},"_links":{"self":[{"href":"https:\/\/www.metrica.it\/es\/wp-json\/wp\/v2\/product\/156926","targetHints":{"allow":["GET"]}}],"collection":[{"href":"https:\/\/www.metrica.it\/es\/wp-json\/wp\/v2\/product"}],"about":[{"href":"https:\/\/www.metrica.it\/es\/wp-json\/wp\/v2\/types\/product"}],"wp:featuredmedia":[{"embeddable":true,"href":"https:\/\/www.metrica.it\/es\/wp-json\/wp\/v2\/media\/156915"}],"wp:attachment":[{"href":"https:\/\/www.metrica.it\/es\/wp-json\/wp\/v2\/media?parent=156926"}],"wp:term":[{"taxonomy":"product_cat","embeddable":true,"href":"https:\/\/www.metrica.it\/es\/wp-json\/wp\/v2\/product_cat?post=156926"},{"taxonomy":"product_tag","embeddable":true,"href":"https:\/\/www.metrica.it\/es\/wp-json\/wp\/v2\/product_tag?post=156926"}],"curies":[{"name":"wp","href":"https:\/\/api.w.org\/{rel}","templated":true}]}}