{"id":157226,"date":"2025-02-16T11:55:14","date_gmt":"2025-02-16T10:55:14","guid":{"rendered":"https:\/\/www.metrica.it\/prodotto\/receptor-profesional-3\/"},"modified":"2025-02-16T11:55:30","modified_gmt":"2025-02-16T10:55:30","slug":"receptor-profesional-3","status":"publish","type":"product","link":"https:\/\/www.metrica.it\/es\/producto\/receptor-profesional-3\/","title":{"rendered":"Receptor Profesional"},"content":{"rendered":"<ul>\n<li>Receptor l\u00e1ser verde compatible con: <\/li>\n<li>Ref. 61386, 61395, 61392<\/li>\n<li>Dos LCD: delantero y trasero<\/li>\n<li>Se\u00f1al: luz LED<\/li>\n<li>Con zumbador e indicaci\u00f3n ac\u00fastica, tres sonidos de zumbador: fuerte, normal, sin sonido. <\/li>\n<li>Se suministra con soporte de montaje &#8211; Ref. 61319 incluida o se vende por separado<\/li>\n<\/ul>\n","protected":false},"excerpt":{"rendered":"<p>Receptor l\u00e1ser verde compatible con: <br \/>Ref. 61386, 61395, 61392 <br \/>Dos LCD: delantero y trasero <br \/>Se\u00f1al: luz LED <br \/>Con zumbador e indicaci\u00f3n ac\u00fastica, tres sonidos de zumbador: fuerte, normal, sin sonido. <br \/>Se suministra con soporte de montaje &#8211; Ref. 61319 incluida o se vende por separado <\/p>\n","protected":false},"featured_media":157220,"template":"","meta":[],"product_cat":[520,517],"product_tag":[],"class_list":{"0":"post-157226","1":"product","2":"type-product","3":"status-publish","4":"has-post-thumbnail","6":"product_cat-accesorios-de-laser-autonivelantes","7":"product_cat-laser-y-termocamaras","9":"first","10":"instock","11":"sold-individually","12":"product-type-simple"},"yoast_head":"<title>Receptor Profesional - Metrica<\/title>\n<meta name=\"robots\" content=\"index, follow, max-snippet:-1, max-image-preview:large, max-video-preview:-1\" \/>\n<link rel=\"canonical\" href=\"https:\/\/www.metrica.it\/es\/producto\/receptor-profesional-3\/\" \/>\n<meta property=\"og:locale\" content=\"es_ES\" \/>\n<meta property=\"og:type\" content=\"article\" \/>\n<meta property=\"og:title\" content=\"Receptor Profesional - Metrica\" \/>\n<meta property=\"og:description\" content=\"Receptor l\u00e1ser verde compatible con: Ref. 61386, 61395, 61392 Dos LCD: delantero y trasero Se\u00f1al: luz LED Con zumbador e indicaci\u00f3n ac\u00fastica, tres sonidos de zumbador: fuerte, normal, sin sonido. Se suministra con soporte de montaje - Ref. 61319 incluida o se vende por separado\" \/>\n<meta property=\"og:url\" content=\"https:\/\/www.metrica.it\/es\/producto\/receptor-profesional-3\/\" \/>\n<meta property=\"og:site_name\" content=\"Metrica\" \/>\n<meta property=\"article:modified_time\" content=\"2025-02-16T10:55:30+00:00\" \/>\n<meta property=\"og:image\" content=\"https:\/\/www.metrica.it\/wp-content\/uploads\/2025\/02\/61396.jpg\" \/>\n\t<meta property=\"og:image:width\" content=\"1200\" \/>\n\t<meta property=\"og:image:height\" content=\"1200\" \/>\n\t<meta property=\"og:image:type\" content=\"image\/jpeg\" \/>\n<meta name=\"twitter:card\" content=\"summary_large_image\" \/>\n<script type=\"application\/ld+json\" class=\"yoast-schema-graph\">{\"@context\":\"https:\\\/\\\/schema.org\",\"@graph\":[{\"@type\":\"WebPage\",\"@id\":\"https:\\\/\\\/www.metrica.it\\\/es\\\/producto\\\/receptor-profesional-3\\\/\",\"url\":\"https:\\\/\\\/www.metrica.it\\\/es\\\/producto\\\/receptor-profesional-3\\\/\",\"name\":\"Receptor Profesional - Metrica\",\"isPartOf\":{\"@id\":\"https:\\\/\\\/www.metrica.it\\\/es\\\/#website\"},\"primaryImageOfPage\":{\"@id\":\"https:\\\/\\\/www.metrica.it\\\/es\\\/producto\\\/receptor-profesional-3\\\/#primaryimage\"},\"image\":{\"@id\":\"https:\\\/\\\/www.metrica.it\\\/es\\\/producto\\\/receptor-profesional-3\\\/#primaryimage\"},\"thumbnailUrl\":\"https:\\\/\\\/www.metrica.it\\\/wp-content\\\/uploads\\\/2025\\\/02\\\/61396.jpg\",\"datePublished\":\"2025-02-16T10:55:14+00:00\",\"dateModified\":\"2025-02-16T10:55:30+00:00\",\"breadcrumb\":{\"@id\":\"https:\\\/\\\/www.metrica.it\\\/es\\\/producto\\\/receptor-profesional-3\\\/#breadcrumb\"},\"inLanguage\":\"es\",\"potentialAction\":[{\"@type\":\"ReadAction\",\"target\":[\"https:\\\/\\\/www.metrica.it\\\/es\\\/producto\\\/receptor-profesional-3\\\/\"]}]},{\"@type\":\"ImageObject\",\"inLanguage\":\"es\",\"@id\":\"https:\\\/\\\/www.metrica.it\\\/es\\\/producto\\\/receptor-profesional-3\\\/#primaryimage\",\"url\":\"https:\\\/\\\/www.metrica.it\\\/wp-content\\\/uploads\\\/2025\\\/02\\\/61396.jpg\",\"contentUrl\":\"https:\\\/\\\/www.metrica.it\\\/wp-content\\\/uploads\\\/2025\\\/02\\\/61396.jpg\",\"width\":1200,\"height\":1200},{\"@type\":\"BreadcrumbList\",\"@id\":\"https:\\\/\\\/www.metrica.it\\\/es\\\/producto\\\/receptor-profesional-3\\\/#breadcrumb\",\"itemListElement\":[{\"@type\":\"ListItem\",\"position\":1,\"name\":\"Home\",\"item\":\"https:\\\/\\\/www.metrica.it\\\/es\\\/\"},{\"@type\":\"ListItem\",\"position\":2,\"name\":\"Cat\u00e1logo\",\"item\":\"https:\\\/\\\/www.metrica.it\\\/es\\\/catalogo-es\\\/\"},{\"@type\":\"ListItem\",\"position\":3,\"name\":\"Receptor Profesional\"}]},{\"@type\":\"WebSite\",\"@id\":\"https:\\\/\\\/www.metrica.it\\\/es\\\/#website\",\"url\":\"https:\\\/\\\/www.metrica.it\\\/es\\\/\",\"name\":\"Metrica\",\"description\":\"Made to measure\",\"potentialAction\":[{\"@type\":\"SearchAction\",\"target\":{\"@type\":\"EntryPoint\",\"urlTemplate\":\"https:\\\/\\\/www.metrica.it\\\/es\\\/?s={search_term_string}\"},\"query-input\":{\"@type\":\"PropertyValueSpecification\",\"valueRequired\":true,\"valueName\":\"search_term_string\"}}],\"inLanguage\":\"es\"}]}<\/script>","yoast_head_json":{"title":"Receptor Profesional - Metrica","robots":{"index":"index","follow":"follow","max-snippet":"max-snippet:-1","max-image-preview":"max-image-preview:large","max-video-preview":"max-video-preview:-1"},"canonical":"https:\/\/www.metrica.it\/es\/producto\/receptor-profesional-3\/","og_locale":"es_ES","og_type":"article","og_title":"Receptor Profesional - Metrica","og_description":"Receptor l\u00e1ser verde compatible con: Ref. 61386, 61395, 61392 Dos LCD: delantero y trasero Se\u00f1al: luz LED Con zumbador e indicaci\u00f3n ac\u00fastica, tres sonidos de zumbador: fuerte, normal, sin sonido. Se suministra con soporte de montaje - Ref. 61319 incluida o se vende por separado","og_url":"https:\/\/www.metrica.it\/es\/producto\/receptor-profesional-3\/","og_site_name":"Metrica","article_modified_time":"2025-02-16T10:55:30+00:00","og_image":[{"width":1200,"height":1200,"url":"https:\/\/www.metrica.it\/wp-content\/uploads\/2025\/02\/61396.jpg","type":"image\/jpeg"}],"twitter_card":"summary_large_image","schema":{"@context":"https:\/\/schema.org","@graph":[{"@type":"WebPage","@id":"https:\/\/www.metrica.it\/es\/producto\/receptor-profesional-3\/","url":"https:\/\/www.metrica.it\/es\/producto\/receptor-profesional-3\/","name":"Receptor Profesional - Metrica","isPartOf":{"@id":"https:\/\/www.metrica.it\/es\/#website"},"primaryImageOfPage":{"@id":"https:\/\/www.metrica.it\/es\/producto\/receptor-profesional-3\/#primaryimage"},"image":{"@id":"https:\/\/www.metrica.it\/es\/producto\/receptor-profesional-3\/#primaryimage"},"thumbnailUrl":"https:\/\/www.metrica.it\/wp-content\/uploads\/2025\/02\/61396.jpg","datePublished":"2025-02-16T10:55:14+00:00","dateModified":"2025-02-16T10:55:30+00:00","breadcrumb":{"@id":"https:\/\/www.metrica.it\/es\/producto\/receptor-profesional-3\/#breadcrumb"},"inLanguage":"es","potentialAction":[{"@type":"ReadAction","target":["https:\/\/www.metrica.it\/es\/producto\/receptor-profesional-3\/"]}]},{"@type":"ImageObject","inLanguage":"es","@id":"https:\/\/www.metrica.it\/es\/producto\/receptor-profesional-3\/#primaryimage","url":"https:\/\/www.metrica.it\/wp-content\/uploads\/2025\/02\/61396.jpg","contentUrl":"https:\/\/www.metrica.it\/wp-content\/uploads\/2025\/02\/61396.jpg","width":1200,"height":1200},{"@type":"BreadcrumbList","@id":"https:\/\/www.metrica.it\/es\/producto\/receptor-profesional-3\/#breadcrumb","itemListElement":[{"@type":"ListItem","position":1,"name":"Home","item":"https:\/\/www.metrica.it\/es\/"},{"@type":"ListItem","position":2,"name":"Cat\u00e1logo","item":"https:\/\/www.metrica.it\/es\/catalogo-es\/"},{"@type":"ListItem","position":3,"name":"Receptor Profesional"}]},{"@type":"WebSite","@id":"https:\/\/www.metrica.it\/es\/#website","url":"https:\/\/www.metrica.it\/es\/","name":"Metrica","description":"Made to measure","potentialAction":[{"@type":"SearchAction","target":{"@type":"EntryPoint","urlTemplate":"https:\/\/www.metrica.it\/es\/?s={search_term_string}"},"query-input":{"@type":"PropertyValueSpecification","valueRequired":true,"valueName":"search_term_string"}}],"inLanguage":"es"}]}},"meta_box":{"awr_documentation":[{"filesize":374714,"ID":"230506","name":"61326_61328_61393_61396.pdf","path":"\/var\/www\/html\/wp-content\/uploads\/2025\/02\/61326_61328_61393_61396.pdf","url":"https:\/\/www.metrica.it\/wp-content\/uploads\/2025\/02\/61326_61328_61393_61396.pdf","title":"61326_61328_61393_61396"}],"awr_manuale":[],"awr_scheda_tecnica":"<table>\n<tr>\n<td>Alcance*<\/td>\n<td> 350m<\/td>\n<\/tr>\n<tr>\n<td>2 valores de precisi\u00f3n de detecci\u00f3n<\/td>\n<td>\u00b1 1 mm \/ \u00b1 2,5 mm \/ \u00b1 5 mm<\/td>\n<\/tr>\n<tr>\n<td>Alimentaci\u00f3n<\/td>\n<td> 1 pila de 9V.<\/td>\n<\/tr>\n<tr>\n<td>Duraci\u00f3n de la pila<\/td>\n<td> 30 horas.<\/td>\n<\/tr>\n<tr>\n<td>Apagado autom\u00e1tico <\/td>\n<td>15 minutos sin operaci\u00f3n, y no hay recepci\u00f3n.<\/td>\n<\/tr>\n<tr>\n<td>Temperatura de funcionamiento<\/td>\n<td> - 20\u00b0C~+50\u00b0C (-4\u00b0F~122\u00b0F)<\/td>\n<\/tr>\n<tr>\n<td>IP<\/td>\n<td>43<\/td>\n<\/tr>\n<tr>\n<td>* depende de las condiciones clim\u00e1ticas<\/td>\n<td><\/td>\n<\/tr>\n<\/table>\n","awr_youtube_video":"","awr_classe_prodotto":"","awr_customize_product":"0","awr_custom_image":false,"awr_related_products":[{"awr_product_references":"ref:61396|ean:8001066613960|pack:1"}],"awr_consumabili":"61319","awr_alternativi":"61393,6139","awr_aliases":"61396","awr_skuid":"61396-it"},"_links":{"self":[{"href":"https:\/\/www.metrica.it\/es\/wp-json\/wp\/v2\/product\/157226","targetHints":{"allow":["GET"]}}],"collection":[{"href":"https:\/\/www.metrica.it\/es\/wp-json\/wp\/v2\/product"}],"about":[{"href":"https:\/\/www.metrica.it\/es\/wp-json\/wp\/v2\/types\/product"}],"wp:featuredmedia":[{"embeddable":true,"href":"https:\/\/www.metrica.it\/es\/wp-json\/wp\/v2\/media\/157220"}],"wp:attachment":[{"href":"https:\/\/www.metrica.it\/es\/wp-json\/wp\/v2\/media?parent=157226"}],"wp:term":[{"taxonomy":"product_cat","embeddable":true,"href":"https:\/\/www.metrica.it\/es\/wp-json\/wp\/v2\/product_cat?post=157226"},{"taxonomy":"product_tag","embeddable":true,"href":"https:\/\/www.metrica.it\/es\/wp-json\/wp\/v2\/product_tag?post=157226"}],"curies":[{"name":"wp","href":"https:\/\/api.w.org\/{rel}","templated":true}]}}