{"id":157367,"date":"2025-02-23T12:09:28","date_gmt":"2025-02-23T11:09:28","guid":{"rendered":"https:\/\/www.metrica.it\/prodotto\/camara-termografica-flir-tg297\/"},"modified":"2025-02-23T12:09:40","modified_gmt":"2025-02-23T11:09:40","slug":"camara-termografica-flir-tg297","status":"publish","type":"product","link":"https:\/\/www.metrica.it\/es\/producto\/camara-termografica-flir-tg297\/","title":{"rendered":"C\u00c1MARA TERMOGR\u00c1FICA FLIR TG297"},"content":{"rendered":"<ul>\n<li>Diagn\u00f3stico industrial que combina la medici\u00f3n precisa de temperatura con la capacidad de capturar im\u00e1genes de temperaturas de hasta 1030 \u00b0C<\/li>\n<li>Ideal para usos industriales de alta temperatura como, la medici\u00f3n del calor de hornos de vidrio, hornos de secado y forjas <\/li>\n<li>Diagnostique problemas m\u00e1s r\u00e1pidamente en objetivos de calor extremo al utilizar el filtro de alta temperatura en la lente para crear una imagen detallada<\/li>\n<li>Funci\u00f3n MSX y Bluetooth<\/li>\n<li>Term\u00f3grafo IR de 160 x 120 (19 200 p\u00edxeles)<\/li>\n<li>Ajuste autom\u00e1tico de imagen<\/li>\n<li>IP54<\/li>\n<li>Almacene hasta 4 GB de datos.<\/li>\n<li>Foco LED y puntero l\u00e1ser con diana<\/li>\n<li>Bater\u00eda recargable de iones de litio<\/li>\n<li>Resistente a ca\u00eddas desde 2 m<\/li>\n<\/ul>\n","protected":false},"excerpt":{"rendered":"<p>Diagn\u00f3stico industrial que combina la medici\u00f3n precisa de temperatura con la capacidad de capturar im\u00e1genes de temperaturas de hasta 1030 \u00b0C <br \/>Ideal para usos industriales de alta temperatura como, la medici\u00f3n del calor de hornos de vidrio, hornos de secado y forjas <br \/>Diagnostique problemas m\u00e1s r\u00e1pidamente en objetivos de calor extremo al utilizar el filtro de alta temperatura en la lente para crear una imagen detallada <br \/>Funci\u00f3n MSX y Bluetooth <br \/>Term\u00f3grafo IR de 160 x 120 (19 200 p\u00edxeles) <br \/>Ajuste autom\u00e1tico de imagen <br \/>IP54 <br \/>Almacene hasta 4 GB de datos. <br \/>Foco LED y puntero l\u00e1ser con diana <br \/>Bater\u00eda recargable de iones de litio <br \/>Resistente a ca\u00eddas desde 2 m <\/p>\n","protected":false},"featured_media":157362,"template":"","meta":[],"product_cat":[517,544],"product_tag":[],"class_list":{"0":"post-157367","1":"product","2":"type-product","3":"status-publish","4":"has-post-thumbnail","6":"product_cat-laser-y-termocamaras","7":"product_cat-termocamaras","9":"first","10":"instock","11":"sold-individually","12":"product-type-simple"},"yoast_head":"<title>C\u00c1MARA TERMOGR\u00c1FICA FLIR TG297 - Metrica<\/title>\n<meta name=\"robots\" content=\"index, follow, max-snippet:-1, max-image-preview:large, max-video-preview:-1\" \/>\n<link rel=\"canonical\" href=\"https:\/\/www.metrica.it\/es\/producto\/camara-termografica-flir-tg297\/\" \/>\n<meta property=\"og:locale\" content=\"es_ES\" \/>\n<meta property=\"og:type\" content=\"article\" \/>\n<meta property=\"og:title\" content=\"C\u00c1MARA TERMOGR\u00c1FICA FLIR TG297 - Metrica\" \/>\n<meta property=\"og:description\" content=\"Diagn\u00f3stico industrial que combina la medici\u00f3n precisa de temperatura con la capacidad de capturar im\u00e1genes de temperaturas de hasta 1030 \u00b0C Ideal para usos industriales de alta temperatura como, la medici\u00f3n del calor de hornos de vidrio, hornos de secado y forjas Diagnostique problemas m\u00e1s r\u00e1pidamente en objetivos de calor extremo al utilizar el filtro de alta temperatura en la lente para crear una imagen detallada Funci\u00f3n MSX y Bluetooth Term\u00f3grafo IR de 160 x 120 (19 200 p\u00edxeles) Ajuste autom\u00e1tico de imagen IP54 Almacene hasta 4 GB de datos. Foco LED y puntero l\u00e1ser con diana Bater\u00eda recargable de iones de litio Resistente a ca\u00eddas desde 2 m\" \/>\n<meta property=\"og:url\" content=\"https:\/\/www.metrica.it\/es\/producto\/camara-termografica-flir-tg297\/\" \/>\n<meta property=\"og:site_name\" content=\"Metrica\" \/>\n<meta property=\"article:modified_time\" content=\"2025-02-23T11:09:40+00:00\" \/>\n<meta property=\"og:image\" content=\"https:\/\/www.metrica.it\/wp-content\/uploads\/2025\/02\/60376.jpg\" \/>\n\t<meta property=\"og:image:width\" content=\"1200\" \/>\n\t<meta property=\"og:image:height\" content=\"1200\" \/>\n\t<meta property=\"og:image:type\" content=\"image\/jpeg\" \/>\n<meta name=\"twitter:card\" content=\"summary_large_image\" \/>\n<meta name=\"twitter:label1\" content=\"Tiempo de lectura\" \/>\n\t<meta name=\"twitter:data1\" content=\"1 minuto\" \/>\n<script type=\"application\/ld+json\" class=\"yoast-schema-graph\">{\"@context\":\"https:\\\/\\\/schema.org\",\"@graph\":[{\"@type\":\"WebPage\",\"@id\":\"https:\\\/\\\/www.metrica.it\\\/es\\\/producto\\\/camara-termografica-flir-tg297\\\/\",\"url\":\"https:\\\/\\\/www.metrica.it\\\/es\\\/producto\\\/camara-termografica-flir-tg297\\\/\",\"name\":\"C\u00c1MARA TERMOGR\u00c1FICA FLIR TG297 - Metrica\",\"isPartOf\":{\"@id\":\"https:\\\/\\\/www.metrica.it\\\/es\\\/#website\"},\"primaryImageOfPage\":{\"@id\":\"https:\\\/\\\/www.metrica.it\\\/es\\\/producto\\\/camara-termografica-flir-tg297\\\/#primaryimage\"},\"image\":{\"@id\":\"https:\\\/\\\/www.metrica.it\\\/es\\\/producto\\\/camara-termografica-flir-tg297\\\/#primaryimage\"},\"thumbnailUrl\":\"https:\\\/\\\/www.metrica.it\\\/wp-content\\\/uploads\\\/2025\\\/02\\\/60376.jpg\",\"datePublished\":\"2025-02-23T11:09:28+00:00\",\"dateModified\":\"2025-02-23T11:09:40+00:00\",\"breadcrumb\":{\"@id\":\"https:\\\/\\\/www.metrica.it\\\/es\\\/producto\\\/camara-termografica-flir-tg297\\\/#breadcrumb\"},\"inLanguage\":\"es\",\"potentialAction\":[{\"@type\":\"ReadAction\",\"target\":[\"https:\\\/\\\/www.metrica.it\\\/es\\\/producto\\\/camara-termografica-flir-tg297\\\/\"]}]},{\"@type\":\"ImageObject\",\"inLanguage\":\"es\",\"@id\":\"https:\\\/\\\/www.metrica.it\\\/es\\\/producto\\\/camara-termografica-flir-tg297\\\/#primaryimage\",\"url\":\"https:\\\/\\\/www.metrica.it\\\/wp-content\\\/uploads\\\/2025\\\/02\\\/60376.jpg\",\"contentUrl\":\"https:\\\/\\\/www.metrica.it\\\/wp-content\\\/uploads\\\/2025\\\/02\\\/60376.jpg\",\"width\":1200,\"height\":1200},{\"@type\":\"BreadcrumbList\",\"@id\":\"https:\\\/\\\/www.metrica.it\\\/es\\\/producto\\\/camara-termografica-flir-tg297\\\/#breadcrumb\",\"itemListElement\":[{\"@type\":\"ListItem\",\"position\":1,\"name\":\"Home\",\"item\":\"https:\\\/\\\/www.metrica.it\\\/es\\\/\"},{\"@type\":\"ListItem\",\"position\":2,\"name\":\"Cat\u00e1logo\",\"item\":\"https:\\\/\\\/www.metrica.it\\\/es\\\/catalogo-es\\\/\"},{\"@type\":\"ListItem\",\"position\":3,\"name\":\"C\u00c1MARA TERMOGR\u00c1FICA FLIR TG297\"}]},{\"@type\":\"WebSite\",\"@id\":\"https:\\\/\\\/www.metrica.it\\\/es\\\/#website\",\"url\":\"https:\\\/\\\/www.metrica.it\\\/es\\\/\",\"name\":\"Metrica\",\"description\":\"Made to measure\",\"potentialAction\":[{\"@type\":\"SearchAction\",\"target\":{\"@type\":\"EntryPoint\",\"urlTemplate\":\"https:\\\/\\\/www.metrica.it\\\/es\\\/?s={search_term_string}\"},\"query-input\":{\"@type\":\"PropertyValueSpecification\",\"valueRequired\":true,\"valueName\":\"search_term_string\"}}],\"inLanguage\":\"es\"}]}<\/script>","yoast_head_json":{"title":"C\u00c1MARA TERMOGR\u00c1FICA FLIR TG297 - Metrica","robots":{"index":"index","follow":"follow","max-snippet":"max-snippet:-1","max-image-preview":"max-image-preview:large","max-video-preview":"max-video-preview:-1"},"canonical":"https:\/\/www.metrica.it\/es\/producto\/camara-termografica-flir-tg297\/","og_locale":"es_ES","og_type":"article","og_title":"C\u00c1MARA TERMOGR\u00c1FICA FLIR TG297 - Metrica","og_description":"Diagn\u00f3stico industrial que combina la medici\u00f3n precisa de temperatura con la capacidad de capturar im\u00e1genes de temperaturas de hasta 1030 \u00b0C Ideal para usos industriales de alta temperatura como, la medici\u00f3n del calor de hornos de vidrio, hornos de secado y forjas Diagnostique problemas m\u00e1s r\u00e1pidamente en objetivos de calor extremo al utilizar el filtro de alta temperatura en la lente para crear una imagen detallada Funci\u00f3n MSX y Bluetooth Term\u00f3grafo IR de 160 x 120 (19 200 p\u00edxeles) Ajuste autom\u00e1tico de imagen IP54 Almacene hasta 4 GB de datos. Foco LED y puntero l\u00e1ser con diana Bater\u00eda recargable de iones de litio Resistente a ca\u00eddas desde 2 m","og_url":"https:\/\/www.metrica.it\/es\/producto\/camara-termografica-flir-tg297\/","og_site_name":"Metrica","article_modified_time":"2025-02-23T11:09:40+00:00","og_image":[{"width":1200,"height":1200,"url":"https:\/\/www.metrica.it\/wp-content\/uploads\/2025\/02\/60376.jpg","type":"image\/jpeg"}],"twitter_card":"summary_large_image","twitter_misc":{"Tiempo de lectura":"1 minuto"},"schema":{"@context":"https:\/\/schema.org","@graph":[{"@type":"WebPage","@id":"https:\/\/www.metrica.it\/es\/producto\/camara-termografica-flir-tg297\/","url":"https:\/\/www.metrica.it\/es\/producto\/camara-termografica-flir-tg297\/","name":"C\u00c1MARA TERMOGR\u00c1FICA FLIR TG297 - Metrica","isPartOf":{"@id":"https:\/\/www.metrica.it\/es\/#website"},"primaryImageOfPage":{"@id":"https:\/\/www.metrica.it\/es\/producto\/camara-termografica-flir-tg297\/#primaryimage"},"image":{"@id":"https:\/\/www.metrica.it\/es\/producto\/camara-termografica-flir-tg297\/#primaryimage"},"thumbnailUrl":"https:\/\/www.metrica.it\/wp-content\/uploads\/2025\/02\/60376.jpg","datePublished":"2025-02-23T11:09:28+00:00","dateModified":"2025-02-23T11:09:40+00:00","breadcrumb":{"@id":"https:\/\/www.metrica.it\/es\/producto\/camara-termografica-flir-tg297\/#breadcrumb"},"inLanguage":"es","potentialAction":[{"@type":"ReadAction","target":["https:\/\/www.metrica.it\/es\/producto\/camara-termografica-flir-tg297\/"]}]},{"@type":"ImageObject","inLanguage":"es","@id":"https:\/\/www.metrica.it\/es\/producto\/camara-termografica-flir-tg297\/#primaryimage","url":"https:\/\/www.metrica.it\/wp-content\/uploads\/2025\/02\/60376.jpg","contentUrl":"https:\/\/www.metrica.it\/wp-content\/uploads\/2025\/02\/60376.jpg","width":1200,"height":1200},{"@type":"BreadcrumbList","@id":"https:\/\/www.metrica.it\/es\/producto\/camara-termografica-flir-tg297\/#breadcrumb","itemListElement":[{"@type":"ListItem","position":1,"name":"Home","item":"https:\/\/www.metrica.it\/es\/"},{"@type":"ListItem","position":2,"name":"Cat\u00e1logo","item":"https:\/\/www.metrica.it\/es\/catalogo-es\/"},{"@type":"ListItem","position":3,"name":"C\u00c1MARA TERMOGR\u00c1FICA FLIR TG297"}]},{"@type":"WebSite","@id":"https:\/\/www.metrica.it\/es\/#website","url":"https:\/\/www.metrica.it\/es\/","name":"Metrica","description":"Made to measure","potentialAction":[{"@type":"SearchAction","target":{"@type":"EntryPoint","urlTemplate":"https:\/\/www.metrica.it\/es\/?s={search_term_string}"},"query-input":{"@type":"PropertyValueSpecification","valueRequired":true,"valueName":"search_term_string"}}],"inLanguage":"es"}]}},"meta_box":{"awr_documentation":[],"awr_manuale":[],"awr_scheda_tecnica":"","awr_youtube_video":"","awr_classe_prodotto":"","awr_customize_product":"0","awr_custom_image":false,"awr_related_products":[{"awr_product_references":"ref:60376|ean:8001066603763|pack:1"}],"awr_consumabili":"","awr_alternativi":"","awr_aliases":"60376","awr_skuid":"60376-it"},"_links":{"self":[{"href":"https:\/\/www.metrica.it\/es\/wp-json\/wp\/v2\/product\/157367","targetHints":{"allow":["GET"]}}],"collection":[{"href":"https:\/\/www.metrica.it\/es\/wp-json\/wp\/v2\/product"}],"about":[{"href":"https:\/\/www.metrica.it\/es\/wp-json\/wp\/v2\/types\/product"}],"wp:featuredmedia":[{"embeddable":true,"href":"https:\/\/www.metrica.it\/es\/wp-json\/wp\/v2\/media\/157362"}],"wp:attachment":[{"href":"https:\/\/www.metrica.it\/es\/wp-json\/wp\/v2\/media?parent=157367"}],"wp:term":[{"taxonomy":"product_cat","embeddable":true,"href":"https:\/\/www.metrica.it\/es\/wp-json\/wp\/v2\/product_cat?post=157367"},{"taxonomy":"product_tag","embeddable":true,"href":"https:\/\/www.metrica.it\/es\/wp-json\/wp\/v2\/product_tag?post=157367"}],"curies":[{"name":"wp","href":"https:\/\/api.w.org\/{rel}","templated":true}]}}