{"id":157376,"date":"2025-02-23T12:09:39","date_gmt":"2025-02-23T11:09:39","guid":{"rendered":"https:\/\/www.metrica.it\/prodotto\/camaras-termograficas-de-la-serie-pro\/"},"modified":"2025-02-23T12:09:59","modified_gmt":"2025-02-23T11:09:59","slug":"camaras-termograficas-de-la-serie-pro","status":"publish","type":"product","link":"https:\/\/www.metrica.it\/es\/producto\/camaras-termograficas-de-la-serie-pro\/","title":{"rendered":"C\u00c1MARAS TERMOGR\u00c1FICAS DE LA SERIE PRO"},"content":{"rendered":"<ul>\n<li>Modelos PRO<\/li>\n<li>C\u00e1mara digital de 5 MP de resoluci\u00f3n<\/li>\n<li>Resoluci\u00f3n de pantalla de 640 x 480<\/li>\n<li>Pantalla de 3,5 pulgadas<\/li>\n<li>Dise\u00f1o de pantalla t\u00e1ctil moderno e intuitivo<\/li>\n<li>Linterna LED integrada<\/li>\n<li>Posibilidad de a\u00f1adir notas detalladas a las fotos<\/li>\n<li>Nueva funci\u00f3n 1-Touch Level\/Span: basta con tocar la pantalla para seleccionar una zona de enfoque en una imagen t\u00e9rmica y la c\u00e1mara y la c\u00e1mara ajusta autom\u00e1ticamente el nivel y el alcance y alcance, en funci\u00f3n del contraste t\u00e9rmico<\/li>\n<li>Ligeras y extremadamente robustas (a prueba de ca\u00eddas desde 2 m)<\/li>\n<li>Superposici\u00f3n de imagen PiP<\/li>\n<li> C\u00f3digo | \u00b0C | Resoluci\u00f2n IR | Sensibilidad ermica<\/li>\n<li>60435 E5 XT | -20 a 400 C\u00b0 | 19.200 pixel (160 x 120) | < 100 mk (< 0,10 \u00b0C)<\/li>\n<li>60365 E5 PRO | -20 a 400 C\u00b0 | 19.200 pixel (160 x 120) | < 60 mk (<0,06 \u00b0C)<\/li>\n<li>60366 E6 PRO | -20 a 550 C\u00b0 | 43.200 pixel (240 x 180) | < 50 mk (< 0,05 \u00b0C)<\/li>\n<li>60368 E8 PRO | -20 a 550 C\u00b0 | 76.800 pixel (320 x 240) | < 40 mk (< 0,04 \u00b0C)<\/li>\n<\/ul>\n","protected":false},"excerpt":{"rendered":"<p>Modelos PRO <br \/>C\u00e1mara digital de 5 MP de resoluci\u00f3n <br \/>Resoluci\u00f3n de pantalla de 640 x 480 <br \/>Pantalla de 3,5 pulgadas <br \/>Dise\u00f1o de pantalla t\u00e1ctil moderno e intuitivo <br \/>Linterna LED integrada <br \/>Posibilidad de a\u00f1adir notas detalladas a las fotos <br \/>Nueva funci\u00f3n 1-Touch Level\/Span: basta con tocar la pantalla para seleccionar una zona de enfoque en una imagen t\u00e9rmica y la c\u00e1mara y la c\u00e1mara ajusta autom\u00e1ticamente el nivel y el alcance y alcance, en funci\u00f3n del contraste t\u00e9rmico <br \/>Ligeras y extremadamente robustas (a prueba de ca\u00eddas desde 2 m) <br \/>Superposici\u00f3n de imagen PiP <br \/> C\u00f3digo | \u00b0C | Resoluci\u00f2n IR | Sensibilidad ermica <br \/>60435 E5 XT | -20 a 400 C\u00b0 | 19.200 pixel (160 x 120) | < 100 mk (< 0,10 \u00b0C) <br \/>60365 E5 PRO | -20 a 400 C\u00b0 | 19.200 pixel (160 x 120) | < 60 mk (<0,06 \u00b0C) <br \/>60366 E6 PRO | -20 a 550 C\u00b0 | 43.200 pixel (240 x 180) | < 50 mk (< 0,05 \u00b0C) <br \/>60368 E8 PRO | -20 a 550 C\u00b0 | 76.800 pixel (320 x 240) | < 40 mk (< 0,04 \u00b0C) <\/p>\n","protected":false},"featured_media":157369,"template":"","meta":[],"product_cat":[517,544],"product_tag":[],"class_list":{"0":"post-157376","1":"product","2":"type-product","3":"status-publish","4":"has-post-thumbnail","6":"product_cat-laser-y-termocamaras","7":"product_cat-termocamaras","9":"first","10":"instock","11":"sold-individually","12":"product-type-simple"},"yoast_head":"<title>C\u00c1MARAS TERMOGR\u00c1FICAS DE LA SERIE PRO - Metrica<\/title>\n<meta name=\"robots\" content=\"index, follow, max-snippet:-1, max-image-preview:large, max-video-preview:-1\" \/>\n<link rel=\"canonical\" href=\"https:\/\/www.metrica.it\/es\/producto\/camaras-termograficas-de-la-serie-pro\/\" \/>\n<meta property=\"og:locale\" content=\"es_ES\" \/>\n<meta property=\"og:type\" content=\"article\" \/>\n<meta property=\"og:title\" content=\"C\u00c1MARAS TERMOGR\u00c1FICAS DE LA SERIE PRO - Metrica\" \/>\n<meta property=\"og:description\" content=\"Modelos PRO C\u00e1mara digital de 5 MP de resoluci\u00f3n Resoluci\u00f3n de pantalla de 640 x 480 Pantalla de 3,5 pulgadas Dise\u00f1o de pantalla t\u00e1ctil moderno e intuitivo Linterna LED integrada Posibilidad de a\u00f1adir notas detalladas a las fotos Nueva funci\u00f3n 1-Touch Level\/Span: basta con tocar la pantalla para seleccionar una zona de enfoque en una imagen t\u00e9rmica y la c\u00e1mara y la c\u00e1mara ajusta autom\u00e1ticamente el nivel y el alcance y alcance, en funci\u00f3n del contraste t\u00e9rmico Ligeras y extremadamente robustas (a prueba de ca\u00eddas desde 2 m) Superposici\u00f3n de imagen PiP C\u00f3digo | \u00b0C | Resoluci\u00f2n IR | Sensibilidad ermica 60435 E5 XT | -20 a 400 C\u00b0 | 19.200 pixel (160 x 120) | &lt; 100 mk (&lt; 0,10 \u00b0C) 60365 E5 PRO | -20 a 400 C\u00b0 | 19.200 pixel (160 x 120) | &lt; 60 mk (\" \/>\n<meta property=\"og:url\" content=\"https:\/\/www.metrica.it\/es\/producto\/camaras-termograficas-de-la-serie-pro\/\" \/>\n<meta property=\"og:site_name\" content=\"Metrica\" \/>\n<meta property=\"article:modified_time\" content=\"2025-02-23T11:09:59+00:00\" \/>\n<meta property=\"og:image\" content=\"https:\/\/www.metrica.it\/wp-content\/uploads\/2025\/02\/60435.jpg\" \/>\n\t<meta property=\"og:image:width\" content=\"1200\" \/>\n\t<meta property=\"og:image:height\" content=\"1200\" \/>\n\t<meta property=\"og:image:type\" content=\"image\/jpeg\" \/>\n<meta name=\"twitter:card\" content=\"summary_large_image\" \/>\n<meta name=\"twitter:label1\" content=\"Tiempo de lectura\" \/>\n\t<meta name=\"twitter:data1\" content=\"1 minuto\" \/>\n<script type=\"application\/ld+json\" class=\"yoast-schema-graph\">{\"@context\":\"https:\\\/\\\/schema.org\",\"@graph\":[{\"@type\":\"WebPage\",\"@id\":\"https:\\\/\\\/www.metrica.it\\\/es\\\/producto\\\/camaras-termograficas-de-la-serie-pro\\\/\",\"url\":\"https:\\\/\\\/www.metrica.it\\\/es\\\/producto\\\/camaras-termograficas-de-la-serie-pro\\\/\",\"name\":\"C\u00c1MARAS TERMOGR\u00c1FICAS DE LA SERIE PRO - Metrica\",\"isPartOf\":{\"@id\":\"https:\\\/\\\/www.metrica.it\\\/es\\\/#website\"},\"primaryImageOfPage\":{\"@id\":\"https:\\\/\\\/www.metrica.it\\\/es\\\/producto\\\/camaras-termograficas-de-la-serie-pro\\\/#primaryimage\"},\"image\":{\"@id\":\"https:\\\/\\\/www.metrica.it\\\/es\\\/producto\\\/camaras-termograficas-de-la-serie-pro\\\/#primaryimage\"},\"thumbnailUrl\":\"https:\\\/\\\/www.metrica.it\\\/wp-content\\\/uploads\\\/2025\\\/02\\\/60435.jpg\",\"datePublished\":\"2025-02-23T11:09:39+00:00\",\"dateModified\":\"2025-02-23T11:09:59+00:00\",\"breadcrumb\":{\"@id\":\"https:\\\/\\\/www.metrica.it\\\/es\\\/producto\\\/camaras-termograficas-de-la-serie-pro\\\/#breadcrumb\"},\"inLanguage\":\"es\",\"potentialAction\":[{\"@type\":\"ReadAction\",\"target\":[\"https:\\\/\\\/www.metrica.it\\\/es\\\/producto\\\/camaras-termograficas-de-la-serie-pro\\\/\"]}]},{\"@type\":\"ImageObject\",\"inLanguage\":\"es\",\"@id\":\"https:\\\/\\\/www.metrica.it\\\/es\\\/producto\\\/camaras-termograficas-de-la-serie-pro\\\/#primaryimage\",\"url\":\"https:\\\/\\\/www.metrica.it\\\/wp-content\\\/uploads\\\/2025\\\/02\\\/60435.jpg\",\"contentUrl\":\"https:\\\/\\\/www.metrica.it\\\/wp-content\\\/uploads\\\/2025\\\/02\\\/60435.jpg\",\"width\":1200,\"height\":1200},{\"@type\":\"BreadcrumbList\",\"@id\":\"https:\\\/\\\/www.metrica.it\\\/es\\\/producto\\\/camaras-termograficas-de-la-serie-pro\\\/#breadcrumb\",\"itemListElement\":[{\"@type\":\"ListItem\",\"position\":1,\"name\":\"Home\",\"item\":\"https:\\\/\\\/www.metrica.it\\\/es\\\/\"},{\"@type\":\"ListItem\",\"position\":2,\"name\":\"Cat\u00e1logo\",\"item\":\"https:\\\/\\\/www.metrica.it\\\/es\\\/catalogo-es\\\/\"},{\"@type\":\"ListItem\",\"position\":3,\"name\":\"C\u00c1MARAS TERMOGR\u00c1FICAS DE LA SERIE PRO\"}]},{\"@type\":\"WebSite\",\"@id\":\"https:\\\/\\\/www.metrica.it\\\/es\\\/#website\",\"url\":\"https:\\\/\\\/www.metrica.it\\\/es\\\/\",\"name\":\"Metrica\",\"description\":\"Made to measure\",\"potentialAction\":[{\"@type\":\"SearchAction\",\"target\":{\"@type\":\"EntryPoint\",\"urlTemplate\":\"https:\\\/\\\/www.metrica.it\\\/es\\\/?s={search_term_string}\"},\"query-input\":{\"@type\":\"PropertyValueSpecification\",\"valueRequired\":true,\"valueName\":\"search_term_string\"}}],\"inLanguage\":\"es\"}]}<\/script>","yoast_head_json":{"title":"C\u00c1MARAS TERMOGR\u00c1FICAS DE LA SERIE PRO - Metrica","robots":{"index":"index","follow":"follow","max-snippet":"max-snippet:-1","max-image-preview":"max-image-preview:large","max-video-preview":"max-video-preview:-1"},"canonical":"https:\/\/www.metrica.it\/es\/producto\/camaras-termograficas-de-la-serie-pro\/","og_locale":"es_ES","og_type":"article","og_title":"C\u00c1MARAS TERMOGR\u00c1FICAS DE LA SERIE PRO - Metrica","og_description":"Modelos PRO C\u00e1mara digital de 5 MP de resoluci\u00f3n Resoluci\u00f3n de pantalla de 640 x 480 Pantalla de 3,5 pulgadas Dise\u00f1o de pantalla t\u00e1ctil moderno e intuitivo Linterna LED integrada Posibilidad de a\u00f1adir notas detalladas a las fotos Nueva funci\u00f3n 1-Touch Level\/Span: basta con tocar la pantalla para seleccionar una zona de enfoque en una imagen t\u00e9rmica y la c\u00e1mara y la c\u00e1mara ajusta autom\u00e1ticamente el nivel y el alcance y alcance, en funci\u00f3n del contraste t\u00e9rmico Ligeras y extremadamente robustas (a prueba de ca\u00eddas desde 2 m) Superposici\u00f3n de imagen PiP C\u00f3digo | \u00b0C | Resoluci\u00f2n IR | Sensibilidad ermica 60435 E5 XT | -20 a 400 C\u00b0 | 19.200 pixel (160 x 120) | < 100 mk (< 0,10 \u00b0C) 60365 E5 PRO | -20 a 400 C\u00b0 | 19.200 pixel (160 x 120) | < 60 mk (","og_url":"https:\/\/www.metrica.it\/es\/producto\/camaras-termograficas-de-la-serie-pro\/","og_site_name":"Metrica","article_modified_time":"2025-02-23T11:09:59+00:00","og_image":[{"width":1200,"height":1200,"url":"https:\/\/www.metrica.it\/wp-content\/uploads\/2025\/02\/60435.jpg","type":"image\/jpeg"}],"twitter_card":"summary_large_image","twitter_misc":{"Tiempo de lectura":"1 minuto"},"schema":{"@context":"https:\/\/schema.org","@graph":[{"@type":"WebPage","@id":"https:\/\/www.metrica.it\/es\/producto\/camaras-termograficas-de-la-serie-pro\/","url":"https:\/\/www.metrica.it\/es\/producto\/camaras-termograficas-de-la-serie-pro\/","name":"C\u00c1MARAS TERMOGR\u00c1FICAS DE LA SERIE PRO - Metrica","isPartOf":{"@id":"https:\/\/www.metrica.it\/es\/#website"},"primaryImageOfPage":{"@id":"https:\/\/www.metrica.it\/es\/producto\/camaras-termograficas-de-la-serie-pro\/#primaryimage"},"image":{"@id":"https:\/\/www.metrica.it\/es\/producto\/camaras-termograficas-de-la-serie-pro\/#primaryimage"},"thumbnailUrl":"https:\/\/www.metrica.it\/wp-content\/uploads\/2025\/02\/60435.jpg","datePublished":"2025-02-23T11:09:39+00:00","dateModified":"2025-02-23T11:09:59+00:00","breadcrumb":{"@id":"https:\/\/www.metrica.it\/es\/producto\/camaras-termograficas-de-la-serie-pro\/#breadcrumb"},"inLanguage":"es","potentialAction":[{"@type":"ReadAction","target":["https:\/\/www.metrica.it\/es\/producto\/camaras-termograficas-de-la-serie-pro\/"]}]},{"@type":"ImageObject","inLanguage":"es","@id":"https:\/\/www.metrica.it\/es\/producto\/camaras-termograficas-de-la-serie-pro\/#primaryimage","url":"https:\/\/www.metrica.it\/wp-content\/uploads\/2025\/02\/60435.jpg","contentUrl":"https:\/\/www.metrica.it\/wp-content\/uploads\/2025\/02\/60435.jpg","width":1200,"height":1200},{"@type":"BreadcrumbList","@id":"https:\/\/www.metrica.it\/es\/producto\/camaras-termograficas-de-la-serie-pro\/#breadcrumb","itemListElement":[{"@type":"ListItem","position":1,"name":"Home","item":"https:\/\/www.metrica.it\/es\/"},{"@type":"ListItem","position":2,"name":"Cat\u00e1logo","item":"https:\/\/www.metrica.it\/es\/catalogo-es\/"},{"@type":"ListItem","position":3,"name":"C\u00c1MARAS TERMOGR\u00c1FICAS DE LA SERIE PRO"}]},{"@type":"WebSite","@id":"https:\/\/www.metrica.it\/es\/#website","url":"https:\/\/www.metrica.it\/es\/","name":"Metrica","description":"Made to measure","potentialAction":[{"@type":"SearchAction","target":{"@type":"EntryPoint","urlTemplate":"https:\/\/www.metrica.it\/es\/?s={search_term_string}"},"query-input":{"@type":"PropertyValueSpecification","valueRequired":true,"valueName":"search_term_string"}}],"inLanguage":"es"}]}},"meta_box":{"awr_documentation":[],"awr_manuale":[],"awr_scheda_tecnica":"","awr_youtube_video":"https:\/\/www.youtube.com\/embed\/IHfZoNTp4Y4","awr_classe_prodotto":"","awr_customize_product":"0","awr_custom_image":false,"awr_related_products":[{"awr_product_references":"ref:60435|ean:8001066604357|pack:1"},{"awr_product_references":"ref:60365|ean:8001066603657|pack:1"},{"awr_product_references":"ref:60366|ean:8001066603664|pack:1"},{"awr_product_references":"ref:60368|ean:8001066603688|pack:1"}],"awr_consumabili":"","awr_alternativi":"","awr_aliases":"60435,60365,60366,60368","awr_skuid":"60435-it"},"_links":{"self":[{"href":"https:\/\/www.metrica.it\/es\/wp-json\/wp\/v2\/product\/157376","targetHints":{"allow":["GET"]}}],"collection":[{"href":"https:\/\/www.metrica.it\/es\/wp-json\/wp\/v2\/product"}],"about":[{"href":"https:\/\/www.metrica.it\/es\/wp-json\/wp\/v2\/types\/product"}],"wp:featuredmedia":[{"embeddable":true,"href":"https:\/\/www.metrica.it\/es\/wp-json\/wp\/v2\/media\/157369"}],"wp:attachment":[{"href":"https:\/\/www.metrica.it\/es\/wp-json\/wp\/v2\/media?parent=157376"}],"wp:term":[{"taxonomy":"product_cat","embeddable":true,"href":"https:\/\/www.metrica.it\/es\/wp-json\/wp\/v2\/product_cat?post=157376"},{"taxonomy":"product_tag","embeddable":true,"href":"https:\/\/www.metrica.it\/es\/wp-json\/wp\/v2\/product_tag?post=157376"}],"curies":[{"name":"wp","href":"https:\/\/api.w.org\/{rel}","templated":true}]}}