{"id":157401,"date":"2025-02-23T12:10:51","date_gmt":"2025-02-23T11:10:51","guid":{"rendered":"https:\/\/www.metrica.it\/prodotto\/pinza-amperimetrica-flir-cm276\/"},"modified":"2025-02-23T12:11:12","modified_gmt":"2025-02-23T11:11:12","slug":"pinza-amperimetrica-flir-cm276","status":"publish","type":"product","link":"https:\/\/www.metrica.it\/es\/producto\/pinza-amperimetrica-flir-cm276\/","title":{"rendered":"PINZA AMPERIM\u00c9TRICA FLIR CM276"},"content":{"rendered":"<ul>\n<li>Im\u00e1genes t\u00e9rmicas con IGM a 19.200 p\u00edxeles<\/li>\n<li>Con IGM\u2122 (medici\u00f3n guiada por infrarrojos) y MSX\u00ae (imagen din\u00e1mica multiespectral) para la mejora de la imagen<\/li>\n<li>CAT III 1.000 V, CAT IV 600 V<\/li>\n<li>Valores TRMS<\/li>\n<li>Rango de medici\u00f3n IR de -10 a +300 \u00b0C<\/li>\n<li>Bluetooth<\/li>\n<li>Pantalla gr\u00e1fica TFT en color de 2,4 pulgadas<\/li>\n<li>Protecci\u00f3n contra ca\u00eddas: 2 m<\/li>\n<\/ul>\n","protected":false},"excerpt":{"rendered":"<p>Im\u00e1genes t\u00e9rmicas con IGM a 19.200 p\u00edxeles <br \/>Con IGM\u2122 (medici\u00f3n guiada por infrarrojos) y MSX\u00ae (imagen din\u00e1mica multiespectral) para la mejora de la imagen <br \/>CAT III 1.000 V, CAT IV 600 V <br \/>Valores TRMS <br \/>Rango de medici\u00f3n IR de -10 a +300 \u00b0C <br \/>Bluetooth <br \/>Pantalla gr\u00e1fica TFT en color de 2,4 pulgadas <br \/>Protecci\u00f3n contra ca\u00eddas: 2 m <\/p>\n","protected":false},"featured_media":157393,"template":"","meta":[],"product_cat":[517,544],"product_tag":[],"class_list":{"0":"post-157401","1":"product","2":"type-product","3":"status-publish","4":"has-post-thumbnail","6":"product_cat-laser-y-termocamaras","7":"product_cat-termocamaras","9":"first","10":"instock","11":"sold-individually","12":"product-type-simple"},"yoast_head":"<title>PINZA AMPERIM\u00c9TRICA FLIR CM276 - Metrica<\/title>\n<meta name=\"robots\" content=\"index, follow, max-snippet:-1, max-image-preview:large, max-video-preview:-1\" \/>\n<link rel=\"canonical\" href=\"https:\/\/www.metrica.it\/es\/producto\/pinza-amperimetrica-flir-cm276\/\" \/>\n<meta property=\"og:locale\" content=\"es_ES\" \/>\n<meta property=\"og:type\" content=\"article\" \/>\n<meta property=\"og:title\" content=\"PINZA AMPERIM\u00c9TRICA FLIR CM276 - Metrica\" \/>\n<meta property=\"og:description\" content=\"Im\u00e1genes t\u00e9rmicas con IGM a 19.200 p\u00edxeles Con IGM\u2122 (medici\u00f3n guiada por infrarrojos) y MSX\u00ae (imagen din\u00e1mica multiespectral) para la mejora de la imagen CAT III 1.000 V, CAT IV 600 V Valores TRMS Rango de medici\u00f3n IR de -10 a +300 \u00b0C Bluetooth Pantalla gr\u00e1fica TFT en color de 2,4 pulgadas Protecci\u00f3n contra ca\u00eddas: 2 m\" \/>\n<meta property=\"og:url\" content=\"https:\/\/www.metrica.it\/es\/producto\/pinza-amperimetrica-flir-cm276\/\" \/>\n<meta property=\"og:site_name\" content=\"Metrica\" \/>\n<meta property=\"article:modified_time\" content=\"2025-02-23T11:11:12+00:00\" \/>\n<meta property=\"og:image\" content=\"https:\/\/www.metrica.it\/wp-content\/uploads\/2025\/02\/70813.jpg\" \/>\n\t<meta property=\"og:image:width\" content=\"1200\" \/>\n\t<meta property=\"og:image:height\" content=\"1200\" \/>\n\t<meta property=\"og:image:type\" content=\"image\/jpeg\" \/>\n<meta name=\"twitter:card\" content=\"summary_large_image\" \/>\n<script type=\"application\/ld+json\" class=\"yoast-schema-graph\">{\"@context\":\"https:\\\/\\\/schema.org\",\"@graph\":[{\"@type\":\"WebPage\",\"@id\":\"https:\\\/\\\/www.metrica.it\\\/es\\\/producto\\\/pinza-amperimetrica-flir-cm276\\\/\",\"url\":\"https:\\\/\\\/www.metrica.it\\\/es\\\/producto\\\/pinza-amperimetrica-flir-cm276\\\/\",\"name\":\"PINZA AMPERIM\u00c9TRICA FLIR CM276 - Metrica\",\"isPartOf\":{\"@id\":\"https:\\\/\\\/www.metrica.it\\\/es\\\/#website\"},\"primaryImageOfPage\":{\"@id\":\"https:\\\/\\\/www.metrica.it\\\/es\\\/producto\\\/pinza-amperimetrica-flir-cm276\\\/#primaryimage\"},\"image\":{\"@id\":\"https:\\\/\\\/www.metrica.it\\\/es\\\/producto\\\/pinza-amperimetrica-flir-cm276\\\/#primaryimage\"},\"thumbnailUrl\":\"https:\\\/\\\/www.metrica.it\\\/wp-content\\\/uploads\\\/2025\\\/02\\\/70813.jpg\",\"datePublished\":\"2025-02-23T11:10:51+00:00\",\"dateModified\":\"2025-02-23T11:11:12+00:00\",\"breadcrumb\":{\"@id\":\"https:\\\/\\\/www.metrica.it\\\/es\\\/producto\\\/pinza-amperimetrica-flir-cm276\\\/#breadcrumb\"},\"inLanguage\":\"es\",\"potentialAction\":[{\"@type\":\"ReadAction\",\"target\":[\"https:\\\/\\\/www.metrica.it\\\/es\\\/producto\\\/pinza-amperimetrica-flir-cm276\\\/\"]}]},{\"@type\":\"ImageObject\",\"inLanguage\":\"es\",\"@id\":\"https:\\\/\\\/www.metrica.it\\\/es\\\/producto\\\/pinza-amperimetrica-flir-cm276\\\/#primaryimage\",\"url\":\"https:\\\/\\\/www.metrica.it\\\/wp-content\\\/uploads\\\/2025\\\/02\\\/70813.jpg\",\"contentUrl\":\"https:\\\/\\\/www.metrica.it\\\/wp-content\\\/uploads\\\/2025\\\/02\\\/70813.jpg\",\"width\":1200,\"height\":1200},{\"@type\":\"BreadcrumbList\",\"@id\":\"https:\\\/\\\/www.metrica.it\\\/es\\\/producto\\\/pinza-amperimetrica-flir-cm276\\\/#breadcrumb\",\"itemListElement\":[{\"@type\":\"ListItem\",\"position\":1,\"name\":\"Home\",\"item\":\"https:\\\/\\\/www.metrica.it\\\/es\\\/\"},{\"@type\":\"ListItem\",\"position\":2,\"name\":\"Cat\u00e1logo\",\"item\":\"https:\\\/\\\/www.metrica.it\\\/es\\\/catalogo-es\\\/\"},{\"@type\":\"ListItem\",\"position\":3,\"name\":\"PINZA AMPERIM\u00c9TRICA FLIR CM276\"}]},{\"@type\":\"WebSite\",\"@id\":\"https:\\\/\\\/www.metrica.it\\\/es\\\/#website\",\"url\":\"https:\\\/\\\/www.metrica.it\\\/es\\\/\",\"name\":\"Metrica\",\"description\":\"Made to measure\",\"potentialAction\":[{\"@type\":\"SearchAction\",\"target\":{\"@type\":\"EntryPoint\",\"urlTemplate\":\"https:\\\/\\\/www.metrica.it\\\/es\\\/?s={search_term_string}\"},\"query-input\":{\"@type\":\"PropertyValueSpecification\",\"valueRequired\":true,\"valueName\":\"search_term_string\"}}],\"inLanguage\":\"es\"}]}<\/script>","yoast_head_json":{"title":"PINZA AMPERIM\u00c9TRICA FLIR CM276 - Metrica","robots":{"index":"index","follow":"follow","max-snippet":"max-snippet:-1","max-image-preview":"max-image-preview:large","max-video-preview":"max-video-preview:-1"},"canonical":"https:\/\/www.metrica.it\/es\/producto\/pinza-amperimetrica-flir-cm276\/","og_locale":"es_ES","og_type":"article","og_title":"PINZA AMPERIM\u00c9TRICA FLIR CM276 - Metrica","og_description":"Im\u00e1genes t\u00e9rmicas con IGM a 19.200 p\u00edxeles Con IGM\u2122 (medici\u00f3n guiada por infrarrojos) y MSX\u00ae (imagen din\u00e1mica multiespectral) para la mejora de la imagen CAT III 1.000 V, CAT IV 600 V Valores TRMS Rango de medici\u00f3n IR de -10 a +300 \u00b0C Bluetooth Pantalla gr\u00e1fica TFT en color de 2,4 pulgadas Protecci\u00f3n contra ca\u00eddas: 2 m","og_url":"https:\/\/www.metrica.it\/es\/producto\/pinza-amperimetrica-flir-cm276\/","og_site_name":"Metrica","article_modified_time":"2025-02-23T11:11:12+00:00","og_image":[{"width":1200,"height":1200,"url":"https:\/\/www.metrica.it\/wp-content\/uploads\/2025\/02\/70813.jpg","type":"image\/jpeg"}],"twitter_card":"summary_large_image","schema":{"@context":"https:\/\/schema.org","@graph":[{"@type":"WebPage","@id":"https:\/\/www.metrica.it\/es\/producto\/pinza-amperimetrica-flir-cm276\/","url":"https:\/\/www.metrica.it\/es\/producto\/pinza-amperimetrica-flir-cm276\/","name":"PINZA AMPERIM\u00c9TRICA FLIR CM276 - Metrica","isPartOf":{"@id":"https:\/\/www.metrica.it\/es\/#website"},"primaryImageOfPage":{"@id":"https:\/\/www.metrica.it\/es\/producto\/pinza-amperimetrica-flir-cm276\/#primaryimage"},"image":{"@id":"https:\/\/www.metrica.it\/es\/producto\/pinza-amperimetrica-flir-cm276\/#primaryimage"},"thumbnailUrl":"https:\/\/www.metrica.it\/wp-content\/uploads\/2025\/02\/70813.jpg","datePublished":"2025-02-23T11:10:51+00:00","dateModified":"2025-02-23T11:11:12+00:00","breadcrumb":{"@id":"https:\/\/www.metrica.it\/es\/producto\/pinza-amperimetrica-flir-cm276\/#breadcrumb"},"inLanguage":"es","potentialAction":[{"@type":"ReadAction","target":["https:\/\/www.metrica.it\/es\/producto\/pinza-amperimetrica-flir-cm276\/"]}]},{"@type":"ImageObject","inLanguage":"es","@id":"https:\/\/www.metrica.it\/es\/producto\/pinza-amperimetrica-flir-cm276\/#primaryimage","url":"https:\/\/www.metrica.it\/wp-content\/uploads\/2025\/02\/70813.jpg","contentUrl":"https:\/\/www.metrica.it\/wp-content\/uploads\/2025\/02\/70813.jpg","width":1200,"height":1200},{"@type":"BreadcrumbList","@id":"https:\/\/www.metrica.it\/es\/producto\/pinza-amperimetrica-flir-cm276\/#breadcrumb","itemListElement":[{"@type":"ListItem","position":1,"name":"Home","item":"https:\/\/www.metrica.it\/es\/"},{"@type":"ListItem","position":2,"name":"Cat\u00e1logo","item":"https:\/\/www.metrica.it\/es\/catalogo-es\/"},{"@type":"ListItem","position":3,"name":"PINZA AMPERIM\u00c9TRICA FLIR CM276"}]},{"@type":"WebSite","@id":"https:\/\/www.metrica.it\/es\/#website","url":"https:\/\/www.metrica.it\/es\/","name":"Metrica","description":"Made to measure","potentialAction":[{"@type":"SearchAction","target":{"@type":"EntryPoint","urlTemplate":"https:\/\/www.metrica.it\/es\/?s={search_term_string}"},"query-input":{"@type":"PropertyValueSpecification","valueRequired":true,"valueName":"search_term_string"}}],"inLanguage":"es"}]}},"meta_box":{"awr_documentation":[],"awr_manuale":[],"awr_scheda_tecnica":"","awr_youtube_video":"","awr_classe_prodotto":"","awr_customize_product":"0","awr_custom_image":false,"awr_related_products":[{"awr_product_references":"ref:70813|ean:8001066708130|pack:1"}],"awr_consumabili":"","awr_alternativi":"","awr_aliases":"70813","awr_skuid":"70813-it"},"_links":{"self":[{"href":"https:\/\/www.metrica.it\/es\/wp-json\/wp\/v2\/product\/157401","targetHints":{"allow":["GET"]}}],"collection":[{"href":"https:\/\/www.metrica.it\/es\/wp-json\/wp\/v2\/product"}],"about":[{"href":"https:\/\/www.metrica.it\/es\/wp-json\/wp\/v2\/types\/product"}],"wp:featuredmedia":[{"embeddable":true,"href":"https:\/\/www.metrica.it\/es\/wp-json\/wp\/v2\/media\/157393"}],"wp:attachment":[{"href":"https:\/\/www.metrica.it\/es\/wp-json\/wp\/v2\/media?parent=157401"}],"wp:term":[{"taxonomy":"product_cat","embeddable":true,"href":"https:\/\/www.metrica.it\/es\/wp-json\/wp\/v2\/product_cat?post=157401"},{"taxonomy":"product_tag","embeddable":true,"href":"https:\/\/www.metrica.it\/es\/wp-json\/wp\/v2\/product_tag?post=157401"}],"curies":[{"name":"wp","href":"https:\/\/api.w.org\/{rel}","templated":true}]}}